{"id":10488,"date":"2019-10-24T11:29:20","date_gmt":"2019-10-24T10:29:20","guid":{"rendered":"https:\/\/turbovac.nl\/markte\/sous-vide-cooking\/"},"modified":"2020-05-31T15:57:31","modified_gmt":"2020-05-31T14:57:31","slug":"sous-vide-kochen","status":"publish","type":"page","link":"https:\/\/turbovac.nl\/de\/markte\/sous-vide-kochen\/","title":{"rendered":"Sous-vide Kochen"},"content":{"rendered":"<p>[vc_row type=&#8220;full_width_content&#8220; bg_image=&#8220;2610&#8243; top_padding=&#8220;0&#8243;][vc_column width=&#8220;1\/2&#8243; background_image=&#8220;4129&#8243;][vc_column_text]<br \/>\n[\/vc_column_text][\/vc_column][vc_column width=&#8220;1\/2&#8243; column_padding=&#8220;4%&#8220; background_color=&#8220;#f2f2f2&#8243; css=&#8220;.vc_custom_1570452007389{background-color: #f8f8f8 !important;}&#8220;][vc_empty_space height=&#8220;100&#8243;][vc_custom_heading text=&#8220;Vakuumverpackung<br \/>\nf\u00fcr Sous-vide Kochen&#8220; font_container=&#8220;tag:h1|font_size:48px|text_align:left|color:%23444444|line_height:56px&#8220; google_fonts=&#8220;font_family:Open%20Sans%3A300%2C300italic%2Cregular%2Citalic%2C600%2C600italic%2C700%2C700italic%2C800%2C800italic|font_style:700%20bold%20regular%3A700%3Anormal&#8220;][vc_custom_heading text=&#8220;Niedertemperatur-Vakuumgaren, was den Geschmack einschlie\u00dft&#8220; font_container=&#8220;tag:h2|font_size:34px|text_align:left|color:%23444444|line_height:44px&#8220; google_fonts=&#8220;font_family:Raleway%3A100%2C200%2C300%2Cregular%2C500%2C600%2C700%2C800%2C900|font_style:300%20light%20regular%3A300%3Anormal&#8220;][vc_empty_space][vc_column_text]Sous-vide Kochen &#8211; ein franz\u00f6sischer Begriff, was langsames Kochen unter Vakuum bedeutet, r\u00fcckt von den Michelin-Sterne-Restaurants in den Mainstream. Die Idee hinter der revolution\u00e4ren Technik ist einfach: Keinen, der in den Speisen enthaltenen Aromas\u00e4fte verdunsten oder auslaufen lassen. Beim Sous-Vide-Garen werden die Lebensmittel in einem versiegelten Beutel bei niedriger Temperatur lange Zeit gegart. Henkovac bietet eine komplette Reihe von Vakuumverpackungsmaschinen an, die die bestm\u00f6glichen Ergebnisse beim Sous-vide-Garen gew\u00e4hrleisten.[\/vc_column_text][vc_empty_space height=&#8220;100&#8243;][\/vc_column][\/vc_row][vc_row type=&#8220;full_width_content&#8220; bg_image=&#8220;2610&#8243;][vc_column width=&#8220;1\/2&#8243; background_color=&#8220;#f8f8f8&#8243; css=&#8220;.vc_custom_1570451273977{background-color: #f8f8f8 !important;}&#8220;][vc_row_inner][vc_column_inner width=&#8220;1\/3&#8243;][\/vc_column_inner][vc_column_inner width=&#8220;2\/3&#8243;][vc_empty_space height=&#8220;250&#8243;][list icon=&#8220;steadysets-icon-checkmark&#8220;][list_item title=&#8220;Vakuumkammern leicht zu reinigen, runde Ecken.&#8220;][list_item title=&#8220;Intuitive digitale Steuereinheit.&#8220;][list_item title=&#8220;Leicht entfernbare Dichtungsbalken und Silikonst\u00e4be.&#8220;][list_item title=&#8220;Transparente Produktpaletten f\u00fcr die richtige Wahl.&#8220;][\/list][vc_empty_space height=&#8220;400&#8243;][\/vc_column_inner][\/vc_row_inner][\/vc_column][vc_column width=&#8220;1\/2&#8243; background_image=&#8220;4134&#8243; offset=&#8220;vc_hidden-sm vc_hidden-xs&#8220;][vc_column_text]<br \/>\n[\/vc_column_text][\/vc_column][\/vc_row][vc_row type=&#8220;full_width_content&#8220; bg_image=&#8220;2610&#8243; top_padding=&#8220;0&#8243;][vc_column width=&#8220;1\/2&#8243; centered_cont=&#8220;true&#8220; background_image=&#8220;4140&#8243;][vc_column_text]<br \/>\n[\/vc_column_text][\/vc_column][vc_column width=&#8220;1\/2&#8243; column_padding=&#8220;4%&#8220; background_color=&#8220;#f8f8f8&#8243; css=&#8220;.vc_custom_1429527138109{background-color: #f8f8f8 !important;}&#8220;][vc_empty_space height=&#8220;100&#8243;][vc_custom_heading text=&#8220;Hygienische, leicht zu reinigende Vakuumkammern&#8230;&#8220;][vc_empty_space][vc_column_text]Alle Modelle haben hygienische, leicht zu reinigende Vakuumkammern, leicht abnehmbare Siegelbalken und Silikonschienen zur einfachen Reinigung. Die intuitive digitale Steuereinheit erkennt automatisch das optimale Vakuumniveau f\u00fcr Produkte mit hohem Feuchtigkeitsgehalt und verhindert, dass Feuchtigkeit aus dem Produkt verdunstet.<\/p>\n<p>Mit einem ausgeglichenem, auf Wartungsfreundlichkeit ausgerichteten Redesign setzt Turbovac wieder einmal den neuen Ma\u00dfstab f\u00fcr Qualit\u00e4t und Design in der Branche.[\/vc_column_text][vc_empty_space height=&#8220;100&#8243;][\/vc_column][\/vc_row][vc_row type=&#8220;full_width_background&#8220; bg_color=&#8220;#f9f9f9&#8243;][vc_column][vc_column_text]<\/p>\n<h2 style=\"text-align: center;\">\u00c4hnliche Produkte<\/h2>\n<p>[\/vc_column_text][vc_empty_space][vc_row_inner el_class=&#8220;kolomOver&#8220;][vc_column_inner width=&#8220;1\/4&#8243; background_color=&#8220;#ffffff&#8220; el_class=&#8220;kolomOver&#8220;][\/vc_column_inner][vc_column_inner width=&#8220;1\/4&#8243; el_class=&#8220;kolomOver&#8220;][vc_single_image image=&#8220;7426&#8243; img_size=&#8220;full&#8220; alignment=&#8220;center&#8220; onclick=&#8220;custom_link&#8220; link=&#8220;https:\/\/turbovac.nl\/de\/vakuummaschinen\/tischgerate-modelle\/&#8220;][vc_custom_heading text=&#8220;TISCHGER\u00c4TE MODELLE&#8220; font_container=&#8220;tag:h2|font_size:14|text_align:center|line_height:1.1&#8243; use_theme_fonts=&#8220;yes&#8220; link=&#8220;|||&#8220;][vc_column_text]<\/p>\n<p style=\"text-align: center;\"><span style=\"color: #d20037;\"><a style=\"color: #d20037;\" href=\"https:\/\/turbovac.nl\/de\/vakuummaschinen\/tischgerate-modelle\/tischgerate-s20\/\">S20<\/a> &#8211; <a style=\"color: #d20037;\" href=\"https:\/\/turbovac.nl\/de\/vakuummaschinen\/tischgerate-modelle\/tischgerate-s30\/\">S30<\/a> &#8211;<a style=\"color: #d20037;\" href=\"https:\/\/turbovac.nl\/de\/vakuummaschinen\/tischgerate-modelle\/tischgerate-s40\/\">S40<\/a> &#8211; <a style=\"color: #d20037;\" href=\"https:\/\/turbovac.nl\/de\/vakuummaschinen\/tischgerate-modelle\/tischgerate-s50\/\">S50<\/a> &#8211; <a style=\"color: #d20037;\" href=\"https:\/\/turbovac.nl\/de\/vakuummaschinen\/tischgerate-modelle\/tischgerate-s60\/\">S60<\/a><\/span><\/p>\n<p>[\/vc_column_text][\/vc_column_inner][vc_column_inner width=&#8220;1\/4&#8243; el_class=&#8220;kolomOver&#8220;][vc_single_image image=&#8220;7452&#8243; img_size=&#8220;full&#8220; alignment=&#8220;center&#8220; onclick=&#8220;custom_link&#8220; link=&#8220;https:\/\/turbovac.nl\/de\/vakuummaschinen\/fahrbare-modelle\/&#8220;][vc_custom_heading text=&#8220;FAHRBARE MODELLE&#8220; font_container=&#8220;tag:h2|font_size:14|text_align:center|line_height:1.1&#8243; use_theme_fonts=&#8220;yes&#8220;][vc_column_text]<\/p>\n<p style=\"text-align: center;\"><span style=\"color: #d20037;\"><a style=\"color: #d20037;\" href=\"https:\/\/turbovac.nl\/de\/vakuummaschinen\/fahrbare-modelle\/fahrbare-m10\/\">M10<\/a>\u00a0 &#8211; <a style=\"color: #d20037;\" href=\"https:\/\/turbovac.nl\/de\/vakuummaschinen\/fahrbare-modelle\/fahrbare-m20\/\">M20<\/a> &#8211; <a style=\"color: #d20037;\" href=\"https:\/\/turbovac.nl\/de\/vakuummaschinen\/fahrbare-modelle\/fahrbare-m30\/\">M30<\/a> &#8211; <a style=\"color: #d20037;\" href=\"https:\/\/turbovac.nl\/de\/vakuummaschinen\/fahrbare-modelle\/fahrbare-m40\/\">M40<\/a> &#8211; <a style=\"color: #d20037;\" href=\"https:\/\/turbovac.nl\/de\/vakuummaschinen\/fahrbare-modelle\/fahrbare-m50\/\">M50<\/a> &#8211; <a style=\"color: #d20037;\" href=\"https:\/\/turbovac.nl\/de\/vakuummaschinen\/fahrbare-modelle\/fahrbare-m60\/\">M60<\/a> &#8211; <a style=\"color: #d20037;\" href=\"https:\/\/turbovac.nl\/de\/vakuummaschinen\/fahrbare-modelle\/fahrbare-m70\/\">M70<\/a> &#8211; <a style=\"color: #d20037;\" href=\"https:\/\/turbovac.nl\/de\/vakuummaschinen\/fahrbare-modelle\/fahrbare-m80\/\">M80<\/a><\/span><\/p>\n<p>[\/vc_column_text][\/vc_column_inner][vc_column_inner width=&#8220;1\/4&#8243;][\/vc_column_inner][\/vc_row_inner][\/vc_column][\/vc_row][vc_row type=&#8220;full_width_background&#8220; class=&#8220;kolomOver&#8220;][vc_column width=&#8220;1\/3&#8243; el_class=&#8220;kolomOver&#8220;][services_medium title=&#8220;FLEISCHINDUSTRIE&#8220; style=&#8220;style_3&#8243; icon=&#8220;steadysets-icon-bones&#8220; icon_color=&#8220;#d20037&#8243; border_color=&#8220;#d20037&#8243; dynamic_content_link=&#8220;https:\/\/turbovac.nl\/de\/markte\/fleischverarbeitungsindustrie\/&#8220;]Hochwertige Verpackungen zur Verbesserung.[\/services_medium][\/vc_column][vc_column width=&#8220;1\/3&#8243; el_class=&#8220;kolomOver&#8220;][services_medium title=&#8220;LEBENSMITTELVERARBEITUNG&#8220; style=&#8220;style_3&#8243; icon=&#8220;linecon-icon-food&#8220; icon_color=&#8220;#d20037&#8243; border_color=&#8220;#d20037&#8243; dynamic_content_link=&#8220;https:\/\/turbovac.nl\/de\/markte\/lebensmittelverarbeitungsindustrie\/&#8220;]Optimalisierung und Flexibilit\u00e4t in allen Arten der Lebensmittelverarbeitung.[\/services_medium][\/vc_column][vc_column width=&#8220;1\/3&#8243; el_class=&#8220;kolomOver&#8220;][services_medium title=&#8220;NON-FOOD-INDUSTRIE&#8220; style=&#8220;style_3&#8243; icon=&#8220;steadysets-icon-lab&#8220; icon_color=&#8220;#d20037&#8243; border_color=&#8220;#d20037&#8243; dynamic_content_link=&#8220;https:\/\/turbovac.nl\/de\/markte\/non-food-industrie\/&#8220;]Optimaler Schutz gegen Schmutz, Staub und Feuchtigkeit.[\/services_medium][\/vc_column][\/vc_row][vc_row type=&#8220;full_width_content&#8220;][vc_column background_color=&#8220;#75001f&#8220;][vc_empty_space][vc_custom_heading text=&#8220;CAPTURE QUALITY&#8220; font_container=&#8220;tag:h2|font_size:35|text_align:center|color:%23ffffff|line_height:1.25&#8243; use_theme_fonts=&#8220;yes&#8220;][vc_empty_space][\/vc_column][\/vc_row]<\/p>\n","protected":false},"excerpt":{"rendered":"<p>[vc_row type=&#8220;full_width_content&#8220; bg_image=&#8220;2610&#8243; top_padding=&#8220;0&#8243;][vc_column width=&#8220;1\/2&#8243; background_image=&#8220;4129&#8243;][vc_column_text] [\/vc_column_text][\/vc_column][vc_column width=&#8220;1\/2&#8243; column_padding=&#8220;4%&#8220; background_color=&#8220;#f2f2f2&#8243; css=&#8220;.vc_custom_1570452007389{background-color: #f8f8f8 !important;}&#8220;][vc_empty_space height=&#8220;100&#8243;][vc_custom_heading text=&#8220;Vakuumverpackung f\u00fcr Sous-vide Kochen&#8220; font_container=&#8220;tag:h1|font_size:48px|text_align:left|color:%23444444|line_height:56px&#8220; google_fonts=&#8220;font_family:Open%20Sans%3A300%2C300italic%2Cregular%2Citalic%2C600%2C600italic%2C700%2C700italic%2C800%2C800italic|font_style:700%20bold%20regular%3A700%3Anormal&#8220;][vc_custom_heading text=&#8220;Niedertemperatur-Vakuumgaren, was den Geschmack einschlie\u00dft&#8220; font_container=&#8220;tag:h2|font_size:34px|text_align:left|color:%23444444|line_height:44px&#8220; google_fonts=&#8220;font_family:Raleway%3A100%2C200%2C300%2Cregular%2C500%2C600%2C700%2C800%2C900|font_style:300%20light%20regular%3A300%3Anormal&#8220;][vc_empty_space][vc_column_text]Sous-vide Kochen &#8211; ein franz\u00f6sischer Begriff, was langsames Kochen unter Vakuum bedeutet, r\u00fcckt von den Michelin-Sterne-Restaurants in den Mainstream. Die Idee hinter der revolution\u00e4ren Technik ist einfach: Keinen, der [&hellip;]<\/p>\n","protected":false},"author":6,"featured_media":3902,"parent":10460,"menu_order":0,"comment_status":"closed","ping_status":"closed","template":"","meta":{"_monsterinsights_skip_tracking":false,"_monsterinsights_sitenote_active":false,"_monsterinsights_sitenote_note":"","_monsterinsights_sitenote_category":0,"footnotes":""},"class_list":["post-10488","page","type-page","status-publish","has-post-thumbnail","hentry"],"yoast_head":"<!-- This site is optimized with the Yoast SEO plugin v22.7 - https:\/\/yoast.com\/wordpress\/plugins\/seo\/ -->\n<title>Vakuumverpackung f\u00fcr Sous-vide Cooking | Turbovac<\/title>\n<meta name=\"description\" content=\"Turbovac bietet ein komplettes Sortiment an Vakuumverpackungsmaschinen, die die bestm\u00f6glichen Ergebnisse beim Sous-vide Kochen gew\u00e4hrleisten.\" \/>\n<meta name=\"robots\" content=\"index, follow, max-snippet:-1, max-image-preview:large, max-video-preview:-1\" \/>\n<link rel=\"canonical\" href=\"https:\/\/turbovac.nl\/de\/markte\/sous-vide-kochen\/\" \/>\n<meta property=\"og:locale\" content=\"de_DE\" \/>\n<meta property=\"og:type\" content=\"article\" \/>\n<meta property=\"og:title\" content=\"Vakuumverpackung f\u00fcr Sous-vide Cooking | Turbovac\" \/>\n<meta property=\"og:description\" content=\"Turbovac bietet ein komplettes Sortiment an Vakuumverpackungsmaschinen, die die bestm\u00f6glichen Ergebnisse beim Sous-vide Kochen gew\u00e4hrleisten.\" \/>\n<meta property=\"og:url\" content=\"https:\/\/turbovac.nl\/de\/markte\/sous-vide-kochen\/\" \/>\n<meta property=\"og:site_name\" content=\"TURBOVAC\" \/>\n<meta property=\"article:modified_time\" content=\"2020-05-31T14:57:31+00:00\" \/>\n<meta property=\"og:image\" content=\"https:\/\/turbovac.nl\/wp-content\/uploads\/2019\/10\/TT-zoom3940-1.jpg\" \/>\n\t<meta property=\"og:image:width\" content=\"1000\" \/>\n\t<meta property=\"og:image:height\" content=\"1064\" \/>\n\t<meta property=\"og:image:type\" content=\"image\/jpeg\" \/>\n<meta name=\"twitter:card\" content=\"summary_large_image\" \/>\n<meta name=\"twitter:label1\" content=\"Gesch\u00e4tzte Lesezeit\" \/>\n\t<meta name=\"twitter:data1\" content=\"4\u00a0Minuten\" \/>\n<script type=\"application\/ld+json\" class=\"yoast-schema-graph\">{\"@context\":\"https:\/\/schema.org\",\"@graph\":[{\"@type\":\"WebPage\",\"@id\":\"https:\/\/turbovac.nl\/de\/markte\/sous-vide-kochen\/\",\"url\":\"https:\/\/turbovac.nl\/de\/markte\/sous-vide-kochen\/\",\"name\":\"Vakuumverpackung f\u00fcr Sous-vide Cooking | Turbovac\",\"isPartOf\":{\"@id\":\"https:\/\/turbovac.nl\/#website\"},\"primaryImageOfPage\":{\"@id\":\"https:\/\/turbovac.nl\/de\/markte\/sous-vide-kochen\/#primaryimage\"},\"image\":{\"@id\":\"https:\/\/turbovac.nl\/de\/markte\/sous-vide-kochen\/#primaryimage\"},\"thumbnailUrl\":\"https:\/\/turbovac.nl\/wp-content\/uploads\/2019\/10\/TT-zoom3940-1.jpg\",\"datePublished\":\"2019-10-24T10:29:20+00:00\",\"dateModified\":\"2020-05-31T14:57:31+00:00\",\"description\":\"Turbovac bietet ein komplettes Sortiment an Vakuumverpackungsmaschinen, die die bestm\u00f6glichen Ergebnisse beim Sous-vide Kochen gew\u00e4hrleisten.\",\"breadcrumb\":{\"@id\":\"https:\/\/turbovac.nl\/de\/markte\/sous-vide-kochen\/#breadcrumb\"},\"inLanguage\":\"de\",\"potentialAction\":[{\"@type\":\"ReadAction\",\"target\":[\"https:\/\/turbovac.nl\/de\/markte\/sous-vide-kochen\/\"]}]},{\"@type\":\"ImageObject\",\"inLanguage\":\"de\",\"@id\":\"https:\/\/turbovac.nl\/de\/markte\/sous-vide-kochen\/#primaryimage\",\"url\":\"https:\/\/turbovac.nl\/wp-content\/uploads\/2019\/10\/TT-zoom3940-1.jpg\",\"contentUrl\":\"https:\/\/turbovac.nl\/wp-content\/uploads\/2019\/10\/TT-zoom3940-1.jpg\",\"width\":1000,\"height\":1064,\"caption\":\"Tabletop detail Food processing industry\"},{\"@type\":\"BreadcrumbList\",\"@id\":\"https:\/\/turbovac.nl\/de\/markte\/sous-vide-kochen\/#breadcrumb\",\"itemListElement\":[{\"@type\":\"ListItem\",\"position\":1,\"name\":\"Home\",\"item\":\"https:\/\/turbovac.nl\/de\/\"},{\"@type\":\"ListItem\",\"position\":2,\"name\":\"M\u00e4rkte\",\"item\":\"https:\/\/turbovac.nl\/de\/markte\/\"},{\"@type\":\"ListItem\",\"position\":3,\"name\":\"Sous-vide Kochen\"}]},{\"@type\":\"WebSite\",\"@id\":\"https:\/\/turbovac.nl\/#website\",\"url\":\"https:\/\/turbovac.nl\/\",\"name\":\"TURBOVAC\",\"description\":\"Vacuum Packaging Machines\",\"potentialAction\":[{\"@type\":\"SearchAction\",\"target\":{\"@type\":\"EntryPoint\",\"urlTemplate\":\"https:\/\/turbovac.nl\/?s={search_term_string}\"},\"query-input\":\"required name=search_term_string\"}],\"inLanguage\":\"de\"}]}<\/script>\n<!-- \/ Yoast SEO plugin. -->","yoast_head_json":{"title":"Vakuumverpackung f\u00fcr Sous-vide Cooking | Turbovac","description":"Turbovac bietet ein komplettes Sortiment an Vakuumverpackungsmaschinen, die die bestm\u00f6glichen Ergebnisse beim Sous-vide Kochen gew\u00e4hrleisten.","robots":{"index":"index","follow":"follow","max-snippet":"max-snippet:-1","max-image-preview":"max-image-preview:large","max-video-preview":"max-video-preview:-1"},"canonical":"https:\/\/turbovac.nl\/de\/markte\/sous-vide-kochen\/","og_locale":"de_DE","og_type":"article","og_title":"Vakuumverpackung f\u00fcr Sous-vide Cooking | Turbovac","og_description":"Turbovac bietet ein komplettes Sortiment an Vakuumverpackungsmaschinen, die die bestm\u00f6glichen Ergebnisse beim Sous-vide Kochen gew\u00e4hrleisten.","og_url":"https:\/\/turbovac.nl\/de\/markte\/sous-vide-kochen\/","og_site_name":"TURBOVAC","article_modified_time":"2020-05-31T14:57:31+00:00","og_image":[{"width":1000,"height":1064,"url":"https:\/\/turbovac.nl\/wp-content\/uploads\/2019\/10\/TT-zoom3940-1.jpg","type":"image\/jpeg"}],"twitter_card":"summary_large_image","twitter_misc":{"Gesch\u00e4tzte Lesezeit":"4\u00a0Minuten"},"schema":{"@context":"https:\/\/schema.org","@graph":[{"@type":"WebPage","@id":"https:\/\/turbovac.nl\/de\/markte\/sous-vide-kochen\/","url":"https:\/\/turbovac.nl\/de\/markte\/sous-vide-kochen\/","name":"Vakuumverpackung f\u00fcr Sous-vide Cooking | Turbovac","isPartOf":{"@id":"https:\/\/turbovac.nl\/#website"},"primaryImageOfPage":{"@id":"https:\/\/turbovac.nl\/de\/markte\/sous-vide-kochen\/#primaryimage"},"image":{"@id":"https:\/\/turbovac.nl\/de\/markte\/sous-vide-kochen\/#primaryimage"},"thumbnailUrl":"https:\/\/turbovac.nl\/wp-content\/uploads\/2019\/10\/TT-zoom3940-1.jpg","datePublished":"2019-10-24T10:29:20+00:00","dateModified":"2020-05-31T14:57:31+00:00","description":"Turbovac bietet ein komplettes Sortiment an Vakuumverpackungsmaschinen, die die bestm\u00f6glichen Ergebnisse beim Sous-vide Kochen gew\u00e4hrleisten.","breadcrumb":{"@id":"https:\/\/turbovac.nl\/de\/markte\/sous-vide-kochen\/#breadcrumb"},"inLanguage":"de","potentialAction":[{"@type":"ReadAction","target":["https:\/\/turbovac.nl\/de\/markte\/sous-vide-kochen\/"]}]},{"@type":"ImageObject","inLanguage":"de","@id":"https:\/\/turbovac.nl\/de\/markte\/sous-vide-kochen\/#primaryimage","url":"https:\/\/turbovac.nl\/wp-content\/uploads\/2019\/10\/TT-zoom3940-1.jpg","contentUrl":"https:\/\/turbovac.nl\/wp-content\/uploads\/2019\/10\/TT-zoom3940-1.jpg","width":1000,"height":1064,"caption":"Tabletop detail Food processing industry"},{"@type":"BreadcrumbList","@id":"https:\/\/turbovac.nl\/de\/markte\/sous-vide-kochen\/#breadcrumb","itemListElement":[{"@type":"ListItem","position":1,"name":"Home","item":"https:\/\/turbovac.nl\/de\/"},{"@type":"ListItem","position":2,"name":"M\u00e4rkte","item":"https:\/\/turbovac.nl\/de\/markte\/"},{"@type":"ListItem","position":3,"name":"Sous-vide Kochen"}]},{"@type":"WebSite","@id":"https:\/\/turbovac.nl\/#website","url":"https:\/\/turbovac.nl\/","name":"TURBOVAC","description":"Vacuum Packaging Machines","potentialAction":[{"@type":"SearchAction","target":{"@type":"EntryPoint","urlTemplate":"https:\/\/turbovac.nl\/?s={search_term_string}"},"query-input":"required name=search_term_string"}],"inLanguage":"de"}]}},"_links":{"self":[{"href":"https:\/\/turbovac.nl\/de\/wp-json\/wp\/v2\/pages\/10488","targetHints":{"allow":["GET"]}}],"collection":[{"href":"https:\/\/turbovac.nl\/de\/wp-json\/wp\/v2\/pages"}],"about":[{"href":"https:\/\/turbovac.nl\/de\/wp-json\/wp\/v2\/types\/page"}],"author":[{"embeddable":true,"href":"https:\/\/turbovac.nl\/de\/wp-json\/wp\/v2\/users\/6"}],"replies":[{"embeddable":true,"href":"https:\/\/turbovac.nl\/de\/wp-json\/wp\/v2\/comments?post=10488"}],"version-history":[{"count":5,"href":"https:\/\/turbovac.nl\/de\/wp-json\/wp\/v2\/pages\/10488\/revisions"}],"predecessor-version":[{"id":11045,"href":"https:\/\/turbovac.nl\/de\/wp-json\/wp\/v2\/pages\/10488\/revisions\/11045"}],"up":[{"embeddable":true,"href":"https:\/\/turbovac.nl\/de\/wp-json\/wp\/v2\/pages\/10460"}],"wp:featuredmedia":[{"embeddable":true,"href":"https:\/\/turbovac.nl\/de\/wp-json\/wp\/v2\/media\/3902"}],"wp:attachment":[{"href":"https:\/\/turbovac.nl\/de\/wp-json\/wp\/v2\/media?parent=10488"}],"curies":[{"name":"wp","href":"https:\/\/api.w.org\/{rel}","templated":true}]}}