{"id":10497,"date":"2019-12-12T14:37:59","date_gmt":"2019-12-12T13:37:59","guid":{"rendered":"https:\/\/turbovac.nl\/vakuummaschinen\/"},"modified":"2020-05-29T10:17:59","modified_gmt":"2020-05-29T09:17:59","slug":"vakuummaschinen","status":"publish","type":"page","link":"https:\/\/turbovac.nl\/de\/vakuummaschinen\/","title":{"rendered":"Vakuummaschinen"},"content":{"rendered":"<p>[vc_row type=&#8220;full_width_background&#8220; bg_color=&#8220;#f9f9f9&#8243; class=&#8220;kolomOver&#8220;][vc_column width=&#8220;1\/4&#8243; el_class=&#8220;kolomOver&#8220;][vc_empty_space height=&#8220;20&#8243;][vc_single_image image=&#8220;7431&#8243; img_size=&#8220;full&#8220; alignment=&#8220;center&#8220; onclick=&#8220;custom_link&#8220; link=&#8220;https:\/\/turbovac.nl\/de\/vakuummaschinen\/tischgerate-modelle\/&#8220;][vc_empty_space height=&#8220;10px&#8220;][vc_custom_heading text=&#8220;TISCHGER\u00c4TE<br \/>\nMODELLE&#8220; font_container=&#8220;tag:h2|font_size:24|text_align:center|line_height:1.2&#8243; use_theme_fonts=&#8220;yes&#8220; link=&#8220;url:https%3A%2F%2Fturbovac.nl%2Fde%2Fvakuummaschinen%2Ftischgerate-modelle%2F|title:Tabletop%20Range||&#8220;][\/vc_column][vc_column width=&#8220;1\/4&#8243; el_class=&#8220;kolomOver&#8220;][vc_empty_space height=&#8220;20&#8243;][vc_single_image image=&#8220;8615&#8243; img_size=&#8220;full&#8220; alignment=&#8220;center&#8220; onclick=&#8220;custom_link&#8220; link=&#8220;https:\/\/turbovac.nl\/de\/vakuummaschinen\/tischgerate-modelle-nsf\/&#8220;][vc_empty_space height=&#8220;10px&#8220;][vc_custom_heading text=&#8220;TISCHGER\u00c4TE<br \/>\nMODELLE NSF&#8220; font_container=&#8220;tag:h2|font_size:24|text_align:center|line_height:1.2&#8243; use_theme_fonts=&#8220;yes&#8220; link=&#8220;url:https%3A%2F%2Fturbovac.nl%2Fde%2Fvakuummaschinen%2Ftischgerate-modelle-nsf%2F|title:Tabletop%20NSF%20Range||&#8220;][\/vc_column][vc_column width=&#8220;1\/4&#8243; el_class=&#8220;kolomOver&#8220;][vc_empty_space height=&#8220;20&#8243;][vc_single_image image=&#8220;7452&#8243; img_size=&#8220;full&#8220; alignment=&#8220;center&#8220; onclick=&#8220;custom_link&#8220; link=&#8220;https:\/\/turbovac.nl\/de\/vakuummaschinen\/fahrbare-modelle\/&#8220;][vc_empty_space height=&#8220;10px&#8220;][vc_custom_heading text=&#8220;FAHRBARE<br \/>\nMODELLE&#8220; font_container=&#8220;tag:h2|font_size:24|text_align:center|line_height:1.2&#8243; use_theme_fonts=&#8220;yes&#8220; link=&#8220;url:https%3A%2F%2Fturbovac.nl%2Fde%2Fvakuummaschinen%2Ffahrbare-modelle%2F|title:Mobile%20Range||&#8220;][\/vc_column][vc_column width=&#8220;1\/4&#8243; el_class=&#8220;kolomOver&#8220;][vc_empty_space height=&#8220;20&#8243;][vc_single_image image=&#8220;7488&#8243; img_size=&#8220;full&#8220; alignment=&#8220;center&#8220; onclick=&#8220;custom_link&#8220; link=&#8220;https:\/\/turbovac.nl\/vacuummachines\/double-chamber-range\/&#8220;][vc_empty_space height=&#8220;10px&#8220;][vc_custom_heading text=&#8220;DOPPELKAMMER-MASCHINEN&#8220; font_container=&#8220;tag:h2|font_size:24|text_align:center|line_height:1.2&#8243; use_theme_fonts=&#8220;yes&#8220; link=&#8220;url:https%3A%2F%2Fturbovac.nl%2Fde%2Fvakuummaschinen%2Fdoppelkammermaschinen%2F|title:Double%20Chamber%20Range||&#8220;][\/vc_column][\/vc_row][vc_row type=&#8220;full_width_content&#8220;][vc_column background_color=&#8220;#75001f&#8220;][vc_empty_space][vc_custom_heading text=&#8220;CAPTURE QUALITY&#8220; font_container=&#8220;tag:h2|font_size:35|text_align:center|color:%23ffffff|line_height:1.25&#8243; use_theme_fonts=&#8220;yes&#8220;][vc_empty_space][\/vc_column][\/vc_row]<\/p>\n","protected":false},"excerpt":{"rendered":"<p>[vc_row type=&#8220;full_width_background&#8220; bg_color=&#8220;#f9f9f9&#8243; class=&#8220;kolomOver&#8220;][vc_column width=&#8220;1\/4&#8243; el_class=&#8220;kolomOver&#8220;][vc_empty_space height=&#8220;20&#8243;][vc_single_image image=&#8220;7431&#8243; img_size=&#8220;full&#8220; alignment=&#8220;center&#8220; onclick=&#8220;custom_link&#8220; link=&#8220;https:\/\/turbovac.nl\/de\/vakuummaschinen\/tischgerate-modelle\/&#8220;][vc_empty_space height=&#8220;10px&#8220;][vc_custom_heading text=&#8220;TISCHGER\u00c4TE MODELLE&#8220; font_container=&#8220;tag:h2|font_size:24|text_align:center|line_height:1.2&#8243; use_theme_fonts=&#8220;yes&#8220; link=&#8220;url:https%3A%2F%2Fturbovac.nl%2Fde%2Fvakuummaschinen%2Ftischgerate-modelle%2F|title:Tabletop%20Range||&#8220;][\/vc_column][vc_column width=&#8220;1\/4&#8243; el_class=&#8220;kolomOver&#8220;][vc_empty_space height=&#8220;20&#8243;][vc_single_image image=&#8220;8615&#8243; img_size=&#8220;full&#8220; alignment=&#8220;center&#8220; onclick=&#8220;custom_link&#8220; link=&#8220;https:\/\/turbovac.nl\/de\/vakuummaschinen\/tischgerate-modelle-nsf\/&#8220;][vc_empty_space height=&#8220;10px&#8220;][vc_custom_heading text=&#8220;TISCHGER\u00c4TE MODELLE NSF&#8220; font_container=&#8220;tag:h2|font_size:24|text_align:center|line_height:1.2&#8243; use_theme_fonts=&#8220;yes&#8220; link=&#8220;url:https%3A%2F%2Fturbovac.nl%2Fde%2Fvakuummaschinen%2Ftischgerate-modelle-nsf%2F|title:Tabletop%20NSF%20Range||&#8220;][\/vc_column][vc_column width=&#8220;1\/4&#8243; el_class=&#8220;kolomOver&#8220;][vc_empty_space height=&#8220;20&#8243;][vc_single_image image=&#8220;7452&#8243; img_size=&#8220;full&#8220; alignment=&#8220;center&#8220; onclick=&#8220;custom_link&#8220; link=&#8220;https:\/\/turbovac.nl\/de\/vakuummaschinen\/fahrbare-modelle\/&#8220;][vc_empty_space height=&#8220;10px&#8220;][vc_custom_heading text=&#8220;FAHRBARE MODELLE&#8220; font_container=&#8220;tag:h2|font_size:24|text_align:center|line_height:1.2&#8243; use_theme_fonts=&#8220;yes&#8220; link=&#8220;url:https%3A%2F%2Fturbovac.nl%2Fde%2Fvakuummaschinen%2Ffahrbare-modelle%2F|title:Mobile%20Range||&#8220;][\/vc_column][vc_column width=&#8220;1\/4&#8243; el_class=&#8220;kolomOver&#8220;][vc_empty_space height=&#8220;20&#8243;][vc_single_image image=&#8220;7488&#8243; img_size=&#8220;full&#8220; alignment=&#8220;center&#8220; onclick=&#8220;custom_link&#8220; link=&#8220;https:\/\/turbovac.nl\/vacuummachines\/double-chamber-range\/&#8220;][vc_empty_space [&hellip;]<\/p>\n","protected":false},"author":6,"featured_media":3902,"parent":0,"menu_order":0,"comment_status":"closed","ping_status":"closed","template":"","meta":{"_monsterinsights_skip_tracking":false,"_monsterinsights_sitenote_active":false,"_monsterinsights_sitenote_note":"","_monsterinsights_sitenote_category":0,"footnotes":""},"class_list":["post-10497","page","type-page","status-publish","has-post-thumbnail","hentry"],"yoast_head":"<!-- This site is optimized with the Yoast SEO plugin v22.7 - https:\/\/yoast.com\/wordpress\/plugins\/seo\/ -->\n<title>Vakuummaschinen | Turbovac - Erste Wahl fu\u0308r Fachleute<\/title>\n<meta name=\"description\" content=\"Turbovac verf\u00fcgt \u00fcber eine breite Palette von Vakuummaschinen f\u00fcr die folgenden M\u00e4rkte: Gastronomie, fleisch- und lebensmittelverarbeitende Industrie.\" \/>\n<meta name=\"robots\" content=\"index, follow, max-snippet:-1, max-image-preview:large, max-video-preview:-1\" \/>\n<link rel=\"canonical\" href=\"https:\/\/turbovac.nl\/de\/vakuummaschinen\/\" \/>\n<meta property=\"og:locale\" content=\"de_DE\" \/>\n<meta property=\"og:type\" content=\"article\" \/>\n<meta property=\"og:title\" content=\"Vakuummaschinen | Turbovac - Erste Wahl fu\u0308r Fachleute\" \/>\n<meta property=\"og:description\" content=\"Turbovac verf\u00fcgt \u00fcber eine breite Palette von Vakuummaschinen f\u00fcr die folgenden M\u00e4rkte: Gastronomie, fleisch- und lebensmittelverarbeitende Industrie.\" \/>\n<meta property=\"og:url\" content=\"https:\/\/turbovac.nl\/de\/vakuummaschinen\/\" \/>\n<meta property=\"og:site_name\" content=\"TURBOVAC\" \/>\n<meta property=\"article:modified_time\" content=\"2020-05-29T09:17:59+00:00\" \/>\n<meta property=\"og:image\" content=\"https:\/\/turbovac.nl\/wp-content\/uploads\/2019\/10\/TT-zoom3940-1.jpg\" \/>\n\t<meta property=\"og:image:width\" content=\"1000\" \/>\n\t<meta property=\"og:image:height\" content=\"1064\" \/>\n\t<meta property=\"og:image:type\" content=\"image\/jpeg\" \/>\n<meta name=\"twitter:card\" content=\"summary_large_image\" \/>\n<meta name=\"twitter:label1\" content=\"Gesch\u00e4tzte Lesezeit\" \/>\n\t<meta name=\"twitter:data1\" content=\"2\u00a0Minuten\" \/>\n<script type=\"application\/ld+json\" class=\"yoast-schema-graph\">{\"@context\":\"https:\/\/schema.org\",\"@graph\":[{\"@type\":\"WebPage\",\"@id\":\"https:\/\/turbovac.nl\/de\/vakuummaschinen\/\",\"url\":\"https:\/\/turbovac.nl\/de\/vakuummaschinen\/\",\"name\":\"Vakuummaschinen | Turbovac - Erste Wahl fu\u0308r Fachleute\",\"isPartOf\":{\"@id\":\"https:\/\/turbovac.nl\/#website\"},\"primaryImageOfPage\":{\"@id\":\"https:\/\/turbovac.nl\/de\/vakuummaschinen\/#primaryimage\"},\"image\":{\"@id\":\"https:\/\/turbovac.nl\/de\/vakuummaschinen\/#primaryimage\"},\"thumbnailUrl\":\"https:\/\/turbovac.nl\/wp-content\/uploads\/2019\/10\/TT-zoom3940-1.jpg\",\"datePublished\":\"2019-12-12T13:37:59+00:00\",\"dateModified\":\"2020-05-29T09:17:59+00:00\",\"description\":\"Turbovac verf\u00fcgt \u00fcber eine breite Palette von Vakuummaschinen f\u00fcr die folgenden M\u00e4rkte: Gastronomie, fleisch- und lebensmittelverarbeitende Industrie.\",\"breadcrumb\":{\"@id\":\"https:\/\/turbovac.nl\/de\/vakuummaschinen\/#breadcrumb\"},\"inLanguage\":\"de\",\"potentialAction\":[{\"@type\":\"ReadAction\",\"target\":[\"https:\/\/turbovac.nl\/de\/vakuummaschinen\/\"]}]},{\"@type\":\"ImageObject\",\"inLanguage\":\"de\",\"@id\":\"https:\/\/turbovac.nl\/de\/vakuummaschinen\/#primaryimage\",\"url\":\"https:\/\/turbovac.nl\/wp-content\/uploads\/2019\/10\/TT-zoom3940-1.jpg\",\"contentUrl\":\"https:\/\/turbovac.nl\/wp-content\/uploads\/2019\/10\/TT-zoom3940-1.jpg\",\"width\":1000,\"height\":1064,\"caption\":\"Tabletop detail Food processing industry\"},{\"@type\":\"BreadcrumbList\",\"@id\":\"https:\/\/turbovac.nl\/de\/vakuummaschinen\/#breadcrumb\",\"itemListElement\":[{\"@type\":\"ListItem\",\"position\":1,\"name\":\"Home\",\"item\":\"https:\/\/turbovac.nl\/de\/\"},{\"@type\":\"ListItem\",\"position\":2,\"name\":\"Vakuummaschinen\"}]},{\"@type\":\"WebSite\",\"@id\":\"https:\/\/turbovac.nl\/#website\",\"url\":\"https:\/\/turbovac.nl\/\",\"name\":\"TURBOVAC\",\"description\":\"Vacuum Packaging Machines\",\"potentialAction\":[{\"@type\":\"SearchAction\",\"target\":{\"@type\":\"EntryPoint\",\"urlTemplate\":\"https:\/\/turbovac.nl\/?s={search_term_string}\"},\"query-input\":\"required name=search_term_string\"}],\"inLanguage\":\"de\"}]}<\/script>\n<!-- \/ Yoast SEO plugin. -->","yoast_head_json":{"title":"Vakuummaschinen | Turbovac - Erste Wahl fu\u0308r Fachleute","description":"Turbovac verf\u00fcgt \u00fcber eine breite Palette von Vakuummaschinen f\u00fcr die folgenden M\u00e4rkte: Gastronomie, fleisch- und lebensmittelverarbeitende Industrie.","robots":{"index":"index","follow":"follow","max-snippet":"max-snippet:-1","max-image-preview":"max-image-preview:large","max-video-preview":"max-video-preview:-1"},"canonical":"https:\/\/turbovac.nl\/de\/vakuummaschinen\/","og_locale":"de_DE","og_type":"article","og_title":"Vakuummaschinen | Turbovac - Erste Wahl fu\u0308r Fachleute","og_description":"Turbovac verf\u00fcgt \u00fcber eine breite Palette von Vakuummaschinen f\u00fcr die folgenden M\u00e4rkte: Gastronomie, fleisch- und lebensmittelverarbeitende Industrie.","og_url":"https:\/\/turbovac.nl\/de\/vakuummaschinen\/","og_site_name":"TURBOVAC","article_modified_time":"2020-05-29T09:17:59+00:00","og_image":[{"width":1000,"height":1064,"url":"https:\/\/turbovac.nl\/wp-content\/uploads\/2019\/10\/TT-zoom3940-1.jpg","type":"image\/jpeg"}],"twitter_card":"summary_large_image","twitter_misc":{"Gesch\u00e4tzte Lesezeit":"2\u00a0Minuten"},"schema":{"@context":"https:\/\/schema.org","@graph":[{"@type":"WebPage","@id":"https:\/\/turbovac.nl\/de\/vakuummaschinen\/","url":"https:\/\/turbovac.nl\/de\/vakuummaschinen\/","name":"Vakuummaschinen | Turbovac - Erste Wahl fu\u0308r Fachleute","isPartOf":{"@id":"https:\/\/turbovac.nl\/#website"},"primaryImageOfPage":{"@id":"https:\/\/turbovac.nl\/de\/vakuummaschinen\/#primaryimage"},"image":{"@id":"https:\/\/turbovac.nl\/de\/vakuummaschinen\/#primaryimage"},"thumbnailUrl":"https:\/\/turbovac.nl\/wp-content\/uploads\/2019\/10\/TT-zoom3940-1.jpg","datePublished":"2019-12-12T13:37:59+00:00","dateModified":"2020-05-29T09:17:59+00:00","description":"Turbovac verf\u00fcgt \u00fcber eine breite Palette von Vakuummaschinen f\u00fcr die folgenden M\u00e4rkte: Gastronomie, fleisch- und lebensmittelverarbeitende Industrie.","breadcrumb":{"@id":"https:\/\/turbovac.nl\/de\/vakuummaschinen\/#breadcrumb"},"inLanguage":"de","potentialAction":[{"@type":"ReadAction","target":["https:\/\/turbovac.nl\/de\/vakuummaschinen\/"]}]},{"@type":"ImageObject","inLanguage":"de","@id":"https:\/\/turbovac.nl\/de\/vakuummaschinen\/#primaryimage","url":"https:\/\/turbovac.nl\/wp-content\/uploads\/2019\/10\/TT-zoom3940-1.jpg","contentUrl":"https:\/\/turbovac.nl\/wp-content\/uploads\/2019\/10\/TT-zoom3940-1.jpg","width":1000,"height":1064,"caption":"Tabletop detail Food processing industry"},{"@type":"BreadcrumbList","@id":"https:\/\/turbovac.nl\/de\/vakuummaschinen\/#breadcrumb","itemListElement":[{"@type":"ListItem","position":1,"name":"Home","item":"https:\/\/turbovac.nl\/de\/"},{"@type":"ListItem","position":2,"name":"Vakuummaschinen"}]},{"@type":"WebSite","@id":"https:\/\/turbovac.nl\/#website","url":"https:\/\/turbovac.nl\/","name":"TURBOVAC","description":"Vacuum Packaging Machines","potentialAction":[{"@type":"SearchAction","target":{"@type":"EntryPoint","urlTemplate":"https:\/\/turbovac.nl\/?s={search_term_string}"},"query-input":"required name=search_term_string"}],"inLanguage":"de"}]}},"_links":{"self":[{"href":"https:\/\/turbovac.nl\/de\/wp-json\/wp\/v2\/pages\/10497","targetHints":{"allow":["GET"]}}],"collection":[{"href":"https:\/\/turbovac.nl\/de\/wp-json\/wp\/v2\/pages"}],"about":[{"href":"https:\/\/turbovac.nl\/de\/wp-json\/wp\/v2\/types\/page"}],"author":[{"embeddable":true,"href":"https:\/\/turbovac.nl\/de\/wp-json\/wp\/v2\/users\/6"}],"replies":[{"embeddable":true,"href":"https:\/\/turbovac.nl\/de\/wp-json\/wp\/v2\/comments?post=10497"}],"version-history":[{"count":4,"href":"https:\/\/turbovac.nl\/de\/wp-json\/wp\/v2\/pages\/10497\/revisions"}],"predecessor-version":[{"id":10963,"href":"https:\/\/turbovac.nl\/de\/wp-json\/wp\/v2\/pages\/10497\/revisions\/10963"}],"wp:featuredmedia":[{"embeddable":true,"href":"https:\/\/turbovac.nl\/de\/wp-json\/wp\/v2\/media\/3902"}],"wp:attachment":[{"href":"https:\/\/turbovac.nl\/de\/wp-json\/wp\/v2\/media?parent=10497"}],"curies":[{"name":"wp","href":"https:\/\/api.w.org\/{rel}","templated":true}]}}