{"id":10505,"date":"2019-11-23T17:46:17","date_gmt":"2019-11-23T16:46:17","guid":{"rendered":"https:\/\/turbovac.nl\/vakuummaschinen\/tabletop-nsf-range\/"},"modified":"2021-08-23T10:17:14","modified_gmt":"2021-08-23T09:17:14","slug":"tischgerate-modelle-nsf","status":"publish","type":"page","link":"https:\/\/turbovac.nl\/de\/vakuummaschinen\/tischgerate-modelle-nsf\/","title":{"rendered":"Tischger\u00e4te Modelle NSF"},"content":{"rendered":"<p>[vc_row type=&#8220;full_width_background&#8220; bg_color=&#8220;#f9f9f9&#8243;][vc_column][vc_row_inner][vc_column_inner width=&#8220;1\/6&#8243;][\/vc_column_inner][vc_column_inner width=&#8220;2\/3&#8243;][vc_custom_heading text=&#8220;NSF-Zertifizierungsmodelle f\u00fcr Basisverpackungen&#8220; font_container=&#8220;tag:h2|font_size:16|text_align:center|color:%236b6b6b|line_height:1.2&#8243; use_theme_fonts=&#8220;yes&#8220;][vc_empty_space height=&#8220;20&#8243;][vc_custom_heading text=&#8220;TURBOVAC TISCHGER\u00c4TE<br \/>\nDER NSF-REIHE&#8220; font_container=&#8220;tag:h1|font_size:40|text_align:center|color:%23494949|line_height:1.3&#8243; use_theme_fonts=&#8220;yes&#8220;][vc_empty_space height=&#8220;20&#8243;][\/vc_column_inner][vc_column_inner width=&#8220;1\/6&#8243;][\/vc_column_inner][\/vc_row_inner][vc_row_inner][vc_column_inner][vc_column_text]<\/p>\n<p style=\"text-align: center;\">Fachleute in 80 L\u00e4ndern weltweit w\u00e4hlen Turbovac als ihre Nummer 1 f\u00fcr Vakuumverpackungsmaschinen. Turbovac bietet ein komplettes Tischger\u00e4tesortiment mit NSF-Zertifizierung an, das die Anforderungen kleiner bis mittelgro\u00dfer Lebensmittelverarbeitungs- und Lebensmittelzubereitungsunternehmen in vielen Branchen erf\u00fcllt.<\/p>\n<p>[\/vc_column_text][\/vc_column_inner][\/vc_row_inner][vc_empty_space height=&#8220;35px&#8220;][vc_row_inner el_class=&#8220;kolomOver&#8220;][vc_column_inner width=&#8220;1\/5&#8243; background_color=&#8220;#ffffff&#8220; el_class=&#8220;kolomOver&#8220;][vc_single_image image=&#8220;10825&#8243; img_size=&#8220;full&#8220; alignment=&#8220;center&#8220; onclick=&#8220;custom_link&#8220; link=&#8220;https:\/\/turbovac.nl\/de\/vakuummaschinen\/tischgerate-modelle-nsf\/tischgerate-ts2\/&#8220;][vc_custom_heading text=&#8220;TISCHGER\u00c4TE TS2&#8243; font_container=&#8220;tag:h2|font_size:24|text_align:center|line_height:1&#8243; use_theme_fonts=&#8220;yes&#8220; link=&#8220;|||&#8220;][vc_column_text]<\/p>\n<p style=\"text-align: center;\">Dichtungsl\u00e4nge 270 mm<\/p>\n<p>[\/vc_column_text][\/vc_column_inner][vc_column_inner width=&#8220;1\/5&#8243; el_class=&#8220;kolomOver&#8220;][vc_single_image image=&#8220;10830&#8243; img_size=&#8220;full&#8220; alignment=&#8220;center&#8220; onclick=&#8220;custom_link&#8220; link=&#8220;https:\/\/turbovac.nl\/de\/vakuummaschinen\/tischgerate-modelle-nsf\/tischgerate-ts3\/&#8220;][vc_custom_heading text=&#8220;TISCHGER\u00c4TE TS3&#8243; font_container=&#8220;tag:h2|font_size:24|text_align:center|line_height:1&#8243; use_theme_fonts=&#8220;yes&#8220;][vc_column_text]<\/p>\n<p style=\"text-align: center;\">Dichtungsl\u00e4nge 320 mm<\/p>\n<p>[\/vc_column_text][\/vc_column_inner][vc_column_inner width=&#8220;1\/5&#8243; el_class=&#8220;kolomOver&#8220;][vc_single_image image=&#8220;10835&#8243; img_size=&#8220;full&#8220; alignment=&#8220;center&#8220; onclick=&#8220;custom_link&#8220; link=&#8220;https:\/\/turbovac.nl\/de\/vakuummaschinen\/tischgerate-modelle-nsf\/tischgerate-ts4\/&#8220;][vc_custom_heading text=&#8220;TISCHGER\u00c4TE TS4&#8243; font_container=&#8220;tag:h2|font_size:24|text_align:center|line_height:1&#8243; use_theme_fonts=&#8220;yes&#8220;][vc_column_text]<\/p>\n<p style=\"text-align: center;\">Dichtungsl\u00e4nge 420 mm<\/p>\n<p>[\/vc_column_text][\/vc_column_inner][vc_column_inner width=&#8220;1\/5&#8243;][vc_single_image image=&#8220;10840&#8243; img_size=&#8220;full&#8220; alignment=&#8220;center&#8220; onclick=&#8220;custom_link&#8220; link=&#8220;https:\/\/turbovac.nl\/de\/vakuummaschinen\/tischgerate-modelle-nsf\/tischgerate-ts5\/&#8220;][vc_custom_heading text=&#8220;TISCHGER\u00c4TE TS5&#8243; font_container=&#8220;tag:h2|font_size:24|text_align:center|line_height:1&#8243; use_theme_fonts=&#8220;yes&#8220;][vc_column_text]<\/p>\n<p style=\"text-align: center;\">Dichtungsl\u00e4nge 270 mm<\/p>\n<p>[\/vc_column_text][\/vc_column_inner][vc_column_inner width=&#8220;1\/5&#8243;][vc_single_image image=&#8220;10845&#8243; img_size=&#8220;full&#8220; alignment=&#8220;center&#8220; onclick=&#8220;custom_link&#8220; link=&#8220;https:\/\/turbovac.nl\/de\/vakuummaschinen\/tischgerate-modelle-nsf\/tischgerate-ts6\/&#8220;][vc_custom_heading text=&#8220;TISCHGER\u00c4TE TS6&#8243; font_container=&#8220;tag:h2|font_size:24|text_align:center|line_height:1&#8243; use_theme_fonts=&#8220;yes&#8220;][vc_column_text]<\/p>\n<p style=\"text-align: center;\">Dichtungsl\u00e4nge 420 mm<\/p>\n<p>[\/vc_column_text][\/vc_column_inner][\/vc_row_inner][\/vc_column][\/vc_row][vc_row full_width=&#8220;&#8220; parallax=&#8220;&#8220; parallax_image=&#8220;&#8220;][vc_column width=&#8220;1\/2&#8243;][vc_single_image image=&#8220;6022&#8243;][vc_column_text css=&#8220;.vc_custom_1629710230758{margin-top: -50px !important;}&#8220;]<span style=\"font-size: 10pt;\">Certificate#C0484937-01<\/span>[\/vc_column_text][vc_custom_heading text=&#8220;Vorteile von Tischger\u00e4te NSF&#8220; font_container=&#8220;tag:h4|font_size:18|text_align:left|color:%23a5a5a5&#8243; use_theme_fonts=&#8220;yes&#8220;][vc_empty_space][vc_custom_heading text=&#8220;Unsere Plug-and-Play-Tischger\u00e4te verf\u00fcgen \u00fcber die gesamte<br \/>\nQualit\u00e4tstechnik und Bau unserer industriellen Vakuummaschinen.&#8220; font_container=&#8220;tag:h2|font_size:22|text_align:left&#8220; google_fonts=&#8220;font_family:Raleway%3A100%2C200%2C300%2Cregular%2C500%2C600%2C700%2C800%2C900|font_style:700%20bold%20regular%3A700%3Anormal&#8220;][vc_empty_space height=&#8220;15&#8243;][vc_column_text]Our plug and play table top machines have all the quality engineering<br \/>\nand build of our industrial vacuum machines.[\/vc_column_text][list icon=&#8220;steadysets-icon-star&#8220;][list_item title=&#8220;Standard 1 bis 10 Programme&#8220;][list_item title=&#8220;Sensor \/ H2O frei&#8220;][list_item title=&#8220;Optionen: Abschneiden und breites Siegel&#8220;][\/list][vc_empty_space][\/vc_column][vc_column width=&#8220;1\/2&#8243; css=&#8220;.vc_custom_1568117544972{margin-top: -30px !important;}&#8220;][vc_single_image image=&#8220;10850&#8243; img_size=&#8220;large&#8220; alignment=&#8220;center&#8220;][\/vc_column][\/vc_row][vc_row type=&#8220;full_width_background&#8220; bg_color=&#8220;#f9f9f9&#8243;][vc_column][vc_row_inner][vc_column_inner width=&#8220;1\/6&#8243;][\/vc_column_inner][vc_column_inner width=&#8220;2\/3&#8243;][vc_empty_space height=&#8220;20&#8243;][vc_custom_heading text=&#8220;Was ist eine NSF-Zertifizierung?&#8220; font_container=&#8220;tag:h1|font_size:40|text_align:center|color:%23494949|line_height:1.4&#8243; use_theme_fonts=&#8220;yes&#8220;][vc_empty_space height=&#8220;20&#8243;][\/vc_column_inner][vc_column_inner width=&#8220;1\/6&#8243;][\/vc_column_inner][\/vc_row_inner][vc_column_text]<\/p>\n<p style=\"text-align: center;\"><strong>Millionen von Menschen nehmen die Sicherheit ihrer Lebensmittel, ihres Wassers und ihrer Konsumg\u00fcter t\u00e4glich als selbstverst\u00e4ndlich hin. Warum? Wegen der drei Buchstaben: NSF. Die NSF-Zertifizierung ist Ihr Schl\u00fcssel um sicher zu stellen, dass die von Ihnen verwendeten Produkte strenge Normen f\u00fcr den Schutz der \u00f6ffentlichen Gesundheit erf\u00fcllen.<\/strong><\/p>\n<p style=\"text-align: center;\">Wenn Sie sich f\u00fcr eines, von der NSF zertifizierten Produkte entscheiden, k\u00f6nnen Sie sicher sein, dass das Unternehmen, die von der NSF auferlegten strengen Normen und Verfahren, einh\u00e4lt. Von umfangreichen Produkttests und Materialanalysen bis hin zu unangek\u00fcndigten Inspektionen der Anlage, wird jeder Aspekt der Entwicklung eines Produktes gr\u00fcndlich bewertet, bevor es die Zertifizierung erhalten kann.<\/p>\n<p style=\"text-align: center;\">Am wichtigsten ist, dass die NSF-Zertifizierung kein einmaliges Ereignis ist, sondern regelm\u00e4\u00dfig vor Ort Inspektionen der Produktionsanlagen gemacht werden. Genauso wie regelm\u00e4\u00dfige Wiederholungstests der Produkte,um sicher zu stellen, dass diese weiterhin die gleichen hohen Standards erf\u00fcllen, die zur Aufrechterhaltung der Zertifizierung im Laufe der Zeit erforderlich sind. Wenn ein Produkt aus irgendeinem Grund eine oder mehrere Zertifizierungskriterien nicht erf\u00fcllt, ergreift die NSF Durchsetzungsma\u00dfnahmen, um Sie zu sch\u00fctzen, einschlie\u00dflich Produktr\u00fcckruf, \u00f6ffentliche Benachrichtigung oder De-Zertifizierung.<\/p>\n<p style=\"text-align: center;\">Produkte, die eine NSF-Zertifizierung erhalten, gelten als &#8222;NSF-zertifiziert&#8220; oder &#8222;NSF-gelistet&#8220; und tragen das entsprechende <strong><a href=\"http:\/\/www.nsf.org\/consumer-resources\/who-is-nsf-international\">NSF-Zertifizierungszeichen<\/a><\/strong>, um zu zeigen, dass sie von einer der heute angesehensten, unabh\u00e4ngigsten Produktpr\u00fcfungsorganisation getestet wurden.<\/p>\n<p>[\/vc_column_text][vc_btn title=&#8220;Lesen Sie alles \u00fcber die NSF-Zertifizierung&#8220; style=&#8220;flat&#8220; shape=&#8220;square&#8220; align=&#8220;center&#8220; i_align=&#8220;right&#8220; i_type=&#8220;typicons&#8220; i_icon_typicons=&#8220;typcn typcn-arrow-right&#8220; add_icon=&#8220;true&#8220; link=&#8220;url:http%3A%2F%2Fwww.nsf.org%2Fconsumer-resources%2Fwhat-is-nsf-certification||target:%20_blank|&#8220;][\/vc_column][\/vc_row][vc_row full_width=&#8220;&#8220; parallax=&#8220;&#8220; parallax_image=&#8220;&#8220;][vc_column width=&#8220;1\/3&#8243; css=&#8220;.vc_custom_1568118419395{border-top-width: 1px !important;border-top-color: #d1d1d1 !important;border-top-style: solid !important;}&#8220;][vc_empty_space][vc_custom_heading text=&#8220;CE- und ETL-zertifiziert&#8220; font_container=&#8220;tag:h2|font_size:22|text_align:left&#8220; use_theme_fonts=&#8220;yes&#8220;][vc_empty_space height=&#8220;15&#8243;][vc_column_text]<\/p>\n<div class=\"col-lg-4\">\n<div class=\"media\">\n<div class=\"media__content\">\n<p class=\"media__text\">Turbovac-Anlagen sind ETL-zertifiziert und entsprechen den UL-, NSF- und CE-Normen.<\/p>\n<\/div>\n<\/div>\n<\/div>\n<div class=\"col-lg-4\">\n<div class=\"media\">\n<div class=\"media__icon\"><\/div>\n<\/div>\n<\/div>\n<p>[\/vc_column_text][\/vc_column][vc_column width=&#8220;1\/3&#8243; css=&#8220;.vc_custom_1568118428707{border-top-width: 1px !important;border-top-color: #d8d8d8 !important;border-top-style: solid !important;}&#8220;][vc_empty_space][vc_custom_heading text=&#8220;Busch-Pumpe&#8220; font_container=&#8220;tag:h2|font_size:22|text_align:left|color:%234c4c4c&#8220; use_theme_fonts=&#8220;yes&#8220;][vc_empty_space height=&#8220;15&#8243;][vc_column_text]<\/p>\n<div class=\"col-lg-4\">\n<div class=\"media\">\n<div class=\"media__content\">\n<p class=\"media__text\">Alle Turbovac-Maschinen sind mit einer Busch-Vakuumpumpe ausgestattet.<\/p>\n<\/div>\n<\/div>\n<\/div>\n<p>[\/vc_column_text][\/vc_column][vc_column width=&#8220;1\/3&#8243; css=&#8220;.vc_custom_1568118438842{border-top-width: 1px !important;border-top-color: #dddddd !important;border-top-style: solid !important;}&#8220;][vc_empty_space][vc_custom_heading text=&#8220;Optionen&#8220; font_container=&#8220;tag:h2|font_size:22|text_align:left|color:%234c4c4c&#8220; use_theme_fonts=&#8220;yes&#8220;][vc_empty_space height=&#8220;15&#8243;][vc_column_text]<\/p>\n<div class=\"col-lg-4\">\n<div class=\"media\">\n<div class=\"media__content\">\n<p class=\"media__text\">Alle Turbovac-Maschinen sind mit verschiedenen Optionen erh\u00e4ltlich.<\/p>\n<\/div>\n<\/div>\n<\/div>\n<p>[\/vc_column_text][\/vc_column][\/vc_row][vc_row type=&#8220;full_width_background&#8220; bg_color=&#8220;#b20000&#8243; text_color=&#8220;light&#8220; top_padding=&#8220;35&#8243; bottom_padding=&#8220;35&#8243;][vc_column][textbar button_title=&#8220;KONTAKTIEREN SIE UNSERE SPEZIALISTEN&#8220; button_link=&#8220;https:\/\/turbovac.nl\/de\/kontaktformular\/&#8220; icon=&#8220;steadysets-icon-type&#8220;]<\/p>\n<p style=\"text-align: left;\">Haben Sie Fragen zu unserer Tischplatten-NSF-Zertifizierung?<\/p>\n<p>[\/textbar][\/vc_column][\/vc_row][vc_row type=&#8220;full_width_content&#8220; bg_image=&#8220;2610&#8243; bottom_padding=&#8220;5&#8243;][vc_column width=&#8220;1\/2&#8243; centered_cont=&#8220;true&#8220; background_image=&#8220;6048&#8243;][vc_column_text]<br \/>\n[\/vc_column_text][\/vc_column][vc_column width=&#8220;1\/2&#8243; column_padding=&#8220;4%&#8220; css=&#8220;.vc_custom_1581957330931{background-color: #333333 !important;}&#8220;][vc_empty_space height=&#8220;200&#8243;][vc_custom_heading text=&#8220;&#8222;Es ist wichtig zu wissen, dass Turbovac die strengen Normen und Verfahren der NSF einh\u00e4lt&#8222;&#8220; font_container=&#8220;tag:h2|font_size:40|text_align:left|color:%23ffffff|line_height:1.2&#8243; google_fonts=&#8220;font_family:Merriweather%3A300%2C300italic%2Cregular%2Citalic%2C700%2C700italic%2C900%2C900italic|font_style:300%20light%20italic%3A300%3Aitalic&#8220;][vc_empty_space height=&#8220;200&#8243;][\/vc_column][\/vc_row][vc_row type=&#8220;full_width_background&#8220; class=&#8220;kolomOver&#8220;][vc_column width=&#8220;1\/3&#8243; el_class=&#8220;kolomOver&#8220;][services_medium title=&#8220;FLEISCHINDUSTRIE&#8220; style=&#8220;style_3&#8243; icon=&#8220;steadysets-icon-bones&#8220; icon_color=&#8220;#d20037&#8243; border_color=&#8220;#d20037&#8243; dynamic_content_link=&#8220;https:\/\/turbovac.nl\/de\/markte\/fleischverarbeitungsindustrie\/&#8220;]Hochwertige Verpackungen zur Verbesserung.[\/services_medium][\/vc_column][vc_column width=&#8220;1\/3&#8243; el_class=&#8220;kolomOver&#8220;][services_medium title=&#8220;LEBENSMITTELVERARBEITUNG&#8220; style=&#8220;style_3&#8243; icon=&#8220;linecon-icon-food&#8220; icon_color=&#8220;#d20037&#8243; border_color=&#8220;#d20037&#8243; dynamic_content_link=&#8220;https:\/\/turbovac.nl\/de\/markte\/lebensmittelverarbeitungsindustrie\/&#8220;]Optimalisierung und Flexibilit\u00e4t in allen Arten der Lebensmittelverarbeitung.[\/services_medium][\/vc_column][vc_column width=&#8220;1\/3&#8243; el_class=&#8220;kolomOver&#8220;][services_medium title=&#8220;Non-food Industrie&#8220; style=&#8220;style_3&#8243; icon=&#8220;steadysets-icon-lab&#8220; icon_color=&#8220;#d20037&#8243; border_color=&#8220;#d20037&#8243; dynamic_content_link=&#8220;https:\/\/turbovac.nl\/de\/markte\/non-food-industrie\/&#8220;]Optimaler Schutz gegen Schmutz, Staub und Feuchtigkeit.[\/services_medium][\/vc_column][\/vc_row][vc_row type=&#8220;full_width_content&#8220;][vc_column background_color=&#8220;#75001f&#8220;][vc_empty_space][vc_custom_heading text=&#8220;CAPTURE QUALITY&#8220; font_container=&#8220;tag:h2|font_size:35|text_align:center|color:%23ffffff|line_height:1.25&#8243; use_theme_fonts=&#8220;yes&#8220;][vc_empty_space][\/vc_column][\/vc_row]<\/p>\n","protected":false},"excerpt":{"rendered":"<p>[vc_row type=&#8220;full_width_background&#8220; bg_color=&#8220;#f9f9f9&#8243;][vc_column][vc_row_inner][vc_column_inner width=&#8220;1\/6&#8243;][\/vc_column_inner][vc_column_inner width=&#8220;2\/3&#8243;][vc_custom_heading text=&#8220;NSF-Zertifizierungsmodelle f\u00fcr Basisverpackungen&#8220; font_container=&#8220;tag:h2|font_size:16|text_align:center|color:%236b6b6b|line_height:1.2&#8243; use_theme_fonts=&#8220;yes&#8220;][vc_empty_space height=&#8220;20&#8243;][vc_custom_heading text=&#8220;TURBOVAC TISCHGER\u00c4TE DER NSF-REIHE&#8220; font_container=&#8220;tag:h1|font_size:40|text_align:center|color:%23494949|line_height:1.3&#8243; use_theme_fonts=&#8220;yes&#8220;][vc_empty_space height=&#8220;20&#8243;][\/vc_column_inner][vc_column_inner width=&#8220;1\/6&#8243;][\/vc_column_inner][\/vc_row_inner][vc_row_inner][vc_column_inner][vc_column_text] Fachleute in 80 L\u00e4ndern weltweit w\u00e4hlen Turbovac als ihre Nummer 1 f\u00fcr Vakuumverpackungsmaschinen. Turbovac bietet ein komplettes Tischger\u00e4tesortiment mit NSF-Zertifizierung an, das die Anforderungen kleiner bis mittelgro\u00dfer Lebensmittelverarbeitungs- und Lebensmittelzubereitungsunternehmen in vielen Branchen erf\u00fcllt. [\/vc_column_text][\/vc_column_inner][\/vc_row_inner][vc_empty_space height=&#8220;35px&#8220;][vc_row_inner [&hellip;]<\/p>\n","protected":false},"author":6,"featured_media":3902,"parent":10497,"menu_order":0,"comment_status":"closed","ping_status":"closed","template":"","meta":{"_monsterinsights_skip_tracking":false,"_monsterinsights_sitenote_active":false,"_monsterinsights_sitenote_note":"","_monsterinsights_sitenote_category":0,"footnotes":""},"class_list":["post-10505","page","type-page","status-publish","has-post-thumbnail","hentry"],"yoast_head":"<!-- This site is optimized with the Yoast SEO plugin v22.7 - https:\/\/yoast.com\/wordpress\/plugins\/seo\/ -->\n<title>Tischger\u00e4te Modelle NSF Vakuum-verpackungsmaschinen | Turbovac<\/title>\n<meta name=\"description\" content=\"Turbovac plug and play Tischger\u00e4te Modelle NSF Vakuum-verpackungsmaschinen: Erste Wahl&quot; f\u00fcr Restaurants, Gastgewerbe, Lebensmittelverk\u00e4ufer und Caterer.\" \/>\n<meta name=\"robots\" content=\"index, follow, max-snippet:-1, max-image-preview:large, max-video-preview:-1\" \/>\n<link rel=\"canonical\" href=\"https:\/\/turbovac.nl\/de\/vakuummaschinen\/tischgerate-modelle-nsf\/\" \/>\n<meta property=\"og:locale\" content=\"de_DE\" \/>\n<meta property=\"og:type\" content=\"article\" \/>\n<meta property=\"og:title\" content=\"Tischger\u00e4te Modelle NSF Vakuum-verpackungsmaschinen | Turbovac\" \/>\n<meta property=\"og:description\" content=\"Turbovac plug and play Tischger\u00e4te Modelle NSF Vakuum-verpackungsmaschinen: Erste Wahl&quot; f\u00fcr Restaurants, Gastgewerbe, Lebensmittelverk\u00e4ufer und Caterer.\" \/>\n<meta property=\"og:url\" content=\"https:\/\/turbovac.nl\/de\/vakuummaschinen\/tischgerate-modelle-nsf\/\" \/>\n<meta property=\"og:site_name\" content=\"TURBOVAC\" \/>\n<meta property=\"article:modified_time\" content=\"2021-08-23T09:17:14+00:00\" \/>\n<meta property=\"og:image\" content=\"https:\/\/turbovac.nl\/wp-content\/uploads\/2019\/10\/TT-zoom3940-1.jpg\" \/>\n\t<meta property=\"og:image:width\" content=\"1000\" \/>\n\t<meta property=\"og:image:height\" content=\"1064\" \/>\n\t<meta property=\"og:image:type\" content=\"image\/jpeg\" \/>\n<meta name=\"twitter:card\" content=\"summary_large_image\" \/>\n<meta name=\"twitter:label1\" content=\"Gesch\u00e4tzte Lesezeit\" \/>\n\t<meta name=\"twitter:data1\" content=\"3\u00a0Minuten\" \/>\n<script type=\"application\/ld+json\" class=\"yoast-schema-graph\">{\"@context\":\"https:\/\/schema.org\",\"@graph\":[{\"@type\":\"WebPage\",\"@id\":\"https:\/\/turbovac.nl\/de\/vakuummaschinen\/tischgerate-modelle-nsf\/\",\"url\":\"https:\/\/turbovac.nl\/de\/vakuummaschinen\/tischgerate-modelle-nsf\/\",\"name\":\"Tischger\u00e4te Modelle NSF Vakuum-verpackungsmaschinen | Turbovac\",\"isPartOf\":{\"@id\":\"https:\/\/turbovac.nl\/#website\"},\"primaryImageOfPage\":{\"@id\":\"https:\/\/turbovac.nl\/de\/vakuummaschinen\/tischgerate-modelle-nsf\/#primaryimage\"},\"image\":{\"@id\":\"https:\/\/turbovac.nl\/de\/vakuummaschinen\/tischgerate-modelle-nsf\/#primaryimage\"},\"thumbnailUrl\":\"https:\/\/turbovac.nl\/wp-content\/uploads\/2019\/10\/TT-zoom3940-1.jpg\",\"datePublished\":\"2019-11-23T16:46:17+00:00\",\"dateModified\":\"2021-08-23T09:17:14+00:00\",\"description\":\"Turbovac plug and play Tischger\u00e4te Modelle NSF Vakuum-verpackungsmaschinen: Erste Wahl\\\" f\u00fcr Restaurants, Gastgewerbe, Lebensmittelverk\u00e4ufer und Caterer.\",\"breadcrumb\":{\"@id\":\"https:\/\/turbovac.nl\/de\/vakuummaschinen\/tischgerate-modelle-nsf\/#breadcrumb\"},\"inLanguage\":\"de\",\"potentialAction\":[{\"@type\":\"ReadAction\",\"target\":[\"https:\/\/turbovac.nl\/de\/vakuummaschinen\/tischgerate-modelle-nsf\/\"]}]},{\"@type\":\"ImageObject\",\"inLanguage\":\"de\",\"@id\":\"https:\/\/turbovac.nl\/de\/vakuummaschinen\/tischgerate-modelle-nsf\/#primaryimage\",\"url\":\"https:\/\/turbovac.nl\/wp-content\/uploads\/2019\/10\/TT-zoom3940-1.jpg\",\"contentUrl\":\"https:\/\/turbovac.nl\/wp-content\/uploads\/2019\/10\/TT-zoom3940-1.jpg\",\"width\":1000,\"height\":1064,\"caption\":\"Tabletop detail Food processing industry\"},{\"@type\":\"BreadcrumbList\",\"@id\":\"https:\/\/turbovac.nl\/de\/vakuummaschinen\/tischgerate-modelle-nsf\/#breadcrumb\",\"itemListElement\":[{\"@type\":\"ListItem\",\"position\":1,\"name\":\"Home\",\"item\":\"https:\/\/turbovac.nl\/de\/\"},{\"@type\":\"ListItem\",\"position\":2,\"name\":\"Vakuummaschinen\",\"item\":\"https:\/\/turbovac.nl\/de\/vakuummaschinen\/\"},{\"@type\":\"ListItem\",\"position\":3,\"name\":\"Tischger\u00e4te Modelle NSF\"}]},{\"@type\":\"WebSite\",\"@id\":\"https:\/\/turbovac.nl\/#website\",\"url\":\"https:\/\/turbovac.nl\/\",\"name\":\"TURBOVAC\",\"description\":\"Vacuum Packaging Machines\",\"potentialAction\":[{\"@type\":\"SearchAction\",\"target\":{\"@type\":\"EntryPoint\",\"urlTemplate\":\"https:\/\/turbovac.nl\/?s={search_term_string}\"},\"query-input\":\"required name=search_term_string\"}],\"inLanguage\":\"de\"}]}<\/script>\n<!-- \/ Yoast SEO plugin. -->","yoast_head_json":{"title":"Tischger\u00e4te Modelle NSF Vakuum-verpackungsmaschinen | Turbovac","description":"Turbovac plug and play Tischger\u00e4te Modelle NSF Vakuum-verpackungsmaschinen: Erste Wahl\" f\u00fcr Restaurants, Gastgewerbe, Lebensmittelverk\u00e4ufer und Caterer.","robots":{"index":"index","follow":"follow","max-snippet":"max-snippet:-1","max-image-preview":"max-image-preview:large","max-video-preview":"max-video-preview:-1"},"canonical":"https:\/\/turbovac.nl\/de\/vakuummaschinen\/tischgerate-modelle-nsf\/","og_locale":"de_DE","og_type":"article","og_title":"Tischger\u00e4te Modelle NSF Vakuum-verpackungsmaschinen | Turbovac","og_description":"Turbovac plug and play Tischger\u00e4te Modelle NSF Vakuum-verpackungsmaschinen: Erste Wahl\" f\u00fcr Restaurants, Gastgewerbe, Lebensmittelverk\u00e4ufer und Caterer.","og_url":"https:\/\/turbovac.nl\/de\/vakuummaschinen\/tischgerate-modelle-nsf\/","og_site_name":"TURBOVAC","article_modified_time":"2021-08-23T09:17:14+00:00","og_image":[{"width":1000,"height":1064,"url":"https:\/\/turbovac.nl\/wp-content\/uploads\/2019\/10\/TT-zoom3940-1.jpg","type":"image\/jpeg"}],"twitter_card":"summary_large_image","twitter_misc":{"Gesch\u00e4tzte Lesezeit":"3\u00a0Minuten"},"schema":{"@context":"https:\/\/schema.org","@graph":[{"@type":"WebPage","@id":"https:\/\/turbovac.nl\/de\/vakuummaschinen\/tischgerate-modelle-nsf\/","url":"https:\/\/turbovac.nl\/de\/vakuummaschinen\/tischgerate-modelle-nsf\/","name":"Tischger\u00e4te Modelle NSF Vakuum-verpackungsmaschinen | Turbovac","isPartOf":{"@id":"https:\/\/turbovac.nl\/#website"},"primaryImageOfPage":{"@id":"https:\/\/turbovac.nl\/de\/vakuummaschinen\/tischgerate-modelle-nsf\/#primaryimage"},"image":{"@id":"https:\/\/turbovac.nl\/de\/vakuummaschinen\/tischgerate-modelle-nsf\/#primaryimage"},"thumbnailUrl":"https:\/\/turbovac.nl\/wp-content\/uploads\/2019\/10\/TT-zoom3940-1.jpg","datePublished":"2019-11-23T16:46:17+00:00","dateModified":"2021-08-23T09:17:14+00:00","description":"Turbovac plug and play Tischger\u00e4te Modelle NSF Vakuum-verpackungsmaschinen: Erste Wahl\" f\u00fcr Restaurants, Gastgewerbe, Lebensmittelverk\u00e4ufer und Caterer.","breadcrumb":{"@id":"https:\/\/turbovac.nl\/de\/vakuummaschinen\/tischgerate-modelle-nsf\/#breadcrumb"},"inLanguage":"de","potentialAction":[{"@type":"ReadAction","target":["https:\/\/turbovac.nl\/de\/vakuummaschinen\/tischgerate-modelle-nsf\/"]}]},{"@type":"ImageObject","inLanguage":"de","@id":"https:\/\/turbovac.nl\/de\/vakuummaschinen\/tischgerate-modelle-nsf\/#primaryimage","url":"https:\/\/turbovac.nl\/wp-content\/uploads\/2019\/10\/TT-zoom3940-1.jpg","contentUrl":"https:\/\/turbovac.nl\/wp-content\/uploads\/2019\/10\/TT-zoom3940-1.jpg","width":1000,"height":1064,"caption":"Tabletop detail Food processing industry"},{"@type":"BreadcrumbList","@id":"https:\/\/turbovac.nl\/de\/vakuummaschinen\/tischgerate-modelle-nsf\/#breadcrumb","itemListElement":[{"@type":"ListItem","position":1,"name":"Home","item":"https:\/\/turbovac.nl\/de\/"},{"@type":"ListItem","position":2,"name":"Vakuummaschinen","item":"https:\/\/turbovac.nl\/de\/vakuummaschinen\/"},{"@type":"ListItem","position":3,"name":"Tischger\u00e4te Modelle NSF"}]},{"@type":"WebSite","@id":"https:\/\/turbovac.nl\/#website","url":"https:\/\/turbovac.nl\/","name":"TURBOVAC","description":"Vacuum Packaging Machines","potentialAction":[{"@type":"SearchAction","target":{"@type":"EntryPoint","urlTemplate":"https:\/\/turbovac.nl\/?s={search_term_string}"},"query-input":"required name=search_term_string"}],"inLanguage":"de"}]}},"_links":{"self":[{"href":"https:\/\/turbovac.nl\/de\/wp-json\/wp\/v2\/pages\/10505","targetHints":{"allow":["GET"]}}],"collection":[{"href":"https:\/\/turbovac.nl\/de\/wp-json\/wp\/v2\/pages"}],"about":[{"href":"https:\/\/turbovac.nl\/de\/wp-json\/wp\/v2\/types\/page"}],"author":[{"embeddable":true,"href":"https:\/\/turbovac.nl\/de\/wp-json\/wp\/v2\/users\/6"}],"replies":[{"embeddable":true,"href":"https:\/\/turbovac.nl\/de\/wp-json\/wp\/v2\/comments?post=10505"}],"version-history":[{"count":7,"href":"https:\/\/turbovac.nl\/de\/wp-json\/wp\/v2\/pages\/10505\/revisions"}],"predecessor-version":[{"id":11817,"href":"https:\/\/turbovac.nl\/de\/wp-json\/wp\/v2\/pages\/10505\/revisions\/11817"}],"up":[{"embeddable":true,"href":"https:\/\/turbovac.nl\/de\/wp-json\/wp\/v2\/pages\/10497"}],"wp:featuredmedia":[{"embeddable":true,"href":"https:\/\/turbovac.nl\/de\/wp-json\/wp\/v2\/media\/3902"}],"wp:attachment":[{"href":"https:\/\/turbovac.nl\/de\/wp-json\/wp\/v2\/media?parent=10505"}],"curies":[{"name":"wp","href":"https:\/\/api.w.org\/{rel}","templated":true}]}}