{"id":10517,"date":"2019-12-12T18:17:31","date_gmt":"2019-12-12T17:17:31","guid":{"rendered":"https:\/\/turbovac.nl\/packaging-solutions\/"},"modified":"2020-05-29T10:23:32","modified_gmt":"2020-05-29T09:23:32","slug":"verpackungslosungen","status":"publish","type":"page","link":"https:\/\/turbovac.nl\/de\/verpackungslosungen\/","title":{"rendered":"Verpackungsl\u00f6sungen"},"content":{"rendered":"<p>[vc_row type=&#8220;full_width_background&#8220; bg_color=&#8220;#f9f9f9&#8243; class=&#8220;kolomOver&#8220;][vc_column width=&#8220;1\/4&#8243; el_class=&#8220;kolomOver&#8220;][vc_empty_space height=&#8220;20&#8243;][vc_single_image image=&#8220;8981&#8243; img_size=&#8220;full&#8220; alignment=&#8220;center&#8220; onclick=&#8220;custom_link&#8220; link=&#8220;https:\/\/turbovac.nl\/de\/verpackungslosungen\/schalenziegler-modelle\/&#8220;][vc_empty_space height=&#8220;10px&#8220;][vc_custom_heading text=&#8220;SCHALENZIEGLER<br \/>\nMODELLE&#8220; font_container=&#8220;tag:h2|font_size:24|text_align:center|line_height:1.2&#8243; use_theme_fonts=&#8220;yes&#8220; link=&#8220;url:https%3A%2F%2Fturbovac.nl%2Fde%2Fverpackungslosungen%2Fschalenziegler-modelle%2F|title:Traysealers||&#8220;][\/vc_column][vc_column width=&#8220;1\/4&#8243; el_class=&#8220;kolomOver&#8220;][vc_empty_space height=&#8220;20&#8243;][vc_single_image image=&#8220;10108&#8243; img_size=&#8220;full&#8220; alignment=&#8220;center&#8220; onclick=&#8220;custom_link&#8220; link=&#8220;https:\/\/turbovac.nl\/de\/verpackungslosungen\/schrumpftank-modelle\/&#8220;][vc_empty_space height=&#8220;10px&#8220;][vc_custom_heading text=&#8220;SCHRUMPFTANK<br \/>\nMODELLE&#8220; font_container=&#8220;tag:h2|font_size:24|text_align:center|line_height:1.2&#8243; use_theme_fonts=&#8220;yes&#8220; link=&#8220;url:https%3A%2F%2Fturbovac.nl%2Fde%2Fverpackungslosungen%2Fschrumpftank-modelle%2F|title:Immersion%20Tanks||&#8220;][\/vc_column][vc_column width=&#8220;1\/4&#8243; el_class=&#8220;kolomOver&#8220;][vc_empty_space height=&#8220;20&#8243;][vc_single_image image=&#8220;9001&#8243; img_size=&#8220;full&#8220; alignment=&#8220;center&#8220; onclick=&#8220;custom_link&#8220; link=&#8220;https:\/\/turbovac.nl\/de\/verpackungslosungen\/tiefziehmaschinen\/&#8220;][vc_empty_space height=&#8220;10px&#8220;][vc_custom_heading text=&#8220;TIEFZIEH<br \/>\nMASCHINEN&#8220; font_container=&#8220;tag:h2|font_size:24|text_align:center|line_height:1.2&#8243; use_theme_fonts=&#8220;yes&#8220; link=&#8220;url:https%3A%2F%2Fturbovac.nl%2Fde%2Fverpackungslosungen%2Ftiefziehmaschinen%2F|title:Thermoformers||&#8220;][\/vc_column][vc_column width=&#8220;1\/4&#8243; el_class=&#8220;kolomOver&#8220;][vc_empty_space height=&#8220;20&#8243;][vc_single_image image=&#8220;9152&#8243; img_size=&#8220;full&#8220; alignment=&#8220;center&#8220; onclick=&#8220;custom_link&#8220; link=&#8220;https:\/\/turbovac.nl\/de\/verpackungslosungen\/automatische-verpackungslinie\/&#8220;][vc_empty_space height=&#8220;10px&#8220;][vc_custom_heading text=&#8220;AUTOMATISCHE<br \/>\nVERPACKUNGSLINIE&#8220; font_container=&#8220;tag:h2|font_size:24|text_align:center|line_height:1.2&#8243; use_theme_fonts=&#8220;yes&#8220; link=&#8220;url:https%3A%2F%2Fturbovac.nl%2Fde%2Fverpackungslosungen%2Fautomatische-verpackungslinie%2F|title:AUTOMATIC%20PACKAGING%20LINE||&#8220;][\/vc_column][\/vc_row][vc_row type=&#8220;full_width_content&#8220;][vc_column background_color=&#8220;#75001f&#8220;][vc_empty_space][vc_custom_heading text=&#8220;CAPTURE QUALITY&#8220; font_container=&#8220;tag:h2|font_size:35|text_align:center|color:%23ffffff|line_height:1.25&#8243; use_theme_fonts=&#8220;yes&#8220;][vc_empty_space][\/vc_column][\/vc_row]<\/p>\n","protected":false},"excerpt":{"rendered":"<p>[vc_row type=&#8220;full_width_background&#8220; bg_color=&#8220;#f9f9f9&#8243; class=&#8220;kolomOver&#8220;][vc_column width=&#8220;1\/4&#8243; el_class=&#8220;kolomOver&#8220;][vc_empty_space height=&#8220;20&#8243;][vc_single_image image=&#8220;8981&#8243; img_size=&#8220;full&#8220; alignment=&#8220;center&#8220; onclick=&#8220;custom_link&#8220; link=&#8220;https:\/\/turbovac.nl\/de\/verpackungslosungen\/schalenziegler-modelle\/&#8220;][vc_empty_space height=&#8220;10px&#8220;][vc_custom_heading text=&#8220;SCHALENZIEGLER MODELLE&#8220; font_container=&#8220;tag:h2|font_size:24|text_align:center|line_height:1.2&#8243; use_theme_fonts=&#8220;yes&#8220; link=&#8220;url:https%3A%2F%2Fturbovac.nl%2Fde%2Fverpackungslosungen%2Fschalenziegler-modelle%2F|title:Traysealers||&#8220;][\/vc_column][vc_column width=&#8220;1\/4&#8243; el_class=&#8220;kolomOver&#8220;][vc_empty_space height=&#8220;20&#8243;][vc_single_image image=&#8220;10108&#8243; img_size=&#8220;full&#8220; alignment=&#8220;center&#8220; onclick=&#8220;custom_link&#8220; link=&#8220;https:\/\/turbovac.nl\/de\/verpackungslosungen\/schrumpftank-modelle\/&#8220;][vc_empty_space height=&#8220;10px&#8220;][vc_custom_heading text=&#8220;SCHRUMPFTANK MODELLE&#8220; font_container=&#8220;tag:h2|font_size:24|text_align:center|line_height:1.2&#8243; use_theme_fonts=&#8220;yes&#8220; link=&#8220;url:https%3A%2F%2Fturbovac.nl%2Fde%2Fverpackungslosungen%2Fschrumpftank-modelle%2F|title:Immersion%20Tanks||&#8220;][\/vc_column][vc_column width=&#8220;1\/4&#8243; el_class=&#8220;kolomOver&#8220;][vc_empty_space height=&#8220;20&#8243;][vc_single_image image=&#8220;9001&#8243; img_size=&#8220;full&#8220; alignment=&#8220;center&#8220; onclick=&#8220;custom_link&#8220; link=&#8220;https:\/\/turbovac.nl\/de\/verpackungslosungen\/tiefziehmaschinen\/&#8220;][vc_empty_space height=&#8220;10px&#8220;][vc_custom_heading text=&#8220;TIEFZIEH MASCHINEN&#8220; font_container=&#8220;tag:h2|font_size:24|text_align:center|line_height:1.2&#8243; use_theme_fonts=&#8220;yes&#8220; link=&#8220;url:https%3A%2F%2Fturbovac.nl%2Fde%2Fverpackungslosungen%2Ftiefziehmaschinen%2F|title:Thermoformers||&#8220;][\/vc_column][vc_column width=&#8220;1\/4&#8243; el_class=&#8220;kolomOver&#8220;][vc_empty_space height=&#8220;20&#8243;][vc_single_image image=&#8220;9152&#8243; img_size=&#8220;full&#8220; alignment=&#8220;center&#8220; onclick=&#8220;custom_link&#8220; link=&#8220;https:\/\/turbovac.nl\/de\/verpackungslosungen\/automatische-verpackungslinie\/&#8220;][vc_empty_space height=&#8220;10px&#8220;][vc_custom_heading [&hellip;]<\/p>\n","protected":false},"author":6,"featured_media":3902,"parent":0,"menu_order":0,"comment_status":"closed","ping_status":"closed","template":"","meta":{"_monsterinsights_skip_tracking":false,"_monsterinsights_sitenote_active":false,"_monsterinsights_sitenote_note":"","_monsterinsights_sitenote_category":0,"footnotes":""},"class_list":["post-10517","page","type-page","status-publish","has-post-thumbnail","hentry"],"yoast_head":"<!-- This site is optimized with the Yoast SEO plugin v22.7 - https:\/\/yoast.com\/wordpress\/plugins\/seo\/ -->\n<title>Verpackungsl\u00f6sungen | Turbovac - Erste Wahl fu\u0308r Fachleute<\/title>\n<meta name=\"description\" content=\"Turbovac bietet eine breite Palette von Verpackungsl\u00f6sungen f\u00fcr die folgenden M\u00e4rkte an: Gastronomie, fleisch- und lebensmittelverarbeitende Industrie.\" \/>\n<meta name=\"robots\" content=\"index, follow, max-snippet:-1, max-image-preview:large, max-video-preview:-1\" \/>\n<link rel=\"canonical\" href=\"https:\/\/turbovac.nl\/de\/verpackungslosungen\/\" \/>\n<meta property=\"og:locale\" content=\"de_DE\" \/>\n<meta property=\"og:type\" content=\"article\" \/>\n<meta property=\"og:title\" content=\"Verpackungsl\u00f6sungen | Turbovac - Erste Wahl fu\u0308r Fachleute\" \/>\n<meta property=\"og:description\" content=\"Turbovac bietet eine breite Palette von Verpackungsl\u00f6sungen f\u00fcr die folgenden M\u00e4rkte an: Gastronomie, fleisch- und lebensmittelverarbeitende Industrie.\" \/>\n<meta property=\"og:url\" content=\"https:\/\/turbovac.nl\/de\/verpackungslosungen\/\" \/>\n<meta property=\"og:site_name\" content=\"TURBOVAC\" \/>\n<meta property=\"article:modified_time\" content=\"2020-05-29T09:23:32+00:00\" \/>\n<meta property=\"og:image\" content=\"https:\/\/turbovac.nl\/wp-content\/uploads\/2019\/10\/TT-zoom3940-1.jpg\" \/>\n\t<meta property=\"og:image:width\" content=\"1000\" \/>\n\t<meta property=\"og:image:height\" content=\"1064\" \/>\n\t<meta property=\"og:image:type\" content=\"image\/jpeg\" \/>\n<meta name=\"twitter:card\" content=\"summary_large_image\" \/>\n<meta name=\"twitter:label1\" content=\"Gesch\u00e4tzte Lesezeit\" \/>\n\t<meta name=\"twitter:data1\" content=\"2\u00a0Minuten\" \/>\n<script type=\"application\/ld+json\" class=\"yoast-schema-graph\">{\"@context\":\"https:\/\/schema.org\",\"@graph\":[{\"@type\":\"WebPage\",\"@id\":\"https:\/\/turbovac.nl\/de\/verpackungslosungen\/\",\"url\":\"https:\/\/turbovac.nl\/de\/verpackungslosungen\/\",\"name\":\"Verpackungsl\u00f6sungen | Turbovac - Erste Wahl fu\u0308r Fachleute\",\"isPartOf\":{\"@id\":\"https:\/\/turbovac.nl\/#website\"},\"primaryImageOfPage\":{\"@id\":\"https:\/\/turbovac.nl\/de\/verpackungslosungen\/#primaryimage\"},\"image\":{\"@id\":\"https:\/\/turbovac.nl\/de\/verpackungslosungen\/#primaryimage\"},\"thumbnailUrl\":\"https:\/\/turbovac.nl\/wp-content\/uploads\/2019\/10\/TT-zoom3940-1.jpg\",\"datePublished\":\"2019-12-12T17:17:31+00:00\",\"dateModified\":\"2020-05-29T09:23:32+00:00\",\"description\":\"Turbovac bietet eine breite Palette von Verpackungsl\u00f6sungen f\u00fcr die folgenden M\u00e4rkte an: Gastronomie, fleisch- und lebensmittelverarbeitende Industrie.\",\"breadcrumb\":{\"@id\":\"https:\/\/turbovac.nl\/de\/verpackungslosungen\/#breadcrumb\"},\"inLanguage\":\"de\",\"potentialAction\":[{\"@type\":\"ReadAction\",\"target\":[\"https:\/\/turbovac.nl\/de\/verpackungslosungen\/\"]}]},{\"@type\":\"ImageObject\",\"inLanguage\":\"de\",\"@id\":\"https:\/\/turbovac.nl\/de\/verpackungslosungen\/#primaryimage\",\"url\":\"https:\/\/turbovac.nl\/wp-content\/uploads\/2019\/10\/TT-zoom3940-1.jpg\",\"contentUrl\":\"https:\/\/turbovac.nl\/wp-content\/uploads\/2019\/10\/TT-zoom3940-1.jpg\",\"width\":1000,\"height\":1064,\"caption\":\"Tabletop detail Food processing industry\"},{\"@type\":\"BreadcrumbList\",\"@id\":\"https:\/\/turbovac.nl\/de\/verpackungslosungen\/#breadcrumb\",\"itemListElement\":[{\"@type\":\"ListItem\",\"position\":1,\"name\":\"Home\",\"item\":\"https:\/\/turbovac.nl\/de\/\"},{\"@type\":\"ListItem\",\"position\":2,\"name\":\"Verpackungsl\u00f6sungen\"}]},{\"@type\":\"WebSite\",\"@id\":\"https:\/\/turbovac.nl\/#website\",\"url\":\"https:\/\/turbovac.nl\/\",\"name\":\"TURBOVAC\",\"description\":\"Vacuum Packaging Machines\",\"potentialAction\":[{\"@type\":\"SearchAction\",\"target\":{\"@type\":\"EntryPoint\",\"urlTemplate\":\"https:\/\/turbovac.nl\/?s={search_term_string}\"},\"query-input\":\"required name=search_term_string\"}],\"inLanguage\":\"de\"}]}<\/script>\n<!-- \/ Yoast SEO plugin. -->","yoast_head_json":{"title":"Verpackungsl\u00f6sungen | Turbovac - Erste Wahl fu\u0308r Fachleute","description":"Turbovac bietet eine breite Palette von Verpackungsl\u00f6sungen f\u00fcr die folgenden M\u00e4rkte an: Gastronomie, fleisch- und lebensmittelverarbeitende Industrie.","robots":{"index":"index","follow":"follow","max-snippet":"max-snippet:-1","max-image-preview":"max-image-preview:large","max-video-preview":"max-video-preview:-1"},"canonical":"https:\/\/turbovac.nl\/de\/verpackungslosungen\/","og_locale":"de_DE","og_type":"article","og_title":"Verpackungsl\u00f6sungen | Turbovac - Erste Wahl fu\u0308r Fachleute","og_description":"Turbovac bietet eine breite Palette von Verpackungsl\u00f6sungen f\u00fcr die folgenden M\u00e4rkte an: Gastronomie, fleisch- und lebensmittelverarbeitende Industrie.","og_url":"https:\/\/turbovac.nl\/de\/verpackungslosungen\/","og_site_name":"TURBOVAC","article_modified_time":"2020-05-29T09:23:32+00:00","og_image":[{"width":1000,"height":1064,"url":"https:\/\/turbovac.nl\/wp-content\/uploads\/2019\/10\/TT-zoom3940-1.jpg","type":"image\/jpeg"}],"twitter_card":"summary_large_image","twitter_misc":{"Gesch\u00e4tzte Lesezeit":"2\u00a0Minuten"},"schema":{"@context":"https:\/\/schema.org","@graph":[{"@type":"WebPage","@id":"https:\/\/turbovac.nl\/de\/verpackungslosungen\/","url":"https:\/\/turbovac.nl\/de\/verpackungslosungen\/","name":"Verpackungsl\u00f6sungen | Turbovac - Erste Wahl fu\u0308r Fachleute","isPartOf":{"@id":"https:\/\/turbovac.nl\/#website"},"primaryImageOfPage":{"@id":"https:\/\/turbovac.nl\/de\/verpackungslosungen\/#primaryimage"},"image":{"@id":"https:\/\/turbovac.nl\/de\/verpackungslosungen\/#primaryimage"},"thumbnailUrl":"https:\/\/turbovac.nl\/wp-content\/uploads\/2019\/10\/TT-zoom3940-1.jpg","datePublished":"2019-12-12T17:17:31+00:00","dateModified":"2020-05-29T09:23:32+00:00","description":"Turbovac bietet eine breite Palette von Verpackungsl\u00f6sungen f\u00fcr die folgenden M\u00e4rkte an: Gastronomie, fleisch- und lebensmittelverarbeitende Industrie.","breadcrumb":{"@id":"https:\/\/turbovac.nl\/de\/verpackungslosungen\/#breadcrumb"},"inLanguage":"de","potentialAction":[{"@type":"ReadAction","target":["https:\/\/turbovac.nl\/de\/verpackungslosungen\/"]}]},{"@type":"ImageObject","inLanguage":"de","@id":"https:\/\/turbovac.nl\/de\/verpackungslosungen\/#primaryimage","url":"https:\/\/turbovac.nl\/wp-content\/uploads\/2019\/10\/TT-zoom3940-1.jpg","contentUrl":"https:\/\/turbovac.nl\/wp-content\/uploads\/2019\/10\/TT-zoom3940-1.jpg","width":1000,"height":1064,"caption":"Tabletop detail Food processing industry"},{"@type":"BreadcrumbList","@id":"https:\/\/turbovac.nl\/de\/verpackungslosungen\/#breadcrumb","itemListElement":[{"@type":"ListItem","position":1,"name":"Home","item":"https:\/\/turbovac.nl\/de\/"},{"@type":"ListItem","position":2,"name":"Verpackungsl\u00f6sungen"}]},{"@type":"WebSite","@id":"https:\/\/turbovac.nl\/#website","url":"https:\/\/turbovac.nl\/","name":"TURBOVAC","description":"Vacuum Packaging Machines","potentialAction":[{"@type":"SearchAction","target":{"@type":"EntryPoint","urlTemplate":"https:\/\/turbovac.nl\/?s={search_term_string}"},"query-input":"required name=search_term_string"}],"inLanguage":"de"}]}},"_links":{"self":[{"href":"https:\/\/turbovac.nl\/de\/wp-json\/wp\/v2\/pages\/10517","targetHints":{"allow":["GET"]}}],"collection":[{"href":"https:\/\/turbovac.nl\/de\/wp-json\/wp\/v2\/pages"}],"about":[{"href":"https:\/\/turbovac.nl\/de\/wp-json\/wp\/v2\/types\/page"}],"author":[{"embeddable":true,"href":"https:\/\/turbovac.nl\/de\/wp-json\/wp\/v2\/users\/6"}],"replies":[{"embeddable":true,"href":"https:\/\/turbovac.nl\/de\/wp-json\/wp\/v2\/comments?post=10517"}],"version-history":[{"count":4,"href":"https:\/\/turbovac.nl\/de\/wp-json\/wp\/v2\/pages\/10517\/revisions"}],"predecessor-version":[{"id":10966,"href":"https:\/\/turbovac.nl\/de\/wp-json\/wp\/v2\/pages\/10517\/revisions\/10966"}],"wp:featuredmedia":[{"embeddable":true,"href":"https:\/\/turbovac.nl\/de\/wp-json\/wp\/v2\/media\/3902"}],"wp:attachment":[{"href":"https:\/\/turbovac.nl\/de\/wp-json\/wp\/v2\/media?parent=10517"}],"curies":[{"name":"wp","href":"https:\/\/api.w.org\/{rel}","templated":true}]}}