{"id":10521,"date":"2019-11-06T10:15:13","date_gmt":"2019-11-06T09:15:13","guid":{"rendered":"https:\/\/turbovac.nl\/verpackungslosungen\/traysealers\/"},"modified":"2022-09-27T11:12:11","modified_gmt":"2022-09-27T10:12:11","slug":"schalensiegler-modelle","status":"publish","type":"page","link":"https:\/\/turbovac.nl\/de\/verpackungslosungen\/schalensiegler-modelle\/","title":{"rendered":"Schalensiegler Modelle"},"content":{"rendered":"<p>[vc_row type=&#8220;full_width_background&#8220; bg_color=&#8220;#f9f9f9&#8243;][vc_column][vc_row_inner][vc_column_inner width=&#8220;1\/6&#8243;][\/vc_column_inner][vc_column_inner width=&#8220;2\/3&#8243;][vc_custom_heading text=&#8220;Geringe Investitionen, einfache Programmierung und sehr flexibel.&#8220; font_container=&#8220;tag:h2|font_size:16|text_align:center|color:%23878787|line_height:1.2&#8243; use_theme_fonts=&#8220;yes&#8220;][vc_empty_space height=&#8220;20&#8243;][vc_custom_heading text=&#8220;TURBOVAC SCHALENSIEGLER<br \/>\nTPS MINI and TPS XL&#8220; font_container=&#8220;tag:h1|font_size:40|text_align:center|color:%23494949|line_height:1.2&#8243; use_theme_fonts=&#8220;yes&#8220;][vc_empty_space height=&#8220;20&#8243;][\/vc_column_inner][vc_column_inner width=&#8220;1\/6&#8243;][\/vc_column_inner][\/vc_row_inner][vc_column_text]<\/p>\n<p style=\"text-align: center;\">Die Turbovac TPS-Schalensiegelger\u00e4te sind f\u00fcr die Verpackung von Lebensmitteln unter MAP-Bedingungen konzipiert. Geringe Investitionen, einfache Programmierung und Flexibilit\u00e4t erkl\u00e4ren die Beliebtheit dieser Maschinen. Die Forms\u00e4tze k\u00f6nnen aufgrund des einzigartigen &#8222;Easy-Mould-Change-Systems&#8220; einfach und ohne Werkzeuge gewechselt werden. Der vollautomatische Sensor steuert das Vakuum und die Gasinjektion, um die perfekte Atmosph\u00e4re im Inneren der Verpackung zu erschaffen.<\/p>\n<p>[\/vc_column_text][vc_empty_space height=&#8220;35px&#8220;][vc_row_inner el_class=&#8220;kolomOver&#8220;][vc_column_inner width=&#8220;1\/3&#8243; background_color=&#8220;#ffffff&#8220; el_class=&#8220;kolomOver&#8220;][vc_single_image image=&#8220;8991&#8243; img_size=&#8220;full&#8220; alignment=&#8220;center&#8220; onclick=&#8220;custom_link&#8220; link=&#8220;https:\/\/turbovac.nl\/de\/verpackungslosungen\/schalensiegler-modelle\/schalensiegler-tps-mini\/&#8220;][vc_custom_heading text=&#8220;SCHALENSIEGLER TPS MINI&#8220; font_container=&#8220;tag:h2|font_size:24|text_align:center|line_height:1&#8243; use_theme_fonts=&#8220;yes&#8220;][vc_column_text]<\/p>\n<p style=\"text-align: center;\">Max Dimension Fach<br \/>\n260 x 180 mm<\/p>\n<p>[\/vc_column_text][vc_btn title=&#8220;mehr lesen&#8220; style=&#8220;flat&#8220; shape=&#8220;square&#8220; color=&#8220;default&#8220; size=&#8220;xs&#8220; align=&#8220;center&#8220; i_align=&#8220;right&#8220; i_type=&#8220;typicons&#8220; i_icon_typicons=&#8220;typcn typcn-arrow-right&#8220; button_block=&#8220;true&#8220; add_icon=&#8220;true&#8220; link=&#8220;url:https%3A%2F%2Fturbovac.nl%2Fde%2Fverpackungslosungen%2Fschalenziegler-modelle%2Fschalenziegler-tps-mini%2F|||&#8220;][\/vc_column_inner][vc_column_inner width=&#8220;1\/3&#8243; el_class=&#8220;kolomOver&#8220;][vc_single_image image=&#8220;8981&#8243; img_size=&#8220;full&#8220; alignment=&#8220;center&#8220; onclick=&#8220;custom_link&#8220; link=&#8220;https:\/\/turbovac.nl\/de\/verpackungslosungen\/schalensiegler-modelle\/schalensiegler-tps-xl\/&#8220;][vc_custom_heading text=&#8220;SCHALENSIEGLER TPS XL&#8220; font_container=&#8220;tag:h2|font_size:24|text_align:center|line_height:1&#8243; use_theme_fonts=&#8220;yes&#8220;][vc_column_text]<\/p>\n<p style=\"text-align: center;\">Max Dimension Fach<br \/>\n370 x 270 mm<\/p>\n<p>[\/vc_column_text][vc_btn title=&#8220;mehr lesen&#8220; style=&#8220;flat&#8220; shape=&#8220;square&#8220; color=&#8220;default&#8220; size=&#8220;xs&#8220; align=&#8220;center&#8220; i_align=&#8220;right&#8220; i_type=&#8220;typicons&#8220; i_icon_typicons=&#8220;typcn typcn-arrow-right&#8220; button_block=&#8220;true&#8220; add_icon=&#8220;true&#8220; link=&#8220;url:https%3A%2F%2Fturbovac.nl%2Fde%2Fverpackungslosungen%2Fschalenziegler-modelle%2Fschalenziegler-tps-xl%2F|title:Tray%20Sealer%20TPS%20XL||&#8220;][\/vc_column_inner][vc_column_inner width=&#8220;1\/3&#8243;][vc_empty_space][vc_custom_heading text=&#8220;Vorteile des Tray Sealers:&#8220; font_container=&#8220;tag:h4|font_size:18|text_align:left|color:%23a5a5a5&#8243; use_theme_fonts=&#8220;yes&#8220;][vc_empty_space][list icon=&#8220;steadysets-icon-star&#8220;][list_item title=&#8220;Niedrige Investitionen&#8220;][list_item title=&#8220;Einfache Programmierung&#8220;][list_item title=&#8220;Einfacher und schneller Werkzeugwechsel&#8220;][list_item title=&#8220;Leichter Zugang, leicht zu reinigen&#8220;][list_item title=&#8220;Perfekt f\u00fcr Restaurants, Gastgewerbe, Essensst\u00e4nde und Caterer&#8220;][\/list][\/vc_column_inner][\/vc_row_inner][\/vc_column][\/vc_row][vc_row type=&#8220;full_width_background&#8220; bg_color=&#8220;#f9f9f9&#8243;][vc_column][vc_row_inner][vc_column_inner width=&#8220;1\/6&#8243;][\/vc_column_inner][vc_column_inner width=&#8220;2\/3&#8243;][vc_custom_heading text=&#8220;Verpackung von Fleisch, Gem\u00fcse, Obst, Fertiggerichten, portioniert in praktischen Schalen mit einer professionellen Pr\u00e4sentation.&#8220; font_container=&#8220;tag:h2|font_size:16|text_align:center|color:%23878787|line_height:1.2&#8243; use_theme_fonts=&#8220;yes&#8220;][vc_empty_space height=&#8220;20&#8243;][vc_custom_heading text=&#8220;TURBOVAC SCHALENSIEGLER<br \/>\nTPS 1000 and TPS 2000&#8243; font_container=&#8220;tag:h1|font_size:40|text_align:center|color:%23494949|line_height:1.2&#8243; use_theme_fonts=&#8220;yes&#8220;][vc_empty_space height=&#8220;20&#8243;][\/vc_column_inner][vc_column_inner width=&#8220;1\/6&#8243;][\/vc_column_inner][\/vc_row_inner][vc_column_text]<\/p>\n<p style=\"text-align: center;\">Die TPS 1000 und TPS 2000 sind speziell f\u00fcr den einfachen und schnellen Werkzeugwechsel konzipiert, der aus relativ leichten Komponenten besteht. Die transparente Abdeckung erm\u00f6glicht einen schnellen und vollst\u00e4ndigen Zugang f\u00fcr den Werkzeugwechsel, das Einlegen und F\u00fchren der Folie und die gr\u00fcndliche Reinigung der Maschine. Die TPS 2000 hat 2 Werkzeuge, was die Produktionskapazit\u00e4t im Vergleich zur TPS 1000 verdoppelt, und die Flexibilit\u00e4t durch die Installation von 2 verschiedenen Werkzeugen erh\u00f6ht. Dies erfordert lediglich eine \u00c4nderung der Einstellungen am Bedienfeld f\u00fcr die Umstellung auf eine andere Schalengr\u00f6\u00dfe. Die TPS-Reihe kann mit einer speziellen Sauerstoff-Busch-Pumpe f\u00fcr eine Begasung &gt; 21%, einer Fotozelle zur Zentrierung der bedruckten Folie ausgestattet werden. Die Ladefl\u00e4che kann erweitert werden, das Auslaufband kann motorisiert werden, und die Steuereinheit verf\u00fcgt \u00fcber Anschl\u00fcsse f\u00fcr Zusatzger\u00e4te.<\/p>\n<p>[\/vc_column_text][vc_empty_space height=&#8220;35px&#8220;][vc_row_inner el_class=&#8220;kolomOver&#8220;][vc_column_inner width=&#8220;2\/3&#8243; background_color=&#8220;#ffffff&#8220; el_class=&#8220;kolomOver&#8220;][vc_single_image image=&#8220;8986&#8243; img_size=&#8220;full&#8220; alignment=&#8220;center&#8220; onclick=&#8220;custom_link&#8220; link=&#8220;https:\/\/turbovac.nl\/de\/verpackungslosungen\/schalenziegler-modelle\/schalenziegler-tps-1000-2000\/&#8220;][vc_btn title=&#8220;mehr lesen&#8220; style=&#8220;flat&#8220; shape=&#8220;square&#8220; color=&#8220;default&#8220; size=&#8220;xs&#8220; align=&#8220;center&#8220; i_align=&#8220;right&#8220; i_type=&#8220;typicons&#8220; i_icon_typicons=&#8220;typcn typcn-arrow-right&#8220; button_block=&#8220;true&#8220; add_icon=&#8220;true&#8220; link=&#8220;url:https%3A%2F%2Fturbovac.nl%2Fde%2Fverpackungslosungen%2Fschalenziegler-modelle%2Fschalenziegler-tps-1000-2000%2F|title:Tray%20Sealer%20TPS%20XL||&#8220;][\/vc_column_inner][vc_column_inner width=&#8220;1\/3&#8243; el_class=&#8220;kolomOver&#8220;][vc_empty_space][vc_custom_heading text=&#8220;Vorteile des Schalensiegler&#8220; font_container=&#8220;tag:h4|font_size:18|text_align:left|color:%23a5a5a5&#8243; use_theme_fonts=&#8220;yes&#8220;][vc_empty_space][list icon=&#8220;steadysets-icon-star&#8220;][list_item title=&#8220;Niedrige Investitionen.&#8220;][list_item title=&#8220;Einfache Programmierung&#8220;][list_item title=&#8220;Einfacher und schneller Werkzeugwechsel&#8220;][list_item title=&#8220;Leichter Zugang, leicht zu reinigen&#8220;][list_item title=&#8220;Verpackung von Fleisch, Gem\u00fcse, Obst, Fertiggerichte, portioniert in praktischen Schalen mit einer professionellen Pr\u00e4sentation&#8220;][\/list][\/vc_column_inner][\/vc_row_inner][\/vc_column][\/vc_row][vc_row full_width=&#8220;&#8220; parallax=&#8220;&#8220; parallax_image=&#8220;&#8220;][vc_column width=&#8220;1\/3&#8243; css=&#8220;.vc_custom_1568118419395{border-top-width: 1px !important;border-top-color: #d1d1d1 !important;border-top-style: solid !important;}&#8220;][vc_empty_space][vc_custom_heading text=&#8220;CE- und ETL-zertifiziert&#8220; font_container=&#8220;tag:h2|font_size:22|text_align:left&#8220; use_theme_fonts=&#8220;yes&#8220;][vc_empty_space height=&#8220;15&#8243;][vc_column_text]<\/p>\n<div class=\"col-lg-4\">\n<div class=\"media\">\n<div class=\"media__content\">\n<p class=\"media__text\">Turbovac-Anlagen sind ETL-zertifiziert und entsprechen den UL-, NSF- und CE-Normen.<\/p>\n<\/div>\n<\/div>\n<\/div>\n<div class=\"col-lg-4\">\n<div class=\"media\">\n<div class=\"media__icon\"><\/div>\n<\/div>\n<\/div>\n<p>[\/vc_column_text][\/vc_column][vc_column width=&#8220;1\/3&#8243; css=&#8220;.vc_custom_1568118428707{border-top-width: 1px !important;border-top-color: #d8d8d8 !important;border-top-style: solid !important;}&#8220;][vc_empty_space][vc_custom_heading text=&#8220;Busch-Pumpe&#8220; font_container=&#8220;tag:h2|font_size:22|text_align:left|color:%234c4c4c&#8220; use_theme_fonts=&#8220;yes&#8220;][vc_empty_space height=&#8220;15&#8243;][vc_column_text]<\/p>\n<div class=\"col-lg-4\">\n<div class=\"media\">\n<div class=\"media__content\">\n<p class=\"media__text\">Alle Turbovac-Maschinen sind mit einer Busch-Vakuumpumpe ausgestattet.<\/p>\n<\/div>\n<\/div>\n<\/div>\n<p>[\/vc_column_text][\/vc_column][vc_column width=&#8220;1\/3&#8243; css=&#8220;.vc_custom_1568118438842{border-top-width: 1px !important;border-top-color: #dddddd !important;border-top-style: solid !important;}&#8220;][vc_empty_space][vc_custom_heading text=&#8220;Optionen&#8220; font_container=&#8220;tag:h2|font_size:22|text_align:left|color:%234c4c4c&#8220; use_theme_fonts=&#8220;yes&#8220;][vc_empty_space height=&#8220;15&#8243;][vc_column_text]<\/p>\n<div class=\"col-lg-4\">\n<div class=\"media\">\n<div class=\"media__content\">\n<p class=\"media__text\">Alle Turbovac-Maschinen sind mit verschiedenen Optionen erh\u00e4ltlich.<\/p>\n<\/div>\n<\/div>\n<\/div>\n<p>[\/vc_column_text][\/vc_column][\/vc_row][vc_row type=&#8220;full_width_background&#8220; bg_color=&#8220;#b20000&#8243; text_color=&#8220;light&#8220; top_padding=&#8220;35&#8243; bottom_padding=&#8220;35&#8243;][vc_column][textbar button_title=&#8220;KONTAKTIEREN SIE UNSERE SPEZIALISTEN&#8220; button_link=&#8220;https:\/\/turbovac.nl\/de\/kontaktformular\/&#8220; icon=&#8220;steadysets-icon-type&#8220;]<\/p>\n<p style=\"text-align: left;\">Haben Sie Fragen zu unseren Schalensiegler Modelle?<\/p>\n<p>[\/textbar][\/vc_column][\/vc_row][vc_row type=&#8220;full_width_content&#8220; bg_image=&#8220;2610&#8243; bg_color=&#8220;#6d6d6d&#8220; top_padding=&#8220;0&#8243;][vc_column width=&#8220;1\/2&#8243; centered_cont=&#8220;true&#8220; background_image=&#8220;4472&#8243;][vc_column_text]<br \/>\n[\/vc_column_text][\/vc_column][vc_column width=&#8220;1\/2&#8243; column_padding=&#8220;4%&#8220; css=&#8220;.vc_custom_1582113001231{background-color: #333333 !important;}&#8220;][vc_empty_space height=&#8220;125&#8243;][vc_custom_heading text=&#8220;&#8222;Die Turbovac-Schalenverschlie\u00dfer bieten langlebige Qualit\u00e4t&#8222;&#8220; font_container=&#8220;tag:h2|font_size:40|text_align:left|color:%23ffffff|line_height:1.2&#8243; google_fonts=&#8220;font_family:Merriweather%3A300%2C300italic%2Cregular%2Citalic%2C700%2C700italic%2C900%2C900italic|font_style:300%20light%20italic%3A300%3Aitalic&#8220;][vc_empty_space height=&#8220;125&#8243;][\/vc_column][\/vc_row][vc_row type=&#8220;full_width_background&#8220; class=&#8220;kolomOver&#8220;][vc_column width=&#8220;1\/3&#8243; el_class=&#8220;kolomOver&#8220;][services_medium title=&#8220;FLEISCHINDUSTRIE&#8220; style=&#8220;style_3&#8243; icon=&#8220;steadysets-icon-bones&#8220; icon_color=&#8220;#d20037&#8243; border_color=&#8220;#d20037&#8243; dynamic_content_link=&#8220;https:\/\/turbovac.nl\/de\/markte\/fleischverarbeitungsindustrie\/&#8220;]Hochwertige Verpackungen zur Verbesserung.[\/services_medium][\/vc_column][vc_column width=&#8220;1\/3&#8243; el_class=&#8220;kolomOver&#8220;][services_medium title=&#8220;LEBENSMITTELVERARBEITUNG&#8220; style=&#8220;style_3&#8243; icon=&#8220;linecon-icon-food&#8220; icon_color=&#8220;#d20037&#8243; border_color=&#8220;#d20037&#8243; dynamic_content_link=&#8220;https:\/\/turbovac.nl\/de\/markte\/lebensmittelverarbeitungsindustrie\/&#8220;]Optimalisierung und Flexibilit\u00e4t in allen Arten der Lebensmittelverarbeitung.[\/services_medium][\/vc_column][vc_column width=&#8220;1\/3&#8243; el_class=&#8220;kolomOver&#8220;][services_medium title=&#8220;Non-food Industrie&#8220; style=&#8220;style_3&#8243; icon=&#8220;steadysets-icon-lab&#8220; icon_color=&#8220;#d20037&#8243; border_color=&#8220;#d20037&#8243; dynamic_content_link=&#8220;https:\/\/turbovac.nl\/de\/markte\/non-food-industrie\/&#8220;]Optimaler Schutz gegen Schmutz, Staub und Feuchtigkeit.[\/services_medium][\/vc_column][\/vc_row][vc_row type=&#8220;full_width_content&#8220;][vc_column background_color=&#8220;#3a3a3a&#8220; background_color_opacity=&#8220;0.75&#8243;][vc_empty_space][vc_custom_heading text=&#8220;CAPTURE QUALITY&#8220; font_container=&#8220;tag:h2|font_size:35|text_align:center|color:%23ffffff|line_height:1.25&#8243; use_theme_fonts=&#8220;yes&#8220;][vc_empty_space][\/vc_column][\/vc_row]<\/p>\n","protected":false},"excerpt":{"rendered":"<p>[vc_row type=&#8220;full_width_background&#8220; bg_color=&#8220;#f9f9f9&#8243;][vc_column][vc_row_inner][vc_column_inner width=&#8220;1\/6&#8243;][\/vc_column_inner][vc_column_inner width=&#8220;2\/3&#8243;][vc_custom_heading text=&#8220;Geringe Investitionen, einfache Programmierung und sehr flexibel.&#8220; font_container=&#8220;tag:h2|font_size:16|text_align:center|color:%23878787|line_height:1.2&#8243; use_theme_fonts=&#8220;yes&#8220;][vc_empty_space height=&#8220;20&#8243;][vc_custom_heading text=&#8220;TURBOVAC SCHALENSIEGLER TPS MINI and TPS XL&#8220; font_container=&#8220;tag:h1|font_size:40|text_align:center|color:%23494949|line_height:1.2&#8243; use_theme_fonts=&#8220;yes&#8220;][vc_empty_space height=&#8220;20&#8243;][\/vc_column_inner][vc_column_inner width=&#8220;1\/6&#8243;][\/vc_column_inner][\/vc_row_inner][vc_column_text] Die Turbovac TPS-Schalensiegelger\u00e4te sind f\u00fcr die Verpackung von Lebensmitteln unter MAP-Bedingungen konzipiert. Geringe Investitionen, einfache Programmierung und Flexibilit\u00e4t erkl\u00e4ren die Beliebtheit dieser Maschinen. Die Forms\u00e4tze k\u00f6nnen aufgrund des einzigartigen [&hellip;]<\/p>\n","protected":false},"author":6,"featured_media":3902,"parent":10517,"menu_order":0,"comment_status":"closed","ping_status":"closed","template":"","meta":{"_monsterinsights_skip_tracking":false,"_monsterinsights_sitenote_active":false,"_monsterinsights_sitenote_note":"","_monsterinsights_sitenote_category":0,"footnotes":""},"class_list":["post-10521","page","type-page","status-publish","has-post-thumbnail","hentry"],"yoast_head":"<!-- This site is optimized with the Yoast SEO plugin v22.7 - https:\/\/yoast.com\/wordpress\/plugins\/seo\/ -->\n<title>Schalensiegler Modelle | Turbovac - Erste Wahl fu\u0308r Fachleute<\/title>\n<meta name=\"description\" content=\"Die TPS Schalensiegler Modelle sind f\u00fcr die Verpackung von Lebensmitteln unter MAP-Bedingungen konzipiert. Geringe Investition, einfache Programmierung.\" \/>\n<meta name=\"robots\" content=\"index, follow, max-snippet:-1, max-image-preview:large, max-video-preview:-1\" \/>\n<link rel=\"canonical\" href=\"https:\/\/turbovac.nl\/de\/verpackungslosungen\/schalensiegler-modelle\/\" \/>\n<meta property=\"og:locale\" content=\"de_DE\" \/>\n<meta property=\"og:type\" content=\"article\" \/>\n<meta property=\"og:title\" content=\"Schalensiegler Modelle | Turbovac - Erste Wahl fu\u0308r Fachleute\" \/>\n<meta property=\"og:description\" content=\"Die TPS Schalensiegler Modelle sind f\u00fcr die Verpackung von Lebensmitteln unter MAP-Bedingungen konzipiert. Geringe Investition, einfache Programmierung.\" \/>\n<meta property=\"og:url\" content=\"https:\/\/turbovac.nl\/de\/verpackungslosungen\/schalensiegler-modelle\/\" \/>\n<meta property=\"og:site_name\" content=\"TURBOVAC\" \/>\n<meta property=\"article:modified_time\" content=\"2022-09-27T10:12:11+00:00\" \/>\n<meta property=\"og:image\" content=\"https:\/\/turbovac.nl\/wp-content\/uploads\/2019\/10\/TT-zoom3940-1.jpg\" \/>\n\t<meta property=\"og:image:width\" content=\"1000\" \/>\n\t<meta property=\"og:image:height\" content=\"1064\" \/>\n\t<meta property=\"og:image:type\" content=\"image\/jpeg\" \/>\n<meta name=\"twitter:card\" content=\"summary_large_image\" \/>\n<meta name=\"twitter:label1\" content=\"Gesch\u00e4tzte Lesezeit\" \/>\n\t<meta name=\"twitter:data1\" content=\"3\u00a0Minuten\" \/>\n<script type=\"application\/ld+json\" class=\"yoast-schema-graph\">{\"@context\":\"https:\/\/schema.org\",\"@graph\":[{\"@type\":\"WebPage\",\"@id\":\"https:\/\/turbovac.nl\/de\/verpackungslosungen\/schalensiegler-modelle\/\",\"url\":\"https:\/\/turbovac.nl\/de\/verpackungslosungen\/schalensiegler-modelle\/\",\"name\":\"Schalensiegler Modelle | Turbovac - Erste Wahl fu\u0308r Fachleute\",\"isPartOf\":{\"@id\":\"https:\/\/turbovac.nl\/#website\"},\"primaryImageOfPage\":{\"@id\":\"https:\/\/turbovac.nl\/de\/verpackungslosungen\/schalensiegler-modelle\/#primaryimage\"},\"image\":{\"@id\":\"https:\/\/turbovac.nl\/de\/verpackungslosungen\/schalensiegler-modelle\/#primaryimage\"},\"thumbnailUrl\":\"https:\/\/turbovac.nl\/wp-content\/uploads\/2019\/10\/TT-zoom3940-1.jpg\",\"datePublished\":\"2019-11-06T09:15:13+00:00\",\"dateModified\":\"2022-09-27T10:12:11+00:00\",\"description\":\"Die TPS Schalensiegler Modelle sind f\u00fcr die Verpackung von Lebensmitteln unter MAP-Bedingungen konzipiert. Geringe Investition, einfache Programmierung.\",\"breadcrumb\":{\"@id\":\"https:\/\/turbovac.nl\/de\/verpackungslosungen\/schalensiegler-modelle\/#breadcrumb\"},\"inLanguage\":\"de\",\"potentialAction\":[{\"@type\":\"ReadAction\",\"target\":[\"https:\/\/turbovac.nl\/de\/verpackungslosungen\/schalensiegler-modelle\/\"]}]},{\"@type\":\"ImageObject\",\"inLanguage\":\"de\",\"@id\":\"https:\/\/turbovac.nl\/de\/verpackungslosungen\/schalensiegler-modelle\/#primaryimage\",\"url\":\"https:\/\/turbovac.nl\/wp-content\/uploads\/2019\/10\/TT-zoom3940-1.jpg\",\"contentUrl\":\"https:\/\/turbovac.nl\/wp-content\/uploads\/2019\/10\/TT-zoom3940-1.jpg\",\"width\":1000,\"height\":1064,\"caption\":\"Tabletop detail Food processing industry\"},{\"@type\":\"BreadcrumbList\",\"@id\":\"https:\/\/turbovac.nl\/de\/verpackungslosungen\/schalensiegler-modelle\/#breadcrumb\",\"itemListElement\":[{\"@type\":\"ListItem\",\"position\":1,\"name\":\"Home\",\"item\":\"https:\/\/turbovac.nl\/de\/\"},{\"@type\":\"ListItem\",\"position\":2,\"name\":\"Verpackungsl\u00f6sungen\",\"item\":\"https:\/\/turbovac.nl\/de\/verpackungslosungen\/\"},{\"@type\":\"ListItem\",\"position\":3,\"name\":\"Schalensiegler Modelle\"}]},{\"@type\":\"WebSite\",\"@id\":\"https:\/\/turbovac.nl\/#website\",\"url\":\"https:\/\/turbovac.nl\/\",\"name\":\"TURBOVAC\",\"description\":\"Vacuum Packaging Machines\",\"potentialAction\":[{\"@type\":\"SearchAction\",\"target\":{\"@type\":\"EntryPoint\",\"urlTemplate\":\"https:\/\/turbovac.nl\/?s={search_term_string}\"},\"query-input\":\"required name=search_term_string\"}],\"inLanguage\":\"de\"}]}<\/script>\n<!-- \/ Yoast SEO plugin. -->","yoast_head_json":{"title":"Schalensiegler Modelle | Turbovac - Erste Wahl fu\u0308r Fachleute","description":"Die TPS Schalensiegler Modelle sind f\u00fcr die Verpackung von Lebensmitteln unter MAP-Bedingungen konzipiert. Geringe Investition, einfache Programmierung.","robots":{"index":"index","follow":"follow","max-snippet":"max-snippet:-1","max-image-preview":"max-image-preview:large","max-video-preview":"max-video-preview:-1"},"canonical":"https:\/\/turbovac.nl\/de\/verpackungslosungen\/schalensiegler-modelle\/","og_locale":"de_DE","og_type":"article","og_title":"Schalensiegler Modelle | Turbovac - Erste Wahl fu\u0308r Fachleute","og_description":"Die TPS Schalensiegler Modelle sind f\u00fcr die Verpackung von Lebensmitteln unter MAP-Bedingungen konzipiert. Geringe Investition, einfache Programmierung.","og_url":"https:\/\/turbovac.nl\/de\/verpackungslosungen\/schalensiegler-modelle\/","og_site_name":"TURBOVAC","article_modified_time":"2022-09-27T10:12:11+00:00","og_image":[{"width":1000,"height":1064,"url":"https:\/\/turbovac.nl\/wp-content\/uploads\/2019\/10\/TT-zoom3940-1.jpg","type":"image\/jpeg"}],"twitter_card":"summary_large_image","twitter_misc":{"Gesch\u00e4tzte Lesezeit":"3\u00a0Minuten"},"schema":{"@context":"https:\/\/schema.org","@graph":[{"@type":"WebPage","@id":"https:\/\/turbovac.nl\/de\/verpackungslosungen\/schalensiegler-modelle\/","url":"https:\/\/turbovac.nl\/de\/verpackungslosungen\/schalensiegler-modelle\/","name":"Schalensiegler Modelle | Turbovac - Erste Wahl fu\u0308r Fachleute","isPartOf":{"@id":"https:\/\/turbovac.nl\/#website"},"primaryImageOfPage":{"@id":"https:\/\/turbovac.nl\/de\/verpackungslosungen\/schalensiegler-modelle\/#primaryimage"},"image":{"@id":"https:\/\/turbovac.nl\/de\/verpackungslosungen\/schalensiegler-modelle\/#primaryimage"},"thumbnailUrl":"https:\/\/turbovac.nl\/wp-content\/uploads\/2019\/10\/TT-zoom3940-1.jpg","datePublished":"2019-11-06T09:15:13+00:00","dateModified":"2022-09-27T10:12:11+00:00","description":"Die TPS Schalensiegler Modelle sind f\u00fcr die Verpackung von Lebensmitteln unter MAP-Bedingungen konzipiert. Geringe Investition, einfache Programmierung.","breadcrumb":{"@id":"https:\/\/turbovac.nl\/de\/verpackungslosungen\/schalensiegler-modelle\/#breadcrumb"},"inLanguage":"de","potentialAction":[{"@type":"ReadAction","target":["https:\/\/turbovac.nl\/de\/verpackungslosungen\/schalensiegler-modelle\/"]}]},{"@type":"ImageObject","inLanguage":"de","@id":"https:\/\/turbovac.nl\/de\/verpackungslosungen\/schalensiegler-modelle\/#primaryimage","url":"https:\/\/turbovac.nl\/wp-content\/uploads\/2019\/10\/TT-zoom3940-1.jpg","contentUrl":"https:\/\/turbovac.nl\/wp-content\/uploads\/2019\/10\/TT-zoom3940-1.jpg","width":1000,"height":1064,"caption":"Tabletop detail Food processing industry"},{"@type":"BreadcrumbList","@id":"https:\/\/turbovac.nl\/de\/verpackungslosungen\/schalensiegler-modelle\/#breadcrumb","itemListElement":[{"@type":"ListItem","position":1,"name":"Home","item":"https:\/\/turbovac.nl\/de\/"},{"@type":"ListItem","position":2,"name":"Verpackungsl\u00f6sungen","item":"https:\/\/turbovac.nl\/de\/verpackungslosungen\/"},{"@type":"ListItem","position":3,"name":"Schalensiegler Modelle"}]},{"@type":"WebSite","@id":"https:\/\/turbovac.nl\/#website","url":"https:\/\/turbovac.nl\/","name":"TURBOVAC","description":"Vacuum Packaging Machines","potentialAction":[{"@type":"SearchAction","target":{"@type":"EntryPoint","urlTemplate":"https:\/\/turbovac.nl\/?s={search_term_string}"},"query-input":"required name=search_term_string"}],"inLanguage":"de"}]}},"_links":{"self":[{"href":"https:\/\/turbovac.nl\/de\/wp-json\/wp\/v2\/pages\/10521","targetHints":{"allow":["GET"]}}],"collection":[{"href":"https:\/\/turbovac.nl\/de\/wp-json\/wp\/v2\/pages"}],"about":[{"href":"https:\/\/turbovac.nl\/de\/wp-json\/wp\/v2\/types\/page"}],"author":[{"embeddable":true,"href":"https:\/\/turbovac.nl\/de\/wp-json\/wp\/v2\/users\/6"}],"replies":[{"embeddable":true,"href":"https:\/\/turbovac.nl\/de\/wp-json\/wp\/v2\/comments?post=10521"}],"version-history":[{"count":8,"href":"https:\/\/turbovac.nl\/de\/wp-json\/wp\/v2\/pages\/10521\/revisions"}],"predecessor-version":[{"id":11907,"href":"https:\/\/turbovac.nl\/de\/wp-json\/wp\/v2\/pages\/10521\/revisions\/11907"}],"up":[{"embeddable":true,"href":"https:\/\/turbovac.nl\/de\/wp-json\/wp\/v2\/pages\/10517"}],"wp:featuredmedia":[{"embeddable":true,"href":"https:\/\/turbovac.nl\/de\/wp-json\/wp\/v2\/media\/3902"}],"wp:attachment":[{"href":"https:\/\/turbovac.nl\/de\/wp-json\/wp\/v2\/media?parent=10521"}],"curies":[{"name":"wp","href":"https:\/\/api.w.org\/{rel}","templated":true}]}}