{"id":10529,"date":"2019-11-10T10:52:03","date_gmt":"2019-11-10T09:52:03","guid":{"rendered":"https:\/\/turbovac.nl\/verpackungslosungen\/thermoformers\/"},"modified":"2020-05-31T16:42:18","modified_gmt":"2020-05-31T15:42:18","slug":"tiefziehmaschinen","status":"publish","type":"page","link":"https:\/\/turbovac.nl\/de\/verpackungslosungen\/tiefziehmaschinen\/","title":{"rendered":"Tiefziehmaschinen"},"content":{"rendered":"<p>[vc_row type=&#8220;full_width_background&#8220; bg_color=&#8220;#fcfcfc&#8220;][vc_column][vc_row_inner][vc_column_inner width=&#8220;1\/6&#8243;][\/vc_column_inner][vc_column_inner width=&#8220;2\/3&#8243;][vc_custom_heading text=&#8220;F\u00fcr flexibele und starre Folien&#8220; font_container=&#8220;tag:h2|font_size:16|text_align:center|color:%23727272|line_height:1.2&#8243; use_theme_fonts=&#8220;yes&#8220;][vc_empty_space height=&#8220;20&#8243;][vc_custom_heading text=&#8220;TURBOVAC TIEFZIEHMASCHINEN&#8220; font_container=&#8220;tag:h1|font_size:40|text_align:center|color:%23494949&#8243; use_theme_fonts=&#8220;yes&#8220;][vc_empty_space height=&#8220;20&#8243;][\/vc_column_inner][vc_column_inner width=&#8220;1\/6&#8243;][\/vc_column_inner][\/vc_row_inner][vc_column_text]<\/p>\n<p style=\"text-align: center;\">Das Angebot an Tiefziehmaschinen wurde entwickelt, um die Anforderungen kleiner bis mittelgro\u00dfer Verarbeitungsbetriebe zu erf\u00fcllen, die das beste Preis-Leistungs-Verh\u00e4ltnis mit Bezug auf Leistung, Hygiene, Qualit\u00e4t, Zuverl\u00e4ssigkeit, Wartungsfreundlichkeit und Haltbarkeit ben\u00f6tigen. Das intuitive, benutzerfreundliche Steuersystem erleichtert die Programmierung, liefert relevante Managementinformationen und gew\u00e4hrleistet den ordnungsgem\u00e4\u00dfen Betrieb.<\/p>\n<p>[\/vc_column_text][vc_row_inner][vc_column_inner width=&#8220;1\/2&#8243;][vc_empty_space height=&#8220;60&#8243;][vc_custom_heading text=&#8220;Ma\u00dfgeschneiderte Tiefziehmaschinen der Weltklasse f\u00fcr flexibele und starre Folien.&#8220; font_container=&#8220;tag:h2|font_size:22|text_align:left&#8220; google_fonts=&#8220;font_family:Raleway%3A100%2C200%2C300%2Cregular%2C500%2C600%2C700%2C800%2C900|font_style:700%20bold%20regular%3A700%3Anormal&#8220;][vc_empty_space height=&#8220;15&#8243;][vc_column_text]<strong>&gt; Standard-Folienbreiten: 285 &#8211; 320 &#8211; 355 &#8211; 420 Mm.<\/strong><br \/>\n<strong>&gt; Standardh\u00f6he: 240 &#8211; 270 &#8211; 300 Mm.<\/strong><br \/>\n<strong>&gt; Alle anderen verf\u00fcgbaren Optionen.<\/strong>[\/vc_column_text][list icon=&#8220;steadysets-icon-star&#8220;][list_item title=&#8220;Standard: Display vorbereitet f\u00fcr Fernverbindung und -steuerung \u00fcber Ethernet; z.B. f\u00fcr Software-Updates.&#8220;][list_item title=&#8220;Standard: Synchronisation f\u00fcr Peripherieger\u00e4te wie Etikettierer, Drucker, F\u00fcller oder Beladeroboter.&#8220;][list_item title=&#8220;Standard: Schaltschrankheizung zur Vermeidung von Kondensation an elektrischen Schaltkreisen.&#8220;][\/list][vc_empty_space height=&#8220;40&#8243;][vc_btn title=&#8220;F\u00fcllen Sie Ihre spezifischen Angaben aus und fordern Sie einen Kostenvoranschlag&#8220; style=&#8220;outline&#8220; shape=&#8220;square&#8220; color=&#8220;juicy-pink&#8220; size=&#8220;lg&#8220; link=&#8220;url:https%3A%2F%2Fturbovac.nl%2Fde%2Ftiefziehmaschinen-konfigurator%2F|title:THERMOFORMER%20MACHINE%20CONFIGURATOR||&#8220;][vc_column_text]Alle Teile sind f\u00fcr eine einfache Wartung und Reinigung sehr gut zug\u00e4nglich. Die kompromisslose Auswahl von Qualit\u00e4tsmaterialien und Design macht uns stolz, diese Palette von Tiefziehmaschinen anbieten zu k\u00f6nnen.[\/vc_column_text][\/vc_column_inner][vc_column_inner width=&#8220;1\/2&#8243;][vc_empty_space][vc_single_image image=&#8220;9001&#8243; img_size=&#8220;large&#8220; alignment=&#8220;center&#8220;][vc_btn title=&#8220;ALLE MODELLE UND SPEZIFIKATIONEN ANZEIGEN&#8220; style=&#8220;flat&#8220; shape=&#8220;square&#8220; color=&#8220;juicy-pink&#8220; align=&#8220;center&#8220; i_align=&#8220;right&#8220; i_type=&#8220;openiconic&#8220; i_icon_openiconic=&#8220;vc-oi vc-oi-down-circle&#8220; button_block=&#8220;true&#8220; add_icon=&#8220;true&#8220; link=&#8220;url:https%3A%2F%2Fturbovac.nl%2Fwp-content%2Fuploads%2F2020%2F05%2F10-Turbovac-Flugzettel-Tiefziehmaschinen.pdf||target:%20_blank|&#8220;][vc_btn title=&#8220;BROSCH\u00dcRE HERUNTERLADEN&#8220; style=&#8220;flat&#8220; shape=&#8220;square&#8220; align=&#8220;center&#8220; i_align=&#8220;right&#8220; i_type=&#8220;openiconic&#8220; i_icon_openiconic=&#8220;vc-oi vc-oi-down-circle&#8220; button_block=&#8220;true&#8220; add_icon=&#8220;true&#8220; link=&#8220;url:https%3A%2F%2Fturbovac.nl%2Fwp-content%2Fuploads%2F2020%2F02%2F140519-TV-Corporate-Brochure-DE.pdf||target:%20_blank|&#8220;][\/vc_column_inner][\/vc_row_inner][\/vc_column][\/vc_row][vc_row full_width=&#8220;&#8220; parallax=&#8220;&#8220; parallax_image=&#8220;&#8220;][vc_column width=&#8220;1\/3&#8243; css=&#8220;.vc_custom_1568118419395{border-top-width: 1px !important;border-top-color: #d1d1d1 !important;border-top-style: solid !important;}&#8220;][vc_empty_space][vc_custom_heading text=&#8220;CE- und ETL-zertifiziert&#8220; font_container=&#8220;tag:h2|font_size:22|text_align:left&#8220; use_theme_fonts=&#8220;yes&#8220;][vc_empty_space height=&#8220;15&#8243;][vc_column_text]<\/p>\n<div class=\"col-lg-4\">\n<div class=\"media\">\n<div class=\"media__content\">\n<p class=\"media__text\">Turbovac-Anlagen sind ETL-zertifiziert und entsprechen den UL-, NSF- und CE-Normen.<\/p>\n<\/div>\n<\/div>\n<\/div>\n<div class=\"col-lg-4\">\n<div class=\"media\">\n<div class=\"media__icon\"><\/div>\n<\/div>\n<\/div>\n<p>[\/vc_column_text][\/vc_column][vc_column width=&#8220;1\/3&#8243; css=&#8220;.vc_custom_1568118428707{border-top-width: 1px !important;border-top-color: #d8d8d8 !important;border-top-style: solid !important;}&#8220;][vc_empty_space][vc_custom_heading text=&#8220;Busch-Pumpe&#8220; font_container=&#8220;tag:h2|font_size:22|text_align:left|color:%234c4c4c&#8220; use_theme_fonts=&#8220;yes&#8220;][vc_empty_space height=&#8220;15&#8243;][vc_column_text]<\/p>\n<div class=\"col-lg-4\">\n<div class=\"media\">\n<div class=\"media__content\">\n<p class=\"media__text\">Alle Turbovac-Maschinen sind mit einer Busch-Vakuumpumpe ausgestattet.<\/p>\n<\/div>\n<\/div>\n<\/div>\n<p>[\/vc_column_text][\/vc_column][vc_column width=&#8220;1\/3&#8243; css=&#8220;.vc_custom_1568118438842{border-top-width: 1px !important;border-top-color: #dddddd !important;border-top-style: solid !important;}&#8220;][vc_empty_space][vc_custom_heading text=&#8220;Optionen&#8220; font_container=&#8220;tag:h2|font_size:22|text_align:left|color:%234c4c4c&#8220; use_theme_fonts=&#8220;yes&#8220;][vc_empty_space height=&#8220;15&#8243;][vc_column_text]<\/p>\n<div class=\"col-lg-4\">\n<div class=\"media\">\n<div class=\"media__content\">\n<p class=\"media__text\">Alle Turbovac-Maschinen sind mit verschiedenen Optionen erh\u00e4ltlich.<\/p>\n<\/div>\n<\/div>\n<\/div>\n<p>[\/vc_column_text][\/vc_column][\/vc_row][vc_row type=&#8220;full_width_background&#8220; bg_color=&#8220;#b20000&#8243; text_color=&#8220;light&#8220; top_padding=&#8220;35&#8243; bottom_padding=&#8220;35&#8243;][vc_column][textbar button_title=&#8220;KONTAKTIEREN SIE UNSERE SPEZIALISTEN&#8220; button_link=&#8220;https:\/\/turbovac.nl\/de\/kontaktformular\/&#8220; icon=&#8220;steadysets-icon-type&#8220;]<\/p>\n<p style=\"text-align: left;\">Haben Sie Fragen zu unseren Tiefziehmaschinen?<\/p>\n<p>[\/textbar][\/vc_column][\/vc_row][vc_row type=&#8220;full_width_content&#8220; bg_image=&#8220;2610&#8243; bg_color=&#8220;#6d6d6d&#8220; top_padding=&#8220;0&#8243;][vc_column width=&#8220;1\/2&#8243; centered_cont=&#8220;true&#8220; background_image=&#8220;6416&#8243;][vc_column_text]<br \/>\n[\/vc_column_text][\/vc_column][vc_column width=&#8220;1\/2&#8243; column_padding=&#8220;4%&#8220; css=&#8220;.vc_custom_1582121599893{background-color: #333333 !important;}&#8220;][vc_empty_space height=&#8220;200&#8243;][vc_custom_heading text=&#8220;&#8222;Dieser Tiefziehmaschinen tr\u00e4gt zur Umsetzung unserer Qualit\u00e4tsanforderungen bei&#8222;&#8220; font_container=&#8220;tag:h2|font_size:40|text_align:left|color:%23ffffff|line_height:1.2&#8243; google_fonts=&#8220;font_family:Merriweather%3A300%2C300italic%2Cregular%2Citalic%2C700%2C700italic%2C900%2C900italic|font_style:300%20light%20italic%3A300%3Aitalic&#8220;][vc_empty_space height=&#8220;200&#8243;][\/vc_column][\/vc_row][vc_row type=&#8220;full_width_background&#8220; class=&#8220;kolomOver&#8220;][vc_column width=&#8220;1\/3&#8243; el_class=&#8220;kolomOver&#8220;][services_medium title=&#8220;FLEISCHINDUSTRIE&#8220; style=&#8220;style_3&#8243; icon=&#8220;steadysets-icon-bones&#8220; icon_color=&#8220;#d20037&#8243; border_color=&#8220;#d20037&#8243; dynamic_content_link=&#8220;https:\/\/turbovac.nl\/de\/markte\/fleischverarbeitungsindustrie\/&#8220;]Hochwertige Verpackungen zur Verbesserung.[\/services_medium][\/vc_column][vc_column width=&#8220;1\/3&#8243; el_class=&#8220;kolomOver&#8220;][services_medium title=&#8220;LEBENSMITTELVERARBEITUNG&#8220; style=&#8220;style_3&#8243; icon=&#8220;linecon-icon-food&#8220; icon_color=&#8220;#d20037&#8243; border_color=&#8220;#d20037&#8243; dynamic_content_link=&#8220;https:\/\/turbovac.nl\/de\/markte\/lebensmittelverarbeitungsindustrie\/&#8220;]Optimalisierung und Flexibilit\u00e4t in allen Arten der Lebensmittelverarbeitung.[\/services_medium][\/vc_column][vc_column width=&#8220;1\/3&#8243; el_class=&#8220;kolomOver&#8220;][services_medium title=&#8220;Non-food Industrie&#8220; style=&#8220;style_3&#8243; icon=&#8220;steadysets-icon-lab&#8220; icon_color=&#8220;#d20037&#8243; border_color=&#8220;#d20037&#8243; dynamic_content_link=&#8220;https:\/\/turbovac.nl\/de\/markte\/non-food-industrie\/&#8220;]Optimaler Schutz gegen Schmutz, Staub und Feuchtigkeit.[\/services_medium][\/vc_column][\/vc_row][vc_row type=&#8220;full_width_content&#8220;][vc_column background_color=&#8220;#75001f&#8220;][vc_empty_space][vc_custom_heading text=&#8220;CAPTURE QUALITY&#8220; font_container=&#8220;tag:h2|font_size:35|text_align:center|color:%23ffffff|line_height:1.25&#8243; use_theme_fonts=&#8220;yes&#8220;][vc_empty_space][\/vc_column][\/vc_row]<\/p>\n","protected":false},"excerpt":{"rendered":"<p>[vc_row type=&#8220;full_width_background&#8220; bg_color=&#8220;#fcfcfc&#8220;][vc_column][vc_row_inner][vc_column_inner width=&#8220;1\/6&#8243;][\/vc_column_inner][vc_column_inner width=&#8220;2\/3&#8243;][vc_custom_heading text=&#8220;F\u00fcr flexibele und starre Folien&#8220; font_container=&#8220;tag:h2|font_size:16|text_align:center|color:%23727272|line_height:1.2&#8243; use_theme_fonts=&#8220;yes&#8220;][vc_empty_space height=&#8220;20&#8243;][vc_custom_heading text=&#8220;TURBOVAC TIEFZIEHMASCHINEN&#8220; font_container=&#8220;tag:h1|font_size:40|text_align:center|color:%23494949&#8243; use_theme_fonts=&#8220;yes&#8220;][vc_empty_space height=&#8220;20&#8243;][\/vc_column_inner][vc_column_inner width=&#8220;1\/6&#8243;][\/vc_column_inner][\/vc_row_inner][vc_column_text] Das Angebot an Tiefziehmaschinen wurde entwickelt, um die Anforderungen kleiner bis mittelgro\u00dfer Verarbeitungsbetriebe zu erf\u00fcllen, die das beste Preis-Leistungs-Verh\u00e4ltnis mit Bezug auf Leistung, Hygiene, Qualit\u00e4t, Zuverl\u00e4ssigkeit, Wartungsfreundlichkeit und Haltbarkeit ben\u00f6tigen. Das intuitive, benutzerfreundliche Steuersystem erleichtert die [&hellip;]<\/p>\n","protected":false},"author":6,"featured_media":3902,"parent":10517,"menu_order":0,"comment_status":"closed","ping_status":"closed","template":"","meta":{"_monsterinsights_skip_tracking":false,"_monsterinsights_sitenote_active":false,"_monsterinsights_sitenote_note":"","_monsterinsights_sitenote_category":0,"footnotes":""},"class_list":["post-10529","page","type-page","status-publish","has-post-thumbnail","hentry"],"yoast_head":"<!-- This site is optimized with the Yoast SEO plugin v22.7 - https:\/\/yoast.com\/wordpress\/plugins\/seo\/ -->\n<title>Tiefziehmaschinen ma\u00dfgefertigt | Turbovac - Erste Wahl fu\u0308r Fachleute<\/title>\n<meta name=\"description\" content=\"Ma\u00dfgeschneiderte Weltklasse-Tiefziehmaschinen f\u00fcr flexible und starre Folien. Das benutzerfreundliche Steuersystem macht die Programmierung einfach.\" \/>\n<meta name=\"robots\" content=\"index, follow, max-snippet:-1, max-image-preview:large, max-video-preview:-1\" \/>\n<link rel=\"canonical\" href=\"https:\/\/turbovac.nl\/de\/verpackungslosungen\/tiefziehmaschinen\/\" \/>\n<meta property=\"og:locale\" content=\"de_DE\" \/>\n<meta property=\"og:type\" content=\"article\" \/>\n<meta property=\"og:title\" content=\"Tiefziehmaschinen ma\u00dfgefertigt | Turbovac - Erste Wahl fu\u0308r Fachleute\" \/>\n<meta property=\"og:description\" content=\"Ma\u00dfgeschneiderte Weltklasse-Tiefziehmaschinen f\u00fcr flexible und starre Folien. Das benutzerfreundliche Steuersystem macht die Programmierung einfach.\" \/>\n<meta property=\"og:url\" content=\"https:\/\/turbovac.nl\/de\/verpackungslosungen\/tiefziehmaschinen\/\" \/>\n<meta property=\"og:site_name\" content=\"TURBOVAC\" \/>\n<meta property=\"article:modified_time\" content=\"2020-05-31T15:42:18+00:00\" \/>\n<meta property=\"og:image\" content=\"https:\/\/turbovac.nl\/wp-content\/uploads\/2019\/10\/TT-zoom3940-1.jpg\" \/>\n\t<meta property=\"og:image:width\" content=\"1000\" \/>\n\t<meta property=\"og:image:height\" content=\"1064\" \/>\n\t<meta property=\"og:image:type\" content=\"image\/jpeg\" \/>\n<meta name=\"twitter:card\" content=\"summary_large_image\" \/>\n<meta name=\"twitter:label1\" content=\"Gesch\u00e4tzte Lesezeit\" \/>\n\t<meta name=\"twitter:data1\" content=\"5\u00a0Minuten\" \/>\n<script type=\"application\/ld+json\" class=\"yoast-schema-graph\">{\"@context\":\"https:\/\/schema.org\",\"@graph\":[{\"@type\":\"WebPage\",\"@id\":\"https:\/\/turbovac.nl\/de\/verpackungslosungen\/tiefziehmaschinen\/\",\"url\":\"https:\/\/turbovac.nl\/de\/verpackungslosungen\/tiefziehmaschinen\/\",\"name\":\"Tiefziehmaschinen ma\u00dfgefertigt | Turbovac - Erste Wahl fu\u0308r Fachleute\",\"isPartOf\":{\"@id\":\"https:\/\/turbovac.nl\/#website\"},\"primaryImageOfPage\":{\"@id\":\"https:\/\/turbovac.nl\/de\/verpackungslosungen\/tiefziehmaschinen\/#primaryimage\"},\"image\":{\"@id\":\"https:\/\/turbovac.nl\/de\/verpackungslosungen\/tiefziehmaschinen\/#primaryimage\"},\"thumbnailUrl\":\"https:\/\/turbovac.nl\/wp-content\/uploads\/2019\/10\/TT-zoom3940-1.jpg\",\"datePublished\":\"2019-11-10T09:52:03+00:00\",\"dateModified\":\"2020-05-31T15:42:18+00:00\",\"description\":\"Ma\u00dfgeschneiderte Weltklasse-Tiefziehmaschinen f\u00fcr flexible und starre Folien. Das benutzerfreundliche Steuersystem macht die Programmierung einfach.\",\"breadcrumb\":{\"@id\":\"https:\/\/turbovac.nl\/de\/verpackungslosungen\/tiefziehmaschinen\/#breadcrumb\"},\"inLanguage\":\"de\",\"potentialAction\":[{\"@type\":\"ReadAction\",\"target\":[\"https:\/\/turbovac.nl\/de\/verpackungslosungen\/tiefziehmaschinen\/\"]}]},{\"@type\":\"ImageObject\",\"inLanguage\":\"de\",\"@id\":\"https:\/\/turbovac.nl\/de\/verpackungslosungen\/tiefziehmaschinen\/#primaryimage\",\"url\":\"https:\/\/turbovac.nl\/wp-content\/uploads\/2019\/10\/TT-zoom3940-1.jpg\",\"contentUrl\":\"https:\/\/turbovac.nl\/wp-content\/uploads\/2019\/10\/TT-zoom3940-1.jpg\",\"width\":1000,\"height\":1064,\"caption\":\"Tabletop detail Food processing industry\"},{\"@type\":\"BreadcrumbList\",\"@id\":\"https:\/\/turbovac.nl\/de\/verpackungslosungen\/tiefziehmaschinen\/#breadcrumb\",\"itemListElement\":[{\"@type\":\"ListItem\",\"position\":1,\"name\":\"Home\",\"item\":\"https:\/\/turbovac.nl\/de\/\"},{\"@type\":\"ListItem\",\"position\":2,\"name\":\"Verpackungsl\u00f6sungen\",\"item\":\"https:\/\/turbovac.nl\/de\/verpackungslosungen\/\"},{\"@type\":\"ListItem\",\"position\":3,\"name\":\"Tiefziehmaschinen\"}]},{\"@type\":\"WebSite\",\"@id\":\"https:\/\/turbovac.nl\/#website\",\"url\":\"https:\/\/turbovac.nl\/\",\"name\":\"TURBOVAC\",\"description\":\"Vacuum Packaging Machines\",\"potentialAction\":[{\"@type\":\"SearchAction\",\"target\":{\"@type\":\"EntryPoint\",\"urlTemplate\":\"https:\/\/turbovac.nl\/?s={search_term_string}\"},\"query-input\":\"required name=search_term_string\"}],\"inLanguage\":\"de\"}]}<\/script>\n<!-- \/ Yoast SEO plugin. -->","yoast_head_json":{"title":"Tiefziehmaschinen ma\u00dfgefertigt | Turbovac - Erste Wahl fu\u0308r Fachleute","description":"Ma\u00dfgeschneiderte Weltklasse-Tiefziehmaschinen f\u00fcr flexible und starre Folien. Das benutzerfreundliche Steuersystem macht die Programmierung einfach.","robots":{"index":"index","follow":"follow","max-snippet":"max-snippet:-1","max-image-preview":"max-image-preview:large","max-video-preview":"max-video-preview:-1"},"canonical":"https:\/\/turbovac.nl\/de\/verpackungslosungen\/tiefziehmaschinen\/","og_locale":"de_DE","og_type":"article","og_title":"Tiefziehmaschinen ma\u00dfgefertigt | Turbovac - Erste Wahl fu\u0308r Fachleute","og_description":"Ma\u00dfgeschneiderte Weltklasse-Tiefziehmaschinen f\u00fcr flexible und starre Folien. Das benutzerfreundliche Steuersystem macht die Programmierung einfach.","og_url":"https:\/\/turbovac.nl\/de\/verpackungslosungen\/tiefziehmaschinen\/","og_site_name":"TURBOVAC","article_modified_time":"2020-05-31T15:42:18+00:00","og_image":[{"width":1000,"height":1064,"url":"https:\/\/turbovac.nl\/wp-content\/uploads\/2019\/10\/TT-zoom3940-1.jpg","type":"image\/jpeg"}],"twitter_card":"summary_large_image","twitter_misc":{"Gesch\u00e4tzte Lesezeit":"5\u00a0Minuten"},"schema":{"@context":"https:\/\/schema.org","@graph":[{"@type":"WebPage","@id":"https:\/\/turbovac.nl\/de\/verpackungslosungen\/tiefziehmaschinen\/","url":"https:\/\/turbovac.nl\/de\/verpackungslosungen\/tiefziehmaschinen\/","name":"Tiefziehmaschinen ma\u00dfgefertigt | Turbovac - Erste Wahl fu\u0308r Fachleute","isPartOf":{"@id":"https:\/\/turbovac.nl\/#website"},"primaryImageOfPage":{"@id":"https:\/\/turbovac.nl\/de\/verpackungslosungen\/tiefziehmaschinen\/#primaryimage"},"image":{"@id":"https:\/\/turbovac.nl\/de\/verpackungslosungen\/tiefziehmaschinen\/#primaryimage"},"thumbnailUrl":"https:\/\/turbovac.nl\/wp-content\/uploads\/2019\/10\/TT-zoom3940-1.jpg","datePublished":"2019-11-10T09:52:03+00:00","dateModified":"2020-05-31T15:42:18+00:00","description":"Ma\u00dfgeschneiderte Weltklasse-Tiefziehmaschinen f\u00fcr flexible und starre Folien. Das benutzerfreundliche Steuersystem macht die Programmierung einfach.","breadcrumb":{"@id":"https:\/\/turbovac.nl\/de\/verpackungslosungen\/tiefziehmaschinen\/#breadcrumb"},"inLanguage":"de","potentialAction":[{"@type":"ReadAction","target":["https:\/\/turbovac.nl\/de\/verpackungslosungen\/tiefziehmaschinen\/"]}]},{"@type":"ImageObject","inLanguage":"de","@id":"https:\/\/turbovac.nl\/de\/verpackungslosungen\/tiefziehmaschinen\/#primaryimage","url":"https:\/\/turbovac.nl\/wp-content\/uploads\/2019\/10\/TT-zoom3940-1.jpg","contentUrl":"https:\/\/turbovac.nl\/wp-content\/uploads\/2019\/10\/TT-zoom3940-1.jpg","width":1000,"height":1064,"caption":"Tabletop detail Food processing industry"},{"@type":"BreadcrumbList","@id":"https:\/\/turbovac.nl\/de\/verpackungslosungen\/tiefziehmaschinen\/#breadcrumb","itemListElement":[{"@type":"ListItem","position":1,"name":"Home","item":"https:\/\/turbovac.nl\/de\/"},{"@type":"ListItem","position":2,"name":"Verpackungsl\u00f6sungen","item":"https:\/\/turbovac.nl\/de\/verpackungslosungen\/"},{"@type":"ListItem","position":3,"name":"Tiefziehmaschinen"}]},{"@type":"WebSite","@id":"https:\/\/turbovac.nl\/#website","url":"https:\/\/turbovac.nl\/","name":"TURBOVAC","description":"Vacuum Packaging Machines","potentialAction":[{"@type":"SearchAction","target":{"@type":"EntryPoint","urlTemplate":"https:\/\/turbovac.nl\/?s={search_term_string}"},"query-input":"required name=search_term_string"}],"inLanguage":"de"}]}},"_links":{"self":[{"href":"https:\/\/turbovac.nl\/de\/wp-json\/wp\/v2\/pages\/10529","targetHints":{"allow":["GET"]}}],"collection":[{"href":"https:\/\/turbovac.nl\/de\/wp-json\/wp\/v2\/pages"}],"about":[{"href":"https:\/\/turbovac.nl\/de\/wp-json\/wp\/v2\/types\/page"}],"author":[{"embeddable":true,"href":"https:\/\/turbovac.nl\/de\/wp-json\/wp\/v2\/users\/6"}],"replies":[{"embeddable":true,"href":"https:\/\/turbovac.nl\/de\/wp-json\/wp\/v2\/comments?post=10529"}],"version-history":[{"count":5,"href":"https:\/\/turbovac.nl\/de\/wp-json\/wp\/v2\/pages\/10529\/revisions"}],"predecessor-version":[{"id":11106,"href":"https:\/\/turbovac.nl\/de\/wp-json\/wp\/v2\/pages\/10529\/revisions\/11106"}],"up":[{"embeddable":true,"href":"https:\/\/turbovac.nl\/de\/wp-json\/wp\/v2\/pages\/10517"}],"wp:featuredmedia":[{"embeddable":true,"href":"https:\/\/turbovac.nl\/de\/wp-json\/wp\/v2\/media\/3902"}],"wp:attachment":[{"href":"https:\/\/turbovac.nl\/de\/wp-json\/wp\/v2\/media?parent=10529"}],"curies":[{"name":"wp","href":"https:\/\/api.w.org\/{rel}","templated":true}]}}