{"id":10533,"date":"2019-11-14T16:00:17","date_gmt":"2019-11-14T15:00:17","guid":{"rendered":"https:\/\/turbovac.nl\/verpackungslosungen\/automatic-packaging-line\/"},"modified":"2020-05-31T16:43:29","modified_gmt":"2020-05-31T15:43:29","slug":"automatische-verpackungslinie","status":"publish","type":"page","link":"https:\/\/turbovac.nl\/de\/verpackungslosungen\/automatische-verpackungslinie\/","title":{"rendered":"Automatische verpackungslinie"},"content":{"rendered":"<p>[vc_row type=&#8220;full_width_background&#8220; bg_color=&#8220;#f9f9f9&#8243;][vc_column][vc_row_inner][vc_column_inner width=&#8220;1\/6&#8243;][\/vc_column_inner][vc_column_inner width=&#8220;2\/3&#8243;][vc_custom_heading text=&#8220;F\u00fcr kontinuierlichen Betrieb.&#8220; font_container=&#8220;tag:h2|font_size:16|text_align:center|color:%235e5e5e|line_height:1.2&#8243; use_theme_fonts=&#8220;yes&#8220;][vc_empty_space height=&#8220;20&#8243;][vc_custom_heading text=&#8220;AUTOMATISCHE VERPACKUNGSLINIE&#8220; font_container=&#8220;tag:h1|font_size:40|text_align:center|color:%23494949&#8243; use_theme_fonts=&#8220;yes&#8220;][vc_empty_space height=&#8220;20&#8243;][\/vc_column_inner][vc_column_inner width=&#8220;1\/6&#8243;][\/vc_column_inner][\/vc_row_inner][vc_column_text]<\/p>\n<p style=\"text-align: center;\">Nachdem die automatische Verpackungslinie manuell beladen wurde, schlie\u00dft der Deckel sich automatisch und startet den Vakuumzyklus. Nach dem Vakuumzyklus schwenkt der Deckel automatisch auf die andere Arbeitsplattform, w\u00e4hrend die verpackten Produkte automatisch auf das F\u00f6rderband entladen und in den Eintauchbeh\u00e4lter transportiert werden, der automatisch den kurzen Eintauchzyklus startet.<\/p>\n<p style=\"text-align: center;\">Nachdem Eintauchen wird das Produkt auf dem Ausgangstisch entladen. Am Ausgangstisch kann die \u00fcbersch\u00fcssige Folie von der Schrumpfverpackung entfernt werden, wenn 1-2 Siegel verwendet wurden. Die 1-2 Versiegelung wird dringend empfohlen, wenn Schrumpfbeutel verwendet werden. F\u00fcr normale Vakuumbeutel ist der Tauchbeh\u00e4lter nicht erforderlich.<\/p>\n<p>[\/vc_column_text][vc_empty_space height=&#8220;35px&#8220;][vc_row_inner el_class=&#8220;kolomOver&#8220;][vc_column_inner width=&#8220;1\/4&#8243;][vc_custom_heading text=&#8220;Standard&#8220; font_container=&#8220;tag:h4|font_size:18|text_align:left|color:%23a5a5a5&#8243; use_theme_fonts=&#8220;yes&#8220;][vc_empty_space][list icon=&#8220;steadysets-icon-star&#8220;][list_item title=&#8220;Robuste Konstruktion ganz aus Edelstahl&#8220;][list_item title=&#8220;IP65 spritzwassergesch\u00fctzte Bedienelemente&#8220;][list_item title=&#8220;Automatische pneumatische Bewegung der Vakuumkammer&#8220;][list_item title=&#8220;Sensorgesteuerte digitale 10-Programm-Vakuum-Steuereinheit&#8220;][list_item title=&#8220;Besondere Reinigungsposition&#8220;][list_item title=&#8220;F\u00f6rderband, das automatisch durch die Bewegung der Vakuumkammer und des Eintauchbeh\u00e4lters gesteuert wird&#8220;][list_item title=&#8220;Der Eintauchtank verf\u00fcgt \u00fcber eine automatische Wasserstands- und Temperaturregelung&#8220;][list_item title=&#8220;Das Tauchgestell kann zur Reinigung des Tauchbeh\u00e4lters entfernt werden&#8220;][list_item title=&#8220;Ein- und Auslaufrichtung links oder rechts&#8220;][\/list][vc_custom_heading text=&#8220;Optionen&#8220; font_container=&#8220;tag:h4|font_size:18|text_align:left|color:%23a5a5a5&#8243; use_theme_fonts=&#8220;yes&#8220;][vc_empty_space][list icon=&#8220;steadysets-icon-star&#8220;][list_item title=&#8220;1-2 Siegel f\u00fcr Schrumpfbeutel oder bi-aktive Siegel&#8220;][list_item title=&#8220;Gassp\u00fclung&#8220;][list_item title=&#8220;Externer Pumpenanschluss&#8220;][list_item title=&#8220;Zus\u00e4tzliche 300m3 externe Pumpe&#8220;][\/list][vc_column_text]\n<div\n\tclass=\"yith-ywraq-add-to-quote add-to-quote-5187\" >\n\t\t<div class=\"yith-ywraq-add-button show\" style=\"display:block\"  data-product_id=\"5187\">\n\t\t\n<a href=\"#\" class=\"add-request-quote-button button\" data-product_id=\"5187\" data-wp_nonce=\"70b9569021\" >\n\t\t\t\tHinzuf\u00fcgen\t<\/a>\n\t<\/div>\n\t<div\n\t\tclass=\"yith_ywraq_add_item_product-response-5187 yith_ywraq_add_item_product_message hide hide-when-removed\"\n\t\tstyle=\"display:none\" data-product_id=\"5187\"><\/div>\n\t<div\n\t\tclass=\"yith_ywraq_add_item_response-5187 yith_ywraq_add_item_response_message hide hide-when-removed\"\n\t\tdata-product_id=\"5187\"\n\t\tstyle=\"display:none\">This product is in your quote list already.<\/div>\n\t<div\n\t\tclass=\"yith_ywraq_add_item_browse-list-5187 yith_ywraq_add_item_browse_message  hide hide-when-removed\"\n\t\tstyle=\"display:none\"\n\t\tdata-product_id=\"5187\"><a\n\t\t\thref=\"https:\/\/turbovac.nl\/wishlist\/\">Liste anzeigen<\/a><\/div>\n\n<\/div>\n\n<div class=\"clear\"><\/div>\n[\/vc_column_text][\/vc_column_inner][vc_column_inner width=&#8220;3\/4&#8243; background_color=&#8220;#ffffff&#8220; el_class=&#8220;kolomOver&#8220;][vc_single_image image=&#8220;9152&#8243; img_size=&#8220;full&#8220; alignment=&#8220;center&#8220; onclick=&#8220;custom_link&#8220; link=&#8220;https:\/\/turbovac.nl\/mobile-m1\/&#8220;][vc_btn title=&#8220;TECHNISCHE SPEZIFIKATIONEN&#8220; style=&#8220;flat&#8220; shape=&#8220;square&#8220; color=&#8220;juicy-pink&#8220; align=&#8220;center&#8220; i_align=&#8220;right&#8220; i_type=&#8220;openiconic&#8220; i_icon_openiconic=&#8220;vc-oi vc-oi-down-circle&#8220; button_block=&#8220;true&#8220; add_icon=&#8220;true&#8220; link=&#8220;url:https%3A%2F%2Fturbovac.nl%2Fwp-content%2Fuploads%2F2020%2F05%2F06-Turbovac-Flugzettel-Automatische-Verpackungslinie-A5000.pdf||target:%20_blank|&#8220;][vc_btn title=&#8220;BROSCH\u00dcRE HERUNTERLADEN&#8220; style=&#8220;flat&#8220; shape=&#8220;square&#8220; align=&#8220;center&#8220; i_align=&#8220;right&#8220; i_type=&#8220;openiconic&#8220; i_icon_openiconic=&#8220;vc-oi vc-oi-down-circle&#8220; button_block=&#8220;true&#8220; add_icon=&#8220;true&#8220; link=&#8220;url:https%3A%2F%2Fturbovac.nl%2Fwp-content%2Fuploads%2F2020%2F02%2F140519-TV-Corporate-Brochure-DE.pdf||target:%20_blank|&#8220;][\/vc_column_inner][\/vc_row_inner][\/vc_column][\/vc_row][vc_row][vc_column][vc_text_separator title=&#8220;Turbovac A5000 line &amp; Dryer&#8220;][vc_empty_space][vc_row_inner][vc_column_inner width=&#8220;1\/6&#8243;][\/vc_column_inner][vc_column_inner width=&#8220;2\/3&#8243;][vc_video link=&#8220;https:\/\/youtu.be\/qjLv4vF9dw0&#8243; align=&#8220;center&#8220;][\/vc_column_inner][vc_column_inner width=&#8220;1\/6&#8243;][\/vc_column_inner][\/vc_row_inner][\/vc_column][\/vc_row][vc_row full_width=&#8220;&#8220; parallax=&#8220;&#8220; parallax_image=&#8220;&#8220;][vc_column width=&#8220;1\/3&#8243; css=&#8220;.vc_custom_1568118419395{border-top-width: 1px !important;border-top-color: #d1d1d1 !important;border-top-style: solid !important;}&#8220;][vc_empty_space][vc_custom_heading text=&#8220;CE- und ETL-zertifiziert&#8220; font_container=&#8220;tag:h2|font_size:22|text_align:left&#8220; use_theme_fonts=&#8220;yes&#8220;][vc_empty_space height=&#8220;15&#8243;][vc_column_text]<\/p>\n<div class=\"col-lg-4\">\n<div class=\"media\">\n<div class=\"media__content\">\n<p class=\"media__text\">Turbovac-Anlagen sind ETL-zertifiziert und entsprechen den UL-, NSF- und CE-Normen.<\/p>\n<\/div>\n<\/div>\n<\/div>\n<div class=\"col-lg-4\">\n<div class=\"media\">\n<div class=\"media__icon\"><\/div>\n<\/div>\n<\/div>\n<p>[\/vc_column_text][\/vc_column][vc_column width=&#8220;1\/3&#8243; css=&#8220;.vc_custom_1568118428707{border-top-width: 1px !important;border-top-color: #d8d8d8 !important;border-top-style: solid !important;}&#8220;][vc_empty_space][vc_custom_heading text=&#8220;Busch-Pumpe&#8220; font_container=&#8220;tag:h2|font_size:22|text_align:left|color:%234c4c4c&#8220; use_theme_fonts=&#8220;yes&#8220;][vc_empty_space height=&#8220;15&#8243;][vc_column_text]<\/p>\n<div class=\"col-lg-4\">\n<div class=\"media\">\n<div class=\"media__content\">\n<p class=\"media__text\">Alle Turbovac-Maschinen sind mit einer Busch-Vakuumpumpe ausgestattet.<\/p>\n<\/div>\n<\/div>\n<\/div>\n<p>[\/vc_column_text][\/vc_column][vc_column width=&#8220;1\/3&#8243; css=&#8220;.vc_custom_1568118438842{border-top-width: 1px !important;border-top-color: #dddddd !important;border-top-style: solid !important;}&#8220;][vc_empty_space][vc_custom_heading text=&#8220;Optionen&#8220; font_container=&#8220;tag:h2|font_size:22|text_align:left|color:%234c4c4c&#8220; use_theme_fonts=&#8220;yes&#8220;][vc_empty_space height=&#8220;15&#8243;][vc_column_text]<\/p>\n<div class=\"col-lg-4\">\n<div class=\"media\">\n<div class=\"media__content\">\n<p class=\"media__text\">Alle Turbovac-Maschinen sind mit verschiedenen Optionen erh\u00e4ltlich.<\/p>\n<\/div>\n<\/div>\n<\/div>\n<p>[\/vc_column_text][\/vc_column][\/vc_row][vc_row type=&#8220;full_width_background&#8220; bg_color=&#8220;#b20000&#8243; text_color=&#8220;light&#8220; top_padding=&#8220;35&#8243; bottom_padding=&#8220;35&#8243;][vc_column][textbar button_title=&#8220;KONTAKTIEREN SIE UNSERE SPEZIALISTEN&#8220; button_link=&#8220;https:\/\/turbovac.nl\/de\/kontaktformular\/&#8220; icon=&#8220;steadysets-icon-type&#8220;]<\/p>\n<p style=\"text-align: left;\">Haben Sie Fragen zu unserer automatischen Verpackungslinie?<\/p>\n<p>[\/textbar][\/vc_column][\/vc_row][vc_row type=&#8220;full_width_content&#8220; bg_image=&#8220;2610&#8243; bg_color=&#8220;#6d6d6d&#8220; top_padding=&#8220;0&#8243;][vc_column width=&#8220;1\/2&#8243; centered_cont=&#8220;true&#8220; background_image=&#8220;6393&#8243;][vc_column_text]<br \/>\n[\/vc_column_text][\/vc_column][vc_column width=&#8220;1\/2&#8243; column_padding=&#8220;4%&#8220; css=&#8220;.vc_custom_1582121794849{background-color: #333333 !important;}&#8220;][vc_empty_space height=&#8220;100&#8243;][vc_custom_heading text=&#8220;&#8222;Die beste Wahl \u00fcberhaupt f\u00fcr den Dauerbetrieb&#8222;&#8220; font_container=&#8220;tag:h2|font_size:40|text_align:left|color:%23ffffff|line_height:1.2&#8243; google_fonts=&#8220;font_family:Merriweather%3A300%2C300italic%2Cregular%2Citalic%2C700%2C700italic%2C900%2C900italic|font_style:300%20light%20italic%3A300%3Aitalic&#8220;][vc_empty_space height=&#8220;100&#8243;][\/vc_column][\/vc_row][vc_row type=&#8220;full_width_background&#8220; class=&#8220;kolomOver&#8220;][vc_column width=&#8220;1\/3&#8243; el_class=&#8220;kolomOver&#8220;][services_medium title=&#8220;FLEISCHINDUSTRIE&#8220; style=&#8220;style_3&#8243; icon=&#8220;steadysets-icon-bones&#8220; icon_color=&#8220;#d20037&#8243; border_color=&#8220;#d20037&#8243; dynamic_content_link=&#8220;https:\/\/turbovac.nl\/de\/markte\/fleischverarbeitungsindustrie\/&#8220;]Hochwertige Verpackungen zur Verbesserung.[\/services_medium][\/vc_column][vc_column width=&#8220;1\/3&#8243; el_class=&#8220;kolomOver&#8220;][services_medium title=&#8220;LEBENSMITTELVERARBEITUNG&#8220; style=&#8220;style_3&#8243; icon=&#8220;linecon-icon-food&#8220; icon_color=&#8220;#d20037&#8243; border_color=&#8220;#d20037&#8243; dynamic_content_link=&#8220;https:\/\/turbovac.nl\/de\/markte\/lebensmittelverarbeitungsindustrie\/&#8220;]Optimalisierung und Flexibilit\u00e4t in allen Arten der Lebensmittelverarbeitung.[\/services_medium][\/vc_column][vc_column width=&#8220;1\/3&#8243; el_class=&#8220;kolomOver&#8220;][services_medium title=&#8220;Non-food Industrie&#8220; style=&#8220;style_3&#8243; icon=&#8220;steadysets-icon-lab&#8220; icon_color=&#8220;#d20037&#8243; border_color=&#8220;#d20037&#8243; dynamic_content_link=&#8220;https:\/\/turbovac.nl\/de\/markte\/non-food-industrie\/&#8220;]Optimaler Schutz gegen Schmutz, Staub und Feuchtigkeit.[\/services_medium][\/vc_column][\/vc_row][vc_row type=&#8220;full_width_content&#8220;][vc_column background_color=&#8220;#3a3a3a&#8220; background_color_opacity=&#8220;0.75&#8243;][vc_empty_space][vc_custom_heading text=&#8220;CAPTURE QUALITY&#8220; font_container=&#8220;tag:h2|font_size:35|text_align:center|color:%23ffffff|line_height:1.25&#8243; use_theme_fonts=&#8220;yes&#8220;][vc_empty_space][\/vc_column][\/vc_row]<\/p>\n","protected":false},"excerpt":{"rendered":"<p>[vc_row type=&#8220;full_width_background&#8220; bg_color=&#8220;#f9f9f9&#8243;][vc_column][vc_row_inner][vc_column_inner width=&#8220;1\/6&#8243;][\/vc_column_inner][vc_column_inner width=&#8220;2\/3&#8243;][vc_custom_heading text=&#8220;F\u00fcr kontinuierlichen Betrieb.&#8220; font_container=&#8220;tag:h2|font_size:16|text_align:center|color:%235e5e5e|line_height:1.2&#8243; use_theme_fonts=&#8220;yes&#8220;][vc_empty_space height=&#8220;20&#8243;][vc_custom_heading text=&#8220;AUTOMATISCHE VERPACKUNGSLINIE&#8220; font_container=&#8220;tag:h1|font_size:40|text_align:center|color:%23494949&#8243; use_theme_fonts=&#8220;yes&#8220;][vc_empty_space height=&#8220;20&#8243;][\/vc_column_inner][vc_column_inner width=&#8220;1\/6&#8243;][\/vc_column_inner][\/vc_row_inner][vc_column_text] Nachdem die automatische Verpackungslinie manuell beladen wurde, schlie\u00dft der Deckel sich automatisch und startet den Vakuumzyklus. Nach dem Vakuumzyklus schwenkt der Deckel automatisch auf die andere Arbeitsplattform, w\u00e4hrend die verpackten Produkte automatisch auf das F\u00f6rderband entladen und in [&hellip;]<\/p>\n","protected":false},"author":6,"featured_media":3902,"parent":10517,"menu_order":0,"comment_status":"closed","ping_status":"closed","template":"","meta":{"_monsterinsights_skip_tracking":false,"_monsterinsights_sitenote_active":false,"_monsterinsights_sitenote_note":"","_monsterinsights_sitenote_category":0,"footnotes":""},"class_list":["post-10533","page","type-page","status-publish","has-post-thumbnail","hentry"],"yoast_head":"<!-- This site is optimized with the Yoast SEO plugin v22.7 - https:\/\/yoast.com\/wordpress\/plugins\/seo\/ -->\n<title>Automatische verpackungslinie | Turbovac - Erste Wahl fu\u0308r Fachleute<\/title>\n<meta name=\"description\" content=\"Automatische Verpackungslinie f\u00fcr kontinuierlichen Betrieb. Mit automatischer Doppelkammer, Vakuummaschine, Transportband, Eintauchbeh\u00e4lter und Auslauftisch\" \/>\n<meta name=\"robots\" content=\"index, follow, max-snippet:-1, max-image-preview:large, max-video-preview:-1\" \/>\n<link rel=\"canonical\" href=\"https:\/\/turbovac.nl\/de\/verpackungslosungen\/automatische-verpackungslinie\/\" \/>\n<meta property=\"og:locale\" content=\"de_DE\" \/>\n<meta property=\"og:type\" content=\"article\" \/>\n<meta property=\"og:title\" content=\"Automatische verpackungslinie | Turbovac - Erste Wahl fu\u0308r Fachleute\" \/>\n<meta property=\"og:description\" content=\"Automatische Verpackungslinie f\u00fcr kontinuierlichen Betrieb. Mit automatischer Doppelkammer, Vakuummaschine, Transportband, Eintauchbeh\u00e4lter und Auslauftisch\" \/>\n<meta property=\"og:url\" content=\"https:\/\/turbovac.nl\/de\/verpackungslosungen\/automatische-verpackungslinie\/\" \/>\n<meta property=\"og:site_name\" content=\"TURBOVAC\" \/>\n<meta property=\"article:modified_time\" content=\"2020-05-31T15:43:29+00:00\" \/>\n<meta property=\"og:image\" content=\"https:\/\/turbovac.nl\/wp-content\/uploads\/2019\/10\/TT-zoom3940-1.jpg\" \/>\n\t<meta property=\"og:image:width\" content=\"1000\" \/>\n\t<meta property=\"og:image:height\" content=\"1064\" \/>\n\t<meta property=\"og:image:type\" content=\"image\/jpeg\" \/>\n<meta name=\"twitter:card\" content=\"summary_large_image\" \/>\n<meta name=\"twitter:label1\" content=\"Gesch\u00e4tzte Lesezeit\" \/>\n\t<meta name=\"twitter:data1\" content=\"6\u00a0Minuten\" \/>\n<script type=\"application\/ld+json\" class=\"yoast-schema-graph\">{\"@context\":\"https:\/\/schema.org\",\"@graph\":[{\"@type\":\"WebPage\",\"@id\":\"https:\/\/turbovac.nl\/de\/verpackungslosungen\/automatische-verpackungslinie\/\",\"url\":\"https:\/\/turbovac.nl\/de\/verpackungslosungen\/automatische-verpackungslinie\/\",\"name\":\"Automatische verpackungslinie | Turbovac - Erste Wahl fu\u0308r Fachleute\",\"isPartOf\":{\"@id\":\"https:\/\/turbovac.nl\/#website\"},\"primaryImageOfPage\":{\"@id\":\"https:\/\/turbovac.nl\/de\/verpackungslosungen\/automatische-verpackungslinie\/#primaryimage\"},\"image\":{\"@id\":\"https:\/\/turbovac.nl\/de\/verpackungslosungen\/automatische-verpackungslinie\/#primaryimage\"},\"thumbnailUrl\":\"https:\/\/turbovac.nl\/wp-content\/uploads\/2019\/10\/TT-zoom3940-1.jpg\",\"datePublished\":\"2019-11-14T15:00:17+00:00\",\"dateModified\":\"2020-05-31T15:43:29+00:00\",\"description\":\"Automatische Verpackungslinie f\u00fcr kontinuierlichen Betrieb. Mit automatischer Doppelkammer, Vakuummaschine, Transportband, Eintauchbeh\u00e4lter und Auslauftisch\",\"breadcrumb\":{\"@id\":\"https:\/\/turbovac.nl\/de\/verpackungslosungen\/automatische-verpackungslinie\/#breadcrumb\"},\"inLanguage\":\"de\",\"potentialAction\":[{\"@type\":\"ReadAction\",\"target\":[\"https:\/\/turbovac.nl\/de\/verpackungslosungen\/automatische-verpackungslinie\/\"]}]},{\"@type\":\"ImageObject\",\"inLanguage\":\"de\",\"@id\":\"https:\/\/turbovac.nl\/de\/verpackungslosungen\/automatische-verpackungslinie\/#primaryimage\",\"url\":\"https:\/\/turbovac.nl\/wp-content\/uploads\/2019\/10\/TT-zoom3940-1.jpg\",\"contentUrl\":\"https:\/\/turbovac.nl\/wp-content\/uploads\/2019\/10\/TT-zoom3940-1.jpg\",\"width\":1000,\"height\":1064,\"caption\":\"Tabletop detail Food processing industry\"},{\"@type\":\"BreadcrumbList\",\"@id\":\"https:\/\/turbovac.nl\/de\/verpackungslosungen\/automatische-verpackungslinie\/#breadcrumb\",\"itemListElement\":[{\"@type\":\"ListItem\",\"position\":1,\"name\":\"Home\",\"item\":\"https:\/\/turbovac.nl\/de\/\"},{\"@type\":\"ListItem\",\"position\":2,\"name\":\"Verpackungsl\u00f6sungen\",\"item\":\"https:\/\/turbovac.nl\/de\/verpackungslosungen\/\"},{\"@type\":\"ListItem\",\"position\":3,\"name\":\"Automatische verpackungslinie\"}]},{\"@type\":\"WebSite\",\"@id\":\"https:\/\/turbovac.nl\/#website\",\"url\":\"https:\/\/turbovac.nl\/\",\"name\":\"TURBOVAC\",\"description\":\"Vacuum Packaging Machines\",\"potentialAction\":[{\"@type\":\"SearchAction\",\"target\":{\"@type\":\"EntryPoint\",\"urlTemplate\":\"https:\/\/turbovac.nl\/?s={search_term_string}\"},\"query-input\":\"required name=search_term_string\"}],\"inLanguage\":\"de\"}]}<\/script>\n<!-- \/ Yoast SEO plugin. -->","yoast_head_json":{"title":"Automatische verpackungslinie | Turbovac - Erste Wahl fu\u0308r Fachleute","description":"Automatische Verpackungslinie f\u00fcr kontinuierlichen Betrieb. Mit automatischer Doppelkammer, Vakuummaschine, Transportband, Eintauchbeh\u00e4lter und Auslauftisch","robots":{"index":"index","follow":"follow","max-snippet":"max-snippet:-1","max-image-preview":"max-image-preview:large","max-video-preview":"max-video-preview:-1"},"canonical":"https:\/\/turbovac.nl\/de\/verpackungslosungen\/automatische-verpackungslinie\/","og_locale":"de_DE","og_type":"article","og_title":"Automatische verpackungslinie | Turbovac - Erste Wahl fu\u0308r Fachleute","og_description":"Automatische Verpackungslinie f\u00fcr kontinuierlichen Betrieb. Mit automatischer Doppelkammer, Vakuummaschine, Transportband, Eintauchbeh\u00e4lter und Auslauftisch","og_url":"https:\/\/turbovac.nl\/de\/verpackungslosungen\/automatische-verpackungslinie\/","og_site_name":"TURBOVAC","article_modified_time":"2020-05-31T15:43:29+00:00","og_image":[{"width":1000,"height":1064,"url":"https:\/\/turbovac.nl\/wp-content\/uploads\/2019\/10\/TT-zoom3940-1.jpg","type":"image\/jpeg"}],"twitter_card":"summary_large_image","twitter_misc":{"Gesch\u00e4tzte Lesezeit":"6\u00a0Minuten"},"schema":{"@context":"https:\/\/schema.org","@graph":[{"@type":"WebPage","@id":"https:\/\/turbovac.nl\/de\/verpackungslosungen\/automatische-verpackungslinie\/","url":"https:\/\/turbovac.nl\/de\/verpackungslosungen\/automatische-verpackungslinie\/","name":"Automatische verpackungslinie | Turbovac - Erste Wahl fu\u0308r Fachleute","isPartOf":{"@id":"https:\/\/turbovac.nl\/#website"},"primaryImageOfPage":{"@id":"https:\/\/turbovac.nl\/de\/verpackungslosungen\/automatische-verpackungslinie\/#primaryimage"},"image":{"@id":"https:\/\/turbovac.nl\/de\/verpackungslosungen\/automatische-verpackungslinie\/#primaryimage"},"thumbnailUrl":"https:\/\/turbovac.nl\/wp-content\/uploads\/2019\/10\/TT-zoom3940-1.jpg","datePublished":"2019-11-14T15:00:17+00:00","dateModified":"2020-05-31T15:43:29+00:00","description":"Automatische Verpackungslinie f\u00fcr kontinuierlichen Betrieb. Mit automatischer Doppelkammer, Vakuummaschine, Transportband, Eintauchbeh\u00e4lter und Auslauftisch","breadcrumb":{"@id":"https:\/\/turbovac.nl\/de\/verpackungslosungen\/automatische-verpackungslinie\/#breadcrumb"},"inLanguage":"de","potentialAction":[{"@type":"ReadAction","target":["https:\/\/turbovac.nl\/de\/verpackungslosungen\/automatische-verpackungslinie\/"]}]},{"@type":"ImageObject","inLanguage":"de","@id":"https:\/\/turbovac.nl\/de\/verpackungslosungen\/automatische-verpackungslinie\/#primaryimage","url":"https:\/\/turbovac.nl\/wp-content\/uploads\/2019\/10\/TT-zoom3940-1.jpg","contentUrl":"https:\/\/turbovac.nl\/wp-content\/uploads\/2019\/10\/TT-zoom3940-1.jpg","width":1000,"height":1064,"caption":"Tabletop detail Food processing industry"},{"@type":"BreadcrumbList","@id":"https:\/\/turbovac.nl\/de\/verpackungslosungen\/automatische-verpackungslinie\/#breadcrumb","itemListElement":[{"@type":"ListItem","position":1,"name":"Home","item":"https:\/\/turbovac.nl\/de\/"},{"@type":"ListItem","position":2,"name":"Verpackungsl\u00f6sungen","item":"https:\/\/turbovac.nl\/de\/verpackungslosungen\/"},{"@type":"ListItem","position":3,"name":"Automatische verpackungslinie"}]},{"@type":"WebSite","@id":"https:\/\/turbovac.nl\/#website","url":"https:\/\/turbovac.nl\/","name":"TURBOVAC","description":"Vacuum Packaging Machines","potentialAction":[{"@type":"SearchAction","target":{"@type":"EntryPoint","urlTemplate":"https:\/\/turbovac.nl\/?s={search_term_string}"},"query-input":"required name=search_term_string"}],"inLanguage":"de"}]}},"_links":{"self":[{"href":"https:\/\/turbovac.nl\/de\/wp-json\/wp\/v2\/pages\/10533","targetHints":{"allow":["GET"]}}],"collection":[{"href":"https:\/\/turbovac.nl\/de\/wp-json\/wp\/v2\/pages"}],"about":[{"href":"https:\/\/turbovac.nl\/de\/wp-json\/wp\/v2\/types\/page"}],"author":[{"embeddable":true,"href":"https:\/\/turbovac.nl\/de\/wp-json\/wp\/v2\/users\/6"}],"replies":[{"embeddable":true,"href":"https:\/\/turbovac.nl\/de\/wp-json\/wp\/v2\/comments?post=10533"}],"version-history":[{"count":5,"href":"https:\/\/turbovac.nl\/de\/wp-json\/wp\/v2\/pages\/10533\/revisions"}],"predecessor-version":[{"id":11112,"href":"https:\/\/turbovac.nl\/de\/wp-json\/wp\/v2\/pages\/10533\/revisions\/11112"}],"up":[{"embeddable":true,"href":"https:\/\/turbovac.nl\/de\/wp-json\/wp\/v2\/pages\/10517"}],"wp:featuredmedia":[{"embeddable":true,"href":"https:\/\/turbovac.nl\/de\/wp-json\/wp\/v2\/media\/3902"}],"wp:attachment":[{"href":"https:\/\/turbovac.nl\/de\/wp-json\/wp\/v2\/media?parent=10533"}],"curies":[{"name":"wp","href":"https:\/\/api.w.org\/{rel}","templated":true}]}}