{"id":10541,"date":"2019-11-10T11:55:25","date_gmt":"2019-11-10T10:55:25","guid":{"rendered":"https:\/\/turbovac.nl\/about-turbovac\/"},"modified":"2020-05-31T16:03:50","modified_gmt":"2020-05-31T15:03:50","slug":"uber-turbovac","status":"publish","type":"page","link":"https:\/\/turbovac.nl\/de\/uber-turbovac\/","title":{"rendered":"\u00dcber Turbovac"},"content":{"rendered":"<p>[vc_row type=&#8220;full_width_content&#8220; bg_image=&#8220;2610&#8243; top_padding=&#8220;0&#8243;][vc_column width=&#8220;1\/2&#8243; background_image=&#8220;5048&#8243;][vc_column_text]<br \/>\n[\/vc_column_text][\/vc_column][vc_column width=&#8220;1\/2&#8243; column_padding=&#8220;4%&#8220; background_color=&#8220;#f2f2f2&#8243; css=&#8220;.vc_custom_1570452007389{background-color: #f8f8f8 !important;}&#8220;][vc_empty_space height=&#8220;100&#8243;][vc_custom_heading text=&#8220;SCH\u00d6N, SIE KENNEN ZU LERNEN!&#8220; font_container=&#8220;tag:h1|font_size:48px|text_align:left|color:%23444444|line_height:56px&#8220; google_fonts=&#8220;font_family:Open%20Sans%3A300%2C300italic%2Cregular%2Citalic%2C600%2C600italic%2C700%2C700italic%2C800%2C800italic|font_style:700%20bold%20regular%3A700%3Anormal&#8220;][vc_custom_heading text=&#8220;WIR SIND TURBOVAC&#8220; font_container=&#8220;tag:h2|font_size:34px|text_align:left|color:%23444444|line_height:44px&#8220; google_fonts=&#8220;font_family:Raleway%3A100%2C200%2C300%2Cregular%2C500%2C600%2C700%2C800%2C900|font_style:300%20light%20regular%3A300%3Anormal&#8220;][vc_empty_space][vc_column_text]<\/p>\n<p class=\"p1\">Das in den Niederlanden ans\u00e4ssige Unternehmen Turbovac ist einer der Erfinder der Vakuumverpackungsmaschinen. Turbovac kombiniert fast 70 Jahre Erfahrung mit Handwerkskunst, modernstem Design und ausgefeilter Produktionstechnologie. Auf diese Weise gew\u00e4hrleisten wir innovative und zuverl\u00e4ssige Turbovac-Maschinen, die allerh\u00f6chste Standards erfu\u0308llen.<\/p>\n<p>[\/vc_column_text][vc_empty_space height=&#8220;100&#8243;][\/vc_column][\/vc_row][vc_row type=&#8220;full_width_content&#8220; bg_image=&#8220;2610&#8243;][vc_column width=&#8220;1\/2&#8243; background_color=&#8220;#f8f8f8&#8243; css=&#8220;.vc_custom_1570451273977{background-color: #f8f8f8 !important;}&#8220;][vc_row_inner][vc_column_inner width=&#8220;1\/3&#8243;][\/vc_column_inner][vc_column_inner width=&#8220;2\/3&#8243;][vc_empty_space height=&#8220;200&#8243;][list icon=&#8220;steadysets-icon-checkmark&#8220;][list_item title=&#8220;KOMPLETTES SORTIMENT&#8220;][list_item title=&#8220;ZUVERL\u00c4SSIG&#8220;][list_item title=&#8220;LEICHT ZU REINIGEN und EINFACH ZU BEDIENEN&#8220;][list_item title=&#8220;EINFACH ZU PROGRAMMIEREN und SERVICEFREUNDLICH&#8220;][list_item title=&#8220;DIGITALES STEUERGER\u00c4T MIT LCD&#8220;][list_item title=&#8220;VIELE M\u00d6GLICHE OPTIONEN VERF\u00dcGBAR&#8220;][\/list][vc_empty_space height=&#8220;350&#8243;][\/vc_column_inner][\/vc_row_inner][\/vc_column][vc_column width=&#8220;1\/2&#8243; background_image=&#8220;5061&#8243;][vc_column_text]<br \/>\n[\/vc_column_text][\/vc_column][\/vc_row][vc_row type=&#8220;full_width_content&#8220; bg_image=&#8220;2610&#8243; top_padding=&#8220;0&#8243;][vc_column width=&#8220;1\/2&#8243; centered_cont=&#8220;true&#8220; background_image=&#8220;3902&#8243;][vc_column_text]<br \/>\n[\/vc_column_text][\/vc_column][vc_column width=&#8220;1\/2&#8243; column_padding=&#8220;4%&#8220; background_color=&#8220;#f8f8f8&#8243; css=&#8220;.vc_custom_1429527138109{background-color: #f8f8f8 !important;}&#8220;][vc_empty_space height=&#8220;100&#8243;][vc_custom_heading text=&#8220;Fu\u0308hrende Marke&#8220;][vc_empty_space][vc_column_text]<\/p>\n<p class=\"p3\">Unsere Turbovac-Ger\u00e4te werden in mehr als 80 L\u00e4ndern vertrieben und wir sind eine der weltf\u00fchrenden Marken f\u00fcr Vakuumverpackungsmaschinen. Das umfangreiche Netzwerk von Turbovac-H\u00e4ndlern bietet lokale Pr\u00e4senz und gew\u00e4hrleistet schnellen Service, Verf\u00fcgbarkeit von Ersatzteilen und kundenspezifische Beratung.<\/p>\n<p>[\/vc_column_text][vc_custom_heading text=&#8220;Ausgezeichnetes Preis-Leistungs-Verh\u00e4ltnis&#8220;][vc_empty_space][vc_column_text]<\/p>\n<p class=\"p4\">Turbovac ist bestrebt, grunds\u00e4tzlich hochwertigste Maschinen zu konkurrenzf\u00e4higen Preisen anzubieten. F\u00fcr den Bau unserer robusten, zuverl\u00e4ssigen und langlebigen Ger\u00e4te verwenden wir ausschlie\u00dflich hochqualitative Materialien. Die Arbeit wird von einem engagierten Mitarbeiterteam erledigt und wir bieten unseren Kunden ein ausgewogenes Preis-Leistungs-Verh\u00e4ltnis.<\/p>\n<p>[\/vc_column_text][vc_empty_space height=&#8220;100&#8243;][\/vc_column][\/vc_row][vc_row type=&#8220;full_width_content&#8220; bg_image=&#8220;2610&#8243;][vc_column width=&#8220;1\/2&#8243; background_color=&#8220;#f8f8f8&#8243; css=&#8220;.vc_custom_1570451273977{background-color: #f8f8f8 !important;}&#8220;][vc_row_inner][vc_column_inner width=&#8220;1\/3&#8243;][\/vc_column_inner][vc_column_inner width=&#8220;2\/3&#8243;][vc_empty_space height=&#8220;200&#8243;][vc_column_text]<\/p>\n<h4>Turbovac International<\/h4>\n<p>Het Sterrenbeeld 36<br \/>\n5215 ML &#8217;s-Hertogenbosch<br \/>\nDie Niederlande<\/p>\n<p>DIREKTER KONTAKT<\/p>\n<div class=\"contact-options\"><span class=\"contact-options__item\">Tel: <strong>+31 73 627 12 71<\/strong><br \/>\n<\/span><span class=\"contact-options__item\">Mail:\u00a0<strong><a class=\"link--animate\" href=\"mailto:info@Turbovac.nl\">info@turbovac.nl<\/a><\/strong><\/span><\/div>\n<p>[\/vc_column_text][vc_empty_space height=&#8220;350&#8243;][\/vc_column_inner][\/vc_row_inner][\/vc_column][vc_column width=&#8220;1\/2&#8243;][vc_column_text]<iframe loading=\"lazy\" style=\"border: 0;\" src=\"https:\/\/www.google.com\/maps\/embed?pb=!1m18!1m12!1m3!1d2473.413083851438!2d5.353495651391238!3d51.68888537956565!2m3!1f0!2f0!3f0!3m2!1i1024!2i768!4f13.1!3m3!1m2!1s0x47c6ef9e061e4f59%3A0x18e49b129367fb63!2sHenkovac!5e0!3m2!1sen!2snl!4v1582122208646!5m2!1sen!2snl\" width=\"850\" height=\"850\" frameborder=\"0\" allowfullscreen=\"allowfullscreen\"><\/iframe>[\/vc_column_text][\/vc_column][\/vc_row][vc_row][vc_column width=&#8220;1\/3&#8243; background_color=&#8220;#eb6f2e&#8220; el_class=&#8220;kolomOver2&#8243; css=&#8220;.vc_custom_1581949052078{padding-top: 50px !important;padding-bottom: 50px !important;background-position: center !important;background-repeat: no-repeat !important;background-size: cover !important;}&#8220;][vc_empty_space height=&#8220;17&#8243;][vc_custom_heading text=&#8220;KONTAKT&#8220; font_container=&#8220;tag:h1|font_size:24|text_align:center|color:%23ffffff&#8220; use_theme_fonts=&#8220;yes&#8220; css_animation=&#8220;none&#8220; link=&#8220;url:https%3A%2F%2Fturbovac.nl%2Fde%2Fverkaufsabteilung%2F|title:Sales%20department||&#8220;][vc_empty_space height=&#8220;17&#8243;][\/vc_column][vc_column width=&#8220;1\/3&#8243; background_color=&#8220;#d20037&#8243; el_class=&#8220;kolomOver2&#8243; css=&#8220;.vc_custom_1581949129587{padding-top: 50px !important;padding-bottom: 50px !important;}&#8220;][vc_custom_heading text=&#8220;EIN PERS\u00d6NLICHES ANGEBOT ERSTELLEN&#8220; font_container=&#8220;tag:h1|font_size:24|text_align:center|color:%23ffffff&#8220; use_theme_fonts=&#8220;yes&#8220; link=&#8220;url:https%3A%2F%2Fturbovac.nl%2Fde%2Frequest-quotation%2F|title:Request%20Quotation||&#8220;][\/vc_column][vc_column width=&#8220;1\/3&#8243; background_color=&#8220;#9e2142&#8243; el_class=&#8220;kolomOver2&#8243; css=&#8220;.vc_custom_1581949206465{padding-top: 50px !important;padding-bottom: 50px !important;}&#8220;][vc_empty_space height=&#8220;17&#8243;][vc_custom_heading text=&#8220;VERTEILER WERDEN&#8220; font_container=&#8220;tag:h1|font_size:24|text_align:center|color:%23ffffff&#8220; use_theme_fonts=&#8220;yes&#8220; link=&#8220;url:https%3A%2F%2Fturbovac.nl%2Fde%2Fverteiler-werden%2F|title:Become%20a%20distributor||&#8220;][vc_empty_space height=&#8220;17&#8243;][\/vc_column][\/vc_row][vc_row type=&#8220;full_width_background&#8220; class=&#8220;kolomOver&#8220;][vc_column width=&#8220;1\/3&#8243; el_class=&#8220;kolomOver&#8220;][services_medium title=&#8220;FLEISCHINDUSTRIE&#8220; style=&#8220;style_3&#8243; icon=&#8220;steadysets-icon-bones&#8220; icon_color=&#8220;#d20037&#8243; border_color=&#8220;#d20037&#8243; dynamic_content_link=&#8220;https:\/\/turbovac.nl\/de\/markte\/fleischverarbeitungsindustrie\/&#8220;]Hochwertige Verpackungen zur Verbesserung.[\/services_medium][\/vc_column][vc_column width=&#8220;1\/3&#8243; el_class=&#8220;kolomOver&#8220;][services_medium title=&#8220;LEBENSMITTELVERARBEITUNG&#8220; style=&#8220;style_3&#8243; icon=&#8220;linecon-icon-food&#8220; icon_color=&#8220;#d20037&#8243; border_color=&#8220;#d20037&#8243; dynamic_content_link=&#8220;https:\/\/turbovac.nl\/de\/markte\/lebensmittelverarbeitungsindustrie\/&#8220;]Optimalisierung und Flexibilit\u00e4t in allen Arten der Lebensmittelverarbeitung.[\/services_medium][\/vc_column][vc_column width=&#8220;1\/3&#8243; el_class=&#8220;kolomOver&#8220;][services_medium title=&#8220;NON-FOOD-INDUSTRIE&#8220; style=&#8220;style_3&#8243; icon=&#8220;steadysets-icon-lab&#8220; icon_color=&#8220;#d20037&#8243; border_color=&#8220;#d20037&#8243; dynamic_content_link=&#8220;https:\/\/turbovac.nl\/de\/markte\/non-food-industrie\/&#8220;]Optimaler Schutz gegen Schmutz, Staub und Feuchtigkeit.[\/services_medium][\/vc_column][\/vc_row][vc_row type=&#8220;full_width_content&#8220;][vc_column background_color=&#8220;#75001f&#8220;][vc_empty_space][vc_custom_heading text=&#8220;CAPTURE QUALITY&#8220; font_container=&#8220;tag:h2|font_size:35|text_align:center|color:%23ffffff|line_height:1.25&#8243; use_theme_fonts=&#8220;yes&#8220;][vc_empty_space][\/vc_column][\/vc_row]<\/p>\n","protected":false},"excerpt":{"rendered":"<p>[vc_row type=&#8220;full_width_content&#8220; bg_image=&#8220;2610&#8243; top_padding=&#8220;0&#8243;][vc_column width=&#8220;1\/2&#8243; background_image=&#8220;5048&#8243;][vc_column_text] [\/vc_column_text][\/vc_column][vc_column width=&#8220;1\/2&#8243; column_padding=&#8220;4%&#8220; background_color=&#8220;#f2f2f2&#8243; css=&#8220;.vc_custom_1570452007389{background-color: #f8f8f8 !important;}&#8220;][vc_empty_space height=&#8220;100&#8243;][vc_custom_heading text=&#8220;SCH\u00d6N, SIE KENNEN ZU LERNEN!&#8220; font_container=&#8220;tag:h1|font_size:48px|text_align:left|color:%23444444|line_height:56px&#8220; google_fonts=&#8220;font_family:Open%20Sans%3A300%2C300italic%2Cregular%2Citalic%2C600%2C600italic%2C700%2C700italic%2C800%2C800italic|font_style:700%20bold%20regular%3A700%3Anormal&#8220;][vc_custom_heading text=&#8220;WIR SIND TURBOVAC&#8220; font_container=&#8220;tag:h2|font_size:34px|text_align:left|color:%23444444|line_height:44px&#8220; google_fonts=&#8220;font_family:Raleway%3A100%2C200%2C300%2Cregular%2C500%2C600%2C700%2C800%2C900|font_style:300%20light%20regular%3A300%3Anormal&#8220;][vc_empty_space][vc_column_text] Das in den Niederlanden ans\u00e4ssige Unternehmen Turbovac ist einer der Erfinder der Vakuumverpackungsmaschinen. Turbovac kombiniert fast 70 Jahre Erfahrung mit Handwerkskunst, modernstem Design und ausgefeilter Produktionstechnologie. Auf diese Weise [&hellip;]<\/p>\n","protected":false},"author":6,"featured_media":3902,"parent":0,"menu_order":0,"comment_status":"closed","ping_status":"closed","template":"","meta":{"_monsterinsights_skip_tracking":false,"_monsterinsights_sitenote_active":false,"_monsterinsights_sitenote_note":"","_monsterinsights_sitenote_category":0,"footnotes":""},"class_list":["post-10541","page","type-page","status-publish","has-post-thumbnail","hentry"],"yoast_head":"<!-- This site is optimized with the Yoast SEO plugin v22.7 - https:\/\/yoast.com\/wordpress\/plugins\/seo\/ -->\n<title>Turbovac International | Turbovac - Erste Wahl fu\u0308r Fachleute<\/title>\n<meta name=\"description\" content=\"Turbovac ist einer der Erfinder und Hersteller von professionellen Vakuumverpackungsmaschinen, die in mehr als 80 L\u00e4ndern vertrieben werden.\" \/>\n<meta name=\"robots\" content=\"index, follow, max-snippet:-1, max-image-preview:large, max-video-preview:-1\" \/>\n<link rel=\"canonical\" href=\"https:\/\/turbovac.nl\/de\/uber-turbovac\/\" \/>\n<meta property=\"og:locale\" content=\"de_DE\" \/>\n<meta property=\"og:type\" content=\"article\" \/>\n<meta property=\"og:title\" content=\"Turbovac International | Turbovac - Erste Wahl fu\u0308r Fachleute\" \/>\n<meta property=\"og:description\" content=\"Turbovac ist einer der Erfinder und Hersteller von professionellen Vakuumverpackungsmaschinen, die in mehr als 80 L\u00e4ndern vertrieben werden.\" \/>\n<meta property=\"og:url\" content=\"https:\/\/turbovac.nl\/de\/uber-turbovac\/\" \/>\n<meta property=\"og:site_name\" content=\"TURBOVAC\" \/>\n<meta property=\"article:modified_time\" content=\"2020-05-31T15:03:50+00:00\" \/>\n<meta property=\"og:image\" content=\"https:\/\/turbovac.nl\/wp-content\/uploads\/2019\/10\/TT-zoom3940-1.jpg\" \/>\n\t<meta property=\"og:image:width\" content=\"1000\" \/>\n\t<meta property=\"og:image:height\" content=\"1064\" \/>\n\t<meta property=\"og:image:type\" content=\"image\/jpeg\" \/>\n<meta name=\"twitter:card\" content=\"summary_large_image\" \/>\n<meta name=\"twitter:label1\" content=\"Gesch\u00e4tzte Lesezeit\" \/>\n\t<meta name=\"twitter:data1\" content=\"5\u00a0Minuten\" \/>\n<script type=\"application\/ld+json\" class=\"yoast-schema-graph\">{\"@context\":\"https:\/\/schema.org\",\"@graph\":[{\"@type\":\"WebPage\",\"@id\":\"https:\/\/turbovac.nl\/de\/uber-turbovac\/\",\"url\":\"https:\/\/turbovac.nl\/de\/uber-turbovac\/\",\"name\":\"Turbovac International | Turbovac - Erste Wahl fu\u0308r Fachleute\",\"isPartOf\":{\"@id\":\"https:\/\/turbovac.nl\/#website\"},\"primaryImageOfPage\":{\"@id\":\"https:\/\/turbovac.nl\/de\/uber-turbovac\/#primaryimage\"},\"image\":{\"@id\":\"https:\/\/turbovac.nl\/de\/uber-turbovac\/#primaryimage\"},\"thumbnailUrl\":\"https:\/\/turbovac.nl\/wp-content\/uploads\/2019\/10\/TT-zoom3940-1.jpg\",\"datePublished\":\"2019-11-10T10:55:25+00:00\",\"dateModified\":\"2020-05-31T15:03:50+00:00\",\"description\":\"Turbovac ist einer der Erfinder und Hersteller von professionellen Vakuumverpackungsmaschinen, die in mehr als 80 L\u00e4ndern vertrieben werden.\",\"breadcrumb\":{\"@id\":\"https:\/\/turbovac.nl\/de\/uber-turbovac\/#breadcrumb\"},\"inLanguage\":\"de\",\"potentialAction\":[{\"@type\":\"ReadAction\",\"target\":[\"https:\/\/turbovac.nl\/de\/uber-turbovac\/\"]}]},{\"@type\":\"ImageObject\",\"inLanguage\":\"de\",\"@id\":\"https:\/\/turbovac.nl\/de\/uber-turbovac\/#primaryimage\",\"url\":\"https:\/\/turbovac.nl\/wp-content\/uploads\/2019\/10\/TT-zoom3940-1.jpg\",\"contentUrl\":\"https:\/\/turbovac.nl\/wp-content\/uploads\/2019\/10\/TT-zoom3940-1.jpg\",\"width\":1000,\"height\":1064,\"caption\":\"Tabletop detail Food processing industry\"},{\"@type\":\"BreadcrumbList\",\"@id\":\"https:\/\/turbovac.nl\/de\/uber-turbovac\/#breadcrumb\",\"itemListElement\":[{\"@type\":\"ListItem\",\"position\":1,\"name\":\"Home\",\"item\":\"https:\/\/turbovac.nl\/de\/\"},{\"@type\":\"ListItem\",\"position\":2,\"name\":\"\u00dcber Turbovac\"}]},{\"@type\":\"WebSite\",\"@id\":\"https:\/\/turbovac.nl\/#website\",\"url\":\"https:\/\/turbovac.nl\/\",\"name\":\"TURBOVAC\",\"description\":\"Vacuum Packaging Machines\",\"potentialAction\":[{\"@type\":\"SearchAction\",\"target\":{\"@type\":\"EntryPoint\",\"urlTemplate\":\"https:\/\/turbovac.nl\/?s={search_term_string}\"},\"query-input\":\"required name=search_term_string\"}],\"inLanguage\":\"de\"}]}<\/script>\n<!-- \/ Yoast SEO plugin. -->","yoast_head_json":{"title":"Turbovac International | Turbovac - Erste Wahl fu\u0308r Fachleute","description":"Turbovac ist einer der Erfinder und Hersteller von professionellen Vakuumverpackungsmaschinen, die in mehr als 80 L\u00e4ndern vertrieben werden.","robots":{"index":"index","follow":"follow","max-snippet":"max-snippet:-1","max-image-preview":"max-image-preview:large","max-video-preview":"max-video-preview:-1"},"canonical":"https:\/\/turbovac.nl\/de\/uber-turbovac\/","og_locale":"de_DE","og_type":"article","og_title":"Turbovac International | Turbovac - Erste Wahl fu\u0308r Fachleute","og_description":"Turbovac ist einer der Erfinder und Hersteller von professionellen Vakuumverpackungsmaschinen, die in mehr als 80 L\u00e4ndern vertrieben werden.","og_url":"https:\/\/turbovac.nl\/de\/uber-turbovac\/","og_site_name":"TURBOVAC","article_modified_time":"2020-05-31T15:03:50+00:00","og_image":[{"width":1000,"height":1064,"url":"https:\/\/turbovac.nl\/wp-content\/uploads\/2019\/10\/TT-zoom3940-1.jpg","type":"image\/jpeg"}],"twitter_card":"summary_large_image","twitter_misc":{"Gesch\u00e4tzte Lesezeit":"5\u00a0Minuten"},"schema":{"@context":"https:\/\/schema.org","@graph":[{"@type":"WebPage","@id":"https:\/\/turbovac.nl\/de\/uber-turbovac\/","url":"https:\/\/turbovac.nl\/de\/uber-turbovac\/","name":"Turbovac International | Turbovac - Erste Wahl fu\u0308r Fachleute","isPartOf":{"@id":"https:\/\/turbovac.nl\/#website"},"primaryImageOfPage":{"@id":"https:\/\/turbovac.nl\/de\/uber-turbovac\/#primaryimage"},"image":{"@id":"https:\/\/turbovac.nl\/de\/uber-turbovac\/#primaryimage"},"thumbnailUrl":"https:\/\/turbovac.nl\/wp-content\/uploads\/2019\/10\/TT-zoom3940-1.jpg","datePublished":"2019-11-10T10:55:25+00:00","dateModified":"2020-05-31T15:03:50+00:00","description":"Turbovac ist einer der Erfinder und Hersteller von professionellen Vakuumverpackungsmaschinen, die in mehr als 80 L\u00e4ndern vertrieben werden.","breadcrumb":{"@id":"https:\/\/turbovac.nl\/de\/uber-turbovac\/#breadcrumb"},"inLanguage":"de","potentialAction":[{"@type":"ReadAction","target":["https:\/\/turbovac.nl\/de\/uber-turbovac\/"]}]},{"@type":"ImageObject","inLanguage":"de","@id":"https:\/\/turbovac.nl\/de\/uber-turbovac\/#primaryimage","url":"https:\/\/turbovac.nl\/wp-content\/uploads\/2019\/10\/TT-zoom3940-1.jpg","contentUrl":"https:\/\/turbovac.nl\/wp-content\/uploads\/2019\/10\/TT-zoom3940-1.jpg","width":1000,"height":1064,"caption":"Tabletop detail Food processing industry"},{"@type":"BreadcrumbList","@id":"https:\/\/turbovac.nl\/de\/uber-turbovac\/#breadcrumb","itemListElement":[{"@type":"ListItem","position":1,"name":"Home","item":"https:\/\/turbovac.nl\/de\/"},{"@type":"ListItem","position":2,"name":"\u00dcber Turbovac"}]},{"@type":"WebSite","@id":"https:\/\/turbovac.nl\/#website","url":"https:\/\/turbovac.nl\/","name":"TURBOVAC","description":"Vacuum Packaging Machines","potentialAction":[{"@type":"SearchAction","target":{"@type":"EntryPoint","urlTemplate":"https:\/\/turbovac.nl\/?s={search_term_string}"},"query-input":"required name=search_term_string"}],"inLanguage":"de"}]}},"_links":{"self":[{"href":"https:\/\/turbovac.nl\/de\/wp-json\/wp\/v2\/pages\/10541","targetHints":{"allow":["GET"]}}],"collection":[{"href":"https:\/\/turbovac.nl\/de\/wp-json\/wp\/v2\/pages"}],"about":[{"href":"https:\/\/turbovac.nl\/de\/wp-json\/wp\/v2\/types\/page"}],"author":[{"embeddable":true,"href":"https:\/\/turbovac.nl\/de\/wp-json\/wp\/v2\/users\/6"}],"replies":[{"embeddable":true,"href":"https:\/\/turbovac.nl\/de\/wp-json\/wp\/v2\/comments?post=10541"}],"version-history":[{"count":7,"href":"https:\/\/turbovac.nl\/de\/wp-json\/wp\/v2\/pages\/10541\/revisions"}],"predecessor-version":[{"id":11050,"href":"https:\/\/turbovac.nl\/de\/wp-json\/wp\/v2\/pages\/10541\/revisions\/11050"}],"wp:featuredmedia":[{"embeddable":true,"href":"https:\/\/turbovac.nl\/de\/wp-json\/wp\/v2\/media\/3902"}],"wp:attachment":[{"href":"https:\/\/turbovac.nl\/de\/wp-json\/wp\/v2\/media?parent=10541"}],"curies":[{"name":"wp","href":"https:\/\/api.w.org\/{rel}","templated":true}]}}