{"id":10549,"date":"2019-11-12T15:24:26","date_gmt":"2019-11-12T14:24:26","guid":{"rendered":"https:\/\/turbovac.nl\/service-and-spareparts\/"},"modified":"2020-05-29T10:52:37","modified_gmt":"2020-05-29T09:52:37","slug":"service-und-ersatzteile","status":"publish","type":"page","link":"https:\/\/turbovac.nl\/de\/service-und-ersatzteile\/","title":{"rendered":"Service und Ersatzteile"},"content":{"rendered":"<p>[vc_row type=&#8220;full_width_background&#8220; bg_image=&#8220;5048&#8243; parallax_bg=&#8220;true&#8220; bg_color=&#8220;#f6f6f6&#8243; overlay=&#8220;true&#8220; overlay_color=&#8220;rgba(255,255,255,0.86)&#8220; top_padding=&#8220;80&#8243; bottom_padding=&#8220;80&#8243;][vc_column width=&#8220;1\/6&#8243;][\/vc_column][vc_column width=&#8220;2\/3&#8243;][vc_custom_heading text=&#8220;Unser Serviceteam steht f\u00fcr Sie bereit.&#8220; font_container=&#8220;tag:h2|font_size:45px|text_align:center|line_height:54px&#8220; use_theme_fonts=&#8220;yes&#8220;][vc_empty_space][vc_custom_heading text=&#8220;F\u00fcr technische Unterst\u00fctzung, Service und Ersatzteilanfragen wenden Sie sich bitte per E-Mail oder Telefon an uns.&#8220; font_container=&#8220;tag:h2|font_size:25px|text_align:center|line_height:35px&#8220; use_theme_fonts=&#8220;yes&#8220;][\/vc_column][vc_column width=&#8220;1\/6&#8243;][\/vc_column][\/vc_row][vc_row type=&#8220;full_width_background&#8220; bg_color=&#8220;#fcfcfc&#8220;][vc_column width=&#8220;1\/4&#8243; background_color=&#8220;#f9f9f9&#8243; css=&#8220;.vc_custom_1572099072089{border-top-width: 1px !important;border-right-width: 1px !important;border-bottom-width: 1px !important;border-left-width: 1px !important;border-left-color: #e0e0e0 !important;border-left-style: solid !important;border-right-color: #e0e0e0 !important;border-right-style: solid !important;border-top-color: #e0e0e0 !important;border-top-style: solid !important;border-bottom-color: #e0e0e0 !important;border-bottom-style: solid !important;}&#8220;][vc_empty_space height=&#8220;20px&#8220;][vc_single_image image=&#8220;4652&#8243; img_size=&#8220;large&#8220; alignment=&#8220;center&#8220;][vc_row_inner][vc_column_inner][vc_empty_space height=&#8220;20px&#8220;][vc_custom_heading text=&#8220;Kundendienst&#8220; font_container=&#8220;tag:h1|font_size:18|text_align:center&#8220; use_theme_fonts=&#8220;yes&#8220;][\/vc_column_inner][\/vc_row_inner][vc_empty_space height=&#8220;60px&#8220;][vc_icon icon_fontawesome=&#8220;fa fa-envelope-o&#8220; color=&#8220;custom&#8220; background_style=&#8220;rounded-outline&#8220; size=&#8220;sm&#8220; align=&#8220;center&#8220; link=&#8220;url:mailto%3Acs%40turbovac.nl|||&#8220; custom_color=&#8220;#3a3a3a&#8220; css=&#8220;.vc_custom_1582122801996{padding-top: -20px !important;padding-bottom: -20px !important;}&#8220;][vc_column_text]<\/p>\n<div class=\"views-field views-field-field-telefoonnummer\">\n<div class=\"field-content\" style=\"text-align: center;\"><strong>+31 (0)73 6 271 276<\/strong><\/div>\n<\/div>\n<p>[\/vc_column_text][vc_empty_space height=&#8220;2px&#8220;][\/vc_column][vc_column width=&#8220;1\/4&#8243; background_color=&#8220;#f9f9f9&#8243; css=&#8220;.vc_custom_1572099146562{border-top-width: 1px !important;border-right-width: 1px !important;border-bottom-width: 1px !important;border-left-width: 1px !important;border-left-color: #e0e0e0 !important;border-left-style: solid !important;border-right-color: #e0e0e0 !important;border-right-style: solid !important;border-top-color: #e0e0e0 !important;border-top-style: solid !important;border-bottom-color: #e0e0e0 !important;border-bottom-style: solid !important;}&#8220;][vc_empty_space height=&#8220;20px&#8220;][vc_single_image image=&#8220;4675&#8243; img_size=&#8220;large&#8220; alignment=&#8220;center&#8220;][vc_row_inner][vc_column_inner][vc_empty_space height=&#8220;20px&#8220;][vc_custom_heading text=&#8220;Richard Netten&#8220; font_container=&#8220;tag:h1|font_size:18|text_align:center&#8220; use_theme_fonts=&#8220;yes&#8220;][vc_column_text]<\/p>\n<h5 style=\"text-align: center;\"><span style=\"color: #b20000; font-family: neosans-light; font-size: 10pt;\">Kundendienst-Techniker<\/span><\/h5>\n<p>[\/vc_column_text][\/vc_column_inner][\/vc_row_inner][vc_icon icon_fontawesome=&#8220;fa fa-envelope-o&#8220; color=&#8220;custom&#8220; background_style=&#8220;rounded-outline&#8220; size=&#8220;sm&#8220; align=&#8220;center&#8220; link=&#8220;url:mailto%3Arichard%40turbovac.nl|||&#8220; custom_color=&#8220;#3a3a3a&#8220; css=&#8220;.vc_custom_1582122817706{padding-top: -20px !important;padding-bottom: -20px !important;}&#8220;][vc_column_text]<\/p>\n<div class=\"views-field views-field-field-telefoonnummer\">\n<div class=\"field-content\" style=\"text-align: center;\"><strong>+31 (0)73 6 271 273<\/strong><\/div>\n<\/div>\n<p>[\/vc_column_text][vc_empty_space height=&#8220;2px&#8220;][\/vc_column][vc_column width=&#8220;1\/4&#8243; background_color=&#8220;#f9f9f9&#8243; css=&#8220;.vc_custom_1572099165496{border-top-width: 1px !important;border-right-width: 1px !important;border-bottom-width: 1px !important;border-left-width: 1px !important;border-left-color: #e0e0e0 !important;border-left-style: solid !important;border-right-color: #e0e0e0 !important;border-right-style: solid !important;border-top-color: #e0e0e0 !important;border-top-style: solid !important;border-bottom-color: #e0e0e0 !important;border-bottom-style: solid !important;}&#8220;][vc_empty_space height=&#8220;20px&#8220;][vc_single_image image=&#8220;4680&#8243; img_size=&#8220;large&#8220; alignment=&#8220;center&#8220;][vc_row_inner][vc_column_inner][vc_empty_space height=&#8220;20px&#8220;][vc_custom_heading text=&#8220;Erwin van Straalen&#8220; font_container=&#8220;tag:h1|font_size:18|text_align:center&#8220; use_theme_fonts=&#8220;yes&#8220;][vc_column_text]<\/p>\n<h5 style=\"text-align: center;\"><span style=\"color: #b20000; font-family: neosans-light; font-size: 10pt;\">Kundendienst-Techniker<\/span><\/h5>\n<p>[\/vc_column_text][\/vc_column_inner][\/vc_row_inner][vc_icon icon_fontawesome=&#8220;fa fa-envelope-o&#8220; color=&#8220;custom&#8220; background_style=&#8220;rounded-outline&#8220; size=&#8220;sm&#8220; align=&#8220;center&#8220; link=&#8220;url:mailto%3Aerwin%40turbovac.nl|||&#8220; custom_color=&#8220;#3a3a3a&#8220; css=&#8220;.vc_custom_1582122829329{padding-top: -20px !important;padding-bottom: -20px !important;}&#8220;][vc_column_text]<\/p>\n<div class=\"views-field views-field-field-telefoonnummer\">\n<div class=\"field-content\" style=\"text-align: center;\">\n<div class=\"views-field views-field-field-telefoonnummer\">\n<div class=\"field-content\"><strong>+31 (0)73-6 271 277<\/strong><\/div>\n<\/div>\n<\/div>\n<\/div>\n<p>[\/vc_column_text][vc_empty_space height=&#8220;2px&#8220;][\/vc_column][vc_column width=&#8220;1\/4&#8243; background_color=&#8220;#f9f9f9&#8243; css=&#8220;.vc_custom_1572100587139{border-top-width: 1px !important;border-right-width: 1px !important;border-bottom-width: 1px !important;border-left-width: 1px !important;border-left-color: #e0e0e0 !important;border-left-style: solid !important;border-right-color: #e0e0e0 !important;border-right-style: solid !important;border-top-color: #e0e0e0 !important;border-top-style: solid !important;border-bottom-color: #e0e0e0 !important;border-bottom-style: solid !important;}&#8220;][vc_empty_space height=&#8220;20px&#8220;][vc_single_image image=&#8220;4685&#8243; img_size=&#8220;large&#8220; alignment=&#8220;center&#8220;][vc_row_inner][vc_column_inner][vc_empty_space height=&#8220;20px&#8220;][vc_custom_heading text=&#8220;Eric Veltman&#8220; font_container=&#8220;tag:h1|font_size:18|text_align:center&#8220; use_theme_fonts=&#8220;yes&#8220;][vc_column_text]<\/p>\n<h5 style=\"text-align: center;\"><span style=\"color: #b20000; font-family: neosans-light; font-size: 10pt;\">Service-Ingenieur<\/span><\/h5>\n<p>[\/vc_column_text][\/vc_column_inner][\/vc_row_inner][vc_icon icon_fontawesome=&#8220;fa fa-envelope-o&#8220; color=&#8220;custom&#8220; background_style=&#8220;rounded-outline&#8220; size=&#8220;sm&#8220; align=&#8220;center&#8220; link=&#8220;url:mailto%3Aservice%40turbovac.nl|||&#8220; custom_color=&#8220;#3a3a3a&#8220; css=&#8220;.vc_custom_1582122847103{padding-top: -20px !important;padding-bottom: -20px !important;}&#8220;][vc_column_text]<\/p>\n<div class=\"views-field views-field-field-telefoonnummer\">\n<div class=\"field-content\" style=\"text-align: center;\"><strong>+31 (0)73 6 271 277<\/strong><\/div>\n<\/div>\n<p>[\/vc_column_text][vc_empty_space height=&#8220;2px&#8220;][\/vc_column][\/vc_row][vc_row][vc_column width=&#8220;1\/3&#8243; background_color=&#8220;#b20000&#8243; el_class=&#8220;kolomOver2&#8243; css=&#8220;.vc_custom_1582472632338{padding-top: 50px !important;padding-bottom: 50px !important;background-position: center !important;background-repeat: no-repeat !important;background-size: cover !important;}&#8220;][vc_custom_heading text=&#8220;KONTAKTFORMULAR<br \/>\nF\u00dcR<br \/>\nSERVICEFRAGEN&#8220; font_container=&#8220;tag:h1|font_size:24|text_align:center|color:%23ffffff&#8220; use_theme_fonts=&#8220;yes&#8220; css_animation=&#8220;none&#8220; link=&#8220;url:https%3A%2F%2Fturbovac.nl%2Fde%2Fkontaktformular-fur-serviceleistungen%2F|title:Service%20contactform||&#8220;][\/vc_column][vc_column width=&#8220;1\/3&#8243; background_color=&#8220;#848484&#8243; el_class=&#8220;kolomOver2&#8243; css=&#8220;.vc_custom_1582472656682{padding-top: 50px !important;padding-bottom: 50px !important;}&#8220;][vc_custom_heading text=&#8220;KONTAKTFORMULAR<br \/>\nF\u00dcR<br \/>\nERSATZTEILE&#8220; font_container=&#8220;tag:h1|font_size:24|text_align:center|color:%23ffffff&#8220; use_theme_fonts=&#8220;yes&#8220; link=&#8220;url:https%3A%2F%2Fturbovac.nl%2Fde%2Fersatzteil-kontaktformular%2F|||&#8220;][\/vc_column][vc_column width=&#8220;1\/3&#8243; background_color=&#8220;#686868&#8243; el_class=&#8220;kolomOver2&#8243; css=&#8220;.vc_custom_1582472684128{padding-top: 50px !important;padding-bottom: 50px !important;}&#8220;][vc_custom_heading text=&#8220;KONTAKTFORMULAR F\u00dcR<br \/>\nTECHNISCHE UNTERST\u00dcTZUNG&#8220; font_container=&#8220;tag:h1|font_size:24|text_align:center|color:%23ffffff&#8220; use_theme_fonts=&#8220;yes&#8220; link=&#8220;url:https%3A%2F%2Fturbovac.nl%2Fde%2Fkontaktformular-fur-technische-unterstutzung%2F|title:Technical%20Support%20Contactform||&#8220;][\/vc_column][\/vc_row][vc_row type=&#8220;full_width_background&#8220; bg_color=&#8220;#eaeaea&#8220;][vc_column width=&#8220;1\/6&#8243;][\/vc_column][vc_column width=&#8220;2\/3&#8243; el_class=&#8220;FAQspare&#8220;][vc_text_separator title=&#8220;H\u00e4ufigste Fragen zu Service und Ersatzteilen&#8220; color=&#8220;custom&#8220; accent_color=&#8220;#6b6b6b&#8220;][vc_empty_space][faq style=&#8220;style_3&#8243;][\/vc_column][vc_column width=&#8220;1\/6&#8243;][\/vc_column][\/vc_row][vc_row type=&#8220;full_width_content&#8220;][vc_column background_color=&#8220;#75001f&#8220;][vc_empty_space][vc_custom_heading text=&#8220;CAPTURE QUALITY&#8220; font_container=&#8220;tag:h2|font_size:35|text_align:center|color:%23ffffff|line_height:1.25&#8243; use_theme_fonts=&#8220;yes&#8220;][vc_empty_space][\/vc_column][\/vc_row]<\/p>\n","protected":false},"excerpt":{"rendered":"<p>[vc_row type=&#8220;full_width_background&#8220; bg_image=&#8220;5048&#8243; parallax_bg=&#8220;true&#8220; bg_color=&#8220;#f6f6f6&#8243; overlay=&#8220;true&#8220; overlay_color=&#8220;rgba(255,255,255,0.86)&#8220; top_padding=&#8220;80&#8243; bottom_padding=&#8220;80&#8243;][vc_column width=&#8220;1\/6&#8243;][\/vc_column][vc_column width=&#8220;2\/3&#8243;][vc_custom_heading text=&#8220;Unser Serviceteam steht f\u00fcr Sie bereit.&#8220; font_container=&#8220;tag:h2|font_size:45px|text_align:center|line_height:54px&#8220; use_theme_fonts=&#8220;yes&#8220;][vc_empty_space][vc_custom_heading text=&#8220;F\u00fcr technische Unterst\u00fctzung, Service und Ersatzteilanfragen wenden Sie sich bitte per E-Mail oder Telefon an uns.&#8220; font_container=&#8220;tag:h2|font_size:25px|text_align:center|line_height:35px&#8220; use_theme_fonts=&#8220;yes&#8220;][\/vc_column][vc_column width=&#8220;1\/6&#8243;][\/vc_column][\/vc_row][vc_row type=&#8220;full_width_background&#8220; bg_color=&#8220;#fcfcfc&#8220;][vc_column width=&#8220;1\/4&#8243; background_color=&#8220;#f9f9f9&#8243; css=&#8220;.vc_custom_1572099072089{border-top-width: 1px !important;border-right-width: 1px !important;border-bottom-width: 1px !important;border-left-width: 1px !important;border-left-color: #e0e0e0 !important;border-left-style: solid !important;border-right-color: [&hellip;]<\/p>\n","protected":false},"author":6,"featured_media":3902,"parent":0,"menu_order":0,"comment_status":"closed","ping_status":"closed","template":"","meta":{"_monsterinsights_skip_tracking":false,"_monsterinsights_sitenote_active":false,"_monsterinsights_sitenote_note":"","_monsterinsights_sitenote_category":0,"footnotes":""},"class_list":["post-10549","page","type-page","status-publish","has-post-thumbnail","hentry"],"yoast_head":"<!-- This site is optimized with the Yoast SEO plugin v22.7 - https:\/\/yoast.com\/wordpress\/plugins\/seo\/ -->\n<title>Service und Ersatzteile Kontakt | Turbovac - Erste Wahl f\u00fcr Fachleute<\/title>\n<meta name=\"description\" content=\"Unser Serviceteam steht f\u00fcr Sie bereit. F\u00fcr technische Unterst\u00fctzung, Service und Ersatzteile wenden Sie sich bitte per E-Mail oder Telefon an uns.\" \/>\n<meta name=\"robots\" content=\"index, follow, max-snippet:-1, max-image-preview:large, max-video-preview:-1\" \/>\n<link rel=\"canonical\" href=\"https:\/\/turbovac.nl\/de\/service-und-ersatzteile\/\" \/>\n<meta property=\"og:locale\" content=\"de_DE\" \/>\n<meta property=\"og:type\" content=\"article\" \/>\n<meta property=\"og:title\" content=\"Service und Ersatzteile Kontakt | Turbovac - Erste Wahl f\u00fcr Fachleute\" \/>\n<meta property=\"og:description\" content=\"Unser Serviceteam steht f\u00fcr Sie bereit. F\u00fcr technische Unterst\u00fctzung, Service und Ersatzteile wenden Sie sich bitte per E-Mail oder Telefon an uns.\" \/>\n<meta property=\"og:url\" content=\"https:\/\/turbovac.nl\/de\/service-und-ersatzteile\/\" \/>\n<meta property=\"og:site_name\" content=\"TURBOVAC\" \/>\n<meta property=\"article:modified_time\" content=\"2020-05-29T09:52:37+00:00\" \/>\n<meta property=\"og:image\" content=\"https:\/\/turbovac.nl\/wp-content\/uploads\/2019\/10\/TT-zoom3940-1.jpg\" \/>\n\t<meta property=\"og:image:width\" content=\"1000\" \/>\n\t<meta property=\"og:image:height\" content=\"1064\" \/>\n\t<meta property=\"og:image:type\" content=\"image\/jpeg\" \/>\n<meta name=\"twitter:card\" content=\"summary_large_image\" \/>\n<meta name=\"twitter:label1\" content=\"Gesch\u00e4tzte Lesezeit\" \/>\n\t<meta name=\"twitter:data1\" content=\"5\u00a0Minuten\" \/>\n<script type=\"application\/ld+json\" class=\"yoast-schema-graph\">{\"@context\":\"https:\/\/schema.org\",\"@graph\":[{\"@type\":\"WebPage\",\"@id\":\"https:\/\/turbovac.nl\/de\/service-und-ersatzteile\/\",\"url\":\"https:\/\/turbovac.nl\/de\/service-und-ersatzteile\/\",\"name\":\"Service und Ersatzteile Kontakt | Turbovac - Erste Wahl f\u00fcr Fachleute\",\"isPartOf\":{\"@id\":\"https:\/\/turbovac.nl\/#website\"},\"primaryImageOfPage\":{\"@id\":\"https:\/\/turbovac.nl\/de\/service-und-ersatzteile\/#primaryimage\"},\"image\":{\"@id\":\"https:\/\/turbovac.nl\/de\/service-und-ersatzteile\/#primaryimage\"},\"thumbnailUrl\":\"https:\/\/turbovac.nl\/wp-content\/uploads\/2019\/10\/TT-zoom3940-1.jpg\",\"datePublished\":\"2019-11-12T14:24:26+00:00\",\"dateModified\":\"2020-05-29T09:52:37+00:00\",\"description\":\"Unser Serviceteam steht f\u00fcr Sie bereit. F\u00fcr technische Unterst\u00fctzung, Service und Ersatzteile wenden Sie sich bitte per E-Mail oder Telefon an uns.\",\"breadcrumb\":{\"@id\":\"https:\/\/turbovac.nl\/de\/service-und-ersatzteile\/#breadcrumb\"},\"inLanguage\":\"de\",\"potentialAction\":[{\"@type\":\"ReadAction\",\"target\":[\"https:\/\/turbovac.nl\/de\/service-und-ersatzteile\/\"]}]},{\"@type\":\"ImageObject\",\"inLanguage\":\"de\",\"@id\":\"https:\/\/turbovac.nl\/de\/service-und-ersatzteile\/#primaryimage\",\"url\":\"https:\/\/turbovac.nl\/wp-content\/uploads\/2019\/10\/TT-zoom3940-1.jpg\",\"contentUrl\":\"https:\/\/turbovac.nl\/wp-content\/uploads\/2019\/10\/TT-zoom3940-1.jpg\",\"width\":1000,\"height\":1064,\"caption\":\"Tabletop detail Food processing industry\"},{\"@type\":\"BreadcrumbList\",\"@id\":\"https:\/\/turbovac.nl\/de\/service-und-ersatzteile\/#breadcrumb\",\"itemListElement\":[{\"@type\":\"ListItem\",\"position\":1,\"name\":\"Home\",\"item\":\"https:\/\/turbovac.nl\/de\/\"},{\"@type\":\"ListItem\",\"position\":2,\"name\":\"Service und Ersatzteile\"}]},{\"@type\":\"WebSite\",\"@id\":\"https:\/\/turbovac.nl\/#website\",\"url\":\"https:\/\/turbovac.nl\/\",\"name\":\"TURBOVAC\",\"description\":\"Vacuum Packaging Machines\",\"potentialAction\":[{\"@type\":\"SearchAction\",\"target\":{\"@type\":\"EntryPoint\",\"urlTemplate\":\"https:\/\/turbovac.nl\/?s={search_term_string}\"},\"query-input\":\"required name=search_term_string\"}],\"inLanguage\":\"de\"}]}<\/script>\n<!-- \/ Yoast SEO plugin. -->","yoast_head_json":{"title":"Service und Ersatzteile Kontakt | Turbovac - Erste Wahl f\u00fcr Fachleute","description":"Unser Serviceteam steht f\u00fcr Sie bereit. F\u00fcr technische Unterst\u00fctzung, Service und Ersatzteile wenden Sie sich bitte per E-Mail oder Telefon an uns.","robots":{"index":"index","follow":"follow","max-snippet":"max-snippet:-1","max-image-preview":"max-image-preview:large","max-video-preview":"max-video-preview:-1"},"canonical":"https:\/\/turbovac.nl\/de\/service-und-ersatzteile\/","og_locale":"de_DE","og_type":"article","og_title":"Service und Ersatzteile Kontakt | Turbovac - Erste Wahl f\u00fcr Fachleute","og_description":"Unser Serviceteam steht f\u00fcr Sie bereit. F\u00fcr technische Unterst\u00fctzung, Service und Ersatzteile wenden Sie sich bitte per E-Mail oder Telefon an uns.","og_url":"https:\/\/turbovac.nl\/de\/service-und-ersatzteile\/","og_site_name":"TURBOVAC","article_modified_time":"2020-05-29T09:52:37+00:00","og_image":[{"width":1000,"height":1064,"url":"https:\/\/turbovac.nl\/wp-content\/uploads\/2019\/10\/TT-zoom3940-1.jpg","type":"image\/jpeg"}],"twitter_card":"summary_large_image","twitter_misc":{"Gesch\u00e4tzte Lesezeit":"5\u00a0Minuten"},"schema":{"@context":"https:\/\/schema.org","@graph":[{"@type":"WebPage","@id":"https:\/\/turbovac.nl\/de\/service-und-ersatzteile\/","url":"https:\/\/turbovac.nl\/de\/service-und-ersatzteile\/","name":"Service und Ersatzteile Kontakt | Turbovac - Erste Wahl f\u00fcr Fachleute","isPartOf":{"@id":"https:\/\/turbovac.nl\/#website"},"primaryImageOfPage":{"@id":"https:\/\/turbovac.nl\/de\/service-und-ersatzteile\/#primaryimage"},"image":{"@id":"https:\/\/turbovac.nl\/de\/service-und-ersatzteile\/#primaryimage"},"thumbnailUrl":"https:\/\/turbovac.nl\/wp-content\/uploads\/2019\/10\/TT-zoom3940-1.jpg","datePublished":"2019-11-12T14:24:26+00:00","dateModified":"2020-05-29T09:52:37+00:00","description":"Unser Serviceteam steht f\u00fcr Sie bereit. F\u00fcr technische Unterst\u00fctzung, Service und Ersatzteile wenden Sie sich bitte per E-Mail oder Telefon an uns.","breadcrumb":{"@id":"https:\/\/turbovac.nl\/de\/service-und-ersatzteile\/#breadcrumb"},"inLanguage":"de","potentialAction":[{"@type":"ReadAction","target":["https:\/\/turbovac.nl\/de\/service-und-ersatzteile\/"]}]},{"@type":"ImageObject","inLanguage":"de","@id":"https:\/\/turbovac.nl\/de\/service-und-ersatzteile\/#primaryimage","url":"https:\/\/turbovac.nl\/wp-content\/uploads\/2019\/10\/TT-zoom3940-1.jpg","contentUrl":"https:\/\/turbovac.nl\/wp-content\/uploads\/2019\/10\/TT-zoom3940-1.jpg","width":1000,"height":1064,"caption":"Tabletop detail Food processing industry"},{"@type":"BreadcrumbList","@id":"https:\/\/turbovac.nl\/de\/service-und-ersatzteile\/#breadcrumb","itemListElement":[{"@type":"ListItem","position":1,"name":"Home","item":"https:\/\/turbovac.nl\/de\/"},{"@type":"ListItem","position":2,"name":"Service und Ersatzteile"}]},{"@type":"WebSite","@id":"https:\/\/turbovac.nl\/#website","url":"https:\/\/turbovac.nl\/","name":"TURBOVAC","description":"Vacuum Packaging Machines","potentialAction":[{"@type":"SearchAction","target":{"@type":"EntryPoint","urlTemplate":"https:\/\/turbovac.nl\/?s={search_term_string}"},"query-input":"required name=search_term_string"}],"inLanguage":"de"}]}},"_links":{"self":[{"href":"https:\/\/turbovac.nl\/de\/wp-json\/wp\/v2\/pages\/10549","targetHints":{"allow":["GET"]}}],"collection":[{"href":"https:\/\/turbovac.nl\/de\/wp-json\/wp\/v2\/pages"}],"about":[{"href":"https:\/\/turbovac.nl\/de\/wp-json\/wp\/v2\/types\/page"}],"author":[{"embeddable":true,"href":"https:\/\/turbovac.nl\/de\/wp-json\/wp\/v2\/users\/6"}],"replies":[{"embeddable":true,"href":"https:\/\/turbovac.nl\/de\/wp-json\/wp\/v2\/comments?post=10549"}],"version-history":[{"count":4,"href":"https:\/\/turbovac.nl\/de\/wp-json\/wp\/v2\/pages\/10549\/revisions"}],"predecessor-version":[{"id":10977,"href":"https:\/\/turbovac.nl\/de\/wp-json\/wp\/v2\/pages\/10549\/revisions\/10977"}],"wp:featuredmedia":[{"embeddable":true,"href":"https:\/\/turbovac.nl\/de\/wp-json\/wp\/v2\/media\/3902"}],"wp:attachment":[{"href":"https:\/\/turbovac.nl\/de\/wp-json\/wp\/v2\/media?parent=10549"}],"curies":[{"name":"wp","href":"https:\/\/api.w.org\/{rel}","templated":true}]}}