{"id":10566,"date":"2019-12-02T22:17:01","date_gmt":"2019-12-02T21:17:01","guid":{"rendered":"https:\/\/turbovac.nl\/frequently-asked-questions\/"},"modified":"2020-05-31T16:09:42","modified_gmt":"2020-05-31T15:09:42","slug":"haufig-gestellte-fragen","status":"publish","type":"page","link":"https:\/\/turbovac.nl\/de\/haufig-gestellte-fragen\/","title":{"rendered":"H\u00e4ufig gestellte Fragen"},"content":{"rendered":"<p>[vc_row type=&#8220;full_width_background&#8220; bg_color=&#8220;#f7f7f7&#8243;][vc_column width=&#8220;1\/4&#8243;][\/vc_column][vc_column width=&#8220;3\/4&#8243;][vc_custom_heading text=&#8220;H\u00e4ufig gestellte Fragen (FAQ)&#8220; font_container=&#8220;tag:h1|font_size:48px|text_align:left|color:%23444444|line_height:56px&#8220; google_fonts=&#8220;font_family:Open%20Sans%3A300%2C300italic%2Cregular%2Citalic%2C600%2C600italic%2C700%2C700italic%2C800%2C800italic|font_style:700%20bold%20regular%3A700%3Anormal&#8220;][vc_column_text]Auf dieser Seite finden Sie einige regelm\u00e4\u00dfige Fragen. Finden Sie Ihre Antwort nicht? Fragen Sie unseren <strong><a href=\"https:\/\/turbovac.nl\/de\/verkaufsabteilung\/\">Verkaufssupport<\/a><\/strong> nach weiteren Informationen \u00fcber unsere Vakuumverpackungsmaschinen oder spezielle Optionen. Klicken Sie hier, wenn Sie <strong><a href=\"https:\/\/turbovac.nl\/de\/service-und-ersatzteile\/\">Ersatzteile, Service oder technische Unterst\u00fctzung<\/a><\/strong> ben\u00f6tigen.[\/vc_column_text][faq style=&#8220;style_3&#8243;][\/vc_column][\/vc_row][vc_row][vc_column width=&#8220;1\/3&#8243; background_color=&#8220;#eb6f2e&#8220; el_class=&#8220;kolomOver2&#8243; css=&#8220;.vc_custom_1581949052078{padding-top: 50px !important;padding-bottom: 50px !important;background-position: center !important;background-repeat: no-repeat !important;background-size: cover !important;}&#8220;][vc_empty_space height=&#8220;17&#8243;][vc_custom_heading text=&#8220;KONTAKT&#8220; font_container=&#8220;tag:h1|font_size:24|text_align:center|color:%23ffffff&#8220; use_theme_fonts=&#8220;yes&#8220; css_animation=&#8220;none&#8220; link=&#8220;url:https%3A%2F%2Fturbovac.nl%2Fde%2Fverkaufsabteilung%2F|title:Sales%20department||&#8220;][vc_empty_space height=&#8220;17&#8243;][\/vc_column][vc_column width=&#8220;1\/3&#8243; background_color=&#8220;#d20037&#8243; el_class=&#8220;kolomOver2&#8243; css=&#8220;.vc_custom_1581949129587{padding-top: 50px !important;padding-bottom: 50px !important;}&#8220;][vc_custom_heading text=&#8220;EIN PERS\u00d6NLICHES ANGEBOT ERSTELLEN&#8220; font_container=&#8220;tag:h1|font_size:24|text_align:center|color:%23ffffff&#8220; use_theme_fonts=&#8220;yes&#8220; link=&#8220;url:https%3A%2F%2Fturbovac.nl%2Fde%2Frequest-quotation%2F|title:Request%20Quotation||&#8220;][\/vc_column][vc_column width=&#8220;1\/3&#8243; background_color=&#8220;#9e2142&#8243; el_class=&#8220;kolomOver2&#8243; css=&#8220;.vc_custom_1581949206465{padding-top: 50px !important;padding-bottom: 50px !important;}&#8220;][vc_empty_space height=&#8220;17&#8243;][vc_custom_heading text=&#8220;VERTEILER WERDEN&#8220; font_container=&#8220;tag:h1|font_size:24|text_align:center|color:%23ffffff&#8220; use_theme_fonts=&#8220;yes&#8220; link=&#8220;url:https%3A%2F%2Fturbovac.nl%2Fde%2Fverteiler-werden%2F|title:Become%20a%20distributor||&#8220;][vc_empty_space height=&#8220;17&#8243;][\/vc_column][\/vc_row][vc_row type=&#8220;full_width_background&#8220; class=&#8220;kolomOver&#8220;][vc_column width=&#8220;1\/3&#8243; el_class=&#8220;kolomOver&#8220;][services_medium title=&#8220;FLEISCHINDUSTRIE&#8220; style=&#8220;style_3&#8243; icon=&#8220;steadysets-icon-bones&#8220; icon_color=&#8220;#d20037&#8243; border_color=&#8220;#d20037&#8243; dynamic_content_link=&#8220;https:\/\/turbovac.nl\/de\/markte\/fleischverarbeitungsindustrie\/&#8220;]Hochwertige Verpackungen zur Verbesserung.[\/services_medium][\/vc_column][vc_column width=&#8220;1\/3&#8243; el_class=&#8220;kolomOver&#8220;][services_medium title=&#8220;LEBENSMITTELVERARBEITUNG&#8220; style=&#8220;style_3&#8243; icon=&#8220;linecon-icon-food&#8220; icon_color=&#8220;#d20037&#8243; border_color=&#8220;#d20037&#8243; dynamic_content_link=&#8220;https:\/\/turbovac.nl\/de\/markte\/lebensmittelverarbeitungsindustrie\/&#8220;]Optimalisierung und Flexibilit\u00e4t in allen Arten der Lebensmittelverarbeitung.[\/services_medium][\/vc_column][vc_column width=&#8220;1\/3&#8243; el_class=&#8220;kolomOver&#8220;][services_medium title=&#8220;NON-FOOD-INDUSTRIE&#8220; style=&#8220;style_3&#8243; icon=&#8220;steadysets-icon-lab&#8220; icon_color=&#8220;#d20037&#8243; border_color=&#8220;#d20037&#8243; dynamic_content_link=&#8220;https:\/\/turbovac.nl\/de\/markte\/non-food-industrie\/&#8220;]Optimaler Schutz gegen Schmutz, Staub und Feuchtigkeit.[\/services_medium][\/vc_column][\/vc_row][vc_row type=&#8220;full_width_content&#8220;][vc_column background_color=&#8220;#75001f&#8220;][vc_empty_space][vc_custom_heading text=&#8220;CAPTURE QUALITY&#8220; font_container=&#8220;tag:h2|font_size:35|text_align:center|color:%23ffffff|line_height:1.25&#8243; use_theme_fonts=&#8220;yes&#8220;][vc_empty_space][\/vc_column][\/vc_row]<\/p>\n","protected":false},"excerpt":{"rendered":"<p>[vc_row type=&#8220;full_width_background&#8220; bg_color=&#8220;#f7f7f7&#8243;][vc_column width=&#8220;1\/4&#8243;][\/vc_column][vc_column width=&#8220;3\/4&#8243;][vc_custom_heading text=&#8220;H\u00e4ufig gestellte Fragen (FAQ)&#8220; font_container=&#8220;tag:h1|font_size:48px|text_align:left|color:%23444444|line_height:56px&#8220; google_fonts=&#8220;font_family:Open%20Sans%3A300%2C300italic%2Cregular%2Citalic%2C600%2C600italic%2C700%2C700italic%2C800%2C800italic|font_style:700%20bold%20regular%3A700%3Anormal&#8220;][vc_column_text]Auf dieser Seite finden Sie einige regelm\u00e4\u00dfige Fragen. Finden Sie Ihre Antwort nicht? Fragen Sie unseren Verkaufssupport nach weiteren Informationen \u00fcber unsere Vakuumverpackungsmaschinen oder spezielle Optionen. Klicken Sie hier, wenn Sie Ersatzteile, Service oder technische Unterst\u00fctzung ben\u00f6tigen.[\/vc_column_text][faq style=&#8220;style_3&#8243;][\/vc_column][\/vc_row][vc_row][vc_column width=&#8220;1\/3&#8243; background_color=&#8220;#eb6f2e&#8220; el_class=&#8220;kolomOver2&#8243; css=&#8220;.vc_custom_1581949052078{padding-top: 50px !important;padding-bottom: 50px [&hellip;]<\/p>\n","protected":false},"author":6,"featured_media":3902,"parent":0,"menu_order":0,"comment_status":"closed","ping_status":"closed","template":"","meta":{"_monsterinsights_skip_tracking":false,"_monsterinsights_sitenote_active":false,"_monsterinsights_sitenote_note":"","_monsterinsights_sitenote_category":0,"footnotes":""},"class_list":["post-10566","page","type-page","status-publish","has-post-thumbnail","hentry"],"yoast_head":"<!-- This site is optimized with the Yoast SEO plugin v22.7 - https:\/\/yoast.com\/wordpress\/plugins\/seo\/ -->\n<title>H\u00e4ufig gestellte Fragen - FAQ | Turbovac - Erste Wahl fu\u0308r Fachleute<\/title>\n<meta name=\"description\" content=\"Auf dieser Seite finden Sie einige h\u00e4ufig gestellte Fragen. Fordern Sie unsere Unterst\u00fctzung f\u00fcr weitere Informationen an.\" \/>\n<meta name=\"robots\" content=\"index, follow, max-snippet:-1, max-image-preview:large, max-video-preview:-1\" \/>\n<link rel=\"canonical\" href=\"https:\/\/turbovac.nl\/de\/haufig-gestellte-fragen\/\" \/>\n<meta property=\"og:locale\" content=\"de_DE\" \/>\n<meta property=\"og:type\" content=\"article\" \/>\n<meta property=\"og:title\" content=\"H\u00e4ufig gestellte Fragen - FAQ | Turbovac - Erste Wahl fu\u0308r Fachleute\" \/>\n<meta property=\"og:description\" content=\"Auf dieser Seite finden Sie einige h\u00e4ufig gestellte Fragen. Fordern Sie unsere Unterst\u00fctzung f\u00fcr weitere Informationen an.\" \/>\n<meta property=\"og:url\" content=\"https:\/\/turbovac.nl\/de\/haufig-gestellte-fragen\/\" \/>\n<meta property=\"og:site_name\" content=\"TURBOVAC\" \/>\n<meta property=\"article:modified_time\" content=\"2020-05-31T15:09:42+00:00\" \/>\n<meta property=\"og:image\" content=\"https:\/\/turbovac.nl\/wp-content\/uploads\/2019\/10\/TT-zoom3940-1.jpg\" \/>\n\t<meta property=\"og:image:width\" content=\"1000\" \/>\n\t<meta property=\"og:image:height\" content=\"1064\" \/>\n\t<meta property=\"og:image:type\" content=\"image\/jpeg\" \/>\n<meta name=\"twitter:card\" content=\"summary_large_image\" \/>\n<meta name=\"twitter:label1\" content=\"Gesch\u00e4tzte Lesezeit\" \/>\n\t<meta name=\"twitter:data1\" content=\"2\u00a0Minuten\" \/>\n<script type=\"application\/ld+json\" class=\"yoast-schema-graph\">{\"@context\":\"https:\/\/schema.org\",\"@graph\":[{\"@type\":\"WebPage\",\"@id\":\"https:\/\/turbovac.nl\/de\/haufig-gestellte-fragen\/\",\"url\":\"https:\/\/turbovac.nl\/de\/haufig-gestellte-fragen\/\",\"name\":\"H\u00e4ufig gestellte Fragen - FAQ | Turbovac - Erste Wahl fu\u0308r Fachleute\",\"isPartOf\":{\"@id\":\"https:\/\/turbovac.nl\/#website\"},\"primaryImageOfPage\":{\"@id\":\"https:\/\/turbovac.nl\/de\/haufig-gestellte-fragen\/#primaryimage\"},\"image\":{\"@id\":\"https:\/\/turbovac.nl\/de\/haufig-gestellte-fragen\/#primaryimage\"},\"thumbnailUrl\":\"https:\/\/turbovac.nl\/wp-content\/uploads\/2019\/10\/TT-zoom3940-1.jpg\",\"datePublished\":\"2019-12-02T21:17:01+00:00\",\"dateModified\":\"2020-05-31T15:09:42+00:00\",\"description\":\"Auf dieser Seite finden Sie einige h\u00e4ufig gestellte Fragen. Fordern Sie unsere Unterst\u00fctzung f\u00fcr weitere Informationen an.\",\"breadcrumb\":{\"@id\":\"https:\/\/turbovac.nl\/de\/haufig-gestellte-fragen\/#breadcrumb\"},\"inLanguage\":\"de\",\"potentialAction\":[{\"@type\":\"ReadAction\",\"target\":[\"https:\/\/turbovac.nl\/de\/haufig-gestellte-fragen\/\"]}]},{\"@type\":\"ImageObject\",\"inLanguage\":\"de\",\"@id\":\"https:\/\/turbovac.nl\/de\/haufig-gestellte-fragen\/#primaryimage\",\"url\":\"https:\/\/turbovac.nl\/wp-content\/uploads\/2019\/10\/TT-zoom3940-1.jpg\",\"contentUrl\":\"https:\/\/turbovac.nl\/wp-content\/uploads\/2019\/10\/TT-zoom3940-1.jpg\",\"width\":1000,\"height\":1064,\"caption\":\"Tabletop detail Food processing industry\"},{\"@type\":\"BreadcrumbList\",\"@id\":\"https:\/\/turbovac.nl\/de\/haufig-gestellte-fragen\/#breadcrumb\",\"itemListElement\":[{\"@type\":\"ListItem\",\"position\":1,\"name\":\"Home\",\"item\":\"https:\/\/turbovac.nl\/de\/\"},{\"@type\":\"ListItem\",\"position\":2,\"name\":\"H\u00e4ufig gestellte Fragen\"}]},{\"@type\":\"WebSite\",\"@id\":\"https:\/\/turbovac.nl\/#website\",\"url\":\"https:\/\/turbovac.nl\/\",\"name\":\"TURBOVAC\",\"description\":\"Vacuum Packaging Machines\",\"potentialAction\":[{\"@type\":\"SearchAction\",\"target\":{\"@type\":\"EntryPoint\",\"urlTemplate\":\"https:\/\/turbovac.nl\/?s={search_term_string}\"},\"query-input\":\"required name=search_term_string\"}],\"inLanguage\":\"de\"}]}<\/script>\n<!-- \/ Yoast SEO plugin. -->","yoast_head_json":{"title":"H\u00e4ufig gestellte Fragen - FAQ | Turbovac - Erste Wahl fu\u0308r Fachleute","description":"Auf dieser Seite finden Sie einige h\u00e4ufig gestellte Fragen. Fordern Sie unsere Unterst\u00fctzung f\u00fcr weitere Informationen an.","robots":{"index":"index","follow":"follow","max-snippet":"max-snippet:-1","max-image-preview":"max-image-preview:large","max-video-preview":"max-video-preview:-1"},"canonical":"https:\/\/turbovac.nl\/de\/haufig-gestellte-fragen\/","og_locale":"de_DE","og_type":"article","og_title":"H\u00e4ufig gestellte Fragen - FAQ | Turbovac - Erste Wahl fu\u0308r Fachleute","og_description":"Auf dieser Seite finden Sie einige h\u00e4ufig gestellte Fragen. Fordern Sie unsere Unterst\u00fctzung f\u00fcr weitere Informationen an.","og_url":"https:\/\/turbovac.nl\/de\/haufig-gestellte-fragen\/","og_site_name":"TURBOVAC","article_modified_time":"2020-05-31T15:09:42+00:00","og_image":[{"width":1000,"height":1064,"url":"https:\/\/turbovac.nl\/wp-content\/uploads\/2019\/10\/TT-zoom3940-1.jpg","type":"image\/jpeg"}],"twitter_card":"summary_large_image","twitter_misc":{"Gesch\u00e4tzte Lesezeit":"2\u00a0Minuten"},"schema":{"@context":"https:\/\/schema.org","@graph":[{"@type":"WebPage","@id":"https:\/\/turbovac.nl\/de\/haufig-gestellte-fragen\/","url":"https:\/\/turbovac.nl\/de\/haufig-gestellte-fragen\/","name":"H\u00e4ufig gestellte Fragen - FAQ | Turbovac - Erste Wahl fu\u0308r Fachleute","isPartOf":{"@id":"https:\/\/turbovac.nl\/#website"},"primaryImageOfPage":{"@id":"https:\/\/turbovac.nl\/de\/haufig-gestellte-fragen\/#primaryimage"},"image":{"@id":"https:\/\/turbovac.nl\/de\/haufig-gestellte-fragen\/#primaryimage"},"thumbnailUrl":"https:\/\/turbovac.nl\/wp-content\/uploads\/2019\/10\/TT-zoom3940-1.jpg","datePublished":"2019-12-02T21:17:01+00:00","dateModified":"2020-05-31T15:09:42+00:00","description":"Auf dieser Seite finden Sie einige h\u00e4ufig gestellte Fragen. Fordern Sie unsere Unterst\u00fctzung f\u00fcr weitere Informationen an.","breadcrumb":{"@id":"https:\/\/turbovac.nl\/de\/haufig-gestellte-fragen\/#breadcrumb"},"inLanguage":"de","potentialAction":[{"@type":"ReadAction","target":["https:\/\/turbovac.nl\/de\/haufig-gestellte-fragen\/"]}]},{"@type":"ImageObject","inLanguage":"de","@id":"https:\/\/turbovac.nl\/de\/haufig-gestellte-fragen\/#primaryimage","url":"https:\/\/turbovac.nl\/wp-content\/uploads\/2019\/10\/TT-zoom3940-1.jpg","contentUrl":"https:\/\/turbovac.nl\/wp-content\/uploads\/2019\/10\/TT-zoom3940-1.jpg","width":1000,"height":1064,"caption":"Tabletop detail Food processing industry"},{"@type":"BreadcrumbList","@id":"https:\/\/turbovac.nl\/de\/haufig-gestellte-fragen\/#breadcrumb","itemListElement":[{"@type":"ListItem","position":1,"name":"Home","item":"https:\/\/turbovac.nl\/de\/"},{"@type":"ListItem","position":2,"name":"H\u00e4ufig gestellte Fragen"}]},{"@type":"WebSite","@id":"https:\/\/turbovac.nl\/#website","url":"https:\/\/turbovac.nl\/","name":"TURBOVAC","description":"Vacuum Packaging Machines","potentialAction":[{"@type":"SearchAction","target":{"@type":"EntryPoint","urlTemplate":"https:\/\/turbovac.nl\/?s={search_term_string}"},"query-input":"required name=search_term_string"}],"inLanguage":"de"}]}},"_links":{"self":[{"href":"https:\/\/turbovac.nl\/de\/wp-json\/wp\/v2\/pages\/10566","targetHints":{"allow":["GET"]}}],"collection":[{"href":"https:\/\/turbovac.nl\/de\/wp-json\/wp\/v2\/pages"}],"about":[{"href":"https:\/\/turbovac.nl\/de\/wp-json\/wp\/v2\/types\/page"}],"author":[{"embeddable":true,"href":"https:\/\/turbovac.nl\/de\/wp-json\/wp\/v2\/users\/6"}],"replies":[{"embeddable":true,"href":"https:\/\/turbovac.nl\/de\/wp-json\/wp\/v2\/comments?post=10566"}],"version-history":[{"count":5,"href":"https:\/\/turbovac.nl\/de\/wp-json\/wp\/v2\/pages\/10566\/revisions"}],"predecessor-version":[{"id":11054,"href":"https:\/\/turbovac.nl\/de\/wp-json\/wp\/v2\/pages\/10566\/revisions\/11054"}],"wp:featuredmedia":[{"embeddable":true,"href":"https:\/\/turbovac.nl\/de\/wp-json\/wp\/v2\/media\/3902"}],"wp:attachment":[{"href":"https:\/\/turbovac.nl\/de\/wp-json\/wp\/v2\/media?parent=10566"}],"curies":[{"name":"wp","href":"https:\/\/api.w.org\/{rel}","templated":true}]}}