{"id":10049,"date":"2019-11-18T15:58:14","date_gmt":"2019-11-18T14:58:14","guid":{"rendered":"https:\/\/turbovac.nl\/shipping-status-machines\/"},"modified":"2020-04-29T14:51:41","modified_gmt":"2020-04-29T13:51:41","slug":"maquinas-de-estado-de-envio","status":"publish","type":"page","link":"https:\/\/turbovac.nl\/es\/maquinas-de-estado-de-envio\/","title":{"rendered":"M\u00e1quinas de estado de env\u00edo"},"content":{"rendered":"<p>[vc_row type=\u00bbfull_width_background\u00bb bg_image=\u00bb5048&#8243; parallax_bg=\u00bbtrue\u00bb bg_color=\u00bb#f6f6f6&#8243; overlay=\u00bbtrue\u00bb overlay_color=\u00bbrgba(255,255,255,0.84)\u00bb top_padding=\u00bb80&#8243; bottom_padding=\u00bb80&#8243;][vc_column width=\u00bb1\/6&#8243;][\/vc_column][vc_column width=\u00bb2\/3&#8243;][vc_custom_heading text=\u00bbESTADO DE ENV\u00cdO DE M\u00c1QUINAS\u00bb font_container=\u00bbtag:h2|font_size:45px|text_align:center|line_height:54px\u00bb use_theme_fonts=\u00bbyes\u00bb][vc_empty_space][vc_column_text]<\/p>\n<p style=\"text-align: center;\">Si tiene alguna pregunta sobre el estado de su env\u00edo, por favor, rellene el siguiente formulario. Tambi\u00e9n puede enviar directamente un correo electr\u00f3nico a nuestro <strong><a href=\"mailto:peet@turbovac.nl\">departamento de ventas y env\u00edos.<\/a><\/strong><\/p>\n<p>[\/vc_column_text]\n<div class=\"wpcf7 no-js\" id=\"wpcf7-f10013-o1\" lang=\"nl-NL\" dir=\"ltr\">\n<div class=\"screen-reader-response\"><p role=\"status\" aria-live=\"polite\" aria-atomic=\"true\"><\/p> <ul><\/ul><\/div>\n<form action=\"\/es\/wp-json\/wp\/v2\/pages\/10049#wpcf7-f10013-o1\" method=\"post\" class=\"wpcf7-form init\" aria-label=\"Contactformulier\" novalidate=\"novalidate\" data-status=\"init\">\n<div style=\"display: none;\">\n<input type=\"hidden\" name=\"_wpcf7\" value=\"10013\" \/>\n<input type=\"hidden\" name=\"_wpcf7_version\" value=\"5.9.5\" \/>\n<input type=\"hidden\" name=\"_wpcf7_locale\" value=\"nl_NL_formal\" \/>\n<input type=\"hidden\" name=\"_wpcf7_unit_tag\" value=\"wpcf7-f10013-o1\" \/>\n<input type=\"hidden\" name=\"_wpcf7_container_post\" value=\"0\" \/>\n<input type=\"hidden\" name=\"_wpcf7_posted_data_hash\" value=\"\" \/>\n<input type=\"hidden\" name=\"_wpcf7_recaptcha_response\" value=\"\" \/>\n<\/div>\n<p><label> Nombre*<br \/>\n<span class=\"wpcf7-form-control-wrap\" data-name=\"your-name\"><input size=\"40\" class=\"wpcf7-form-control wpcf7-text wpcf7-validates-as-required\" aria-required=\"true\" aria-invalid=\"false\" value=\"\" type=\"text\" name=\"your-name\" \/><\/span> <\/label>\n<\/p>\n<p><label> N\u00famero de orden*<br \/>\n<span class=\"wpcf7-form-control-wrap\" data-name=\"your-ordernumber\"><input size=\"40\" class=\"wpcf7-form-control wpcf7-text wpcf7-validates-as-required\" aria-required=\"true\" aria-invalid=\"false\" value=\"\" type=\"text\" name=\"your-ordernumber\" \/><\/span> <\/label>\n<\/p>\n<p><label> Email*<br \/>\n<span class=\"wpcf7-form-control-wrap\" data-name=\"email\"><input size=\"40\" class=\"wpcf7-form-control wpcf7-email wpcf7-validates-as-required wpcf7-text wpcf7-validates-as-email\" aria-required=\"true\" aria-invalid=\"false\" value=\"\" type=\"email\" name=\"email\" \/><\/span> <\/label>\n<\/p>\n<p><label> Su pregunta sobre el env\u00edo*<br \/>\n<span class=\"wpcf7-form-control-wrap\" data-name=\"Yourquestion\"><textarea cols=\"40\" rows=\"10\" class=\"wpcf7-form-control wpcf7-textarea wpcf7-validates-as-required\" aria-required=\"true\" aria-invalid=\"false\" name=\"Yourquestion\"><\/textarea><\/span> <\/label>\n<\/p>\n<p><span class=\"wpcf7-form-control-wrap\" data-name=\"AVG\"><span class=\"wpcf7-form-control wpcf7-acceptance\"><span class=\"wpcf7-list-item\"><label><input type=\"checkbox\" name=\"AVG\" value=\"1\" aria-invalid=\"false\" \/><span class=\"wpcf7-list-item-label\"><B><U><a href=\"https:\/\/turbovac.nl\/es\/privacy-and-cookie-policy\/\">Estoy de acuerdo con la Pol\u00edtica Internacional de Privacidad y Galletas de Turbovac.<\/a><\/B><\/U><\/span><\/label><\/span><\/span><\/span>\n<\/p>\n<p><input class=\"wpcf7-form-control wpcf7-submit has-spinner\" type=\"submit\" value=\"Env\u00ede\" \/>\n<\/p><div class=\"wpcf7-response-output\" aria-hidden=\"true\"><\/div>\n<\/form>\n<\/div>\n[\/vc_column][vc_column width=\u00bb1\/6&#8243;][\/vc_column][\/vc_row][vc_row type=\u00bbfull_width_content\u00bb][vc_column background_color=\u00bb#75001f\u00bb][vc_empty_space][vc_custom_heading text=\u00bbCAPTURE QUALITY\u00bb font_container=\u00bbtag:h2|font_size:35|text_align:center|color:%23ffffff|line_height:1.25&#8243; use_theme_fonts=\u00bbyes\u00bb][vc_empty_space][\/vc_column][\/vc_row]<\/p>\n","protected":false},"excerpt":{"rendered":"<p>[vc_row type=\u00bbfull_width_background\u00bb bg_image=\u00bb5048&#8243; parallax_bg=\u00bbtrue\u00bb bg_color=\u00bb#f6f6f6&#8243; overlay=\u00bbtrue\u00bb overlay_color=\u00bbrgba(255,255,255,0.84)\u00bb top_padding=\u00bb80&#8243; bottom_padding=\u00bb80&#8243;][vc_column width=\u00bb1\/6&#8243;][\/vc_column][vc_column width=\u00bb2\/3&#8243;][vc_custom_heading text=\u00bbESTADO DE ENV\u00cdO DE M\u00c1QUINAS\u00bb font_container=\u00bbtag:h2|font_size:45px|text_align:center|line_height:54px\u00bb use_theme_fonts=\u00bbyes\u00bb][vc_empty_space][vc_column_text] Si tiene alguna pregunta sobre el estado de su env\u00edo, por favor, rellene el siguiente formulario. Tambi\u00e9n puede enviar directamente un correo electr\u00f3nico a nuestro departamento de ventas y env\u00edos. [\/vc_column_text][\/vc_column][vc_column width=\u00bb1\/6&#8243;][\/vc_column][\/vc_row][vc_row type=\u00bbfull_width_content\u00bb][vc_column background_color=\u00bb#75001f\u00bb][vc_empty_space][vc_custom_heading text=\u00bbCAPTURE QUALITY\u00bb font_container=\u00bbtag:h2|font_size:35|text_align:center|color:%23ffffff|line_height:1.25&#8243; [&hellip;]<\/p>\n","protected":false},"author":6,"featured_media":3902,"parent":0,"menu_order":0,"comment_status":"closed","ping_status":"closed","template":"","meta":{"_monsterinsights_skip_tracking":false,"_monsterinsights_sitenote_active":false,"_monsterinsights_sitenote_note":"","_monsterinsights_sitenote_category":0,"footnotes":""},"class_list":["post-10049","page","type-page","status-publish","has-post-thumbnail","hentry"],"yoast_head":"<!-- This site is optimized with the Yoast SEO plugin v22.7 - https:\/\/yoast.com\/wordpress\/plugins\/seo\/ -->\n<title>M\u00e1quinas de estado de env\u00edo - TURBOVAC<\/title>\n<meta name=\"robots\" content=\"index, follow, max-snippet:-1, max-image-preview:large, max-video-preview:-1\" \/>\n<link rel=\"canonical\" href=\"https:\/\/turbovac.nl\/es\/maquinas-de-estado-de-envio\/\" \/>\n<meta property=\"og:locale\" content=\"es_ES\" \/>\n<meta property=\"og:type\" content=\"article\" \/>\n<meta property=\"og:title\" content=\"M\u00e1quinas de estado de env\u00edo - TURBOVAC\" \/>\n<meta property=\"og:description\" content=\"[vc_row type=\u00bbfull_width_background\u00bb bg_image=\u00bb5048&#8243; parallax_bg=\u00bbtrue\u00bb bg_color=\u00bb#f6f6f6&#8243; overlay=\u00bbtrue\u00bb overlay_color=\u00bbrgba(255,255,255,0.84)\u00bb top_padding=\u00bb80&#8243; bottom_padding=\u00bb80&#8243;][vc_column width=\u00bb1\/6&#8243;][\/vc_column][vc_column width=\u00bb2\/3&#8243;][vc_custom_heading text=\u00bbESTADO DE ENV\u00cdO DE M\u00c1QUINAS\u00bb font_container=\u00bbtag:h2|font_size:45px|text_align:center|line_height:54px\u00bb use_theme_fonts=\u00bbyes\u00bb][vc_empty_space][vc_column_text] Si tiene alguna pregunta sobre el estado de su env\u00edo, por favor, rellene el siguiente formulario. Tambi\u00e9n puede enviar directamente un correo electr\u00f3nico a nuestro departamento de ventas y env\u00edos. [\/vc_column_text][\/vc_column][vc_column width=\u00bb1\/6&#8243;][\/vc_column][\/vc_row][vc_row type=\u00bbfull_width_content\u00bb][vc_column background_color=\u00bb#75001f\u00bb][vc_empty_space][vc_custom_heading text=\u00bbCAPTURE QUALITY\u00bb font_container=\u00bbtag:h2|font_size:35|text_align:center|color:%23ffffff|line_height:1.25&#8243; [&hellip;]\" \/>\n<meta property=\"og:url\" content=\"https:\/\/turbovac.nl\/es\/maquinas-de-estado-de-envio\/\" \/>\n<meta property=\"og:site_name\" content=\"TURBOVAC\" \/>\n<meta property=\"article:modified_time\" content=\"2020-04-29T13:51:41+00:00\" \/>\n<meta property=\"og:image\" content=\"https:\/\/turbovac.nl\/wp-content\/uploads\/2019\/10\/TT-zoom3940-1.jpg\" \/>\n\t<meta property=\"og:image:width\" content=\"1000\" \/>\n\t<meta property=\"og:image:height\" content=\"1064\" \/>\n\t<meta property=\"og:image:type\" content=\"image\/jpeg\" \/>\n<meta name=\"twitter:card\" content=\"summary_large_image\" \/>\n<meta name=\"twitter:label1\" content=\"Tiempo de lectura\" \/>\n\t<meta name=\"twitter:data1\" content=\"1 minuto\" \/>\n<script type=\"application\/ld+json\" class=\"yoast-schema-graph\">{\"@context\":\"https:\/\/schema.org\",\"@graph\":[{\"@type\":\"WebPage\",\"@id\":\"https:\/\/turbovac.nl\/es\/maquinas-de-estado-de-envio\/\",\"url\":\"https:\/\/turbovac.nl\/es\/maquinas-de-estado-de-envio\/\",\"name\":\"M\u00e1quinas de estado de env\u00edo - TURBOVAC\",\"isPartOf\":{\"@id\":\"https:\/\/turbovac.nl\/#website\"},\"primaryImageOfPage\":{\"@id\":\"https:\/\/turbovac.nl\/es\/maquinas-de-estado-de-envio\/#primaryimage\"},\"image\":{\"@id\":\"https:\/\/turbovac.nl\/es\/maquinas-de-estado-de-envio\/#primaryimage\"},\"thumbnailUrl\":\"https:\/\/turbovac.nl\/wp-content\/uploads\/2019\/10\/TT-zoom3940-1.jpg\",\"datePublished\":\"2019-11-18T14:58:14+00:00\",\"dateModified\":\"2020-04-29T13:51:41+00:00\",\"breadcrumb\":{\"@id\":\"https:\/\/turbovac.nl\/es\/maquinas-de-estado-de-envio\/#breadcrumb\"},\"inLanguage\":\"es\",\"potentialAction\":[{\"@type\":\"ReadAction\",\"target\":[\"https:\/\/turbovac.nl\/es\/maquinas-de-estado-de-envio\/\"]}]},{\"@type\":\"ImageObject\",\"inLanguage\":\"es\",\"@id\":\"https:\/\/turbovac.nl\/es\/maquinas-de-estado-de-envio\/#primaryimage\",\"url\":\"https:\/\/turbovac.nl\/wp-content\/uploads\/2019\/10\/TT-zoom3940-1.jpg\",\"contentUrl\":\"https:\/\/turbovac.nl\/wp-content\/uploads\/2019\/10\/TT-zoom3940-1.jpg\",\"width\":1000,\"height\":1064,\"caption\":\"Tabletop detail Food processing industry\"},{\"@type\":\"BreadcrumbList\",\"@id\":\"https:\/\/turbovac.nl\/es\/maquinas-de-estado-de-envio\/#breadcrumb\",\"itemListElement\":[{\"@type\":\"ListItem\",\"position\":1,\"name\":\"Home\",\"item\":\"https:\/\/turbovac.nl\/es\/\"},{\"@type\":\"ListItem\",\"position\":2,\"name\":\"M\u00e1quinas de estado de env\u00edo\"}]},{\"@type\":\"WebSite\",\"@id\":\"https:\/\/turbovac.nl\/#website\",\"url\":\"https:\/\/turbovac.nl\/\",\"name\":\"TURBOVAC\",\"description\":\"Vacuum Packaging Machines\",\"potentialAction\":[{\"@type\":\"SearchAction\",\"target\":{\"@type\":\"EntryPoint\",\"urlTemplate\":\"https:\/\/turbovac.nl\/?s={search_term_string}\"},\"query-input\":\"required name=search_term_string\"}],\"inLanguage\":\"es\"}]}<\/script>\n<!-- \/ Yoast SEO plugin. -->","yoast_head_json":{"title":"M\u00e1quinas de estado de env\u00edo - TURBOVAC","robots":{"index":"index","follow":"follow","max-snippet":"max-snippet:-1","max-image-preview":"max-image-preview:large","max-video-preview":"max-video-preview:-1"},"canonical":"https:\/\/turbovac.nl\/es\/maquinas-de-estado-de-envio\/","og_locale":"es_ES","og_type":"article","og_title":"M\u00e1quinas de estado de env\u00edo - TURBOVAC","og_description":"[vc_row type=\u00bbfull_width_background\u00bb bg_image=\u00bb5048&#8243; parallax_bg=\u00bbtrue\u00bb bg_color=\u00bb#f6f6f6&#8243; overlay=\u00bbtrue\u00bb overlay_color=\u00bbrgba(255,255,255,0.84)\u00bb top_padding=\u00bb80&#8243; bottom_padding=\u00bb80&#8243;][vc_column width=\u00bb1\/6&#8243;][\/vc_column][vc_column width=\u00bb2\/3&#8243;][vc_custom_heading text=\u00bbESTADO DE ENV\u00cdO DE M\u00c1QUINAS\u00bb font_container=\u00bbtag:h2|font_size:45px|text_align:center|line_height:54px\u00bb use_theme_fonts=\u00bbyes\u00bb][vc_empty_space][vc_column_text] Si tiene alguna pregunta sobre el estado de su env\u00edo, por favor, rellene el siguiente formulario. Tambi\u00e9n puede enviar directamente un correo electr\u00f3nico a nuestro departamento de ventas y env\u00edos. [\/vc_column_text][\/vc_column][vc_column width=\u00bb1\/6&#8243;][\/vc_column][\/vc_row][vc_row type=\u00bbfull_width_content\u00bb][vc_column background_color=\u00bb#75001f\u00bb][vc_empty_space][vc_custom_heading text=\u00bbCAPTURE QUALITY\u00bb font_container=\u00bbtag:h2|font_size:35|text_align:center|color:%23ffffff|line_height:1.25&#8243; [&hellip;]","og_url":"https:\/\/turbovac.nl\/es\/maquinas-de-estado-de-envio\/","og_site_name":"TURBOVAC","article_modified_time":"2020-04-29T13:51:41+00:00","og_image":[{"width":1000,"height":1064,"url":"https:\/\/turbovac.nl\/wp-content\/uploads\/2019\/10\/TT-zoom3940-1.jpg","type":"image\/jpeg"}],"twitter_card":"summary_large_image","twitter_misc":{"Tiempo de lectura":"1 minuto"},"schema":{"@context":"https:\/\/schema.org","@graph":[{"@type":"WebPage","@id":"https:\/\/turbovac.nl\/es\/maquinas-de-estado-de-envio\/","url":"https:\/\/turbovac.nl\/es\/maquinas-de-estado-de-envio\/","name":"M\u00e1quinas de estado de env\u00edo - TURBOVAC","isPartOf":{"@id":"https:\/\/turbovac.nl\/#website"},"primaryImageOfPage":{"@id":"https:\/\/turbovac.nl\/es\/maquinas-de-estado-de-envio\/#primaryimage"},"image":{"@id":"https:\/\/turbovac.nl\/es\/maquinas-de-estado-de-envio\/#primaryimage"},"thumbnailUrl":"https:\/\/turbovac.nl\/wp-content\/uploads\/2019\/10\/TT-zoom3940-1.jpg","datePublished":"2019-11-18T14:58:14+00:00","dateModified":"2020-04-29T13:51:41+00:00","breadcrumb":{"@id":"https:\/\/turbovac.nl\/es\/maquinas-de-estado-de-envio\/#breadcrumb"},"inLanguage":"es","potentialAction":[{"@type":"ReadAction","target":["https:\/\/turbovac.nl\/es\/maquinas-de-estado-de-envio\/"]}]},{"@type":"ImageObject","inLanguage":"es","@id":"https:\/\/turbovac.nl\/es\/maquinas-de-estado-de-envio\/#primaryimage","url":"https:\/\/turbovac.nl\/wp-content\/uploads\/2019\/10\/TT-zoom3940-1.jpg","contentUrl":"https:\/\/turbovac.nl\/wp-content\/uploads\/2019\/10\/TT-zoom3940-1.jpg","width":1000,"height":1064,"caption":"Tabletop detail Food processing industry"},{"@type":"BreadcrumbList","@id":"https:\/\/turbovac.nl\/es\/maquinas-de-estado-de-envio\/#breadcrumb","itemListElement":[{"@type":"ListItem","position":1,"name":"Home","item":"https:\/\/turbovac.nl\/es\/"},{"@type":"ListItem","position":2,"name":"M\u00e1quinas de estado de env\u00edo"}]},{"@type":"WebSite","@id":"https:\/\/turbovac.nl\/#website","url":"https:\/\/turbovac.nl\/","name":"TURBOVAC","description":"Vacuum Packaging Machines","potentialAction":[{"@type":"SearchAction","target":{"@type":"EntryPoint","urlTemplate":"https:\/\/turbovac.nl\/?s={search_term_string}"},"query-input":"required name=search_term_string"}],"inLanguage":"es"}]}},"_links":{"self":[{"href":"https:\/\/turbovac.nl\/es\/wp-json\/wp\/v2\/pages\/10049","targetHints":{"allow":["GET"]}}],"collection":[{"href":"https:\/\/turbovac.nl\/es\/wp-json\/wp\/v2\/pages"}],"about":[{"href":"https:\/\/turbovac.nl\/es\/wp-json\/wp\/v2\/types\/page"}],"author":[{"embeddable":true,"href":"https:\/\/turbovac.nl\/es\/wp-json\/wp\/v2\/users\/6"}],"replies":[{"embeddable":true,"href":"https:\/\/turbovac.nl\/es\/wp-json\/wp\/v2\/comments?post=10049"}],"version-history":[{"count":3,"href":"https:\/\/turbovac.nl\/es\/wp-json\/wp\/v2\/pages\/10049\/revisions"}],"predecessor-version":[{"id":10052,"href":"https:\/\/turbovac.nl\/es\/wp-json\/wp\/v2\/pages\/10049\/revisions\/10052"}],"wp:featuredmedia":[{"embeddable":true,"href":"https:\/\/turbovac.nl\/es\/wp-json\/wp\/v2\/media\/3902"}],"wp:attachment":[{"href":"https:\/\/turbovac.nl\/es\/wp-json\/wp\/v2\/media?parent=10049"}],"curies":[{"name":"wp","href":"https:\/\/api.w.org\/{rel}","templated":true}]}}