{"id":10080,"date":"2019-11-20T19:25:49","date_gmt":"2019-11-20T18:25:49","guid":{"rendered":"https:\/\/turbovac.nl\/thermoformer-machine-configurator\/"},"modified":"2020-04-29T16:31:04","modified_gmt":"2020-04-29T15:31:04","slug":"configurador-de-la-maquina-termoformadora","status":"publish","type":"page","link":"https:\/\/turbovac.nl\/es\/configurador-de-la-maquina-termoformadora\/","title":{"rendered":"CONFIGURADOR DE LA M\u00c1QUINA TERMOFORMADORA"},"content":{"rendered":"<p>[vc_row type=\u00bbfull_width_background\u00bb bg_color=\u00bb#f6f6f6&#8243; top_padding=\u00bb80&#8243; bottom_padding=\u00bb80&#8243;][vc_column width=\u00bb1\/6&#8243;][\/vc_column][vc_column width=\u00bb5\/6&#8243;][vc_custom_heading text=\u00bbCONFIGURADOR DE LA M\u00c1QUINA TERMOFORMADORA\u00bb font_container=\u00bbtag:h2|font_size:45px|text_align:left|line_height:54px\u00bb use_theme_fonts=\u00bbyes\u00bb][vc_empty_space]\n<div class=\"wpcf7 no-js\" id=\"wpcf7-f10015-o1\" lang=\"en-US\" dir=\"ltr\">\n<div class=\"screen-reader-response\"><p role=\"status\" aria-live=\"polite\" aria-atomic=\"true\"><\/p> <ul><\/ul><\/div>\n<form action=\"\/es\/wp-json\/wp\/v2\/pages\/10080#wpcf7-f10015-o1\" method=\"post\" class=\"wpcf7-form init\" aria-label=\"Contact form\" novalidate=\"novalidate\" data-status=\"init\">\n<div style=\"display: none;\">\n<input type=\"hidden\" name=\"_wpcf7\" value=\"10015\" \/>\n<input type=\"hidden\" name=\"_wpcf7_version\" value=\"5.9.5\" \/>\n<input type=\"hidden\" name=\"_wpcf7_locale\" value=\"en_US\" \/>\n<input type=\"hidden\" name=\"_wpcf7_unit_tag\" value=\"wpcf7-f10015-o1\" \/>\n<input type=\"hidden\" name=\"_wpcf7_container_post\" value=\"0\" \/>\n<input type=\"hidden\" name=\"_wpcf7_posted_data_hash\" value=\"\" \/>\n<input type=\"hidden\" name=\"_wpcf7_recaptcha_response\" value=\"\" \/>\n<\/div>\n<h2>ESPECIFICACIONES DEL PRODUCTO\n<\/h2>\n<div class=\"contact-form-style-2\">\n\t<h4>EL TIPO DE PRODUCTO QUE SE VA A EMPAQUETAR:\n\t<\/h4>\n\t<p class=\"cf-style2-text\"><span class=\"wpcf7-form-control-wrap\" data-name=\"TYPEOFPRODUCT\"><input size=\"40\" class=\"wpcf7-form-control wpcf7-text wpcf7-validates-as-required\" aria-required=\"true\" aria-invalid=\"false\" placeholder=\"Tipo de producto (Carne, embutidos, jam\u00f3n, queso, pescado, frutos secos, etc.)\" value=\"\" type=\"text\" name=\"TYPEOFPRODUCT\" \/><\/span>\n\t<\/p>\n\t<h4>ESTADO DEL PRODUCTO:\n\t<\/h4>\n\t<p class=\"cf-style2-adress\"><span class=\"wpcf7-form-control-wrap\" data-name=\"productstate\"><select class=\"wpcf7-form-control wpcf7-select wpcf7-validates-as-required gem-combobox\" aria-required=\"true\" aria-invalid=\"false\" name=\"productstate\"><option value=\"Haga su elecci\u00f3n\">Haga su elecci\u00f3n<\/option><option value=\"Seco\">Seco<\/option><option value=\"Mojado\">Mojado<\/option><option value=\"Caliente\">Caliente<\/option><option value=\"Fr\u00edo\">Fr\u00edo<\/option><\/select><\/span>\n\t<\/p>\n\t<h4>DIMENSIONES DE CADA TIPO DE PRODUCTO (longitud, anchura, altura en mm)\n\t<\/h4>\n\t<p class=\"cf-style2-text\"><span class=\"wpcf7-form-control-wrap\" data-name=\"dimensionproduct\"><input size=\"40\" class=\"wpcf7-form-control wpcf7-text wpcf7-validates-as-required\" aria-required=\"true\" aria-invalid=\"false\" placeholder=\"longitud, anchura, altura*\" value=\"\" type=\"text\" name=\"dimensionproduct\" \/><\/span>\n\t<\/p>\n\t<h4>DIMENSIONES DE CADA PAQUETE PREFERIDO (longitud, anchura, altura en mm)\n\t<\/h4>\n\t<p class=\"cf-style2-text\"><span class=\"wpcf7-form-control-wrap\" data-name=\"dimensionpackage\"><input size=\"40\" class=\"wpcf7-form-control wpcf7-text wpcf7-validates-as-required\" aria-required=\"true\" aria-invalid=\"false\" placeholder=\"longitud, anchura, altura*\" value=\"\" type=\"text\" name=\"dimensionpackage\" \/><\/span>\n\t<\/p>\n\t<h4>PESO APROXIMADO EN CADA BANDEJA (kg)\n\t<\/h4>\n\t<p class=\"cf-style2-text\"><span class=\"wpcf7-form-control-wrap\" data-name=\"weight\"><input size=\"40\" class=\"wpcf7-form-control wpcf7-text wpcf7-validates-as-required\" aria-required=\"true\" aria-invalid=\"false\" placeholder=\"peso*\" value=\"\" type=\"text\" name=\"weight\" \/><\/span>\n\t<\/p>\n\t<h2>LA PRODUCCI\u00d3N\n\t<\/h2>\n\t<h4>N\u00daMERO DE BANDEJAS POR HORA\n\t<\/h4>\n\t<p class=\"cf-style2-text\"><span class=\"wpcf7-form-control-wrap\" data-name=\"number\"><input size=\"40\" class=\"wpcf7-form-control wpcf7-text wpcf7-validates-as-required\" aria-required=\"true\" aria-invalid=\"false\" placeholder=\"N\u00famero de bandejas por hora\" value=\"\" type=\"text\" name=\"number\" \/><\/span>\n\t<\/p>\n\t<h2>PAQUETE\n\t<\/h2>\n\t<div class=\"contact-form-style-2\">\n\t\t<h4>EUROSLOT:\n\t\t<\/h4>\n\t\t<p class=\"cf-style2-adress\"><span class=\"wpcf7-form-control-wrap\" data-name=\"euroslothang\"><select class=\"wpcf7-form-control wpcf7-select wpcf7-validates-as-required gem-combobox\" aria-required=\"true\" aria-invalid=\"false\" name=\"euroslothang\"><option value=\"Haga su elecci\u00f3n\">Haga su elecci\u00f3n<\/option><option value=\"Simple hook\">Simple hook<\/option><option value=\"Dual hook\">Dual hook<\/option><option value=\"NO\">NO<\/option><\/select><\/span>\n\t\t<\/p>\n\t\t<p class=\"cf-style2-text\"><span class=\"wpcf7-form-control-wrap\" data-name=\"specifyposition\"><input size=\"40\" class=\"wpcf7-form-control wpcf7-text wpcf7-validates-as-required\" aria-required=\"true\" aria-invalid=\"false\" placeholder=\"Especifique la posici\u00f3n\" value=\"\" type=\"text\" name=\"specifyposition\" \/><\/span>\n\t\t<\/p>\n\t\t<h4>SISTEMA DE EMBALAJE:\n\t\t<\/h4>\n\t\t<p class=\"cf-style2-adress\"><span class=\"wpcf7-form-control-wrap\" data-name=\"packagingsystem\"><select class=\"wpcf7-form-control wpcf7-select wpcf7-validates-as-required gem-combobox\" aria-required=\"true\" aria-invalid=\"false\" name=\"packagingsystem\"><option value=\"Haga su elecci\u00f3n\">Haga su elecci\u00f3n<\/option><option value=\"Vac\u00edo\">Vac\u00edo<\/option><option value=\"vac\u00edo + MAP (gas)\">vac\u00edo + MAP (gas)<\/option><option value=\"skin\">skin<\/option><option value=\"shrink\">shrink<\/option><option value=\"s\u00f3lo el sellado\">s\u00f3lo el sellado<\/option><option value=\"s\u00f3lo formando\">s\u00f3lo formando<\/option><\/select><\/span>\n\t\t<\/p>\n\t\t<p\n\n<h4>TIPO DE GAS:\n\t\t<\/p>\n\t\t<p class=\"cf-style2-adress\"><span class=\"wpcf7-form-control-wrap\" data-name=\"typeofgas\"><select class=\"wpcf7-form-control wpcf7-select wpcf7-validates-as-required gem-combobox\" aria-required=\"true\" aria-invalid=\"false\" name=\"typeofgas\"><option value=\"Haga su elecci\u00f3n\">Haga su elecci\u00f3n<\/option><option value=\"Oxygen &lt;21%\">Oxygen &lt;21%<\/option><option value=\"Oxygen &gt;21%\">Oxygen &gt;21%<\/option><option value=\"N\/A\">N\/A<\/option><\/select><\/span>\n\t\t<\/p>\n\t\t<p\n<h4>TIPO DE PEL\u00cdCULA DE FONDO:\n\t\t<\/p>\n\t\t<p class=\"cf-style2-adress\"><span class=\"wpcf7-form-control-wrap\" data-name=\"typeofbottom\"><select class=\"wpcf7-form-control wpcf7-select wpcf7-validates-as-required gem-combobox\" aria-required=\"true\" aria-invalid=\"false\" name=\"typeofbottom\"><option value=\"Haga su elecci\u00f3n\">Haga su elecci\u00f3n<\/option><option value=\"Flexible ca &lt;400 micron\">Flexible ca &lt;400 micron<\/option><option value=\"Rigid ca &gt;400 micron\">Rigid ca &gt;400 micron<\/option><\/select><\/span>\n\t\t<\/p>\n\t\t<p\n<h4>TIPO DE PEL\u00cdCULA SUPERIOR Y ANCHO (mm):\n\t\t<\/p>\n\t\t<p class=\"cf-style2-text\"><span class=\"wpcf7-form-control-wrap\" data-name=\"typeoffilm\"><input size=\"40\" class=\"wpcf7-form-control wpcf7-text wpcf7-validates-as-required\" aria-required=\"true\" aria-invalid=\"false\" placeholder=\"tipo de pel\u00edcula superior y ancho (mm)\" value=\"\" type=\"text\" name=\"typeoffilm\" \/><\/span>\n\t\t<\/p>\n\t\t<h2>CONFIGURACI\u00d3N DE LA M\u00c1QUINA\n\t\t<\/h2>\n\t\t<h4>LONGITUD APROXIMADA DE LA M\u00c1QUINA (metro)\n\t\t<\/h4>\n\t\t<p class=\"cf-style2-text\"><span class=\"wpcf7-form-control-wrap\" data-name=\"machinelength\"><input size=\"40\" class=\"wpcf7-form-control wpcf7-text wpcf7-validates-as-required\" aria-required=\"true\" aria-invalid=\"false\" placeholder=\"Longitud aproximada de la m\u00e1quina; limitaciones de espacio\" value=\"\" type=\"text\" name=\"machinelength\" \/><\/span>\n\t\t<\/p>\n\t\t<h4>N\u00daMERO DE ZONAS DE CARGA LIBRE\n\t\t<\/h4>\n\t\t<p class=\"cf-style2-text\"><span class=\"wpcf7-form-control-wrap\" data-name=\"freeloading\"><input size=\"40\" class=\"wpcf7-form-control wpcf7-text wpcf7-validates-as-required\" aria-required=\"true\" aria-invalid=\"false\" placeholder=\"N\u00famero de posiciones de carga\" value=\"\" type=\"text\" name=\"freeloading\" \/><\/span>\n\t\t<\/p>\n\t\t<p>DESCARGA DE PRODUCTO\n\t\t<\/p>\n\t\t<p class=\"cf-style2-adress\"><span class=\"wpcf7-form-control-wrap\" data-name=\"productdischarge\"><select class=\"wpcf7-form-control wpcf7-select wpcf7-validates-as-required gem-combobox\" aria-required=\"true\" aria-invalid=\"false\" name=\"productdischarge\"><option value=\"Haga su elecci\u00f3n\">Haga su elecci\u00f3n<\/option><option value=\"Exit ramp (not powered)\">Exit ramp (not powered)<\/option><option value=\"Standard belt\">Standard belt<\/option><option value=\"conveyor belt (powered)\">conveyor belt (powered)<\/option><\/select><\/span>\n\t\t<\/p>\n\t\t<p class=\"cf-style2-text\"><span class=\"wpcf7-form-control-wrap\" data-name=\"beltlenght\"><input size=\"40\" class=\"wpcf7-form-control wpcf7-text wpcf7-validates-as-required\" aria-required=\"true\" aria-invalid=\"false\" placeholder=\"longitud (mm)\" value=\"\" type=\"text\" name=\"beltlenght\" \/><\/span>\n\t\t<\/p>\n\t\t<p>PEL\u00cdCULA SUPERIOR IMPRESA\n\t\t<\/p>\n\t\t<p class=\"cf-style2-adress\"><span class=\"wpcf7-form-control-wrap\" data-name=\"photocell\"><select class=\"wpcf7-form-control wpcf7-select wpcf7-validates-as-required gem-combobox\" aria-required=\"true\" aria-invalid=\"false\" name=\"photocell\"><option value=\"Haga su elecci\u00f3n\">Haga su elecci\u00f3n<\/option><option value=\"S\u00cd\">S\u00cd<\/option><option value=\"NO\">NO<\/option><\/select><\/span>\n\t\t<\/p>\n\t\t<h4>IMPRESORAS\/ETIQUETADORAS\n\t\t<\/h4>\n\t\t<p class=\"cf-style2-adress\"><span class=\"wpcf7-form-control-wrap\" data-name=\"printerslabelers\"><select class=\"wpcf7-form-control wpcf7-select wpcf7-validates-as-required gem-combobox\" aria-required=\"true\" aria-invalid=\"false\" name=\"printerslabelers\"><option value=\"Haga su elecci\u00f3n\">Haga su elecci\u00f3n<\/option><option value=\"Inkjet printing topfilm\">Inkjet printing topfilm<\/option><option value=\"Inkjet printing bottom film\">Inkjet printing bottom film<\/option><option value=\"Thermal transfer printing topfilm\">Thermal transfer printing topfilm<\/option><option value=\"Thermal transfer printing bottom film\">Thermal transfer printing bottom film<\/option><\/select><\/span>\n\t\t<\/p>\n\t\t<h4>AUTOLUBRICACI\u00d3N DE LA CADENA\n\t\t<\/h4>\n\t\t<p class=\"cf-style2-adress\"><span class=\"wpcf7-form-control-wrap\" data-name=\"lubrication\"><select class=\"wpcf7-form-control wpcf7-select wpcf7-validates-as-required gem-combobox\" aria-required=\"true\" aria-invalid=\"false\" name=\"lubrication\"><option value=\"Haga su elecci\u00f3n\">Haga su elecci\u00f3n<\/option><option value=\"S\u00cd\">S\u00cd<\/option><option value=\"NO\">NO<\/option><\/select><\/span>\n\t\t<\/p>\n\t\t<h2>OPCIONES ADICIONALES\n\t\t<\/h2>\n\t\t<h4>CIRCUITO DE REFRIGERACI\u00d3N: ENFRIADOR\n\t\t<\/h4>\n\t\t<p class=\"cf-style2-adress\"><span class=\"wpcf7-form-control-wrap\" data-name=\"coolingcircuit\"><select class=\"wpcf7-form-control wpcf7-select wpcf7-validates-as-required gem-combobox\" aria-required=\"true\" aria-invalid=\"false\" name=\"coolingcircuit\"><option value=\"Haga su elecci\u00f3n\">Haga su elecci\u00f3n<\/option><option value=\"S\u00cd\">S\u00cd<\/option><option value=\"NO\">NO<\/option><\/select><\/span>\n\t\t<\/p>\n\t\t<h4>CONTROL REMOTO A TRAV\u00c9S DE INTERNET\n\t\t<\/h4>\n\t\t<p class=\"cf-style2-adress\"><span class=\"wpcf7-form-control-wrap\" data-name=\"remotecontrol\"><select class=\"wpcf7-form-control wpcf7-select wpcf7-validates-as-required gem-combobox\" aria-required=\"true\" aria-invalid=\"false\" name=\"remotecontrol\"><option value=\"Haga su elecci\u00f3n\">Haga su elecci\u00f3n<\/option><option value=\"S\u00cd\">S\u00cd<\/option><option value=\"NO\">NO<\/option><\/select><\/span>\n\t\t<\/p>\n\t\t<h2>TIPO DE MOLDES\n\t\t<\/h2>\n\t\t<p><img decoding=\"async\" src=\"https:\/\/henkovac.com\/wp-content\/uploads\/2019\/11\/MOLD-THERMOFORMER.jpg\" \/>\n\t\t<\/p>\n\t\t<h4>Tipo de molde preferido\n\t\t<\/h4>\n\t\t<p class=\"cf-style2-adress\"><span class=\"wpcf7-form-control-wrap\" data-name=\"typeofmolds\"><select class=\"wpcf7-form-control wpcf7-select wpcf7-validates-as-required gem-combobox\" aria-required=\"true\" aria-invalid=\"false\" name=\"typeofmolds\"><option value=\"Haga su elecci\u00f3n\">Haga su elecci\u00f3n<\/option><option value=\"1x1\">1x1<\/option><option value=\"1x2\">1x2<\/option><option value=\"1x3\">1x3<\/option><option value=\"2x1\">2x1<\/option><option value=\"2x2\">2x2<\/option><option value=\"2x3\">2x3<\/option><option value=\"3x1\">3x1<\/option><option value=\"3x2\">3x2<\/option><option value=\"3x3\">3x3<\/option><option value=\"4x1\">4x1<\/option><option value=\"5x2\">5x2<\/option><option value=\"5x3\">5x3<\/option><option value=\"6x1\">6x1<\/option><option value=\"6x2\">6x2<\/option><option value=\"6x3\">6x3<\/option><\/select><\/span>\n\t\t<\/p>\n\t\t<p class=\"cf-style2-textarea\"><span class=\"wpcf7-form-control-wrap\" data-name=\"Remark\"><textarea cols=\"40\" rows=\"10\" class=\"wpcf7-form-control wpcf7-textarea wpcf7-validates-as-required\" aria-required=\"true\" aria-invalid=\"false\" placeholder=\"SOLICITUDES, INFORMACI\u00d3N Y ESPECIFICACIONES ADICIONALES\" name=\"Remark\"><\/textarea><\/span>\n\t\t<\/p>\n\t\t<h2>SOLICITUDES, INFORMACI\u00d3N Y ESPECIFICACIONES ADICIONALES\n\t\t<\/h2>\n\t\t<p class=\"cf-style2-text\"><span class=\"wpcf7-form-control-wrap\" data-name=\"Name\"><input size=\"40\" class=\"wpcf7-form-control wpcf7-text wpcf7-validates-as-required\" aria-required=\"true\" aria-invalid=\"false\" placeholder=\"Nombre*\" value=\"\" type=\"text\" name=\"Name\" \/><\/span>\n\t\t<\/p>\n\t\t<p class=\"cf-style2-text\"><span class=\"wpcf7-form-control-wrap\" data-name=\"Company\"><input size=\"40\" class=\"wpcf7-form-control wpcf7-text wpcf7-validates-as-required\" aria-required=\"true\" aria-invalid=\"false\" placeholder=\"Nombre de la empresa*\" value=\"\" type=\"text\" name=\"Company\" \/><\/span>\n\t\t<\/p>\n\t\t<p class=\"cf-style2-phone\"><span class=\"wpcf7-form-control-wrap\" data-name=\"mobiel\"><input size=\"40\" class=\"wpcf7-form-control wpcf7-tel wpcf7-validates-as-required wpcf7-text wpcf7-validates-as-tel\" aria-required=\"true\" aria-invalid=\"false\" placeholder=\"Tel\u00e9fono*\" value=\"\" type=\"tel\" name=\"mobiel\" \/><\/span>\n\t\t<\/p>\n\t\t<p class=\"cf-style2-email\"><span class=\"wpcf7-form-control-wrap\" data-name=\"email\"><input size=\"40\" class=\"wpcf7-form-control wpcf7-email wpcf7-validates-as-required wpcf7-text wpcf7-validates-as-email\" aria-required=\"true\" aria-invalid=\"false\" placeholder=\"Email*\" value=\"\" type=\"email\" name=\"email\" \/><\/span>\n\t\t<\/p>\n\t\t<p><span class=\"wpcf7-form-control-wrap\" data-name=\"AVG\"><span class=\"wpcf7-form-control wpcf7-acceptance\"><span class=\"wpcf7-list-item\"><label><input type=\"checkbox\" name=\"AVG\" value=\"1\" aria-invalid=\"false\" \/><span class=\"wpcf7-list-item-label\"><B><U><a href=\"https:\/\/turbovac.nl\/es\/privacy-and-cookie-policy\/\">Estoy de acuerdo con la Pol\u00edtica Internacional de Privacidad y Galletas de Turbovac.<\/a><\/B><\/U><\/span><\/label><\/span><\/span><\/span>\n\t\t<\/p>\n\t\t<p><input class=\"wpcf7-form-control wpcf7-submit has-spinner\" type=\"submit\" value=\"Env\u00ede\" \/>\n\t\t<\/p>\n\t<\/div>\n<\/div><div class=\"wpcf7-response-output\" aria-hidden=\"true\"><\/div>\n<\/form>\n<\/div>\n[\/vc_column][vc_column][vc_empty_space height=\u00bb150&#8243;][\/vc_column][\/vc_row][vc_row type=\u00bbfull_width_content\u00bb][vc_column background_color=\u00bb#75001f\u00bb][vc_empty_space][vc_custom_heading text=\u00bbCAPTURE QUALITY\u00bb font_container=\u00bbtag:h2|font_size:35|text_align:center|color:%23ffffff|line_height:1.25&#8243; use_theme_fonts=\u00bbyes\u00bb][vc_empty_space][\/vc_column][\/vc_row]<\/p>\n","protected":false},"excerpt":{"rendered":"<p>[vc_row type=\u00bbfull_width_background\u00bb bg_color=\u00bb#f6f6f6&#8243; top_padding=\u00bb80&#8243; bottom_padding=\u00bb80&#8243;][vc_column width=\u00bb1\/6&#8243;][\/vc_column][vc_column width=\u00bb5\/6&#8243;][vc_custom_heading text=\u00bbCONFIGURADOR DE LA M\u00c1QUINA TERMOFORMADORA\u00bb font_container=\u00bbtag:h2|font_size:45px|text_align:left|line_height:54px\u00bb use_theme_fonts=\u00bbyes\u00bb][vc_empty_space][\/vc_column][vc_column][vc_empty_space height=\u00bb150&#8243;][\/vc_column][\/vc_row][vc_row type=\u00bbfull_width_content\u00bb][vc_column background_color=\u00bb#75001f\u00bb][vc_empty_space][vc_custom_heading text=\u00bbCAPTURE QUALITY\u00bb font_container=\u00bbtag:h2|font_size:35|text_align:center|color:%23ffffff|line_height:1.25&#8243; use_theme_fonts=\u00bbyes\u00bb][vc_empty_space][\/vc_column][\/vc_row]<\/p>\n","protected":false},"author":6,"featured_media":3902,"parent":0,"menu_order":0,"comment_status":"closed","ping_status":"closed","template":"","meta":{"_monsterinsights_skip_tracking":false,"_monsterinsights_sitenote_active":false,"_monsterinsights_sitenote_note":"","_monsterinsights_sitenote_category":0,"footnotes":""},"class_list":["post-10080","page","type-page","status-publish","has-post-thumbnail","hentry"],"yoast_head":"<!-- This site is optimized with the Yoast SEO plugin v22.7 - https:\/\/yoast.com\/wordpress\/plugins\/seo\/ -->\n<title>CONFIGURADOR DE LA M\u00c1QUINA TERMOFORMADORA | Turbovac<\/title>\n<meta name=\"description\" content=\"Con el Configurador del Termoformador puede enviar a Turbovac informaci\u00f3n espec\u00edfica sobre su elecci\u00f3n de la configuraci\u00f3n del Termoformador.\" \/>\n<meta name=\"robots\" content=\"index, follow, max-snippet:-1, max-image-preview:large, max-video-preview:-1\" \/>\n<link rel=\"canonical\" href=\"https:\/\/turbovac.nl\/es\/configurador-de-la-maquina-termoformadora\/\" \/>\n<meta property=\"og:locale\" content=\"es_ES\" \/>\n<meta property=\"og:type\" content=\"article\" \/>\n<meta property=\"og:title\" content=\"CONFIGURADOR DE LA M\u00c1QUINA TERMOFORMADORA | Turbovac\" \/>\n<meta property=\"og:description\" content=\"Con el Configurador del Termoformador puede enviar a Turbovac informaci\u00f3n espec\u00edfica sobre su elecci\u00f3n de la configuraci\u00f3n del Termoformador.\" \/>\n<meta property=\"og:url\" content=\"https:\/\/turbovac.nl\/es\/configurador-de-la-maquina-termoformadora\/\" \/>\n<meta property=\"og:site_name\" content=\"TURBOVAC\" \/>\n<meta property=\"article:modified_time\" content=\"2020-04-29T15:31:04+00:00\" \/>\n<meta property=\"og:image\" content=\"https:\/\/turbovac.nl\/wp-content\/uploads\/2019\/10\/TT-zoom3940-1.jpg\" \/>\n\t<meta property=\"og:image:width\" content=\"1000\" \/>\n\t<meta property=\"og:image:height\" content=\"1064\" \/>\n\t<meta property=\"og:image:type\" content=\"image\/jpeg\" \/>\n<meta name=\"twitter:card\" content=\"summary_large_image\" \/>\n<meta name=\"twitter:label1\" content=\"Tiempo de lectura\" \/>\n\t<meta name=\"twitter:data1\" content=\"1 minuto\" \/>\n<script type=\"application\/ld+json\" class=\"yoast-schema-graph\">{\"@context\":\"https:\/\/schema.org\",\"@graph\":[{\"@type\":\"WebPage\",\"@id\":\"https:\/\/turbovac.nl\/es\/configurador-de-la-maquina-termoformadora\/\",\"url\":\"https:\/\/turbovac.nl\/es\/configurador-de-la-maquina-termoformadora\/\",\"name\":\"CONFIGURADOR DE LA M\u00c1QUINA TERMOFORMADORA | Turbovac\",\"isPartOf\":{\"@id\":\"https:\/\/turbovac.nl\/#website\"},\"primaryImageOfPage\":{\"@id\":\"https:\/\/turbovac.nl\/es\/configurador-de-la-maquina-termoformadora\/#primaryimage\"},\"image\":{\"@id\":\"https:\/\/turbovac.nl\/es\/configurador-de-la-maquina-termoformadora\/#primaryimage\"},\"thumbnailUrl\":\"https:\/\/turbovac.nl\/wp-content\/uploads\/2019\/10\/TT-zoom3940-1.jpg\",\"datePublished\":\"2019-11-20T18:25:49+00:00\",\"dateModified\":\"2020-04-29T15:31:04+00:00\",\"description\":\"Con el Configurador del Termoformador puede enviar a Turbovac informaci\u00f3n espec\u00edfica sobre su elecci\u00f3n de la configuraci\u00f3n del Termoformador.\",\"breadcrumb\":{\"@id\":\"https:\/\/turbovac.nl\/es\/configurador-de-la-maquina-termoformadora\/#breadcrumb\"},\"inLanguage\":\"es\",\"potentialAction\":[{\"@type\":\"ReadAction\",\"target\":[\"https:\/\/turbovac.nl\/es\/configurador-de-la-maquina-termoformadora\/\"]}]},{\"@type\":\"ImageObject\",\"inLanguage\":\"es\",\"@id\":\"https:\/\/turbovac.nl\/es\/configurador-de-la-maquina-termoformadora\/#primaryimage\",\"url\":\"https:\/\/turbovac.nl\/wp-content\/uploads\/2019\/10\/TT-zoom3940-1.jpg\",\"contentUrl\":\"https:\/\/turbovac.nl\/wp-content\/uploads\/2019\/10\/TT-zoom3940-1.jpg\",\"width\":1000,\"height\":1064,\"caption\":\"Tabletop detail Food processing industry\"},{\"@type\":\"BreadcrumbList\",\"@id\":\"https:\/\/turbovac.nl\/es\/configurador-de-la-maquina-termoformadora\/#breadcrumb\",\"itemListElement\":[{\"@type\":\"ListItem\",\"position\":1,\"name\":\"Home\",\"item\":\"https:\/\/turbovac.nl\/es\/\"},{\"@type\":\"ListItem\",\"position\":2,\"name\":\"CONFIGURADOR DE LA M\u00c1QUINA TERMOFORMADORA\"}]},{\"@type\":\"WebSite\",\"@id\":\"https:\/\/turbovac.nl\/#website\",\"url\":\"https:\/\/turbovac.nl\/\",\"name\":\"TURBOVAC\",\"description\":\"Vacuum Packaging Machines\",\"potentialAction\":[{\"@type\":\"SearchAction\",\"target\":{\"@type\":\"EntryPoint\",\"urlTemplate\":\"https:\/\/turbovac.nl\/?s={search_term_string}\"},\"query-input\":\"required name=search_term_string\"}],\"inLanguage\":\"es\"}]}<\/script>\n<!-- \/ Yoast SEO plugin. -->","yoast_head_json":{"title":"CONFIGURADOR DE LA M\u00c1QUINA TERMOFORMADORA | Turbovac","description":"Con el Configurador del Termoformador puede enviar a Turbovac informaci\u00f3n espec\u00edfica sobre su elecci\u00f3n de la configuraci\u00f3n del Termoformador.","robots":{"index":"index","follow":"follow","max-snippet":"max-snippet:-1","max-image-preview":"max-image-preview:large","max-video-preview":"max-video-preview:-1"},"canonical":"https:\/\/turbovac.nl\/es\/configurador-de-la-maquina-termoformadora\/","og_locale":"es_ES","og_type":"article","og_title":"CONFIGURADOR DE LA M\u00c1QUINA TERMOFORMADORA | Turbovac","og_description":"Con el Configurador del Termoformador puede enviar a Turbovac informaci\u00f3n espec\u00edfica sobre su elecci\u00f3n de la configuraci\u00f3n del Termoformador.","og_url":"https:\/\/turbovac.nl\/es\/configurador-de-la-maquina-termoformadora\/","og_site_name":"TURBOVAC","article_modified_time":"2020-04-29T15:31:04+00:00","og_image":[{"width":1000,"height":1064,"url":"https:\/\/turbovac.nl\/wp-content\/uploads\/2019\/10\/TT-zoom3940-1.jpg","type":"image\/jpeg"}],"twitter_card":"summary_large_image","twitter_misc":{"Tiempo de lectura":"1 minuto"},"schema":{"@context":"https:\/\/schema.org","@graph":[{"@type":"WebPage","@id":"https:\/\/turbovac.nl\/es\/configurador-de-la-maquina-termoformadora\/","url":"https:\/\/turbovac.nl\/es\/configurador-de-la-maquina-termoformadora\/","name":"CONFIGURADOR DE LA M\u00c1QUINA TERMOFORMADORA | Turbovac","isPartOf":{"@id":"https:\/\/turbovac.nl\/#website"},"primaryImageOfPage":{"@id":"https:\/\/turbovac.nl\/es\/configurador-de-la-maquina-termoformadora\/#primaryimage"},"image":{"@id":"https:\/\/turbovac.nl\/es\/configurador-de-la-maquina-termoformadora\/#primaryimage"},"thumbnailUrl":"https:\/\/turbovac.nl\/wp-content\/uploads\/2019\/10\/TT-zoom3940-1.jpg","datePublished":"2019-11-20T18:25:49+00:00","dateModified":"2020-04-29T15:31:04+00:00","description":"Con el Configurador del Termoformador puede enviar a Turbovac informaci\u00f3n espec\u00edfica sobre su elecci\u00f3n de la configuraci\u00f3n del Termoformador.","breadcrumb":{"@id":"https:\/\/turbovac.nl\/es\/configurador-de-la-maquina-termoformadora\/#breadcrumb"},"inLanguage":"es","potentialAction":[{"@type":"ReadAction","target":["https:\/\/turbovac.nl\/es\/configurador-de-la-maquina-termoformadora\/"]}]},{"@type":"ImageObject","inLanguage":"es","@id":"https:\/\/turbovac.nl\/es\/configurador-de-la-maquina-termoformadora\/#primaryimage","url":"https:\/\/turbovac.nl\/wp-content\/uploads\/2019\/10\/TT-zoom3940-1.jpg","contentUrl":"https:\/\/turbovac.nl\/wp-content\/uploads\/2019\/10\/TT-zoom3940-1.jpg","width":1000,"height":1064,"caption":"Tabletop detail Food processing industry"},{"@type":"BreadcrumbList","@id":"https:\/\/turbovac.nl\/es\/configurador-de-la-maquina-termoformadora\/#breadcrumb","itemListElement":[{"@type":"ListItem","position":1,"name":"Home","item":"https:\/\/turbovac.nl\/es\/"},{"@type":"ListItem","position":2,"name":"CONFIGURADOR DE LA M\u00c1QUINA TERMOFORMADORA"}]},{"@type":"WebSite","@id":"https:\/\/turbovac.nl\/#website","url":"https:\/\/turbovac.nl\/","name":"TURBOVAC","description":"Vacuum Packaging Machines","potentialAction":[{"@type":"SearchAction","target":{"@type":"EntryPoint","urlTemplate":"https:\/\/turbovac.nl\/?s={search_term_string}"},"query-input":"required name=search_term_string"}],"inLanguage":"es"}]}},"_links":{"self":[{"href":"https:\/\/turbovac.nl\/es\/wp-json\/wp\/v2\/pages\/10080","targetHints":{"allow":["GET"]}}],"collection":[{"href":"https:\/\/turbovac.nl\/es\/wp-json\/wp\/v2\/pages"}],"about":[{"href":"https:\/\/turbovac.nl\/es\/wp-json\/wp\/v2\/types\/page"}],"author":[{"embeddable":true,"href":"https:\/\/turbovac.nl\/es\/wp-json\/wp\/v2\/users\/6"}],"replies":[{"embeddable":true,"href":"https:\/\/turbovac.nl\/es\/wp-json\/wp\/v2\/comments?post=10080"}],"version-history":[{"count":3,"href":"https:\/\/turbovac.nl\/es\/wp-json\/wp\/v2\/pages\/10080\/revisions"}],"predecessor-version":[{"id":10083,"href":"https:\/\/turbovac.nl\/es\/wp-json\/wp\/v2\/pages\/10080\/revisions\/10083"}],"wp:featuredmedia":[{"embeddable":true,"href":"https:\/\/turbovac.nl\/es\/wp-json\/wp\/v2\/media\/3902"}],"wp:attachment":[{"href":"https:\/\/turbovac.nl\/es\/wp-json\/wp\/v2\/media?parent=10080"}],"curies":[{"name":"wp","href":"https:\/\/api.w.org\/{rel}","templated":true}]}}