{"id":9348,"date":"2019-06-04T15:19:16","date_gmt":"2019-06-04T14:19:16","guid":{"rendered":"https:\/\/turbovac.nl\/tabletop-range\/"},"modified":"2020-04-29T22:00:34","modified_gmt":"2020-04-29T21:00:34","slug":"modelos-de-mesa","status":"publish","type":"page","link":"https:\/\/turbovac.nl\/es\/maquinas-de-vacio\/modelos-de-mesa\/","title":{"rendered":"Modelos de Mesa"},"content":{"rendered":"<p>[vc_row type=\u00bbfull_width_background\u00bb bg_color=\u00bb#f9f9f9&#8243;][vc_column][vc_row_inner][vc_column_inner width=\u00bb1\/6&#8243;][\/vc_column_inner][vc_column_inner width=\u00bb2\/3&#8243;][vc_custom_heading text=\u00bbModelos para el embalaje b\u00e1sico\u00bb font_container=\u00bbtag:h2|font_size:16|text_align:center|color:%236b6b6b|line_height:1.2&#8243; use_theme_fonts=\u00bbyes\u00bb][vc_empty_space height=\u00bb20&#8243;][vc_custom_heading text=\u00bbMODELOS DE MESA TURBOVAC\u00bb font_container=\u00bbtag:h1|font_size:40|text_align:center|color:%23494949&#8243; use_theme_fonts=\u00bbyes\u00bb][vc_empty_space height=\u00bb20&#8243;][\/vc_column_inner][vc_column_inner width=\u00bb1\/6&#8243;][\/vc_column_inner][\/vc_row_inner][vc_column_text]<\/p>\n<p style=\"text-align: center;\">Profesionales de 80 pa\u00edses de todo el mundo eligen a Turbovac como su fuente n\u00famero 1 de m\u00e1quinas de envasado al vac\u00edo de mesa. Turbovac ofrece una l\u00ednea completa de productos que satisface las necesidades de empacar al vac\u00edo de empresas peque\u00f1as y medianas, de procesamiento y preparaci\u00f3n de alimentos en muchas industrias.<\/p>\n<p>[\/vc_column_text][vc_empty_space height=\u00bb35px\u00bb][vc_row_inner el_class=\u00bbkolomOver\u00bb][vc_column_inner width=\u00bb1\/5&#8243; background_color=\u00bb#ffffff\u00bb el_class=\u00bbkolomOver\u00bb][vc_single_image image=\u00bb7422&#8243; img_size=\u00bbfull\u00bb alignment=\u00bbcenter\u00bb onclick=\u00bbcustom_link\u00bb link=\u00bbhttps:\/\/turbovac.nl\/es\/tabletop-range\/modelos-de-mesa-s20\/\u00bb][vc_custom_heading text=\u00bbMODELOS DE MESA S20&#8243; font_container=\u00bbtag:h2|font_size:24|text_align:center|line_height:1&#8243; use_theme_fonts=\u00bbyes\u00bb link=\u00bb|||\u00bb][vc_column_text]<\/p>\n<p style=\"text-align: center;\">longitud de sellado<br \/>\n270 mm<\/p>\n<p>[\/vc_column_text][\/vc_column_inner][vc_column_inner width=\u00bb1\/5&#8243; el_class=\u00bbkolomOver\u00bb][vc_single_image image=\u00bb7427&#8243; img_size=\u00bbfull\u00bb alignment=\u00bbcenter\u00bb onclick=\u00bbcustom_link\u00bb link=\u00bbhttps:\/\/turbovac.nl\/es\/tabletop-range\/modelos-de-mesa-s30\/\u00bb][vc_custom_heading text=\u00bbMODELOS DE MESA S30&#8243; font_container=\u00bbtag:h2|font_size:24|text_align:center|line_height:1&#8243; use_theme_fonts=\u00bbyes\u00bb][vc_column_text]<\/p>\n<p style=\"text-align: center;\">longitud de sellado<br \/>\n320 mm<\/p>\n<p>[\/vc_column_text][\/vc_column_inner][vc_column_inner width=\u00bb1\/5&#8243; el_class=\u00bbkolomOver\u00bb][vc_single_image image=\u00bb7432&#8243; img_size=\u00bbfull\u00bb alignment=\u00bbcenter\u00bb onclick=\u00bbcustom_link\u00bb link=\u00bbhttps:\/\/turbovac.nl\/es\/tabletop-range\/modelos-de-mesa-s40\/\u00bb][vc_custom_heading text=\u00bbMODELOS DE MESA S40&#8243; font_container=\u00bbtag:h2|font_size:24|text_align:center|line_height:1&#8243; use_theme_fonts=\u00bbyes\u00bb][vc_column_text]<\/p>\n<p style=\"text-align: center;\">longitud de sellado<br \/>\n420 mm<\/p>\n<p>[\/vc_column_text][\/vc_column_inner][vc_column_inner width=\u00bb1\/5&#8243;][vc_single_image image=\u00bb7437&#8243; img_size=\u00bbfull\u00bb alignment=\u00bbcenter\u00bb onclick=\u00bbcustom_link\u00bb link=\u00bbhttps:\/\/turbovac.nl\/es\/tabletop-range\/modelos-de-mesa-s50\/\u00bb][vc_custom_heading text=\u00bbMODELOS DE MESA S50&#8243; font_container=\u00bbtag:h2|font_size:24|text_align:center|line_height:1&#8243; use_theme_fonts=\u00bbyes\u00bb][vc_column_text]<\/p>\n<p style=\"text-align: center;\">longitud de sellado<br \/>\n270 mm<\/p>\n<p>[\/vc_column_text][\/vc_column_inner][vc_column_inner width=\u00bb1\/5&#8243;][vc_single_image image=\u00bb7442&#8243; img_size=\u00bbfull\u00bb alignment=\u00bbcenter\u00bb onclick=\u00bbcustom_link\u00bb link=\u00bbhttps:\/\/turbovac.nl\/es\/tabletop-range\/modelos-de-mesa-s60\/\u00bb][vc_custom_heading text=\u00bbMODELOS DE MESA S60&#8243; font_container=\u00bbtag:h2|font_size:24|text_align:center|line_height:1&#8243; use_theme_fonts=\u00bbyes\u00bb][vc_column_text]<\/p>\n<p style=\"text-align: center;\">longitud de sellado<br \/>\n420 mm<\/p>\n<p>[\/vc_column_text][\/vc_column_inner][\/vc_row_inner][\/vc_column][\/vc_row][vc_row full_width=\u00bb\u00bb parallax=\u00bb\u00bb parallax_image=\u00bb\u00bb][vc_column width=\u00bb1\/2&#8243;][vc_empty_space][vc_custom_heading text=\u00bbBeneficios de las mesas\u00bb font_container=\u00bbtag:h4|font_size:18|text_align:left|color:%23a5a5a5&#8243; use_theme_fonts=\u00bbyes\u00bb][vc_empty_space][vc_custom_heading text=\u00bb\u00abPrimera elecci\u00f3n\u00ab para restaurantes, industria de la hospitalidad, vendedores de alimentos y proveedores.\u00bb font_container=\u00bbtag:h2|font_size:22|text_align:left\u00bb google_fonts=\u00bbfont_family:Raleway%3A100%2C200%2C300%2Cregular%2C500%2C600%2C700%2C800%2C900|font_style:700%20bold%20regular%3A700%3Anormal\u00bb][vc_empty_space height=\u00bb15&#8243;][vc_column_text]Nuestras m\u00e1quinas de mesa \u00abplug and play\u00bb tienen toda la ingenier\u00eda de calidad y la construcci\u00f3n de nuestras m\u00e1quinas de vac\u00edo industrial.[\/vc_column_text][list icon=\u00bbsteadysets-icon-star\u00bb][list_item title=\u00bbLos programas est\u00e1ndar de 1 a 10&#8243;][list_item title=\u00bbSensor \/ H2O\u00bb][list_item title=\u00bbOpciones: Corte y sellado amplio\u00bb][\/list][vc_empty_space][\/vc_column][vc_column width=\u00bb1\/2&#8243; css=\u00bb.vc_custom_1568117544972{margin-top: -30px !important;}\u00bb][vc_single_image image=\u00bb8597&#8243; img_size=\u00bblarge\u00bb alignment=\u00bbcenter\u00bb][\/vc_column][\/vc_row][vc_row full_width=\u00bb\u00bb parallax=\u00bb\u00bb parallax_image=\u00bb\u00bb][vc_column width=\u00bb1\/3&#8243; css=\u00bb.vc_custom_1568118419395{border-top-width: 1px !important;border-top-color: #d1d1d1 !important;border-top-style: solid !important;}\u00bb][vc_empty_space][vc_custom_heading text=\u00bbCertificado CE y ETL\u00bb font_container=\u00bbtag:h2|font_size:22|text_align:left\u00bb use_theme_fonts=\u00bbyes\u00bb][vc_empty_space height=\u00bb15&#8243;][vc_column_text]<\/p>\n<div class=\"col-lg-4\">\n<div class=\"media\">\n<div class=\"media__content\">\n<div class=\"col-lg-4\">\n<div class=\"media\">\n<div class=\"media__content\">\n<p>El equipo Turbovac est\u00e1 certificado por ETL y cumple con las normas UL, NSF y CE.<\/p>\n<\/div>\n<\/div>\n<\/div>\n<div class=\"col-lg-4\">\n<div class=\"media\">\n<div class=\"media__icon\"><\/div>\n<\/div>\n<\/div>\n<\/div>\n<\/div>\n<\/div>\n<p>[\/vc_column_text][\/vc_column][vc_column width=\u00bb1\/3&#8243; css=\u00bb.vc_custom_1568118428707{border-top-width: 1px !important;border-top-color: #d8d8d8 !important;border-top-style: solid !important;}\u00bb][vc_empty_space][vc_custom_heading text=\u00bbBomba Busch\u00bb font_container=\u00bbtag:h2|font_size:22|text_align:left|color:%234c4c4c\u00bb use_theme_fonts=\u00bbyes\u00bb][vc_empty_space height=\u00bb15&#8243;][vc_column_text]<\/p>\n<div class=\"col-lg-4\">\n<div class=\"media\">\n<div class=\"media__content\">\n<p class=\"media__text\">Todas las m\u00e1quinas de Turbovac est\u00e1n equipadas con una bomba de vac\u00edo Busch<\/p>\n<\/div>\n<\/div>\n<\/div>\n<p>[\/vc_column_text][\/vc_column][vc_column width=\u00bb1\/3&#8243; css=\u00bb.vc_custom_1568118438842{border-top-width: 1px !important;border-top-color: #dddddd !important;border-top-style: solid !important;}\u00bb][vc_empty_space][vc_custom_heading text=\u00bbOpciones\u00bb font_container=\u00bbtag:h2|font_size:22|text_align:left|color:%234c4c4c\u00bb use_theme_fonts=\u00bbyes\u00bb][vc_empty_space height=\u00bb15&#8243;][vc_column_text]<\/p>\n<div class=\"col-lg-4\">\n<div class=\"media\">\n<div class=\"media__content\">\n<p class=\"media__text\">Todas las m\u00e1quinas de Turbovac est\u00e1n disponibles con varias opciones<\/p>\n<\/div>\n<\/div>\n<\/div>\n<p>[\/vc_column_text][\/vc_column][\/vc_row][vc_row type=\u00bbfull_width_background\u00bb bg_color=\u00bb#b20000&#8243; text_color=\u00bblight\u00bb top_padding=\u00bb35&#8243; bottom_padding=\u00bb35&#8243;][vc_column][textbar button_title=\u00bbCONTACTE CON NUESTRO ESPECIALISTA\u00bb button_link=\u00bbhttps:\/\/turbovac.nl\/es\/formulario-de-contacto\/\u00bb icon=\u00bbsteadysets-icon-type\u00bb]<\/p>\n<p style=\"text-align: left;\">\u00bfTiene alguna pregunta sobre nuestra gama de productos de mesa?<\/p>\n<p>[\/textbar][\/vc_column][\/vc_row][vc_row type=\u00bbfull_width_content\u00bb bg_image=\u00bb2610&#8243; bg_color=\u00bb#6d6d6d\u00bb top_padding=\u00bb0&#8243;][vc_column width=\u00bb1\/2&#8243; centered_cont=\u00bbtrue\u00bb background_image=\u00bb3457&#8243;][vc_column_text]<br \/>\n[\/vc_column_text][\/vc_column][vc_column width=\u00bb1\/2&#8243; column_padding=\u00bb4%\u00bb css=\u00bb.vc_custom_1581958267609{background-color: #333333 !important;}\u00bb][vc_empty_space height=\u00bb45&#8243;][vc_custom_heading text=\u00bb\u00abNuestra aspiradora de mesa es una m\u00e1quina perfecta para mantener todo fresco y duradero\u00ab\u00bb font_container=\u00bbtag:h2|font_size:40|text_align:left|color:%23ffffff|line_height:1.2&#8243; google_fonts=\u00bbfont_family:Merriweather%3A300%2C300italic%2Cregular%2Citalic%2C700%2C700italic%2C900%2C900italic|font_style:300%20light%20italic%3A300%3Aitalic\u00bb][vc_empty_space height=\u00bb100&#8243;][\/vc_column][\/vc_row][vc_row type=\u00bbfull_width_background\u00bb class=\u00bbkolomOver\u00bb][vc_column width=\u00bb1\/3&#8243; el_class=\u00bbkolomOver\u00bb][services_medium title=\u00bbINDUSTRIA C\u00c1RNICA\u00bb style=\u00bbstyle_3&#8243; icon=\u00bbsteadysets-icon-bones\u00bb icon_color=\u00bb#d20037&#8243; border_color=\u00bb#d20037&#8243; dynamic_content_link=\u00bbhttps:\/\/turbovac.nl\/es\/markets\/industria-de-procesamiento-de-carne\/\u00bb]Envases de alta calidad para mejorar sus clientes.[\/services_medium][\/vc_column][vc_column width=\u00bb1\/3&#8243; el_class=\u00bbkolomOver\u00bb][services_medium title=\u00bbPROCESAMIENTO DE ALIMENTOS\u00bb style=\u00bbstyle_3&#8243; icon=\u00bblinecon-icon-food\u00bb icon_color=\u00bb#d20037&#8243; border_color=\u00bb#d20037&#8243; dynamic_content_link=\u00bbhttps:\/\/turbovac.nl\/es\/markets\/industria-de-procesamiento-de-alimentos\/\u00bb]Optimizaci\u00f3n y flexibilidad en todo tipo de procesamiento de alimentos.[\/services_medium][\/vc_column][vc_column width=\u00bb1\/3&#8243; el_class=\u00bbkolomOver\u00bb][services_medium title=\u00bbINDUSTRIA NO ALIMENTARIA\u00bb style=\u00bbstyle_3&#8243; icon=\u00bbsteadysets-icon-lab\u00bb icon_color=\u00bb#d20037&#8243; border_color=\u00bb#d20037&#8243; dynamic_content_link=\u00bbhttps:\/\/turbovac.nl\/es\/markets\/industria-no-alimentaria\/\u00bb]Protecci\u00f3n \u00f3ptima contra la suciedad, el polvo y la humedad.[\/services_medium][\/vc_column][\/vc_row][vc_row type=\u00bbfull_width_content\u00bb][vc_column background_color=\u00bb#75001f\u00bb][vc_empty_space][vc_custom_heading text=\u00bbCAPTURE QUALITY\u00bb font_container=\u00bbtag:h2|font_size:35|text_align:center|color:%23ffffff|line_height:1.25&#8243; use_theme_fonts=\u00bbyes\u00bb][vc_empty_space][\/vc_column][\/vc_row]<\/p>\n","protected":false},"excerpt":{"rendered":"<p>[vc_row type=\u00bbfull_width_background\u00bb bg_color=\u00bb#f9f9f9&#8243;][vc_column][vc_row_inner][vc_column_inner width=\u00bb1\/6&#8243;][\/vc_column_inner][vc_column_inner width=\u00bb2\/3&#8243;][vc_custom_heading text=\u00bbModelos para el embalaje b\u00e1sico\u00bb font_container=\u00bbtag:h2|font_size:16|text_align:center|color:%236b6b6b|line_height:1.2&#8243; use_theme_fonts=\u00bbyes\u00bb][vc_empty_space height=\u00bb20&#8243;][vc_custom_heading text=\u00bbMODELOS DE MESA TURBOVAC\u00bb font_container=\u00bbtag:h1|font_size:40|text_align:center|color:%23494949&#8243; use_theme_fonts=\u00bbyes\u00bb][vc_empty_space height=\u00bb20&#8243;][\/vc_column_inner][vc_column_inner width=\u00bb1\/6&#8243;][\/vc_column_inner][\/vc_row_inner][vc_column_text] Profesionales de 80 pa\u00edses de todo el mundo eligen a Turbovac como su fuente n\u00famero 1 de m\u00e1quinas de envasado al vac\u00edo de mesa. Turbovac ofrece una l\u00ednea completa de productos que satisface las [&hellip;]<\/p>\n","protected":false},"author":6,"featured_media":3902,"parent":9768,"menu_order":0,"comment_status":"open","ping_status":"closed","template":"","meta":{"_monsterinsights_skip_tracking":false,"_monsterinsights_sitenote_active":false,"_monsterinsights_sitenote_note":"","_monsterinsights_sitenote_category":0,"footnotes":""},"class_list":["post-9348","page","type-page","status-publish","has-post-thumbnail","hentry"],"yoast_head":"<!-- This site is optimized with the Yoast SEO plugin v22.7 - https:\/\/yoast.com\/wordpress\/plugins\/seo\/ -->\n<title>Modelos de Mesa Envasado al vac\u00edo | Turbovac - International<\/title>\n<meta name=\"description\" content=\"Nuestras m\u00e1quinas Modelos de Mesa &quot;plug and play&quot; tienen toda la ingenier\u00eda de calidad y la construcci\u00f3n de nuestras m\u00e1quinas de vac\u00edo industrial.\" \/>\n<meta name=\"robots\" content=\"index, follow, max-snippet:-1, max-image-preview:large, max-video-preview:-1\" \/>\n<link rel=\"canonical\" href=\"https:\/\/turbovac.nl\/es\/maquinas-de-vacio\/modelos-de-mesa\/\" \/>\n<meta property=\"og:locale\" content=\"es_ES\" \/>\n<meta property=\"og:type\" content=\"article\" \/>\n<meta property=\"og:title\" content=\"Modelos de Mesa Envasado al vac\u00edo | Turbovac - International\" \/>\n<meta property=\"og:description\" content=\"Nuestras m\u00e1quinas Modelos de Mesa &quot;plug and play&quot; tienen toda la ingenier\u00eda de calidad y la construcci\u00f3n de nuestras m\u00e1quinas de vac\u00edo industrial.\" \/>\n<meta property=\"og:url\" content=\"https:\/\/turbovac.nl\/es\/maquinas-de-vacio\/modelos-de-mesa\/\" \/>\n<meta property=\"og:site_name\" content=\"TURBOVAC\" \/>\n<meta property=\"article:modified_time\" content=\"2020-04-29T21:00:34+00:00\" \/>\n<meta property=\"og:image\" content=\"https:\/\/turbovac.nl\/wp-content\/uploads\/2019\/10\/TT-zoom3940-1.jpg\" \/>\n\t<meta property=\"og:image:width\" content=\"1000\" \/>\n\t<meta property=\"og:image:height\" content=\"1064\" \/>\n\t<meta property=\"og:image:type\" content=\"image\/jpeg\" \/>\n<meta name=\"twitter:card\" content=\"summary_large_image\" \/>\n<meta name=\"twitter:label1\" content=\"Tiempo de lectura\" \/>\n\t<meta name=\"twitter:data1\" content=\"6 minutos\" \/>\n<script type=\"application\/ld+json\" class=\"yoast-schema-graph\">{\"@context\":\"https:\/\/schema.org\",\"@graph\":[{\"@type\":\"WebPage\",\"@id\":\"https:\/\/turbovac.nl\/es\/maquinas-de-vacio\/modelos-de-mesa\/\",\"url\":\"https:\/\/turbovac.nl\/es\/maquinas-de-vacio\/modelos-de-mesa\/\",\"name\":\"Modelos de Mesa Envasado al vac\u00edo | Turbovac - International\",\"isPartOf\":{\"@id\":\"https:\/\/turbovac.nl\/#website\"},\"primaryImageOfPage\":{\"@id\":\"https:\/\/turbovac.nl\/es\/maquinas-de-vacio\/modelos-de-mesa\/#primaryimage\"},\"image\":{\"@id\":\"https:\/\/turbovac.nl\/es\/maquinas-de-vacio\/modelos-de-mesa\/#primaryimage\"},\"thumbnailUrl\":\"https:\/\/turbovac.nl\/wp-content\/uploads\/2019\/10\/TT-zoom3940-1.jpg\",\"datePublished\":\"2019-06-04T14:19:16+00:00\",\"dateModified\":\"2020-04-29T21:00:34+00:00\",\"description\":\"Nuestras m\u00e1quinas Modelos de Mesa \\\"plug and play\\\" tienen toda la ingenier\u00eda de calidad y la construcci\u00f3n de nuestras m\u00e1quinas de vac\u00edo industrial.\",\"breadcrumb\":{\"@id\":\"https:\/\/turbovac.nl\/es\/maquinas-de-vacio\/modelos-de-mesa\/#breadcrumb\"},\"inLanguage\":\"es\",\"potentialAction\":[{\"@type\":\"ReadAction\",\"target\":[\"https:\/\/turbovac.nl\/es\/maquinas-de-vacio\/modelos-de-mesa\/\"]}]},{\"@type\":\"ImageObject\",\"inLanguage\":\"es\",\"@id\":\"https:\/\/turbovac.nl\/es\/maquinas-de-vacio\/modelos-de-mesa\/#primaryimage\",\"url\":\"https:\/\/turbovac.nl\/wp-content\/uploads\/2019\/10\/TT-zoom3940-1.jpg\",\"contentUrl\":\"https:\/\/turbovac.nl\/wp-content\/uploads\/2019\/10\/TT-zoom3940-1.jpg\",\"width\":1000,\"height\":1064,\"caption\":\"Tabletop detail Food processing industry\"},{\"@type\":\"BreadcrumbList\",\"@id\":\"https:\/\/turbovac.nl\/es\/maquinas-de-vacio\/modelos-de-mesa\/#breadcrumb\",\"itemListElement\":[{\"@type\":\"ListItem\",\"position\":1,\"name\":\"Home\",\"item\":\"https:\/\/turbovac.nl\/es\/\"},{\"@type\":\"ListItem\",\"position\":2,\"name\":\"M\u00e1quinas de vac\u00edo\",\"item\":\"https:\/\/turbovac.nl\/es\/maquinas-de-vacio\/\"},{\"@type\":\"ListItem\",\"position\":3,\"name\":\"Modelos de Mesa\"}]},{\"@type\":\"WebSite\",\"@id\":\"https:\/\/turbovac.nl\/#website\",\"url\":\"https:\/\/turbovac.nl\/\",\"name\":\"TURBOVAC\",\"description\":\"Vacuum Packaging Machines\",\"potentialAction\":[{\"@type\":\"SearchAction\",\"target\":{\"@type\":\"EntryPoint\",\"urlTemplate\":\"https:\/\/turbovac.nl\/?s={search_term_string}\"},\"query-input\":\"required name=search_term_string\"}],\"inLanguage\":\"es\"}]}<\/script>\n<!-- \/ Yoast SEO plugin. -->","yoast_head_json":{"title":"Modelos de Mesa Envasado al vac\u00edo | Turbovac - International","description":"Nuestras m\u00e1quinas Modelos de Mesa \"plug and play\" tienen toda la ingenier\u00eda de calidad y la construcci\u00f3n de nuestras m\u00e1quinas de vac\u00edo industrial.","robots":{"index":"index","follow":"follow","max-snippet":"max-snippet:-1","max-image-preview":"max-image-preview:large","max-video-preview":"max-video-preview:-1"},"canonical":"https:\/\/turbovac.nl\/es\/maquinas-de-vacio\/modelos-de-mesa\/","og_locale":"es_ES","og_type":"article","og_title":"Modelos de Mesa Envasado al vac\u00edo | Turbovac - International","og_description":"Nuestras m\u00e1quinas Modelos de Mesa \"plug and play\" tienen toda la ingenier\u00eda de calidad y la construcci\u00f3n de nuestras m\u00e1quinas de vac\u00edo industrial.","og_url":"https:\/\/turbovac.nl\/es\/maquinas-de-vacio\/modelos-de-mesa\/","og_site_name":"TURBOVAC","article_modified_time":"2020-04-29T21:00:34+00:00","og_image":[{"width":1000,"height":1064,"url":"https:\/\/turbovac.nl\/wp-content\/uploads\/2019\/10\/TT-zoom3940-1.jpg","type":"image\/jpeg"}],"twitter_card":"summary_large_image","twitter_misc":{"Tiempo de lectura":"6 minutos"},"schema":{"@context":"https:\/\/schema.org","@graph":[{"@type":"WebPage","@id":"https:\/\/turbovac.nl\/es\/maquinas-de-vacio\/modelos-de-mesa\/","url":"https:\/\/turbovac.nl\/es\/maquinas-de-vacio\/modelos-de-mesa\/","name":"Modelos de Mesa Envasado al vac\u00edo | Turbovac - International","isPartOf":{"@id":"https:\/\/turbovac.nl\/#website"},"primaryImageOfPage":{"@id":"https:\/\/turbovac.nl\/es\/maquinas-de-vacio\/modelos-de-mesa\/#primaryimage"},"image":{"@id":"https:\/\/turbovac.nl\/es\/maquinas-de-vacio\/modelos-de-mesa\/#primaryimage"},"thumbnailUrl":"https:\/\/turbovac.nl\/wp-content\/uploads\/2019\/10\/TT-zoom3940-1.jpg","datePublished":"2019-06-04T14:19:16+00:00","dateModified":"2020-04-29T21:00:34+00:00","description":"Nuestras m\u00e1quinas Modelos de Mesa \"plug and play\" tienen toda la ingenier\u00eda de calidad y la construcci\u00f3n de nuestras m\u00e1quinas de vac\u00edo industrial.","breadcrumb":{"@id":"https:\/\/turbovac.nl\/es\/maquinas-de-vacio\/modelos-de-mesa\/#breadcrumb"},"inLanguage":"es","potentialAction":[{"@type":"ReadAction","target":["https:\/\/turbovac.nl\/es\/maquinas-de-vacio\/modelos-de-mesa\/"]}]},{"@type":"ImageObject","inLanguage":"es","@id":"https:\/\/turbovac.nl\/es\/maquinas-de-vacio\/modelos-de-mesa\/#primaryimage","url":"https:\/\/turbovac.nl\/wp-content\/uploads\/2019\/10\/TT-zoom3940-1.jpg","contentUrl":"https:\/\/turbovac.nl\/wp-content\/uploads\/2019\/10\/TT-zoom3940-1.jpg","width":1000,"height":1064,"caption":"Tabletop detail Food processing industry"},{"@type":"BreadcrumbList","@id":"https:\/\/turbovac.nl\/es\/maquinas-de-vacio\/modelos-de-mesa\/#breadcrumb","itemListElement":[{"@type":"ListItem","position":1,"name":"Home","item":"https:\/\/turbovac.nl\/es\/"},{"@type":"ListItem","position":2,"name":"M\u00e1quinas de vac\u00edo","item":"https:\/\/turbovac.nl\/es\/maquinas-de-vacio\/"},{"@type":"ListItem","position":3,"name":"Modelos de Mesa"}]},{"@type":"WebSite","@id":"https:\/\/turbovac.nl\/#website","url":"https:\/\/turbovac.nl\/","name":"TURBOVAC","description":"Vacuum Packaging Machines","potentialAction":[{"@type":"SearchAction","target":{"@type":"EntryPoint","urlTemplate":"https:\/\/turbovac.nl\/?s={search_term_string}"},"query-input":"required name=search_term_string"}],"inLanguage":"es"}]}},"_links":{"self":[{"href":"https:\/\/turbovac.nl\/es\/wp-json\/wp\/v2\/pages\/9348","targetHints":{"allow":["GET"]}}],"collection":[{"href":"https:\/\/turbovac.nl\/es\/wp-json\/wp\/v2\/pages"}],"about":[{"href":"https:\/\/turbovac.nl\/es\/wp-json\/wp\/v2\/types\/page"}],"author":[{"embeddable":true,"href":"https:\/\/turbovac.nl\/es\/wp-json\/wp\/v2\/users\/6"}],"replies":[{"embeddable":true,"href":"https:\/\/turbovac.nl\/es\/wp-json\/wp\/v2\/comments?post=9348"}],"version-history":[{"count":6,"href":"https:\/\/turbovac.nl\/es\/wp-json\/wp\/v2\/pages\/9348\/revisions"}],"predecessor-version":[{"id":10384,"href":"https:\/\/turbovac.nl\/es\/wp-json\/wp\/v2\/pages\/9348\/revisions\/10384"}],"up":[{"embeddable":true,"href":"https:\/\/turbovac.nl\/es\/wp-json\/wp\/v2\/pages\/9768"}],"wp:featuredmedia":[{"embeddable":true,"href":"https:\/\/turbovac.nl\/es\/wp-json\/wp\/v2\/media\/3902"}],"wp:attachment":[{"href":"https:\/\/turbovac.nl\/es\/wp-json\/wp\/v2\/media?parent=9348"}],"curies":[{"name":"wp","href":"https:\/\/api.w.org\/{rel}","templated":true}]}}