{"id":9569,"date":"2019-10-24T13:32:23","date_gmt":"2019-10-24T12:32:23","guid":{"rendered":"https:\/\/turbovac.nl\/mobile-m10\/"},"modified":"2020-04-29T23:05:19","modified_gmt":"2020-04-29T22:05:19","slug":"movil-m10","status":"publish","type":"page","link":"https:\/\/turbovac.nl\/es\/maquinas-de-vacio\/rango-movil\/movil-m10\/","title":{"rendered":"M\u00f3vil M10"},"content":{"rendered":"<p>[vc_row type=\u00bbfull_width_background\u00bb bg_color=\u00bb#f3f5f4&#8243; full_width=\u00bb\u00bb parallax=\u00bb\u00bb parallax_image=\u00bb\u00bb][vc_column width=\u00bb1\/4&#8243;][vc_custom_heading text=\u00bbM\u00f3vil M10&#8243; font_container=\u00bbtag:h1|font_size:32|text_align:left\u00bb google_fonts=\u00bbfont_family:Roboto%3A100%2C100italic%2C300%2C300italic%2Cregular%2Citalic%2C500%2C500italic%2C700%2C700italic%2C900%2C900italic|font_style:700%20bold%20regular%3A700%3Anormal\u00bb][vc_empty_space][vc_column_text]<strong>Dimensiones de la m\u00e1quina:<\/strong><br \/>\n630 x 665 x 1020 mm<\/p>\n<p><strong>Longitud del sellado:<\/strong><br \/>\n420 mm<\/p>\n<p><strong>Capacidad de la bomba<\/strong><strong>:<\/strong><br \/>\n21 m\u00b3\/h<\/p>\n<p><strong>Peso aproximado:<\/strong><br \/>\n110 kg<\/p>\n<p><strong>Voltaje est\u00e1ndar:<\/strong><br \/>\n220 &#8211; 240 &#8211; 1 &#8211; 50 Hz<br \/>\n(Voltajes especiales a petici\u00f3n)[\/vc_column_text][vc_empty_space height=\u00bb5&#8243;][\/vc_column][vc_column width=\u00bb1\/2&#8243; css=\u00bb.vc_custom_1568117544972{margin-top: -30px !important;}\u00bb][vc_single_image image=\u00bb7518&#8243; img_size=\u00bblarge\u00bb alignment=\u00bbcenter\u00bb][vc_text_separator title=\u00bbC\u00c1MARA DE ACERO INOXIDABLE | CUBIERTA TRANSPARENTE\u00bb][vc_empty_space][vc_btn title=\u00bbESPECIFICACIONES T\u00c9CNICAS\u00bb style=\u00bbflat\u00bb shape=\u00bbsquare\u00bb color=\u00bbjuicy-pink\u00bb align=\u00bbcenter\u00bb i_align=\u00bbright\u00bb i_type=\u00bbopeniconic\u00bb i_icon_openiconic=\u00bbvc-oi vc-oi-down-circle\u00bb button_block=\u00bbtrue\u00bb add_icon=\u00bbtrue\u00bb link=\u00bburl:https%3A%2F%2Fturbovac.nl%2Fwp-content%2Fuploads%2F2020%2F04%2F190719-TV-Mobile-Range-M1-2-3-SP.pdf||target:%20_blank|\u00bb][vc_btn title=\u00bbDESCARGAR FOLLETO\u00bb style=\u00bbflat\u00bb shape=\u00bbsquare\u00bb align=\u00bbcenter\u00bb i_align=\u00bbright\u00bb i_type=\u00bbopeniconic\u00bb i_icon_openiconic=\u00bbvc-oi vc-oi-down-circle\u00bb button_block=\u00bbtrue\u00bb add_icon=\u00bbtrue\u00bb link=\u00bburl:https%3A%2F%2Fturbovac.nl%2Fwp-content%2Fuploads%2F2020%2F03%2F140519-TV-Corporate-Brochure-SP.pdf||target:%20_blank|\u00bb][\/vc_column][vc_column width=\u00bb1\/4&#8243; css=\u00bb.vc_custom_1568200366461{border-left-width: 1px !important;border-left-color: #d6d8d7 !important;border-left-style: solid !important;}\u00bb][vc_single_image image=\u00bb6023&#8243; img_size=\u00bb70&#215;70&#8243;][vc_column_text]<strong>Caracter\u00edsticas principales:<\/strong>[\/vc_column_text][list icon=\u00bbsteadysets-icon-star\u00bb][list_item title=\u00bbBomba de vac\u00edo Busch de alta calidad\u00bb][list_item title=\u00bbC\u00e1mara de vac\u00edo de estiramiento profundo\u00bb][list_item title=\u00bbConstrucci\u00f3n de f\u00e1cil mantenimiento\u00bb][list_item title=\u00bbConstrucci\u00f3n de barras de soldadura sin cables\u00bb][list_item title=\u00bbOpcional: Kit de inicio con consumibles (cinta de tefl\u00f3n, hilo de soldadura)\u00bb][\/list][vc_column_text]\n<div\n\tclass=\"yith-ywraq-add-to-quote add-to-quote-4215\" >\n\t\t<div class=\"yith-ywraq-add-button show\" style=\"display:block\"  data-product_id=\"4215\">\n\t\t\n<a href=\"#\" class=\"add-request-quote-button button\" data-product_id=\"4215\" data-wp_nonce=\"f0c7867faa\" >\n\t\t\t\tA\u00f1adir a la cita\t<\/a>\n\t<\/div>\n\t<div\n\t\tclass=\"yith_ywraq_add_item_product-response-4215 yith_ywraq_add_item_product_message hide hide-when-removed\"\n\t\tstyle=\"display:none\" data-product_id=\"4215\"><\/div>\n\t<div\n\t\tclass=\"yith_ywraq_add_item_response-4215 yith_ywraq_add_item_response_message hide hide-when-removed\"\n\t\tdata-product_id=\"4215\"\n\t\tstyle=\"display:none\">This product is in your quote list already.<\/div>\n\t<div\n\t\tclass=\"yith_ywraq_add_item_browse-list-4215 yith_ywraq_add_item_browse_message  hide hide-when-removed\"\n\t\tstyle=\"display:none\"\n\t\tdata-product_id=\"4215\"><a\n\t\t\thref=\"https:\/\/turbovac.nl\/wishlist\/\">Ver lista<\/a><\/div>\n\n<\/div>\n\n<div class=\"clear\"><\/div>\n[\/vc_column_text][\/vc_column][\/vc_row][vc_row type=\u00bbfull_width_content\u00bb bg_image=\u00bb4250&#8243; bg_position=\u00bbcenter center\u00bb parallax_bg=\u00bbtrue\u00bb top_padding=\u00bb140&#8243; bottom_padding=\u00bb140&#8243;][vc_column][\/vc_column][\/vc_row][vc_row type=\u00bbfull_width_background\u00bb class=\u00bbkolomOver\u00bb][vc_column width=\u00bb1\/3&#8243; el_class=\u00bbkolomOver\u00bb][services_medium title=\u00bbINDUSTRIA C\u00c1RNICA\u00bb style=\u00bbstyle_3&#8243; icon=\u00bbsteadysets-icon-bones\u00bb icon_color=\u00bb#d20037&#8243; border_color=\u00bb#d20037&#8243; dynamic_content_link=\u00bbhttps:\/\/turbovac.nl\/es\/markets\/industria-de-procesamiento-de-carne\/\u00bb]Envases de alta calidad para mejorar sus clientes.[\/services_medium][\/vc_column][vc_column width=\u00bb1\/3&#8243; el_class=\u00bbkolomOver\u00bb][services_medium title=\u00bbPROCESAMIENTO DE ALIMENTOS\u00bb style=\u00bbstyle_3&#8243; icon=\u00bblinecon-icon-food\u00bb icon_color=\u00bb#d20037&#8243; border_color=\u00bb#d20037&#8243; dynamic_content_link=\u00bbhttps:\/\/turbovac.nl\/es\/markets\/industria-de-procesamiento-de-alimentos\/\u00bb]Optimizaci\u00f3n y flexibilidad en todo tipo de procesamiento de alimentos.[\/services_medium][\/vc_column][vc_column width=\u00bb1\/3&#8243; el_class=\u00bbkolomOver\u00bb][services_medium title=\u00bbINDUSTRIA NO ALIMENTARIA\u00bb style=\u00bbstyle_3&#8243; icon=\u00bbsteadysets-icon-lab\u00bb icon_color=\u00bb#d20037&#8243; border_color=\u00bb#d20037&#8243; dynamic_content_link=\u00bbhttps:\/\/turbovac.nl\/es\/markets\/industria-no-alimentaria\/\u00bb]Protecci\u00f3n \u00f3ptima contra la suciedad, el polvo y la humedad.[\/services_medium][\/vc_column][\/vc_row][vc_row type=\u00bbfull_width_content\u00bb][vc_column background_color=\u00bb#75001f\u00bb][vc_empty_space][vc_custom_heading text=\u00bbCAPTURE QUALITY\u00bb font_container=\u00bbtag:h2|font_size:35|text_align:center|color:%23ffffff|line_height:1.25&#8243; use_theme_fonts=\u00bbyes\u00bb][vc_empty_space][\/vc_column][\/vc_row]<\/p>\n","protected":false},"excerpt":{"rendered":"<p>[vc_row type=\u00bbfull_width_background\u00bb bg_color=\u00bb#f3f5f4&#8243; full_width=\u00bb\u00bb parallax=\u00bb\u00bb parallax_image=\u00bb\u00bb][vc_column width=\u00bb1\/4&#8243;][vc_custom_heading text=\u00bbM\u00f3vil M10&#8243; font_container=\u00bbtag:h1|font_size:32|text_align:left\u00bb google_fonts=\u00bbfont_family:Roboto%3A100%2C100italic%2C300%2C300italic%2Cregular%2Citalic%2C500%2C500italic%2C700%2C700italic%2C900%2C900italic|font_style:700%20bold%20regular%3A700%3Anormal\u00bb][vc_empty_space][vc_column_text]Dimensiones de la m\u00e1quina: 630 x 665 x 1020 mm Longitud del sellado: 420 mm Capacidad de la bomba: 21 m\u00b3\/h Peso aproximado: 110 kg Voltaje est\u00e1ndar: 220 &#8211; 240 &#8211; 1 &#8211; 50 Hz (Voltajes especiales a petici\u00f3n)[\/vc_column_text][vc_empty_space height=\u00bb5&#8243;][\/vc_column][vc_column width=\u00bb1\/2&#8243; css=\u00bb.vc_custom_1568117544972{margin-top: -30px !important;}\u00bb][vc_single_image image=\u00bb7518&#8243; [&hellip;]<\/p>\n","protected":false},"author":6,"featured_media":3902,"parent":9664,"menu_order":0,"comment_status":"closed","ping_status":"closed","template":"","meta":{"_monsterinsights_skip_tracking":false,"_monsterinsights_sitenote_active":false,"_monsterinsights_sitenote_note":"","_monsterinsights_sitenote_category":0,"footnotes":""},"class_list":["post-9569","page","type-page","status-publish","has-post-thumbnail","hentry"],"yoast_head":"<!-- This site is optimized with the Yoast SEO plugin v22.7 - https:\/\/yoast.com\/wordpress\/plugins\/seo\/ -->\n<title>M\u00f3vil M10 M\u00e1quina de vac\u00edo | Turbovac - 1st choice for professionals<\/title>\n<meta name=\"description\" content=\"Turbovac M\u00f3vil M10 satisface las necesidades de envasado al vac\u00edo de la elaboraci\u00f3n y preparaci\u00f3n de alimentos de tama\u00f1o peque\u00f1o y mediano\" \/>\n<meta name=\"robots\" content=\"index, follow, max-snippet:-1, max-image-preview:large, max-video-preview:-1\" \/>\n<link rel=\"canonical\" href=\"https:\/\/turbovac.nl\/es\/maquinas-de-vacio\/rango-movil\/movil-m10\/\" \/>\n<meta property=\"og:locale\" content=\"es_ES\" \/>\n<meta property=\"og:type\" content=\"article\" \/>\n<meta property=\"og:title\" content=\"M\u00f3vil M10 M\u00e1quina de vac\u00edo | Turbovac - 1st choice for professionals\" \/>\n<meta property=\"og:description\" content=\"Turbovac M\u00f3vil M10 satisface las necesidades de envasado al vac\u00edo de la elaboraci\u00f3n y preparaci\u00f3n de alimentos de tama\u00f1o peque\u00f1o y mediano\" \/>\n<meta property=\"og:url\" content=\"https:\/\/turbovac.nl\/es\/maquinas-de-vacio\/rango-movil\/movil-m10\/\" \/>\n<meta property=\"og:site_name\" content=\"TURBOVAC\" \/>\n<meta property=\"article:modified_time\" content=\"2020-04-29T22:05:19+00:00\" \/>\n<meta property=\"og:image\" content=\"https:\/\/turbovac.nl\/wp-content\/uploads\/2019\/10\/TT-zoom3940-1.jpg\" \/>\n\t<meta property=\"og:image:width\" content=\"1000\" \/>\n\t<meta property=\"og:image:height\" content=\"1064\" \/>\n\t<meta property=\"og:image:type\" content=\"image\/jpeg\" \/>\n<meta name=\"twitter:card\" content=\"summary_large_image\" \/>\n<meta name=\"twitter:label1\" content=\"Tiempo de lectura\" \/>\n\t<meta name=\"twitter:data1\" content=\"3 minutos\" \/>\n<script type=\"application\/ld+json\" class=\"yoast-schema-graph\">{\"@context\":\"https:\/\/schema.org\",\"@graph\":[{\"@type\":\"WebPage\",\"@id\":\"https:\/\/turbovac.nl\/es\/maquinas-de-vacio\/rango-movil\/movil-m10\/\",\"url\":\"https:\/\/turbovac.nl\/es\/maquinas-de-vacio\/rango-movil\/movil-m10\/\",\"name\":\"M\u00f3vil M10 M\u00e1quina de vac\u00edo | Turbovac - 1st choice for professionals\",\"isPartOf\":{\"@id\":\"https:\/\/turbovac.nl\/#website\"},\"primaryImageOfPage\":{\"@id\":\"https:\/\/turbovac.nl\/es\/maquinas-de-vacio\/rango-movil\/movil-m10\/#primaryimage\"},\"image\":{\"@id\":\"https:\/\/turbovac.nl\/es\/maquinas-de-vacio\/rango-movil\/movil-m10\/#primaryimage\"},\"thumbnailUrl\":\"https:\/\/turbovac.nl\/wp-content\/uploads\/2019\/10\/TT-zoom3940-1.jpg\",\"datePublished\":\"2019-10-24T12:32:23+00:00\",\"dateModified\":\"2020-04-29T22:05:19+00:00\",\"description\":\"Turbovac M\u00f3vil M10 satisface las necesidades de envasado al vac\u00edo de la elaboraci\u00f3n y preparaci\u00f3n de alimentos de tama\u00f1o peque\u00f1o y mediano\",\"breadcrumb\":{\"@id\":\"https:\/\/turbovac.nl\/es\/maquinas-de-vacio\/rango-movil\/movil-m10\/#breadcrumb\"},\"inLanguage\":\"es\",\"potentialAction\":[{\"@type\":\"ReadAction\",\"target\":[\"https:\/\/turbovac.nl\/es\/maquinas-de-vacio\/rango-movil\/movil-m10\/\"]}]},{\"@type\":\"ImageObject\",\"inLanguage\":\"es\",\"@id\":\"https:\/\/turbovac.nl\/es\/maquinas-de-vacio\/rango-movil\/movil-m10\/#primaryimage\",\"url\":\"https:\/\/turbovac.nl\/wp-content\/uploads\/2019\/10\/TT-zoom3940-1.jpg\",\"contentUrl\":\"https:\/\/turbovac.nl\/wp-content\/uploads\/2019\/10\/TT-zoom3940-1.jpg\",\"width\":1000,\"height\":1064,\"caption\":\"Tabletop detail Food processing industry\"},{\"@type\":\"BreadcrumbList\",\"@id\":\"https:\/\/turbovac.nl\/es\/maquinas-de-vacio\/rango-movil\/movil-m10\/#breadcrumb\",\"itemListElement\":[{\"@type\":\"ListItem\",\"position\":1,\"name\":\"Home\",\"item\":\"https:\/\/turbovac.nl\/es\/\"},{\"@type\":\"ListItem\",\"position\":2,\"name\":\"M\u00e1quinas de vac\u00edo\",\"item\":\"https:\/\/turbovac.nl\/es\/maquinas-de-vacio\/\"},{\"@type\":\"ListItem\",\"position\":3,\"name\":\"Rango m\u00f3vil\",\"item\":\"https:\/\/turbovac.nl\/es\/maquinas-de-vacio\/rango-movil\/\"},{\"@type\":\"ListItem\",\"position\":4,\"name\":\"M\u00f3vil M10\"}]},{\"@type\":\"WebSite\",\"@id\":\"https:\/\/turbovac.nl\/#website\",\"url\":\"https:\/\/turbovac.nl\/\",\"name\":\"TURBOVAC\",\"description\":\"Vacuum Packaging Machines\",\"potentialAction\":[{\"@type\":\"SearchAction\",\"target\":{\"@type\":\"EntryPoint\",\"urlTemplate\":\"https:\/\/turbovac.nl\/?s={search_term_string}\"},\"query-input\":\"required name=search_term_string\"}],\"inLanguage\":\"es\"}]}<\/script>\n<!-- \/ Yoast SEO plugin. -->","yoast_head_json":{"title":"M\u00f3vil M10 M\u00e1quina de vac\u00edo | Turbovac - 1st choice for professionals","description":"Turbovac M\u00f3vil M10 satisface las necesidades de envasado al vac\u00edo de la elaboraci\u00f3n y preparaci\u00f3n de alimentos de tama\u00f1o peque\u00f1o y mediano","robots":{"index":"index","follow":"follow","max-snippet":"max-snippet:-1","max-image-preview":"max-image-preview:large","max-video-preview":"max-video-preview:-1"},"canonical":"https:\/\/turbovac.nl\/es\/maquinas-de-vacio\/rango-movil\/movil-m10\/","og_locale":"es_ES","og_type":"article","og_title":"M\u00f3vil M10 M\u00e1quina de vac\u00edo | Turbovac - 1st choice for professionals","og_description":"Turbovac M\u00f3vil M10 satisface las necesidades de envasado al vac\u00edo de la elaboraci\u00f3n y preparaci\u00f3n de alimentos de tama\u00f1o peque\u00f1o y mediano","og_url":"https:\/\/turbovac.nl\/es\/maquinas-de-vacio\/rango-movil\/movil-m10\/","og_site_name":"TURBOVAC","article_modified_time":"2020-04-29T22:05:19+00:00","og_image":[{"width":1000,"height":1064,"url":"https:\/\/turbovac.nl\/wp-content\/uploads\/2019\/10\/TT-zoom3940-1.jpg","type":"image\/jpeg"}],"twitter_card":"summary_large_image","twitter_misc":{"Tiempo de lectura":"3 minutos"},"schema":{"@context":"https:\/\/schema.org","@graph":[{"@type":"WebPage","@id":"https:\/\/turbovac.nl\/es\/maquinas-de-vacio\/rango-movil\/movil-m10\/","url":"https:\/\/turbovac.nl\/es\/maquinas-de-vacio\/rango-movil\/movil-m10\/","name":"M\u00f3vil M10 M\u00e1quina de vac\u00edo | Turbovac - 1st choice for professionals","isPartOf":{"@id":"https:\/\/turbovac.nl\/#website"},"primaryImageOfPage":{"@id":"https:\/\/turbovac.nl\/es\/maquinas-de-vacio\/rango-movil\/movil-m10\/#primaryimage"},"image":{"@id":"https:\/\/turbovac.nl\/es\/maquinas-de-vacio\/rango-movil\/movil-m10\/#primaryimage"},"thumbnailUrl":"https:\/\/turbovac.nl\/wp-content\/uploads\/2019\/10\/TT-zoom3940-1.jpg","datePublished":"2019-10-24T12:32:23+00:00","dateModified":"2020-04-29T22:05:19+00:00","description":"Turbovac M\u00f3vil M10 satisface las necesidades de envasado al vac\u00edo de la elaboraci\u00f3n y preparaci\u00f3n de alimentos de tama\u00f1o peque\u00f1o y mediano","breadcrumb":{"@id":"https:\/\/turbovac.nl\/es\/maquinas-de-vacio\/rango-movil\/movil-m10\/#breadcrumb"},"inLanguage":"es","potentialAction":[{"@type":"ReadAction","target":["https:\/\/turbovac.nl\/es\/maquinas-de-vacio\/rango-movil\/movil-m10\/"]}]},{"@type":"ImageObject","inLanguage":"es","@id":"https:\/\/turbovac.nl\/es\/maquinas-de-vacio\/rango-movil\/movil-m10\/#primaryimage","url":"https:\/\/turbovac.nl\/wp-content\/uploads\/2019\/10\/TT-zoom3940-1.jpg","contentUrl":"https:\/\/turbovac.nl\/wp-content\/uploads\/2019\/10\/TT-zoom3940-1.jpg","width":1000,"height":1064,"caption":"Tabletop detail Food processing industry"},{"@type":"BreadcrumbList","@id":"https:\/\/turbovac.nl\/es\/maquinas-de-vacio\/rango-movil\/movil-m10\/#breadcrumb","itemListElement":[{"@type":"ListItem","position":1,"name":"Home","item":"https:\/\/turbovac.nl\/es\/"},{"@type":"ListItem","position":2,"name":"M\u00e1quinas de vac\u00edo","item":"https:\/\/turbovac.nl\/es\/maquinas-de-vacio\/"},{"@type":"ListItem","position":3,"name":"Rango m\u00f3vil","item":"https:\/\/turbovac.nl\/es\/maquinas-de-vacio\/rango-movil\/"},{"@type":"ListItem","position":4,"name":"M\u00f3vil M10"}]},{"@type":"WebSite","@id":"https:\/\/turbovac.nl\/#website","url":"https:\/\/turbovac.nl\/","name":"TURBOVAC","description":"Vacuum Packaging Machines","potentialAction":[{"@type":"SearchAction","target":{"@type":"EntryPoint","urlTemplate":"https:\/\/turbovac.nl\/?s={search_term_string}"},"query-input":"required name=search_term_string"}],"inLanguage":"es"}]}},"_links":{"self":[{"href":"https:\/\/turbovac.nl\/es\/wp-json\/wp\/v2\/pages\/9569","targetHints":{"allow":["GET"]}}],"collection":[{"href":"https:\/\/turbovac.nl\/es\/wp-json\/wp\/v2\/pages"}],"about":[{"href":"https:\/\/turbovac.nl\/es\/wp-json\/wp\/v2\/types\/page"}],"author":[{"embeddable":true,"href":"https:\/\/turbovac.nl\/es\/wp-json\/wp\/v2\/users\/6"}],"replies":[{"embeddable":true,"href":"https:\/\/turbovac.nl\/es\/wp-json\/wp\/v2\/comments?post=9569"}],"version-history":[{"count":5,"href":"https:\/\/turbovac.nl\/es\/wp-json\/wp\/v2\/pages\/9569\/revisions"}],"predecessor-version":[{"id":10431,"href":"https:\/\/turbovac.nl\/es\/wp-json\/wp\/v2\/pages\/9569\/revisions\/10431"}],"up":[{"embeddable":true,"href":"https:\/\/turbovac.nl\/es\/wp-json\/wp\/v2\/pages\/9664"}],"wp:featuredmedia":[{"embeddable":true,"href":"https:\/\/turbovac.nl\/es\/wp-json\/wp\/v2\/media\/3902"}],"wp:attachment":[{"href":"https:\/\/turbovac.nl\/es\/wp-json\/wp\/v2\/media?parent=9569"}],"curies":[{"name":"wp","href":"https:\/\/api.w.org\/{rel}","templated":true}]}}