{"id":9664,"date":"2019-10-21T17:53:41","date_gmt":"2019-10-21T16:53:41","guid":{"rendered":"https:\/\/turbovac.nl\/mobile-range\/"},"modified":"2020-04-27T13:39:07","modified_gmt":"2020-04-27T12:39:07","slug":"rango-movil","status":"publish","type":"page","link":"https:\/\/turbovac.nl\/es\/maquinas-de-vacio\/rango-movil\/","title":{"rendered":"Rango m\u00f3vil"},"content":{"rendered":"<p>[vc_row type=\u00bbfull_width_background\u00bb bg_color=\u00bb#f9f9f9&#8243;][vc_column][vc_row_inner][vc_column_inner width=\u00bb1\/6&#8243;][\/vc_column_inner][vc_column_inner width=\u00bb2\/3&#8243;][vc_custom_heading text=\u00bbM\u00e1quinas de pie de alta calidad\u00bb font_container=\u00bbtag:h2|font_size:16|text_align:center|color:%236b6b6b|line_height:1.2&#8243; use_theme_fonts=\u00bbyes\u00bb][vc_empty_space height=\u00bb20&#8243;][vc_custom_heading text=\u00bbRANGO M\u00d3VIL DE TURBOVAC\u00bb font_container=\u00bbtag:h1|font_size:40|text_align:center|color:%23494949&#8243; use_theme_fonts=\u00bbyes\u00bb][vc_empty_space height=\u00bb20&#8243;][\/vc_column_inner][vc_column_inner width=\u00bb1\/6&#8243;][\/vc_column_inner][\/vc_row_inner][vc_column_text]<\/p>\n<p style=\"text-align: center;\">Profesionales de 80 pa\u00edses de todo el mundo eligen a Turbovac como su fuente n\u00famero 1 de m\u00e1quinas envasadoras de vac\u00edo m\u00f3viles. Turbovac ofrece una completa l\u00ednea de productos que satisface las necesidades de empaque al vac\u00edo de empresas peque\u00f1as y medianas de procesamiento y preparaci\u00f3n de alimentos en muchas industrias.<\/p>\n<p>[\/vc_column_text][vc_empty_space height=\u00bb35px\u00bb][vc_text_separator title=\u00bbC\u00c1MARA DE ACERO INOXIDABLE | CUBIERTA TRANSPARENTE\u00bb][vc_row_inner el_class=\u00bbkolomOver\u00bb][vc_column_inner width=\u00bb1\/3&#8243; background_color=\u00bb#ffffff\u00bb el_class=\u00bbkolomOver\u00bb][vc_single_image image=\u00bb7518&#8243; img_size=\u00bbfull\u00bb alignment=\u00bbcenter\u00bb onclick=\u00bbcustom_link\u00bb link=\u00bbhttps:\/\/turbovac.nl\/es\/rango-movil\/movil-m10\/\u00bb][vc_custom_heading text=\u00bbM\u00d3VIL M10&#8243; font_container=\u00bbtag:h2|font_size:24|text_align:center|line_height:1&#8243; use_theme_fonts=\u00bbyes\u00bb link=\u00bb|||\u00bb][vc_column_text]<\/p>\n<p style=\"text-align: center;\">longitud de sellado<br \/>\n420 mm<\/p>\n<p>[\/vc_column_text][\/vc_column_inner][vc_column_inner width=\u00bb1\/3&#8243; el_class=\u00bbkolomOver\u00bb][vc_single_image image=\u00bb7448&#8243; img_size=\u00bbfull\u00bb alignment=\u00bbcenter\u00bb onclick=\u00bbcustom_link\u00bb link=\u00bbhttps:\/\/turbovac.nl\/es\/rango-movil\/movil-m20\/\u00bb][vc_custom_heading text=\u00bbM\u00d3VIL M20&#8243; font_container=\u00bbtag:h2|font_size:24|text_align:center|line_height:1&#8243; use_theme_fonts=\u00bbyes\u00bb][vc_column_text]<\/p>\n<p style=\"text-align: center;\">longitud de sellado<br \/>\n500 mm<\/p>\n<p>[\/vc_column_text][\/vc_column_inner][vc_column_inner width=\u00bb1\/3&#8243; el_class=\u00bbkolomOver\u00bb][vc_single_image image=\u00bb7453&#8243; img_size=\u00bbfull\u00bb alignment=\u00bbcenter\u00bb onclick=\u00bbcustom_link\u00bb link=\u00bbhttps:\/\/turbovac.nl\/es\/rango-movil\/movil-m30\/\u00bb][vc_custom_heading text=\u00bbM\u00d3VIL M30&#8243; font_container=\u00bbtag:h2|font_size:24|text_align:center|line_height:1&#8243; use_theme_fonts=\u00bbyes\u00bb][vc_column_text]<\/p>\n<p style=\"text-align: center;\">longitud de sellado<br \/>\n840 mm &#8211; 880 mm<\/p>\n<p>[\/vc_column_text][\/vc_column_inner][\/vc_row_inner][vc_empty_space height=\u00bb35px\u00bb][vc_text_separator title=\u00bbTAPA EN ACERO INOX | SUPERFICIE PLANA DE TRABAJO\u00bb][vc_row_inner el_class=\u00bbkolomOver\u00bb][vc_column_inner width=\u00bb1\/3&#8243; background_color=\u00bb#ffffff\u00bb el_class=\u00bbkolomOver\u00bb][vc_single_image image=\u00bb7458&#8243; img_size=\u00bbfull\u00bb alignment=\u00bbcenter\u00bb onclick=\u00bbcustom_link\u00bb link=\u00bbhttps:\/\/turbovac.nl\/es\/rango-movil\/movil-m40\/\u00bb][vc_custom_heading text=\u00bbM\u00d3VIL M40&#8243; font_container=\u00bbtag:h2|font_size:24|text_align:center|line_height:1&#8243; use_theme_fonts=\u00bbyes\u00bb link=\u00bb|||\u00bb][vc_column_text]<\/p>\n<p style=\"text-align: center;\">longitud de sellado<br \/>\n620 mm &#8211; 545 mm<\/p>\n<p>[\/vc_column_text][\/vc_column_inner][vc_column_inner width=\u00bb1\/3&#8243; el_class=\u00bbkolomOver\u00bb][vc_single_image image=\u00bb7463&#8243; img_size=\u00bbfull\u00bb alignment=\u00bbcenter\u00bb onclick=\u00bbcustom_link\u00bb link=\u00bbhttps:\/\/turbovac.nl\/es\/rango-movil\/movil-m50\/\u00bb][vc_custom_heading text=\u00bbM\u00d3VIL M50&#8243; font_container=\u00bbtag:h2|font_size:24|text_align:center|line_height:1&#8243; use_theme_fonts=\u00bbyes\u00bb][vc_column_text]<\/p>\n<p style=\"text-align: center;\">longitud de sellado<br \/>\n745 mm &#8211; 805 mm &#8211; 820 mm<\/p>\n<p>[\/vc_column_text][\/vc_column_inner][vc_column_inner width=\u00bb1\/3&#8243; el_class=\u00bbkolomOver\u00bb][vc_single_image image=\u00bb7468&#8243; img_size=\u00bbfull\u00bb alignment=\u00bbcenter\u00bb onclick=\u00bbcustom_link\u00bb link=\u00bbhttps:\/\/turbovac.nl\/es\/rango-movil\/movil-m60\/\u00bb][vc_custom_heading text=\u00bbM\u00d3VIL M60&#8243; font_container=\u00bbtag:h2|font_size:24|text_align:center|line_height:1&#8243; use_theme_fonts=\u00bbyes\u00bb][vc_column_text]<\/p>\n<p style=\"text-align: center;\">longitud de sellado<br \/>\n945 mm &#8211; 1005 mm &#8211; 1020 mm<\/p>\n<p>[\/vc_column_text][\/vc_column_inner][\/vc_row_inner][vc_empty_space height=\u00bb35px\u00bb][vc_text_separator title=\u00bbTAPA | C\u00c1MARA EN ALUMINIO\u00bb][vc_row_inner el_class=\u00bbkolomOver\u00bb][vc_column_inner width=\u00bb1\/3&#8243; background_color=\u00bb#ffffff\u00bb el_class=\u00bbkolomOver\u00bb][vc_single_image image=\u00bb7473&#8243; img_size=\u00bbfull\u00bb alignment=\u00bbcenter\u00bb onclick=\u00bbcustom_link\u00bb link=\u00bbhttps:\/\/turbovac.nl\/es\/rango-movil\/movil-m70\/\u00bb][vc_custom_heading text=\u00bbM\u00d3VIL M70&#8243; font_container=\u00bbtag:h2|font_size:24|text_align:center|line_height:1&#8243; use_theme_fonts=\u00bbyes\u00bb link=\u00bb|||\u00bb][vc_column_text]<\/p>\n<p style=\"text-align: center;\">longitud de sellado<br \/>\n500 mm<\/p>\n<p>[\/vc_column_text][\/vc_column_inner][vc_column_inner width=\u00bb1\/3&#8243; el_class=\u00bbkolomOver\u00bb][vc_single_image image=\u00bb7478&#8243; img_size=\u00bbfull\u00bb alignment=\u00bbcenter\u00bb onclick=\u00bbcustom_link\u00bb link=\u00bbhttps:\/\/turbovac.nl\/es\/rango-movil\/movil-m80\/\u00bb][vc_custom_heading text=\u00bbM\u00d3VIL M80&#8243; font_container=\u00bbtag:h2|font_size:24|text_align:center|line_height:1&#8243; use_theme_fonts=\u00bbyes\u00bb][vc_column_text]<\/p>\n<p style=\"text-align: center;\">longitud de sellado<br \/>\n690 mm &#8211; 770 mm &#8211; 795 mm<\/p>\n<p>[\/vc_column_text][\/vc_column_inner][vc_column_inner width=\u00bb1\/3&#8243; el_class=\u00bbkolomOver\u00bb][\/vc_column_inner][\/vc_row_inner][\/vc_column][\/vc_row][vc_row full_width=\u00bb\u00bb parallax=\u00bb\u00bb parallax_image=\u00bb\u00bb][vc_column width=\u00bb1\/2&#8243;][vc_empty_space][vc_custom_heading text=\u00bbBeneficios del m\u00f3vil\u00bb font_container=\u00bbtag:h4|font_size:18|text_align:left|color:%23a5a5a5&#8243; use_theme_fonts=\u00bbyes\u00bb][vc_empty_space][vc_custom_heading text=\u00bbLa primera opci\u00f3n para carnicer\u00edas, restaurantes, cocinas de hoteles, hospitales, proveedores y la industria de procesamiento de alimentos.\u00bb font_container=\u00bbtag:h2|font_size:22|text_align:left\u00bb google_fonts=\u00bbfont_family:Raleway%3A100%2C200%2C300%2Cregular%2C500%2C600%2C700%2C800%2C900|font_style:700%20bold%20regular%3A700%3Anormal\u00bb][vc_empty_space height=\u00bb15&#8243;][vc_column_text]Descubra nuestras tres gamas de productos: la gama industrial vers\u00e1til, la gama de acero inoxidable y la gama de aluminio.[\/vc_column_text][list icon=\u00bbsteadysets-icon-star\u00bb][list_item title=\u00bbEst\u00e1ndar de 1 a 10 programas\u00bb][list_item title=\u00bbSensor \/ H2O\u00bb][list_item title=\u00bbOpciones: Soft Air, mejora de la bomba y sellado Trenn (Pre-cortado)\u00bb][\/list][vc_empty_space][\/vc_column][vc_column width=\u00bb1\/2&#8243; css=\u00bb.vc_custom_1568117544972{margin-top: -30px !important;}\u00bb][vc_empty_space][vc_single_image image=\u00bb7524&#8243; img_size=\u00bblarge\u00bb alignment=\u00bbcenter\u00bb][\/vc_column][\/vc_row][vc_row][vc_column][vc_text_separator title=\u00bbVideos de instrucci\u00f3n m\u00f3viles\u00bb][vc_empty_space][vc_row_inner][vc_column_inner width=\u00bb1\/4&#8243;][\/vc_column_inner][vc_column_inner width=\u00bb1\/2&#8243;][vc_video link=\u00bbhttps:\/\/youtu.be\/HcjDE5bzQT8&#8243; align=\u00bbcenter\u00bb][vc_column_text]<\/p>\n<p style=\"text-align: left;\">Cubierta Turbovac Instrucciones de llenado M40 M50 M60 L10 L30 L40<\/p>\n<p>[\/vc_column_text][\/vc_column_inner][vc_column_inner width=\u00bb1\/4&#8243;][\/vc_column_inner][\/vc_row_inner][\/vc_column][\/vc_row][vc_row full_width=\u00bb\u00bb parallax=\u00bb\u00bb parallax_image=\u00bb\u00bb][vc_column width=\u00bb1\/3&#8243; css=\u00bb.vc_custom_1568118419395{border-top-width: 1px !important;border-top-color: #d1d1d1 !important;border-top-style: solid !important;}\u00bb][vc_empty_space][vc_custom_heading text=\u00bbCertificado CE y ETL\u00bb font_container=\u00bbtag:h2|font_size:22|text_align:left\u00bb use_theme_fonts=\u00bbyes\u00bb][vc_empty_space height=\u00bb15&#8243;][vc_column_text]<\/p>\n<div class=\"col-lg-4\">\n<div class=\"media\">\n<div class=\"media__content\">\n<div class=\"col-lg-4\">\n<div class=\"media\">\n<div class=\"media__content\">\n<p>El equipo Turbovac est\u00e1 certificado por ETL y cumple con las normas UL, NSF y CE.<\/p>\n<\/div>\n<\/div>\n<\/div>\n<div class=\"col-lg-4\">\n<div class=\"media\">\n<div class=\"media__icon\"><\/div>\n<\/div>\n<\/div>\n<\/div>\n<\/div>\n<\/div>\n<p>[\/vc_column_text][\/vc_column][vc_column width=\u00bb1\/3&#8243; css=\u00bb.vc_custom_1568118428707{border-top-width: 1px !important;border-top-color: #d8d8d8 !important;border-top-style: solid !important;}\u00bb][vc_empty_space][vc_custom_heading text=\u00bbBomba Busch\u00bb font_container=\u00bbtag:h2|font_size:22|text_align:left|color:%234c4c4c\u00bb use_theme_fonts=\u00bbyes\u00bb][vc_empty_space height=\u00bb15&#8243;][vc_column_text]<\/p>\n<div class=\"col-lg-4\">\n<div class=\"media\">\n<div class=\"media__content\">\n<p class=\"media__text\">Todas las m\u00e1quinas de Turbovac est\u00e1n equipadas con una bomba de vac\u00edo Busch<\/p>\n<\/div>\n<\/div>\n<\/div>\n<p>[\/vc_column_text][\/vc_column][vc_column width=\u00bb1\/3&#8243; css=\u00bb.vc_custom_1568118438842{border-top-width: 1px !important;border-top-color: #dddddd !important;border-top-style: solid !important;}\u00bb][vc_empty_space][vc_custom_heading text=\u00bbOpciones\u00bb font_container=\u00bbtag:h2|font_size:22|text_align:left|color:%234c4c4c\u00bb use_theme_fonts=\u00bbyes\u00bb][vc_empty_space height=\u00bb15&#8243;][vc_column_text]<\/p>\n<div class=\"col-lg-4\">\n<div class=\"media\">\n<div class=\"media__content\">\n<p class=\"media__text\">Todas las m\u00e1quinas de Turbovac est\u00e1n disponibles con varias opciones<\/p>\n<\/div>\n<\/div>\n<\/div>\n<p>[\/vc_column_text][\/vc_column][\/vc_row][vc_row type=\u00bbfull_width_background\u00bb bg_color=\u00bb#b20000&#8243; text_color=\u00bblight\u00bb top_padding=\u00bb35&#8243; bottom_padding=\u00bb35&#8243;][vc_column][textbar button_title=\u00bbCONTACTE CON NUESTRO ESPECIALISTA\u00bb button_link=\u00bbhttps:\/\/turbovac.nl\/es\/formulario-de-contacto\/\u00bb icon=\u00bbsteadysets-icon-type\u00bb]<\/p>\n<p style=\"text-align: left;\">\u00bfTiene alguna pregunta sobre nuestro alcance m\u00f3vil?<\/p>\n<p>[\/textbar][\/vc_column][\/vc_row][vc_row type=\u00bbfull_width_content\u00bb bg_image=\u00bb2610&#8243; bg_color=\u00bb#6d6d6d\u00bb top_padding=\u00bb0&#8243;][vc_column width=\u00bb1\/2&#8243; centered_cont=\u00bbtrue\u00bb background_image=\u00bb4207&#8243;][vc_column_text]<br \/>\n[\/vc_column_text][\/vc_column][vc_column width=\u00bb1\/2&#8243; column_padding=\u00bb4%\u00bb css=\u00bb.vc_custom_1581958965126{background-color: #333333 !important;}\u00bb][vc_empty_space height=\u00bb200&#8243;][vc_custom_heading text=\u00bb\u00abLa calidad es importante para m\u00ed. Por eso elegimos la m\u00e1quina de vac\u00edo Turbovac m\u00f3vil\u00ab\u00bb font_container=\u00bbtag:h2|font_size:40|text_align:left|color:%23ffffff|line_height:1.2&#8243; google_fonts=\u00bbfont_family:Merriweather%3A300%2C300italic%2Cregular%2Citalic%2C700%2C700italic%2C900%2C900italic|font_style:300%20light%20italic%3A300%3Aitalic\u00bb][vc_empty_space height=\u00bb200&#8243;][\/vc_column][\/vc_row][vc_row type=\u00bbfull_width_background\u00bb class=\u00bbkolomOver\u00bb][vc_column width=\u00bb1\/3&#8243; el_class=\u00bbkolomOver\u00bb][services_medium title=\u00bbINDUSTRIA C\u00c1RNICA\u00bb style=\u00bbstyle_3&#8243; icon=\u00bbsteadysets-icon-bones\u00bb icon_color=\u00bb#d20037&#8243; border_color=\u00bb#d20037&#8243; dynamic_content_link=\u00bbhttps:\/\/turbovac.nl\/es\/markets\/industria-de-procesamiento-de-carne\/\u00bb]Envases de alta calidad para mejorar sus clientes.[\/services_medium][\/vc_column][vc_column width=\u00bb1\/3&#8243; el_class=\u00bbkolomOver\u00bb][services_medium title=\u00bbPROCESAMIENTO DE ALIMENTOS\u00bb style=\u00bbstyle_3&#8243; icon=\u00bblinecon-icon-food\u00bb icon_color=\u00bb#d20037&#8243; border_color=\u00bb#d20037&#8243; dynamic_content_link=\u00bbhttps:\/\/turbovac.nl\/es\/markets\/industria-de-procesamiento-de-alimentos\/\u00bb]Optimizaci\u00f3n y flexibilidad en todo tipo de procesamiento de alimentos.[\/services_medium][\/vc_column][vc_column width=\u00bb1\/3&#8243; el_class=\u00bbkolomOver\u00bb][services_medium title=\u00bbINDUSTRIA NO ALIMENTARIA\u00bb style=\u00bbstyle_3&#8243; icon=\u00bbsteadysets-icon-lab\u00bb icon_color=\u00bb#d20037&#8243; border_color=\u00bb#d20037&#8243; dynamic_content_link=\u00bbhttps:\/\/turbovac.nl\/es\/markets\/industria-no-alimentaria\/\u00bb]Protecci\u00f3n \u00f3ptima contra la suciedad, el polvo y la humedad.[\/services_medium][\/vc_column][\/vc_row][vc_row type=\u00bbfull_width_content\u00bb][vc_column background_color=\u00bb#75001f\u00bb][vc_empty_space][vc_custom_heading text=\u00bbCAPTURE QUALITY\u00bb font_container=\u00bbtag:h2|font_size:35|text_align:center|color:%23ffffff|line_height:1.25&#8243; use_theme_fonts=\u00bbyes\u00bb][vc_empty_space][\/vc_column][\/vc_row]<\/p>\n","protected":false},"excerpt":{"rendered":"<p>[vc_row type=\u00bbfull_width_background\u00bb bg_color=\u00bb#f9f9f9&#8243;][vc_column][vc_row_inner][vc_column_inner width=\u00bb1\/6&#8243;][\/vc_column_inner][vc_column_inner width=\u00bb2\/3&#8243;][vc_custom_heading text=\u00bbM\u00e1quinas de pie de alta calidad\u00bb font_container=\u00bbtag:h2|font_size:16|text_align:center|color:%236b6b6b|line_height:1.2&#8243; use_theme_fonts=\u00bbyes\u00bb][vc_empty_space height=\u00bb20&#8243;][vc_custom_heading text=\u00bbRANGO M\u00d3VIL DE TURBOVAC\u00bb font_container=\u00bbtag:h1|font_size:40|text_align:center|color:%23494949&#8243; use_theme_fonts=\u00bbyes\u00bb][vc_empty_space height=\u00bb20&#8243;][\/vc_column_inner][vc_column_inner width=\u00bb1\/6&#8243;][\/vc_column_inner][\/vc_row_inner][vc_column_text] Profesionales de 80 pa\u00edses de todo el mundo eligen a Turbovac como su fuente n\u00famero 1 de m\u00e1quinas envasadoras de vac\u00edo m\u00f3viles. Turbovac ofrece una completa l\u00ednea de productos que satisface las necesidades [&hellip;]<\/p>\n","protected":false},"author":6,"featured_media":3902,"parent":9768,"menu_order":0,"comment_status":"closed","ping_status":"closed","template":"","meta":{"_monsterinsights_skip_tracking":false,"_monsterinsights_sitenote_active":false,"_monsterinsights_sitenote_note":"","_monsterinsights_sitenote_category":0,"footnotes":""},"class_list":["post-9664","page","type-page","status-publish","has-post-thumbnail","hentry"],"yoast_head":"<!-- This site is optimized with the Yoast SEO plugin v22.7 - https:\/\/yoast.com\/wordpress\/plugins\/seo\/ -->\n<title>M\u00f3vil Rango Envasado al vac\u00edo | Turbovac - first choice for professionals<\/title>\n<meta name=\"description\" content=\"M\u00e1quinas de envasado al vac\u00edo de rango m\u00f3vil de alta calidad para empresas de procesamiento y preparaci\u00f3n de alimentos en muchas industrias.\" \/>\n<meta name=\"robots\" content=\"index, follow, max-snippet:-1, max-image-preview:large, max-video-preview:-1\" \/>\n<link rel=\"canonical\" href=\"https:\/\/turbovac.nl\/es\/maquinas-de-vacio\/rango-movil\/\" \/>\n<meta property=\"og:locale\" content=\"es_ES\" \/>\n<meta property=\"og:type\" content=\"article\" \/>\n<meta property=\"og:title\" content=\"M\u00f3vil Rango Envasado al vac\u00edo | Turbovac - first choice for professionals\" \/>\n<meta property=\"og:description\" content=\"M\u00e1quinas de envasado al vac\u00edo de rango m\u00f3vil de alta calidad para empresas de procesamiento y preparaci\u00f3n de alimentos en muchas industrias.\" \/>\n<meta property=\"og:url\" content=\"https:\/\/turbovac.nl\/es\/maquinas-de-vacio\/rango-movil\/\" \/>\n<meta property=\"og:site_name\" content=\"TURBOVAC\" \/>\n<meta property=\"article:modified_time\" content=\"2020-04-27T12:39:07+00:00\" \/>\n<meta property=\"og:image\" content=\"https:\/\/turbovac.nl\/wp-content\/uploads\/2019\/10\/TT-zoom3940-1.jpg\" \/>\n\t<meta property=\"og:image:width\" content=\"1000\" \/>\n\t<meta property=\"og:image:height\" content=\"1064\" \/>\n\t<meta property=\"og:image:type\" content=\"image\/jpeg\" \/>\n<meta name=\"twitter:card\" content=\"summary_large_image\" \/>\n<meta name=\"twitter:label1\" content=\"Tiempo de lectura\" \/>\n\t<meta name=\"twitter:data1\" content=\"8 minutos\" \/>\n<script type=\"application\/ld+json\" class=\"yoast-schema-graph\">{\"@context\":\"https:\/\/schema.org\",\"@graph\":[{\"@type\":\"WebPage\",\"@id\":\"https:\/\/turbovac.nl\/es\/maquinas-de-vacio\/rango-movil\/\",\"url\":\"https:\/\/turbovac.nl\/es\/maquinas-de-vacio\/rango-movil\/\",\"name\":\"M\u00f3vil Rango Envasado al vac\u00edo | Turbovac - first choice for professionals\",\"isPartOf\":{\"@id\":\"https:\/\/turbovac.nl\/#website\"},\"primaryImageOfPage\":{\"@id\":\"https:\/\/turbovac.nl\/es\/maquinas-de-vacio\/rango-movil\/#primaryimage\"},\"image\":{\"@id\":\"https:\/\/turbovac.nl\/es\/maquinas-de-vacio\/rango-movil\/#primaryimage\"},\"thumbnailUrl\":\"https:\/\/turbovac.nl\/wp-content\/uploads\/2019\/10\/TT-zoom3940-1.jpg\",\"datePublished\":\"2019-10-21T16:53:41+00:00\",\"dateModified\":\"2020-04-27T12:39:07+00:00\",\"description\":\"M\u00e1quinas de envasado al vac\u00edo de rango m\u00f3vil de alta calidad para empresas de procesamiento y preparaci\u00f3n de alimentos en muchas industrias.\",\"breadcrumb\":{\"@id\":\"https:\/\/turbovac.nl\/es\/maquinas-de-vacio\/rango-movil\/#breadcrumb\"},\"inLanguage\":\"es\",\"potentialAction\":[{\"@type\":\"ReadAction\",\"target\":[\"https:\/\/turbovac.nl\/es\/maquinas-de-vacio\/rango-movil\/\"]}]},{\"@type\":\"ImageObject\",\"inLanguage\":\"es\",\"@id\":\"https:\/\/turbovac.nl\/es\/maquinas-de-vacio\/rango-movil\/#primaryimage\",\"url\":\"https:\/\/turbovac.nl\/wp-content\/uploads\/2019\/10\/TT-zoom3940-1.jpg\",\"contentUrl\":\"https:\/\/turbovac.nl\/wp-content\/uploads\/2019\/10\/TT-zoom3940-1.jpg\",\"width\":1000,\"height\":1064,\"caption\":\"Tabletop detail Food processing industry\"},{\"@type\":\"BreadcrumbList\",\"@id\":\"https:\/\/turbovac.nl\/es\/maquinas-de-vacio\/rango-movil\/#breadcrumb\",\"itemListElement\":[{\"@type\":\"ListItem\",\"position\":1,\"name\":\"Home\",\"item\":\"https:\/\/turbovac.nl\/es\/\"},{\"@type\":\"ListItem\",\"position\":2,\"name\":\"M\u00e1quinas de vac\u00edo\",\"item\":\"https:\/\/turbovac.nl\/es\/maquinas-de-vacio\/\"},{\"@type\":\"ListItem\",\"position\":3,\"name\":\"Rango m\u00f3vil\"}]},{\"@type\":\"WebSite\",\"@id\":\"https:\/\/turbovac.nl\/#website\",\"url\":\"https:\/\/turbovac.nl\/\",\"name\":\"TURBOVAC\",\"description\":\"Vacuum Packaging Machines\",\"potentialAction\":[{\"@type\":\"SearchAction\",\"target\":{\"@type\":\"EntryPoint\",\"urlTemplate\":\"https:\/\/turbovac.nl\/?s={search_term_string}\"},\"query-input\":\"required name=search_term_string\"}],\"inLanguage\":\"es\"}]}<\/script>\n<!-- \/ Yoast SEO plugin. -->","yoast_head_json":{"title":"M\u00f3vil Rango Envasado al vac\u00edo | Turbovac - first choice for professionals","description":"M\u00e1quinas de envasado al vac\u00edo de rango m\u00f3vil de alta calidad para empresas de procesamiento y preparaci\u00f3n de alimentos en muchas industrias.","robots":{"index":"index","follow":"follow","max-snippet":"max-snippet:-1","max-image-preview":"max-image-preview:large","max-video-preview":"max-video-preview:-1"},"canonical":"https:\/\/turbovac.nl\/es\/maquinas-de-vacio\/rango-movil\/","og_locale":"es_ES","og_type":"article","og_title":"M\u00f3vil Rango Envasado al vac\u00edo | Turbovac - first choice for professionals","og_description":"M\u00e1quinas de envasado al vac\u00edo de rango m\u00f3vil de alta calidad para empresas de procesamiento y preparaci\u00f3n de alimentos en muchas industrias.","og_url":"https:\/\/turbovac.nl\/es\/maquinas-de-vacio\/rango-movil\/","og_site_name":"TURBOVAC","article_modified_time":"2020-04-27T12:39:07+00:00","og_image":[{"width":1000,"height":1064,"url":"https:\/\/turbovac.nl\/wp-content\/uploads\/2019\/10\/TT-zoom3940-1.jpg","type":"image\/jpeg"}],"twitter_card":"summary_large_image","twitter_misc":{"Tiempo de lectura":"8 minutos"},"schema":{"@context":"https:\/\/schema.org","@graph":[{"@type":"WebPage","@id":"https:\/\/turbovac.nl\/es\/maquinas-de-vacio\/rango-movil\/","url":"https:\/\/turbovac.nl\/es\/maquinas-de-vacio\/rango-movil\/","name":"M\u00f3vil Rango Envasado al vac\u00edo | Turbovac - first choice for professionals","isPartOf":{"@id":"https:\/\/turbovac.nl\/#website"},"primaryImageOfPage":{"@id":"https:\/\/turbovac.nl\/es\/maquinas-de-vacio\/rango-movil\/#primaryimage"},"image":{"@id":"https:\/\/turbovac.nl\/es\/maquinas-de-vacio\/rango-movil\/#primaryimage"},"thumbnailUrl":"https:\/\/turbovac.nl\/wp-content\/uploads\/2019\/10\/TT-zoom3940-1.jpg","datePublished":"2019-10-21T16:53:41+00:00","dateModified":"2020-04-27T12:39:07+00:00","description":"M\u00e1quinas de envasado al vac\u00edo de rango m\u00f3vil de alta calidad para empresas de procesamiento y preparaci\u00f3n de alimentos en muchas industrias.","breadcrumb":{"@id":"https:\/\/turbovac.nl\/es\/maquinas-de-vacio\/rango-movil\/#breadcrumb"},"inLanguage":"es","potentialAction":[{"@type":"ReadAction","target":["https:\/\/turbovac.nl\/es\/maquinas-de-vacio\/rango-movil\/"]}]},{"@type":"ImageObject","inLanguage":"es","@id":"https:\/\/turbovac.nl\/es\/maquinas-de-vacio\/rango-movil\/#primaryimage","url":"https:\/\/turbovac.nl\/wp-content\/uploads\/2019\/10\/TT-zoom3940-1.jpg","contentUrl":"https:\/\/turbovac.nl\/wp-content\/uploads\/2019\/10\/TT-zoom3940-1.jpg","width":1000,"height":1064,"caption":"Tabletop detail Food processing industry"},{"@type":"BreadcrumbList","@id":"https:\/\/turbovac.nl\/es\/maquinas-de-vacio\/rango-movil\/#breadcrumb","itemListElement":[{"@type":"ListItem","position":1,"name":"Home","item":"https:\/\/turbovac.nl\/es\/"},{"@type":"ListItem","position":2,"name":"M\u00e1quinas de vac\u00edo","item":"https:\/\/turbovac.nl\/es\/maquinas-de-vacio\/"},{"@type":"ListItem","position":3,"name":"Rango m\u00f3vil"}]},{"@type":"WebSite","@id":"https:\/\/turbovac.nl\/#website","url":"https:\/\/turbovac.nl\/","name":"TURBOVAC","description":"Vacuum Packaging Machines","potentialAction":[{"@type":"SearchAction","target":{"@type":"EntryPoint","urlTemplate":"https:\/\/turbovac.nl\/?s={search_term_string}"},"query-input":"required name=search_term_string"}],"inLanguage":"es"}]}},"_links":{"self":[{"href":"https:\/\/turbovac.nl\/es\/wp-json\/wp\/v2\/pages\/9664","targetHints":{"allow":["GET"]}}],"collection":[{"href":"https:\/\/turbovac.nl\/es\/wp-json\/wp\/v2\/pages"}],"about":[{"href":"https:\/\/turbovac.nl\/es\/wp-json\/wp\/v2\/types\/page"}],"author":[{"embeddable":true,"href":"https:\/\/turbovac.nl\/es\/wp-json\/wp\/v2\/users\/6"}],"replies":[{"embeddable":true,"href":"https:\/\/turbovac.nl\/es\/wp-json\/wp\/v2\/comments?post=9664"}],"version-history":[{"count":5,"href":"https:\/\/turbovac.nl\/es\/wp-json\/wp\/v2\/pages\/9664\/revisions"}],"predecessor-version":[{"id":9830,"href":"https:\/\/turbovac.nl\/es\/wp-json\/wp\/v2\/pages\/9664\/revisions\/9830"}],"up":[{"embeddable":true,"href":"https:\/\/turbovac.nl\/es\/wp-json\/wp\/v2\/pages\/9768"}],"wp:featuredmedia":[{"embeddable":true,"href":"https:\/\/turbovac.nl\/es\/wp-json\/wp\/v2\/media\/3902"}],"wp:attachment":[{"href":"https:\/\/turbovac.nl\/es\/wp-json\/wp\/v2\/media?parent=9664"}],"curies":[{"name":"wp","href":"https:\/\/api.w.org\/{rel}","templated":true}]}}