{"id":9712,"date":"2019-11-06T10:15:13","date_gmt":"2019-11-06T09:15:13","guid":{"rendered":"https:\/\/turbovac.nl\/traysealers\/"},"modified":"2020-04-29T20:11:38","modified_gmt":"2020-04-29T19:11:38","slug":"encharoladoras","status":"publish","type":"page","link":"https:\/\/turbovac.nl\/es\/soluciones-de-empaque\/encharoladoras\/","title":{"rendered":"Encharoladoras"},"content":{"rendered":"<p>[vc_row type=\u00bbfull_width_background\u00bb bg_color=\u00bb#f9f9f9&#8243;][vc_column][vc_row_inner][vc_column_inner width=\u00bb1\/6&#8243;][\/vc_column_inner][vc_column_inner width=\u00bb2\/3&#8243;][vc_custom_heading text=\u00bbBaja inversi\u00f3n programaci\u00f3n f\u00e1cil y muy flexible&#8230;\u00bb font_container=\u00bbtag:h2|font_size:16|text_align:center|color:%23878787|line_height:1.2&#8243; use_theme_fonts=\u00bbyes\u00bb][vc_empty_space height=\u00bb20&#8243;][vc_custom_heading text=\u00bbENCHAROLADORAS TURBOVAC<br \/>\nTPS MINI y TPS XL\u00bb font_container=\u00bbtag:h1|font_size:40|text_align:center|color:%23494949|line_height:1.2&#8243; use_theme_fonts=\u00bbyes\u00bb][vc_empty_space height=\u00bb20&#8243;][\/vc_column_inner][vc_column_inner width=\u00bb1\/6&#8243;][\/vc_column_inner][\/vc_row_inner][vc_column_text]<\/p>\n<p style=\"text-align: center;\">La encharoladora TPS es una m\u00e1quina dise\u00f1ada para empacar productos alimenticios bajo condiciones de atmosfera modificada. Es de baja inversi\u00f3n, programaci\u00f3n sencilla y flexible explican la popularidad de estas maquinas. Los moldes pueden ser intercambiables f\u00e1cilmente sin la necesidad de herramientas debido al \u201csistema de molde intercambiable\u201d El sensor autom\u00e1tico controla vac\u00edo e inyecci\u00f3n de gas para crear la atmosfera perfecta dentro del empaque.<\/p>\n<p>[\/vc_column_text][vc_empty_space height=\u00bb35px\u00bb][vc_row_inner el_class=\u00bbkolomOver\u00bb][vc_column_inner width=\u00bb1\/3&#8243; background_color=\u00bb#ffffff\u00bb el_class=\u00bbkolomOver\u00bb][vc_single_image image=\u00bb4723&#8243; img_size=\u00bbfull\u00bb alignment=\u00bbcenter\u00bb onclick=\u00bbcustom_link\u00bb link=\u00bbhttps:\/\/turbovac.nl\/tray-sealer-tps-mini\u00bb][vc_custom_heading text=\u00bbENCHAROLADORAS<br \/>\nTPS MINI\u00bb font_container=\u00bbtag:h2|font_size:24|text_align:center|line_height:1&#8243; use_theme_fonts=\u00bbyes\u00bb][vc_column_text]<\/p>\n<p style=\"text-align: center;\">dimensi\u00f3n m\u00e1xima de la bandeja<br \/>\n260 x 180 mm<\/p>\n<p>[\/vc_column_text][vc_btn title=\u00bbleer m\u00e1s\u00bb style=\u00bbflat\u00bb shape=\u00bbsquare\u00bb color=\u00bbdefault\u00bb size=\u00bbxs\u00bb align=\u00bbcenter\u00bb i_align=\u00bbright\u00bb i_type=\u00bbtypicons\u00bb i_icon_typicons=\u00bbtypcn typcn-arrow-right\u00bb button_block=\u00bbtrue\u00bb add_icon=\u00bbtrue\u00bb link=\u00bburl:https%3A%2F%2Fturbovac.nl%2Fes%2Fencharoladoras%2Fencharoladoras-tps-mini%2F|||\u00bb][\/vc_column_inner][vc_column_inner width=\u00bb1\/3&#8243; el_class=\u00bbkolomOver\u00bb][vc_single_image image=\u00bb8982&#8243; img_size=\u00bbfull\u00bb alignment=\u00bbcenter\u00bb onclick=\u00bbcustom_link\u00bb link=\u00bbhttps:\/\/turbovac.nl\/tray-sealer-tps-xl\u00bb][vc_custom_heading text=\u00bbENCHAROLADORAS<br \/>\nTPS XL\u00bb font_container=\u00bbtag:h2|font_size:24|text_align:center|line_height:1&#8243; use_theme_fonts=\u00bbyes\u00bb][vc_column_text]<\/p>\n<p style=\"text-align: center;\">dimensi\u00f3n m\u00e1xima de la bandeja<br \/>\n370 x 270 mm<\/p>\n<p>[\/vc_column_text][vc_btn title=\u00bbleer m\u00e1s\u00bb style=\u00bbflat\u00bb shape=\u00bbsquare\u00bb color=\u00bbdefault\u00bb size=\u00bbxs\u00bb align=\u00bbcenter\u00bb i_align=\u00bbright\u00bb i_type=\u00bbtypicons\u00bb i_icon_typicons=\u00bbtypcn typcn-arrow-right\u00bb button_block=\u00bbtrue\u00bb add_icon=\u00bbtrue\u00bb link=\u00bburl:https%3A%2F%2Fturbovac.nl%2Fes%2Fencharoladoras%2Fencharoladoras-tps-xl%2F|title:Tray%20Sealer%20TPS%20XL||\u00bb][\/vc_column_inner][vc_column_inner width=\u00bb1\/3&#8243;][vc_empty_space][vc_custom_heading text=\u00bbBeneficios de encharoladoras\u00bb font_container=\u00bbtag:h4|font_size:18|text_align:left|color:%23a5a5a5&#8243; use_theme_fonts=\u00bbyes\u00bb][vc_empty_space][list icon=\u00bbsteadysets-icon-star\u00bb][list_item title=\u00bbInversiones bajas&#8230;\u00bb][list_item title=\u00bbProgramaci\u00f3n f\u00e1cil\u00bb][list_item title=\u00bbCambio de molde f\u00e1cil y r\u00e1pido\u00bb][list_item title=\u00bbAcceso f\u00e1cil, f\u00e1cil de limpiar\u00bb][list_item title=\u00bbPerfecto para los restaurantes, la rama de la hospitalidad, los puestos de comida y los servicios de catering\u00bb][\/list][\/vc_column_inner][\/vc_row_inner][\/vc_column][\/vc_row][vc_row type=\u00bbfull_width_background\u00bb bg_color=\u00bb#f9f9f9&#8243;][vc_column][vc_row_inner][vc_column_inner width=\u00bb1\/6&#8243;][\/vc_column_inner][vc_column_inner width=\u00bb2\/3&#8243;][vc_custom_heading text=\u00bbEmpacado de carnes, verduras, frutas, comidas preparadas en practicas charolas<br \/>\ncon una presentaci\u00f3n profesional\u00bb font_container=\u00bbtag:h2|font_size:16|text_align:center|color:%23878787|line_height:1.2&#8243; use_theme_fonts=\u00bbyes\u00bb][vc_empty_space height=\u00bb20&#8243;][vc_custom_heading text=\u00bbENCHAROLADORAS TURBOVAC<br \/>\nTPS 1000 y TPS 2000&#8243; font_container=\u00bbtag:h1|font_size:40|text_align:center|color:%23494949|line_height:1.2&#8243; use_theme_fonts=\u00bbyes\u00bb][vc_empty_space height=\u00bb20&#8243;][\/vc_column_inner][vc_column_inner width=\u00bb1\/6&#8243;][\/vc_column_inner][\/vc_row_inner][vc_column_text]<\/p>\n<p style=\"text-align: center;\">La TPS 1000 y 2000 est\u00e1n especialmente dise\u00f1ados para cambios f\u00e1ciles y r\u00e1pidos de moldes. La tapa transparente permite acceso r\u00e1pido y total al cambio de moldes, la carga y orientaci\u00f3n de la pel\u00edcula as\u00ed como la limpieza del equipo. La TPS 2000 tiene dos moldes el cual aumenta el doble de producci\u00f3n comparado a la TPS 1000, o aumenta flexibilidad con la instalaci\u00f3n de 2 diferentes m\u00f3dulos. Este proceso solo requiere cambiar las agujas en el panel de control para cambiar a una charola de diferentes dimensiones. La gama de TPS puede ser equipada con un oxigeno especial protegida BUSCH para inyecci\u00f3n de gas &gt;21% y fotoceldas para centrar la impresi\u00f3n de pel\u00edcula. El \u00e1rea de carga puede ser extendida, la banda transportadora puede ser motorizado y la unidad de control tiene conexiones para equipos auxiliares.<\/p>\n<p>[\/vc_column_text][vc_empty_space height=\u00bb35px\u00bb][vc_row_inner el_class=\u00bbkolomOver\u00bb][vc_column_inner width=\u00bb2\/3&#8243; background_color=\u00bb#ffffff\u00bb el_class=\u00bbkolomOver\u00bb][vc_single_image image=\u00bb4733&#8243; img_size=\u00bbfull\u00bb alignment=\u00bbcenter\u00bb onclick=\u00bbcustom_link\u00bb link=\u00bbhttps:\/\/turbovac.nl\/tray-sealer-tps-1000-2000\/\u00bb][vc_btn title=\u00bbleer m\u00e1s\u00bb style=\u00bbflat\u00bb shape=\u00bbsquare\u00bb color=\u00bbdefault\u00bb size=\u00bbxs\u00bb align=\u00bbcenter\u00bb i_align=\u00bbright\u00bb i_type=\u00bbtypicons\u00bb i_icon_typicons=\u00bbtypcn typcn-arrow-right\u00bb button_block=\u00bbtrue\u00bb add_icon=\u00bbtrue\u00bb link=\u00bburl:https%3A%2F%2Fturbovac.nl%2Fes%2Fencharoladoras%2Fencharoladoras-tps-1000-2000%2F|title:Tray%20Sealer%20TPS%20XL||\u00bb][\/vc_column_inner][vc_column_inner width=\u00bb1\/3&#8243; el_class=\u00bbkolomOver\u00bb][vc_empty_space][vc_custom_heading text=\u00bbBeneficios de encharoladoras\u00bb font_container=\u00bbtag:h4|font_size:18|text_align:left|color:%23a5a5a5&#8243; use_theme_fonts=\u00bbyes\u00bb][vc_empty_space][list icon=\u00bbsteadysets-icon-star\u00bb][list_item title=\u00bbInversiones bajas\u00bb][list_item title=\u00bbProgramaci\u00f3n f\u00e1cil\u00bb][list_item title=\u00bbCambio de molde f\u00e1cil y r\u00e1pido\u00bb][list_item title=\u00bbF\u00e1cil acceso, f\u00e1cil de limpiar\u00bb][list_item title=\u00bbEnvasado de carne, verduras, frutas, comidas preparadas en pr\u00e1cticas bandejas con una presentaci\u00f3n profesional\u00bb][\/list][\/vc_column_inner][\/vc_row_inner][\/vc_column][\/vc_row][vc_row full_width=\u00bb\u00bb parallax=\u00bb\u00bb parallax_image=\u00bb\u00bb][vc_column width=\u00bb1\/3&#8243; css=\u00bb.vc_custom_1568118419395{border-top-width: 1px !important;border-top-color: #d1d1d1 !important;border-top-style: solid !important;}\u00bb][vc_empty_space][vc_custom_heading text=\u00bbCertificado CE y ETL\u00bb font_container=\u00bbtag:h2|font_size:22|text_align:left\u00bb use_theme_fonts=\u00bbyes\u00bb][vc_empty_space height=\u00bb15&#8243;][vc_column_text]<\/p>\n<div class=\"col-lg-4\">\n<div class=\"media\">\n<div class=\"media__content\">\n<div class=\"col-lg-4\">\n<div class=\"media\">\n<div class=\"media__content\">\n<p>El equipo Turbovac est\u00e1 certificado por ETL y cumple con las normas UL, NSF y CE.<\/p>\n<\/div>\n<\/div>\n<\/div>\n<div class=\"col-lg-4\">\n<div class=\"media\">\n<div class=\"media__icon\"><\/div>\n<\/div>\n<\/div>\n<\/div>\n<\/div>\n<\/div>\n<p>[\/vc_column_text][\/vc_column][vc_column width=\u00bb1\/3&#8243; css=\u00bb.vc_custom_1568118428707{border-top-width: 1px !important;border-top-color: #d8d8d8 !important;border-top-style: solid !important;}\u00bb][vc_empty_space][vc_custom_heading text=\u00bbBomba Busch\u00bb font_container=\u00bbtag:h2|font_size:22|text_align:left|color:%234c4c4c\u00bb use_theme_fonts=\u00bbyes\u00bb][vc_empty_space height=\u00bb15&#8243;][vc_column_text]<\/p>\n<div class=\"col-lg-4\">\n<div class=\"media\">\n<div class=\"media__content\">\n<p class=\"media__text\">Todas las m\u00e1quinas de Turbovac est\u00e1n equipadas con una bomba de vac\u00edo Busch<\/p>\n<\/div>\n<\/div>\n<\/div>\n<p>[\/vc_column_text][\/vc_column][vc_column width=\u00bb1\/3&#8243; css=\u00bb.vc_custom_1568118438842{border-top-width: 1px !important;border-top-color: #dddddd !important;border-top-style: solid !important;}\u00bb][vc_empty_space][vc_custom_heading text=\u00bbOpciones\u00bb font_container=\u00bbtag:h2|font_size:22|text_align:left|color:%234c4c4c\u00bb use_theme_fonts=\u00bbyes\u00bb][vc_empty_space height=\u00bb15&#8243;][vc_column_text]<\/p>\n<div class=\"col-lg-4\">\n<div class=\"media\">\n<div class=\"media__content\">\n<p class=\"media__text\">Todas las m\u00e1quinas de Turbovac est\u00e1n disponibles con varias opciones<\/p>\n<\/div>\n<\/div>\n<\/div>\n<p>[\/vc_column_text][\/vc_column][\/vc_row][vc_row type=\u00bbfull_width_background\u00bb bg_color=\u00bb#b20000&#8243; text_color=\u00bblight\u00bb top_padding=\u00bb35&#8243; bottom_padding=\u00bb35&#8243;][vc_column][textbar button_title=\u00bbCONTACTE CON NUESTRO ESPECIALISTA\u00bb button_link=\u00bbhttps:\/\/turbovac.nl\/es\/formulario-de-contacto\/\u00bb icon=\u00bbsteadysets-icon-type\u00bb]<\/p>\n<p style=\"text-align: left;\">\u00bfTiene alguna pregunta sobre nuestros Encharoladoras?<\/p>\n<p>[\/textbar][\/vc_column][\/vc_row][vc_row type=\u00bbfull_width_content\u00bb bg_image=\u00bb2610&#8243; bg_color=\u00bb#6d6d6d\u00bb top_padding=\u00bb0&#8243;][vc_column width=\u00bb1\/2&#8243; centered_cont=\u00bbtrue\u00bb background_image=\u00bb4472&#8243;][vc_column_text]<br \/>\n[\/vc_column_text][\/vc_column][vc_column width=\u00bb1\/2&#8243; column_padding=\u00bb4%\u00bb css=\u00bb.vc_custom_1582113001231{background-color: #333333 !important;}\u00bb][vc_empty_space height=\u00bb125&#8243;][vc_custom_heading text=\u00bb\u00abLos encharoladoras Turbovac ofrecen una calidad duradera\u00ab\u00bb font_container=\u00bbtag:h2|font_size:40|text_align:left|color:%23ffffff|line_height:1.2&#8243; google_fonts=\u00bbfont_family:Merriweather%3A300%2C300italic%2Cregular%2Citalic%2C700%2C700italic%2C900%2C900italic|font_style:300%20light%20italic%3A300%3Aitalic\u00bb][vc_empty_space height=\u00bb125&#8243;][\/vc_column][\/vc_row][vc_row type=\u00bbfull_width_background\u00bb class=\u00bbkolomOver\u00bb][vc_column width=\u00bb1\/3&#8243; el_class=\u00bbkolomOver\u00bb][services_medium title=\u00bbINDUSTRIA C\u00c1RNICA\u00bb style=\u00bbstyle_3&#8243; icon=\u00bbsteadysets-icon-bones\u00bb icon_color=\u00bb#d20037&#8243; border_color=\u00bb#d20037&#8243; dynamic_content_link=\u00bbhttps:\/\/turbovac.nl\/es\/markets\/industria-de-procesamiento-de-carne\/\u00bb]Envases de alta calidad para mejorar sus clientes.[\/services_medium][\/vc_column][vc_column width=\u00bb1\/3&#8243; el_class=\u00bbkolomOver\u00bb][services_medium title=\u00bbPROCESAMIENTO DE ALIMENTOS\u00bb style=\u00bbstyle_3&#8243; icon=\u00bblinecon-icon-food\u00bb icon_color=\u00bb#d20037&#8243; border_color=\u00bb#d20037&#8243; dynamic_content_link=\u00bbhttps:\/\/turbovac.nl\/es\/markets\/industria-de-procesamiento-de-alimentos\/\u00bb]Optimizaci\u00f3n y flexibilidad en todo tipo de procesamiento de alimentos.[\/services_medium][\/vc_column][vc_column width=\u00bb1\/3&#8243; el_class=\u00bbkolomOver\u00bb][services_medium title=\u00bbINDUSTRIA NO ALIMENTARIA\u00bb style=\u00bbstyle_3&#8243; icon=\u00bbsteadysets-icon-lab\u00bb icon_color=\u00bb#d20037&#8243; border_color=\u00bb#d20037&#8243; dynamic_content_link=\u00bbhttps:\/\/turbovac.nl\/es\/markets\/industria-no-alimentaria\/\u00bb]Protecci\u00f3n \u00f3ptima contra la suciedad, el polvo y la humedad.[\/services_medium][\/vc_column][\/vc_row][vc_row type=\u00bbfull_width_content\u00bb][vc_column background_color=\u00bb#75001f\u00bb][vc_empty_space][vc_custom_heading text=\u00bbCAPTURE QUALITY\u00bb font_container=\u00bbtag:h2|font_size:35|text_align:center|color:%23ffffff|line_height:1.25&#8243; use_theme_fonts=\u00bbyes\u00bb][vc_empty_space][\/vc_column][\/vc_row]<\/p>\n","protected":false},"excerpt":{"rendered":"<p>[vc_row type=\u00bbfull_width_background\u00bb bg_color=\u00bb#f9f9f9&#8243;][vc_column][vc_row_inner][vc_column_inner width=\u00bb1\/6&#8243;][\/vc_column_inner][vc_column_inner width=\u00bb2\/3&#8243;][vc_custom_heading text=\u00bbBaja inversi\u00f3n programaci\u00f3n f\u00e1cil y muy flexible&#8230;\u00bb font_container=\u00bbtag:h2|font_size:16|text_align:center|color:%23878787|line_height:1.2&#8243; use_theme_fonts=\u00bbyes\u00bb][vc_empty_space height=\u00bb20&#8243;][vc_custom_heading text=\u00bbENCHAROLADORAS TURBOVAC TPS MINI y TPS XL\u00bb font_container=\u00bbtag:h1|font_size:40|text_align:center|color:%23494949|line_height:1.2&#8243; use_theme_fonts=\u00bbyes\u00bb][vc_empty_space height=\u00bb20&#8243;][\/vc_column_inner][vc_column_inner width=\u00bb1\/6&#8243;][\/vc_column_inner][\/vc_row_inner][vc_column_text] La encharoladora TPS es una m\u00e1quina dise\u00f1ada para empacar productos alimenticios bajo condiciones de atmosfera modificada. Es de baja inversi\u00f3n, programaci\u00f3n sencilla y flexible explican la popularidad de estas [&hellip;]<\/p>\n","protected":false},"author":6,"featured_media":3902,"parent":9776,"menu_order":0,"comment_status":"closed","ping_status":"closed","template":"","meta":{"_monsterinsights_skip_tracking":false,"_monsterinsights_sitenote_active":false,"_monsterinsights_sitenote_note":"","_monsterinsights_sitenote_category":0,"footnotes":""},"class_list":["post-9712","page","type-page","status-publish","has-post-thumbnail","hentry"],"yoast_head":"<!-- This site is optimized with the Yoast SEO plugin v22.7 - https:\/\/yoast.com\/wordpress\/plugins\/seo\/ -->\n<title>Encharoladoras Embalaje | Turbovac - first choice for professionals<\/title>\n<meta name=\"description\" content=\"El sellador de Encharoladoras est\u00e1 dise\u00f1ado para el envasado de productos alimenticios en condiciones MAP. Baja inversi\u00f3n y f\u00e1cil programaci\u00f3n\" \/>\n<meta name=\"robots\" content=\"index, follow, max-snippet:-1, max-image-preview:large, max-video-preview:-1\" \/>\n<link rel=\"canonical\" href=\"https:\/\/turbovac.nl\/es\/soluciones-de-empaque\/encharoladoras\/\" \/>\n<meta property=\"og:locale\" content=\"es_ES\" \/>\n<meta property=\"og:type\" content=\"article\" \/>\n<meta property=\"og:title\" content=\"Encharoladoras Embalaje | Turbovac - first choice for professionals\" \/>\n<meta property=\"og:description\" content=\"El sellador de Encharoladoras est\u00e1 dise\u00f1ado para el envasado de productos alimenticios en condiciones MAP. Baja inversi\u00f3n y f\u00e1cil programaci\u00f3n\" \/>\n<meta property=\"og:url\" content=\"https:\/\/turbovac.nl\/es\/soluciones-de-empaque\/encharoladoras\/\" \/>\n<meta property=\"og:site_name\" content=\"TURBOVAC\" \/>\n<meta property=\"article:modified_time\" content=\"2020-04-29T19:11:38+00:00\" \/>\n<meta property=\"og:image\" content=\"https:\/\/turbovac.nl\/wp-content\/uploads\/2019\/10\/TT-zoom3940-1.jpg\" \/>\n\t<meta property=\"og:image:width\" content=\"1000\" \/>\n\t<meta property=\"og:image:height\" content=\"1064\" \/>\n\t<meta property=\"og:image:type\" content=\"image\/jpeg\" \/>\n<meta name=\"twitter:card\" content=\"summary_large_image\" \/>\n<meta name=\"twitter:label1\" content=\"Tiempo de lectura\" \/>\n\t<meta name=\"twitter:data1\" content=\"8 minutos\" \/>\n<script type=\"application\/ld+json\" class=\"yoast-schema-graph\">{\"@context\":\"https:\/\/schema.org\",\"@graph\":[{\"@type\":\"WebPage\",\"@id\":\"https:\/\/turbovac.nl\/es\/soluciones-de-empaque\/encharoladoras\/\",\"url\":\"https:\/\/turbovac.nl\/es\/soluciones-de-empaque\/encharoladoras\/\",\"name\":\"Encharoladoras Embalaje | Turbovac - first choice for professionals\",\"isPartOf\":{\"@id\":\"https:\/\/turbovac.nl\/#website\"},\"primaryImageOfPage\":{\"@id\":\"https:\/\/turbovac.nl\/es\/soluciones-de-empaque\/encharoladoras\/#primaryimage\"},\"image\":{\"@id\":\"https:\/\/turbovac.nl\/es\/soluciones-de-empaque\/encharoladoras\/#primaryimage\"},\"thumbnailUrl\":\"https:\/\/turbovac.nl\/wp-content\/uploads\/2019\/10\/TT-zoom3940-1.jpg\",\"datePublished\":\"2019-11-06T09:15:13+00:00\",\"dateModified\":\"2020-04-29T19:11:38+00:00\",\"description\":\"El sellador de Encharoladoras est\u00e1 dise\u00f1ado para el envasado de productos alimenticios en condiciones MAP. Baja inversi\u00f3n y f\u00e1cil programaci\u00f3n\",\"breadcrumb\":{\"@id\":\"https:\/\/turbovac.nl\/es\/soluciones-de-empaque\/encharoladoras\/#breadcrumb\"},\"inLanguage\":\"es\",\"potentialAction\":[{\"@type\":\"ReadAction\",\"target\":[\"https:\/\/turbovac.nl\/es\/soluciones-de-empaque\/encharoladoras\/\"]}]},{\"@type\":\"ImageObject\",\"inLanguage\":\"es\",\"@id\":\"https:\/\/turbovac.nl\/es\/soluciones-de-empaque\/encharoladoras\/#primaryimage\",\"url\":\"https:\/\/turbovac.nl\/wp-content\/uploads\/2019\/10\/TT-zoom3940-1.jpg\",\"contentUrl\":\"https:\/\/turbovac.nl\/wp-content\/uploads\/2019\/10\/TT-zoom3940-1.jpg\",\"width\":1000,\"height\":1064,\"caption\":\"Tabletop detail Food processing industry\"},{\"@type\":\"BreadcrumbList\",\"@id\":\"https:\/\/turbovac.nl\/es\/soluciones-de-empaque\/encharoladoras\/#breadcrumb\",\"itemListElement\":[{\"@type\":\"ListItem\",\"position\":1,\"name\":\"Home\",\"item\":\"https:\/\/turbovac.nl\/es\/\"},{\"@type\":\"ListItem\",\"position\":2,\"name\":\"Soluciones de empaque\",\"item\":\"https:\/\/turbovac.nl\/es\/soluciones-de-empaque\/\"},{\"@type\":\"ListItem\",\"position\":3,\"name\":\"Encharoladoras\"}]},{\"@type\":\"WebSite\",\"@id\":\"https:\/\/turbovac.nl\/#website\",\"url\":\"https:\/\/turbovac.nl\/\",\"name\":\"TURBOVAC\",\"description\":\"Vacuum Packaging Machines\",\"potentialAction\":[{\"@type\":\"SearchAction\",\"target\":{\"@type\":\"EntryPoint\",\"urlTemplate\":\"https:\/\/turbovac.nl\/?s={search_term_string}\"},\"query-input\":\"required name=search_term_string\"}],\"inLanguage\":\"es\"}]}<\/script>\n<!-- \/ Yoast SEO plugin. -->","yoast_head_json":{"title":"Encharoladoras Embalaje | Turbovac - first choice for professionals","description":"El sellador de Encharoladoras est\u00e1 dise\u00f1ado para el envasado de productos alimenticios en condiciones MAP. Baja inversi\u00f3n y f\u00e1cil programaci\u00f3n","robots":{"index":"index","follow":"follow","max-snippet":"max-snippet:-1","max-image-preview":"max-image-preview:large","max-video-preview":"max-video-preview:-1"},"canonical":"https:\/\/turbovac.nl\/es\/soluciones-de-empaque\/encharoladoras\/","og_locale":"es_ES","og_type":"article","og_title":"Encharoladoras Embalaje | Turbovac - first choice for professionals","og_description":"El sellador de Encharoladoras est\u00e1 dise\u00f1ado para el envasado de productos alimenticios en condiciones MAP. Baja inversi\u00f3n y f\u00e1cil programaci\u00f3n","og_url":"https:\/\/turbovac.nl\/es\/soluciones-de-empaque\/encharoladoras\/","og_site_name":"TURBOVAC","article_modified_time":"2020-04-29T19:11:38+00:00","og_image":[{"width":1000,"height":1064,"url":"https:\/\/turbovac.nl\/wp-content\/uploads\/2019\/10\/TT-zoom3940-1.jpg","type":"image\/jpeg"}],"twitter_card":"summary_large_image","twitter_misc":{"Tiempo de lectura":"8 minutos"},"schema":{"@context":"https:\/\/schema.org","@graph":[{"@type":"WebPage","@id":"https:\/\/turbovac.nl\/es\/soluciones-de-empaque\/encharoladoras\/","url":"https:\/\/turbovac.nl\/es\/soluciones-de-empaque\/encharoladoras\/","name":"Encharoladoras Embalaje | Turbovac - first choice for professionals","isPartOf":{"@id":"https:\/\/turbovac.nl\/#website"},"primaryImageOfPage":{"@id":"https:\/\/turbovac.nl\/es\/soluciones-de-empaque\/encharoladoras\/#primaryimage"},"image":{"@id":"https:\/\/turbovac.nl\/es\/soluciones-de-empaque\/encharoladoras\/#primaryimage"},"thumbnailUrl":"https:\/\/turbovac.nl\/wp-content\/uploads\/2019\/10\/TT-zoom3940-1.jpg","datePublished":"2019-11-06T09:15:13+00:00","dateModified":"2020-04-29T19:11:38+00:00","description":"El sellador de Encharoladoras est\u00e1 dise\u00f1ado para el envasado de productos alimenticios en condiciones MAP. Baja inversi\u00f3n y f\u00e1cil programaci\u00f3n","breadcrumb":{"@id":"https:\/\/turbovac.nl\/es\/soluciones-de-empaque\/encharoladoras\/#breadcrumb"},"inLanguage":"es","potentialAction":[{"@type":"ReadAction","target":["https:\/\/turbovac.nl\/es\/soluciones-de-empaque\/encharoladoras\/"]}]},{"@type":"ImageObject","inLanguage":"es","@id":"https:\/\/turbovac.nl\/es\/soluciones-de-empaque\/encharoladoras\/#primaryimage","url":"https:\/\/turbovac.nl\/wp-content\/uploads\/2019\/10\/TT-zoom3940-1.jpg","contentUrl":"https:\/\/turbovac.nl\/wp-content\/uploads\/2019\/10\/TT-zoom3940-1.jpg","width":1000,"height":1064,"caption":"Tabletop detail Food processing industry"},{"@type":"BreadcrumbList","@id":"https:\/\/turbovac.nl\/es\/soluciones-de-empaque\/encharoladoras\/#breadcrumb","itemListElement":[{"@type":"ListItem","position":1,"name":"Home","item":"https:\/\/turbovac.nl\/es\/"},{"@type":"ListItem","position":2,"name":"Soluciones de empaque","item":"https:\/\/turbovac.nl\/es\/soluciones-de-empaque\/"},{"@type":"ListItem","position":3,"name":"Encharoladoras"}]},{"@type":"WebSite","@id":"https:\/\/turbovac.nl\/#website","url":"https:\/\/turbovac.nl\/","name":"TURBOVAC","description":"Vacuum Packaging Machines","potentialAction":[{"@type":"SearchAction","target":{"@type":"EntryPoint","urlTemplate":"https:\/\/turbovac.nl\/?s={search_term_string}"},"query-input":"required name=search_term_string"}],"inLanguage":"es"}]}},"_links":{"self":[{"href":"https:\/\/turbovac.nl\/es\/wp-json\/wp\/v2\/pages\/9712","targetHints":{"allow":["GET"]}}],"collection":[{"href":"https:\/\/turbovac.nl\/es\/wp-json\/wp\/v2\/pages"}],"about":[{"href":"https:\/\/turbovac.nl\/es\/wp-json\/wp\/v2\/types\/page"}],"author":[{"embeddable":true,"href":"https:\/\/turbovac.nl\/es\/wp-json\/wp\/v2\/users\/6"}],"replies":[{"embeddable":true,"href":"https:\/\/turbovac.nl\/es\/wp-json\/wp\/v2\/comments?post=9712"}],"version-history":[{"count":6,"href":"https:\/\/turbovac.nl\/es\/wp-json\/wp\/v2\/pages\/9712\/revisions"}],"predecessor-version":[{"id":10090,"href":"https:\/\/turbovac.nl\/es\/wp-json\/wp\/v2\/pages\/9712\/revisions\/10090"}],"up":[{"embeddable":true,"href":"https:\/\/turbovac.nl\/es\/wp-json\/wp\/v2\/pages\/9776"}],"wp:featuredmedia":[{"embeddable":true,"href":"https:\/\/turbovac.nl\/es\/wp-json\/wp\/v2\/media\/3902"}],"wp:attachment":[{"href":"https:\/\/turbovac.nl\/es\/wp-json\/wp\/v2\/media?parent=9712"}],"curies":[{"name":"wp","href":"https:\/\/api.w.org\/{rel}","templated":true}]}}