{"id":9750,"date":"2019-11-10T10:52:03","date_gmt":"2019-11-10T09:52:03","guid":{"rendered":"https:\/\/turbovac.nl\/thermoformers\/"},"modified":"2020-04-29T23:17:32","modified_gmt":"2020-04-29T22:17:32","slug":"termoformadoras","status":"publish","type":"page","link":"https:\/\/turbovac.nl\/es\/soluciones-de-empaque\/termoformadoras\/","title":{"rendered":"Termoformadoras"},"content":{"rendered":"<p>[vc_row type=\u00bbfull_width_background\u00bb bg_color=\u00bb#fcfcfc\u00bb][vc_column][vc_row_inner][vc_column_inner width=\u00bb1\/6&#8243;][\/vc_column_inner][vc_column_inner width=\u00bb2\/3&#8243;][vc_custom_heading text=\u00bbTermo formadora de clase mundial por pel\u00edcula r\u00edgida y flexible\u00bb font_container=\u00bbtag:h2|font_size:16|text_align:center|color:%23727272|line_height:1.2&#8243; use_theme_fonts=\u00bbyes\u00bb][vc_empty_space height=\u00bb20&#8243;][vc_custom_heading text=\u00bbTERMOFORMADORAS DE TURBOVAC\u00bb font_container=\u00bbtag:h1|font_size:40|text_align:center|color:%23494949&#8243; use_theme_fonts=\u00bbyes\u00bb][vc_empty_space height=\u00bb20&#8243;][\/vc_column_inner][vc_column_inner width=\u00bb1\/6&#8243;][\/vc_column_inner][\/vc_row_inner][vc_column_text]<\/p>\n<p style=\"text-align: center;\">La gama de termoformadoras ha sido dise\u00f1ada para satisfacer las necesidades de peque\u00f1as y medianas operaciones que requieren el mejor valor de su dinero en rendimiento, higiene, calidad, fiabilidad, utilidad y durabilidad. El intuitivo sistema de f\u00e1cil control facilita la programaci\u00f3n proporcionando informaci\u00f3n administrativa relevante salvaguarda la operaci\u00f3n apropiada. Todas las piezas son muy accesibles para un f\u00e1cil mantenimiento y limpieza. La elecci\u00f3n de los materiales, la calidad y el dise\u00f1o nos hace sentir orgullosos de ser capaces de ofrecer esta gama de termoformadoras.<\/p>\n<p>[\/vc_column_text][vc_row_inner][vc_column_inner width=\u00bb1\/2&#8243;][vc_empty_space height=\u00bb60&#8243;][vc_custom_heading text=\u00bbTermoformadoras de clase mundial hechas a medida para pel\u00edcula flexible y r\u00edgida.\u00bb font_container=\u00bbtag:h2|font_size:22|text_align:left\u00bb google_fonts=\u00bbfont_family:Raleway%3A100%2C200%2C300%2Cregular%2C500%2C600%2C700%2C800%2C900|font_style:700%20bold%20regular%3A700%3Anormal\u00bb][vc_empty_space height=\u00bb15&#8243;][vc_column_text]<strong>&gt; Anchos de pel\u00edcula est\u00e1ndar: 285 &#8211; 320 &#8211; 355 &#8211; 420 mm<\/strong><br \/>\n<strong>&gt; Carreras est\u00e1ndar: 240 &#8211; 270 &#8211; 300 mm<\/strong><br \/>\n<strong>&gt; Todas las dem\u00e1s opciones disponibles<\/strong>[\/vc_column_text][list icon=\u00bbsteadysets-icon-star\u00bb][list_item title=\u00bbEst\u00e1ndar: Pantalla preparada para conexi\u00f3n remota y control a trav\u00e9s de Ethernet; por ejemplo para actualizaciones de software\u00bb][list_item title=\u00bbEst\u00e1ndar: Sincronizaci\u00f3n de dispositivos perif\u00e9ricos, como etiquetadora, impresora, dispositivos de llenado o carga\u00bb][list_item title=\u00bbEst\u00e1ndar: Armario con control de calefacci\u00f3n para prevenir la condensaci\u00f3n en circuitos el\u00e9ctricos\u00bb][\/list][vc_empty_space height=\u00bb40&#8243;][vc_btn title=\u00bbRellene sus datos espec\u00edficos y solicite un presupuesto\u00bb style=\u00bboutline\u00bb shape=\u00bbsquare\u00bb color=\u00bbjuicy-pink\u00bb size=\u00bblg\u00bb link=\u00bburl:https%3A%2F%2Fturbovac.nl%2Fes%2Fconfigurador-de-la-maquina-termoformadora%2F|title:THERMOFORMER%20MACHINE%20CONFIGURATOR||\u00bb][vc_column_text]Todas las partes son muy accesibles para facilitar el servicio y la limpieza. La elecci\u00f3n inflexible de materiales de calidad y dise\u00f1o nos hace sentir orgullosos de poder ofrecer esta gama de termoformadoras.[\/vc_column_text][\/vc_column_inner][vc_column_inner width=\u00bb1\/2&#8243;][vc_empty_space][vc_single_image image=\u00bb5084&#8243; img_size=\u00bblarge\u00bb alignment=\u00bbcenter\u00bb][vc_btn title=\u00bbVER TODOS LOS MODELOS Y ESPECIFICACIONES\u00bb style=\u00bbflat\u00bb shape=\u00bbsquare\u00bb color=\u00bbjuicy-pink\u00bb align=\u00bbcenter\u00bb i_align=\u00bbright\u00bb i_type=\u00bbopeniconic\u00bb i_icon_openiconic=\u00bbvc-oi vc-oi-down-circle\u00bb button_block=\u00bbtrue\u00bb add_icon=\u00bbtrue\u00bb link=\u00bburl:https%3A%2F%2Fturbovac.nl%2Fwp-content%2Fuploads%2F2020%2F04%2F10-Turbovac-Foletto-Termoformadoras.pdf||target:%20_blank|\u00bb][vc_btn title=\u00bbDESCARGAR FOLLETO\u00bb style=\u00bbflat\u00bb shape=\u00bbsquare\u00bb align=\u00bbcenter\u00bb i_align=\u00bbright\u00bb i_type=\u00bbopeniconic\u00bb i_icon_openiconic=\u00bbvc-oi vc-oi-down-circle\u00bb button_block=\u00bbtrue\u00bb add_icon=\u00bbtrue\u00bb link=\u00bburl:https%3A%2F%2Fturbovac.nl%2Fwp-content%2Fuploads%2F2020%2F03%2F140519-TV-Corporate-Brochure-SP.pdf||target:%20_blank|\u00bb][\/vc_column_inner][\/vc_row_inner][\/vc_column][\/vc_row][vc_row full_width=\u00bb\u00bb parallax=\u00bb\u00bb parallax_image=\u00bb\u00bb][vc_column width=\u00bb1\/3&#8243; css=\u00bb.vc_custom_1568118419395{border-top-width: 1px !important;border-top-color: #d1d1d1 !important;border-top-style: solid !important;}\u00bb][vc_empty_space][vc_custom_heading text=\u00bbCertificado CE y ETL\u00bb font_container=\u00bbtag:h2|font_size:22|text_align:left\u00bb use_theme_fonts=\u00bbyes\u00bb][vc_empty_space height=\u00bb15&#8243;][vc_column_text]<\/p>\n<div class=\"col-lg-4\">\n<div class=\"media\">\n<div class=\"media__content\">\n<div class=\"col-lg-4\">\n<div class=\"media\">\n<div class=\"media__content\">\n<p>El equipo Turbovac est\u00e1 certificado por ETL y cumple con las normas UL, NSF y CE.<\/p>\n<\/div>\n<\/div>\n<\/div>\n<div class=\"col-lg-4\">\n<div class=\"media\">\n<div class=\"media__icon\"><\/div>\n<\/div>\n<\/div>\n<\/div>\n<\/div>\n<\/div>\n<p>[\/vc_column_text][\/vc_column][vc_column width=\u00bb1\/3&#8243; css=\u00bb.vc_custom_1568118428707{border-top-width: 1px !important;border-top-color: #d8d8d8 !important;border-top-style: solid !important;}\u00bb][vc_empty_space][vc_custom_heading text=\u00bbBomba Busch\u00bb font_container=\u00bbtag:h2|font_size:22|text_align:left|color:%234c4c4c\u00bb use_theme_fonts=\u00bbyes\u00bb][vc_empty_space height=\u00bb15&#8243;][vc_column_text]<\/p>\n<div class=\"col-lg-4\">\n<div class=\"media\">\n<div class=\"media__content\">\n<p class=\"media__text\">Todas las m\u00e1quinas de Turbovac est\u00e1n equipadas con una bomba de vac\u00edo Busch<\/p>\n<\/div>\n<\/div>\n<\/div>\n<p>[\/vc_column_text][\/vc_column][vc_column width=\u00bb1\/3&#8243; css=\u00bb.vc_custom_1568118438842{border-top-width: 1px !important;border-top-color: #dddddd !important;border-top-style: solid !important;}\u00bb][vc_empty_space][vc_custom_heading text=\u00bbOpciones\u00bb font_container=\u00bbtag:h2|font_size:22|text_align:left|color:%234c4c4c\u00bb use_theme_fonts=\u00bbyes\u00bb][vc_empty_space height=\u00bb15&#8243;][vc_column_text]<\/p>\n<div class=\"col-lg-4\">\n<div class=\"media\">\n<div class=\"media__content\">\n<p class=\"media__text\">Todas las m\u00e1quinas de Turbovac est\u00e1n disponibles con varias opciones<\/p>\n<\/div>\n<\/div>\n<\/div>\n<p>[\/vc_column_text][\/vc_column][\/vc_row][vc_row type=\u00bbfull_width_background\u00bb bg_color=\u00bb#b20000&#8243; text_color=\u00bblight\u00bb top_padding=\u00bb35&#8243; bottom_padding=\u00bb35&#8243;][vc_column][textbar button_title=\u00bbCONTACTE CON NUESTRO ESPECIALISTA\u00bb button_link=\u00bbhttps:\/\/turbovac.nl\/es\/formulario-de-contacto\/\u00bb icon=\u00bbsteadysets-icon-type\u00bb]<\/p>\n<p style=\"text-align: left;\">\u00bfTiene alguna pregunta sobre nuestros termoformadores?<\/p>\n<p>[\/textbar][\/vc_column][\/vc_row][vc_row type=\u00bbfull_width_content\u00bb bg_image=\u00bb2610&#8243; bg_color=\u00bb#6d6d6d\u00bb top_padding=\u00bb0&#8243;][vc_column width=\u00bb1\/2&#8243; centered_cont=\u00bbtrue\u00bb background_image=\u00bb6416&#8243;][vc_column_text]<br \/>\n[\/vc_column_text][\/vc_column][vc_column width=\u00bb1\/2&#8243; column_padding=\u00bb4%\u00bb css=\u00bb.vc_custom_1582121599893{background-color: #333333 !important;}\u00bb][vc_empty_space height=\u00bb200&#8243;][vc_custom_heading text=\u00bb\u00abEsta termoformadora contribuye a la realizaci\u00f3n de nuestros requisitos de calidad\u00ab\u00bb font_container=\u00bbtag:h2|font_size:40|text_align:left|color:%23ffffff|line_height:1.2&#8243; google_fonts=\u00bbfont_family:Merriweather%3A300%2C300italic%2Cregular%2Citalic%2C700%2C700italic%2C900%2C900italic|font_style:300%20light%20italic%3A300%3Aitalic\u00bb][vc_empty_space height=\u00bb200&#8243;][\/vc_column][\/vc_row][vc_row type=\u00bbfull_width_background\u00bb class=\u00bbkolomOver\u00bb][vc_column width=\u00bb1\/3&#8243; el_class=\u00bbkolomOver\u00bb][services_medium title=\u00bbINDUSTRIA C\u00c1RNICA\u00bb style=\u00bbstyle_3&#8243; icon=\u00bbsteadysets-icon-bones\u00bb icon_color=\u00bb#d20037&#8243; border_color=\u00bb#d20037&#8243; dynamic_content_link=\u00bbhttps:\/\/turbovac.nl\/es\/markets\/industria-de-procesamiento-de-carne\/\u00bb]Envases de alta calidad para mejorar sus clientes.[\/services_medium][\/vc_column][vc_column width=\u00bb1\/3&#8243; el_class=\u00bbkolomOver\u00bb][services_medium title=\u00bbPROCESAMIENTO DE ALIMENTOS\u00bb style=\u00bbstyle_3&#8243; icon=\u00bblinecon-icon-food\u00bb icon_color=\u00bb#d20037&#8243; border_color=\u00bb#d20037&#8243; dynamic_content_link=\u00bbhttps:\/\/turbovac.nl\/es\/markets\/industria-de-procesamiento-de-alimentos\/\u00bb]Optimizaci\u00f3n y flexibilidad en todo tipo de procesamiento de alimentos.[\/services_medium][\/vc_column][vc_column width=\u00bb1\/3&#8243; el_class=\u00bbkolomOver\u00bb][services_medium title=\u00bbINDUSTRIA NO ALIMENTARIA\u00bb style=\u00bbstyle_3&#8243; icon=\u00bbsteadysets-icon-lab\u00bb icon_color=\u00bb#d20037&#8243; border_color=\u00bb#d20037&#8243; dynamic_content_link=\u00bbhttps:\/\/turbovac.nl\/es\/markets\/industria-no-alimentaria\/\u00bb]Protecci\u00f3n \u00f3ptima contra la suciedad, el polvo y la humedad.[\/services_medium][\/vc_column][\/vc_row][vc_row type=\u00bbfull_width_content\u00bb][vc_column background_color=\u00bb#75001f\u00bb][vc_empty_space][vc_custom_heading text=\u00bbCAPTURE QUALITY\u00bb font_container=\u00bbtag:h2|font_size:35|text_align:center|color:%23ffffff|line_height:1.25&#8243; use_theme_fonts=\u00bbyes\u00bb][vc_empty_space][\/vc_column][\/vc_row]<\/p>\n","protected":false},"excerpt":{"rendered":"<p>[vc_row type=\u00bbfull_width_background\u00bb bg_color=\u00bb#fcfcfc\u00bb][vc_column][vc_row_inner][vc_column_inner width=\u00bb1\/6&#8243;][\/vc_column_inner][vc_column_inner width=\u00bb2\/3&#8243;][vc_custom_heading text=\u00bbTermo formadora de clase mundial por pel\u00edcula r\u00edgida y flexible\u00bb font_container=\u00bbtag:h2|font_size:16|text_align:center|color:%23727272|line_height:1.2&#8243; use_theme_fonts=\u00bbyes\u00bb][vc_empty_space height=\u00bb20&#8243;][vc_custom_heading text=\u00bbTERMOFORMADORAS DE TURBOVAC\u00bb font_container=\u00bbtag:h1|font_size:40|text_align:center|color:%23494949&#8243; use_theme_fonts=\u00bbyes\u00bb][vc_empty_space height=\u00bb20&#8243;][\/vc_column_inner][vc_column_inner width=\u00bb1\/6&#8243;][\/vc_column_inner][\/vc_row_inner][vc_column_text] La gama de termoformadoras ha sido dise\u00f1ada para satisfacer las necesidades de peque\u00f1as y medianas operaciones que requieren el mejor valor de su dinero en rendimiento, higiene, calidad, fiabilidad, utilidad [&hellip;]<\/p>\n","protected":false},"author":6,"featured_media":3902,"parent":9776,"menu_order":0,"comment_status":"closed","ping_status":"closed","template":"","meta":{"_monsterinsights_skip_tracking":false,"_monsterinsights_sitenote_active":false,"_monsterinsights_sitenote_note":"","_monsterinsights_sitenote_category":0,"footnotes":""},"class_list":["post-9750","page","type-page","status-publish","has-post-thumbnail","hentry"],"yoast_head":"<!-- This site is optimized with the Yoast SEO plugin v22.7 - https:\/\/yoast.com\/wordpress\/plugins\/seo\/ -->\n<title>Termoformadoras hechos a medida | Turbovac - Capture Quality<\/title>\n<meta name=\"description\" content=\"Termoformadoras de clase mundial hechas a medida para pel\u00edculas flexibles y r\u00edgidas. El sistema de control de f\u00e1cil manejo facilita la programaci\u00f3n, proporciona una gesti\u00f3n relevante\" \/>\n<meta name=\"robots\" content=\"index, follow, max-snippet:-1, max-image-preview:large, max-video-preview:-1\" \/>\n<link rel=\"canonical\" href=\"https:\/\/turbovac.nl\/es\/soluciones-de-empaque\/termoformadoras\/\" \/>\n<meta property=\"og:locale\" content=\"es_ES\" \/>\n<meta property=\"og:type\" content=\"article\" \/>\n<meta property=\"og:title\" content=\"Termoformadoras hechos a medida | Turbovac - Capture Quality\" \/>\n<meta property=\"og:description\" content=\"Termoformadoras de clase mundial hechas a medida para pel\u00edculas flexibles y r\u00edgidas. El sistema de control de f\u00e1cil manejo facilita la programaci\u00f3n, proporciona una gesti\u00f3n relevante\" \/>\n<meta property=\"og:url\" content=\"https:\/\/turbovac.nl\/es\/soluciones-de-empaque\/termoformadoras\/\" \/>\n<meta property=\"og:site_name\" content=\"TURBOVAC\" \/>\n<meta property=\"article:modified_time\" content=\"2020-04-29T22:17:32+00:00\" \/>\n<meta property=\"og:image\" content=\"https:\/\/turbovac.nl\/wp-content\/uploads\/2019\/10\/TT-zoom3940-1.jpg\" \/>\n\t<meta property=\"og:image:width\" content=\"1000\" \/>\n\t<meta property=\"og:image:height\" content=\"1064\" \/>\n\t<meta property=\"og:image:type\" content=\"image\/jpeg\" \/>\n<meta name=\"twitter:card\" content=\"summary_large_image\" \/>\n<meta name=\"twitter:label1\" content=\"Tiempo de lectura\" \/>\n\t<meta name=\"twitter:data1\" content=\"6 minutos\" \/>\n<script type=\"application\/ld+json\" class=\"yoast-schema-graph\">{\"@context\":\"https:\/\/schema.org\",\"@graph\":[{\"@type\":\"WebPage\",\"@id\":\"https:\/\/turbovac.nl\/es\/soluciones-de-empaque\/termoformadoras\/\",\"url\":\"https:\/\/turbovac.nl\/es\/soluciones-de-empaque\/termoformadoras\/\",\"name\":\"Termoformadoras hechos a medida | Turbovac - Capture Quality\",\"isPartOf\":{\"@id\":\"https:\/\/turbovac.nl\/#website\"},\"primaryImageOfPage\":{\"@id\":\"https:\/\/turbovac.nl\/es\/soluciones-de-empaque\/termoformadoras\/#primaryimage\"},\"image\":{\"@id\":\"https:\/\/turbovac.nl\/es\/soluciones-de-empaque\/termoformadoras\/#primaryimage\"},\"thumbnailUrl\":\"https:\/\/turbovac.nl\/wp-content\/uploads\/2019\/10\/TT-zoom3940-1.jpg\",\"datePublished\":\"2019-11-10T09:52:03+00:00\",\"dateModified\":\"2020-04-29T22:17:32+00:00\",\"description\":\"Termoformadoras de clase mundial hechas a medida para pel\u00edculas flexibles y r\u00edgidas. El sistema de control de f\u00e1cil manejo facilita la programaci\u00f3n, proporciona una gesti\u00f3n relevante\",\"breadcrumb\":{\"@id\":\"https:\/\/turbovac.nl\/es\/soluciones-de-empaque\/termoformadoras\/#breadcrumb\"},\"inLanguage\":\"es\",\"potentialAction\":[{\"@type\":\"ReadAction\",\"target\":[\"https:\/\/turbovac.nl\/es\/soluciones-de-empaque\/termoformadoras\/\"]}]},{\"@type\":\"ImageObject\",\"inLanguage\":\"es\",\"@id\":\"https:\/\/turbovac.nl\/es\/soluciones-de-empaque\/termoformadoras\/#primaryimage\",\"url\":\"https:\/\/turbovac.nl\/wp-content\/uploads\/2019\/10\/TT-zoom3940-1.jpg\",\"contentUrl\":\"https:\/\/turbovac.nl\/wp-content\/uploads\/2019\/10\/TT-zoom3940-1.jpg\",\"width\":1000,\"height\":1064,\"caption\":\"Tabletop detail Food processing industry\"},{\"@type\":\"BreadcrumbList\",\"@id\":\"https:\/\/turbovac.nl\/es\/soluciones-de-empaque\/termoformadoras\/#breadcrumb\",\"itemListElement\":[{\"@type\":\"ListItem\",\"position\":1,\"name\":\"Home\",\"item\":\"https:\/\/turbovac.nl\/es\/\"},{\"@type\":\"ListItem\",\"position\":2,\"name\":\"Soluciones de empaque\",\"item\":\"https:\/\/turbovac.nl\/es\/soluciones-de-empaque\/\"},{\"@type\":\"ListItem\",\"position\":3,\"name\":\"Termoformadoras\"}]},{\"@type\":\"WebSite\",\"@id\":\"https:\/\/turbovac.nl\/#website\",\"url\":\"https:\/\/turbovac.nl\/\",\"name\":\"TURBOVAC\",\"description\":\"Vacuum Packaging Machines\",\"potentialAction\":[{\"@type\":\"SearchAction\",\"target\":{\"@type\":\"EntryPoint\",\"urlTemplate\":\"https:\/\/turbovac.nl\/?s={search_term_string}\"},\"query-input\":\"required name=search_term_string\"}],\"inLanguage\":\"es\"}]}<\/script>\n<!-- \/ Yoast SEO plugin. -->","yoast_head_json":{"title":"Termoformadoras hechos a medida | Turbovac - Capture Quality","description":"Termoformadoras de clase mundial hechas a medida para pel\u00edculas flexibles y r\u00edgidas. El sistema de control de f\u00e1cil manejo facilita la programaci\u00f3n, proporciona una gesti\u00f3n relevante","robots":{"index":"index","follow":"follow","max-snippet":"max-snippet:-1","max-image-preview":"max-image-preview:large","max-video-preview":"max-video-preview:-1"},"canonical":"https:\/\/turbovac.nl\/es\/soluciones-de-empaque\/termoformadoras\/","og_locale":"es_ES","og_type":"article","og_title":"Termoformadoras hechos a medida | Turbovac - Capture Quality","og_description":"Termoformadoras de clase mundial hechas a medida para pel\u00edculas flexibles y r\u00edgidas. El sistema de control de f\u00e1cil manejo facilita la programaci\u00f3n, proporciona una gesti\u00f3n relevante","og_url":"https:\/\/turbovac.nl\/es\/soluciones-de-empaque\/termoformadoras\/","og_site_name":"TURBOVAC","article_modified_time":"2020-04-29T22:17:32+00:00","og_image":[{"width":1000,"height":1064,"url":"https:\/\/turbovac.nl\/wp-content\/uploads\/2019\/10\/TT-zoom3940-1.jpg","type":"image\/jpeg"}],"twitter_card":"summary_large_image","twitter_misc":{"Tiempo de lectura":"6 minutos"},"schema":{"@context":"https:\/\/schema.org","@graph":[{"@type":"WebPage","@id":"https:\/\/turbovac.nl\/es\/soluciones-de-empaque\/termoformadoras\/","url":"https:\/\/turbovac.nl\/es\/soluciones-de-empaque\/termoformadoras\/","name":"Termoformadoras hechos a medida | Turbovac - Capture Quality","isPartOf":{"@id":"https:\/\/turbovac.nl\/#website"},"primaryImageOfPage":{"@id":"https:\/\/turbovac.nl\/es\/soluciones-de-empaque\/termoformadoras\/#primaryimage"},"image":{"@id":"https:\/\/turbovac.nl\/es\/soluciones-de-empaque\/termoformadoras\/#primaryimage"},"thumbnailUrl":"https:\/\/turbovac.nl\/wp-content\/uploads\/2019\/10\/TT-zoom3940-1.jpg","datePublished":"2019-11-10T09:52:03+00:00","dateModified":"2020-04-29T22:17:32+00:00","description":"Termoformadoras de clase mundial hechas a medida para pel\u00edculas flexibles y r\u00edgidas. El sistema de control de f\u00e1cil manejo facilita la programaci\u00f3n, proporciona una gesti\u00f3n relevante","breadcrumb":{"@id":"https:\/\/turbovac.nl\/es\/soluciones-de-empaque\/termoformadoras\/#breadcrumb"},"inLanguage":"es","potentialAction":[{"@type":"ReadAction","target":["https:\/\/turbovac.nl\/es\/soluciones-de-empaque\/termoformadoras\/"]}]},{"@type":"ImageObject","inLanguage":"es","@id":"https:\/\/turbovac.nl\/es\/soluciones-de-empaque\/termoformadoras\/#primaryimage","url":"https:\/\/turbovac.nl\/wp-content\/uploads\/2019\/10\/TT-zoom3940-1.jpg","contentUrl":"https:\/\/turbovac.nl\/wp-content\/uploads\/2019\/10\/TT-zoom3940-1.jpg","width":1000,"height":1064,"caption":"Tabletop detail Food processing industry"},{"@type":"BreadcrumbList","@id":"https:\/\/turbovac.nl\/es\/soluciones-de-empaque\/termoformadoras\/#breadcrumb","itemListElement":[{"@type":"ListItem","position":1,"name":"Home","item":"https:\/\/turbovac.nl\/es\/"},{"@type":"ListItem","position":2,"name":"Soluciones de empaque","item":"https:\/\/turbovac.nl\/es\/soluciones-de-empaque\/"},{"@type":"ListItem","position":3,"name":"Termoformadoras"}]},{"@type":"WebSite","@id":"https:\/\/turbovac.nl\/#website","url":"https:\/\/turbovac.nl\/","name":"TURBOVAC","description":"Vacuum Packaging Machines","potentialAction":[{"@type":"SearchAction","target":{"@type":"EntryPoint","urlTemplate":"https:\/\/turbovac.nl\/?s={search_term_string}"},"query-input":"required name=search_term_string"}],"inLanguage":"es"}]}},"_links":{"self":[{"href":"https:\/\/turbovac.nl\/es\/wp-json\/wp\/v2\/pages\/9750","targetHints":{"allow":["GET"]}}],"collection":[{"href":"https:\/\/turbovac.nl\/es\/wp-json\/wp\/v2\/pages"}],"about":[{"href":"https:\/\/turbovac.nl\/es\/wp-json\/wp\/v2\/types\/page"}],"author":[{"embeddable":true,"href":"https:\/\/turbovac.nl\/es\/wp-json\/wp\/v2\/users\/6"}],"replies":[{"embeddable":true,"href":"https:\/\/turbovac.nl\/es\/wp-json\/wp\/v2\/comments?post=9750"}],"version-history":[{"count":6,"href":"https:\/\/turbovac.nl\/es\/wp-json\/wp\/v2\/pages\/9750\/revisions"}],"predecessor-version":[{"id":10450,"href":"https:\/\/turbovac.nl\/es\/wp-json\/wp\/v2\/pages\/9750\/revisions\/10450"}],"up":[{"embeddable":true,"href":"https:\/\/turbovac.nl\/es\/wp-json\/wp\/v2\/pages\/9776"}],"wp:featuredmedia":[{"embeddable":true,"href":"https:\/\/turbovac.nl\/es\/wp-json\/wp\/v2\/media\/3902"}],"wp:attachment":[{"href":"https:\/\/turbovac.nl\/es\/wp-json\/wp\/v2\/media?parent=9750"}],"curies":[{"name":"wp","href":"https:\/\/api.w.org\/{rel}","templated":true}]}}