{"id":9756,"date":"2019-11-14T16:00:17","date_gmt":"2019-11-14T15:00:17","guid":{"rendered":"https:\/\/turbovac.nl\/automatic-packaging-line\/"},"modified":"2020-04-29T23:19:25","modified_gmt":"2020-04-29T22:19:25","slug":"linea-de-empaque-automatica","status":"publish","type":"page","link":"https:\/\/turbovac.nl\/es\/soluciones-de-empaque\/linea-de-empaque-automatica\/","title":{"rendered":"L\u00ednea De Empaque Autom\u00e1tica"},"content":{"rendered":"<p>[vc_row type=\u00bbfull_width_background\u00bb bg_color=\u00bb#f9f9f9&#8243;][vc_column][vc_row_inner][vc_column_inner width=\u00bb1\/6&#8243;][\/vc_column_inner][vc_column_inner width=\u00bb2\/3&#8243;][vc_custom_heading text=\u00bbPara operaci\u00f3n continua\u00bb font_container=\u00bbtag:h2|font_size:16|text_align:center|color:%235e5e5e|line_height:1.2&#8243; use_theme_fonts=\u00bbyes\u00bb][vc_empty_space height=\u00bb20&#8243;][vc_custom_heading text=\u00bbLI\u0301NEA DE EMPAQUE AUTOMA\u0301TICA\u00bb font_container=\u00bbtag:h1|font_size:40|text_align:center|color:%23494949&#8243; use_theme_fonts=\u00bbyes\u00bb][vc_empty_space height=\u00bb20&#8243;][\/vc_column_inner][vc_column_inner width=\u00bb1\/6&#8243;][\/vc_column_inner][\/vc_row_inner][vc_column_text]<\/p>\n<p style=\"text-align: center;\">Despu\u00e9s de que la l\u00ednea de envasado autom\u00e1tico se cargue manualmente, la tapa se cerrar\u00e1 autom\u00e1ticamente y comenzar\u00e1 el ciclo de vac\u00edo. Despu\u00e9s del ciclo de vac\u00edo, la cubierta oscilar\u00e1 autom\u00e1ticamente hacia la otra plataforma de trabajo mientras que los productos envasados se descargar\u00e1n autom\u00e1ticamente en la cinta transportadora y se transportar\u00e1n al tanque de inmersi\u00f3n que iniciar\u00e1 autom\u00e1ticamente el corto ciclo de inmersi\u00f3n.<\/p>\n<p style=\"text-align: center;\">Despu\u00e9s de la inmersi\u00f3n el producto ser\u00e1 descargado en la mesa de salida. En la mesa de salida, el exceso de pel\u00edcula puede ser retirado del paquete de pl\u00e1stico retr\u00e1ctil si se ha utilizado un sellado 1-2. El sellado 1-2 es muy recomendable cuando se utilizan bolsas retr\u00e1ctiles. Para las bolsas de vac\u00edo normales el tanque de inmersi\u00f3n no es necesario.<\/p>\n<p>[\/vc_column_text][vc_empty_space height=\u00bb35px\u00bb][vc_row_inner el_class=\u00bbkolomOver\u00bb][vc_column_inner width=\u00bb1\/4&#8243;][vc_custom_heading text=\u00bbEst\u00e1ndar\u00bb font_container=\u00bbtag:h4|font_size:18|text_align:left|color:%23a5a5a5&#8243; use_theme_fonts=\u00bbyes\u00bb][vc_empty_space][list icon=\u00bbsteadysets-icon-star\u00bb][list_item title=\u00bbFabricaci\u00f3n robusta en acero inoxidable\u00bb][list_item title=\u00bbIP65 Controles a prueba de agua\u00bb][list_item title=\u00bbMovimiento neum\u00e1tico autom\u00e1tico de la c\u00e1mara de vac\u00edo\u00bb][list_item title=\u00bbOperaci\u00f3n manual, semiautom\u00e1tico o autom\u00e1tico\u00bb][list_item title=\u00bbControl de sensor 10 programas digitales de control de vac\u00edo\u00bb][list_item title=\u00bbPosici\u00f3n especial para limpieza\u00bb][list_item title=\u00bbBanda transportadora controlada por el movimiento de la campana de vac\u00edo y el tanque de inmersi\u00f3n\u00bb][list_item title=\u00bbEl tanque de inmersi\u00f3n tiene un control autom\u00e1tico de temperatura y nivel\u00bb][list_item title=\u00bbEl anaquel del tanque de inmersi\u00f3n puede ser removido para f\u00e1cil limpieza del tanque\u00bb][list_item title=\u00bbDirecci\u00f3n de entrada y salida de la izquierda o la derecha\u00bb][\/list][vc_custom_heading text=\u00bbOpcional\u00bb font_container=\u00bbtag:h4|font_size:18|text_align:left|color:%23a5a5a5&#8243; use_theme_fonts=\u00bbyes\u00bb][vc_empty_space][list icon=\u00bbsteadysets-icon-star\u00bb][list_item title=\u00bbCCC para bolsas de encogimiento o 2S\u00bb][list_item title=\u00bbInyecci\u00f3n de gas\u00bb][list_item title=\u00bbConexi\u00f3n de la bomba externa\u00bb][list_item title=\u00bb300M3 adicionales bomba externa\u00bb][\/list][vc_column_text]\n<div\n\tclass=\"yith-ywraq-add-to-quote add-to-quote-5187\" >\n\t\t<div class=\"yith-ywraq-add-button show\" style=\"display:block\"  data-product_id=\"5187\">\n\t\t\n<a href=\"#\" class=\"add-request-quote-button button\" data-product_id=\"5187\" data-wp_nonce=\"254aa629b5\" >\n\t\t\t\tA\u00f1adir a la cita\t<\/a>\n\t<\/div>\n\t<div\n\t\tclass=\"yith_ywraq_add_item_product-response-5187 yith_ywraq_add_item_product_message hide hide-when-removed\"\n\t\tstyle=\"display:none\" data-product_id=\"5187\"><\/div>\n\t<div\n\t\tclass=\"yith_ywraq_add_item_response-5187 yith_ywraq_add_item_response_message hide hide-when-removed\"\n\t\tdata-product_id=\"5187\"\n\t\tstyle=\"display:none\">This product is in your quote list already.<\/div>\n\t<div\n\t\tclass=\"yith_ywraq_add_item_browse-list-5187 yith_ywraq_add_item_browse_message  hide hide-when-removed\"\n\t\tstyle=\"display:none\"\n\t\tdata-product_id=\"5187\"><a\n\t\t\thref=\"https:\/\/turbovac.nl\/wishlist\/\">Ver lista<\/a><\/div>\n\n<\/div>\n\n<div class=\"clear\"><\/div>\n[\/vc_column_text][\/vc_column_inner][vc_column_inner width=\u00bb3\/4&#8243; background_color=\u00bb#ffffff\u00bb el_class=\u00bbkolomOver\u00bb][vc_single_image image=\u00bb4712&#8243; img_size=\u00bbfull\u00bb alignment=\u00bbcenter\u00bb onclick=\u00bbcustom_link\u00bb link=\u00bbhttps:\/\/turbovac.nl\/mobile-m1\/\u00bb][vc_btn title=\u00bbESPECIFICACIONES T\u00c9CNICAS\u00bb style=\u00bbflat\u00bb shape=\u00bbsquare\u00bb color=\u00bbjuicy-pink\u00bb align=\u00bbcenter\u00bb i_align=\u00bbright\u00bb i_type=\u00bbopeniconic\u00bb i_icon_openiconic=\u00bbvc-oi vc-oi-down-circle\u00bb button_block=\u00bbtrue\u00bb add_icon=\u00bbtrue\u00bb link=\u00bburl:https%3A%2F%2Fturbovac.nl%2Fwp-content%2Fuploads%2F2020%2F04%2F06-Turbovac-Foletto-Li%CC%81nea-de-Empaque-Automa%CC%81tica-A5000.pdf||target:%20_blank|\u00bb][vc_btn title=\u00bbDESCARGAR FOLLETO\u00bb style=\u00bbflat\u00bb shape=\u00bbsquare\u00bb align=\u00bbcenter\u00bb i_align=\u00bbright\u00bb i_type=\u00bbopeniconic\u00bb i_icon_openiconic=\u00bbvc-oi vc-oi-down-circle\u00bb button_block=\u00bbtrue\u00bb add_icon=\u00bbtrue\u00bb link=\u00bburl:https%3A%2F%2Fturbovac.nl%2Fwp-content%2Fuploads%2F2020%2F03%2F140519-TV-Corporate-Brochure-SP.pdf||target:%20_blank|\u00bb][\/vc_column_inner][\/vc_row_inner][\/vc_column][\/vc_row][vc_row][vc_column][vc_text_separator title=\u00bbTurbovac A5000 line &amp; Dryer\u00bb][vc_empty_space][vc_row_inner][vc_column_inner width=\u00bb1\/6&#8243;][\/vc_column_inner][vc_column_inner width=\u00bb2\/3&#8243;][vc_video link=\u00bbhttps:\/\/youtu.be\/qjLv4vF9dw0&#8243; align=\u00bbcenter\u00bb][\/vc_column_inner][vc_column_inner width=\u00bb1\/6&#8243;][\/vc_column_inner][\/vc_row_inner][\/vc_column][\/vc_row][vc_row full_width=\u00bb\u00bb parallax=\u00bb\u00bb parallax_image=\u00bb\u00bb][vc_column width=\u00bb1\/3&#8243; css=\u00bb.vc_custom_1568118419395{border-top-width: 1px !important;border-top-color: #d1d1d1 !important;border-top-style: solid !important;}\u00bb][vc_empty_space][vc_custom_heading text=\u00bbCertificado CE y ETL\u00bb font_container=\u00bbtag:h2|font_size:22|text_align:left\u00bb use_theme_fonts=\u00bbyes\u00bb][vc_empty_space height=\u00bb15&#8243;][vc_column_text]<\/p>\n<div class=\"col-lg-4\">\n<div class=\"media\">\n<div class=\"media__content\">\n<div class=\"col-lg-4\">\n<div class=\"media\">\n<div class=\"media__content\">\n<p>El equipo Turbovac est\u00e1 certificado por ETL y cumple con las normas UL, NSF y CE.<\/p>\n<\/div>\n<\/div>\n<\/div>\n<div class=\"col-lg-4\">\n<div class=\"media\">\n<div class=\"media__icon\"><\/div>\n<\/div>\n<\/div>\n<\/div>\n<\/div>\n<\/div>\n<p>[\/vc_column_text][\/vc_column][vc_column width=\u00bb1\/3&#8243; css=\u00bb.vc_custom_1568118428707{border-top-width: 1px !important;border-top-color: #d8d8d8 !important;border-top-style: solid !important;}\u00bb][vc_empty_space][vc_custom_heading text=\u00bbBomba Busch\u00bb font_container=\u00bbtag:h2|font_size:22|text_align:left|color:%234c4c4c\u00bb use_theme_fonts=\u00bbyes\u00bb][vc_empty_space height=\u00bb15&#8243;][vc_column_text]<\/p>\n<div class=\"col-lg-4\">\n<div class=\"media\">\n<div class=\"media__content\">\n<p class=\"media__text\">Todas las m\u00e1quinas de Turbovac est\u00e1n equipadas con una bomba de vac\u00edo Busch<\/p>\n<\/div>\n<\/div>\n<\/div>\n<p>[\/vc_column_text][\/vc_column][vc_column width=\u00bb1\/3&#8243; css=\u00bb.vc_custom_1568118438842{border-top-width: 1px !important;border-top-color: #dddddd !important;border-top-style: solid !important;}\u00bb][vc_empty_space][vc_custom_heading text=\u00bbOpciones\u00bb font_container=\u00bbtag:h2|font_size:22|text_align:left|color:%234c4c4c\u00bb use_theme_fonts=\u00bbyes\u00bb][vc_empty_space height=\u00bb15&#8243;][vc_column_text]<\/p>\n<div class=\"col-lg-4\">\n<div class=\"media\">\n<div class=\"media__content\">\n<p class=\"media__text\">Todas las m\u00e1quinas de Turbovac est\u00e1n disponibles con varias opciones<\/p>\n<\/div>\n<\/div>\n<\/div>\n<p>[\/vc_column_text][\/vc_column][\/vc_row][vc_row type=\u00bbfull_width_background\u00bb bg_color=\u00bb#b20000&#8243; text_color=\u00bblight\u00bb top_padding=\u00bb35&#8243; bottom_padding=\u00bb35&#8243;][vc_column][textbar button_title=\u00bbCONTACTE CON NUESTRO ESPECIALISTA\u00bb button_link=\u00bbhttps:\/\/turbovac.nl\/es\/formulario-de-contacto\/\u00bb icon=\u00bbsteadysets-icon-type\u00bb]<\/p>\n<p style=\"text-align: left;\">\u00bfTiene alguna pregunta sobre nuestra l\u00ednea de envasado autom\u00e1tico?<\/p>\n<p>[\/textbar][\/vc_column][\/vc_row][vc_row type=\u00bbfull_width_content\u00bb bg_image=\u00bb2610&#8243; bg_color=\u00bb#6d6d6d\u00bb top_padding=\u00bb0&#8243;][vc_column width=\u00bb1\/2&#8243; centered_cont=\u00bbtrue\u00bb background_image=\u00bb6393&#8243;][vc_column_text]<br \/>\n[\/vc_column_text][\/vc_column][vc_column width=\u00bb1\/2&#8243; column_padding=\u00bb4%\u00bb css=\u00bb.vc_custom_1582121794849{background-color: #333333 !important;}\u00bb][vc_empty_space height=\u00bb100&#8243;][vc_custom_heading text=\u00bb\u00abLa mejor opci\u00f3n para el funcionamiento continuo\u00ab\u00bb font_container=\u00bbtag:h2|font_size:40|text_align:left|color:%23ffffff|line_height:1.2&#8243; google_fonts=\u00bbfont_family:Merriweather%3A300%2C300italic%2Cregular%2Citalic%2C700%2C700italic%2C900%2C900italic|font_style:300%20light%20italic%3A300%3Aitalic\u00bb][vc_empty_space height=\u00bb100&#8243;][\/vc_column][\/vc_row][vc_row type=\u00bbfull_width_background\u00bb class=\u00bbkolomOver\u00bb][vc_column width=\u00bb1\/3&#8243; el_class=\u00bbkolomOver\u00bb][services_medium title=\u00bbINDUSTRIA C\u00c1RNICA\u00bb style=\u00bbstyle_3&#8243; icon=\u00bbsteadysets-icon-bones\u00bb icon_color=\u00bb#d20037&#8243; border_color=\u00bb#d20037&#8243; dynamic_content_link=\u00bbhttps:\/\/turbovac.nl\/es\/markets\/industria-de-procesamiento-de-carne\/\u00bb]Envases de alta calidad para mejorar sus clientes.[\/services_medium][\/vc_column][vc_column width=\u00bb1\/3&#8243; el_class=\u00bbkolomOver\u00bb][services_medium title=\u00bbPROCESAMIENTO DE ALIMENTOS\u00bb style=\u00bbstyle_3&#8243; icon=\u00bblinecon-icon-food\u00bb icon_color=\u00bb#d20037&#8243; border_color=\u00bb#d20037&#8243; dynamic_content_link=\u00bbhttps:\/\/turbovac.nl\/es\/markets\/industria-de-procesamiento-de-alimentos\/\u00bb]Optimizaci\u00f3n y flexibilidad en todo tipo de procesamiento de alimentos.[\/services_medium][\/vc_column][vc_column width=\u00bb1\/3&#8243; el_class=\u00bbkolomOver\u00bb][services_medium title=\u00bbINDUSTRIA NO ALIMENTARIA\u00bb style=\u00bbstyle_3&#8243; icon=\u00bbsteadysets-icon-lab\u00bb icon_color=\u00bb#d20037&#8243; border_color=\u00bb#d20037&#8243; dynamic_content_link=\u00bbhttps:\/\/turbovac.nl\/es\/markets\/industria-no-alimentaria\/\u00bb]Protecci\u00f3n \u00f3ptima contra la suciedad, el polvo y la humedad.[\/services_medium][\/vc_column][\/vc_row][vc_row type=\u00bbfull_width_content\u00bb][vc_column background_color=\u00bb#75001f\u00bb][vc_empty_space][vc_custom_heading text=\u00bbCAPTURE QUALITY\u00bb font_container=\u00bbtag:h2|font_size:35|text_align:center|color:%23ffffff|line_height:1.25&#8243; use_theme_fonts=\u00bbyes\u00bb][vc_empty_space][\/vc_column][\/vc_row]<\/p>\n","protected":false},"excerpt":{"rendered":"<p>[vc_row type=\u00bbfull_width_background\u00bb bg_color=\u00bb#f9f9f9&#8243;][vc_column][vc_row_inner][vc_column_inner width=\u00bb1\/6&#8243;][\/vc_column_inner][vc_column_inner width=\u00bb2\/3&#8243;][vc_custom_heading text=\u00bbPara operaci\u00f3n continua\u00bb font_container=\u00bbtag:h2|font_size:16|text_align:center|color:%235e5e5e|line_height:1.2&#8243; use_theme_fonts=\u00bbyes\u00bb][vc_empty_space height=\u00bb20&#8243;][vc_custom_heading text=\u00bbLI\u0301NEA DE EMPAQUE AUTOMA\u0301TICA\u00bb font_container=\u00bbtag:h1|font_size:40|text_align:center|color:%23494949&#8243; use_theme_fonts=\u00bbyes\u00bb][vc_empty_space height=\u00bb20&#8243;][\/vc_column_inner][vc_column_inner width=\u00bb1\/6&#8243;][\/vc_column_inner][\/vc_row_inner][vc_column_text] Despu\u00e9s de que la l\u00ednea de envasado autom\u00e1tico se cargue manualmente, la tapa se cerrar\u00e1 autom\u00e1ticamente y comenzar\u00e1 el ciclo de vac\u00edo. Despu\u00e9s del ciclo de vac\u00edo, la cubierta oscilar\u00e1 autom\u00e1ticamente hacia la otra plataforma de [&hellip;]<\/p>\n","protected":false},"author":6,"featured_media":3902,"parent":9776,"menu_order":0,"comment_status":"closed","ping_status":"closed","template":"","meta":{"_monsterinsights_skip_tracking":false,"_monsterinsights_sitenote_active":false,"_monsterinsights_sitenote_note":"","_monsterinsights_sitenote_category":0,"footnotes":""},"class_list":["post-9756","page","type-page","status-publish","has-post-thumbnail","hentry"],"yoast_head":"<!-- This site is optimized with the Yoast SEO plugin v22.7 - https:\/\/yoast.com\/wordpress\/plugins\/seo\/ -->\n<title>L\u00ednea De Empaque Autom\u00e1tica | Turbovac - first choice for professionals<\/title>\n<meta name=\"description\" content=\"L\u00ednea De Empaque Autom\u00e1tica para el funcionamiento continuo. Con doble c\u00e1mara autom\u00e1tica, m\u00e1quina de vac\u00edo, cinta transportadora y mesa de salida\" \/>\n<meta name=\"robots\" content=\"index, follow, max-snippet:-1, max-image-preview:large, max-video-preview:-1\" \/>\n<link rel=\"canonical\" href=\"https:\/\/turbovac.nl\/es\/soluciones-de-empaque\/linea-de-empaque-automatica\/\" \/>\n<meta property=\"og:locale\" content=\"es_ES\" \/>\n<meta property=\"og:type\" content=\"article\" \/>\n<meta property=\"og:title\" content=\"L\u00ednea De Empaque Autom\u00e1tica | Turbovac - first choice for professionals\" \/>\n<meta property=\"og:description\" content=\"L\u00ednea De Empaque Autom\u00e1tica para el funcionamiento continuo. Con doble c\u00e1mara autom\u00e1tica, m\u00e1quina de vac\u00edo, cinta transportadora y mesa de salida\" \/>\n<meta property=\"og:url\" content=\"https:\/\/turbovac.nl\/es\/soluciones-de-empaque\/linea-de-empaque-automatica\/\" \/>\n<meta property=\"og:site_name\" content=\"TURBOVAC\" \/>\n<meta property=\"article:modified_time\" content=\"2020-04-29T22:19:25+00:00\" \/>\n<meta property=\"og:image\" content=\"https:\/\/turbovac.nl\/wp-content\/uploads\/2019\/10\/TT-zoom3940-1.jpg\" \/>\n\t<meta property=\"og:image:width\" content=\"1000\" \/>\n\t<meta property=\"og:image:height\" content=\"1064\" \/>\n\t<meta property=\"og:image:type\" content=\"image\/jpeg\" \/>\n<meta name=\"twitter:card\" content=\"summary_large_image\" \/>\n<meta name=\"twitter:label1\" content=\"Tiempo de lectura\" \/>\n\t<meta name=\"twitter:data1\" content=\"6 minutos\" \/>\n<script type=\"application\/ld+json\" class=\"yoast-schema-graph\">{\"@context\":\"https:\/\/schema.org\",\"@graph\":[{\"@type\":\"WebPage\",\"@id\":\"https:\/\/turbovac.nl\/es\/soluciones-de-empaque\/linea-de-empaque-automatica\/\",\"url\":\"https:\/\/turbovac.nl\/es\/soluciones-de-empaque\/linea-de-empaque-automatica\/\",\"name\":\"L\u00ednea De Empaque Autom\u00e1tica | Turbovac - first choice for professionals\",\"isPartOf\":{\"@id\":\"https:\/\/turbovac.nl\/#website\"},\"primaryImageOfPage\":{\"@id\":\"https:\/\/turbovac.nl\/es\/soluciones-de-empaque\/linea-de-empaque-automatica\/#primaryimage\"},\"image\":{\"@id\":\"https:\/\/turbovac.nl\/es\/soluciones-de-empaque\/linea-de-empaque-automatica\/#primaryimage\"},\"thumbnailUrl\":\"https:\/\/turbovac.nl\/wp-content\/uploads\/2019\/10\/TT-zoom3940-1.jpg\",\"datePublished\":\"2019-11-14T15:00:17+00:00\",\"dateModified\":\"2020-04-29T22:19:25+00:00\",\"description\":\"L\u00ednea De Empaque Autom\u00e1tica para el funcionamiento continuo. Con doble c\u00e1mara autom\u00e1tica, m\u00e1quina de vac\u00edo, cinta transportadora y mesa de salida\",\"breadcrumb\":{\"@id\":\"https:\/\/turbovac.nl\/es\/soluciones-de-empaque\/linea-de-empaque-automatica\/#breadcrumb\"},\"inLanguage\":\"es\",\"potentialAction\":[{\"@type\":\"ReadAction\",\"target\":[\"https:\/\/turbovac.nl\/es\/soluciones-de-empaque\/linea-de-empaque-automatica\/\"]}]},{\"@type\":\"ImageObject\",\"inLanguage\":\"es\",\"@id\":\"https:\/\/turbovac.nl\/es\/soluciones-de-empaque\/linea-de-empaque-automatica\/#primaryimage\",\"url\":\"https:\/\/turbovac.nl\/wp-content\/uploads\/2019\/10\/TT-zoom3940-1.jpg\",\"contentUrl\":\"https:\/\/turbovac.nl\/wp-content\/uploads\/2019\/10\/TT-zoom3940-1.jpg\",\"width\":1000,\"height\":1064,\"caption\":\"Tabletop detail Food processing industry\"},{\"@type\":\"BreadcrumbList\",\"@id\":\"https:\/\/turbovac.nl\/es\/soluciones-de-empaque\/linea-de-empaque-automatica\/#breadcrumb\",\"itemListElement\":[{\"@type\":\"ListItem\",\"position\":1,\"name\":\"Home\",\"item\":\"https:\/\/turbovac.nl\/es\/\"},{\"@type\":\"ListItem\",\"position\":2,\"name\":\"Soluciones de empaque\",\"item\":\"https:\/\/turbovac.nl\/es\/soluciones-de-empaque\/\"},{\"@type\":\"ListItem\",\"position\":3,\"name\":\"L\u00ednea De Empaque Autom\u00e1tica\"}]},{\"@type\":\"WebSite\",\"@id\":\"https:\/\/turbovac.nl\/#website\",\"url\":\"https:\/\/turbovac.nl\/\",\"name\":\"TURBOVAC\",\"description\":\"Vacuum Packaging Machines\",\"potentialAction\":[{\"@type\":\"SearchAction\",\"target\":{\"@type\":\"EntryPoint\",\"urlTemplate\":\"https:\/\/turbovac.nl\/?s={search_term_string}\"},\"query-input\":\"required name=search_term_string\"}],\"inLanguage\":\"es\"}]}<\/script>\n<!-- \/ Yoast SEO plugin. -->","yoast_head_json":{"title":"L\u00ednea De Empaque Autom\u00e1tica | Turbovac - first choice for professionals","description":"L\u00ednea De Empaque Autom\u00e1tica para el funcionamiento continuo. Con doble c\u00e1mara autom\u00e1tica, m\u00e1quina de vac\u00edo, cinta transportadora y mesa de salida","robots":{"index":"index","follow":"follow","max-snippet":"max-snippet:-1","max-image-preview":"max-image-preview:large","max-video-preview":"max-video-preview:-1"},"canonical":"https:\/\/turbovac.nl\/es\/soluciones-de-empaque\/linea-de-empaque-automatica\/","og_locale":"es_ES","og_type":"article","og_title":"L\u00ednea De Empaque Autom\u00e1tica | Turbovac - first choice for professionals","og_description":"L\u00ednea De Empaque Autom\u00e1tica para el funcionamiento continuo. Con doble c\u00e1mara autom\u00e1tica, m\u00e1quina de vac\u00edo, cinta transportadora y mesa de salida","og_url":"https:\/\/turbovac.nl\/es\/soluciones-de-empaque\/linea-de-empaque-automatica\/","og_site_name":"TURBOVAC","article_modified_time":"2020-04-29T22:19:25+00:00","og_image":[{"width":1000,"height":1064,"url":"https:\/\/turbovac.nl\/wp-content\/uploads\/2019\/10\/TT-zoom3940-1.jpg","type":"image\/jpeg"}],"twitter_card":"summary_large_image","twitter_misc":{"Tiempo de lectura":"6 minutos"},"schema":{"@context":"https:\/\/schema.org","@graph":[{"@type":"WebPage","@id":"https:\/\/turbovac.nl\/es\/soluciones-de-empaque\/linea-de-empaque-automatica\/","url":"https:\/\/turbovac.nl\/es\/soluciones-de-empaque\/linea-de-empaque-automatica\/","name":"L\u00ednea De Empaque Autom\u00e1tica | Turbovac - first choice for professionals","isPartOf":{"@id":"https:\/\/turbovac.nl\/#website"},"primaryImageOfPage":{"@id":"https:\/\/turbovac.nl\/es\/soluciones-de-empaque\/linea-de-empaque-automatica\/#primaryimage"},"image":{"@id":"https:\/\/turbovac.nl\/es\/soluciones-de-empaque\/linea-de-empaque-automatica\/#primaryimage"},"thumbnailUrl":"https:\/\/turbovac.nl\/wp-content\/uploads\/2019\/10\/TT-zoom3940-1.jpg","datePublished":"2019-11-14T15:00:17+00:00","dateModified":"2020-04-29T22:19:25+00:00","description":"L\u00ednea De Empaque Autom\u00e1tica para el funcionamiento continuo. Con doble c\u00e1mara autom\u00e1tica, m\u00e1quina de vac\u00edo, cinta transportadora y mesa de salida","breadcrumb":{"@id":"https:\/\/turbovac.nl\/es\/soluciones-de-empaque\/linea-de-empaque-automatica\/#breadcrumb"},"inLanguage":"es","potentialAction":[{"@type":"ReadAction","target":["https:\/\/turbovac.nl\/es\/soluciones-de-empaque\/linea-de-empaque-automatica\/"]}]},{"@type":"ImageObject","inLanguage":"es","@id":"https:\/\/turbovac.nl\/es\/soluciones-de-empaque\/linea-de-empaque-automatica\/#primaryimage","url":"https:\/\/turbovac.nl\/wp-content\/uploads\/2019\/10\/TT-zoom3940-1.jpg","contentUrl":"https:\/\/turbovac.nl\/wp-content\/uploads\/2019\/10\/TT-zoom3940-1.jpg","width":1000,"height":1064,"caption":"Tabletop detail Food processing industry"},{"@type":"BreadcrumbList","@id":"https:\/\/turbovac.nl\/es\/soluciones-de-empaque\/linea-de-empaque-automatica\/#breadcrumb","itemListElement":[{"@type":"ListItem","position":1,"name":"Home","item":"https:\/\/turbovac.nl\/es\/"},{"@type":"ListItem","position":2,"name":"Soluciones de empaque","item":"https:\/\/turbovac.nl\/es\/soluciones-de-empaque\/"},{"@type":"ListItem","position":3,"name":"L\u00ednea De Empaque Autom\u00e1tica"}]},{"@type":"WebSite","@id":"https:\/\/turbovac.nl\/#website","url":"https:\/\/turbovac.nl\/","name":"TURBOVAC","description":"Vacuum Packaging Machines","potentialAction":[{"@type":"SearchAction","target":{"@type":"EntryPoint","urlTemplate":"https:\/\/turbovac.nl\/?s={search_term_string}"},"query-input":"required name=search_term_string"}],"inLanguage":"es"}]}},"_links":{"self":[{"href":"https:\/\/turbovac.nl\/es\/wp-json\/wp\/v2\/pages\/9756","targetHints":{"allow":["GET"]}}],"collection":[{"href":"https:\/\/turbovac.nl\/es\/wp-json\/wp\/v2\/pages"}],"about":[{"href":"https:\/\/turbovac.nl\/es\/wp-json\/wp\/v2\/types\/page"}],"author":[{"embeddable":true,"href":"https:\/\/turbovac.nl\/es\/wp-json\/wp\/v2\/users\/6"}],"replies":[{"embeddable":true,"href":"https:\/\/turbovac.nl\/es\/wp-json\/wp\/v2\/comments?post=9756"}],"version-history":[{"count":6,"href":"https:\/\/turbovac.nl\/es\/wp-json\/wp\/v2\/pages\/9756\/revisions"}],"predecessor-version":[{"id":10452,"href":"https:\/\/turbovac.nl\/es\/wp-json\/wp\/v2\/pages\/9756\/revisions\/10452"}],"up":[{"embeddable":true,"href":"https:\/\/turbovac.nl\/es\/wp-json\/wp\/v2\/pages\/9776"}],"wp:featuredmedia":[{"embeddable":true,"href":"https:\/\/turbovac.nl\/es\/wp-json\/wp\/v2\/media\/3902"}],"wp:attachment":[{"href":"https:\/\/turbovac.nl\/es\/wp-json\/wp\/v2\/media?parent=9756"}],"curies":[{"name":"wp","href":"https:\/\/api.w.org\/{rel}","templated":true}]}}