{"id":9768,"date":"2019-12-12T14:37:59","date_gmt":"2019-12-12T13:37:59","guid":{"rendered":"https:\/\/turbovac.nl\/vacuummachines\/"},"modified":"2020-04-27T12:32:39","modified_gmt":"2020-04-27T11:32:39","slug":"maquinas-de-vacio","status":"publish","type":"page","link":"https:\/\/turbovac.nl\/es\/maquinas-de-vacio\/","title":{"rendered":"M\u00e1quinas de vac\u00edo"},"content":{"rendered":"<p>[vc_row type=\u00bbfull_width_background\u00bb bg_color=\u00bb#f9f9f9&#8243; class=\u00bbkolomOver\u00bb][vc_column width=\u00bb1\/4&#8243; el_class=\u00bbkolomOver\u00bb][vc_empty_space height=\u00bb20&#8243;][vc_single_image image=\u00bb7432&#8243; img_size=\u00bbfull\u00bb alignment=\u00bbcenter\u00bb onclick=\u00bbcustom_link\u00bb link=\u00bbhttps:\/\/turbovac.nl\/es\/maquinas-de-vacio\/modelos-de-mesa\/\u00bb][vc_empty_space height=\u00bb10px\u00bb][vc_custom_heading text=\u00bbMODELOS DE MESA\u00bb font_container=\u00bbtag:h2|font_size:24|text_align:center|line_height:1.2&#8243; use_theme_fonts=\u00bbyes\u00bb link=\u00bburl:https%3A%2F%2Fturbovac.nl%2Fes%2Fmaquinas-de-vacio%2Fmodelos-de-mesa%2F|title:Tabletop%20Range||\u00bb][\/vc_column][vc_column width=\u00bb1\/4&#8243; el_class=\u00bbkolomOver\u00bb][vc_empty_space height=\u00bb20&#8243;][vc_single_image image=\u00bb8616&#8243; img_size=\u00bbfull\u00bb alignment=\u00bbcenter\u00bb onclick=\u00bbcustom_link\u00bb link=\u00bbhttps:\/\/turbovac.nl\/es\/maquinas-de-vacio\/rango-modelos-de-mesa-nsf\/\u00bb][vc_empty_space height=\u00bb10px\u00bb][vc_custom_heading text=\u00bbMODELOS DE MESA NSF\u00bb font_container=\u00bbtag:h2|font_size:24|text_align:center|line_height:1.2&#8243; use_theme_fonts=\u00bbyes\u00bb link=\u00bburl:https%3A%2F%2Fturbovac.nl%2Fes%2Fmaquinas-de-vacio%2Frango-modelos-de-mesa-nsf%2F|title:Tabletop%20NSF%20Range||\u00bb][\/vc_column][vc_column width=\u00bb1\/4&#8243; el_class=\u00bbkolomOver\u00bb][vc_empty_space height=\u00bb20&#8243;][vc_single_image image=\u00bb7458&#8243; img_size=\u00bbfull\u00bb alignment=\u00bbcenter\u00bb onclick=\u00bbcustom_link\u00bb link=\u00bbhttps:\/\/turbovac.nl\/es\/maquinas-de-vacio\/rango-movil\/\u00bb][vc_empty_space height=\u00bb10px\u00bb][vc_custom_heading text=\u00bbRANGO M\u00d3VIL\u00bb font_container=\u00bbtag:h2|font_size:24|text_align:center|line_height:1.2&#8243; use_theme_fonts=\u00bbyes\u00bb link=\u00bburl:https%3A%2F%2Fturbovac.nl%2Fes%2Fmaquinas-de-vacio%2Frango-movil%2F|title:Mobile%20Range||\u00bb][\/vc_column][vc_column width=\u00bb1\/4&#8243; el_class=\u00bbkolomOver\u00bb][vc_empty_space height=\u00bb20&#8243;][vc_single_image image=\u00bb7489&#8243; img_size=\u00bbfull\u00bb alignment=\u00bbcenter\u00bb onclick=\u00bbcustom_link\u00bb link=\u00bbhttps:\/\/turbovac.nl\/es\/maquinas-de-vacio\/rango-doble-campana\/\u00bb][vc_empty_space height=\u00bb10px\u00bb][vc_custom_heading text=\u00bbRANGO DOBLE CAMPANA\u00bb font_container=\u00bbtag:h2|font_size:24|text_align:center|line_height:1.2&#8243; use_theme_fonts=\u00bbyes\u00bb link=\u00bburl:https%3A%2F%2Fturbovac.nl%2Fes%2Fmaquinas-de-vacio%2Frango-doble-campana%2F|title:Double%20Chamber%20Range||\u00bb][\/vc_column][\/vc_row][vc_row type=\u00bbfull_width_content\u00bb][vc_column background_color=\u00bb#75001f\u00bb][vc_empty_space][vc_custom_heading text=\u00bbCAPTURE QUALITY\u00bb font_container=\u00bbtag:h2|font_size:35|text_align:center|color:%23ffffff|line_height:1.25&#8243; use_theme_fonts=\u00bbyes\u00bb][vc_empty_space][\/vc_column][\/vc_row]<\/p>\n","protected":false},"excerpt":{"rendered":"<p>[vc_row type=\u00bbfull_width_background\u00bb bg_color=\u00bb#f9f9f9&#8243; class=\u00bbkolomOver\u00bb][vc_column width=\u00bb1\/4&#8243; el_class=\u00bbkolomOver\u00bb][vc_empty_space height=\u00bb20&#8243;][vc_single_image image=\u00bb7432&#8243; img_size=\u00bbfull\u00bb alignment=\u00bbcenter\u00bb onclick=\u00bbcustom_link\u00bb link=\u00bbhttps:\/\/turbovac.nl\/es\/maquinas-de-vacio\/modelos-de-mesa\/\u00bb][vc_empty_space height=\u00bb10px\u00bb][vc_custom_heading text=\u00bbMODELOS DE MESA\u00bb font_container=\u00bbtag:h2|font_size:24|text_align:center|line_height:1.2&#8243; use_theme_fonts=\u00bbyes\u00bb link=\u00bburl:https%3A%2F%2Fturbovac.nl%2Fes%2Fmaquinas-de-vacio%2Fmodelos-de-mesa%2F|title:Tabletop%20Range||\u00bb][\/vc_column][vc_column width=\u00bb1\/4&#8243; el_class=\u00bbkolomOver\u00bb][vc_empty_space height=\u00bb20&#8243;][vc_single_image image=\u00bb8616&#8243; img_size=\u00bbfull\u00bb alignment=\u00bbcenter\u00bb onclick=\u00bbcustom_link\u00bb link=\u00bbhttps:\/\/turbovac.nl\/es\/maquinas-de-vacio\/rango-modelos-de-mesa-nsf\/\u00bb][vc_empty_space height=\u00bb10px\u00bb][vc_custom_heading text=\u00bbMODELOS DE MESA NSF\u00bb font_container=\u00bbtag:h2|font_size:24|text_align:center|line_height:1.2&#8243; use_theme_fonts=\u00bbyes\u00bb link=\u00bburl:https%3A%2F%2Fturbovac.nl%2Fes%2Fmaquinas-de-vacio%2Frango-modelos-de-mesa-nsf%2F|title:Tabletop%20NSF%20Range||\u00bb][\/vc_column][vc_column width=\u00bb1\/4&#8243; el_class=\u00bbkolomOver\u00bb][vc_empty_space height=\u00bb20&#8243;][vc_single_image image=\u00bb7458&#8243; img_size=\u00bbfull\u00bb alignment=\u00bbcenter\u00bb onclick=\u00bbcustom_link\u00bb link=\u00bbhttps:\/\/turbovac.nl\/es\/maquinas-de-vacio\/rango-movil\/\u00bb][vc_empty_space height=\u00bb10px\u00bb][vc_custom_heading text=\u00bbRANGO M\u00d3VIL\u00bb font_container=\u00bbtag:h2|font_size:24|text_align:center|line_height:1.2&#8243; use_theme_fonts=\u00bbyes\u00bb link=\u00bburl:https%3A%2F%2Fturbovac.nl%2Fes%2Fmaquinas-de-vacio%2Frango-movil%2F|title:Mobile%20Range||\u00bb][\/vc_column][vc_column width=\u00bb1\/4&#8243; el_class=\u00bbkolomOver\u00bb][vc_empty_space height=\u00bb20&#8243;][vc_single_image image=\u00bb7489&#8243; img_size=\u00bbfull\u00bb alignment=\u00bbcenter\u00bb [&hellip;]<\/p>\n","protected":false},"author":6,"featured_media":3902,"parent":0,"menu_order":0,"comment_status":"closed","ping_status":"closed","template":"","meta":{"_monsterinsights_skip_tracking":false,"_monsterinsights_sitenote_active":false,"_monsterinsights_sitenote_note":"","_monsterinsights_sitenote_category":0,"footnotes":""},"class_list":["post-9768","page","type-page","status-publish","has-post-thumbnail","hentry"],"yoast_head":"<!-- This site is optimized with the Yoast SEO plugin v22.7 - https:\/\/yoast.com\/wordpress\/plugins\/seo\/ -->\n<title>M\u00e1quinas de vac\u00edo | Turbovac - 1st choice for professionals<\/title>\n<meta name=\"description\" content=\"Turbovac tiene una amplia gama de m\u00e1quinas de vac\u00edo para los siguientes mercados: Gastronom\u00eda, industria c\u00e1rnica y de procesamiento de alimentos\" \/>\n<meta name=\"robots\" content=\"index, follow, max-snippet:-1, max-image-preview:large, max-video-preview:-1\" \/>\n<link rel=\"canonical\" href=\"https:\/\/turbovac.nl\/es\/maquinas-de-vacio\/\" \/>\n<meta property=\"og:locale\" content=\"es_ES\" \/>\n<meta property=\"og:type\" content=\"article\" \/>\n<meta property=\"og:title\" content=\"M\u00e1quinas de vac\u00edo | Turbovac - 1st choice for professionals\" \/>\n<meta property=\"og:description\" content=\"Turbovac tiene una amplia gama de m\u00e1quinas de vac\u00edo para los siguientes mercados: Gastronom\u00eda, industria c\u00e1rnica y de procesamiento de alimentos\" \/>\n<meta property=\"og:url\" content=\"https:\/\/turbovac.nl\/es\/maquinas-de-vacio\/\" \/>\n<meta property=\"og:site_name\" content=\"TURBOVAC\" \/>\n<meta property=\"article:modified_time\" content=\"2020-04-27T11:32:39+00:00\" \/>\n<meta property=\"og:image\" content=\"https:\/\/turbovac.nl\/wp-content\/uploads\/2019\/10\/TT-zoom3940-1.jpg\" \/>\n\t<meta property=\"og:image:width\" content=\"1000\" \/>\n\t<meta property=\"og:image:height\" content=\"1064\" \/>\n\t<meta property=\"og:image:type\" content=\"image\/jpeg\" \/>\n<meta name=\"twitter:card\" content=\"summary_large_image\" \/>\n<meta name=\"twitter:label1\" content=\"Tiempo de lectura\" \/>\n\t<meta name=\"twitter:data1\" content=\"2 minutos\" \/>\n<script type=\"application\/ld+json\" class=\"yoast-schema-graph\">{\"@context\":\"https:\/\/schema.org\",\"@graph\":[{\"@type\":\"WebPage\",\"@id\":\"https:\/\/turbovac.nl\/es\/maquinas-de-vacio\/\",\"url\":\"https:\/\/turbovac.nl\/es\/maquinas-de-vacio\/\",\"name\":\"M\u00e1quinas de vac\u00edo | Turbovac - 1st choice for professionals\",\"isPartOf\":{\"@id\":\"https:\/\/turbovac.nl\/#website\"},\"primaryImageOfPage\":{\"@id\":\"https:\/\/turbovac.nl\/es\/maquinas-de-vacio\/#primaryimage\"},\"image\":{\"@id\":\"https:\/\/turbovac.nl\/es\/maquinas-de-vacio\/#primaryimage\"},\"thumbnailUrl\":\"https:\/\/turbovac.nl\/wp-content\/uploads\/2019\/10\/TT-zoom3940-1.jpg\",\"datePublished\":\"2019-12-12T13:37:59+00:00\",\"dateModified\":\"2020-04-27T11:32:39+00:00\",\"description\":\"Turbovac tiene una amplia gama de m\u00e1quinas de vac\u00edo para los siguientes mercados: Gastronom\u00eda, industria c\u00e1rnica y de procesamiento de alimentos\",\"breadcrumb\":{\"@id\":\"https:\/\/turbovac.nl\/es\/maquinas-de-vacio\/#breadcrumb\"},\"inLanguage\":\"es\",\"potentialAction\":[{\"@type\":\"ReadAction\",\"target\":[\"https:\/\/turbovac.nl\/es\/maquinas-de-vacio\/\"]}]},{\"@type\":\"ImageObject\",\"inLanguage\":\"es\",\"@id\":\"https:\/\/turbovac.nl\/es\/maquinas-de-vacio\/#primaryimage\",\"url\":\"https:\/\/turbovac.nl\/wp-content\/uploads\/2019\/10\/TT-zoom3940-1.jpg\",\"contentUrl\":\"https:\/\/turbovac.nl\/wp-content\/uploads\/2019\/10\/TT-zoom3940-1.jpg\",\"width\":1000,\"height\":1064,\"caption\":\"Tabletop detail Food processing industry\"},{\"@type\":\"BreadcrumbList\",\"@id\":\"https:\/\/turbovac.nl\/es\/maquinas-de-vacio\/#breadcrumb\",\"itemListElement\":[{\"@type\":\"ListItem\",\"position\":1,\"name\":\"Home\",\"item\":\"https:\/\/turbovac.nl\/es\/\"},{\"@type\":\"ListItem\",\"position\":2,\"name\":\"M\u00e1quinas de vac\u00edo\"}]},{\"@type\":\"WebSite\",\"@id\":\"https:\/\/turbovac.nl\/#website\",\"url\":\"https:\/\/turbovac.nl\/\",\"name\":\"TURBOVAC\",\"description\":\"Vacuum Packaging Machines\",\"potentialAction\":[{\"@type\":\"SearchAction\",\"target\":{\"@type\":\"EntryPoint\",\"urlTemplate\":\"https:\/\/turbovac.nl\/?s={search_term_string}\"},\"query-input\":\"required name=search_term_string\"}],\"inLanguage\":\"es\"}]}<\/script>\n<!-- \/ Yoast SEO plugin. -->","yoast_head_json":{"title":"M\u00e1quinas de vac\u00edo | Turbovac - 1st choice for professionals","description":"Turbovac tiene una amplia gama de m\u00e1quinas de vac\u00edo para los siguientes mercados: Gastronom\u00eda, industria c\u00e1rnica y de procesamiento de alimentos","robots":{"index":"index","follow":"follow","max-snippet":"max-snippet:-1","max-image-preview":"max-image-preview:large","max-video-preview":"max-video-preview:-1"},"canonical":"https:\/\/turbovac.nl\/es\/maquinas-de-vacio\/","og_locale":"es_ES","og_type":"article","og_title":"M\u00e1quinas de vac\u00edo | Turbovac - 1st choice for professionals","og_description":"Turbovac tiene una amplia gama de m\u00e1quinas de vac\u00edo para los siguientes mercados: Gastronom\u00eda, industria c\u00e1rnica y de procesamiento de alimentos","og_url":"https:\/\/turbovac.nl\/es\/maquinas-de-vacio\/","og_site_name":"TURBOVAC","article_modified_time":"2020-04-27T11:32:39+00:00","og_image":[{"width":1000,"height":1064,"url":"https:\/\/turbovac.nl\/wp-content\/uploads\/2019\/10\/TT-zoom3940-1.jpg","type":"image\/jpeg"}],"twitter_card":"summary_large_image","twitter_misc":{"Tiempo de lectura":"2 minutos"},"schema":{"@context":"https:\/\/schema.org","@graph":[{"@type":"WebPage","@id":"https:\/\/turbovac.nl\/es\/maquinas-de-vacio\/","url":"https:\/\/turbovac.nl\/es\/maquinas-de-vacio\/","name":"M\u00e1quinas de vac\u00edo | Turbovac - 1st choice for professionals","isPartOf":{"@id":"https:\/\/turbovac.nl\/#website"},"primaryImageOfPage":{"@id":"https:\/\/turbovac.nl\/es\/maquinas-de-vacio\/#primaryimage"},"image":{"@id":"https:\/\/turbovac.nl\/es\/maquinas-de-vacio\/#primaryimage"},"thumbnailUrl":"https:\/\/turbovac.nl\/wp-content\/uploads\/2019\/10\/TT-zoom3940-1.jpg","datePublished":"2019-12-12T13:37:59+00:00","dateModified":"2020-04-27T11:32:39+00:00","description":"Turbovac tiene una amplia gama de m\u00e1quinas de vac\u00edo para los siguientes mercados: Gastronom\u00eda, industria c\u00e1rnica y de procesamiento de alimentos","breadcrumb":{"@id":"https:\/\/turbovac.nl\/es\/maquinas-de-vacio\/#breadcrumb"},"inLanguage":"es","potentialAction":[{"@type":"ReadAction","target":["https:\/\/turbovac.nl\/es\/maquinas-de-vacio\/"]}]},{"@type":"ImageObject","inLanguage":"es","@id":"https:\/\/turbovac.nl\/es\/maquinas-de-vacio\/#primaryimage","url":"https:\/\/turbovac.nl\/wp-content\/uploads\/2019\/10\/TT-zoom3940-1.jpg","contentUrl":"https:\/\/turbovac.nl\/wp-content\/uploads\/2019\/10\/TT-zoom3940-1.jpg","width":1000,"height":1064,"caption":"Tabletop detail Food processing industry"},{"@type":"BreadcrumbList","@id":"https:\/\/turbovac.nl\/es\/maquinas-de-vacio\/#breadcrumb","itemListElement":[{"@type":"ListItem","position":1,"name":"Home","item":"https:\/\/turbovac.nl\/es\/"},{"@type":"ListItem","position":2,"name":"M\u00e1quinas de vac\u00edo"}]},{"@type":"WebSite","@id":"https:\/\/turbovac.nl\/#website","url":"https:\/\/turbovac.nl\/","name":"TURBOVAC","description":"Vacuum Packaging Machines","potentialAction":[{"@type":"SearchAction","target":{"@type":"EntryPoint","urlTemplate":"https:\/\/turbovac.nl\/?s={search_term_string}"},"query-input":"required name=search_term_string"}],"inLanguage":"es"}]}},"_links":{"self":[{"href":"https:\/\/turbovac.nl\/es\/wp-json\/wp\/v2\/pages\/9768","targetHints":{"allow":["GET"]}}],"collection":[{"href":"https:\/\/turbovac.nl\/es\/wp-json\/wp\/v2\/pages"}],"about":[{"href":"https:\/\/turbovac.nl\/es\/wp-json\/wp\/v2\/types\/page"}],"author":[{"embeddable":true,"href":"https:\/\/turbovac.nl\/es\/wp-json\/wp\/v2\/users\/6"}],"replies":[{"embeddable":true,"href":"https:\/\/turbovac.nl\/es\/wp-json\/wp\/v2\/comments?post=9768"}],"version-history":[{"count":5,"href":"https:\/\/turbovac.nl\/es\/wp-json\/wp\/v2\/pages\/9768\/revisions"}],"predecessor-version":[{"id":9773,"href":"https:\/\/turbovac.nl\/es\/wp-json\/wp\/v2\/pages\/9768\/revisions\/9773"}],"wp:featuredmedia":[{"embeddable":true,"href":"https:\/\/turbovac.nl\/es\/wp-json\/wp\/v2\/media\/3902"}],"wp:attachment":[{"href":"https:\/\/turbovac.nl\/es\/wp-json\/wp\/v2\/media?parent=9768"}],"curies":[{"name":"wp","href":"https:\/\/api.w.org\/{rel}","templated":true}]}}