{"id":9879,"date":"2019-10-21T14:21:01","date_gmt":"2019-10-21T13:21:01","guid":{"rendered":"https:\/\/turbovac.nl\/markets\/seafood\/"},"modified":"2020-04-29T20:31:14","modified_gmt":"2020-04-29T19:31:14","slug":"mariscos","status":"publish","type":"page","link":"https:\/\/turbovac.nl\/es\/markets\/mariscos\/","title":{"rendered":"Mariscos"},"content":{"rendered":"<p>[vc_row type=\u00bbfull_width_content\u00bb bg_image=\u00bb2610&#8243; top_padding=\u00bb0&#8243;][vc_column width=\u00bb1\/2&#8243; centered_cont=\u00bbtrue\u00bb background_image=\u00bb4005&#8243;][vc_column_text]<br \/>\n[\/vc_column_text][\/vc_column][vc_column width=\u00bb1\/2&#8243; column_padding=\u00bb4%\u00bb background_color=\u00bb#f2f2f2&#8243; css=\u00bb.vc_custom_1570452007389{background-color: #f8f8f8 !important;}\u00bb][vc_empty_space height=\u00bb100&#8243;][vc_custom_heading text=\u00bbEnvasado al vac\u00edo<br \/>\nde mariscos\u00bb font_container=\u00bbtag:h1|font_size:48px|text_align:left|color:%23444444|line_height:56px\u00bb google_fonts=\u00bbfont_family:Open%20Sans%3A300%2C300italic%2Cregular%2Citalic%2C600%2C600italic%2C700%2C700italic%2C800%2C800italic|font_style:700%20bold%20regular%3A700%3Anormal\u00bb][vc_custom_heading text=\u00bbSellar la frescura con el envasado al vac\u00edo\u00bb font_container=\u00bbtag:h2|font_size:34px|text_align:left|color:%23444444|line_height:44px\u00bb google_fonts=\u00bbfont_family:Raleway%3A100%2C200%2C300%2Cregular%2C500%2C600%2C700%2C800%2C900|font_style:300%20light%20regular%3A300%3Anormal\u00bb][vc_empty_space][vc_column_text]El pescado s\u00f3lo dura entre 3 y 6 meses en el congelador. Pero el pescado en porciones, que ha sido envasado al vac\u00edo correctamente, puede ser congelado durante 2-3 a\u00f1os. No hay crecimiento de bacterias, no hay quemaduras en el congelador. Una vez descongelado, puede sentirse tan fresco como el d\u00eda en que fue capturado. Ya sea que usted sea un piscicultor, un proveedor de un mercado agr\u00edcola, una refiner\u00eda\/fumador o un proveedor de servicios de carnicer\u00eda, puede agregar valor instant\u00e1neo a su negocio con la adici\u00f3n de una opci\u00f3n de envasado al vac\u00edo.[\/vc_column_text][vc_empty_space height=\u00bb100&#8243;][\/vc_column][\/vc_row][vc_row type=\u00bbfull_width_content\u00bb bg_image=\u00bb2610&#8243;][vc_column width=\u00bb1\/2&#8243; background_color=\u00bb#f8f8f8&#8243; css=\u00bb.vc_custom_1570451273977{background-color: #f8f8f8 !important;}\u00bb][vc_row_inner][vc_column_inner width=\u00bb1\/3&#8243;][\/vc_column_inner][vc_column_inner width=\u00bb2\/3&#8243;][vc_empty_space height=\u00bb200&#8243;][list icon=\u00bbsteadysets-icon-checkmark\u00bb][list_item title=\u00bbC\u00e1maras de vac\u00edo f\u00e1ciles de limpiar, esquinas redondeadas\u00bb][list_item title=\u00bbUnidad de control digital intuitiva\u00bb][list_item title=\u00bbVigas de sellado f\u00e1cilmente desmontables y barras de silicio\u00bb][list_item title=\u00bbGama de productos transparente para la elecci\u00f3n correcta\u00bb][\/list][vc_empty_space height=\u00bb350&#8243;][\/vc_column_inner][\/vc_row_inner][\/vc_column][vc_column width=\u00bb1\/2&#8243; background_image=\u00bb3999&#8243; offset=\u00bbvc_hidden-sm vc_hidden-xs\u00bb][vc_column_text]<br \/>\n[\/vc_column_text][\/vc_column][\/vc_row][vc_row type=\u00bbfull_width_content\u00bb bg_image=\u00bb2610&#8243; top_padding=\u00bb0&#8243;][vc_column width=\u00bb1\/2&#8243; centered_cont=\u00bbtrue\u00bb background_image=\u00bb3988&#8243;][vc_column_text]<br \/>\n[\/vc_column_text][\/vc_column][vc_column width=\u00bb1\/2&#8243; column_padding=\u00bb4%\u00bb background_color=\u00bb#f8f8f8&#8243; css=\u00bb.vc_custom_1429527138109{background-color: #f8f8f8 !important;}\u00bb][vc_empty_space height=\u00bb100&#8243;][vc_custom_heading text=\u00bbMantenga la frescura de su pescado\u00bb][vc_empty_space][vc_column_text]Turbovac ofrece una gama completa de m\u00e1quinas de envasado al vac\u00edo de gran potencia con diferentes capacidades para adaptarse al tama\u00f1o de su negocio. Fiables, duraderas, f\u00e1ciles de limpiar y mantener, han sido probadas por proveedores de pescado en m\u00e1s de 80 pa\u00edses de todo el mundo, y han resultado ser la soluci\u00f3n n\u00famero uno para todo tipo de operaciones de envasado de pescado.[\/vc_column_text][vc_empty_space height=\u00bb100&#8243;][\/vc_column][\/vc_row][vc_row type=\u00bbfull_width_background\u00bb bg_color=\u00bb#f9f9f9&#8243;][vc_column][vc_column_text]<\/p>\n<h2 style=\"text-align: center;\">Productos relacionados<\/h2>\n<p>[\/vc_column_text][vc_empty_space][vc_row_inner el_class=\u00bbkolomOver\u00bb][vc_column_inner width=\u00bb1\/3&#8243; el_class=\u00bbkolomOver\u00bb][vc_single_image image=\u00bb7437&#8243; img_size=\u00bbfull\u00bb alignment=\u00bbcenter\u00bb onclick=\u00bbcustom_link\u00bb link=\u00bbhttps:\/\/turbovac.nl\/es\/maquinas-de-vacio\/modelos-de-mesa\/\u00bb][vc_custom_heading text=\u00bbMODELOS DE MESA\u00bb font_container=\u00bbtag:h2|font_size:24|text_align:center|line_height:1&#8243; use_theme_fonts=\u00bbyes\u00bb link=\u00bb|||\u00bb][vc_column_text]<\/p>\n<p style=\"text-align: center;\"><span style=\"color: #d20037;\"><a style=\"color: #d20037;\" href=\"https:\/\/turbovac.nl\/es\/maquinas-de-vacio\/modelos-de-mesa\/modelos-de-mesa-s50\/\">S50<\/a><\/span><\/p>\n<p>[\/vc_column_text][\/vc_column_inner][vc_column_inner width=\u00bb1\/3&#8243; el_class=\u00bbkolomOver\u00bb][vc_single_image image=\u00bb7453&#8243; img_size=\u00bbfull\u00bb alignment=\u00bbcenter\u00bb onclick=\u00bbcustom_link\u00bb link=\u00bbhttps:\/\/turbovac.nl\/es\/maquinas-de-vacio\/rango-movil\/\u00bb][vc_custom_heading text=\u00bbM\u00d3VIL\u00bb font_container=\u00bbtag:h2|font_size:24|text_align:center|line_height:1&#8243; use_theme_fonts=\u00bbyes\u00bb][vc_column_text]<\/p>\n<p style=\"text-align: center;\"><span style=\"color: #d20037;\"><a style=\"color: #d20037;\" href=\"https:\/\/turbovac.nl\/es\/maquinas-de-vacio\/rango-movil\/movil-m30\/\">M30<\/a><\/span><\/p>\n<p>[\/vc_column_text][\/vc_column_inner][vc_column_inner width=\u00bb1\/3&#8243; el_class=\u00bbkolomOver\u00bb][vc_single_image image=\u00bb7494&#8243; img_size=\u00bbfull\u00bb alignment=\u00bbcenter\u00bb onclick=\u00bbcustom_link\u00bb link=\u00bbhttps:\/\/turbovac.nl\/es\/maquinas-de-vacio\/rango-doble-campana\/\u00bb][vc_custom_heading text=\u00bbDOBLE CAMPANA\u00bb font_container=\u00bbtag:h2|font_size:24|text_align:center|line_height:1&#8243; use_theme_fonts=\u00bbyes\u00bb][vc_column_text]<\/p>\n<p style=\"text-align: center;\"><span style=\"color: #d20037;\"><a style=\"color: #d20037;\" href=\"https:\/\/turbovac.nl\/es\/maquinas-de-vacio\/rango-doble-campana\/doble-campana-l10\/\">L10<\/a> &#8211; <a style=\"color: #d20037;\" href=\"https:\/\/turbovac.nl\/es\/maquinas-de-vacio\/rango-doble-campana\/doble-campana-l30\/\">L30<\/a> &#8211; <a style=\"color: #d20037;\" href=\"https:\/\/turbovac.nl\/es\/maquinas-de-vacio\/rango-doble-campana\/doble-campana-l40\/\">L40<\/a> &#8211; <a style=\"color: #d20037;\" href=\"https:\/\/turbovac.nl\/es\/maquinas-de-vacio\/rango-doble-campana\/doble-campana-l60\/\">L60<\/a>\u00a0<\/span><\/p>\n<p>[\/vc_column_text][\/vc_column_inner][\/vc_row_inner][vc_empty_space][vc_row_inner el_class=\u00bbkolomOver\u00bb][vc_column_inner width=\u00bb1\/3&#8243; el_class=\u00bbkolomOver\u00bb][vc_single_image image=\u00bb8982&#8243; img_size=\u00bbfull\u00bb alignment=\u00bbcenter\u00bb onclick=\u00bbcustom_link\u00bb link=\u00bbhttps:\/\/turbovac.nl\/es\/soluciones-de-empaque\/encharoladoras\/\u00bb][vc_custom_heading text=\u00bbENCHAROLADORAS\u00bb font_container=\u00bbtag:h2|font_size:24|text_align:center|line_height:1&#8243; use_theme_fonts=\u00bbyes\u00bb][vc_column_text]<\/p>\n<p style=\"text-align: center;\"><span style=\"color: #d20037;\"><a style=\"color: #d20037;\" href=\"https:\/\/turbovac.nl\/es\/soluciones-de-empaque\/encharoladoras\/encharoladoras-tps-mini\/\">TPS MINI<\/a> &#8211; <a style=\"color: #d20037;\" href=\"https:\/\/turbovac.nl\/es\/soluciones-de-empaque\/encharoladoras\/encharoladoras-tps-xl\/\">TPS XL<\/a> &#8211; <a style=\"color: #d20037;\" href=\"https:\/\/turbovac.nl\/es\/soluciones-de-empaque\/encharoladoras\/encharoladoras-tps-1000-2000\/\">TPS 1000\/2000<\/a>\u00a0<\/span><\/p>\n<p>[\/vc_column_text][\/vc_column_inner][vc_column_inner width=\u00bb1\/3&#8243; el_class=\u00bbkolomOver\u00bb][vc_single_image image=\u00bb4733&#8243; img_size=\u00bbfull\u00bb alignment=\u00bbcenter\u00bb onclick=\u00bbcustom_link\u00bb link=\u00bbhttps:\/\/turbovac.nl\/es\/soluciones-de-empaque\/termoformadoras\/\u00bb][vc_custom_heading text=\u00bbTERMOFORMADORAS\u00bb font_container=\u00bbtag:h2|font_size:24|text_align:center|line_height:1&#8243; use_theme_fonts=\u00bbyes\u00bb][vc_column_text]<\/p>\n<p style=\"text-align: center;\"><span style=\"color: #b20000;\"><a style=\"color: #b20000;\" href=\"https:\/\/turbovac.nl\/es\/soluciones-de-empaque\/termoformadoras\/\">Custom made<\/a><\/span><\/p>\n<p>[\/vc_column_text][\/vc_column_inner][vc_column_inner width=\u00bb1\/3&#8243; background_color=\u00bb#ffffff\u00bb el_class=\u00bbkolomOver\u00bb][vc_single_image image=\u00bb4712&#8243; img_size=\u00bbfull\u00bb alignment=\u00bbcenter\u00bb onclick=\u00bbcustom_link\u00bb link=\u00bbhttps:\/\/turbovac.nl\/es\/soluciones-de-empaque\/linea-de-empaque-automatica\/\u00bb][vc_custom_heading text=\u00bbLI\u0301NEA DE EMPAQUE AUTOMA\u0301TICA\u00bb font_container=\u00bbtag:h2|font_size:24|text_align:center|line_height:1&#8243; use_theme_fonts=\u00bbyes\u00bb link=\u00bb|||\u00bb][vc_column_text]<\/p>\n<p style=\"text-align: center;\"><span style=\"color: #d20037;\"><a style=\"color: #d20037;\" href=\"https:\/\/turbovac.nl\/es\/soluciones-de-empaque\/linea-de-empaque-automatica\/\">A5000<\/a><\/span><\/p>\n<p>[\/vc_column_text][\/vc_column_inner][\/vc_row_inner][\/vc_column][\/vc_row][vc_row type=\u00bbfull_width_background\u00bb class=\u00bbkolomOver\u00bb][vc_column width=\u00bb1\/3&#8243; el_class=\u00bbkolomOver\u00bb][services_medium title=\u00bbINDUSTRIA C\u00c1RNICA\u00bb style=\u00bbstyle_3&#8243; icon=\u00bbsteadysets-icon-bones\u00bb icon_color=\u00bb#d20037&#8243; border_color=\u00bb#d20037&#8243; dynamic_content_link=\u00bbhttps:\/\/turbovac.nl\/es\/markets\/industria-de-procesamiento-de-carne\/\u00bb]Envases de alta calidad para mejorar sus clientes.[\/services_medium][\/vc_column][vc_column width=\u00bb1\/3&#8243; el_class=\u00bbkolomOver\u00bb][services_medium title=\u00bbPROCESAMIENTO DE ALIMENTOS\u00bb style=\u00bbstyle_3&#8243; icon=\u00bblinecon-icon-food\u00bb icon_color=\u00bb#d20037&#8243; border_color=\u00bb#d20037&#8243; dynamic_content_link=\u00bbhttps:\/\/turbovac.nl\/es\/markets\/industria-de-procesamiento-de-alimentos\/\u00bb]Optimizaci\u00f3n y flexibilidad en todo tipo de procesamiento de alimentos.[\/services_medium][\/vc_column][vc_column width=\u00bb1\/3&#8243; el_class=\u00bbkolomOver\u00bb][services_medium title=\u00bbINDUSTRIA NO ALIMENTARIA\u00bb style=\u00bbstyle_3&#8243; icon=\u00bbsteadysets-icon-lab\u00bb icon_color=\u00bb#d20037&#8243; border_color=\u00bb#d20037&#8243; dynamic_content_link=\u00bbhttps:\/\/turbovac.nl\/es\/markets\/industria-no-alimentaria\/\u00bb]Protecci\u00f3n \u00f3ptima contra la suciedad, el polvo y la humedad.[\/services_medium][\/vc_column][\/vc_row][vc_row type=\u00bbfull_width_content\u00bb][vc_column background_color=\u00bb#75001f\u00bb][vc_empty_space][vc_custom_heading text=\u00bbCAPTURE QUALITY\u00bb font_container=\u00bbtag:h2|font_size:35|text_align:center|color:%23ffffff|line_height:1.25&#8243; use_theme_fonts=\u00bbyes\u00bb][vc_empty_space][\/vc_column][\/vc_row]<\/p>\n","protected":false},"excerpt":{"rendered":"<p>[vc_row type=\u00bbfull_width_content\u00bb bg_image=\u00bb2610&#8243; top_padding=\u00bb0&#8243;][vc_column width=\u00bb1\/2&#8243; centered_cont=\u00bbtrue\u00bb background_image=\u00bb4005&#8243;][vc_column_text] [\/vc_column_text][\/vc_column][vc_column width=\u00bb1\/2&#8243; column_padding=\u00bb4%\u00bb background_color=\u00bb#f2f2f2&#8243; css=\u00bb.vc_custom_1570452007389{background-color: #f8f8f8 !important;}\u00bb][vc_empty_space height=\u00bb100&#8243;][vc_custom_heading text=\u00bbEnvasado al vac\u00edo de mariscos\u00bb font_container=\u00bbtag:h1|font_size:48px|text_align:left|color:%23444444|line_height:56px\u00bb google_fonts=\u00bbfont_family:Open%20Sans%3A300%2C300italic%2Cregular%2Citalic%2C600%2C600italic%2C700%2C700italic%2C800%2C800italic|font_style:700%20bold%20regular%3A700%3Anormal\u00bb][vc_custom_heading text=\u00bbSellar la frescura con el envasado al vac\u00edo\u00bb font_container=\u00bbtag:h2|font_size:34px|text_align:left|color:%23444444|line_height:44px\u00bb google_fonts=\u00bbfont_family:Raleway%3A100%2C200%2C300%2Cregular%2C500%2C600%2C700%2C800%2C900|font_style:300%20light%20regular%3A300%3Anormal\u00bb][vc_empty_space][vc_column_text]El pescado s\u00f3lo dura entre 3 y 6 meses en el congelador. Pero el pescado en porciones, que ha sido envasado al vac\u00edo correctamente, [&hellip;]<\/p>\n","protected":false},"author":6,"featured_media":3902,"parent":9783,"menu_order":0,"comment_status":"closed","ping_status":"closed","template":"","meta":{"_monsterinsights_skip_tracking":false,"_monsterinsights_sitenote_active":false,"_monsterinsights_sitenote_note":"","_monsterinsights_sitenote_category":0,"footnotes":""},"class_list":["post-9879","page","type-page","status-publish","has-post-thumbnail","hentry"],"yoast_head":"<!-- This site is optimized with the Yoast SEO plugin v22.7 - https:\/\/yoast.com\/wordpress\/plugins\/seo\/ -->\n<title>Envasado al vac\u00edo de mariscos | Turbovac - 1st choice for professionals<\/title>\n<meta name=\"description\" content=\"Envasado al vac\u00edo para el Sello de Mariscos. Turbovac ofrece una gama completa de m\u00e1quinas de envasado al vac\u00edo de gran potencia con diferentes capacidades\" \/>\n<meta name=\"robots\" content=\"index, follow, max-snippet:-1, max-image-preview:large, max-video-preview:-1\" \/>\n<link rel=\"canonical\" href=\"https:\/\/turbovac.nl\/es\/markets\/mariscos\/\" \/>\n<meta property=\"og:locale\" content=\"es_ES\" \/>\n<meta property=\"og:type\" content=\"article\" \/>\n<meta property=\"og:title\" content=\"Envasado al vac\u00edo de mariscos | Turbovac - 1st choice for professionals\" \/>\n<meta property=\"og:description\" content=\"Envasado al vac\u00edo para el Sello de Mariscos. Turbovac ofrece una gama completa de m\u00e1quinas de envasado al vac\u00edo de gran potencia con diferentes capacidades\" \/>\n<meta property=\"og:url\" content=\"https:\/\/turbovac.nl\/es\/markets\/mariscos\/\" \/>\n<meta property=\"og:site_name\" content=\"TURBOVAC\" \/>\n<meta property=\"article:modified_time\" content=\"2020-04-29T19:31:14+00:00\" \/>\n<meta property=\"og:image\" content=\"https:\/\/turbovac.nl\/wp-content\/uploads\/2019\/10\/TT-zoom3940-1.jpg\" \/>\n\t<meta property=\"og:image:width\" content=\"1000\" \/>\n\t<meta property=\"og:image:height\" content=\"1064\" \/>\n\t<meta property=\"og:image:type\" content=\"image\/jpeg\" \/>\n<meta name=\"twitter:card\" content=\"summary_large_image\" \/>\n<meta name=\"twitter:label1\" content=\"Tiempo de lectura\" \/>\n\t<meta name=\"twitter:data1\" content=\"6 minutos\" \/>\n<script type=\"application\/ld+json\" class=\"yoast-schema-graph\">{\"@context\":\"https:\/\/schema.org\",\"@graph\":[{\"@type\":\"WebPage\",\"@id\":\"https:\/\/turbovac.nl\/es\/markets\/mariscos\/\",\"url\":\"https:\/\/turbovac.nl\/es\/markets\/mariscos\/\",\"name\":\"Envasado al vac\u00edo de mariscos | Turbovac - 1st choice for professionals\",\"isPartOf\":{\"@id\":\"https:\/\/turbovac.nl\/#website\"},\"primaryImageOfPage\":{\"@id\":\"https:\/\/turbovac.nl\/es\/markets\/mariscos\/#primaryimage\"},\"image\":{\"@id\":\"https:\/\/turbovac.nl\/es\/markets\/mariscos\/#primaryimage\"},\"thumbnailUrl\":\"https:\/\/turbovac.nl\/wp-content\/uploads\/2019\/10\/TT-zoom3940-1.jpg\",\"datePublished\":\"2019-10-21T13:21:01+00:00\",\"dateModified\":\"2020-04-29T19:31:14+00:00\",\"description\":\"Envasado al vac\u00edo para el Sello de Mariscos. Turbovac ofrece una gama completa de m\u00e1quinas de envasado al vac\u00edo de gran potencia con diferentes capacidades\",\"breadcrumb\":{\"@id\":\"https:\/\/turbovac.nl\/es\/markets\/mariscos\/#breadcrumb\"},\"inLanguage\":\"es\",\"potentialAction\":[{\"@type\":\"ReadAction\",\"target\":[\"https:\/\/turbovac.nl\/es\/markets\/mariscos\/\"]}]},{\"@type\":\"ImageObject\",\"inLanguage\":\"es\",\"@id\":\"https:\/\/turbovac.nl\/es\/markets\/mariscos\/#primaryimage\",\"url\":\"https:\/\/turbovac.nl\/wp-content\/uploads\/2019\/10\/TT-zoom3940-1.jpg\",\"contentUrl\":\"https:\/\/turbovac.nl\/wp-content\/uploads\/2019\/10\/TT-zoom3940-1.jpg\",\"width\":1000,\"height\":1064,\"caption\":\"Tabletop detail Food processing industry\"},{\"@type\":\"BreadcrumbList\",\"@id\":\"https:\/\/turbovac.nl\/es\/markets\/mariscos\/#breadcrumb\",\"itemListElement\":[{\"@type\":\"ListItem\",\"position\":1,\"name\":\"Home\",\"item\":\"https:\/\/turbovac.nl\/es\/\"},{\"@type\":\"ListItem\",\"position\":2,\"name\":\"Markets\",\"item\":\"https:\/\/turbovac.nl\/es\/markets\/\"},{\"@type\":\"ListItem\",\"position\":3,\"name\":\"Mariscos\"}]},{\"@type\":\"WebSite\",\"@id\":\"https:\/\/turbovac.nl\/#website\",\"url\":\"https:\/\/turbovac.nl\/\",\"name\":\"TURBOVAC\",\"description\":\"Vacuum Packaging Machines\",\"potentialAction\":[{\"@type\":\"SearchAction\",\"target\":{\"@type\":\"EntryPoint\",\"urlTemplate\":\"https:\/\/turbovac.nl\/?s={search_term_string}\"},\"query-input\":\"required name=search_term_string\"}],\"inLanguage\":\"es\"}]}<\/script>\n<!-- \/ Yoast SEO plugin. -->","yoast_head_json":{"title":"Envasado al vac\u00edo de mariscos | Turbovac - 1st choice for professionals","description":"Envasado al vac\u00edo para el Sello de Mariscos. Turbovac ofrece una gama completa de m\u00e1quinas de envasado al vac\u00edo de gran potencia con diferentes capacidades","robots":{"index":"index","follow":"follow","max-snippet":"max-snippet:-1","max-image-preview":"max-image-preview:large","max-video-preview":"max-video-preview:-1"},"canonical":"https:\/\/turbovac.nl\/es\/markets\/mariscos\/","og_locale":"es_ES","og_type":"article","og_title":"Envasado al vac\u00edo de mariscos | Turbovac - 1st choice for professionals","og_description":"Envasado al vac\u00edo para el Sello de Mariscos. Turbovac ofrece una gama completa de m\u00e1quinas de envasado al vac\u00edo de gran potencia con diferentes capacidades","og_url":"https:\/\/turbovac.nl\/es\/markets\/mariscos\/","og_site_name":"TURBOVAC","article_modified_time":"2020-04-29T19:31:14+00:00","og_image":[{"width":1000,"height":1064,"url":"https:\/\/turbovac.nl\/wp-content\/uploads\/2019\/10\/TT-zoom3940-1.jpg","type":"image\/jpeg"}],"twitter_card":"summary_large_image","twitter_misc":{"Tiempo de lectura":"6 minutos"},"schema":{"@context":"https:\/\/schema.org","@graph":[{"@type":"WebPage","@id":"https:\/\/turbovac.nl\/es\/markets\/mariscos\/","url":"https:\/\/turbovac.nl\/es\/markets\/mariscos\/","name":"Envasado al vac\u00edo de mariscos | Turbovac - 1st choice for professionals","isPartOf":{"@id":"https:\/\/turbovac.nl\/#website"},"primaryImageOfPage":{"@id":"https:\/\/turbovac.nl\/es\/markets\/mariscos\/#primaryimage"},"image":{"@id":"https:\/\/turbovac.nl\/es\/markets\/mariscos\/#primaryimage"},"thumbnailUrl":"https:\/\/turbovac.nl\/wp-content\/uploads\/2019\/10\/TT-zoom3940-1.jpg","datePublished":"2019-10-21T13:21:01+00:00","dateModified":"2020-04-29T19:31:14+00:00","description":"Envasado al vac\u00edo para el Sello de Mariscos. Turbovac ofrece una gama completa de m\u00e1quinas de envasado al vac\u00edo de gran potencia con diferentes capacidades","breadcrumb":{"@id":"https:\/\/turbovac.nl\/es\/markets\/mariscos\/#breadcrumb"},"inLanguage":"es","potentialAction":[{"@type":"ReadAction","target":["https:\/\/turbovac.nl\/es\/markets\/mariscos\/"]}]},{"@type":"ImageObject","inLanguage":"es","@id":"https:\/\/turbovac.nl\/es\/markets\/mariscos\/#primaryimage","url":"https:\/\/turbovac.nl\/wp-content\/uploads\/2019\/10\/TT-zoom3940-1.jpg","contentUrl":"https:\/\/turbovac.nl\/wp-content\/uploads\/2019\/10\/TT-zoom3940-1.jpg","width":1000,"height":1064,"caption":"Tabletop detail Food processing industry"},{"@type":"BreadcrumbList","@id":"https:\/\/turbovac.nl\/es\/markets\/mariscos\/#breadcrumb","itemListElement":[{"@type":"ListItem","position":1,"name":"Home","item":"https:\/\/turbovac.nl\/es\/"},{"@type":"ListItem","position":2,"name":"Markets","item":"https:\/\/turbovac.nl\/es\/markets\/"},{"@type":"ListItem","position":3,"name":"Mariscos"}]},{"@type":"WebSite","@id":"https:\/\/turbovac.nl\/#website","url":"https:\/\/turbovac.nl\/","name":"TURBOVAC","description":"Vacuum Packaging Machines","potentialAction":[{"@type":"SearchAction","target":{"@type":"EntryPoint","urlTemplate":"https:\/\/turbovac.nl\/?s={search_term_string}"},"query-input":"required name=search_term_string"}],"inLanguage":"es"}]}},"_links":{"self":[{"href":"https:\/\/turbovac.nl\/es\/wp-json\/wp\/v2\/pages\/9879","targetHints":{"allow":["GET"]}}],"collection":[{"href":"https:\/\/turbovac.nl\/es\/wp-json\/wp\/v2\/pages"}],"about":[{"href":"https:\/\/turbovac.nl\/es\/wp-json\/wp\/v2\/types\/page"}],"author":[{"embeddable":true,"href":"https:\/\/turbovac.nl\/es\/wp-json\/wp\/v2\/users\/6"}],"replies":[{"embeddable":true,"href":"https:\/\/turbovac.nl\/es\/wp-json\/wp\/v2\/comments?post=9879"}],"version-history":[{"count":7,"href":"https:\/\/turbovac.nl\/es\/wp-json\/wp\/v2\/pages\/9879\/revisions"}],"predecessor-version":[{"id":10094,"href":"https:\/\/turbovac.nl\/es\/wp-json\/wp\/v2\/pages\/9879\/revisions\/10094"}],"up":[{"embeddable":true,"href":"https:\/\/turbovac.nl\/es\/wp-json\/wp\/v2\/pages\/9783"}],"wp:featuredmedia":[{"embeddable":true,"href":"https:\/\/turbovac.nl\/es\/wp-json\/wp\/v2\/media\/3902"}],"wp:attachment":[{"href":"https:\/\/turbovac.nl\/es\/wp-json\/wp\/v2\/media?parent=9879"}],"curies":[{"name":"wp","href":"https:\/\/api.w.org\/{rel}","templated":true}]}}