{"id":9933,"date":"2019-11-12T15:24:26","date_gmt":"2019-11-12T14:24:26","guid":{"rendered":"https:\/\/turbovac.nl\/service-and-spareparts\/"},"modified":"2020-04-29T12:06:33","modified_gmt":"2020-04-29T11:06:33","slug":"servicio-y-repuestos","status":"publish","type":"page","link":"https:\/\/turbovac.nl\/es\/servicio-y-repuestos\/","title":{"rendered":"Servicio y repuestos"},"content":{"rendered":"<p>[vc_row type=\u00bbfull_width_background\u00bb bg_image=\u00bb5048&#8243; parallax_bg=\u00bbtrue\u00bb bg_color=\u00bb#f6f6f6&#8243; overlay=\u00bbtrue\u00bb overlay_color=\u00bbrgba(255,255,255,0.86)\u00bb top_padding=\u00bb80&#8243; bottom_padding=\u00bb80&#8243;][vc_column width=\u00bb1\/6&#8243;][\/vc_column][vc_column width=\u00bb2\/3&#8243;][vc_custom_heading text=\u00bbNuestro equipo de servicio est\u00e1 listo para usted.\u00bb font_container=\u00bbtag:h2|font_size:45px|text_align:center|line_height:54px\u00bb use_theme_fonts=\u00bbyes\u00bb][vc_empty_space][vc_custom_heading text=\u00bbPara soporte t\u00e9cnico, servicio y solicitud de repuestos, por favor cont\u00e1ctenos por correo electr\u00f3nico o por tel\u00e9fono.\u00bb font_container=\u00bbtag:h2|font_size:25px|text_align:center|line_height:35px\u00bb use_theme_fonts=\u00bbyes\u00bb][\/vc_column][vc_column width=\u00bb1\/6&#8243;][\/vc_column][\/vc_row][vc_row type=\u00bbfull_width_background\u00bb bg_color=\u00bb#fcfcfc\u00bb][vc_column width=\u00bb1\/4&#8243; background_color=\u00bb#f9f9f9&#8243; css=\u00bb.vc_custom_1572099072089{border-top-width: 1px !important;border-right-width: 1px !important;border-bottom-width: 1px !important;border-left-width: 1px !important;border-left-color: #e0e0e0 !important;border-left-style: solid !important;border-right-color: #e0e0e0 !important;border-right-style: solid !important;border-top-color: #e0e0e0 !important;border-top-style: solid !important;border-bottom-color: #e0e0e0 !important;border-bottom-style: solid !important;}\u00bb][vc_empty_space height=\u00bb20px\u00bb][vc_single_image image=\u00bb4653&#8243; img_size=\u00bblarge\u00bb alignment=\u00bbcenter\u00bb][vc_row_inner][vc_column_inner][vc_empty_space height=\u00bb20px\u00bb][vc_custom_heading text=\u00bbServicio de atenci\u00f3n al cliente\u00bb font_container=\u00bbtag:h1|font_size:18|text_align:center\u00bb use_theme_fonts=\u00bbyes\u00bb][\/vc_column_inner][\/vc_row_inner][vc_empty_space height=\u00bb20&#8243;][vc_icon icon_fontawesome=\u00bbfa fa-envelope-o\u00bb color=\u00bbcustom\u00bb background_style=\u00bbrounded-outline\u00bb size=\u00bbsm\u00bb align=\u00bbcenter\u00bb link=\u00bburl:mailto%3Acs%40turbovac.nl|||\u00bb custom_color=\u00bb#3a3a3a\u00bb css=\u00bb.vc_custom_1582122801996{padding-top: -20px !important;padding-bottom: -20px !important;}\u00bb][vc_column_text]<\/p>\n<div class=\"views-field views-field-field-telefoonnummer\">\n<div class=\"field-content\" style=\"text-align: center;\"><strong>+31 (0)73 6 271 276<\/strong><\/div>\n<\/div>\n<p>[\/vc_column_text][vc_empty_space height=\u00bb2px\u00bb][\/vc_column][vc_column width=\u00bb1\/4&#8243; background_color=\u00bb#f9f9f9&#8243; css=\u00bb.vc_custom_1572099146562{border-top-width: 1px !important;border-right-width: 1px !important;border-bottom-width: 1px !important;border-left-width: 1px !important;border-left-color: #e0e0e0 !important;border-left-style: solid !important;border-right-color: #e0e0e0 !important;border-right-style: solid !important;border-top-color: #e0e0e0 !important;border-top-style: solid !important;border-bottom-color: #e0e0e0 !important;border-bottom-style: solid !important;}\u00bb][vc_empty_space height=\u00bb20px\u00bb][vc_single_image image=\u00bb4676&#8243; img_size=\u00bblarge\u00bb alignment=\u00bbcenter\u00bb][vc_row_inner][vc_column_inner][vc_empty_space height=\u00bb20px\u00bb][vc_custom_heading text=\u00bbRichard Netten\u00bb font_container=\u00bbtag:h1|font_size:18|text_align:center\u00bb use_theme_fonts=\u00bbyes\u00bb][vc_column_text]<\/p>\n<h5 style=\"text-align: center;\"><span style=\"color: #b20000; font-family: neosans-light; font-size: 10pt;\">Ingeniero de servicio al cliente<\/span><\/h5>\n<p>[\/vc_column_text][\/vc_column_inner][\/vc_row_inner][vc_icon icon_fontawesome=\u00bbfa fa-envelope-o\u00bb color=\u00bbcustom\u00bb background_style=\u00bbrounded-outline\u00bb size=\u00bbsm\u00bb align=\u00bbcenter\u00bb link=\u00bburl:mailto%3Arichard%40turbovac.nl|||\u00bb custom_color=\u00bb#3a3a3a\u00bb css=\u00bb.vc_custom_1582122817706{padding-top: -20px !important;padding-bottom: -20px !important;}\u00bb][vc_column_text]<\/p>\n<div class=\"views-field views-field-field-telefoonnummer\">\n<div class=\"field-content\" style=\"text-align: center;\"><strong>+31 (0)73 6 271 273<\/strong><\/div>\n<\/div>\n<p>[\/vc_column_text][vc_empty_space height=\u00bb2px\u00bb][\/vc_column][vc_column width=\u00bb1\/4&#8243; background_color=\u00bb#f9f9f9&#8243; css=\u00bb.vc_custom_1572099165496{border-top-width: 1px !important;border-right-width: 1px !important;border-bottom-width: 1px !important;border-left-width: 1px !important;border-left-color: #e0e0e0 !important;border-left-style: solid !important;border-right-color: #e0e0e0 !important;border-right-style: solid !important;border-top-color: #e0e0e0 !important;border-top-style: solid !important;border-bottom-color: #e0e0e0 !important;border-bottom-style: solid !important;}\u00bb][vc_empty_space height=\u00bb20px\u00bb][vc_single_image image=\u00bb4681&#8243; img_size=\u00bblarge\u00bb alignment=\u00bbcenter\u00bb][vc_row_inner][vc_column_inner][vc_empty_space height=\u00bb20px\u00bb][vc_custom_heading text=\u00bbErwin van Straalen\u00bb font_container=\u00bbtag:h1|font_size:18|text_align:center\u00bb use_theme_fonts=\u00bbyes\u00bb][vc_column_text]<\/p>\n<h5 style=\"text-align: center;\"><span style=\"color: #b20000; font-family: neosans-light; font-size: 10pt;\">Ingeniero de servicio al cliente<\/span><\/h5>\n<p>[\/vc_column_text][\/vc_column_inner][\/vc_row_inner][vc_icon icon_fontawesome=\u00bbfa fa-envelope-o\u00bb color=\u00bbcustom\u00bb background_style=\u00bbrounded-outline\u00bb size=\u00bbsm\u00bb align=\u00bbcenter\u00bb link=\u00bburl:mailto%3Aerwin%40turbovac.nl|||\u00bb custom_color=\u00bb#3a3a3a\u00bb css=\u00bb.vc_custom_1582122829329{padding-top: -20px !important;padding-bottom: -20px !important;}\u00bb][vc_column_text]<\/p>\n<div class=\"views-field views-field-field-telefoonnummer\">\n<div class=\"field-content\" style=\"text-align: center;\">\n<div class=\"views-field views-field-field-telefoonnummer\">\n<div class=\"field-content\"><strong>+31 (0)73-6 271 277<\/strong><\/div>\n<\/div>\n<\/div>\n<\/div>\n<p>[\/vc_column_text][vc_empty_space height=\u00bb2px\u00bb][\/vc_column][vc_column width=\u00bb1\/4&#8243; background_color=\u00bb#f9f9f9&#8243; css=\u00bb.vc_custom_1572100587139{border-top-width: 1px !important;border-right-width: 1px !important;border-bottom-width: 1px !important;border-left-width: 1px !important;border-left-color: #e0e0e0 !important;border-left-style: solid !important;border-right-color: #e0e0e0 !important;border-right-style: solid !important;border-top-color: #e0e0e0 !important;border-top-style: solid !important;border-bottom-color: #e0e0e0 !important;border-bottom-style: solid !important;}\u00bb][vc_empty_space height=\u00bb20px\u00bb][vc_single_image image=\u00bb4686&#8243; img_size=\u00bblarge\u00bb alignment=\u00bbcenter\u00bb][vc_row_inner][vc_column_inner][vc_empty_space height=\u00bb20px\u00bb][vc_custom_heading text=\u00bbEric Veltman\u00bb font_container=\u00bbtag:h1|font_size:18|text_align:center\u00bb use_theme_fonts=\u00bbyes\u00bb][vc_column_text]<\/p>\n<h5 style=\"text-align: center;\"><span style=\"color: #b20000; font-family: neosans-light; font-size: 10pt;\">Ingeniero de servicio<\/span><\/h5>\n<p>[\/vc_column_text][\/vc_column_inner][\/vc_row_inner][vc_icon icon_fontawesome=\u00bbfa fa-envelope-o\u00bb color=\u00bbcustom\u00bb background_style=\u00bbrounded-outline\u00bb size=\u00bbsm\u00bb align=\u00bbcenter\u00bb link=\u00bburl:mailto%3Aservice%40turbovac.nl|||\u00bb custom_color=\u00bb#3a3a3a\u00bb css=\u00bb.vc_custom_1582122847103{padding-top: -20px !important;padding-bottom: -20px !important;}\u00bb][vc_column_text]<\/p>\n<div class=\"views-field views-field-field-telefoonnummer\">\n<div class=\"field-content\" style=\"text-align: center;\"><strong>+31 (0)73 6 271 277<\/strong><\/div>\n<\/div>\n<p>[\/vc_column_text][vc_empty_space height=\u00bb2px\u00bb][\/vc_column][\/vc_row][vc_row][vc_column width=\u00bb1\/3&#8243; background_color=\u00bb#b20000&#8243; el_class=\u00bbkolomOver2&#8243; css=\u00bb.vc_custom_1582472632338{padding-top: 50px !important;padding-bottom: 50px !important;background-position: center !important;background-repeat: no-repeat !important;background-size: cover !important;}\u00bb][vc_custom_heading text=\u00bbFORMULARIO DE CONTACTO DE SERVICIO\u00bb font_container=\u00bbtag:h1|font_size:24|text_align:center|color:%23ffffff\u00bb use_theme_fonts=\u00bbyes\u00bb css_animation=\u00bbnone\u00bb link=\u00bburl:https%3A%2F%2Fturbovac.nl%2Fes%2Fformulario-de-contacto-de-servicio%2F|title:Service%20contactform||\u00bb][\/vc_column][vc_column width=\u00bb1\/3&#8243; background_color=\u00bb#848484&#8243; el_class=\u00bbkolomOver2&#8243; css=\u00bb.vc_custom_1582472656682{padding-top: 50px !important;padding-bottom: 50px !important;}\u00bb][vc_custom_heading text=\u00bbFORMULARIO DE CONTACTO DE REPUESTOS\u00bb font_container=\u00bbtag:h1|font_size:24|text_align:center|color:%23ffffff\u00bb use_theme_fonts=\u00bbyes\u00bb link=\u00bburl:https%3A%2F%2Fturbovac.nl%2Fes%2Fformulario-de-contacto-de-repuestos%2F|||\u00bb][\/vc_column][vc_column width=\u00bb1\/3&#8243; background_color=\u00bb#686868&#8243; el_class=\u00bbkolomOver2&#8243; css=\u00bb.vc_custom_1582472684128{padding-top: 50px !important;padding-bottom: 50px !important;}\u00bb][vc_custom_heading text=\u00bbFORMULARIO DE CONTACTO DE SOPORTE T\u00c9CNICO\u00bb font_container=\u00bbtag:h1|font_size:24|text_align:center|color:%23ffffff\u00bb use_theme_fonts=\u00bbyes\u00bb link=\u00bburl:https%3A%2F%2Fturbovac.nl%2Fes%2Fformulario-de-contacto-de-soporte-tecnico%2F|title:Technical%20Support%20Contactform||\u00bb][\/vc_column][\/vc_row][vc_row type=\u00bbfull_width_background\u00bb bg_color=\u00bb#eaeaea\u00bb][vc_column width=\u00bb1\/6&#8243;][\/vc_column][vc_column width=\u00bb2\/3&#8243; el_class=\u00bbFAQspare\u00bb][vc_text_separator title=\u00bbLas preguntas m\u00e1s comunes sobre el servicio y los repuestos\u00bb color=\u00bbcustom\u00bb accent_color=\u00bb#6b6b6b\u00bb][vc_empty_space][faq style=\u00bbstyle_3&#8243;][\/vc_column][vc_column width=\u00bb1\/6&#8243;][\/vc_column][\/vc_row][vc_row type=\u00bbfull_width_content\u00bb][vc_column background_color=\u00bb#75001f\u00bb][vc_empty_space][vc_custom_heading text=\u00bbCAPTURE QUALITY\u00bb font_container=\u00bbtag:h2|font_size:35|text_align:center|color:%23ffffff|line_height:1.25&#8243; use_theme_fonts=\u00bbyes\u00bb][vc_empty_space][\/vc_column][\/vc_row]<\/p>\n","protected":false},"excerpt":{"rendered":"<p>[vc_row type=\u00bbfull_width_background\u00bb bg_image=\u00bb5048&#8243; parallax_bg=\u00bbtrue\u00bb bg_color=\u00bb#f6f6f6&#8243; overlay=\u00bbtrue\u00bb overlay_color=\u00bbrgba(255,255,255,0.86)\u00bb top_padding=\u00bb80&#8243; bottom_padding=\u00bb80&#8243;][vc_column width=\u00bb1\/6&#8243;][\/vc_column][vc_column width=\u00bb2\/3&#8243;][vc_custom_heading text=\u00bbNuestro equipo de servicio est\u00e1 listo para usted.\u00bb font_container=\u00bbtag:h2|font_size:45px|text_align:center|line_height:54px\u00bb use_theme_fonts=\u00bbyes\u00bb][vc_empty_space][vc_custom_heading text=\u00bbPara soporte t\u00e9cnico, servicio y solicitud de repuestos, por favor cont\u00e1ctenos por correo electr\u00f3nico o por tel\u00e9fono.\u00bb font_container=\u00bbtag:h2|font_size:25px|text_align:center|line_height:35px\u00bb use_theme_fonts=\u00bbyes\u00bb][\/vc_column][vc_column width=\u00bb1\/6&#8243;][\/vc_column][\/vc_row][vc_row type=\u00bbfull_width_background\u00bb bg_color=\u00bb#fcfcfc\u00bb][vc_column width=\u00bb1\/4&#8243; background_color=\u00bb#f9f9f9&#8243; css=\u00bb.vc_custom_1572099072089{border-top-width: 1px !important;border-right-width: 1px !important;border-bottom-width: 1px !important;border-left-width: 1px !important;border-left-color: #e0e0e0 [&hellip;]<\/p>\n","protected":false},"author":6,"featured_media":3902,"parent":0,"menu_order":0,"comment_status":"closed","ping_status":"closed","template":"","meta":{"_monsterinsights_skip_tracking":false,"_monsterinsights_sitenote_active":false,"_monsterinsights_sitenote_note":"","_monsterinsights_sitenote_category":0,"footnotes":""},"class_list":["post-9933","page","type-page","status-publish","has-post-thumbnail","hentry"],"yoast_head":"<!-- This site is optimized with the Yoast SEO plugin v22.7 - https:\/\/yoast.com\/wordpress\/plugins\/seo\/ -->\n<title>Servicio y repuestos Contacto | Turbovac - first choice for professionals<\/title>\n<meta name=\"description\" content=\"Nuestro equipo est\u00e1 listo para sus preguntas sobre el servicio y los repuestos. Cont\u00e1ctenos por correo electr\u00f3nico o por tel\u00e9fono.\" \/>\n<meta name=\"robots\" content=\"index, follow, max-snippet:-1, max-image-preview:large, max-video-preview:-1\" \/>\n<link rel=\"canonical\" href=\"https:\/\/turbovac.nl\/es\/servicio-y-repuestos\/\" \/>\n<meta property=\"og:locale\" content=\"es_ES\" \/>\n<meta property=\"og:type\" content=\"article\" \/>\n<meta property=\"og:title\" content=\"Servicio y repuestos Contacto | Turbovac - first choice for professionals\" \/>\n<meta property=\"og:description\" content=\"Nuestro equipo est\u00e1 listo para sus preguntas sobre el servicio y los repuestos. Cont\u00e1ctenos por correo electr\u00f3nico o por tel\u00e9fono.\" \/>\n<meta property=\"og:url\" content=\"https:\/\/turbovac.nl\/es\/servicio-y-repuestos\/\" \/>\n<meta property=\"og:site_name\" content=\"TURBOVAC\" \/>\n<meta property=\"article:modified_time\" content=\"2020-04-29T11:06:33+00:00\" \/>\n<meta property=\"og:image\" content=\"https:\/\/turbovac.nl\/wp-content\/uploads\/2019\/10\/TT-zoom3940-1.jpg\" \/>\n\t<meta property=\"og:image:width\" content=\"1000\" \/>\n\t<meta property=\"og:image:height\" content=\"1064\" \/>\n\t<meta property=\"og:image:type\" content=\"image\/jpeg\" \/>\n<meta name=\"twitter:card\" content=\"summary_large_image\" \/>\n<meta name=\"twitter:label1\" content=\"Tiempo de lectura\" \/>\n\t<meta name=\"twitter:data1\" content=\"5 minutos\" \/>\n<script type=\"application\/ld+json\" class=\"yoast-schema-graph\">{\"@context\":\"https:\/\/schema.org\",\"@graph\":[{\"@type\":\"WebPage\",\"@id\":\"https:\/\/turbovac.nl\/es\/servicio-y-repuestos\/\",\"url\":\"https:\/\/turbovac.nl\/es\/servicio-y-repuestos\/\",\"name\":\"Servicio y repuestos Contacto | Turbovac - first choice for professionals\",\"isPartOf\":{\"@id\":\"https:\/\/turbovac.nl\/#website\"},\"primaryImageOfPage\":{\"@id\":\"https:\/\/turbovac.nl\/es\/servicio-y-repuestos\/#primaryimage\"},\"image\":{\"@id\":\"https:\/\/turbovac.nl\/es\/servicio-y-repuestos\/#primaryimage\"},\"thumbnailUrl\":\"https:\/\/turbovac.nl\/wp-content\/uploads\/2019\/10\/TT-zoom3940-1.jpg\",\"datePublished\":\"2019-11-12T14:24:26+00:00\",\"dateModified\":\"2020-04-29T11:06:33+00:00\",\"description\":\"Nuestro equipo est\u00e1 listo para sus preguntas sobre el servicio y los repuestos. Cont\u00e1ctenos por correo electr\u00f3nico o por tel\u00e9fono.\",\"breadcrumb\":{\"@id\":\"https:\/\/turbovac.nl\/es\/servicio-y-repuestos\/#breadcrumb\"},\"inLanguage\":\"es\",\"potentialAction\":[{\"@type\":\"ReadAction\",\"target\":[\"https:\/\/turbovac.nl\/es\/servicio-y-repuestos\/\"]}]},{\"@type\":\"ImageObject\",\"inLanguage\":\"es\",\"@id\":\"https:\/\/turbovac.nl\/es\/servicio-y-repuestos\/#primaryimage\",\"url\":\"https:\/\/turbovac.nl\/wp-content\/uploads\/2019\/10\/TT-zoom3940-1.jpg\",\"contentUrl\":\"https:\/\/turbovac.nl\/wp-content\/uploads\/2019\/10\/TT-zoom3940-1.jpg\",\"width\":1000,\"height\":1064,\"caption\":\"Tabletop detail Food processing industry\"},{\"@type\":\"BreadcrumbList\",\"@id\":\"https:\/\/turbovac.nl\/es\/servicio-y-repuestos\/#breadcrumb\",\"itemListElement\":[{\"@type\":\"ListItem\",\"position\":1,\"name\":\"Home\",\"item\":\"https:\/\/turbovac.nl\/es\/\"},{\"@type\":\"ListItem\",\"position\":2,\"name\":\"Servicio y repuestos\"}]},{\"@type\":\"WebSite\",\"@id\":\"https:\/\/turbovac.nl\/#website\",\"url\":\"https:\/\/turbovac.nl\/\",\"name\":\"TURBOVAC\",\"description\":\"Vacuum Packaging Machines\",\"potentialAction\":[{\"@type\":\"SearchAction\",\"target\":{\"@type\":\"EntryPoint\",\"urlTemplate\":\"https:\/\/turbovac.nl\/?s={search_term_string}\"},\"query-input\":\"required name=search_term_string\"}],\"inLanguage\":\"es\"}]}<\/script>\n<!-- \/ Yoast SEO plugin. -->","yoast_head_json":{"title":"Servicio y repuestos Contacto | Turbovac - first choice for professionals","description":"Nuestro equipo est\u00e1 listo para sus preguntas sobre el servicio y los repuestos. Cont\u00e1ctenos por correo electr\u00f3nico o por tel\u00e9fono.","robots":{"index":"index","follow":"follow","max-snippet":"max-snippet:-1","max-image-preview":"max-image-preview:large","max-video-preview":"max-video-preview:-1"},"canonical":"https:\/\/turbovac.nl\/es\/servicio-y-repuestos\/","og_locale":"es_ES","og_type":"article","og_title":"Servicio y repuestos Contacto | Turbovac - first choice for professionals","og_description":"Nuestro equipo est\u00e1 listo para sus preguntas sobre el servicio y los repuestos. Cont\u00e1ctenos por correo electr\u00f3nico o por tel\u00e9fono.","og_url":"https:\/\/turbovac.nl\/es\/servicio-y-repuestos\/","og_site_name":"TURBOVAC","article_modified_time":"2020-04-29T11:06:33+00:00","og_image":[{"width":1000,"height":1064,"url":"https:\/\/turbovac.nl\/wp-content\/uploads\/2019\/10\/TT-zoom3940-1.jpg","type":"image\/jpeg"}],"twitter_card":"summary_large_image","twitter_misc":{"Tiempo de lectura":"5 minutos"},"schema":{"@context":"https:\/\/schema.org","@graph":[{"@type":"WebPage","@id":"https:\/\/turbovac.nl\/es\/servicio-y-repuestos\/","url":"https:\/\/turbovac.nl\/es\/servicio-y-repuestos\/","name":"Servicio y repuestos Contacto | Turbovac - first choice for professionals","isPartOf":{"@id":"https:\/\/turbovac.nl\/#website"},"primaryImageOfPage":{"@id":"https:\/\/turbovac.nl\/es\/servicio-y-repuestos\/#primaryimage"},"image":{"@id":"https:\/\/turbovac.nl\/es\/servicio-y-repuestos\/#primaryimage"},"thumbnailUrl":"https:\/\/turbovac.nl\/wp-content\/uploads\/2019\/10\/TT-zoom3940-1.jpg","datePublished":"2019-11-12T14:24:26+00:00","dateModified":"2020-04-29T11:06:33+00:00","description":"Nuestro equipo est\u00e1 listo para sus preguntas sobre el servicio y los repuestos. Cont\u00e1ctenos por correo electr\u00f3nico o por tel\u00e9fono.","breadcrumb":{"@id":"https:\/\/turbovac.nl\/es\/servicio-y-repuestos\/#breadcrumb"},"inLanguage":"es","potentialAction":[{"@type":"ReadAction","target":["https:\/\/turbovac.nl\/es\/servicio-y-repuestos\/"]}]},{"@type":"ImageObject","inLanguage":"es","@id":"https:\/\/turbovac.nl\/es\/servicio-y-repuestos\/#primaryimage","url":"https:\/\/turbovac.nl\/wp-content\/uploads\/2019\/10\/TT-zoom3940-1.jpg","contentUrl":"https:\/\/turbovac.nl\/wp-content\/uploads\/2019\/10\/TT-zoom3940-1.jpg","width":1000,"height":1064,"caption":"Tabletop detail Food processing industry"},{"@type":"BreadcrumbList","@id":"https:\/\/turbovac.nl\/es\/servicio-y-repuestos\/#breadcrumb","itemListElement":[{"@type":"ListItem","position":1,"name":"Home","item":"https:\/\/turbovac.nl\/es\/"},{"@type":"ListItem","position":2,"name":"Servicio y repuestos"}]},{"@type":"WebSite","@id":"https:\/\/turbovac.nl\/#website","url":"https:\/\/turbovac.nl\/","name":"TURBOVAC","description":"Vacuum Packaging Machines","potentialAction":[{"@type":"SearchAction","target":{"@type":"EntryPoint","urlTemplate":"https:\/\/turbovac.nl\/?s={search_term_string}"},"query-input":"required name=search_term_string"}],"inLanguage":"es"}]}},"_links":{"self":[{"href":"https:\/\/turbovac.nl\/es\/wp-json\/wp\/v2\/pages\/9933","targetHints":{"allow":["GET"]}}],"collection":[{"href":"https:\/\/turbovac.nl\/es\/wp-json\/wp\/v2\/pages"}],"about":[{"href":"https:\/\/turbovac.nl\/es\/wp-json\/wp\/v2\/types\/page"}],"author":[{"embeddable":true,"href":"https:\/\/turbovac.nl\/es\/wp-json\/wp\/v2\/users\/6"}],"replies":[{"embeddable":true,"href":"https:\/\/turbovac.nl\/es\/wp-json\/wp\/v2\/comments?post=9933"}],"version-history":[{"count":4,"href":"https:\/\/turbovac.nl\/es\/wp-json\/wp\/v2\/pages\/9933\/revisions"}],"predecessor-version":[{"id":9963,"href":"https:\/\/turbovac.nl\/es\/wp-json\/wp\/v2\/pages\/9933\/revisions\/9963"}],"wp:featuredmedia":[{"embeddable":true,"href":"https:\/\/turbovac.nl\/es\/wp-json\/wp\/v2\/media\/3902"}],"wp:attachment":[{"href":"https:\/\/turbovac.nl\/es\/wp-json\/wp\/v2\/media?parent=9933"}],"curies":[{"name":"wp","href":"https:\/\/api.w.org\/{rel}","templated":true}]}}