{"id":9937,"date":"2019-11-14T16:57:26","date_gmt":"2019-11-14T15:57:26","guid":{"rendered":"https:\/\/turbovac.nl\/shelf-life-table\/"},"modified":"2020-04-29T21:31:55","modified_gmt":"2020-04-29T20:31:55","slug":"tabla-de-vida-util","status":"publish","type":"page","link":"https:\/\/turbovac.nl\/es\/tabla-de-vida-util\/","title":{"rendered":"Tabla de vida \u00fatil"},"content":{"rendered":"<p>[vc_row type=\u00bbfull_width_content\u00bb bg_image=\u00bb2610&#8243; top_padding=\u00bb0&#8243;][vc_column width=\u00bb1\/2&#8243; background_image=\u00bb5227&#8243;][vc_column_text]<br \/>\n[\/vc_column_text][\/vc_column][vc_column width=\u00bb1\/2&#8243; column_padding=\u00bb4%\u00bb background_color=\u00bb#f2f2f2&#8243; css=\u00bb.vc_custom_1570452007389{background-color: #f8f8f8 !important;}\u00bb][vc_empty_space height=\u00bb100&#8243;][vc_custom_heading text=\u00bbProductos alimenticios perecederos: Indicaci\u00f3n Prolongaci\u00f3n de la vida \u00fatil\u00bb font_container=\u00bbtag:h1|font_size:48px|text_align:left|color:%23444444|line_height:56px\u00bb google_fonts=\u00bbfont_family:Open%20Sans%3A300%2C300italic%2Cregular%2Citalic%2C600%2C600italic%2C700%2C700italic%2C800%2C800italic|font_style:700%20bold%20regular%3A700%3Anormal\u00bb][vc_custom_heading text=\u00bbIndicaci\u00f3n de la mejora de la vida \u00fatil de los productos envasados al vac\u00edo\u00bb font_container=\u00bbtag:h2|font_size:34px|text_align:left|color:%23444444|line_height:44px\u00bb google_fonts=\u00bbfont_family:Raleway%3A100%2C200%2C300%2Cregular%2C500%2C600%2C700%2C800%2C900|font_style:300%20light%20regular%3A300%3Anormal\u00bb][vc_empty_space][vc_column_text]La vida \u00fatil de los alimentos perecederos se puede prolongar envas\u00e1ndolos al vac\u00edo en una bolsa especial.<\/p>\n<ol>\n<li>La eliminaci\u00f3n de ox\u00edgeno y la prevenci\u00f3n de que el ox\u00edgeno entre en contacto con el producto<\/li>\n<li>Higiene: No hay contaminaci\u00f3n durante el transporte y el almacenamiento, transporte y almacenamiento higi\u00e9nicos<\/li>\n<li>Higiene: No hay contaminaci\u00f3n durante la manipulaci\u00f3n del producto envasado<\/li>\n<li>Los sabores se conservan mejor en la comida<\/li>\n<li>Evitar la quemadura por congelaci\u00f3n, la desecaci\u00f3n y el marchitamiento de la \u00abpiel\u00bb del producto<\/li>\n<li>No hay p\u00e9rdida de producto por tener que cortar las partes descoloridas o secas<\/li>\n<li>Los productos pueden ser comprados en mayores cantidades, guardados por m\u00e1s tiempo, mantendr\u00e1n una mejor apariencia por m\u00e1s tiempo, menos productos tendr\u00e1n que ser tirados.<\/li>\n<li>El contenido de humedad natural se conserva<\/li>\n<li>No hay p\u00e9rdida de peso de los productos<\/li>\n<li>No se absorbe humedad del aire, no hay decoloraci\u00f3n<\/li>\n<\/ol>\n<p>[\/vc_column_text][vc_empty_space height=\u00bb100&#8243;][\/vc_column][\/vc_row][vc_row type=\u00bbfull_width_content\u00bb bg_image=\u00bb2610&#8243;][vc_column width=\u00bb1\/2&#8243; background_color=\u00bb#f8f8f8&#8243; css=\u00bb.vc_custom_1570451273977{background-color: #f8f8f8 !important;}\u00bb][vc_row_inner][vc_column_inner][vc_empty_space height=\u00bb200&#8243;][vc_custom_heading text=\u00bbLa vida \u00fatil depende mucho de la frescura y limpieza del producto y de las condiciones de procesamiento.\u00bb font_container=\u00bbtag:h1|font_size:48px|text_align:left|color:%23444444|line_height:56px\u00bb google_fonts=\u00bbfont_family:Open%20Sans%3A300%2C300italic%2Cregular%2Citalic%2C600%2C600italic%2C700%2C700italic%2C800%2C800italic|font_style:700%20bold%20regular%3A700%3Anormal\u00bb][vc_column_text]La extensi\u00f3n de la vida \u00fatil s\u00f3lo es una indicaci\u00f3n.[\/vc_column_text][vc_empty_space][vc_column_text]<\/p>\n<ol>\n<li>Los productos alimenticios son productos naturales y nunca son exactamente iguales.<\/li>\n<li>La tasa de desperdicio depende en gran medida del n\u00famero de bacterias aer\u00f3bicas, anaer\u00f3bicas y de hongos que se encuentren inicialmente en el producto en las condiciones higi\u00e9nicas y de temperatura cuando los productos son envasados.<\/li>\n<li>Las condiciones m\u00e1s r\u00e1pidas, limpias e higi\u00e9nicas en las que se envasen los productos, lo mejor<\/li>\n<li>Es esencial trabajar con cuchillos, tablas de cortar y m\u00e1quinas limpias.<\/li>\n<li>La velocidad de desperdicio tambi\u00e9n depende de las condiciones, la temperatura, y la luz, durante el almacenamiento&#8230;<\/li>\n<li>Se requiere una bolsa de vac\u00edo de buena calidad para mantener el vac\u00edo durante un per\u00edodo de tiempo m\u00e1s largo<\/li>\n<\/ol>\n<p>[\/vc_column_text][vc_empty_space height=\u00bb350&#8243;][\/vc_column_inner][\/vc_row_inner][\/vc_column][vc_column width=\u00bb1\/2&#8243; background_image=\u00bb5206&#8243;][vc_column_text]<br \/>\n[\/vc_column_text][\/vc_column][\/vc_row][vc_row type=\u00bbfull_width_content\u00bb bg_image=\u00bb2610&#8243; bg_color=\u00bb#efefef\u00bb top_padding=\u00bb0&#8243;][vc_column width=\u00bb1\/2&#8243;][vc_row_inner][vc_column_inner width=\u00bb2\/3&#8243;][vc_empty_space height=\u00bb50&#8243;][vc_column_text]<\/p>\n<ul>\n<li><strong><strong>CONSEJOS<\/strong><\/strong><\/li>\n<li>Verduras, las limpias muy bien bajo el agua.<\/li>\n<li>Los pepinos y calabacines contienen mucha humedad y no pueden ser envasados al vac\u00edo.<\/li>\n<li>Las hierbas con un alto contenido de aceite como el tomillo, la menta o el romero se pueden envasar mejor al vac\u00edo en seco.<\/li>\n<li>Las hierbas como la albahaca, el estrag\u00f3n, el eneldo, el perejil y el cebollino pueden congelarse y secarse mejor para evitar la p\u00e9rdida de sabores arom\u00e1ticos.<\/li>\n<li>Los hongos suaves se volver\u00e1n pastosos. Es mejor lavar, cortar, secar y congelar las setas antes de envasarlas al vac\u00edo. Durante las preparaciones no descongele los hongos sino \u00faselos en el proceso de cocci\u00f3n directamente.<\/li>\n<\/ul>\n<p>[\/vc_column_text][\/vc_column_inner][vc_column_inner width=\u00bb1\/3&#8243;][\/vc_column_inner][\/vc_row_inner][\/vc_column][vc_column width=\u00bb1\/2&#8243;][vc_empty_space height=\u00bb50&#8243;][vc_column_text]<\/p>\n<table style=\"height: 1180px;\" border=\"1\" width=\"602\" cellspacing=\"0\" cellpadding=\"1\">\n<tbody>\n<tr>\n<td><strong>\u00a0Guardado en un refrigerador<\/strong><\/td>\n<td><strong>\u00a0Normal<\/strong><\/td>\n<td><strong>\u00a0Envasado al vac\u00edo<\/strong><\/td>\n<\/tr>\n<tr>\n<td>\u00a0Comida cocinada<\/td>\n<td>\u00a02 d\u00edas<\/td>\n<td>\u00a010 d\u00edas<\/td>\n<\/tr>\n<tr>\n<td>\u00a0Carne fresca<\/td>\n<td>\u00a02 d\u00edas<\/td>\n<td>\u00a06 d\u00edas<\/td>\n<\/tr>\n<tr>\n<td>\u00a0Pollo<\/td>\n<td>\u00a02 d\u00edas<\/td>\n<td>\u00a06 d\u00edas<\/td>\n<\/tr>\n<tr>\n<td>\u00a0Carne cocinada<\/td>\n<td>\u00a04-5 d\u00edas<\/td>\n<td>\u00a08-10 d\u00edas<\/td>\n<\/tr>\n<tr>\n<td>\u00a0Pescado fresco<\/td>\n<td>\u00a02 d\u00edas<\/td>\n<td>\u00a04-5 d\u00edas<\/td>\n<\/tr>\n<tr>\n<td>\u00a0Carne cortada, s\u00e1ndwich<\/td>\n<td>\u00a03 d\u00edas<\/td>\n<td>\u00a06-8 d\u00edas<\/td>\n<\/tr>\n<tr>\n<td>\u00a0Salchicha de carne ahumada<\/td>\n<td>\u00a090 d\u00edas<\/td>\n<td>\u00a0365 d\u00edas<\/td>\n<\/tr>\n<tr>\n<td>\u00a0Queso holand\u00e9s<\/td>\n<td>\u00a012-15 d\u00edas<\/td>\n<td>\u00a050-55 d\u00edas<\/td>\n<\/tr>\n<tr>\n<td>\u00a0Queso franc\u00e9s<\/td>\n<td>\u00a05-7 d\u00edas<\/td>\n<td>\u00a013-15 d\u00edas<\/td>\n<\/tr>\n<tr>\n<td>\u00a0Verduras frescas<\/td>\n<td>\u00a05 d\u00edas<\/td>\n<td>\u00a018-20 d\u00edas<\/td>\n<\/tr>\n<tr>\n<td>\u00a0Hierbas frescas<\/td>\n<td>\u00a02-3 d\u00edas<\/td>\n<td>\u00a07-14 d\u00edas<\/td>\n<\/tr>\n<tr>\n<td>\u00a0Lechuga<\/td>\n<td>\u00a03 d\u00edas<\/td>\n<td>\u00a06-8 d\u00edas<\/td>\n<\/tr>\n<tr>\n<td>\u00a0Fruta fresca<\/td>\n<td>\u00a03-7 d\u00edas<\/td>\n<td>\u00a08-20 d\u00edas<\/td>\n<\/tr>\n<tr>\n<td>\u00a0Desiertos<\/td>\n<td>\u00a05 d\u00edas<\/td>\n<td>\u00a010-15 d\u00edas<\/td>\n<\/tr>\n<tr>\n<td><\/td>\n<td><\/td>\n<td><\/td>\n<\/tr>\n<tr>\n<td><strong>\u00a0Mantenido a temperatura ambiente <\/strong><\/td>\n<td><strong>\u00a0Normal<\/strong><\/td>\n<td><strong>\u00a0Envasado al vac\u00edo <\/strong><\/td>\n<\/tr>\n<tr>\n<td>\u00a0Pan, panecillos<\/td>\n<td>\u00a02-3 d\u00edas<\/td>\n<td>\u00a07-8 d\u00edas<\/td>\n<\/tr>\n<tr>\n<td>\u00a0Galletas<\/td>\n<td>\u00a0120 d\u00edas<\/td>\n<td>\u00a0300 d\u00edas<\/td>\n<\/tr>\n<tr>\n<td>\u00a0Alimentos secos<\/td>\n<td>\u00a010-30 d\u00edas<\/td>\n<td>\u00a030-90 d\u00edas<\/td>\n<\/tr>\n<tr>\n<td>\u00a0Fideos no cocidos<\/td>\n<td>\u00a0180 d\u00edas<\/td>\n<td>\u00a0365 d\u00edas<\/td>\n<\/tr>\n<tr>\n<td>\u00a0Caf\u00e9, t\u00e9<\/td>\n<td>\u00a030-60 d\u00edas<\/td>\n<td>\u00a0365 d\u00edas<\/td>\n<\/tr>\n<tr>\n<td>\u00a0Vino<\/td>\n<td>\u00a02-3 d\u00edas<\/td>\n<td>\u00a020-25 d\u00edas<\/td>\n<\/tr>\n<tr>\n<td>\u00a0No alcoh\u00f3lico despu\u00e9s de abrir<\/td>\n<td>\u00a02-3 d\u00edas<\/td>\n<td>\u00a07-10 d\u00edas<\/td>\n<\/tr>\n<tr>\n<td>\u00a0Productos horneados<\/td>\n<td>\u00a02-3 d\u00edas<\/td>\n<td>\u00a07-10 d\u00edas<\/td>\n<\/tr>\n<tr>\n<td>\u00a0Nueces<\/td>\n<td>\u00a030-60 d\u00edas<\/td>\n<td>\u00a0120-180 d\u00edas<\/td>\n<\/tr>\n<tr>\n<td>\u00a0Patatas fritas, bocadillos<\/td>\n<td>\u00a05-10 d\u00edas<\/td>\n<td>\u00a020-30 d\u00edas<\/td>\n<\/tr>\n<tr>\n<td><\/td>\n<td><\/td>\n<td><\/td>\n<\/tr>\n<tr>\n<td><strong>\u00a0Guardado en un congelador (-18C) <\/strong><\/td>\n<td><strong>\u00a0Normaal<\/strong><\/td>\n<td><strong>\u00a0Al vac\u00edo<\/strong><\/td>\n<\/tr>\n<tr>\n<td>\u00a0Carne fresca<\/td>\n<td>\u00a06 meses<\/td>\n<td>\u00a018 meses<\/td>\n<\/tr>\n<tr>\n<td>\u00a0Carne picada<\/td>\n<td>\u00a04 meses<\/td>\n<td>\u00a012 meses<\/td>\n<\/tr>\n<tr>\n<td>\u00a0Pollo<\/td>\n<td>\u00a06 meses<\/td>\n<td>\u00a018 meses<\/td>\n<\/tr>\n<tr>\n<td>\u00a0Pescado fresco<\/td>\n<td>\u00a06 meses<\/td>\n<td>\u00a018 meses<\/td>\n<\/tr>\n<tr>\n<td>\u00a0Verduras frescas<\/td>\n<td>\u00a08 meses<\/td>\n<td>\u00a024 meses<\/td>\n<\/tr>\n<tr>\n<td>\u00a0Setas<\/td>\n<td>\u00a08 meses<\/td>\n<td>\u00a024 meses<\/td>\n<\/tr>\n<tr>\n<td>\u00a0Hierbas<\/td>\n<td>\u00a06-10 meses<\/td>\n<td>\u00a018-30 meses<\/td>\n<\/tr>\n<tr>\n<td>\u00a0Fruta<\/td>\n<td>\u00a06-10 meses<\/td>\n<td>\u00a018-30 meses<\/td>\n<\/tr>\n<tr>\n<td>\u00a0Carne cortada, s\u00e1ndwich<\/td>\n<td>\u00a02 meses<\/td>\n<td>\u00a04-6 meses<\/td>\n<\/tr>\n<tr>\n<td>\u00a0Productos horneados<\/td>\n<td>\u00a06-12 meses<\/td>\n<td>\u00a018 meses<\/td>\n<\/tr>\n<tr>\n<td>\u00a0Granos de caf\u00e9<\/td>\n<td>\u00a06-9 meses<\/td>\n<td>\u00a018-27 meses<\/td>\n<\/tr>\n<tr>\n<td>\u00a0Caf\u00e9 molido<\/td>\n<td>\u00a06 meses<\/td>\n<td>\u00a012-34 meses<\/td>\n<\/tr>\n<tr>\n<td>\u00a0Pan, panecillos<\/td>\n<td>\u00a06-12 meses<\/td>\n<td>\u00a018-36 meses<\/td>\n<\/tr>\n<\/tbody>\n<\/table>\n<p>[\/vc_column_text][vc_column_text]<br \/>\n[\/vc_column_text][vc_row_inner][vc_column_inner width=\u00bb5\/6&#8243;][vc_column_text]<em>Todos los valores s\u00f3lo son una indicaci\u00f3n de la extensi\u00f3n de la vida \u00fatil posible. Debido a las numerosas variables de las sustancias alimentarias y las condiciones de elaboraci\u00f3n, no se pueden derivar derechos o reclamaciones de esta informaci\u00f3n.<\/em>[\/vc_column_text][\/vc_column_inner][vc_column_inner width=\u00bb1\/6&#8243;][\/vc_column_inner][\/vc_row_inner][vc_empty_space][\/vc_column][\/vc_row][vc_row][vc_column width=\u00bb1\/3&#8243; background_color=\u00bb#eb6f2e\u00bb el_class=\u00bbkolomOver2&#8243; css=\u00bb.vc_custom_1581949052078{padding-top: 50px !important;padding-bottom: 50px !important;background-position: center !important;background-repeat: no-repeat !important;background-size: cover !important;}\u00bb][vc_empty_space height=\u00bb17&#8243;][vc_custom_heading text=\u00bbCONTACTO\u00bb font_container=\u00bbtag:h1|font_size:24|text_align:center|color:%23ffffff\u00bb use_theme_fonts=\u00bbyes\u00bb css_animation=\u00bbnone\u00bb link=\u00bburl:https%3A%2F%2Fturbovac.nl%2Fes%2Fdepartamento-de-ventas%2F|title:Sales%20department||\u00bb][vc_empty_space height=\u00bb17&#8243;][\/vc_column][vc_column width=\u00bb1\/3&#8243; background_color=\u00bb#d20037&#8243; el_class=\u00bbkolomOver2&#8243; css=\u00bb.vc_custom_1581949129587{padding-top: 50px !important;padding-bottom: 50px !important;}\u00bb][vc_custom_heading text=\u00bbCREAR UN PRESUPUESTO PERSONAL\u00bb font_container=\u00bbtag:h1|font_size:24|text_align:center|color:%23ffffff\u00bb use_theme_fonts=\u00bbyes\u00bb link=\u00bburl:https%3A%2F%2Fturbovac.nl%2Fes%2Fsolicitar-una-cotizacion%2F|title:Request%20Quotation||\u00bb][\/vc_column][vc_column width=\u00bb1\/3&#8243; background_color=\u00bb#9e2142&#8243; el_class=\u00bbkolomOver2&#8243; css=\u00bb.vc_custom_1581949206465{padding-top: 50px !important;padding-bottom: 50px !important;}\u00bb][vc_custom_heading text=\u00bbCONVERTIRSE EN UN DISTRIBUIDOR\u00bb font_container=\u00bbtag:h1|font_size:24|text_align:center|color:%23ffffff\u00bb use_theme_fonts=\u00bbyes\u00bb link=\u00bburl:https%3A%2F%2Fturbovac.nl%2Fes%2Fconviertase-en-un-distribuidor%2F|title:Become%20a%20distributor||\u00bb][\/vc_column][\/vc_row][vc_row type=\u00bbfull_width_background\u00bb class=\u00bbkolomOver\u00bb][vc_column width=\u00bb1\/3&#8243; el_class=\u00bbkolomOver\u00bb][services_medium title=\u00bbINDUSTRIA C\u00c1RNICA\u00bb style=\u00bbstyle_3&#8243; icon=\u00bbsteadysets-icon-bones\u00bb icon_color=\u00bb#d20037&#8243; border_color=\u00bb#d20037&#8243; dynamic_content_link=\u00bbhttps:\/\/turbovac.nl\/es\/markets\/industria-de-procesamiento-de-carne\/\u00bb]Envases de alta calidad para mejorar sus clientes.[\/services_medium][\/vc_column][vc_column width=\u00bb1\/3&#8243; el_class=\u00bbkolomOver\u00bb][services_medium title=\u00bbPROCESAMIENTO DE ALIMENTOS\u00bb style=\u00bbstyle_3&#8243; icon=\u00bblinecon-icon-food\u00bb icon_color=\u00bb#d20037&#8243; border_color=\u00bb#d20037&#8243; dynamic_content_link=\u00bbhttps:\/\/turbovac.nl\/es\/markets\/industria-de-procesamiento-de-alimentos\/\u00bb]Optimizaci\u00f3n y flexibilidad en todo tipo de procesamiento de alimentos.[\/services_medium][\/vc_column][vc_column width=\u00bb1\/3&#8243; el_class=\u00bbkolomOver\u00bb][services_medium title=\u00bbINDUSTRIA NO ALIMENTARIA\u00bb style=\u00bbstyle_3&#8243; icon=\u00bbsteadysets-icon-lab\u00bb icon_color=\u00bb#d20037&#8243; border_color=\u00bb#d20037&#8243; dynamic_content_link=\u00bbhttps:\/\/turbovac.nl\/es\/markets\/industria-no-alimentaria\/\u00bb]Protecci\u00f3n \u00f3ptima contra la suciedad, el polvo y la humedad.[\/services_medium][\/vc_column][\/vc_row][vc_row type=\u00bbfull_width_content\u00bb][vc_column background_color=\u00bb#75001f\u00bb][vc_empty_space][vc_custom_heading text=\u00bbCAPTURE QUALITY\u00bb font_container=\u00bbtag:h2|font_size:35|text_align:center|color:%23ffffff|line_height:1.25&#8243; use_theme_fonts=\u00bbyes\u00bb][vc_empty_space][\/vc_column][\/vc_row]<\/p>\n","protected":false},"excerpt":{"rendered":"<p>[vc_row type=\u00bbfull_width_content\u00bb bg_image=\u00bb2610&#8243; top_padding=\u00bb0&#8243;][vc_column width=\u00bb1\/2&#8243; background_image=\u00bb5227&#8243;][vc_column_text] [\/vc_column_text][\/vc_column][vc_column width=\u00bb1\/2&#8243; column_padding=\u00bb4%\u00bb background_color=\u00bb#f2f2f2&#8243; css=\u00bb.vc_custom_1570452007389{background-color: #f8f8f8 !important;}\u00bb][vc_empty_space height=\u00bb100&#8243;][vc_custom_heading text=\u00bbProductos alimenticios perecederos: Indicaci\u00f3n Prolongaci\u00f3n de la vida \u00fatil\u00bb font_container=\u00bbtag:h1|font_size:48px|text_align:left|color:%23444444|line_height:56px\u00bb google_fonts=\u00bbfont_family:Open%20Sans%3A300%2C300italic%2Cregular%2Citalic%2C600%2C600italic%2C700%2C700italic%2C800%2C800italic|font_style:700%20bold%20regular%3A700%3Anormal\u00bb][vc_custom_heading text=\u00bbIndicaci\u00f3n de la mejora de la vida \u00fatil de los productos envasados al vac\u00edo\u00bb font_container=\u00bbtag:h2|font_size:34px|text_align:left|color:%23444444|line_height:44px\u00bb google_fonts=\u00bbfont_family:Raleway%3A100%2C200%2C300%2Cregular%2C500%2C600%2C700%2C800%2C900|font_style:300%20light%20regular%3A300%3Anormal\u00bb][vc_empty_space][vc_column_text]La vida \u00fatil de los alimentos perecederos se puede prolongar envas\u00e1ndolos al vac\u00edo en una [&hellip;]<\/p>\n","protected":false},"author":6,"featured_media":3902,"parent":0,"menu_order":0,"comment_status":"closed","ping_status":"closed","template":"","meta":{"_monsterinsights_skip_tracking":false,"_monsterinsights_sitenote_active":false,"_monsterinsights_sitenote_note":"","_monsterinsights_sitenote_category":0,"footnotes":""},"class_list":["post-9937","page","type-page","status-publish","has-post-thumbnail","hentry"],"yoast_head":"<!-- This site is optimized with the Yoast SEO plugin v22.7 - https:\/\/yoast.com\/wordpress\/plugins\/seo\/ -->\n<title>Tabla de vida \u00fatil | Turbovac - first choice for professionals<\/title>\n<meta name=\"description\" content=\"La vida \u00fatil de los alimentos perecederos puede extenderse envasando al vac\u00edo y da una indicaci\u00f3n de la mejora de la vida \u00fatil.\" \/>\n<meta name=\"robots\" content=\"index, follow, max-snippet:-1, max-image-preview:large, max-video-preview:-1\" \/>\n<link rel=\"canonical\" href=\"https:\/\/turbovac.nl\/es\/tabla-de-vida-util\/\" \/>\n<meta property=\"og:locale\" content=\"es_ES\" \/>\n<meta property=\"og:type\" content=\"article\" \/>\n<meta property=\"og:title\" content=\"Tabla de vida \u00fatil | Turbovac - first choice for professionals\" \/>\n<meta property=\"og:description\" content=\"La vida \u00fatil de los alimentos perecederos puede extenderse envasando al vac\u00edo y da una indicaci\u00f3n de la mejora de la vida \u00fatil.\" \/>\n<meta property=\"og:url\" content=\"https:\/\/turbovac.nl\/es\/tabla-de-vida-util\/\" \/>\n<meta property=\"og:site_name\" content=\"TURBOVAC\" \/>\n<meta property=\"article:modified_time\" content=\"2020-04-29T20:31:55+00:00\" \/>\n<meta property=\"og:image\" content=\"https:\/\/turbovac.nl\/wp-content\/uploads\/2019\/10\/TT-zoom3940-1.jpg\" \/>\n\t<meta property=\"og:image:width\" content=\"1000\" \/>\n\t<meta property=\"og:image:height\" content=\"1064\" \/>\n\t<meta property=\"og:image:type\" content=\"image\/jpeg\" \/>\n<meta name=\"twitter:card\" content=\"summary_large_image\" \/>\n<meta name=\"twitter:label1\" content=\"Tiempo de lectura\" \/>\n\t<meta name=\"twitter:data1\" content=\"8 minutos\" \/>\n<script type=\"application\/ld+json\" class=\"yoast-schema-graph\">{\"@context\":\"https:\/\/schema.org\",\"@graph\":[{\"@type\":\"WebPage\",\"@id\":\"https:\/\/turbovac.nl\/es\/tabla-de-vida-util\/\",\"url\":\"https:\/\/turbovac.nl\/es\/tabla-de-vida-util\/\",\"name\":\"Tabla de vida \u00fatil | Turbovac - first choice for professionals\",\"isPartOf\":{\"@id\":\"https:\/\/turbovac.nl\/#website\"},\"primaryImageOfPage\":{\"@id\":\"https:\/\/turbovac.nl\/es\/tabla-de-vida-util\/#primaryimage\"},\"image\":{\"@id\":\"https:\/\/turbovac.nl\/es\/tabla-de-vida-util\/#primaryimage\"},\"thumbnailUrl\":\"https:\/\/turbovac.nl\/wp-content\/uploads\/2019\/10\/TT-zoom3940-1.jpg\",\"datePublished\":\"2019-11-14T15:57:26+00:00\",\"dateModified\":\"2020-04-29T20:31:55+00:00\",\"description\":\"La vida \u00fatil de los alimentos perecederos puede extenderse envasando al vac\u00edo y da una indicaci\u00f3n de la mejora de la vida \u00fatil.\",\"breadcrumb\":{\"@id\":\"https:\/\/turbovac.nl\/es\/tabla-de-vida-util\/#breadcrumb\"},\"inLanguage\":\"es\",\"potentialAction\":[{\"@type\":\"ReadAction\",\"target\":[\"https:\/\/turbovac.nl\/es\/tabla-de-vida-util\/\"]}]},{\"@type\":\"ImageObject\",\"inLanguage\":\"es\",\"@id\":\"https:\/\/turbovac.nl\/es\/tabla-de-vida-util\/#primaryimage\",\"url\":\"https:\/\/turbovac.nl\/wp-content\/uploads\/2019\/10\/TT-zoom3940-1.jpg\",\"contentUrl\":\"https:\/\/turbovac.nl\/wp-content\/uploads\/2019\/10\/TT-zoom3940-1.jpg\",\"width\":1000,\"height\":1064,\"caption\":\"Tabletop detail Food processing industry\"},{\"@type\":\"BreadcrumbList\",\"@id\":\"https:\/\/turbovac.nl\/es\/tabla-de-vida-util\/#breadcrumb\",\"itemListElement\":[{\"@type\":\"ListItem\",\"position\":1,\"name\":\"Home\",\"item\":\"https:\/\/turbovac.nl\/es\/\"},{\"@type\":\"ListItem\",\"position\":2,\"name\":\"Tabla de vida \u00fatil\"}]},{\"@type\":\"WebSite\",\"@id\":\"https:\/\/turbovac.nl\/#website\",\"url\":\"https:\/\/turbovac.nl\/\",\"name\":\"TURBOVAC\",\"description\":\"Vacuum Packaging Machines\",\"potentialAction\":[{\"@type\":\"SearchAction\",\"target\":{\"@type\":\"EntryPoint\",\"urlTemplate\":\"https:\/\/turbovac.nl\/?s={search_term_string}\"},\"query-input\":\"required name=search_term_string\"}],\"inLanguage\":\"es\"}]}<\/script>\n<!-- \/ Yoast SEO plugin. -->","yoast_head_json":{"title":"Tabla de vida \u00fatil | Turbovac - first choice for professionals","description":"La vida \u00fatil de los alimentos perecederos puede extenderse envasando al vac\u00edo y da una indicaci\u00f3n de la mejora de la vida \u00fatil.","robots":{"index":"index","follow":"follow","max-snippet":"max-snippet:-1","max-image-preview":"max-image-preview:large","max-video-preview":"max-video-preview:-1"},"canonical":"https:\/\/turbovac.nl\/es\/tabla-de-vida-util\/","og_locale":"es_ES","og_type":"article","og_title":"Tabla de vida \u00fatil | Turbovac - first choice for professionals","og_description":"La vida \u00fatil de los alimentos perecederos puede extenderse envasando al vac\u00edo y da una indicaci\u00f3n de la mejora de la vida \u00fatil.","og_url":"https:\/\/turbovac.nl\/es\/tabla-de-vida-util\/","og_site_name":"TURBOVAC","article_modified_time":"2020-04-29T20:31:55+00:00","og_image":[{"width":1000,"height":1064,"url":"https:\/\/turbovac.nl\/wp-content\/uploads\/2019\/10\/TT-zoom3940-1.jpg","type":"image\/jpeg"}],"twitter_card":"summary_large_image","twitter_misc":{"Tiempo de lectura":"8 minutos"},"schema":{"@context":"https:\/\/schema.org","@graph":[{"@type":"WebPage","@id":"https:\/\/turbovac.nl\/es\/tabla-de-vida-util\/","url":"https:\/\/turbovac.nl\/es\/tabla-de-vida-util\/","name":"Tabla de vida \u00fatil | Turbovac - first choice for professionals","isPartOf":{"@id":"https:\/\/turbovac.nl\/#website"},"primaryImageOfPage":{"@id":"https:\/\/turbovac.nl\/es\/tabla-de-vida-util\/#primaryimage"},"image":{"@id":"https:\/\/turbovac.nl\/es\/tabla-de-vida-util\/#primaryimage"},"thumbnailUrl":"https:\/\/turbovac.nl\/wp-content\/uploads\/2019\/10\/TT-zoom3940-1.jpg","datePublished":"2019-11-14T15:57:26+00:00","dateModified":"2020-04-29T20:31:55+00:00","description":"La vida \u00fatil de los alimentos perecederos puede extenderse envasando al vac\u00edo y da una indicaci\u00f3n de la mejora de la vida \u00fatil.","breadcrumb":{"@id":"https:\/\/turbovac.nl\/es\/tabla-de-vida-util\/#breadcrumb"},"inLanguage":"es","potentialAction":[{"@type":"ReadAction","target":["https:\/\/turbovac.nl\/es\/tabla-de-vida-util\/"]}]},{"@type":"ImageObject","inLanguage":"es","@id":"https:\/\/turbovac.nl\/es\/tabla-de-vida-util\/#primaryimage","url":"https:\/\/turbovac.nl\/wp-content\/uploads\/2019\/10\/TT-zoom3940-1.jpg","contentUrl":"https:\/\/turbovac.nl\/wp-content\/uploads\/2019\/10\/TT-zoom3940-1.jpg","width":1000,"height":1064,"caption":"Tabletop detail Food processing industry"},{"@type":"BreadcrumbList","@id":"https:\/\/turbovac.nl\/es\/tabla-de-vida-util\/#breadcrumb","itemListElement":[{"@type":"ListItem","position":1,"name":"Home","item":"https:\/\/turbovac.nl\/es\/"},{"@type":"ListItem","position":2,"name":"Tabla de vida \u00fatil"}]},{"@type":"WebSite","@id":"https:\/\/turbovac.nl\/#website","url":"https:\/\/turbovac.nl\/","name":"TURBOVAC","description":"Vacuum Packaging Machines","potentialAction":[{"@type":"SearchAction","target":{"@type":"EntryPoint","urlTemplate":"https:\/\/turbovac.nl\/?s={search_term_string}"},"query-input":"required name=search_term_string"}],"inLanguage":"es"}]}},"_links":{"self":[{"href":"https:\/\/turbovac.nl\/es\/wp-json\/wp\/v2\/pages\/9937","targetHints":{"allow":["GET"]}}],"collection":[{"href":"https:\/\/turbovac.nl\/es\/wp-json\/wp\/v2\/pages"}],"about":[{"href":"https:\/\/turbovac.nl\/es\/wp-json\/wp\/v2\/types\/page"}],"author":[{"embeddable":true,"href":"https:\/\/turbovac.nl\/es\/wp-json\/wp\/v2\/users\/6"}],"replies":[{"embeddable":true,"href":"https:\/\/turbovac.nl\/es\/wp-json\/wp\/v2\/comments?post=9937"}],"version-history":[{"count":5,"href":"https:\/\/turbovac.nl\/es\/wp-json\/wp\/v2\/pages\/9937\/revisions"}],"predecessor-version":[{"id":10161,"href":"https:\/\/turbovac.nl\/es\/wp-json\/wp\/v2\/pages\/9937\/revisions\/10161"}],"wp:featuredmedia":[{"embeddable":true,"href":"https:\/\/turbovac.nl\/es\/wp-json\/wp\/v2\/media\/3902"}],"wp:attachment":[{"href":"https:\/\/turbovac.nl\/es\/wp-json\/wp\/v2\/media?parent=9937"}],"curies":[{"name":"wp","href":"https:\/\/api.w.org\/{rel}","templated":true}]}}