{"id":9941,"date":"2019-11-14T18:05:38","date_gmt":"2019-11-14T17:05:38","guid":{"rendered":"https:\/\/turbovac.nl\/conversion-table-old-new\/"},"modified":"2020-04-29T12:25:38","modified_gmt":"2020-04-29T11:25:38","slug":"tabla-de-conversion","status":"publish","type":"page","link":"https:\/\/turbovac.nl\/es\/tabla-de-conversion\/","title":{"rendered":"Tabla de conversi\u00f3n"},"content":{"rendered":"<p>[vc_row type=\u00bbfull_width_background\u00bb bg_color=\u00bb#f7f7f7&#8243;][vc_column width=\u00bb1\/4&#8243;][\/vc_column][vc_column width=\u00bb3\/4&#8243;][vc_custom_heading text=\u00bbTabla de conversi\u00f3n\u00bb font_container=\u00bbtag:h1|font_size:48px|text_align:left|color:%23444444|line_height:56px\u00bb google_fonts=\u00bbfont_family:Open%20Sans%3A300%2C300italic%2Cregular%2Citalic%2C600%2C600italic%2C700%2C700italic%2C800%2C800italic|font_style:700%20bold%20regular%3A700%3Anormal\u00bb][vc_column_text]<strong>Tabla de conversi\u00f3n Antiguo (2013 y antes) y Nuevo (introducido en 2014)<\/strong><\/p>\n<p>Los nombres de las m\u00e1quinas han sido simplificados y encontrar\u00e1n que las m\u00e1quinas han sido t\u00e9cnicamente mejoradas. La gama de productos es m\u00e1s clara, y ser\u00e1 m\u00e1s f\u00e1cil y r\u00e1pido hacer la mejor decisi\u00f3n.[\/vc_column_text][vc_column_text]<\/p>\n<table style=\"height: 798px;\" border=\"1\" width=\"617\" cellspacing=\"0\" cellpadding=\"0\">\n<tbody>\n<tr>\n<td style=\"text-align: center;\" colspan=\"3\">TABLA DE CONVERSI\u00d3N ANTIGUA Y NUEVA<\/td>\n<\/tr>\n<tr>\n<td><\/td>\n<td>\u00a0TURBOVAC <strong>NUEVA<\/strong><\/td>\n<td>\u00a0TURBOVAC <strong>ANTIGUA<\/strong><\/td>\n<\/tr>\n<tr>\n<td style=\"text-align: center;\" colspan=\"3\"><strong>C\u00c1MARA DE ACERO INOXIDABLE | CUBIERTA TRANSPARENTE<\/strong><\/td>\n<\/tr>\n<tr>\n<td>\u00a0MODELOS DE MESA<\/td>\n<td><strong>\u00a0S20<\/strong><\/td>\n<td>\u00a0120STE ECO 140STE ECO<\/td>\n<\/tr>\n<tr>\n<td>\u00a0MODELOS DE MESA<\/td>\n<td><strong>\u00a0S30<\/strong><\/td>\n<td>\u00a0160STE 320ST<\/td>\n<\/tr>\n<tr>\n<td>\u00a0MODELOS DE MESA<\/td>\n<td><strong>\u00a0S40<\/strong><\/td>\n<td>\u00a018ST (440ST) 420ST 430STE<\/td>\n<\/tr>\n<tr>\n<td>\u00a0MODELOS DE MESA<\/td>\n<td><strong>\u00a0S50<\/strong><\/td>\n<td>\u00a0450STE<\/td>\n<\/tr>\n<tr>\n<td><\/td>\n<td><\/td>\n<td><\/td>\n<\/tr>\n<tr>\n<td style=\"text-align: center;\" colspan=\"3\"><strong>C\u00c1MARA DE ACERO INOXIDABLE | CUBIERTA TRANSPARENTE<\/strong><\/td>\n<\/tr>\n<tr>\n<td>\u00a0M\u00d3VIL<\/td>\n<td><strong>\u00a0M10<\/strong><\/td>\n<td>\u00a0470ST 530STE<\/td>\n<\/tr>\n<tr>\n<td>\u00a0M\u00d3VIL<\/td>\n<td><strong>\u00a0M20<\/strong><\/td>\n<td>\u00a0520ST 590STE<\/td>\n<\/tr>\n<tr>\n<td>\u00a0M\u00d3VIL<\/td>\n<td><strong>\u00a0M30<\/strong><\/td>\n<td>\u00a0450STE MOBILE VERSION<\/td>\n<\/tr>\n<tr>\n<td style=\"text-align: center;\" colspan=\"3\"><strong>TAPA | SUPERFICIE PLANA DE TRABAJO EN ACERO INOX<\/strong><\/td>\n<\/tr>\n<tr>\n<td>\u00a0M\u00d3VIL<\/td>\n<td><strong>\u00a0M40<\/strong><\/td>\n<td>\u00a0580STE<\/td>\n<\/tr>\n<tr>\n<td>\u00a0M\u00d3VIL<\/td>\n<td><strong>\u00a0M50<\/strong><\/td>\n<td>\u00a0880STE<\/td>\n<\/tr>\n<tr>\n<td>\u00a0M\u00d3VIL<\/td>\n<td><strong>\u00a0M60<\/strong><\/td>\n<td>\u00a0880STE XL<\/td>\n<\/tr>\n<tr>\n<td>\u00a0M\u00d3VIL<\/td>\n<td><strong>\u00a0M70<\/strong><\/td>\n<td>\u00a0SB 520<\/td>\n<\/tr>\n<tr>\n<td>\u00a0M\u00d3VIL<\/td>\n<td><strong>\u00a0M80<\/strong><\/td>\n<td>\u00a0SB 820<\/td>\n<\/tr>\n<tr>\n<td>\u00a0DOBLE CAMPANA<\/td>\n<td><strong>\u00a0L10<\/strong><\/td>\n<td>\u00a0700STE XL<\/td>\n<\/tr>\n<tr>\n<td>\u00a0DOBLE CAMPANA<\/td>\n<td><strong>\u00a0L30<\/strong><\/td>\n<td>\u00a0900STE XL 950STE XLE<\/td>\n<\/tr>\n<tr>\n<td>\u00a0DOBLE CAMPANA<\/td>\n<td><strong>\u00a0L40<\/strong><\/td>\n<td>\u00a01000STE XL<\/td>\n<\/tr>\n<tr>\n<td>\u00a0DOBLE CAMPANA<\/td>\n<td><strong>\u00a0L60<\/strong><\/td>\n<td>\u00a0SB 620<\/td>\n<\/tr>\n<tr>\n<td>\u00a0LI\u0301NEA DE EMPAQUE<br \/>\nAUTOMA\u0301TICA<\/td>\n<td><em>\u00a0No hay cambios<\/em><\/td>\n<td>\u00a0A5000<\/td>\n<\/tr>\n<tr>\n<td>\u00a0TANQUES DE INMERSI\u00d3N<\/td>\n<td>\u00a0<em>No hay cambios<\/em><\/td>\n<td>\u00a0HV 50\/75<\/td>\n<\/tr>\n<tr>\n<td>\u00a0TANQUES DE INMERSI\u00d3N<\/td>\n<td><em>\u00a0No hay cambios<\/em><\/td>\n<td>\u00a0HV 40\/60<\/td>\n<\/tr>\n<tr>\n<td>\u00a0ENCHAROLADORAS<\/td>\n<td>\u00a0<em>No hay cambios<\/em><\/td>\n<td>\u00a0TPS Mini<\/td>\n<\/tr>\n<tr>\n<td>\u00a0ENCHAROLADORAS<\/td>\n<td><em>\u00a0No hay cambios<\/em><\/td>\n<td>\u00a0TPS XL<\/td>\n<\/tr>\n<tr>\n<td>\u00a0ENCHAROLADORAS<\/td>\n<td>\u00a0<em>No hay cambios<\/em><\/td>\n<td>\u00a0TPS 1000<\/td>\n<\/tr>\n<tr>\n<td>\u00a0ENCHAROLADORAS<\/td>\n<td><em>\u00a0No hay cambios<\/em><\/td>\n<td>\u00a0TPS 2000<\/td>\n<\/tr>\n<tr>\n<td>\u00a0TERMOFORMADORAS<\/td>\n<td>\u00a0<em>No hay cambios<\/em><\/td>\n<td>\u00a0TH FLEX<\/td>\n<\/tr>\n<tr>\n<td>\u00a0TERMOFORMADORAS<\/td>\n<td>\u00a0<em>No hay cambios<\/em><\/td>\n<td>\u00a0TH RIGID<\/td>\n<\/tr>\n<\/tbody>\n<\/table>\n<p>[\/vc_column_text][vc_btn title=\u00bbDescargue el resumen en PDF\u00bb style=\u00bbflat\u00bb shape=\u00bbsquare\u00bb color=\u00bbturquoise\u00bb align=\u00bbleft\u00bb i_align=\u00bbright\u00bb i_type=\u00bbopeniconic\u00bb i_icon_openiconic=\u00bbvc-oi vc-oi-down-circle\u00bb add_icon=\u00bbtrue\u00bb link=\u00bburl:https%3A%2F%2Fturbovac.nl%2Fwp-content%2Fuploads%2F2019%2F11%2FTV_conversion-table.pdf||target:%20_blank|\u00bb][\/vc_column][\/vc_row][vc_row][vc_column width=\u00bb1\/3&#8243; background_color=\u00bb#eb6f2e\u00bb el_class=\u00bbkolomOver2&#8243; css=\u00bb.vc_custom_1581949052078{padding-top: 50px !important;padding-bottom: 50px !important;background-position: center !important;background-repeat: no-repeat !important;background-size: cover !important;}\u00bb][vc_empty_space height=\u00bb17&#8243;][vc_custom_heading text=\u00bbCONTACTO\u00bb font_container=\u00bbtag:h1|font_size:24|text_align:center|color:%23ffffff\u00bb use_theme_fonts=\u00bbyes\u00bb css_animation=\u00bbnone\u00bb link=\u00bburl:https%3A%2F%2Fturbovac.nl%2Fes%2Fdepartamento-de-ventas%2F|title:Sales%20department||\u00bb][vc_empty_space height=\u00bb17&#8243;][\/vc_column][vc_column width=\u00bb1\/3&#8243; background_color=\u00bb#d20037&#8243; el_class=\u00bbkolomOver2&#8243; css=\u00bb.vc_custom_1581949129587{padding-top: 50px !important;padding-bottom: 50px !important;}\u00bb][vc_custom_heading text=\u00bbCREAR UN PRESUPUESTO PERSONAL\u00bb font_container=\u00bbtag:h1|font_size:24|text_align:center|color:%23ffffff\u00bb use_theme_fonts=\u00bbyes\u00bb link=\u00bburl:https%3A%2F%2Fturbovac.nl%2Fes%2Fsolicitar-una-cotizacion%2F|title:Request%20Quotation||\u00bb][\/vc_column][vc_column width=\u00bb1\/3&#8243; background_color=\u00bb#9e2142&#8243; el_class=\u00bbkolomOver2&#8243; css=\u00bb.vc_custom_1581949206465{padding-top: 50px !important;padding-bottom: 50px !important;}\u00bb][vc_custom_heading text=\u00bbCONVERTIRSE EN UN DISTRIBUIDOR\u00bb font_container=\u00bbtag:h1|font_size:24|text_align:center|color:%23ffffff\u00bb use_theme_fonts=\u00bbyes\u00bb link=\u00bburl:https%3A%2F%2Fturbovac.nl%2Fes%2Fconviertase-en-un-distribuidor%2F|title:Become%20a%20distributor||\u00bb][\/vc_column][\/vc_row][vc_row type=\u00bbfull_width_background\u00bb class=\u00bbkolomOver\u00bb][vc_column width=\u00bb1\/3&#8243; el_class=\u00bbkolomOver\u00bb][services_medium title=\u00bbINDUSTRIA C\u00c1RNICA\u00bb style=\u00bbstyle_3&#8243; icon=\u00bbsteadysets-icon-bones\u00bb icon_color=\u00bb#d20037&#8243; border_color=\u00bb#d20037&#8243; dynamic_content_link=\u00bbhttps:\/\/turbovac.nl\/es\/markets\/industria-de-procesamiento-de-carne\/\u00bb]Envases de alta calidad para mejorar sus clientes.[\/services_medium][\/vc_column][vc_column width=\u00bb1\/3&#8243; el_class=\u00bbkolomOver\u00bb][services_medium title=\u00bbPROCESAMIENTO DE ALIMENTOS\u00bb style=\u00bbstyle_3&#8243; icon=\u00bblinecon-icon-food\u00bb icon_color=\u00bb#d20037&#8243; border_color=\u00bb#d20037&#8243; dynamic_content_link=\u00bbhttps:\/\/turbovac.nl\/es\/markets\/industria-de-procesamiento-de-alimentos\/\u00bb]Optimizaci\u00f3n y flexibilidad en todo tipo de procesamiento de alimentos.[\/services_medium][\/vc_column][vc_column width=\u00bb1\/3&#8243; el_class=\u00bbkolomOver\u00bb][services_medium title=\u00bbINDUSTRIA NO ALIMENTARIA\u00bb style=\u00bbstyle_3&#8243; icon=\u00bbsteadysets-icon-lab\u00bb icon_color=\u00bb#d20037&#8243; border_color=\u00bb#d20037&#8243; dynamic_content_link=\u00bbhttps:\/\/turbovac.nl\/es\/markets\/industria-no-alimentaria\/\u00bb]Protecci\u00f3n \u00f3ptima contra la suciedad, el polvo y la humedad.[\/services_medium][\/vc_column][\/vc_row][vc_row type=\u00bbfull_width_content\u00bb][vc_column background_color=\u00bb#75001f\u00bb][vc_empty_space][vc_custom_heading text=\u00bbCAPTURE QUALITY\u00bb font_container=\u00bbtag:h2|font_size:35|text_align:center|color:%23ffffff|line_height:1.25&#8243; use_theme_fonts=\u00bbyes\u00bb][vc_empty_space][\/vc_column][\/vc_row]<\/p>\n","protected":false},"excerpt":{"rendered":"<p>[vc_row type=\u00bbfull_width_background\u00bb bg_color=\u00bb#f7f7f7&#8243;][vc_column width=\u00bb1\/4&#8243;][\/vc_column][vc_column width=\u00bb3\/4&#8243;][vc_custom_heading text=\u00bbTabla de conversi\u00f3n\u00bb font_container=\u00bbtag:h1|font_size:48px|text_align:left|color:%23444444|line_height:56px\u00bb google_fonts=\u00bbfont_family:Open%20Sans%3A300%2C300italic%2Cregular%2Citalic%2C600%2C600italic%2C700%2C700italic%2C800%2C800italic|font_style:700%20bold%20regular%3A700%3Anormal\u00bb][vc_column_text]Tabla de conversi\u00f3n Antiguo (2013 y antes) y Nuevo (introducido en 2014) Los nombres de las m\u00e1quinas han sido simplificados y encontrar\u00e1n que las m\u00e1quinas han sido t\u00e9cnicamente mejoradas. La gama de productos es m\u00e1s clara, y ser\u00e1 m\u00e1s f\u00e1cil y r\u00e1pido hacer la mejor decisi\u00f3n.[\/vc_column_text][vc_column_text] [&hellip;]<\/p>\n","protected":false},"author":6,"featured_media":3902,"parent":0,"menu_order":0,"comment_status":"closed","ping_status":"closed","template":"","meta":{"_monsterinsights_skip_tracking":false,"_monsterinsights_sitenote_active":false,"_monsterinsights_sitenote_note":"","_monsterinsights_sitenote_category":0,"footnotes":""},"class_list":["post-9941","page","type-page","status-publish","has-post-thumbnail","hentry"],"yoast_head":"<!-- This site is optimized with the Yoast SEO plugin v22.7 - https:\/\/yoast.com\/wordpress\/plugins\/seo\/ -->\n<title>Tabla de conversi\u00f3n antigua y nueva | Turbovac - Capture Quality<\/title>\n<meta name=\"description\" content=\"Tabla de conversi\u00f3n Antiguo (2013 y antes) y Nuevo (introducido en 2014). Los nombres de las m\u00e1quinas se han simplificado y se han mejorado t\u00e9cnicamente.\" \/>\n<meta name=\"robots\" content=\"index, follow, max-snippet:-1, max-image-preview:large, max-video-preview:-1\" \/>\n<link rel=\"canonical\" href=\"https:\/\/turbovac.nl\/es\/tabla-de-conversion\/\" \/>\n<meta property=\"og:locale\" content=\"es_ES\" \/>\n<meta property=\"og:type\" content=\"article\" \/>\n<meta property=\"og:title\" content=\"Tabla de conversi\u00f3n antigua y nueva | Turbovac - Capture Quality\" \/>\n<meta property=\"og:description\" content=\"Tabla de conversi\u00f3n Antiguo (2013 y antes) y Nuevo (introducido en 2014). Los nombres de las m\u00e1quinas se han simplificado y se han mejorado t\u00e9cnicamente.\" \/>\n<meta property=\"og:url\" content=\"https:\/\/turbovac.nl\/es\/tabla-de-conversion\/\" \/>\n<meta property=\"og:site_name\" content=\"TURBOVAC\" \/>\n<meta property=\"article:modified_time\" content=\"2020-04-29T11:25:38+00:00\" \/>\n<meta property=\"og:image\" content=\"https:\/\/turbovac.nl\/wp-content\/uploads\/2019\/10\/TT-zoom3940-1.jpg\" \/>\n\t<meta property=\"og:image:width\" content=\"1000\" \/>\n\t<meta property=\"og:image:height\" content=\"1064\" \/>\n\t<meta property=\"og:image:type\" content=\"image\/jpeg\" \/>\n<meta name=\"twitter:card\" content=\"summary_large_image\" \/>\n<meta name=\"twitter:label1\" content=\"Tiempo de lectura\" \/>\n\t<meta name=\"twitter:data1\" content=\"4 minutos\" \/>\n<script type=\"application\/ld+json\" class=\"yoast-schema-graph\">{\"@context\":\"https:\/\/schema.org\",\"@graph\":[{\"@type\":\"WebPage\",\"@id\":\"https:\/\/turbovac.nl\/es\/tabla-de-conversion\/\",\"url\":\"https:\/\/turbovac.nl\/es\/tabla-de-conversion\/\",\"name\":\"Tabla de conversi\u00f3n antigua y nueva | Turbovac - Capture Quality\",\"isPartOf\":{\"@id\":\"https:\/\/turbovac.nl\/#website\"},\"primaryImageOfPage\":{\"@id\":\"https:\/\/turbovac.nl\/es\/tabla-de-conversion\/#primaryimage\"},\"image\":{\"@id\":\"https:\/\/turbovac.nl\/es\/tabla-de-conversion\/#primaryimage\"},\"thumbnailUrl\":\"https:\/\/turbovac.nl\/wp-content\/uploads\/2019\/10\/TT-zoom3940-1.jpg\",\"datePublished\":\"2019-11-14T17:05:38+00:00\",\"dateModified\":\"2020-04-29T11:25:38+00:00\",\"description\":\"Tabla de conversi\u00f3n Antiguo (2013 y antes) y Nuevo (introducido en 2014). Los nombres de las m\u00e1quinas se han simplificado y se han mejorado t\u00e9cnicamente.\",\"breadcrumb\":{\"@id\":\"https:\/\/turbovac.nl\/es\/tabla-de-conversion\/#breadcrumb\"},\"inLanguage\":\"es\",\"potentialAction\":[{\"@type\":\"ReadAction\",\"target\":[\"https:\/\/turbovac.nl\/es\/tabla-de-conversion\/\"]}]},{\"@type\":\"ImageObject\",\"inLanguage\":\"es\",\"@id\":\"https:\/\/turbovac.nl\/es\/tabla-de-conversion\/#primaryimage\",\"url\":\"https:\/\/turbovac.nl\/wp-content\/uploads\/2019\/10\/TT-zoom3940-1.jpg\",\"contentUrl\":\"https:\/\/turbovac.nl\/wp-content\/uploads\/2019\/10\/TT-zoom3940-1.jpg\",\"width\":1000,\"height\":1064,\"caption\":\"Tabletop detail Food processing industry\"},{\"@type\":\"BreadcrumbList\",\"@id\":\"https:\/\/turbovac.nl\/es\/tabla-de-conversion\/#breadcrumb\",\"itemListElement\":[{\"@type\":\"ListItem\",\"position\":1,\"name\":\"Home\",\"item\":\"https:\/\/turbovac.nl\/es\/\"},{\"@type\":\"ListItem\",\"position\":2,\"name\":\"Tabla de conversi\u00f3n\"}]},{\"@type\":\"WebSite\",\"@id\":\"https:\/\/turbovac.nl\/#website\",\"url\":\"https:\/\/turbovac.nl\/\",\"name\":\"TURBOVAC\",\"description\":\"Vacuum Packaging Machines\",\"potentialAction\":[{\"@type\":\"SearchAction\",\"target\":{\"@type\":\"EntryPoint\",\"urlTemplate\":\"https:\/\/turbovac.nl\/?s={search_term_string}\"},\"query-input\":\"required name=search_term_string\"}],\"inLanguage\":\"es\"}]}<\/script>\n<!-- \/ Yoast SEO plugin. -->","yoast_head_json":{"title":"Tabla de conversi\u00f3n antigua y nueva | Turbovac - Capture Quality","description":"Tabla de conversi\u00f3n Antiguo (2013 y antes) y Nuevo (introducido en 2014). Los nombres de las m\u00e1quinas se han simplificado y se han mejorado t\u00e9cnicamente.","robots":{"index":"index","follow":"follow","max-snippet":"max-snippet:-1","max-image-preview":"max-image-preview:large","max-video-preview":"max-video-preview:-1"},"canonical":"https:\/\/turbovac.nl\/es\/tabla-de-conversion\/","og_locale":"es_ES","og_type":"article","og_title":"Tabla de conversi\u00f3n antigua y nueva | Turbovac - Capture Quality","og_description":"Tabla de conversi\u00f3n Antiguo (2013 y antes) y Nuevo (introducido en 2014). Los nombres de las m\u00e1quinas se han simplificado y se han mejorado t\u00e9cnicamente.","og_url":"https:\/\/turbovac.nl\/es\/tabla-de-conversion\/","og_site_name":"TURBOVAC","article_modified_time":"2020-04-29T11:25:38+00:00","og_image":[{"width":1000,"height":1064,"url":"https:\/\/turbovac.nl\/wp-content\/uploads\/2019\/10\/TT-zoom3940-1.jpg","type":"image\/jpeg"}],"twitter_card":"summary_large_image","twitter_misc":{"Tiempo de lectura":"4 minutos"},"schema":{"@context":"https:\/\/schema.org","@graph":[{"@type":"WebPage","@id":"https:\/\/turbovac.nl\/es\/tabla-de-conversion\/","url":"https:\/\/turbovac.nl\/es\/tabla-de-conversion\/","name":"Tabla de conversi\u00f3n antigua y nueva | Turbovac - Capture Quality","isPartOf":{"@id":"https:\/\/turbovac.nl\/#website"},"primaryImageOfPage":{"@id":"https:\/\/turbovac.nl\/es\/tabla-de-conversion\/#primaryimage"},"image":{"@id":"https:\/\/turbovac.nl\/es\/tabla-de-conversion\/#primaryimage"},"thumbnailUrl":"https:\/\/turbovac.nl\/wp-content\/uploads\/2019\/10\/TT-zoom3940-1.jpg","datePublished":"2019-11-14T17:05:38+00:00","dateModified":"2020-04-29T11:25:38+00:00","description":"Tabla de conversi\u00f3n Antiguo (2013 y antes) y Nuevo (introducido en 2014). Los nombres de las m\u00e1quinas se han simplificado y se han mejorado t\u00e9cnicamente.","breadcrumb":{"@id":"https:\/\/turbovac.nl\/es\/tabla-de-conversion\/#breadcrumb"},"inLanguage":"es","potentialAction":[{"@type":"ReadAction","target":["https:\/\/turbovac.nl\/es\/tabla-de-conversion\/"]}]},{"@type":"ImageObject","inLanguage":"es","@id":"https:\/\/turbovac.nl\/es\/tabla-de-conversion\/#primaryimage","url":"https:\/\/turbovac.nl\/wp-content\/uploads\/2019\/10\/TT-zoom3940-1.jpg","contentUrl":"https:\/\/turbovac.nl\/wp-content\/uploads\/2019\/10\/TT-zoom3940-1.jpg","width":1000,"height":1064,"caption":"Tabletop detail Food processing industry"},{"@type":"BreadcrumbList","@id":"https:\/\/turbovac.nl\/es\/tabla-de-conversion\/#breadcrumb","itemListElement":[{"@type":"ListItem","position":1,"name":"Home","item":"https:\/\/turbovac.nl\/es\/"},{"@type":"ListItem","position":2,"name":"Tabla de conversi\u00f3n"}]},{"@type":"WebSite","@id":"https:\/\/turbovac.nl\/#website","url":"https:\/\/turbovac.nl\/","name":"TURBOVAC","description":"Vacuum Packaging Machines","potentialAction":[{"@type":"SearchAction","target":{"@type":"EntryPoint","urlTemplate":"https:\/\/turbovac.nl\/?s={search_term_string}"},"query-input":"required name=search_term_string"}],"inLanguage":"es"}]}},"_links":{"self":[{"href":"https:\/\/turbovac.nl\/es\/wp-json\/wp\/v2\/pages\/9941","targetHints":{"allow":["GET"]}}],"collection":[{"href":"https:\/\/turbovac.nl\/es\/wp-json\/wp\/v2\/pages"}],"about":[{"href":"https:\/\/turbovac.nl\/es\/wp-json\/wp\/v2\/types\/page"}],"author":[{"embeddable":true,"href":"https:\/\/turbovac.nl\/es\/wp-json\/wp\/v2\/users\/6"}],"replies":[{"embeddable":true,"href":"https:\/\/turbovac.nl\/es\/wp-json\/wp\/v2\/comments?post=9941"}],"version-history":[{"count":4,"href":"https:\/\/turbovac.nl\/es\/wp-json\/wp\/v2\/pages\/9941\/revisions"}],"predecessor-version":[{"id":9969,"href":"https:\/\/turbovac.nl\/es\/wp-json\/wp\/v2\/pages\/9941\/revisions\/9969"}],"wp:featuredmedia":[{"embeddable":true,"href":"https:\/\/turbovac.nl\/es\/wp-json\/wp\/v2\/media\/3902"}],"wp:attachment":[{"href":"https:\/\/turbovac.nl\/es\/wp-json\/wp\/v2\/media?parent=9941"}],"curies":[{"name":"wp","href":"https:\/\/api.w.org\/{rel}","templated":true}]}}