{"id":9949,"date":"2019-12-02T22:17:01","date_gmt":"2019-12-02T21:17:01","guid":{"rendered":"https:\/\/turbovac.nl\/frequently-asked-questions\/"},"modified":"2020-04-29T13:48:55","modified_gmt":"2020-04-29T12:48:55","slug":"preguntas-mas-frecuentes","status":"publish","type":"page","link":"https:\/\/turbovac.nl\/es\/preguntas-mas-frecuentes\/","title":{"rendered":"preguntas-mas-frecuentes"},"content":{"rendered":"<p>[vc_row type=\u00bbfull_width_background\u00bb bg_color=\u00bb#f7f7f7&#8243;][vc_column width=\u00bb1\/4&#8243;][\/vc_column][vc_column width=\u00bb3\/4&#8243;][vc_custom_heading text=\u00bbPreguntas m\u00e1s frecuentes (FAQ)\u00bb font_container=\u00bbtag:h1|font_size:48px|text_align:left|color:%23444444|line_height:56px\u00bb google_fonts=\u00bbfont_family:Open%20Sans%3A300%2C300italic%2Cregular%2Citalic%2C600%2C600italic%2C700%2C700italic%2C800%2C800italic|font_style:700%20bold%20regular%3A700%3Anormal\u00bb][vc_column_text]En esta p\u00e1gina encontrar\u00e1 algunas preguntas frecuentes. \u00bfNo encuentras tu respuesta? <strong><a href=\"https:\/\/turbovac.nl\/es\/departamento-de-ventas\/\">Pregunte a nuestro soporte de ventas<\/a><\/strong> para obtener m\u00e1s informaci\u00f3n acerca de nuestras m\u00e1quinas de envasado al vac\u00edo u opciones especiales. Haga clic aqu\u00ed si necesita piezas de repuesto, <strong><a href=\"https:\/\/turbovac.nl\/es\/servicio-y-repuestos\/\">servicio o soporte t\u00e9cnico<\/a><\/strong>.[\/vc_column_text][faq style=\u00bbstyle_3&#8243;][\/vc_column][\/vc_row][vc_row][vc_column width=\u00bb1\/3&#8243; background_color=\u00bb#eb6f2e\u00bb el_class=\u00bbkolomOver2&#8243; css=\u00bb.vc_custom_1581949052078{padding-top: 50px !important;padding-bottom: 50px !important;background-position: center !important;background-repeat: no-repeat !important;background-size: cover !important;}\u00bb][vc_empty_space height=\u00bb17&#8243;][vc_custom_heading text=\u00bbCONTACTO\u00bb font_container=\u00bbtag:h1|font_size:24|text_align:center|color:%23ffffff\u00bb use_theme_fonts=\u00bbyes\u00bb css_animation=\u00bbnone\u00bb link=\u00bburl:https%3A%2F%2Fturbovac.nl%2Fsales%2F|title:Sales%20department||\u00bb][vc_empty_space height=\u00bb17&#8243;][\/vc_column][vc_column width=\u00bb1\/3&#8243; background_color=\u00bb#d20037&#8243; el_class=\u00bbkolomOver2&#8243; css=\u00bb.vc_custom_1581949129587{padding-top: 50px !important;padding-bottom: 50px !important;}\u00bb][vc_custom_heading text=\u00bbCREAR UN PRESUPUESTO PERSONAL\u00bb font_container=\u00bbtag:h1|font_size:24|text_align:center|color:%23ffffff\u00bb use_theme_fonts=\u00bbyes\u00bb link=\u00bburl:https%3A%2F%2Fturbovac.nl%2Frequest-quotation%2F|title:Request%20Quotation||\u00bb][\/vc_column][vc_column width=\u00bb1\/3&#8243; background_color=\u00bb#9e2142&#8243; el_class=\u00bbkolomOver2&#8243; css=\u00bb.vc_custom_1581949206465{padding-top: 50px !important;padding-bottom: 50px !important;}\u00bb][vc_custom_heading text=\u00bbCONVERTIRSE EN UN DISTRIBUIDOR\u00bb font_container=\u00bbtag:h1|font_size:24|text_align:center|color:%23ffffff\u00bb use_theme_fonts=\u00bbyes\u00bb link=\u00bburl:https%3A%2F%2Fturbovac.nl%2Fbecome-a-distributor%2F|title:Become%20a%20distributor||\u00bb][\/vc_column][\/vc_row][vc_row type=\u00bbfull_width_background\u00bb class=\u00bbkolomOver\u00bb][vc_column width=\u00bb1\/3&#8243; el_class=\u00bbkolomOver\u00bb][services_medium title=\u00bbINDUSTRIA C\u00c1RNICA\u00bb style=\u00bbstyle_3&#8243; icon=\u00bbsteadysets-icon-bones\u00bb icon_color=\u00bb#d20037&#8243; border_color=\u00bb#d20037&#8243; dynamic_content_link=\u00bbhttps:\/\/turbovac.nl\/es\/markets\/industria-de-procesamiento-de-carne\/\u00bb]Envases de alta calidad para mejorar sus clientes.[\/services_medium][\/vc_column][vc_column width=\u00bb1\/3&#8243; el_class=\u00bbkolomOver\u00bb][services_medium title=\u00bbPROCESAMIENTO DE ALIMENTOS\u00bb style=\u00bbstyle_3&#8243; icon=\u00bblinecon-icon-food\u00bb icon_color=\u00bb#d20037&#8243; border_color=\u00bb#d20037&#8243; dynamic_content_link=\u00bbhttps:\/\/turbovac.nl\/es\/markets\/industria-de-procesamiento-de-alimentos\/\u00bb]Optimizaci\u00f3n y flexibilidad en todo tipo de procesamiento de alimentos.[\/services_medium][\/vc_column][vc_column width=\u00bb1\/3&#8243; el_class=\u00bbkolomOver\u00bb][services_medium title=\u00bbINDUSTRIA NO ALIMENTARIA\u00bb style=\u00bbstyle_3&#8243; icon=\u00bbsteadysets-icon-lab\u00bb icon_color=\u00bb#d20037&#8243; border_color=\u00bb#d20037&#8243; dynamic_content_link=\u00bbhttps:\/\/turbovac.nl\/es\/markets\/industria-no-alimentaria\/\u00bb]Protecci\u00f3n \u00f3ptima contra la suciedad, el polvo y la humedad.[\/services_medium][\/vc_column][\/vc_row][vc_row type=\u00bbfull_width_content\u00bb][vc_column background_color=\u00bb#75001f\u00bb][vc_empty_space][vc_custom_heading text=\u00bbCAPTURE QUALITY\u00bb font_container=\u00bbtag:h2|font_size:35|text_align:center|color:%23ffffff|line_height:1.25&#8243; use_theme_fonts=\u00bbyes\u00bb][vc_empty_space][\/vc_column][\/vc_row]<\/p>\n","protected":false},"excerpt":{"rendered":"<p>[vc_row type=\u00bbfull_width_background\u00bb bg_color=\u00bb#f7f7f7&#8243;][vc_column width=\u00bb1\/4&#8243;][\/vc_column][vc_column width=\u00bb3\/4&#8243;][vc_custom_heading text=\u00bbPreguntas m\u00e1s frecuentes (FAQ)\u00bb font_container=\u00bbtag:h1|font_size:48px|text_align:left|color:%23444444|line_height:56px\u00bb google_fonts=\u00bbfont_family:Open%20Sans%3A300%2C300italic%2Cregular%2Citalic%2C600%2C600italic%2C700%2C700italic%2C800%2C800italic|font_style:700%20bold%20regular%3A700%3Anormal\u00bb][vc_column_text]En esta p\u00e1gina encontrar\u00e1 algunas preguntas frecuentes. \u00bfNo encuentras tu respuesta? Pregunte a nuestro soporte de ventas para obtener m\u00e1s informaci\u00f3n acerca de nuestras m\u00e1quinas de envasado al vac\u00edo u opciones especiales. Haga clic aqu\u00ed si necesita piezas de repuesto, servicio o soporte t\u00e9cnico.[\/vc_column_text][faq style=\u00bbstyle_3&#8243;][\/vc_column][\/vc_row][vc_row][vc_column [&hellip;]<\/p>\n","protected":false},"author":6,"featured_media":3902,"parent":0,"menu_order":0,"comment_status":"closed","ping_status":"closed","template":"","meta":{"_monsterinsights_skip_tracking":false,"_monsterinsights_sitenote_active":false,"_monsterinsights_sitenote_note":"","_monsterinsights_sitenote_category":0,"footnotes":""},"class_list":["post-9949","page","type-page","status-publish","has-post-thumbnail","hentry"],"yoast_head":"<!-- This site is optimized with the Yoast SEO plugin v22.7 - https:\/\/yoast.com\/wordpress\/plugins\/seo\/ -->\n<title>Preguntas m\u00e1s frecuentes | Turbovac - first choice for professionals<\/title>\n<meta name=\"description\" content=\"En esta p\u00e1gina encontrar\u00e1 algunas preguntas frecuentes o solicitar\u00e1 nuestro apoyo para obtener m\u00e1s informaci\u00f3n sobre nuestras m\u00e1quinas de envasado al vac\u00edo\" \/>\n<meta name=\"robots\" content=\"index, follow, max-snippet:-1, max-image-preview:large, max-video-preview:-1\" \/>\n<link rel=\"canonical\" href=\"https:\/\/turbovac.nl\/es\/preguntas-mas-frecuentes\/\" \/>\n<meta property=\"og:locale\" content=\"es_ES\" \/>\n<meta property=\"og:type\" content=\"article\" \/>\n<meta property=\"og:title\" content=\"Preguntas m\u00e1s frecuentes | Turbovac - first choice for professionals\" \/>\n<meta property=\"og:description\" content=\"En esta p\u00e1gina encontrar\u00e1 algunas preguntas frecuentes o solicitar\u00e1 nuestro apoyo para obtener m\u00e1s informaci\u00f3n sobre nuestras m\u00e1quinas de envasado al vac\u00edo\" \/>\n<meta property=\"og:url\" content=\"https:\/\/turbovac.nl\/es\/preguntas-mas-frecuentes\/\" \/>\n<meta property=\"og:site_name\" content=\"TURBOVAC\" \/>\n<meta property=\"article:modified_time\" content=\"2020-04-29T12:48:55+00:00\" \/>\n<meta property=\"og:image\" content=\"https:\/\/turbovac.nl\/wp-content\/uploads\/2019\/10\/TT-zoom3940-1.jpg\" \/>\n\t<meta property=\"og:image:width\" content=\"1000\" \/>\n\t<meta property=\"og:image:height\" content=\"1064\" \/>\n\t<meta property=\"og:image:type\" content=\"image\/jpeg\" \/>\n<meta name=\"twitter:card\" content=\"summary_large_image\" \/>\n<meta name=\"twitter:label1\" content=\"Tiempo de lectura\" \/>\n\t<meta name=\"twitter:data1\" content=\"3 minutos\" \/>\n<script type=\"application\/ld+json\" class=\"yoast-schema-graph\">{\"@context\":\"https:\/\/schema.org\",\"@graph\":[{\"@type\":\"WebPage\",\"@id\":\"https:\/\/turbovac.nl\/es\/preguntas-mas-frecuentes\/\",\"url\":\"https:\/\/turbovac.nl\/es\/preguntas-mas-frecuentes\/\",\"name\":\"Preguntas m\u00e1s frecuentes | Turbovac - first choice for professionals\",\"isPartOf\":{\"@id\":\"https:\/\/turbovac.nl\/#website\"},\"primaryImageOfPage\":{\"@id\":\"https:\/\/turbovac.nl\/es\/preguntas-mas-frecuentes\/#primaryimage\"},\"image\":{\"@id\":\"https:\/\/turbovac.nl\/es\/preguntas-mas-frecuentes\/#primaryimage\"},\"thumbnailUrl\":\"https:\/\/turbovac.nl\/wp-content\/uploads\/2019\/10\/TT-zoom3940-1.jpg\",\"datePublished\":\"2019-12-02T21:17:01+00:00\",\"dateModified\":\"2020-04-29T12:48:55+00:00\",\"description\":\"En esta p\u00e1gina encontrar\u00e1 algunas preguntas frecuentes o solicitar\u00e1 nuestro apoyo para obtener m\u00e1s informaci\u00f3n sobre nuestras m\u00e1quinas de envasado al vac\u00edo\",\"breadcrumb\":{\"@id\":\"https:\/\/turbovac.nl\/es\/preguntas-mas-frecuentes\/#breadcrumb\"},\"inLanguage\":\"es\",\"potentialAction\":[{\"@type\":\"ReadAction\",\"target\":[\"https:\/\/turbovac.nl\/es\/preguntas-mas-frecuentes\/\"]}]},{\"@type\":\"ImageObject\",\"inLanguage\":\"es\",\"@id\":\"https:\/\/turbovac.nl\/es\/preguntas-mas-frecuentes\/#primaryimage\",\"url\":\"https:\/\/turbovac.nl\/wp-content\/uploads\/2019\/10\/TT-zoom3940-1.jpg\",\"contentUrl\":\"https:\/\/turbovac.nl\/wp-content\/uploads\/2019\/10\/TT-zoom3940-1.jpg\",\"width\":1000,\"height\":1064,\"caption\":\"Tabletop detail Food processing industry\"},{\"@type\":\"BreadcrumbList\",\"@id\":\"https:\/\/turbovac.nl\/es\/preguntas-mas-frecuentes\/#breadcrumb\",\"itemListElement\":[{\"@type\":\"ListItem\",\"position\":1,\"name\":\"Home\",\"item\":\"https:\/\/turbovac.nl\/es\/\"},{\"@type\":\"ListItem\",\"position\":2,\"name\":\"preguntas-mas-frecuentes\"}]},{\"@type\":\"WebSite\",\"@id\":\"https:\/\/turbovac.nl\/#website\",\"url\":\"https:\/\/turbovac.nl\/\",\"name\":\"TURBOVAC\",\"description\":\"Vacuum Packaging Machines\",\"potentialAction\":[{\"@type\":\"SearchAction\",\"target\":{\"@type\":\"EntryPoint\",\"urlTemplate\":\"https:\/\/turbovac.nl\/?s={search_term_string}\"},\"query-input\":\"required name=search_term_string\"}],\"inLanguage\":\"es\"}]}<\/script>\n<!-- \/ Yoast SEO plugin. -->","yoast_head_json":{"title":"Preguntas m\u00e1s frecuentes | Turbovac - first choice for professionals","description":"En esta p\u00e1gina encontrar\u00e1 algunas preguntas frecuentes o solicitar\u00e1 nuestro apoyo para obtener m\u00e1s informaci\u00f3n sobre nuestras m\u00e1quinas de envasado al vac\u00edo","robots":{"index":"index","follow":"follow","max-snippet":"max-snippet:-1","max-image-preview":"max-image-preview:large","max-video-preview":"max-video-preview:-1"},"canonical":"https:\/\/turbovac.nl\/es\/preguntas-mas-frecuentes\/","og_locale":"es_ES","og_type":"article","og_title":"Preguntas m\u00e1s frecuentes | Turbovac - first choice for professionals","og_description":"En esta p\u00e1gina encontrar\u00e1 algunas preguntas frecuentes o solicitar\u00e1 nuestro apoyo para obtener m\u00e1s informaci\u00f3n sobre nuestras m\u00e1quinas de envasado al vac\u00edo","og_url":"https:\/\/turbovac.nl\/es\/preguntas-mas-frecuentes\/","og_site_name":"TURBOVAC","article_modified_time":"2020-04-29T12:48:55+00:00","og_image":[{"width":1000,"height":1064,"url":"https:\/\/turbovac.nl\/wp-content\/uploads\/2019\/10\/TT-zoom3940-1.jpg","type":"image\/jpeg"}],"twitter_card":"summary_large_image","twitter_misc":{"Tiempo de lectura":"3 minutos"},"schema":{"@context":"https:\/\/schema.org","@graph":[{"@type":"WebPage","@id":"https:\/\/turbovac.nl\/es\/preguntas-mas-frecuentes\/","url":"https:\/\/turbovac.nl\/es\/preguntas-mas-frecuentes\/","name":"Preguntas m\u00e1s frecuentes | Turbovac - first choice for professionals","isPartOf":{"@id":"https:\/\/turbovac.nl\/#website"},"primaryImageOfPage":{"@id":"https:\/\/turbovac.nl\/es\/preguntas-mas-frecuentes\/#primaryimage"},"image":{"@id":"https:\/\/turbovac.nl\/es\/preguntas-mas-frecuentes\/#primaryimage"},"thumbnailUrl":"https:\/\/turbovac.nl\/wp-content\/uploads\/2019\/10\/TT-zoom3940-1.jpg","datePublished":"2019-12-02T21:17:01+00:00","dateModified":"2020-04-29T12:48:55+00:00","description":"En esta p\u00e1gina encontrar\u00e1 algunas preguntas frecuentes o solicitar\u00e1 nuestro apoyo para obtener m\u00e1s informaci\u00f3n sobre nuestras m\u00e1quinas de envasado al vac\u00edo","breadcrumb":{"@id":"https:\/\/turbovac.nl\/es\/preguntas-mas-frecuentes\/#breadcrumb"},"inLanguage":"es","potentialAction":[{"@type":"ReadAction","target":["https:\/\/turbovac.nl\/es\/preguntas-mas-frecuentes\/"]}]},{"@type":"ImageObject","inLanguage":"es","@id":"https:\/\/turbovac.nl\/es\/preguntas-mas-frecuentes\/#primaryimage","url":"https:\/\/turbovac.nl\/wp-content\/uploads\/2019\/10\/TT-zoom3940-1.jpg","contentUrl":"https:\/\/turbovac.nl\/wp-content\/uploads\/2019\/10\/TT-zoom3940-1.jpg","width":1000,"height":1064,"caption":"Tabletop detail Food processing industry"},{"@type":"BreadcrumbList","@id":"https:\/\/turbovac.nl\/es\/preguntas-mas-frecuentes\/#breadcrumb","itemListElement":[{"@type":"ListItem","position":1,"name":"Home","item":"https:\/\/turbovac.nl\/es\/"},{"@type":"ListItem","position":2,"name":"preguntas-mas-frecuentes"}]},{"@type":"WebSite","@id":"https:\/\/turbovac.nl\/#website","url":"https:\/\/turbovac.nl\/","name":"TURBOVAC","description":"Vacuum Packaging Machines","potentialAction":[{"@type":"SearchAction","target":{"@type":"EntryPoint","urlTemplate":"https:\/\/turbovac.nl\/?s={search_term_string}"},"query-input":"required name=search_term_string"}],"inLanguage":"es"}]}},"_links":{"self":[{"href":"https:\/\/turbovac.nl\/es\/wp-json\/wp\/v2\/pages\/9949","targetHints":{"allow":["GET"]}}],"collection":[{"href":"https:\/\/turbovac.nl\/es\/wp-json\/wp\/v2\/pages"}],"about":[{"href":"https:\/\/turbovac.nl\/es\/wp-json\/wp\/v2\/types\/page"}],"author":[{"embeddable":true,"href":"https:\/\/turbovac.nl\/es\/wp-json\/wp\/v2\/users\/6"}],"replies":[{"embeddable":true,"href":"https:\/\/turbovac.nl\/es\/wp-json\/wp\/v2\/comments?post=9949"}],"version-history":[{"count":4,"href":"https:\/\/turbovac.nl\/es\/wp-json\/wp\/v2\/pages\/9949\/revisions"}],"predecessor-version":[{"id":9974,"href":"https:\/\/turbovac.nl\/es\/wp-json\/wp\/v2\/pages\/9949\/revisions\/9974"}],"wp:featuredmedia":[{"embeddable":true,"href":"https:\/\/turbovac.nl\/es\/wp-json\/wp\/v2\/media\/3902"}],"wp:attachment":[{"href":"https:\/\/turbovac.nl\/es\/wp-json\/wp\/v2\/media?parent=9949"}],"curies":[{"name":"wp","href":"https:\/\/api.w.org\/{rel}","templated":true}]}}