{"id":8491,"date":"2019-10-07T12:58:00","date_gmt":"2019-10-07T11:58:00","guid":{"rendered":"https:\/\/turbovac.nl\/les-marches-de-turbovac\/meat-processing-industry\/"},"modified":"2020-03-31T07:22:42","modified_gmt":"2020-03-31T06:22:42","slug":"la-transformation-de-la-viande","status":"publish","type":"page","link":"https:\/\/turbovac.nl\/fr\/les-marches-de-turbovac\/la-transformation-de-la-viande\/","title":{"rendered":"Industrie de la transformation de la viande"},"content":{"rendered":"<p>[vc_row type=\u00a0\u00bbfull_width_content\u00a0\u00bb bg_image=\u00a0\u00bb2610&Prime; top_padding=\u00a0\u00bb0&Prime;][vc_column width=\u00a0\u00bb1\/2&Prime; background_image=\u00a0\u00bb3693&Prime;][vc_column_text]<br \/>\n[\/vc_column_text][\/vc_column][vc_column width=\u00a0\u00bb1\/2&Prime; column_padding=\u00a0\u00bb4%\u00a0\u00bb background_color=\u00a0\u00bb#f2f2f2&Prime; css=\u00a0\u00bb.vc_custom_1570452007389{background-color: #f8f8f8 !important;}\u00a0\u00bb][vc_empty_space height=\u00a0\u00bb100&Prime;][vc_custom_heading text=\u00a0\u00bbIndustrie de la transformation de la viande\u00a0\u00bb font_container=\u00a0\u00bbtag:h1|font_size:48px|text_align:left|color:%23444444|line_height:56px\u00a0\u00bb google_fonts=\u00a0\u00bbfont_family:Open%20Sans%3A300%2C300italic%2Cregular%2Citalic%2C600%2C600italic%2C700%2C700italic%2C800%2C800italic|font_style:700%20bold%20regular%3A700%3Anormal\u00a0\u00bb][vc_custom_heading text=\u00a0\u00bbTurbovac red\u00e9finit la norme.\u00a0\u00bb font_container=\u00a0\u00bbtag:h2|font_size:34px|text_align:left|color:%23444444|line_height:44px\u00a0\u00bb google_fonts=\u00a0\u00bbfont_family:Raleway%3A100%2C200%2C300%2Cregular%2C500%2C600%2C700%2C800%2C900|font_style:300%20light%20regular%3A300%3Anormal\u00a0\u00bb][vc_empty_space][vc_column_text]Turbovac propose \u00e0 l&rsquo;industrie de la transformation de la viande une gamme compl\u00e8te de machines d&#8217;emballage sous vide \u00e0 usage intensif qui sont fiables, durables, faciles \u00e0 nettoyer et \u00e0 entretenir. Turbovac a red\u00e9fini sa gamme compl\u00e8te de machines d&#8217;emballage sous vide pour rendre les machines plus faciles \u00e0 utiliser et \u00e0 entretenir. La gamme compl\u00e8te de machines et les options disponibles permettent de s\u00e9lectionner facilement la meilleure solution pour vos besoins d&#8217;emballage.[\/vc_column_text][vc_empty_space height=\u00a0\u00bb100&Prime;][\/vc_column][\/vc_row][vc_row type=\u00a0\u00bbfull_width_content\u00a0\u00bb bg_image=\u00a0\u00bb2610&Prime;][vc_column width=\u00a0\u00bb1\/2&Prime; background_color=\u00a0\u00bb#f8f8f8&Prime; css=\u00a0\u00bb.vc_custom_1570451273977{background-color: #f8f8f8 !important;}\u00a0\u00bb][vc_row_inner][vc_column_inner width=\u00a0\u00bb1\/3&Prime;][\/vc_column_inner][vc_column_inner width=\u00a0\u00bb2\/3&Prime;][vc_empty_space height=\u00a0\u00bb200&Prime;][list icon=\u00a0\u00bbsteadysets-icon-checkmark\u00a0\u00bb][list_item title=\u00a0\u00bbChambres \u00e0 vide faciles \u00e0 nettoyer, coins arrondis\u00a0\u00bb][list_item title=\u00a0\u00bbUnit\u00e9 de commande num\u00e9rique intuitive\u00a0\u00bb][list_item title=\u00a0\u00bbBarres de soudure et barres de silicium facilement amovibles\u00a0\u00bb][list_item title=\u00a0\u00bbUne gamme de produits transparente pour faire le bon choix\u00a0\u00bb][\/list][vc_empty_space height=\u00a0\u00bb350&Prime;][\/vc_column_inner][\/vc_row_inner][\/vc_column][vc_column width=\u00a0\u00bb1\/2&Prime; background_image=\u00a0\u00bb3884&Prime; offset=\u00a0\u00bbvc_hidden-sm vc_hidden-xs\u00a0\u00bb][vc_column_text]<br \/>\n[\/vc_column_text][\/vc_column][\/vc_row][vc_row type=\u00a0\u00bbfull_width_content\u00a0\u00bb bg_image=\u00a0\u00bb2610&Prime; top_padding=\u00a0\u00bb0&Prime;][vc_column width=\u00a0\u00bb1\/2&Prime; centered_cont=\u00a0\u00bbtrue\u00a0\u00bb background_image=\u00a0\u00bb3882&Prime;][vc_column_text]<br \/>\n[\/vc_column_text][\/vc_column][vc_column width=\u00a0\u00bb1\/2&Prime; column_padding=\u00a0\u00bb4%\u00a0\u00bb background_color=\u00a0\u00bb#f8f8f8&Prime; css=\u00a0\u00bb.vc_custom_1429527138109{background-color: #f8f8f8 !important;}\u00a0\u00bb][vc_empty_space height=\u00a0\u00bb100&Prime;][vc_custom_heading text=\u00a0\u00bbDes chambres \u00e0 vide hygi\u00e9niques et faciles \u00e0 nettoyer pour l&rsquo;industrie de la transformation de la viande\u00a0\u00bb][vc_empty_space][vc_column_text]Tous les mod\u00e8les destin\u00e9s \u00e0 l&rsquo;industrie de la transformation de la viande sont \u00e9quip\u00e9s de chambres \u00e0 vide hygi\u00e9niques faciles \u00e0 nettoyer et de barres de soudure et barres de silicium facilement amovibles afin de garantir un nettoyage facile. L&rsquo;unit\u00e9 de commande num\u00e9rique intuitive d\u00e9tecte automatiquement le niveau de vide optimal pour les produits \u00e0 forte teneur en humidit\u00e9, emp\u00eachant ainsi l&rsquo;\u00e9vaporation de l&rsquo;humidit\u00e9 du produit.<\/p>\n<p>Gr\u00e2ce \u00e0 une nouvelle conception ing\u00e9nieuse ax\u00e9e sur le bon fonctionnement, Turbovac \u00e9tablit une fois de plus une nouvelle norme en mati\u00e8re de qualit\u00e9 et de design dans l&rsquo;industrie.[\/vc_column_text][vc_empty_space height=\u00a0\u00bb100&Prime;][\/vc_column][\/vc_row][vc_row type=\u00a0\u00bbfull_width_background\u00a0\u00bb bg_color=\u00a0\u00bb#f9f9f9&Prime;][vc_column][vc_column_text]<\/p>\n<h2 style=\"text-align: center;\">Produits connexes<\/h2>\n<p>[\/vc_column_text][vc_empty_space][vc_row_inner el_class=\u00a0\u00bbkolomOver\u00a0\u00bb][vc_column_inner width=\u00a0\u00bb1\/4&Prime; el_class=\u00a0\u00bbkolomOver\u00a0\u00bb][vc_single_image image=\u00a0\u00bb7425&Prime; img_size=\u00a0\u00bbfull\u00a0\u00bb alignment=\u00a0\u00bbcenter\u00a0\u00bb onclick=\u00a0\u00bbcustom_link\u00a0\u00bb link=\u00a0\u00bb\/fr\/machines-a-vide\/gamme-modeles-de-table\/\u00a0\u00bb][vc_custom_heading text=\u00a0\u00bbGAMME MACHINES<br \/>\nDE TABLE\u00a0\u00bb font_container=\u00a0\u00bbtag:h2|font_size:14|text_align:center|line_height:1&Prime; use_theme_fonts=\u00a0\u00bbyes\u00a0\u00bb link=\u00a0\u00bb|||\u00a0\u00bb][vc_column_text]<\/p>\n<p style=\"text-align: center;\"><span style=\"color: #d20037;\"><a style=\"color: #d20037;\" href=\"\/fr\/machines-a-vide\/gamme-modeles-de-table\/machines-de-table-s20\/\">S20<\/a> &#8211; <a style=\"color: #d20037;\" href=\"\/fr\/machines-a-vide\/gamme-modeles-de-table\/machines-de-table-s30\/\">S30<\/a> &#8211;<a style=\"color: #d20037;\" href=\"\/fr\/machines-a-vide\/gamme-modeles-de-table\/machines-de-table-s40\/\">S40<\/a> &#8211; <a style=\"color: #d20037;\" href=\"\/fr\/machines-a-vide\/gamme-modeles-de-table\/machines-de-table-s50\/\">S50<\/a> &#8211; <a style=\"color: #d20037;\" href=\"\/fr\/machines-a-vide\/gamme-modeles-de-table\/machines-de-table-s60\/\">S60<\/a><\/span><\/p>\n<p>[\/vc_column_text][\/vc_column_inner][vc_column_inner width=\u00a0\u00bb1\/4&Prime; el_class=\u00a0\u00bbkolomOver\u00a0\u00bb][vc_single_image image=\u00a0\u00bb7461&Prime; img_size=\u00a0\u00bbfull\u00a0\u00bb alignment=\u00a0\u00bbcenter\u00a0\u00bb onclick=\u00a0\u00bbcustom_link\u00a0\u00bb link=\u00a0\u00bb\/fr\/machines-a-vide\/simple-cloche\/\u00a0\u00bb][vc_custom_heading text=\u00a0\u00bbGAMME<br \/>\nSIMPLE CLOCHE\u00a0\u00bb font_container=\u00a0\u00bbtag:h2|font_size:14|text_align:center|line_height:1&Prime; use_theme_fonts=\u00a0\u00bbyes\u00a0\u00bb][vc_column_text]<\/p>\n<p style=\"text-align: center;\"><span style=\"color: #d20037;\"><a style=\"color: #d20037;\" href=\"\/fr\/machines-a-vide\/simple-cloche\/simple-cloche-m40\/\">M40<\/a> &#8211; <a style=\"color: #d20037;\" href=\"\/fr\/machines-a-vide\/simple-cloche\/simple-cloche-m50\/\">M50<\/a> &#8211; <a style=\"color: #d20037;\" href=\"\/fr\/machines-a-vide\/simple-cloche\/simple-cloche-m60\/\">M60<\/a> &#8211; <a style=\"color: #d20037;\" href=\"\/fr\/machines-a-vide\/simple-cloche\/simple-cloche-m70\/\">M70<\/a> &#8211; <a style=\"color: #d20037;\" href=\"\/fr\/machines-a-vide\/simple-cloche\/simple-cloche-m80\/\">M80<\/a><\/span><\/p>\n<p>[\/vc_column_text][\/vc_column_inner][vc_column_inner width=\u00a0\u00bb1\/4&Prime; background_color=\u00a0\u00bb#ffffff\u00a0\u00bb el_class=\u00a0\u00bbkolomOver\u00a0\u00bb][vc_single_image image=\u00a0\u00bb7492&Prime; img_size=\u00a0\u00bbfull\u00a0\u00bb alignment=\u00a0\u00bbcenter\u00a0\u00bb onclick=\u00a0\u00bbcustom_link\u00a0\u00bb link=\u00a0\u00bb\/fr\/machines-a-vide\/gamme-double-cloche\/\u00a0\u00bb][vc_custom_heading text=\u00a0\u00bbGAMME<br \/>\nDOUBLE CLOCHE\u00a0\u00bb font_container=\u00a0\u00bbtag:h2|font_size:14|text_align:center|line_height:1&Prime; use_theme_fonts=\u00a0\u00bbyes\u00a0\u00bb][vc_column_text]<\/p>\n<p style=\"text-align: center;\"><span style=\"color: #d20037;\"><a style=\"color: #d20037;\" href=\"\/fr\/machines-a-vide\/gamme-double-cloche\/double-cloche-l10\/\">L10<\/a> &#8211; <a style=\"color: #d20037;\" href=\"\/fr\/machines-a-vide\/gamme-double-cloche\/double-cloche-l30\/\">L30<\/a> &#8211; <a style=\"color: #d20037;\" href=\"\/fr\/machines-a-vide\/gamme-double-cloche\/double-cloche-l40\/\">L40<\/a> &#8211; <a style=\"color: #d20037;\" href=\"\/fr\/machines-a-vide\/gamme-double-cloche\/double-cloche-l60\/\">L60<\/a>\u00a0<\/span><\/p>\n<p>[\/vc_column_text][\/vc_column_inner][vc_column_inner width=\u00a0\u00bb1\/4&Prime;][vc_single_image image=\u00a0\u00bb8978&Prime; img_size=\u00a0\u00bbfull\u00a0\u00bb alignment=\u00a0\u00bbcenter\u00a0\u00bb onclick=\u00a0\u00bbcustom_link\u00a0\u00bb link=\u00a0\u00bb\/fr\/solutions-demballage\/operculeuse-a-barquettes\/\u00a0\u00bb][vc_custom_heading text=\u00a0\u00bbOPERCULEUSE<br \/>\nA BARQUETTES\u00a0\u00bb font_container=\u00a0\u00bbtag:h2|font_size:14|text_align:center|line_height:1&Prime; use_theme_fonts=\u00a0\u00bbyes\u00a0\u00bb][vc_column_text]<\/p>\n<p style=\"text-align: center;\"><span style=\"color: #b20000;\"><a style=\"color: #b20000;\" href=\"https:\/\/turbovac.nl\/fr\/solutions-demballage\/operculeuse-a-barquettes\/operculeuse-a-barquettes-tps-xl\/\">TPS XL<\/a> &#8211; <a style=\"color: #b20000;\" href=\"https:\/\/turbovac.nl\/fr\/solutions-demballage\/operculeuse-a-barquettes\/operculeuse-a-barquettes-tps-1000-2000\/\">TPS 1000\/2000<\/a>\u00a0<\/span><\/p>\n<p>[\/vc_column_text][\/vc_column_inner][\/vc_row_inner][vc_empty_space][vc_row_inner el_class=\u00a0\u00bbkolomOver\u00a0\u00bb][vc_column_inner width=\u00a0\u00bb1\/4&Prime; el_class=\u00a0\u00bbkolomOver\u00a0\u00bb][vc_single_image image=\u00a0\u00bb4862&Prime; img_size=\u00a0\u00bbfull\u00a0\u00bb alignment=\u00a0\u00bbcenter\u00a0\u00bb onclick=\u00a0\u00bbcustom_link\u00a0\u00bb link=\u00a0\u00bb\/fr\/solutions-demballage\/bacs-de-retraction\/\u00a0\u00bb][vc_custom_heading text=\u00a0\u00bbBAC DE<br \/>\nR\u00c9TRACTION\u00a0\u00bb font_container=\u00a0\u00bbtag:h2|font_size:14|text_align:center|line_height:1&Prime; use_theme_fonts=\u00a0\u00bbyes\u00a0\u00bb link=\u00a0\u00bb|||\u00a0\u00bb][vc_column_text]<\/p>\n<p style=\"text-align: center;\"><span style=\"color: #d20037;\"><a style=\"color: #d20037;\" href=\"\/fr\/solutions-demballage\/bacs-de-retraction\/40-60\/\">TV 40-60<\/a> | <a style=\"color: #d20037;\" href=\"\/fr\/solutions-demballage\/bacs-de-retraction\/55-75\/\">TV 55-75<\/a><br \/>\n<\/span><span style=\"color: #d20037;\"><a style=\"color: #d20037;\" href=\"https:\/\/turbovac.nl\/fr\/solutions-demballage\/bacs-de-retraction\/60-80\/\">ADT TV 60-80<\/a><\/span><\/p>\n<p>[\/vc_column_text][\/vc_column_inner][vc_column_inner width=\u00a0\u00bb1\/4&Prime; el_class=\u00a0\u00bbkolomOver\u00a0\u00bb][vc_single_image image=\u00a0\u00bb5074&Prime; img_size=\u00a0\u00bbfull\u00a0\u00bb alignment=\u00a0\u00bbcenter\u00a0\u00bb onclick=\u00a0\u00bbcustom_link\u00a0\u00bb link=\u00a0\u00bb\/fr\/solutions-demballage\/thermoformeuses\/\u00a0\u00bb][vc_custom_heading text=\u00a0\u00bbTHERMOFORMEUSES\u00a0\u00bb font_container=\u00a0\u00bbtag:h2|font_size:14|text_align:center|line_height:1&Prime; use_theme_fonts=\u00a0\u00bbyes\u00a0\u00bb][vc_column_text]<\/p>\n<p style=\"text-align: center;\"><span style=\"color: #d20037;\"><a style=\"color: #d20037;\" href=\"\/fr\/solutions-demballage\/thermoformeuses\/\">Custom Made<\/a><\/span><\/p>\n<p>[\/vc_column_text][\/vc_column_inner][vc_column_inner width=\u00a0\u00bb1\/4&Prime; background_color=\u00a0\u00bb#ffffff\u00a0\u00bb el_class=\u00a0\u00bbkolomOver\u00a0\u00bb][vc_single_image image=\u00a0\u00bb4710&Prime; img_size=\u00a0\u00bbfull\u00a0\u00bb alignment=\u00a0\u00bbcenter\u00a0\u00bb onclick=\u00a0\u00bbcustom_link\u00a0\u00bb link=\u00a0\u00bb\/fr\/solutions-demballage\/ligne-de-conditionnement-automatique\/\u00a0\u00bb][vc_custom_heading text=\u00a0\u00bbLIGNE DE CONDITIONNEMENT AUTOMATIQUE\u00a0\u00bb font_container=\u00a0\u00bbtag:h2|font_size:14|text_align:center|line_height:1&Prime; use_theme_fonts=\u00a0\u00bbyes\u00a0\u00bb link=\u00a0\u00bb|||\u00a0\u00bb][vc_column_text]<\/p>\n<p style=\"text-align: center;\"><span style=\"color: #d20037;\"><a style=\"color: #d20037;\" href=\"\/fr\/solutions-demballage\/ligne-de-conditionnement-automatique\/\">A5000<\/a><\/span><\/p>\n<p>[\/vc_column_text][\/vc_column_inner][vc_column_inner width=\u00a0\u00bb1\/4&Prime;][\/vc_column_inner][\/vc_row_inner][\/vc_column][\/vc_row][vc_row type=\u00a0\u00bbfull_width_background\u00a0\u00bb class=\u00a0\u00bbkolomOver\u00a0\u00bb][vc_column width=\u00a0\u00bb1\/3&Prime; el_class=\u00a0\u00bbkolomOver\u00a0\u00bb][services_medium title=\u00a0\u00bbINDUSTRIE DE LA VIANDE\u00a0\u00bb style=\u00a0\u00bbstyle_3&Prime; icon=\u00a0\u00bbsteadysets-icon-bones\u00a0\u00bb icon_color=\u00a0\u00bb#d20037&Prime; border_color=\u00a0\u00bb#d20037&Prime; dynamic_content_link=\u00a0\u00bb\/fr\/les-marches-de-turbovac\/la-transformation-de-la-viande\/\u00a0\u00bb]Des emballages de haute qualit\u00e9 pour am\u00e9liorer le processus d\u2019emballage de vos clients.[\/services_medium][\/vc_column][vc_column width=\u00a0\u00bb1\/3&Prime; el_class=\u00a0\u00bbkolomOver\u00a0\u00bb][services_medium title=\u00a0\u00bbTRANSFORMATION ALIMENTAIRE\u00a0\u00bb style=\u00a0\u00bbstyle_3&Prime; icon=\u00a0\u00bblinecon-icon-food\u00a0\u00bb icon_color=\u00a0\u00bb#d20037&Prime; border_color=\u00a0\u00bb#d20037&Prime; dynamic_content_link=\u00a0\u00bb\/fr\/les-marches-de-turbovac\/industrie-de-la-transformation-alimentaire\/\u00a0\u00bb]Optimisation et flexibilit\u00e9 dans tous les types de transformation alimentaire.[\/services_medium][\/vc_column][vc_column width=\u00a0\u00bb1\/3&Prime; el_class=\u00a0\u00bbkolomOver\u00a0\u00bb][services_medium title=\u00a0\u00bbINDUSTRIE NON ALIMENTAIRE\u00a0\u00bb style=\u00a0\u00bbstyle_3&Prime; icon=\u00a0\u00bbsteadysets-icon-lab\u00a0\u00bb icon_color=\u00a0\u00bb#d20037&Prime; border_color=\u00a0\u00bb#d20037&Prime; dynamic_content_link=\u00a0\u00bb\/fr\/les-marches-de-turbovac\/industrie-non-alimentaire\/\u00a0\u00bb]Protection optimale contre la salet\u00e9, la poussi\u00e8re et l&rsquo;humidit\u00e9.[\/services_medium][\/vc_column][\/vc_row][vc_row type=\u00a0\u00bbfull_width_content\u00a0\u00bb][vc_column background_color=\u00a0\u00bb#75001f\u00a0\u00bb][vc_empty_space][vc_custom_heading text=\u00a0\u00bbCAPTURE QUALITY\u00a0\u00bb font_container=\u00a0\u00bbtag:h2|font_size:35|text_align:center|color:%23ffffff|line_height:1.25&Prime; use_theme_fonts=\u00a0\u00bbyes\u00a0\u00bb][vc_empty_space][\/vc_column][\/vc_row]<\/p>\n","protected":false},"excerpt":{"rendered":"<p>[vc_row type=\u00a0\u00bbfull_width_content\u00a0\u00bb bg_image=\u00a0\u00bb2610&Prime; top_padding=\u00a0\u00bb0&Prime;][vc_column width=\u00a0\u00bb1\/2&Prime; background_image=\u00a0\u00bb3693&Prime;][vc_column_text] [\/vc_column_text][\/vc_column][vc_column width=\u00a0\u00bb1\/2&Prime; column_padding=\u00a0\u00bb4%\u00a0\u00bb background_color=\u00a0\u00bb#f2f2f2&Prime; css=\u00a0\u00bb.vc_custom_1570452007389{background-color: #f8f8f8 !important;}\u00a0\u00bb][vc_empty_space height=\u00a0\u00bb100&Prime;][vc_custom_heading text=\u00a0\u00bbIndustrie de la transformation de la viande\u00a0\u00bb font_container=\u00a0\u00bbtag:h1|font_size:48px|text_align:left|color:%23444444|line_height:56px\u00a0\u00bb google_fonts=\u00a0\u00bbfont_family:Open%20Sans%3A300%2C300italic%2Cregular%2Citalic%2C600%2C600italic%2C700%2C700italic%2C800%2C800italic|font_style:700%20bold%20regular%3A700%3Anormal\u00a0\u00bb][vc_custom_heading text=\u00a0\u00bbTurbovac red\u00e9finit la norme.\u00a0\u00bb font_container=\u00a0\u00bbtag:h2|font_size:34px|text_align:left|color:%23444444|line_height:44px\u00a0\u00bb google_fonts=\u00a0\u00bbfont_family:Raleway%3A100%2C200%2C300%2Cregular%2C500%2C600%2C700%2C800%2C900|font_style:300%20light%20regular%3A300%3Anormal\u00a0\u00bb][vc_empty_space][vc_column_text]Turbovac propose \u00e0 l&rsquo;industrie de la transformation de la viande une gamme compl\u00e8te de machines d&#8217;emballage sous vide \u00e0 usage intensif qui sont fiables, durables, faciles \u00e0 [&hellip;]<\/p>\n","protected":false},"author":6,"featured_media":3902,"parent":8478,"menu_order":0,"comment_status":"closed","ping_status":"closed","template":"","meta":{"_monsterinsights_skip_tracking":false,"_monsterinsights_sitenote_active":false,"_monsterinsights_sitenote_note":"","_monsterinsights_sitenote_category":0,"footnotes":""},"class_list":["post-8491","page","type-page","status-publish","has-post-thumbnail","hentry"],"yoast_head":"<!-- This site is optimized with the Yoast SEO plugin v22.7 - https:\/\/yoast.com\/wordpress\/plugins\/seo\/ -->\n<title>Industrie de la transformation de la viande | Turbovac - Capture Quality<\/title>\n<meta name=\"description\" content=\"Turbovac propose \u00e0 l&#039;industrie de la transformation de la viande une gamme compl\u00e8te de machines d&#039;emballage sous vide \u00e0 usage intensif\" \/>\n<meta name=\"robots\" content=\"index, follow, max-snippet:-1, max-image-preview:large, max-video-preview:-1\" \/>\n<link rel=\"canonical\" href=\"https:\/\/turbovac.nl\/fr\/les-marches-de-turbovac\/la-transformation-de-la-viande\/\" \/>\n<meta property=\"og:locale\" content=\"fr_FR\" \/>\n<meta property=\"og:type\" content=\"article\" \/>\n<meta property=\"og:title\" content=\"Industrie de la transformation de la viande | Turbovac - Capture Quality\" \/>\n<meta property=\"og:description\" content=\"Turbovac propose \u00e0 l&#039;industrie de la transformation de la viande une gamme compl\u00e8te de machines d&#039;emballage sous vide \u00e0 usage intensif\" \/>\n<meta property=\"og:url\" content=\"https:\/\/turbovac.nl\/fr\/les-marches-de-turbovac\/la-transformation-de-la-viande\/\" \/>\n<meta property=\"og:site_name\" content=\"TURBOVAC\" \/>\n<meta property=\"article:modified_time\" content=\"2020-03-31T06:22:42+00:00\" \/>\n<meta property=\"og:image\" content=\"https:\/\/turbovac.nl\/wp-content\/uploads\/2019\/10\/TT-zoom3940-1.jpg\" \/>\n\t<meta property=\"og:image:width\" content=\"1000\" \/>\n\t<meta property=\"og:image:height\" content=\"1064\" \/>\n\t<meta property=\"og:image:type\" content=\"image\/jpeg\" \/>\n<meta name=\"twitter:card\" content=\"summary_large_image\" \/>\n<meta name=\"twitter:label1\" content=\"Dur\u00e9e de lecture estim\u00e9e\" \/>\n\t<meta name=\"twitter:data1\" content=\"6 minutes\" \/>\n<script type=\"application\/ld+json\" class=\"yoast-schema-graph\">{\"@context\":\"https:\/\/schema.org\",\"@graph\":[{\"@type\":\"WebPage\",\"@id\":\"https:\/\/turbovac.nl\/fr\/les-marches-de-turbovac\/la-transformation-de-la-viande\/\",\"url\":\"https:\/\/turbovac.nl\/fr\/les-marches-de-turbovac\/la-transformation-de-la-viande\/\",\"name\":\"Industrie de la transformation de la viande | Turbovac - Capture Quality\",\"isPartOf\":{\"@id\":\"https:\/\/turbovac.nl\/#website\"},\"primaryImageOfPage\":{\"@id\":\"https:\/\/turbovac.nl\/fr\/les-marches-de-turbovac\/la-transformation-de-la-viande\/#primaryimage\"},\"image\":{\"@id\":\"https:\/\/turbovac.nl\/fr\/les-marches-de-turbovac\/la-transformation-de-la-viande\/#primaryimage\"},\"thumbnailUrl\":\"https:\/\/turbovac.nl\/wp-content\/uploads\/2019\/10\/TT-zoom3940-1.jpg\",\"datePublished\":\"2019-10-07T11:58:00+00:00\",\"dateModified\":\"2020-03-31T06:22:42+00:00\",\"description\":\"Turbovac propose \u00e0 l'industrie de la transformation de la viande une gamme compl\u00e8te de machines d'emballage sous vide \u00e0 usage intensif\",\"breadcrumb\":{\"@id\":\"https:\/\/turbovac.nl\/fr\/les-marches-de-turbovac\/la-transformation-de-la-viande\/#breadcrumb\"},\"inLanguage\":\"fr-FR\",\"potentialAction\":[{\"@type\":\"ReadAction\",\"target\":[\"https:\/\/turbovac.nl\/fr\/les-marches-de-turbovac\/la-transformation-de-la-viande\/\"]}]},{\"@type\":\"ImageObject\",\"inLanguage\":\"fr-FR\",\"@id\":\"https:\/\/turbovac.nl\/fr\/les-marches-de-turbovac\/la-transformation-de-la-viande\/#primaryimage\",\"url\":\"https:\/\/turbovac.nl\/wp-content\/uploads\/2019\/10\/TT-zoom3940-1.jpg\",\"contentUrl\":\"https:\/\/turbovac.nl\/wp-content\/uploads\/2019\/10\/TT-zoom3940-1.jpg\",\"width\":1000,\"height\":1064,\"caption\":\"Tabletop detail Gastronomy\"},{\"@type\":\"BreadcrumbList\",\"@id\":\"https:\/\/turbovac.nl\/fr\/les-marches-de-turbovac\/la-transformation-de-la-viande\/#breadcrumb\",\"itemListElement\":[{\"@type\":\"ListItem\",\"position\":1,\"name\":\"Home\",\"item\":\"https:\/\/turbovac.nl\/fr\/\"},{\"@type\":\"ListItem\",\"position\":2,\"name\":\"Les march\u00e9s\",\"item\":\"https:\/\/turbovac.nl\/fr\/les-marches-de-turbovac\/\"},{\"@type\":\"ListItem\",\"position\":3,\"name\":\"Industrie de la transformation de la viande\"}]},{\"@type\":\"WebSite\",\"@id\":\"https:\/\/turbovac.nl\/#website\",\"url\":\"https:\/\/turbovac.nl\/\",\"name\":\"TURBOVAC\",\"description\":\"Vacuum Packaging Machines\",\"potentialAction\":[{\"@type\":\"SearchAction\",\"target\":{\"@type\":\"EntryPoint\",\"urlTemplate\":\"https:\/\/turbovac.nl\/?s={search_term_string}\"},\"query-input\":\"required name=search_term_string\"}],\"inLanguage\":\"fr-FR\"}]}<\/script>\n<!-- \/ Yoast SEO plugin. -->","yoast_head_json":{"title":"Industrie de la transformation de la viande | Turbovac - Capture Quality","description":"Turbovac propose \u00e0 l'industrie de la transformation de la viande une gamme compl\u00e8te de machines d'emballage sous vide \u00e0 usage intensif","robots":{"index":"index","follow":"follow","max-snippet":"max-snippet:-1","max-image-preview":"max-image-preview:large","max-video-preview":"max-video-preview:-1"},"canonical":"https:\/\/turbovac.nl\/fr\/les-marches-de-turbovac\/la-transformation-de-la-viande\/","og_locale":"fr_FR","og_type":"article","og_title":"Industrie de la transformation de la viande | Turbovac - Capture Quality","og_description":"Turbovac propose \u00e0 l'industrie de la transformation de la viande une gamme compl\u00e8te de machines d'emballage sous vide \u00e0 usage intensif","og_url":"https:\/\/turbovac.nl\/fr\/les-marches-de-turbovac\/la-transformation-de-la-viande\/","og_site_name":"TURBOVAC","article_modified_time":"2020-03-31T06:22:42+00:00","og_image":[{"width":1000,"height":1064,"url":"https:\/\/turbovac.nl\/wp-content\/uploads\/2019\/10\/TT-zoom3940-1.jpg","type":"image\/jpeg"}],"twitter_card":"summary_large_image","twitter_misc":{"Dur\u00e9e de lecture estim\u00e9e":"6 minutes"},"schema":{"@context":"https:\/\/schema.org","@graph":[{"@type":"WebPage","@id":"https:\/\/turbovac.nl\/fr\/les-marches-de-turbovac\/la-transformation-de-la-viande\/","url":"https:\/\/turbovac.nl\/fr\/les-marches-de-turbovac\/la-transformation-de-la-viande\/","name":"Industrie de la transformation de la viande | Turbovac - Capture Quality","isPartOf":{"@id":"https:\/\/turbovac.nl\/#website"},"primaryImageOfPage":{"@id":"https:\/\/turbovac.nl\/fr\/les-marches-de-turbovac\/la-transformation-de-la-viande\/#primaryimage"},"image":{"@id":"https:\/\/turbovac.nl\/fr\/les-marches-de-turbovac\/la-transformation-de-la-viande\/#primaryimage"},"thumbnailUrl":"https:\/\/turbovac.nl\/wp-content\/uploads\/2019\/10\/TT-zoom3940-1.jpg","datePublished":"2019-10-07T11:58:00+00:00","dateModified":"2020-03-31T06:22:42+00:00","description":"Turbovac propose \u00e0 l'industrie de la transformation de la viande une gamme compl\u00e8te de machines d'emballage sous vide \u00e0 usage intensif","breadcrumb":{"@id":"https:\/\/turbovac.nl\/fr\/les-marches-de-turbovac\/la-transformation-de-la-viande\/#breadcrumb"},"inLanguage":"fr-FR","potentialAction":[{"@type":"ReadAction","target":["https:\/\/turbovac.nl\/fr\/les-marches-de-turbovac\/la-transformation-de-la-viande\/"]}]},{"@type":"ImageObject","inLanguage":"fr-FR","@id":"https:\/\/turbovac.nl\/fr\/les-marches-de-turbovac\/la-transformation-de-la-viande\/#primaryimage","url":"https:\/\/turbovac.nl\/wp-content\/uploads\/2019\/10\/TT-zoom3940-1.jpg","contentUrl":"https:\/\/turbovac.nl\/wp-content\/uploads\/2019\/10\/TT-zoom3940-1.jpg","width":1000,"height":1064,"caption":"Tabletop detail Gastronomy"},{"@type":"BreadcrumbList","@id":"https:\/\/turbovac.nl\/fr\/les-marches-de-turbovac\/la-transformation-de-la-viande\/#breadcrumb","itemListElement":[{"@type":"ListItem","position":1,"name":"Home","item":"https:\/\/turbovac.nl\/fr\/"},{"@type":"ListItem","position":2,"name":"Les march\u00e9s","item":"https:\/\/turbovac.nl\/fr\/les-marches-de-turbovac\/"},{"@type":"ListItem","position":3,"name":"Industrie de la transformation de la viande"}]},{"@type":"WebSite","@id":"https:\/\/turbovac.nl\/#website","url":"https:\/\/turbovac.nl\/","name":"TURBOVAC","description":"Vacuum Packaging Machines","potentialAction":[{"@type":"SearchAction","target":{"@type":"EntryPoint","urlTemplate":"https:\/\/turbovac.nl\/?s={search_term_string}"},"query-input":"required name=search_term_string"}],"inLanguage":"fr-FR"}]}},"_links":{"self":[{"href":"https:\/\/turbovac.nl\/fr\/wp-json\/wp\/v2\/pages\/8491","targetHints":{"allow":["GET"]}}],"collection":[{"href":"https:\/\/turbovac.nl\/fr\/wp-json\/wp\/v2\/pages"}],"about":[{"href":"https:\/\/turbovac.nl\/fr\/wp-json\/wp\/v2\/types\/page"}],"author":[{"embeddable":true,"href":"https:\/\/turbovac.nl\/fr\/wp-json\/wp\/v2\/users\/6"}],"replies":[{"embeddable":true,"href":"https:\/\/turbovac.nl\/fr\/wp-json\/wp\/v2\/comments?post=8491"}],"version-history":[{"count":0,"href":"https:\/\/turbovac.nl\/fr\/wp-json\/wp\/v2\/pages\/8491\/revisions"}],"up":[{"embeddable":true,"href":"https:\/\/turbovac.nl\/fr\/wp-json\/wp\/v2\/pages\/8478"}],"wp:featuredmedia":[{"embeddable":true,"href":"https:\/\/turbovac.nl\/fr\/wp-json\/wp\/v2\/media\/3902"}],"wp:attachment":[{"href":"https:\/\/turbovac.nl\/fr\/wp-json\/wp\/v2\/media?parent=8491"}],"curies":[{"name":"wp","href":"https:\/\/api.w.org\/{rel}","templated":true}]}}