{"id":8535,"date":"2019-10-24T09:06:23","date_gmt":"2019-10-24T08:06:23","guid":{"rendered":"https:\/\/turbovac.nl\/les-marches-de-turbovac\/non-food-industry\/"},"modified":"2020-03-31T08:42:56","modified_gmt":"2020-03-31T07:42:56","slug":"industrie-non-alimentaire","status":"publish","type":"page","link":"https:\/\/turbovac.nl\/fr\/les-marches-de-turbovac\/industrie-non-alimentaire\/","title":{"rendered":"Industrie non alimentaire"},"content":{"rendered":"<p>[vc_row type=\u00a0\u00bbfull_width_content\u00a0\u00bb bg_image=\u00a0\u00bb2610&Prime; top_padding=\u00a0\u00bb0&Prime;][vc_column width=\u00a0\u00bb1\/2&Prime; background_image=\u00a0\u00bb4069&Prime;][vc_column_text]<br \/>\n[\/vc_column_text][\/vc_column][vc_column width=\u00a0\u00bb1\/2&Prime; column_padding=\u00a0\u00bb4%\u00a0\u00bb background_color=\u00a0\u00bb#f2f2f2&Prime; css=\u00a0\u00bb.vc_custom_1570452007389{background-color: #f8f8f8 !important;}\u00a0\u00bb][vc_empty_space height=\u00a0\u00bb100&Prime;][vc_custom_heading text=\u00a0\u00bbL&#8217;emballage sous vide dans<br \/>\nl&rsquo;industrie non alimentaire\u00a0\u00bb font_container=\u00a0\u00bbtag:h1|font_size:48px|text_align:left|color:%23444444|line_height:56px\u00a0\u00bb google_fonts=\u00a0\u00bbfont_family:Open%20Sans%3A300%2C300italic%2Cregular%2Citalic%2C600%2C600italic%2C700%2C700italic%2C800%2C800italic|font_style:700%20bold%20regular%3A700%3Anormal\u00a0\u00bb][vc_custom_heading text=\u00a0\u00bbBiens de consommation et biens industriels\u00a0\u00bb font_container=\u00a0\u00bbtag:h2|font_size:34px|text_align:left|color:%23444444|line_height:44px\u00a0\u00bb google_fonts=\u00a0\u00bbfont_family:Raleway%3A100%2C200%2C300%2Cregular%2C500%2C600%2C700%2C800%2C900|font_style:300%20light%20regular%3A300%3Anormal\u00a0\u00bb][vc_empty_space][vc_column_text]Dans l&rsquo;industrie non alimentaire, les machines d&#8217;emballage sous vide sont souvent utilis\u00e9es pour des applications sp\u00e9ciales et des situations particuli\u00e8res. Il peut s&rsquo;agir d&#8217;emballages hygi\u00e9niques dans l&rsquo;industrie pharmaceutique ou de produits st\u00e9rilis\u00e9s destin\u00e9s \u00e0 \u00eatre utilis\u00e9s et r\u00e9utilis\u00e9s dans les h\u00f4pitaux. Dans l&rsquo;industrie \u00e9lectronique, l&#8217;emballage sous vide est utilis\u00e9 pour emp\u00eacher les composants sensibles de glisser dans l&#8217;emballage. Il prot\u00e8ge \u00e9galement les produits contre la salet\u00e9, la poussi\u00e8re et la corrosion. L&rsquo;industrie de la d\u00e9fense utilise l&#8217;emballage sous vide, par exemple pour l&#8217;emballage d&rsquo;explosifs. Les banques peuvent utiliser l&#8217;emballage sous vide pour emballer l&rsquo;argent afin d&rsquo;\u00e9viter les fraudes. L&#8217;emballage sous vide est \u00e9galement utilis\u00e9 pour r\u00e9duire le volume des produits encombrants afin de diminuer les co\u00fbts de transport et d&rsquo;am\u00e9liorer la manipulation.[\/vc_column_text][vc_empty_space height=\u00a0\u00bb100&Prime;][\/vc_column][\/vc_row][vc_row type=\u00a0\u00bbfull_width_content\u00a0\u00bb bg_image=\u00a0\u00bb2610&Prime;][vc_column width=\u00a0\u00bb1\/2&Prime; background_color=\u00a0\u00bb#f8f8f8&Prime; css=\u00a0\u00bb.vc_custom_1570451273977{background-color: #f8f8f8 !important;}\u00a0\u00bb][vc_row_inner][vc_column_inner width=\u00a0\u00bb1\/3&Prime;][\/vc_column_inner][vc_column_inner width=\u00a0\u00bb2\/3&Prime;][vc_empty_space height=\u00a0\u00bb200&Prime;][list icon=\u00a0\u00bbsteadysets-icon-checkmark\u00a0\u00bb][list_item title=\u00a0\u00bbProtection et r\u00e9duction du volume\u00a0\u00bb][list_item title=\u00a0\u00bbGarder \u00e0 l\u2019ext\u00e9rieur la salet\u00e9 et la poussi\u00e8re\u00a0\u00bb][list_item title=\u00a0\u00bb\u00c9viter les rayures et frottements\u00a0\u00bb][list_item title=\u00a0\u00bb\u00c9viter l&rsquo;oxydation\u00a0\u00bb][list_item title=\u00a0\u00bb\u00c9conomies sur les frais de stockage et de transport\u00a0\u00bb][list_item title=\u00a0\u00bbL&#8217;emballage sous vide emp\u00eache la fraude\u00a0\u00bb][\/list][vc_empty_space height=\u00a0\u00bb350&Prime;][\/vc_column_inner][\/vc_row_inner][\/vc_column][vc_column width=\u00a0\u00bb1\/2&Prime; background_image=\u00a0\u00bb4099&Prime; offset=\u00a0\u00bbvc_hidden-sm vc_hidden-xs\u00a0\u00bb][vc_column_text]<br \/>\n[\/vc_column_text][\/vc_column][\/vc_row][vc_row type=\u00a0\u00bbfull_width_content\u00a0\u00bb bg_image=\u00a0\u00bb2610&Prime; top_padding=\u00a0\u00bb0&Prime;][vc_column width=\u00a0\u00bb1\/2&Prime; centered_cont=\u00a0\u00bbtrue\u00a0\u00bb background_image=\u00a0\u00bb4074&Prime;][vc_column_text]<br \/>\n[\/vc_column_text][\/vc_column][vc_column width=\u00a0\u00bb1\/2&Prime; column_padding=\u00a0\u00bb4%\u00a0\u00bb background_color=\u00a0\u00bb#f8f8f8&Prime; css=\u00a0\u00bb.vc_custom_1429527138109{background-color: #f8f8f8 !important;}\u00a0\u00bb][vc_empty_space height=\u00a0\u00bb100&Prime;][vc_custom_heading text=\u00a0\u00bbConception personnalis\u00e9e\u00a0\u00bb][vc_empty_space][vc_column_text]En raison de la diversit\u00e9 des applications et des exigences des diff\u00e9rentes industries, notre d\u00e9partement d&rsquo;ing\u00e9nierie peut modifier la conception et les options des machines pour r\u00e9pondre aux exigences particuli\u00e8res de l&rsquo;industrie non alimentaire.[\/vc_column_text][vc_empty_space height=\u00a0\u00bb100&Prime;][\/vc_column][\/vc_row][vc_row type=\u00a0\u00bbfull_width_background\u00a0\u00bb bg_color=\u00a0\u00bb#f9f9f9&Prime;][vc_column][vc_column_text]<\/p>\n<h2 style=\"text-align: center;\">Produits connexes<\/h2>\n<p>[\/vc_column_text][vc_empty_space][vc_row_inner el_class=\u00a0\u00bbkolomOver\u00a0\u00bb][vc_column_inner width=\u00a0\u00bb1\/4&Prime; el_class=\u00a0\u00bbkolomOver\u00a0\u00bb][vc_single_image image=\u00a0\u00bb7425&Prime; img_size=\u00a0\u00bbfull\u00a0\u00bb alignment=\u00a0\u00bbcenter\u00a0\u00bb onclick=\u00a0\u00bbcustom_link\u00a0\u00bb link=\u00a0\u00bb\/fr\/machines-a-vide\/gamme-modeles-de-table\/\u00a0\u00bb][vc_custom_heading text=\u00a0\u00bbGAMME MACHINES<br \/>\nDE TABLE\u00a0\u00bb font_container=\u00a0\u00bbtag:h2|font_size:14|text_align:center|line_height:1&Prime; use_theme_fonts=\u00a0\u00bbyes\u00a0\u00bb link=\u00a0\u00bb|||\u00a0\u00bb][vc_column_text]<\/p>\n<p style=\"text-align: center;\"><span style=\"color: #d20037;\"><a style=\"color: #d20037;\" href=\"\/fr\/machines-a-vide\/gamme-modeles-de-table\/machines-de-table-s20\/\">S20<\/a> &#8211; <a style=\"color: #d20037;\" href=\"\/fr\/machines-a-vide\/gamme-modeles-de-table\/machines-de-table-s30\/\">S30<\/a> &#8211;<a style=\"color: #d20037;\" href=\"\/fr\/machines-a-vide\/gamme-modeles-de-table\/machines-de-table-s40\/\">S40<\/a> &#8211; <a style=\"color: #d20037;\" href=\"\/fr\/machines-a-vide\/gamme-modeles-de-table\/machines-de-table-s50\/\">S50<\/a> &#8211; <a style=\"color: #d20037;\" href=\"\/fr\/machines-a-vide\/gamme-modeles-de-table\/machines-de-table-s60\/\">S60<\/a><\/span><\/p>\n<p>[\/vc_column_text][\/vc_column_inner][vc_column_inner width=\u00a0\u00bb1\/4&Prime; el_class=\u00a0\u00bbkolomOver\u00a0\u00bb][vc_single_image image=\u00a0\u00bb7456&Prime; img_size=\u00a0\u00bbfull\u00a0\u00bb alignment=\u00a0\u00bbcenter\u00a0\u00bb onclick=\u00a0\u00bbcustom_link\u00a0\u00bb link=\u00a0\u00bb\/fr\/machines-a-vide\/simple-cloche\/\u00a0\u00bb][vc_custom_heading text=\u00a0\u00bbGAMME<br \/>\nSIMPLE CLOCHE\u00a0\u00bb font_container=\u00a0\u00bbtag:h2|font_size:14|text_align:center|line_height:1&Prime; use_theme_fonts=\u00a0\u00bbyes\u00a0\u00bb][vc_column_text]<\/p>\n<p style=\"text-align: center;\"><span style=\"color: #b20000;\"><a style=\"color: #b20000;\" href=\"\/fr\/machines-a-vide\/simple-cloche\/simple-cloche-m10\/\">M10<\/a>\u00a0 &#8211; <a style=\"color: #b20000;\" href=\"\/fr\/machines-a-vide\/simple-cloche\/simple-cloche-m20\/\">M20<\/a> &#8211; <a style=\"color: #b20000;\" href=\"\/fr\/machines-a-vide\/simple-cloche\/simple-cloche-m30\/\">M30<\/a> &#8211; <a style=\"color: #b20000;\" href=\"\/fr\/machines-a-vide\/simple-cloche\/simple-cloche-m40\/\">M40<\/a> &#8211; <a style=\"color: #b20000;\" href=\"\/fr\/machines-a-vide\/simple-cloche\/simple-cloche-m50\/\">M50<\/a> &#8211; <a style=\"color: #b20000;\" href=\"\/fr\/machines-a-vide\/simple-cloche\/simple-cloche-m60\/\">M60<\/a> &#8211; <a style=\"color: #b20000;\" href=\"\/fr\/machines-a-vide\/simple-cloche\/simple-cloche-m70\/\">M70<\/a> &#8211; <a style=\"color: #b20000;\" href=\"\/fr\/machines-a-vide\/simple-cloche\/simple-cloche-m80\/\">M80<\/a><\/span><\/p>\n<p>[\/vc_column_text][\/vc_column_inner][vc_column_inner width=\u00a0\u00bb1\/4&Prime; background_color=\u00a0\u00bb#ffffff\u00a0\u00bb el_class=\u00a0\u00bbkolomOver\u00a0\u00bb][vc_single_image image=\u00a0\u00bb7492&Prime; img_size=\u00a0\u00bbfull\u00a0\u00bb alignment=\u00a0\u00bbcenter\u00a0\u00bb onclick=\u00a0\u00bbcustom_link\u00a0\u00bb link=\u00a0\u00bb\/fr\/machines-a-vide\/gamme-double-cloche\/\u00a0\u00bb][vc_custom_heading text=\u00a0\u00bbGAMME<br \/>\nDOUBLE CLOCHE\u00a0\u00bb font_container=\u00a0\u00bbtag:h2|font_size:14|text_align:center|line_height:1&Prime; use_theme_fonts=\u00a0\u00bbyes\u00a0\u00bb][vc_column_text]<\/p>\n<p style=\"text-align: center;\"><span style=\"color: #d20037;\"><a style=\"color: #d20037;\" href=\"\/fr\/machines-a-vide\/gamme-double-cloche\/double-cloche-l10\/\">L10<\/a> &#8211; <a style=\"color: #d20037;\" href=\"\/fr\/machines-a-vide\/gamme-double-cloche\/double-cloche-l30\/\">L30<\/a> &#8211; <a style=\"color: #d20037;\" href=\"\/fr\/machines-a-vide\/gamme-double-cloche\/double-cloche-l40\/\">L40<\/a> &#8211; <a style=\"color: #d20037;\" href=\"\/fr\/machines-a-vide\/gamme-double-cloche\/double-cloche-l60\/\">L60<\/a>\u00a0<\/span><\/p>\n<p>[\/vc_column_text][\/vc_column_inner][vc_column_inner width=\u00a0\u00bb1\/4&Prime;][vc_single_image image=\u00a0\u00bb8978&Prime; img_size=\u00a0\u00bbfull\u00a0\u00bb alignment=\u00a0\u00bbcenter\u00a0\u00bb onclick=\u00a0\u00bbcustom_link\u00a0\u00bb link=\u00a0\u00bb\/fr\/solutions-demballage\/operculeuse-a-barquettes\/\u00a0\u00bb][vc_custom_heading text=\u00a0\u00bbOPERCULEUSE<br \/>\nA BARQUETTES\u00a0\u00bb font_container=\u00a0\u00bbtag:h2|font_size:14|text_align:center|line_height:1&Prime; use_theme_fonts=\u00a0\u00bbyes\u00a0\u00bb][vc_column_text]<\/p>\n<p style=\"text-align: center;\"><span style=\"color: #b20000;\"><a style=\"color: #b20000;\" href=\"\/fr\/solutions-demballage\/operculeuse-a-barquettes\/operculeuse-a-barquettes-tps-xl\/\">TPS XL<\/a> &#8211; <a style=\"color: #b20000;\" href=\"https:\/\/turbovac.nl\/fr\/solutions-demballage\/operculeuse-a-barquettes\/tps-1000-2000\/\">TPS 1000\/2000<\/a>\u00a0<\/span><\/p>\n<p>[\/vc_column_text][\/vc_column_inner][\/vc_row_inner][vc_empty_space][vc_row_inner el_class=\u00a0\u00bbkolomOver\u00a0\u00bb][vc_column_inner width=\u00a0\u00bb1\/4&Prime; el_class=\u00a0\u00bbkolomOver\u00a0\u00bb][\/vc_column_inner][vc_column_inner width=\u00a0\u00bb1\/4&Prime; el_class=\u00a0\u00bbkolomOver\u00a0\u00bb][vc_single_image image=\u00a0\u00bb5074&Prime; img_size=\u00a0\u00bbfull\u00a0\u00bb alignment=\u00a0\u00bbcenter\u00a0\u00bb onclick=\u00a0\u00bbcustom_link\u00a0\u00bb link=\u00a0\u00bb\/fr\/solutions-demballage\/thermoformeuses\/\u00a0\u00bb][vc_custom_heading text=\u00a0\u00bbTHERMOFORMEUSES\u00a0\u00bb font_container=\u00a0\u00bbtag:h2|font_size:14|text_align:center|line_height:1&Prime; use_theme_fonts=\u00a0\u00bbyes\u00a0\u00bb][vc_column_text]<\/p>\n<p style=\"text-align: center;\"><span style=\"color: #d20037;\"><a style=\"color: #d20037;\" href=\"\/fr\/solutions-demballage\/thermoformeuses\/\">Custom Made<\/a><\/span><\/p>\n<p>[\/vc_column_text][\/vc_column_inner][vc_column_inner width=\u00a0\u00bb1\/4&Prime; background_color=\u00a0\u00bb#ffffff\u00a0\u00bb el_class=\u00a0\u00bbkolomOver\u00a0\u00bb][vc_single_image image=\u00a0\u00bb4710&Prime; img_size=\u00a0\u00bbfull\u00a0\u00bb alignment=\u00a0\u00bbcenter\u00a0\u00bb onclick=\u00a0\u00bbcustom_link\u00a0\u00bb link=\u00a0\u00bb\/fr\/solutions-demballage\/ligne-de-conditionnement-automatique\/\u00a0\u00bb][vc_custom_heading text=\u00a0\u00bbLIGNE DE CONDITIONNEMENT AUTOMATIQUE\u00a0\u00bb font_container=\u00a0\u00bbtag:h2|font_size:14|text_align:center|line_height:1&Prime; use_theme_fonts=\u00a0\u00bbyes\u00a0\u00bb link=\u00a0\u00bb|||\u00a0\u00bb][vc_column_text]<\/p>\n<p style=\"text-align: center;\"><span style=\"color: #d20037;\"><a style=\"color: #d20037;\" href=\"\/fr\/solutions-demballage\/ligne-de-conditionnement-automatique\/\">A5000<\/a><\/span><\/p>\n<p>[\/vc_column_text][\/vc_column_inner][vc_column_inner width=\u00a0\u00bb1\/4&Prime;][\/vc_column_inner][\/vc_row_inner][\/vc_column][\/vc_row][vc_row type=\u00a0\u00bbfull_width_background\u00a0\u00bb class=\u00a0\u00bbkolomOver\u00a0\u00bb][vc_column width=\u00a0\u00bb1\/3&Prime; el_class=\u00a0\u00bbkolomOver\u00a0\u00bb][services_medium title=\u00a0\u00bbINDUSTRIE DE LA VIANDE\u00a0\u00bb style=\u00a0\u00bbstyle_3&Prime; icon=\u00a0\u00bbsteadysets-icon-bones\u00a0\u00bb icon_color=\u00a0\u00bb#d20037&Prime; border_color=\u00a0\u00bb#d20037&Prime; dynamic_content_link=\u00a0\u00bb\/fr\/les-marches-de-henkovac\/la-transformation-de-la-viande\/\u00a0\u00bb]Des emballages de haute qualit\u00e9 pour am\u00e9liorer le processus d\u2019emballage de vos clients.[\/services_medium][\/vc_column][vc_column width=\u00a0\u00bb1\/3&Prime; el_class=\u00a0\u00bbkolomOver\u00a0\u00bb][services_medium title=\u00a0\u00bbTRANSFORMATION ALIMENTAIRE\u00a0\u00bb style=\u00a0\u00bbstyle_3&Prime; icon=\u00a0\u00bblinecon-icon-food\u00a0\u00bb icon_color=\u00a0\u00bb#d20037&Prime; border_color=\u00a0\u00bb#d20037&Prime; dynamic_content_link=\u00a0\u00bb\/fr\/les-marches-de-henkovac\/industrie-de-la-transformation-alimentaire\/\u00a0\u00bb]Optimisation et flexibilit\u00e9 dans tous les types de transformation alimentaire.[\/services_medium][\/vc_column][vc_column width=\u00a0\u00bb1\/3&Prime; el_class=\u00a0\u00bbkolomOver\u00a0\u00bb][services_medium title=\u00a0\u00bbINDUSTRIE NON ALIMENTAIRE\u00a0\u00bb style=\u00a0\u00bbstyle_3&Prime; icon=\u00a0\u00bbsteadysets-icon-lab\u00a0\u00bb icon_color=\u00a0\u00bb#d20037&Prime; border_color=\u00a0\u00bb#d20037&Prime; dynamic_content_link=\u00a0\u00bb\/fr\/les-marches-de-henkovac\/industrie-non-alimentaire\/\u00a0\u00bb]Protection optimale contre la salet\u00e9, la poussi\u00e8re et l&rsquo;humidit\u00e9.[\/services_medium][\/vc_column][\/vc_row][vc_row type=\u00a0\u00bbfull_width_content\u00a0\u00bb][vc_column background_color=\u00a0\u00bb#75001f\u00a0\u00bb][vc_empty_space][vc_custom_heading text=\u00a0\u00bbCAPTURE QUALITY\u00a0\u00bb font_container=\u00a0\u00bbtag:h2|font_size:35|text_align:center|color:%23ffffff|line_height:1.25&Prime; use_theme_fonts=\u00a0\u00bbyes\u00a0\u00bb][vc_empty_space][\/vc_column][\/vc_row]<\/p>\n","protected":false},"excerpt":{"rendered":"<p>[vc_row type=\u00a0\u00bbfull_width_content\u00a0\u00bb bg_image=\u00a0\u00bb2610&Prime; top_padding=\u00a0\u00bb0&Prime;][vc_column width=\u00a0\u00bb1\/2&Prime; background_image=\u00a0\u00bb4069&Prime;][vc_column_text] [\/vc_column_text][\/vc_column][vc_column width=\u00a0\u00bb1\/2&Prime; column_padding=\u00a0\u00bb4%\u00a0\u00bb background_color=\u00a0\u00bb#f2f2f2&Prime; css=\u00a0\u00bb.vc_custom_1570452007389{background-color: #f8f8f8 !important;}\u00a0\u00bb][vc_empty_space height=\u00a0\u00bb100&Prime;][vc_custom_heading text=\u00a0\u00bbL&#8217;emballage sous vide dans l&rsquo;industrie non alimentaire\u00a0\u00bb font_container=\u00a0\u00bbtag:h1|font_size:48px|text_align:left|color:%23444444|line_height:56px\u00a0\u00bb google_fonts=\u00a0\u00bbfont_family:Open%20Sans%3A300%2C300italic%2Cregular%2Citalic%2C600%2C600italic%2C700%2C700italic%2C800%2C800italic|font_style:700%20bold%20regular%3A700%3Anormal\u00a0\u00bb][vc_custom_heading text=\u00a0\u00bbBiens de consommation et biens industriels\u00a0\u00bb font_container=\u00a0\u00bbtag:h2|font_size:34px|text_align:left|color:%23444444|line_height:44px\u00a0\u00bb google_fonts=\u00a0\u00bbfont_family:Raleway%3A100%2C200%2C300%2Cregular%2C500%2C600%2C700%2C800%2C900|font_style:300%20light%20regular%3A300%3Anormal\u00a0\u00bb][vc_empty_space][vc_column_text]Dans l&rsquo;industrie non alimentaire, les machines d&#8217;emballage sous vide sont souvent utilis\u00e9es pour des applications sp\u00e9ciales et des situations particuli\u00e8res. Il peut s&rsquo;agir d&#8217;emballages hygi\u00e9niques [&hellip;]<\/p>\n","protected":false},"author":6,"featured_media":3902,"parent":8478,"menu_order":0,"comment_status":"closed","ping_status":"closed","template":"","meta":{"_monsterinsights_skip_tracking":false,"_monsterinsights_sitenote_active":false,"_monsterinsights_sitenote_note":"","_monsterinsights_sitenote_category":0,"footnotes":""},"class_list":["post-8535","page","type-page","status-publish","has-post-thumbnail","hentry"],"yoast_head":"<!-- This site is optimized with the Yoast SEO plugin v22.7 - https:\/\/yoast.com\/wordpress\/plugins\/seo\/ -->\n<title>Industrie non alimentaire | Turbovac - 1st choice for professionals<\/title>\n<meta name=\"description\" content=\"Les emballages sous vide dans l&#039;industrie non alimentaire sont utilis\u00e9s pour prot\u00e9ger les biens de consommation et les biens industriels\" \/>\n<meta name=\"robots\" content=\"index, follow, max-snippet:-1, max-image-preview:large, max-video-preview:-1\" \/>\n<link rel=\"canonical\" href=\"https:\/\/turbovac.nl\/fr\/les-marches-de-turbovac\/industrie-non-alimentaire\/\" \/>\n<meta property=\"og:locale\" content=\"fr_FR\" \/>\n<meta property=\"og:type\" content=\"article\" \/>\n<meta property=\"og:title\" content=\"Industrie non alimentaire | Turbovac - 1st choice for professionals\" \/>\n<meta property=\"og:description\" content=\"Les emballages sous vide dans l&#039;industrie non alimentaire sont utilis\u00e9s pour prot\u00e9ger les biens de consommation et les biens industriels\" \/>\n<meta property=\"og:url\" content=\"https:\/\/turbovac.nl\/fr\/les-marches-de-turbovac\/industrie-non-alimentaire\/\" \/>\n<meta property=\"og:site_name\" content=\"TURBOVAC\" \/>\n<meta property=\"article:modified_time\" content=\"2020-03-31T07:42:56+00:00\" \/>\n<meta property=\"og:image\" content=\"https:\/\/turbovac.nl\/wp-content\/uploads\/2019\/10\/TT-zoom3940-1.jpg\" \/>\n\t<meta property=\"og:image:width\" content=\"1000\" \/>\n\t<meta property=\"og:image:height\" content=\"1064\" \/>\n\t<meta property=\"og:image:type\" content=\"image\/jpeg\" \/>\n<meta name=\"twitter:card\" content=\"summary_large_image\" \/>\n<meta name=\"twitter:label1\" content=\"Dur\u00e9e de lecture estim\u00e9e\" \/>\n\t<meta name=\"twitter:data1\" content=\"6 minutes\" \/>\n<script type=\"application\/ld+json\" class=\"yoast-schema-graph\">{\"@context\":\"https:\/\/schema.org\",\"@graph\":[{\"@type\":\"WebPage\",\"@id\":\"https:\/\/turbovac.nl\/fr\/les-marches-de-turbovac\/industrie-non-alimentaire\/\",\"url\":\"https:\/\/turbovac.nl\/fr\/les-marches-de-turbovac\/industrie-non-alimentaire\/\",\"name\":\"Industrie non alimentaire | Turbovac - 1st choice for professionals\",\"isPartOf\":{\"@id\":\"https:\/\/turbovac.nl\/#website\"},\"primaryImageOfPage\":{\"@id\":\"https:\/\/turbovac.nl\/fr\/les-marches-de-turbovac\/industrie-non-alimentaire\/#primaryimage\"},\"image\":{\"@id\":\"https:\/\/turbovac.nl\/fr\/les-marches-de-turbovac\/industrie-non-alimentaire\/#primaryimage\"},\"thumbnailUrl\":\"https:\/\/turbovac.nl\/wp-content\/uploads\/2019\/10\/TT-zoom3940-1.jpg\",\"datePublished\":\"2019-10-24T08:06:23+00:00\",\"dateModified\":\"2020-03-31T07:42:56+00:00\",\"description\":\"Les emballages sous vide dans l'industrie non alimentaire sont utilis\u00e9s pour prot\u00e9ger les biens de consommation et les biens industriels\",\"breadcrumb\":{\"@id\":\"https:\/\/turbovac.nl\/fr\/les-marches-de-turbovac\/industrie-non-alimentaire\/#breadcrumb\"},\"inLanguage\":\"fr-FR\",\"potentialAction\":[{\"@type\":\"ReadAction\",\"target\":[\"https:\/\/turbovac.nl\/fr\/les-marches-de-turbovac\/industrie-non-alimentaire\/\"]}]},{\"@type\":\"ImageObject\",\"inLanguage\":\"fr-FR\",\"@id\":\"https:\/\/turbovac.nl\/fr\/les-marches-de-turbovac\/industrie-non-alimentaire\/#primaryimage\",\"url\":\"https:\/\/turbovac.nl\/wp-content\/uploads\/2019\/10\/TT-zoom3940-1.jpg\",\"contentUrl\":\"https:\/\/turbovac.nl\/wp-content\/uploads\/2019\/10\/TT-zoom3940-1.jpg\",\"width\":1000,\"height\":1064,\"caption\":\"Tabletop detail Gastronomy\"},{\"@type\":\"BreadcrumbList\",\"@id\":\"https:\/\/turbovac.nl\/fr\/les-marches-de-turbovac\/industrie-non-alimentaire\/#breadcrumb\",\"itemListElement\":[{\"@type\":\"ListItem\",\"position\":1,\"name\":\"Home\",\"item\":\"https:\/\/turbovac.nl\/fr\/\"},{\"@type\":\"ListItem\",\"position\":2,\"name\":\"Les march\u00e9s\",\"item\":\"https:\/\/turbovac.nl\/fr\/les-marches-de-turbovac\/\"},{\"@type\":\"ListItem\",\"position\":3,\"name\":\"Industrie non alimentaire\"}]},{\"@type\":\"WebSite\",\"@id\":\"https:\/\/turbovac.nl\/#website\",\"url\":\"https:\/\/turbovac.nl\/\",\"name\":\"TURBOVAC\",\"description\":\"Vacuum Packaging Machines\",\"potentialAction\":[{\"@type\":\"SearchAction\",\"target\":{\"@type\":\"EntryPoint\",\"urlTemplate\":\"https:\/\/turbovac.nl\/?s={search_term_string}\"},\"query-input\":\"required name=search_term_string\"}],\"inLanguage\":\"fr-FR\"}]}<\/script>\n<!-- \/ Yoast SEO plugin. -->","yoast_head_json":{"title":"Industrie non alimentaire | Turbovac - 1st choice for professionals","description":"Les emballages sous vide dans l'industrie non alimentaire sont utilis\u00e9s pour prot\u00e9ger les biens de consommation et les biens industriels","robots":{"index":"index","follow":"follow","max-snippet":"max-snippet:-1","max-image-preview":"max-image-preview:large","max-video-preview":"max-video-preview:-1"},"canonical":"https:\/\/turbovac.nl\/fr\/les-marches-de-turbovac\/industrie-non-alimentaire\/","og_locale":"fr_FR","og_type":"article","og_title":"Industrie non alimentaire | Turbovac - 1st choice for professionals","og_description":"Les emballages sous vide dans l'industrie non alimentaire sont utilis\u00e9s pour prot\u00e9ger les biens de consommation et les biens industriels","og_url":"https:\/\/turbovac.nl\/fr\/les-marches-de-turbovac\/industrie-non-alimentaire\/","og_site_name":"TURBOVAC","article_modified_time":"2020-03-31T07:42:56+00:00","og_image":[{"width":1000,"height":1064,"url":"https:\/\/turbovac.nl\/wp-content\/uploads\/2019\/10\/TT-zoom3940-1.jpg","type":"image\/jpeg"}],"twitter_card":"summary_large_image","twitter_misc":{"Dur\u00e9e de lecture estim\u00e9e":"6 minutes"},"schema":{"@context":"https:\/\/schema.org","@graph":[{"@type":"WebPage","@id":"https:\/\/turbovac.nl\/fr\/les-marches-de-turbovac\/industrie-non-alimentaire\/","url":"https:\/\/turbovac.nl\/fr\/les-marches-de-turbovac\/industrie-non-alimentaire\/","name":"Industrie non alimentaire | Turbovac - 1st choice for professionals","isPartOf":{"@id":"https:\/\/turbovac.nl\/#website"},"primaryImageOfPage":{"@id":"https:\/\/turbovac.nl\/fr\/les-marches-de-turbovac\/industrie-non-alimentaire\/#primaryimage"},"image":{"@id":"https:\/\/turbovac.nl\/fr\/les-marches-de-turbovac\/industrie-non-alimentaire\/#primaryimage"},"thumbnailUrl":"https:\/\/turbovac.nl\/wp-content\/uploads\/2019\/10\/TT-zoom3940-1.jpg","datePublished":"2019-10-24T08:06:23+00:00","dateModified":"2020-03-31T07:42:56+00:00","description":"Les emballages sous vide dans l'industrie non alimentaire sont utilis\u00e9s pour prot\u00e9ger les biens de consommation et les biens industriels","breadcrumb":{"@id":"https:\/\/turbovac.nl\/fr\/les-marches-de-turbovac\/industrie-non-alimentaire\/#breadcrumb"},"inLanguage":"fr-FR","potentialAction":[{"@type":"ReadAction","target":["https:\/\/turbovac.nl\/fr\/les-marches-de-turbovac\/industrie-non-alimentaire\/"]}]},{"@type":"ImageObject","inLanguage":"fr-FR","@id":"https:\/\/turbovac.nl\/fr\/les-marches-de-turbovac\/industrie-non-alimentaire\/#primaryimage","url":"https:\/\/turbovac.nl\/wp-content\/uploads\/2019\/10\/TT-zoom3940-1.jpg","contentUrl":"https:\/\/turbovac.nl\/wp-content\/uploads\/2019\/10\/TT-zoom3940-1.jpg","width":1000,"height":1064,"caption":"Tabletop detail Gastronomy"},{"@type":"BreadcrumbList","@id":"https:\/\/turbovac.nl\/fr\/les-marches-de-turbovac\/industrie-non-alimentaire\/#breadcrumb","itemListElement":[{"@type":"ListItem","position":1,"name":"Home","item":"https:\/\/turbovac.nl\/fr\/"},{"@type":"ListItem","position":2,"name":"Les march\u00e9s","item":"https:\/\/turbovac.nl\/fr\/les-marches-de-turbovac\/"},{"@type":"ListItem","position":3,"name":"Industrie non alimentaire"}]},{"@type":"WebSite","@id":"https:\/\/turbovac.nl\/#website","url":"https:\/\/turbovac.nl\/","name":"TURBOVAC","description":"Vacuum Packaging Machines","potentialAction":[{"@type":"SearchAction","target":{"@type":"EntryPoint","urlTemplate":"https:\/\/turbovac.nl\/?s={search_term_string}"},"query-input":"required name=search_term_string"}],"inLanguage":"fr-FR"}]}},"_links":{"self":[{"href":"https:\/\/turbovac.nl\/fr\/wp-json\/wp\/v2\/pages\/8535","targetHints":{"allow":["GET"]}}],"collection":[{"href":"https:\/\/turbovac.nl\/fr\/wp-json\/wp\/v2\/pages"}],"about":[{"href":"https:\/\/turbovac.nl\/fr\/wp-json\/wp\/v2\/types\/page"}],"author":[{"embeddable":true,"href":"https:\/\/turbovac.nl\/fr\/wp-json\/wp\/v2\/users\/6"}],"replies":[{"embeddable":true,"href":"https:\/\/turbovac.nl\/fr\/wp-json\/wp\/v2\/comments?post=8535"}],"version-history":[{"count":0,"href":"https:\/\/turbovac.nl\/fr\/wp-json\/wp\/v2\/pages\/8535\/revisions"}],"up":[{"embeddable":true,"href":"https:\/\/turbovac.nl\/fr\/wp-json\/wp\/v2\/pages\/8478"}],"wp:featuredmedia":[{"embeddable":true,"href":"https:\/\/turbovac.nl\/fr\/wp-json\/wp\/v2\/media\/3902"}],"wp:attachment":[{"href":"https:\/\/turbovac.nl\/fr\/wp-json\/wp\/v2\/media?parent=8535"}],"curies":[{"name":"wp","href":"https:\/\/api.w.org\/{rel}","templated":true}]}}