{"id":8589,"date":"2019-06-04T15:19:16","date_gmt":"2019-06-04T14:19:16","guid":{"rendered":"https:\/\/turbovac.nl\/machines-a-vide\/tabletop-range\/"},"modified":"2020-03-31T08:50:02","modified_gmt":"2020-03-31T07:50:02","slug":"gamme-modeles-de-table","status":"publish","type":"page","link":"https:\/\/turbovac.nl\/fr\/machines-a-vide\/gamme-modeles-de-table\/","title":{"rendered":"Gamme mod\u00e8les de table"},"content":{"rendered":"<p>[vc_row type=\u00a0\u00bbfull_width_background\u00a0\u00bb bg_color=\u00a0\u00bb#f9f9f9&Prime;][vc_column][vc_row_inner][vc_column_inner width=\u00a0\u00bb1\/6&Prime;][\/vc_column_inner][vc_column_inner width=\u00a0\u00bb2\/3&Prime;][vc_custom_heading text=\u00a0\u00bbMod\u00e8les d\u2019emballage de base\u00a0\u00bb font_container=\u00a0\u00bbtag:h2|font_size:16|text_align:center|color:%236b6b6b|line_height:1.2&Prime; use_theme_fonts=\u00a0\u00bbyes\u00a0\u00bb][vc_empty_space height=\u00a0\u00bb20&Prime;][vc_custom_heading text=\u00a0\u00bbGAMME DE MOD\u00c8LES DE TABLE TURBOVAC\u00a0\u00bb font_container=\u00a0\u00bbtag:h1|font_size:40|text_align:center|color:%23494949&Prime; use_theme_fonts=\u00a0\u00bbyes\u00a0\u00bb][vc_empty_space height=\u00a0\u00bb20&Prime;][\/vc_column_inner][vc_column_inner width=\u00a0\u00bb1\/6&Prime;][\/vc_column_inner][\/vc_row_inner][vc_column_text]<\/p>\n<p style=\"text-align: center;\">Les professionnels de 80 pays du monde entier choisissent Turbovac comme leur source num\u00e9ro 1 pour les mod\u00e8les de table des machines d&#8217;emballage sous vide. Turbovac propose une gamme compl\u00e8te de produits qui r\u00e9pond aux besoins d&#8217;emballage sous vide des petites et moyennes entreprises de transformation et de pr\u00e9paration des aliments dans de nombreuses industries.<\/p>\n<p>[\/vc_column_text][vc_empty_space height=\u00a0\u00bb35px\u00a0\u00bb][vc_row_inner el_class=\u00a0\u00bbkolomOver\u00a0\u00bb][vc_column_inner width=\u00a0\u00bb1\/5&Prime; background_color=\u00a0\u00bb#ffffff\u00a0\u00bb el_class=\u00a0\u00bbkolomOver\u00a0\u00bb][vc_single_image image=\u00a0\u00bb7420&Prime; img_size=\u00a0\u00bbfull\u00a0\u00bb alignment=\u00a0\u00bbcenter\u00a0\u00bb onclick=\u00a0\u00bbcustom_link\u00a0\u00bb link=\u00a0\u00bb\/fr\/machines-a-vide\/gamme-modeles-de-table\/machines-de-table-s20\/\u00a0\u00bb][vc_custom_heading text=\u00a0\u00bbMACHINES<br \/>\nDE TABLE S20&Prime; font_container=\u00a0\u00bbtag:h2|font_size:24|text_align:center|line_height:1&Prime; use_theme_fonts=\u00a0\u00bbyes\u00a0\u00bb link=\u00a0\u00bb|||\u00a0\u00bb][vc_column_text]<\/p>\n<p style=\"text-align: center;\">longueur de<br \/>\nsoudure 270 mm<\/p>\n<p>[\/vc_column_text][\/vc_column_inner][vc_column_inner width=\u00a0\u00bb1\/5&Prime; el_class=\u00a0\u00bbkolomOver\u00a0\u00bb][vc_single_image image=\u00a0\u00bb7425&Prime; img_size=\u00a0\u00bbfull\u00a0\u00bb alignment=\u00a0\u00bbcenter\u00a0\u00bb onclick=\u00a0\u00bbcustom_link\u00a0\u00bb link=\u00a0\u00bb\/fr\/machines-a-vide\/gamme-modeles-de-table\/machines-de-table-s30\/\u00a0\u00bb][vc_custom_heading text=\u00a0\u00bbMACHINES<br \/>\nDE TABLE S30&Prime; font_container=\u00a0\u00bbtag:h2|font_size:24|text_align:center|line_height:1&Prime; use_theme_fonts=\u00a0\u00bbyes\u00a0\u00bb][vc_column_text]<\/p>\n<p style=\"text-align: center;\">longueur de<br \/>\nsoudure 320 mm<\/p>\n<p>[\/vc_column_text][\/vc_column_inner][vc_column_inner width=\u00a0\u00bb1\/5&Prime; el_class=\u00a0\u00bbkolomOver\u00a0\u00bb][vc_single_image image=\u00a0\u00bb7430&Prime; img_size=\u00a0\u00bbfull\u00a0\u00bb alignment=\u00a0\u00bbcenter\u00a0\u00bb onclick=\u00a0\u00bbcustom_link\u00a0\u00bb link=\u00a0\u00bb\/fr\/machines-a-vide\/gamme-modeles-de-table\/machines-de-table-s40\/\u00a0\u00bb][vc_custom_heading text=\u00a0\u00bbMACHINES<br \/>\nDE TABLE S40&Prime; font_container=\u00a0\u00bbtag:h2|font_size:24|text_align:center|line_height:1&Prime; use_theme_fonts=\u00a0\u00bbyes\u00a0\u00bb][vc_column_text]<\/p>\n<p style=\"text-align: center;\">longueur de<br \/>\nsoudure 420 mm<\/p>\n<p>[\/vc_column_text][\/vc_column_inner][vc_column_inner width=\u00a0\u00bb1\/5&Prime;][vc_single_image image=\u00a0\u00bb7435&Prime; img_size=\u00a0\u00bbfull\u00a0\u00bb alignment=\u00a0\u00bbcenter\u00a0\u00bb onclick=\u00a0\u00bbcustom_link\u00a0\u00bb link=\u00a0\u00bb\/fr\/machines-a-vide\/gamme-modeles-de-table\/machines-de-table-s50\/\u00a0\u00bb][vc_custom_heading text=\u00a0\u00bbMACHINES<br \/>\nDE TABLE S50&Prime; font_container=\u00a0\u00bbtag:h2|font_size:24|text_align:center|line_height:1&Prime; use_theme_fonts=\u00a0\u00bbyes\u00a0\u00bb][vc_column_text]<\/p>\n<p style=\"text-align: center;\">longueur de<br \/>\nsoudure 270 mm<\/p>\n<p>[\/vc_column_text][\/vc_column_inner][vc_column_inner width=\u00a0\u00bb1\/5&Prime;][vc_single_image image=\u00a0\u00bb7440&Prime; img_size=\u00a0\u00bbfull\u00a0\u00bb alignment=\u00a0\u00bbcenter\u00a0\u00bb onclick=\u00a0\u00bbcustom_link\u00a0\u00bb link=\u00a0\u00bb\/fr\/machines-a-vide\/gamme-modeles-de-table\/machines-de-table-s60\/\u00a0\u00bb][vc_custom_heading text=\u00a0\u00bbMACHINES<br \/>\nDE TABLE S60&Prime; font_container=\u00a0\u00bbtag:h2|font_size:24|text_align:center|line_height:1&Prime; use_theme_fonts=\u00a0\u00bbyes\u00a0\u00bb][vc_column_text]<\/p>\n<p style=\"text-align: center;\">longueur de<br \/>\nsoudure 420 mm<\/p>\n<p>[\/vc_column_text][\/vc_column_inner][\/vc_row_inner][\/vc_column][\/vc_row][vc_row full_width=\u00a0\u00bb\u00a0\u00bb parallax=\u00a0\u00bb\u00a0\u00bb parallax_image=\u00a0\u00bb\u00a0\u00bb][vc_column width=\u00a0\u00bb1\/2&Prime;][vc_empty_space][vc_custom_heading text=\u00a0\u00bbAvantages des mod\u00e8les de table\u00a0\u00bb font_container=\u00a0\u00bbtag:h4|font_size:18|text_align:left|color:%23a5a5a5&Prime; use_theme_fonts=\u00a0\u00bbyes\u00a0\u00bb][vc_empty_space][vc_custom_heading text=\u00a0\u00bb\u00ab Premier choix \u00bb pour les restaurants, l&rsquo;industrie h\u00f4teli\u00e8re, les vendeurs de produits alimentaires et les traiteurs.\u00a0\u00bb font_container=\u00a0\u00bbtag:h2|font_size:22|text_align:left\u00a0\u00bb google_fonts=\u00a0\u00bbfont_family:Raleway%3A100%2C200%2C300%2Cregular%2C500%2C600%2C700%2C800%2C900|font_style:700%20bold%20regular%3A700%3Anormal\u00a0\u00bb][vc_empty_space height=\u00a0\u00bb15&Prime;][vc_column_text]Nos machines de table pr\u00eates \u00e0 l&#8217;emploi sont dot\u00e9es de la m\u00eame ing\u00e9nierie et construction de qualit\u00e9 que nos machines \u00e0 vide industrielles.[\/vc_column_text][list icon=\u00a0\u00bbsteadysets-icon-star\u00a0\u00bb][list_item title=\u00a0\u00bbDe 1 \u00e0 10 programmes standard\u00a0\u00bb][list_item title=\u00a0\u00bbCapteur \/ H2OFree\u00a0\u00bb][list_item title=\u00a0\u00bbOptions : Soudure coupure et soudure large\u00a0\u00bb][\/list][vc_empty_space][\/vc_column][vc_column width=\u00a0\u00bb1\/2&Prime; css=\u00a0\u00bb.vc_custom_1568117544972{margin-top: -30px !important;}\u00a0\u00bb][vc_single_image image=\u00a0\u00bb8593&Prime; img_size=\u00a0\u00bblarge\u00a0\u00bb alignment=\u00a0\u00bbcenter\u00a0\u00bb][\/vc_column][\/vc_row][vc_row full_width=\u00a0\u00bb\u00a0\u00bb parallax=\u00a0\u00bb\u00a0\u00bb parallax_image=\u00a0\u00bb\u00a0\u00bb][vc_column width=\u00a0\u00bb1\/3&Prime; css=\u00a0\u00bb.vc_custom_1568118419395{border-top-width: 1px !important;border-top-color: #d1d1d1 !important;border-top-style: solid !important;}\u00a0\u00bb][vc_empty_space][vc_custom_heading text=\u00a0\u00bbCertifi\u00e9 CE et ETL\u00a0\u00bb font_container=\u00a0\u00bbtag:h2|font_size:22|text_align:left\u00a0\u00bb use_theme_fonts=\u00a0\u00bbyes\u00a0\u00bb][vc_empty_space height=\u00a0\u00bb15&Prime;][vc_column_text]<\/p>\n<div class=\"col-lg-4\">\n<div class=\"media\">\n<div class=\"media__content\">\n<p class=\"media__text\">Les \u00e9quipements Turbovac sont certifi\u00e9s ETL et conformes aux normes UL, NSF et CE<\/p>\n<\/div>\n<\/div>\n<\/div>\n<div class=\"col-lg-4\">\n<div class=\"media\">\n<div class=\"media__icon\"><\/div>\n<\/div>\n<\/div>\n<p>[\/vc_column_text][\/vc_column][vc_column width=\u00a0\u00bb1\/3&Prime; css=\u00a0\u00bb.vc_custom_1568118428707{border-top-width: 1px !important;border-top-color: #d8d8d8 !important;border-top-style: solid !important;}\u00a0\u00bb][vc_empty_space][vc_custom_heading text=\u00a0\u00bbPompe Busch\u00a0\u00bb font_container=\u00a0\u00bbtag:h2|font_size:22|text_align:left|color:%234c4c4c\u00a0\u00bb use_theme_fonts=\u00a0\u00bbyes\u00a0\u00bb][vc_empty_space height=\u00a0\u00bb15&Prime;][vc_column_text]<\/p>\n<div class=\"col-lg-4\">\n<div class=\"media\">\n<div class=\"media__content\">\n<p class=\"media__text\">Toutes les machines Turbovac sont \u00e9quip\u00e9es d&rsquo;une pompe \u00e0 vide Busch<\/p>\n<\/div>\n<\/div>\n<\/div>\n<p>[\/vc_column_text][\/vc_column][vc_column width=\u00a0\u00bb1\/3&Prime; css=\u00a0\u00bb.vc_custom_1568118438842{border-top-width: 1px !important;border-top-color: #dddddd !important;border-top-style: solid !important;}\u00a0\u00bb][vc_empty_space][vc_custom_heading text=\u00a0\u00bbOptions\u00a0\u00bb font_container=\u00a0\u00bbtag:h2|font_size:22|text_align:left|color:%234c4c4c\u00a0\u00bb use_theme_fonts=\u00a0\u00bbyes\u00a0\u00bb][vc_empty_space height=\u00a0\u00bb15&Prime;][vc_column_text]<\/p>\n<div class=\"col-lg-4\">\n<div class=\"media\">\n<div class=\"media__content\">\n<p class=\"media__text\">Toutes les machines Turbovac sont disponibles avec plusieurs options<\/p>\n<\/div>\n<\/div>\n<\/div>\n<p>[\/vc_column_text][\/vc_column][\/vc_row][vc_row type=\u00a0\u00bbfull_width_background\u00a0\u00bb bg_color=\u00a0\u00bb#b20000&Prime; text_color=\u00a0\u00bblight\u00a0\u00bb top_padding=\u00a0\u00bb35&Prime; bottom_padding=\u00a0\u00bb35&Prime;][vc_column][textbar button_title=\u00a0\u00bbCONTACTEZ NOTRE SP\u00c9CIALISTE\u00a0\u00bb button_link=\u00a0\u00bbhttps:\/\/turbovac.nl\/fr\/service-des-vente\/\u00a0\u00bb icon=\u00a0\u00bbsteadysets-icon-type\u00a0\u00bb]<\/p>\n<p style=\"text-align: left;\">Vous avez des questions sur notre gamme de mod\u00e8les de table ?<\/p>\n<p>[\/textbar][\/vc_column][\/vc_row][vc_row type=\u00a0\u00bbfull_width_content\u00a0\u00bb bg_image=\u00a0\u00bb2610&Prime; bg_color=\u00a0\u00bb#6d6d6d\u00a0\u00bb top_padding=\u00a0\u00bb0&Prime;][vc_column width=\u00a0\u00bb1\/2&Prime; centered_cont=\u00a0\u00bbtrue\u00a0\u00bb background_image=\u00a0\u00bb3457&Prime;][vc_column_text]<br \/>\n[\/vc_column_text][\/vc_column][vc_column width=\u00a0\u00bb1\/2&Prime; column_padding=\u00a0\u00bb4%\u00a0\u00bb css=\u00a0\u00bb.vc_custom_1581958267609{background-color: #333333 !important;}\u00a0\u00bb][vc_empty_space height=\u00a0\u00bb45&Prime;][vc_custom_heading text=\u00a0\u00bb\u00ab\u00a0Notre machine \u00e0 vide de table est parfaite pour conserver les produits frais plus longtemps\u00ab\u00a0\u00a0\u00bb font_container=\u00a0\u00bbtag:h2|font_size:40|text_align:left|color:%23ffffff|line_height:1.2&Prime; google_fonts=\u00a0\u00bbfont_family:Merriweather%3A300%2C300italic%2Cregular%2Citalic%2C700%2C700italic%2C900%2C900italic|font_style:300%20light%20italic%3A300%3Aitalic\u00a0\u00bb][vc_empty_space height=\u00a0\u00bb100&Prime;][\/vc_column][\/vc_row][vc_row type=\u00a0\u00bbfull_width_background\u00a0\u00bb class=\u00a0\u00bbkolomOver\u00a0\u00bb][vc_column width=\u00a0\u00bb1\/3&Prime; el_class=\u00a0\u00bbkolomOver\u00a0\u00bb][services_medium title=\u00a0\u00bbINDUSTRIE DE LA VIANDE\u00a0\u00bb style=\u00a0\u00bbstyle_3&Prime; icon=\u00a0\u00bbsteadysets-icon-bones\u00a0\u00bb icon_color=\u00a0\u00bb#d20037&Prime; border_color=\u00a0\u00bb#d20037&Prime; dynamic_content_link=\u00a0\u00bb\/fr\/les-marches-de-turbovac\/la-transformation-de-la-viande\/\u00a0\u00bb]Des emballages de haute qualit\u00e9 pour am\u00e9liorer le processus d\u2019emballage de vos clients.[\/services_medium][\/vc_column][vc_column width=\u00a0\u00bb1\/3&Prime; el_class=\u00a0\u00bbkolomOver\u00a0\u00bb][services_medium title=\u00a0\u00bbTRANSFORMATION ALIMENTAIRE\u00a0\u00bb style=\u00a0\u00bbstyle_3&Prime; icon=\u00a0\u00bblinecon-icon-food\u00a0\u00bb icon_color=\u00a0\u00bb#d20037&Prime; border_color=\u00a0\u00bb#d20037&Prime; dynamic_content_link=\u00a0\u00bb\/fr\/les-marches-de-turbovac\/industrie-de-la-transformation-alimentaire\/\u00a0\u00bb]Optimisation et flexibilit\u00e9 dans tous les types de transformation alimentaire.[\/services_medium][\/vc_column][vc_column width=\u00a0\u00bb1\/3&Prime; el_class=\u00a0\u00bbkolomOver\u00a0\u00bb][services_medium title=\u00a0\u00bbINDUSTRIE NON ALIMENTAIRE\u00a0\u00bb style=\u00a0\u00bbstyle_3&Prime; icon=\u00a0\u00bbsteadysets-icon-lab\u00a0\u00bb icon_color=\u00a0\u00bb#d20037&Prime; border_color=\u00a0\u00bb#d20037&Prime; dynamic_content_link=\u00a0\u00bb\/fr\/les-marches-de-turbovac\/industrie-non-alimentaire\/\u00a0\u00bb]Protection optimale contre la salet\u00e9, la poussi\u00e8re et l&rsquo;humidit\u00e9.[\/services_medium][\/vc_column][\/vc_row][vc_row type=\u00a0\u00bbfull_width_content\u00a0\u00bb][vc_column background_color=\u00a0\u00bb#75001f\u00a0\u00bb][vc_empty_space][vc_custom_heading text=\u00a0\u00bbCAPTURE QUALITY\u00a0\u00bb font_container=\u00a0\u00bbtag:h2|font_size:35|text_align:center|color:%23ffffff|line_height:1.25&Prime; use_theme_fonts=\u00a0\u00bbyes\u00a0\u00bb][vc_empty_space][\/vc_column][\/vc_row]<\/p>\n","protected":false},"excerpt":{"rendered":"<p>[vc_row type=\u00a0\u00bbfull_width_background\u00a0\u00bb bg_color=\u00a0\u00bb#f9f9f9&Prime;][vc_column][vc_row_inner][vc_column_inner width=\u00a0\u00bb1\/6&Prime;][\/vc_column_inner][vc_column_inner width=\u00a0\u00bb2\/3&Prime;][vc_custom_heading text=\u00a0\u00bbMod\u00e8les d\u2019emballage de base\u00a0\u00bb font_container=\u00a0\u00bbtag:h2|font_size:16|text_align:center|color:%236b6b6b|line_height:1.2&Prime; use_theme_fonts=\u00a0\u00bbyes\u00a0\u00bb][vc_empty_space height=\u00a0\u00bb20&Prime;][vc_custom_heading text=\u00a0\u00bbGAMME DE MOD\u00c8LES DE TABLE TURBOVAC\u00a0\u00bb font_container=\u00a0\u00bbtag:h1|font_size:40|text_align:center|color:%23494949&Prime; use_theme_fonts=\u00a0\u00bbyes\u00a0\u00bb][vc_empty_space height=\u00a0\u00bb20&Prime;][\/vc_column_inner][vc_column_inner width=\u00a0\u00bb1\/6&Prime;][\/vc_column_inner][\/vc_row_inner][vc_column_text] Les professionnels de 80 pays du monde entier choisissent Turbovac comme leur source num\u00e9ro 1 pour les mod\u00e8les de table des machines d&#8217;emballage sous vide. Turbovac propose une gamme compl\u00e8te de produits qui [&hellip;]<\/p>\n","protected":false},"author":6,"featured_media":3902,"parent":8565,"menu_order":0,"comment_status":"open","ping_status":"closed","template":"","meta":{"_monsterinsights_skip_tracking":false,"_monsterinsights_sitenote_active":false,"_monsterinsights_sitenote_note":"","_monsterinsights_sitenote_category":0,"footnotes":""},"class_list":["post-8589","page","type-page","status-publish","has-post-thumbnail","hentry"],"yoast_head":"<!-- This site is optimized with the Yoast SEO plugin v22.7 - https:\/\/yoast.com\/wordpress\/plugins\/seo\/ -->\n<title>Gamme de mod\u00e8les de table | Turbovac - first choice for professionals<\/title>\n<meta name=\"description\" content=\"Plug and play Machines \u00e0 vide de table. Premier choix pour les restaurants, l&#039;industrie h\u00f4teli\u00e8re, les vendeurs de produits alimentaires et les traiteurs.\" \/>\n<meta name=\"robots\" content=\"index, follow, max-snippet:-1, max-image-preview:large, max-video-preview:-1\" \/>\n<link rel=\"canonical\" href=\"https:\/\/turbovac.nl\/fr\/machines-a-vide\/gamme-modeles-de-table\/\" \/>\n<meta property=\"og:locale\" content=\"fr_FR\" \/>\n<meta property=\"og:type\" content=\"article\" \/>\n<meta property=\"og:title\" content=\"Gamme de mod\u00e8les de table | Turbovac - first choice for professionals\" \/>\n<meta property=\"og:description\" content=\"Plug and play Machines \u00e0 vide de table. Premier choix pour les restaurants, l&#039;industrie h\u00f4teli\u00e8re, les vendeurs de produits alimentaires et les traiteurs.\" \/>\n<meta property=\"og:url\" content=\"https:\/\/turbovac.nl\/fr\/machines-a-vide\/gamme-modeles-de-table\/\" \/>\n<meta property=\"og:site_name\" content=\"TURBOVAC\" \/>\n<meta property=\"article:modified_time\" content=\"2020-03-31T07:50:02+00:00\" \/>\n<meta property=\"og:image\" content=\"https:\/\/turbovac.nl\/wp-content\/uploads\/2019\/10\/TT-zoom3940-1.jpg\" \/>\n\t<meta property=\"og:image:width\" content=\"1000\" \/>\n\t<meta property=\"og:image:height\" content=\"1064\" \/>\n\t<meta property=\"og:image:type\" content=\"image\/jpeg\" \/>\n<meta name=\"twitter:card\" content=\"summary_large_image\" \/>\n<meta name=\"twitter:label1\" content=\"Dur\u00e9e de lecture estim\u00e9e\" \/>\n\t<meta name=\"twitter:data1\" content=\"6 minutes\" \/>\n<script type=\"application\/ld+json\" class=\"yoast-schema-graph\">{\"@context\":\"https:\/\/schema.org\",\"@graph\":[{\"@type\":\"WebPage\",\"@id\":\"https:\/\/turbovac.nl\/fr\/machines-a-vide\/gamme-modeles-de-table\/\",\"url\":\"https:\/\/turbovac.nl\/fr\/machines-a-vide\/gamme-modeles-de-table\/\",\"name\":\"Gamme de mod\u00e8les de table | Turbovac - first choice for professionals\",\"isPartOf\":{\"@id\":\"https:\/\/turbovac.nl\/#website\"},\"primaryImageOfPage\":{\"@id\":\"https:\/\/turbovac.nl\/fr\/machines-a-vide\/gamme-modeles-de-table\/#primaryimage\"},\"image\":{\"@id\":\"https:\/\/turbovac.nl\/fr\/machines-a-vide\/gamme-modeles-de-table\/#primaryimage\"},\"thumbnailUrl\":\"https:\/\/turbovac.nl\/wp-content\/uploads\/2019\/10\/TT-zoom3940-1.jpg\",\"datePublished\":\"2019-06-04T14:19:16+00:00\",\"dateModified\":\"2020-03-31T07:50:02+00:00\",\"description\":\"Plug and play Machines \u00e0 vide de table. Premier choix pour les restaurants, l'industrie h\u00f4teli\u00e8re, les vendeurs de produits alimentaires et les traiteurs.\",\"breadcrumb\":{\"@id\":\"https:\/\/turbovac.nl\/fr\/machines-a-vide\/gamme-modeles-de-table\/#breadcrumb\"},\"inLanguage\":\"fr-FR\",\"potentialAction\":[{\"@type\":\"ReadAction\",\"target\":[\"https:\/\/turbovac.nl\/fr\/machines-a-vide\/gamme-modeles-de-table\/\"]}]},{\"@type\":\"ImageObject\",\"inLanguage\":\"fr-FR\",\"@id\":\"https:\/\/turbovac.nl\/fr\/machines-a-vide\/gamme-modeles-de-table\/#primaryimage\",\"url\":\"https:\/\/turbovac.nl\/wp-content\/uploads\/2019\/10\/TT-zoom3940-1.jpg\",\"contentUrl\":\"https:\/\/turbovac.nl\/wp-content\/uploads\/2019\/10\/TT-zoom3940-1.jpg\",\"width\":1000,\"height\":1064,\"caption\":\"Tabletop detail Gastronomy\"},{\"@type\":\"BreadcrumbList\",\"@id\":\"https:\/\/turbovac.nl\/fr\/machines-a-vide\/gamme-modeles-de-table\/#breadcrumb\",\"itemListElement\":[{\"@type\":\"ListItem\",\"position\":1,\"name\":\"Home\",\"item\":\"https:\/\/turbovac.nl\/fr\/\"},{\"@type\":\"ListItem\",\"position\":2,\"name\":\"Machines \u00e0 vide\",\"item\":\"https:\/\/turbovac.nl\/fr\/machines-a-vide\/\"},{\"@type\":\"ListItem\",\"position\":3,\"name\":\"Gamme mod\u00e8les de table\"}]},{\"@type\":\"WebSite\",\"@id\":\"https:\/\/turbovac.nl\/#website\",\"url\":\"https:\/\/turbovac.nl\/\",\"name\":\"TURBOVAC\",\"description\":\"Vacuum Packaging Machines\",\"potentialAction\":[{\"@type\":\"SearchAction\",\"target\":{\"@type\":\"EntryPoint\",\"urlTemplate\":\"https:\/\/turbovac.nl\/?s={search_term_string}\"},\"query-input\":\"required name=search_term_string\"}],\"inLanguage\":\"fr-FR\"}]}<\/script>\n<!-- \/ Yoast SEO plugin. -->","yoast_head_json":{"title":"Gamme de mod\u00e8les de table | Turbovac - first choice for professionals","description":"Plug and play Machines \u00e0 vide de table. Premier choix pour les restaurants, l'industrie h\u00f4teli\u00e8re, les vendeurs de produits alimentaires et les traiteurs.","robots":{"index":"index","follow":"follow","max-snippet":"max-snippet:-1","max-image-preview":"max-image-preview:large","max-video-preview":"max-video-preview:-1"},"canonical":"https:\/\/turbovac.nl\/fr\/machines-a-vide\/gamme-modeles-de-table\/","og_locale":"fr_FR","og_type":"article","og_title":"Gamme de mod\u00e8les de table | Turbovac - first choice for professionals","og_description":"Plug and play Machines \u00e0 vide de table. Premier choix pour les restaurants, l'industrie h\u00f4teli\u00e8re, les vendeurs de produits alimentaires et les traiteurs.","og_url":"https:\/\/turbovac.nl\/fr\/machines-a-vide\/gamme-modeles-de-table\/","og_site_name":"TURBOVAC","article_modified_time":"2020-03-31T07:50:02+00:00","og_image":[{"width":1000,"height":1064,"url":"https:\/\/turbovac.nl\/wp-content\/uploads\/2019\/10\/TT-zoom3940-1.jpg","type":"image\/jpeg"}],"twitter_card":"summary_large_image","twitter_misc":{"Dur\u00e9e de lecture estim\u00e9e":"6 minutes"},"schema":{"@context":"https:\/\/schema.org","@graph":[{"@type":"WebPage","@id":"https:\/\/turbovac.nl\/fr\/machines-a-vide\/gamme-modeles-de-table\/","url":"https:\/\/turbovac.nl\/fr\/machines-a-vide\/gamme-modeles-de-table\/","name":"Gamme de mod\u00e8les de table | Turbovac - first choice for professionals","isPartOf":{"@id":"https:\/\/turbovac.nl\/#website"},"primaryImageOfPage":{"@id":"https:\/\/turbovac.nl\/fr\/machines-a-vide\/gamme-modeles-de-table\/#primaryimage"},"image":{"@id":"https:\/\/turbovac.nl\/fr\/machines-a-vide\/gamme-modeles-de-table\/#primaryimage"},"thumbnailUrl":"https:\/\/turbovac.nl\/wp-content\/uploads\/2019\/10\/TT-zoom3940-1.jpg","datePublished":"2019-06-04T14:19:16+00:00","dateModified":"2020-03-31T07:50:02+00:00","description":"Plug and play Machines \u00e0 vide de table. Premier choix pour les restaurants, l'industrie h\u00f4teli\u00e8re, les vendeurs de produits alimentaires et les traiteurs.","breadcrumb":{"@id":"https:\/\/turbovac.nl\/fr\/machines-a-vide\/gamme-modeles-de-table\/#breadcrumb"},"inLanguage":"fr-FR","potentialAction":[{"@type":"ReadAction","target":["https:\/\/turbovac.nl\/fr\/machines-a-vide\/gamme-modeles-de-table\/"]}]},{"@type":"ImageObject","inLanguage":"fr-FR","@id":"https:\/\/turbovac.nl\/fr\/machines-a-vide\/gamme-modeles-de-table\/#primaryimage","url":"https:\/\/turbovac.nl\/wp-content\/uploads\/2019\/10\/TT-zoom3940-1.jpg","contentUrl":"https:\/\/turbovac.nl\/wp-content\/uploads\/2019\/10\/TT-zoom3940-1.jpg","width":1000,"height":1064,"caption":"Tabletop detail Gastronomy"},{"@type":"BreadcrumbList","@id":"https:\/\/turbovac.nl\/fr\/machines-a-vide\/gamme-modeles-de-table\/#breadcrumb","itemListElement":[{"@type":"ListItem","position":1,"name":"Home","item":"https:\/\/turbovac.nl\/fr\/"},{"@type":"ListItem","position":2,"name":"Machines \u00e0 vide","item":"https:\/\/turbovac.nl\/fr\/machines-a-vide\/"},{"@type":"ListItem","position":3,"name":"Gamme mod\u00e8les de table"}]},{"@type":"WebSite","@id":"https:\/\/turbovac.nl\/#website","url":"https:\/\/turbovac.nl\/","name":"TURBOVAC","description":"Vacuum Packaging Machines","potentialAction":[{"@type":"SearchAction","target":{"@type":"EntryPoint","urlTemplate":"https:\/\/turbovac.nl\/?s={search_term_string}"},"query-input":"required name=search_term_string"}],"inLanguage":"fr-FR"}]}},"_links":{"self":[{"href":"https:\/\/turbovac.nl\/fr\/wp-json\/wp\/v2\/pages\/8589","targetHints":{"allow":["GET"]}}],"collection":[{"href":"https:\/\/turbovac.nl\/fr\/wp-json\/wp\/v2\/pages"}],"about":[{"href":"https:\/\/turbovac.nl\/fr\/wp-json\/wp\/v2\/types\/page"}],"author":[{"embeddable":true,"href":"https:\/\/turbovac.nl\/fr\/wp-json\/wp\/v2\/users\/6"}],"replies":[{"embeddable":true,"href":"https:\/\/turbovac.nl\/fr\/wp-json\/wp\/v2\/comments?post=8589"}],"version-history":[{"count":0,"href":"https:\/\/turbovac.nl\/fr\/wp-json\/wp\/v2\/pages\/8589\/revisions"}],"up":[{"embeddable":true,"href":"https:\/\/turbovac.nl\/fr\/wp-json\/wp\/v2\/pages\/8565"}],"wp:featuredmedia":[{"embeddable":true,"href":"https:\/\/turbovac.nl\/fr\/wp-json\/wp\/v2\/media\/3902"}],"wp:attachment":[{"href":"https:\/\/turbovac.nl\/fr\/wp-json\/wp\/v2\/media?parent=8589"}],"curies":[{"name":"wp","href":"https:\/\/api.w.org\/{rel}","templated":true}]}}