{"id":8666,"date":"2019-11-14T16:00:17","date_gmt":"2019-11-14T15:00:17","guid":{"rendered":"https:\/\/turbovac.nl\/packaging-solutions\/automatic-packaging-line\/"},"modified":"2020-03-31T09:49:19","modified_gmt":"2020-03-31T08:49:19","slug":"ligne-de-conditionnement-automatique","status":"publish","type":"page","link":"https:\/\/turbovac.nl\/fr\/solutions-demballage\/ligne-de-conditionnement-automatique\/","title":{"rendered":"Ligne de Conditionnement Automatique"},"content":{"rendered":"<p>[vc_row type=\u00a0\u00bbfull_width_background\u00a0\u00bb bg_color=\u00a0\u00bb#f9f9f9&Prime;][vc_column][vc_row_inner][vc_column_inner width=\u00a0\u00bb1\/6&Prime;][\/vc_column_inner][vc_column_inner width=\u00a0\u00bb2\/3&Prime;][vc_custom_heading text=\u00a0\u00bbPour fonctionnement en continu\u00a0\u00bb font_container=\u00a0\u00bbtag:h2|font_size:16|text_align:center|color:%235e5e5e|line_height:1.2&Prime; use_theme_fonts=\u00a0\u00bbyes\u00a0\u00bb][vc_empty_space height=\u00a0\u00bb20&Prime;][vc_custom_heading text=\u00a0\u00bbLIGNE DE CONDITIONNEMENT AUTOMATIQUE\u00a0\u00bb font_container=\u00a0\u00bbtag:h1|font_size:40|text_align:center|color:%23494949&Prime; use_theme_fonts=\u00a0\u00bbyes\u00a0\u00bb][vc_empty_space height=\u00a0\u00bb20&Prime;][\/vc_column_inner][vc_column_inner width=\u00a0\u00bb1\/6&Prime;][\/vc_column_inner][\/vc_row_inner][vc_column_text]<\/p>\n<p style=\"text-align: center;\">Apr\u00e8s le chargement manuel de la ligne d&#8217;emballage automatique, le couvercle se ferme automatiquement et le cycle de mise sous vide d\u00e9marre. Apr\u00e8s le cycle de mise sous vide, le couvercle bascule automatiquement vers l&rsquo;autre plate-forme de travail, tandis que les produits emball\u00e9s sont automatiquement d\u00e9charg\u00e9s sur la bande transporteuse et transport\u00e9s dans la cuve d&rsquo;immersion qui d\u00e9marre automatiquement le cycle d&rsquo;immersion court.<\/p>\n<p style=\"text-align: center;\">Apr\u00e8s l&rsquo;immersion, le produit sera d\u00e9charg\u00e9 sur la table de sortie. Sur la table de sortie, le film en exc\u00e8s peut \u00eatre retir\u00e9 de l&#8217;emballage sous film r\u00e9tractable si un ou deux scellages ont \u00e9t\u00e9 utilis\u00e9s. La soudure 1-2 est fortement recommand\u00e9e lorsque vous utilisez des sacs r\u00e9tractables. Pour les sacs sous vide ordinaires, la cuve d&rsquo;immersion n&rsquo;est pas n\u00e9cessaire.<\/p>\n<p>[\/vc_column_text][vc_empty_space height=\u00a0\u00bb35px\u00a0\u00bb][vc_row_inner el_class=\u00a0\u00bbkolomOver\u00a0\u00bb][vc_column_inner width=\u00a0\u00bb1\/4&Prime;][vc_custom_heading text=\u00a0\u00bbStandard\u00a0\u00bb font_container=\u00a0\u00bbtag:h4|font_size:18|text_align:left|color:%23a5a5a5&Prime; use_theme_fonts=\u00a0\u00bbyes\u00a0\u00bb][vc_empty_space][list icon=\u00a0\u00bbsteadysets-icon-star\u00a0\u00bb][list_item title=\u00a0\u00bbConstruction robuste enti\u00e8rement en acier inoxydable\u00a0\u00bb][list_item title=\u00a0\u00bbContr\u00f4les r\u00e9sistants aux \u00e9claboussures IP65&Prime;][list_item title=\u00a0\u00bbMouvement pneumatique automatique de la chambre \u00e0 vide\u00a0\u00bb][list_item title=\u00a0\u00bbUnit\u00e9 num\u00e9rique de contr\u00f4le du vide \u00e0 10 programmes command\u00e9e par capteur\u00a0\u00bb][list_item title=\u00a0\u00bbPosition de nettoyage sp\u00e9ciale\u00a0\u00bb][list_item title=\u00a0\u00bbBande transporteuse automatiquement contr\u00f4l\u00e9e par le mouvement de la chambre \u00e0 vide et de la cuve d&rsquo;immersion\u00a0\u00bb][list_item title=\u00a0\u00bbLa cuve d&rsquo;immersion est \u00e9quip\u00e9e d&rsquo;un contr\u00f4le automatique du niveau et de la temp\u00e9rature de l&rsquo;eau\u00a0\u00bb][list_item title=\u00a0\u00bbLe support d&rsquo;immersion peut \u00eatre retir\u00e9 pour nettoyer la cuve d&rsquo;immersion\u00a0\u00bb][list_item title=\u00a0\u00bbEntr\u00e9e et sortie \u00e0 gauche ou \u00e0 droite\u00a0\u00bb][\/list][vc_custom_heading text=\u00a0\u00bbOptions\u00a0\u00bb font_container=\u00a0\u00bbtag:h4|font_size:18|text_align:left|color:%23a5a5a5&Prime; use_theme_fonts=\u00a0\u00bbyes\u00a0\u00bb][vc_empty_space][list icon=\u00a0\u00bbsteadysets-icon-star\u00a0\u00bb][list_item title=\u00a0\u00bbSoudure 1-2 pour sacs r\u00e9tractables ou soudure biactive\u00a0\u00bb][list_item title=\u00a0\u00bbAjout de gaz\u00a0\u00bb][list_item title=\u00a0\u00bbRaccordement pour une pompe externe\u00a0\u00bb][list_item title=\u00a0\u00bbPompe externe suppl\u00e9mentaire de 300m3&Prime;][\/list][vc_column_text]\n<div\n\tclass=\"yith-ywraq-add-to-quote add-to-quote-5187\" >\n\t\t<div class=\"yith-ywraq-add-button show\" style=\"display:block\"  data-product_id=\"5187\">\n\t\t\n<a href=\"#\" class=\"add-request-quote-button button\" data-product_id=\"5187\" data-wp_nonce=\"254aa629b5\" >\n\t\t\t\tAjouter \u00e0 la citation\t<\/a>\n\t<\/div>\n\t<div\n\t\tclass=\"yith_ywraq_add_item_product-response-5187 yith_ywraq_add_item_product_message hide hide-when-removed\"\n\t\tstyle=\"display:none\" data-product_id=\"5187\"><\/div>\n\t<div\n\t\tclass=\"yith_ywraq_add_item_response-5187 yith_ywraq_add_item_response_message hide hide-when-removed\"\n\t\tdata-product_id=\"5187\"\n\t\tstyle=\"display:none\">This product is in your quote list already.<\/div>\n\t<div\n\t\tclass=\"yith_ywraq_add_item_browse-list-5187 yith_ywraq_add_item_browse_message  hide hide-when-removed\"\n\t\tstyle=\"display:none\"\n\t\tdata-product_id=\"5187\"><a\n\t\t\thref=\"https:\/\/turbovac.nl\/wishlist\/\">Voir la liste<\/a><\/div>\n\n<\/div>\n\n<div class=\"clear\"><\/div>\n[\/vc_column_text][\/vc_column_inner][vc_column_inner width=\u00a0\u00bb3\/4&Prime; background_color=\u00a0\u00bb#ffffff\u00a0\u00bb][vc_single_image image=\u00a0\u00bb9149&Prime; img_size=\u00a0\u00bbfull\u00a0\u00bb alignment=\u00a0\u00bbcenter\u00a0\u00bb][vc_btn title=\u00a0\u00bbSp\u00e9cifications techniques\u00a0\u00bb style=\u00a0\u00bbflat\u00a0\u00bb shape=\u00a0\u00bbsquare\u00a0\u00bb color=\u00a0\u00bbjuicy-pink\u00a0\u00bb align=\u00a0\u00bbcenter\u00a0\u00bb i_align=\u00a0\u00bbright\u00a0\u00bb i_type=\u00a0\u00bbopeniconic\u00a0\u00bb i_icon_openiconic=\u00a0\u00bbvc-oi vc-oi-down-circle\u00a0\u00bb button_block=\u00a0\u00bbtrue\u00a0\u00bb add_icon=\u00a0\u00bbtrue\u00a0\u00bb link=\u00a0\u00bburl:https%3A%2F%2Fturbovac.nl%2Fwp-content%2Fuploads%2F2020%2F03%2F06-Turbovac-Prospectus-Ligne-de-Conditionnement-Automatique-A5000.pdf||target:%20_blank|\u00a0\u00bb][vc_btn title=\u00a0\u00bbSp\u00e9cifications techniques\u00a0\u00bb style=\u00a0\u00bbflat\u00a0\u00bb shape=\u00a0\u00bbsquare\u00a0\u00bb align=\u00a0\u00bbcenter\u00a0\u00bb i_align=\u00a0\u00bbright\u00a0\u00bb i_type=\u00a0\u00bbopeniconic\u00a0\u00bb i_icon_openiconic=\u00a0\u00bbvc-oi vc-oi-down-circle\u00a0\u00bb button_block=\u00a0\u00bbtrue\u00a0\u00bb add_icon=\u00a0\u00bbtrue\u00a0\u00bb link=\u00a0\u00bburl:https%3A%2F%2Fturbovac.nl%2Fwp-content%2Fuploads%2F2020%2F02%2F140519-TV-Corporate-Brochure-FR.pdf||target:%20_blank|\u00a0\u00bb][\/vc_column_inner][\/vc_row_inner][\/vc_column][\/vc_row][vc_row][vc_column][vc_text_separator title=\u00a0\u00bbTurbovac A5000 line &amp; Dryer\u00a0\u00bb][vc_empty_space][vc_row_inner][vc_column_inner width=\u00a0\u00bb1\/6&Prime;][\/vc_column_inner][vc_column_inner width=\u00a0\u00bb2\/3&Prime;][vc_video link=\u00a0\u00bbhttps:\/\/youtu.be\/qjLv4vF9dw0&Prime; align=\u00a0\u00bbcenter\u00a0\u00bb][\/vc_column_inner][vc_column_inner width=\u00a0\u00bb1\/6&Prime;][\/vc_column_inner][\/vc_row_inner][\/vc_column][\/vc_row][vc_row full_width=\u00a0\u00bb\u00a0\u00bb parallax=\u00a0\u00bb\u00a0\u00bb parallax_image=\u00a0\u00bb\u00a0\u00bb][vc_column width=\u00a0\u00bb1\/3&Prime; css=\u00a0\u00bb.vc_custom_1568118419395{border-top-width: 1px !important;border-top-color: #d1d1d1 !important;border-top-style: solid !important;}\u00a0\u00bb][vc_empty_space][vc_custom_heading text=\u00a0\u00bbCertifi\u00e9 CE et ETL\u00a0\u00bb font_container=\u00a0\u00bbtag:h2|font_size:22|text_align:left\u00a0\u00bb use_theme_fonts=\u00a0\u00bbyes\u00a0\u00bb][vc_empty_space height=\u00a0\u00bb15&Prime;][vc_column_text]<\/p>\n<div class=\"col-lg-4\">\n<div class=\"media\">\n<div class=\"media__content\">\n<p class=\"media__text\">Les \u00e9quipements Turbovac sont certifi\u00e9s ETL et conformes aux normes UL, NSF et CE<\/p>\n<\/div>\n<\/div>\n<\/div>\n<div class=\"col-lg-4\">\n<div class=\"media\">\n<div class=\"media__icon\"><\/div>\n<\/div>\n<\/div>\n<p>[\/vc_column_text][\/vc_column][vc_column width=\u00a0\u00bb1\/3&Prime; css=\u00a0\u00bb.vc_custom_1568118428707{border-top-width: 1px !important;border-top-color: #d8d8d8 !important;border-top-style: solid !important;}\u00a0\u00bb][vc_empty_space][vc_custom_heading text=\u00a0\u00bbPompe Busch\u00a0\u00bb font_container=\u00a0\u00bbtag:h2|font_size:22|text_align:left|color:%234c4c4c\u00a0\u00bb use_theme_fonts=\u00a0\u00bbyes\u00a0\u00bb][vc_empty_space height=\u00a0\u00bb15&Prime;][vc_column_text]<\/p>\n<div class=\"col-lg-4\">\n<div class=\"media\">\n<div class=\"media__content\">\n<p class=\"media__text\">Toutes les machines Turbovac sont \u00e9quip\u00e9es d&rsquo;une pompe \u00e0 vide Busch<\/p>\n<\/div>\n<\/div>\n<\/div>\n<p>[\/vc_column_text][\/vc_column][vc_column width=\u00a0\u00bb1\/3&Prime; css=\u00a0\u00bb.vc_custom_1568118438842{border-top-width: 1px !important;border-top-color: #dddddd !important;border-top-style: solid !important;}\u00a0\u00bb][vc_empty_space][vc_custom_heading text=\u00a0\u00bbOptions\u00a0\u00bb font_container=\u00a0\u00bbtag:h2|font_size:22|text_align:left|color:%234c4c4c\u00a0\u00bb use_theme_fonts=\u00a0\u00bbyes\u00a0\u00bb][vc_empty_space height=\u00a0\u00bb15&Prime;][vc_column_text]<\/p>\n<div class=\"col-lg-4\">\n<div class=\"media\">\n<div class=\"media__content\">\n<p class=\"media__text\">Toutes les machines Turbovac sont disponibles avec plusieurs options<\/p>\n<\/div>\n<\/div>\n<\/div>\n<p>[\/vc_column_text][\/vc_column][\/vc_row][vc_row type=\u00a0\u00bbfull_width_background\u00a0\u00bb bg_color=\u00a0\u00bb#b20000&Prime; text_color=\u00a0\u00bblight\u00a0\u00bb top_padding=\u00a0\u00bb35&Prime; bottom_padding=\u00a0\u00bb35&Prime;][vc_column][textbar button_title=\u00a0\u00bbCONTACTEZ NOTRE SP\u00c9CIALISTE\u00a0\u00bb button_link=\u00a0\u00bbhttps:\/\/turbovac.nl\/fr\/service-des-vente\/\u00a0\u00bb icon=\u00a0\u00bbsteadysets-icon-type\u00a0\u00bb]<\/p>\n<p style=\"text-align: left;\">Vous avez des questions sur notre ligne d&#8217;emballage automatique ?<\/p>\n<p>[\/textbar][\/vc_column][\/vc_row][vc_row type=\u00a0\u00bbfull_width_content\u00a0\u00bb bg_image=\u00a0\u00bb2610&Prime; bg_color=\u00a0\u00bb#6d6d6d\u00a0\u00bb top_padding=\u00a0\u00bb0&Prime;][vc_column width=\u00a0\u00bb1\/2&Prime; centered_cont=\u00a0\u00bbtrue\u00a0\u00bb background_image=\u00a0\u00bb6393&Prime;][vc_column_text]<br \/>\n[\/vc_column_text][\/vc_column][vc_column width=\u00a0\u00bb1\/2&Prime; column_padding=\u00a0\u00bb4%\u00a0\u00bb css=\u00a0\u00bb.vc_custom_1582121794849{background-color: #333333 !important;}\u00a0\u00bb][vc_empty_space height=\u00a0\u00bb100&Prime;][vc_custom_heading text=\u00a0\u00bb\u00ab\u00a0Le meilleur choix pour un fonctionnement continu\u00ab\u00a0\u00a0\u00bb font_container=\u00a0\u00bbtag:h2|font_size:40|text_align:left|color:%23ffffff|line_height:1.2&Prime; google_fonts=\u00a0\u00bbfont_family:Merriweather%3A300%2C300italic%2Cregular%2Citalic%2C700%2C700italic%2C900%2C900italic|font_style:300%20light%20italic%3A300%3Aitalic\u00a0\u00bb][vc_empty_space height=\u00a0\u00bb100&Prime;][\/vc_column][\/vc_row][vc_row type=\u00a0\u00bbfull_width_background\u00a0\u00bb class=\u00a0\u00bbkolomOver\u00a0\u00bb][vc_column width=\u00a0\u00bb1\/3&Prime; el_class=\u00a0\u00bbkolomOver\u00a0\u00bb][services_medium title=\u00a0\u00bbINDUSTRIE DE LA VIANDE\u00a0\u00bb style=\u00a0\u00bbstyle_3&Prime; icon=\u00a0\u00bbsteadysets-icon-bones\u00a0\u00bb icon_color=\u00a0\u00bb#d20037&Prime; border_color=\u00a0\u00bb#d20037&Prime; dynamic_content_link=\u00a0\u00bb\/fr\/les-marches-de-turbovac\/la-transformation-de-la-viande\/\u00a0\u00bb]Des emballages de haute qualit\u00e9 pour am\u00e9liorer le processus d\u2019emballage de vos clients.[\/services_medium][\/vc_column][vc_column width=\u00a0\u00bb1\/3&Prime; el_class=\u00a0\u00bbkolomOver\u00a0\u00bb][services_medium title=\u00a0\u00bbTRANSFORMATION ALIMENTAIRE\u00a0\u00bb style=\u00a0\u00bbstyle_3&Prime; icon=\u00a0\u00bblinecon-icon-food\u00a0\u00bb icon_color=\u00a0\u00bb#d20037&Prime; border_color=\u00a0\u00bb#d20037&Prime; dynamic_content_link=\u00a0\u00bb\/fr\/les-marches-de-turbovac\/industrie-de-la-transformation-alimentaire\/\u00a0\u00bb]Optimisation et flexibilit\u00e9 dans tous les types de transformation alimentaire.[\/services_medium][\/vc_column][vc_column width=\u00a0\u00bb1\/3&Prime; el_class=\u00a0\u00bbkolomOver\u00a0\u00bb][services_medium title=\u00a0\u00bbINDUSTRIE NON ALIMENTAIRE\u00a0\u00bb style=\u00a0\u00bbstyle_3&Prime; icon=\u00a0\u00bbsteadysets-icon-lab\u00a0\u00bb icon_color=\u00a0\u00bb#d20037&Prime; border_color=\u00a0\u00bb#d20037&Prime; dynamic_content_link=\u00a0\u00bb\/fr\/les-marches-de-turbovac\/industrie-non-alimentaire\/\u00a0\u00bb]Protection optimale contre la salet\u00e9, la poussi\u00e8re et l&rsquo;humidit\u00e9.[\/services_medium][\/vc_column][\/vc_row][vc_row type=\u00a0\u00bbfull_width_content\u00a0\u00bb][vc_column background_color=\u00a0\u00bb#75001f\u00a0\u00bb][vc_empty_space][vc_custom_heading text=\u00a0\u00bbCAPTURE QUALITY\u00a0\u00bb font_container=\u00a0\u00bbtag:h2|font_size:35|text_align:center|color:%23ffffff|line_height:1.25&Prime; use_theme_fonts=\u00a0\u00bbyes\u00a0\u00bb][vc_empty_space][\/vc_column][\/vc_row]<\/p>\n","protected":false},"excerpt":{"rendered":"<p>[vc_row type=\u00a0\u00bbfull_width_background\u00a0\u00bb bg_color=\u00a0\u00bb#f9f9f9&Prime;][vc_column][vc_row_inner][vc_column_inner width=\u00a0\u00bb1\/6&Prime;][\/vc_column_inner][vc_column_inner width=\u00a0\u00bb2\/3&Prime;][vc_custom_heading text=\u00a0\u00bbPour fonctionnement en continu\u00a0\u00bb font_container=\u00a0\u00bbtag:h2|font_size:16|text_align:center|color:%235e5e5e|line_height:1.2&Prime; use_theme_fonts=\u00a0\u00bbyes\u00a0\u00bb][vc_empty_space height=\u00a0\u00bb20&Prime;][vc_custom_heading text=\u00a0\u00bbLIGNE DE CONDITIONNEMENT AUTOMATIQUE\u00a0\u00bb font_container=\u00a0\u00bbtag:h1|font_size:40|text_align:center|color:%23494949&Prime; use_theme_fonts=\u00a0\u00bbyes\u00a0\u00bb][vc_empty_space height=\u00a0\u00bb20&Prime;][\/vc_column_inner][vc_column_inner width=\u00a0\u00bb1\/6&Prime;][\/vc_column_inner][\/vc_row_inner][vc_column_text] Apr\u00e8s le chargement manuel de la ligne d&#8217;emballage automatique, le couvercle se ferme automatiquement et le cycle de mise sous vide d\u00e9marre. Apr\u00e8s le cycle de mise sous vide, le couvercle bascule automatiquement vers l&rsquo;autre [&hellip;]<\/p>\n","protected":false},"author":6,"featured_media":3902,"parent":8644,"menu_order":0,"comment_status":"closed","ping_status":"closed","template":"","meta":{"_monsterinsights_skip_tracking":false,"_monsterinsights_sitenote_active":false,"_monsterinsights_sitenote_note":"","_monsterinsights_sitenote_category":0,"footnotes":""},"class_list":["post-8666","page","type-page","status-publish","has-post-thumbnail","hentry"],"yoast_head":"<!-- This site is optimized with the Yoast SEO plugin v22.7 - https:\/\/yoast.com\/wordpress\/plugins\/seo\/ -->\n<title>Ligne de Conditionnement Automatique | Turbovac - Capture Quality<\/title>\n<meta name=\"description\" content=\"Ligne de Conditionnement Automatique pour un fonctionnement continu. Avec double chambre automatique, machine \u00e0 vide, r\u00e9servoir d&#039;immersion\" \/>\n<meta name=\"robots\" content=\"index, follow, max-snippet:-1, max-image-preview:large, max-video-preview:-1\" \/>\n<link rel=\"canonical\" href=\"https:\/\/turbovac.nl\/fr\/solutions-demballage\/ligne-de-conditionnement-automatique\/\" \/>\n<meta property=\"og:locale\" content=\"fr_FR\" \/>\n<meta property=\"og:type\" content=\"article\" \/>\n<meta property=\"og:title\" content=\"Ligne de Conditionnement Automatique | Turbovac - Capture Quality\" \/>\n<meta property=\"og:description\" content=\"Ligne de Conditionnement Automatique pour un fonctionnement continu. Avec double chambre automatique, machine \u00e0 vide, r\u00e9servoir d&#039;immersion\" \/>\n<meta property=\"og:url\" content=\"https:\/\/turbovac.nl\/fr\/solutions-demballage\/ligne-de-conditionnement-automatique\/\" \/>\n<meta property=\"og:site_name\" content=\"TURBOVAC\" \/>\n<meta property=\"article:modified_time\" content=\"2020-03-31T08:49:19+00:00\" \/>\n<meta property=\"og:image\" content=\"https:\/\/turbovac.nl\/wp-content\/uploads\/2019\/10\/TT-zoom3940-1.jpg\" \/>\n\t<meta property=\"og:image:width\" content=\"1000\" \/>\n\t<meta property=\"og:image:height\" content=\"1064\" \/>\n\t<meta property=\"og:image:type\" content=\"image\/jpeg\" \/>\n<meta name=\"twitter:card\" content=\"summary_large_image\" \/>\n<meta name=\"twitter:label1\" content=\"Dur\u00e9e de lecture estim\u00e9e\" \/>\n\t<meta name=\"twitter:data1\" content=\"6 minutes\" \/>\n<script type=\"application\/ld+json\" class=\"yoast-schema-graph\">{\"@context\":\"https:\/\/schema.org\",\"@graph\":[{\"@type\":\"WebPage\",\"@id\":\"https:\/\/turbovac.nl\/fr\/solutions-demballage\/ligne-de-conditionnement-automatique\/\",\"url\":\"https:\/\/turbovac.nl\/fr\/solutions-demballage\/ligne-de-conditionnement-automatique\/\",\"name\":\"Ligne de Conditionnement Automatique | Turbovac - Capture Quality\",\"isPartOf\":{\"@id\":\"https:\/\/turbovac.nl\/#website\"},\"primaryImageOfPage\":{\"@id\":\"https:\/\/turbovac.nl\/fr\/solutions-demballage\/ligne-de-conditionnement-automatique\/#primaryimage\"},\"image\":{\"@id\":\"https:\/\/turbovac.nl\/fr\/solutions-demballage\/ligne-de-conditionnement-automatique\/#primaryimage\"},\"thumbnailUrl\":\"https:\/\/turbovac.nl\/wp-content\/uploads\/2019\/10\/TT-zoom3940-1.jpg\",\"datePublished\":\"2019-11-14T15:00:17+00:00\",\"dateModified\":\"2020-03-31T08:49:19+00:00\",\"description\":\"Ligne de Conditionnement Automatique pour un fonctionnement continu. Avec double chambre automatique, machine \u00e0 vide, r\u00e9servoir d'immersion\",\"breadcrumb\":{\"@id\":\"https:\/\/turbovac.nl\/fr\/solutions-demballage\/ligne-de-conditionnement-automatique\/#breadcrumb\"},\"inLanguage\":\"fr-FR\",\"potentialAction\":[{\"@type\":\"ReadAction\",\"target\":[\"https:\/\/turbovac.nl\/fr\/solutions-demballage\/ligne-de-conditionnement-automatique\/\"]}]},{\"@type\":\"ImageObject\",\"inLanguage\":\"fr-FR\",\"@id\":\"https:\/\/turbovac.nl\/fr\/solutions-demballage\/ligne-de-conditionnement-automatique\/#primaryimage\",\"url\":\"https:\/\/turbovac.nl\/wp-content\/uploads\/2019\/10\/TT-zoom3940-1.jpg\",\"contentUrl\":\"https:\/\/turbovac.nl\/wp-content\/uploads\/2019\/10\/TT-zoom3940-1.jpg\",\"width\":1000,\"height\":1064,\"caption\":\"Tabletop detail Gastronomy\"},{\"@type\":\"BreadcrumbList\",\"@id\":\"https:\/\/turbovac.nl\/fr\/solutions-demballage\/ligne-de-conditionnement-automatique\/#breadcrumb\",\"itemListElement\":[{\"@type\":\"ListItem\",\"position\":1,\"name\":\"Home\",\"item\":\"https:\/\/turbovac.nl\/fr\/\"},{\"@type\":\"ListItem\",\"position\":2,\"name\":\"Solutions d&#8217;emballage\",\"item\":\"https:\/\/turbovac.nl\/fr\/solutions-demballage\/\"},{\"@type\":\"ListItem\",\"position\":3,\"name\":\"Ligne de Conditionnement Automatique\"}]},{\"@type\":\"WebSite\",\"@id\":\"https:\/\/turbovac.nl\/#website\",\"url\":\"https:\/\/turbovac.nl\/\",\"name\":\"TURBOVAC\",\"description\":\"Vacuum Packaging Machines\",\"potentialAction\":[{\"@type\":\"SearchAction\",\"target\":{\"@type\":\"EntryPoint\",\"urlTemplate\":\"https:\/\/turbovac.nl\/?s={search_term_string}\"},\"query-input\":\"required name=search_term_string\"}],\"inLanguage\":\"fr-FR\"}]}<\/script>\n<!-- \/ Yoast SEO plugin. -->","yoast_head_json":{"title":"Ligne de Conditionnement Automatique | Turbovac - Capture Quality","description":"Ligne de Conditionnement Automatique pour un fonctionnement continu. Avec double chambre automatique, machine \u00e0 vide, r\u00e9servoir d'immersion","robots":{"index":"index","follow":"follow","max-snippet":"max-snippet:-1","max-image-preview":"max-image-preview:large","max-video-preview":"max-video-preview:-1"},"canonical":"https:\/\/turbovac.nl\/fr\/solutions-demballage\/ligne-de-conditionnement-automatique\/","og_locale":"fr_FR","og_type":"article","og_title":"Ligne de Conditionnement Automatique | Turbovac - Capture Quality","og_description":"Ligne de Conditionnement Automatique pour un fonctionnement continu. Avec double chambre automatique, machine \u00e0 vide, r\u00e9servoir d'immersion","og_url":"https:\/\/turbovac.nl\/fr\/solutions-demballage\/ligne-de-conditionnement-automatique\/","og_site_name":"TURBOVAC","article_modified_time":"2020-03-31T08:49:19+00:00","og_image":[{"width":1000,"height":1064,"url":"https:\/\/turbovac.nl\/wp-content\/uploads\/2019\/10\/TT-zoom3940-1.jpg","type":"image\/jpeg"}],"twitter_card":"summary_large_image","twitter_misc":{"Dur\u00e9e de lecture estim\u00e9e":"6 minutes"},"schema":{"@context":"https:\/\/schema.org","@graph":[{"@type":"WebPage","@id":"https:\/\/turbovac.nl\/fr\/solutions-demballage\/ligne-de-conditionnement-automatique\/","url":"https:\/\/turbovac.nl\/fr\/solutions-demballage\/ligne-de-conditionnement-automatique\/","name":"Ligne de Conditionnement Automatique | Turbovac - Capture Quality","isPartOf":{"@id":"https:\/\/turbovac.nl\/#website"},"primaryImageOfPage":{"@id":"https:\/\/turbovac.nl\/fr\/solutions-demballage\/ligne-de-conditionnement-automatique\/#primaryimage"},"image":{"@id":"https:\/\/turbovac.nl\/fr\/solutions-demballage\/ligne-de-conditionnement-automatique\/#primaryimage"},"thumbnailUrl":"https:\/\/turbovac.nl\/wp-content\/uploads\/2019\/10\/TT-zoom3940-1.jpg","datePublished":"2019-11-14T15:00:17+00:00","dateModified":"2020-03-31T08:49:19+00:00","description":"Ligne de Conditionnement Automatique pour un fonctionnement continu. Avec double chambre automatique, machine \u00e0 vide, r\u00e9servoir d'immersion","breadcrumb":{"@id":"https:\/\/turbovac.nl\/fr\/solutions-demballage\/ligne-de-conditionnement-automatique\/#breadcrumb"},"inLanguage":"fr-FR","potentialAction":[{"@type":"ReadAction","target":["https:\/\/turbovac.nl\/fr\/solutions-demballage\/ligne-de-conditionnement-automatique\/"]}]},{"@type":"ImageObject","inLanguage":"fr-FR","@id":"https:\/\/turbovac.nl\/fr\/solutions-demballage\/ligne-de-conditionnement-automatique\/#primaryimage","url":"https:\/\/turbovac.nl\/wp-content\/uploads\/2019\/10\/TT-zoom3940-1.jpg","contentUrl":"https:\/\/turbovac.nl\/wp-content\/uploads\/2019\/10\/TT-zoom3940-1.jpg","width":1000,"height":1064,"caption":"Tabletop detail Gastronomy"},{"@type":"BreadcrumbList","@id":"https:\/\/turbovac.nl\/fr\/solutions-demballage\/ligne-de-conditionnement-automatique\/#breadcrumb","itemListElement":[{"@type":"ListItem","position":1,"name":"Home","item":"https:\/\/turbovac.nl\/fr\/"},{"@type":"ListItem","position":2,"name":"Solutions d&#8217;emballage","item":"https:\/\/turbovac.nl\/fr\/solutions-demballage\/"},{"@type":"ListItem","position":3,"name":"Ligne de Conditionnement Automatique"}]},{"@type":"WebSite","@id":"https:\/\/turbovac.nl\/#website","url":"https:\/\/turbovac.nl\/","name":"TURBOVAC","description":"Vacuum Packaging Machines","potentialAction":[{"@type":"SearchAction","target":{"@type":"EntryPoint","urlTemplate":"https:\/\/turbovac.nl\/?s={search_term_string}"},"query-input":"required name=search_term_string"}],"inLanguage":"fr-FR"}]}},"_links":{"self":[{"href":"https:\/\/turbovac.nl\/fr\/wp-json\/wp\/v2\/pages\/8666","targetHints":{"allow":["GET"]}}],"collection":[{"href":"https:\/\/turbovac.nl\/fr\/wp-json\/wp\/v2\/pages"}],"about":[{"href":"https:\/\/turbovac.nl\/fr\/wp-json\/wp\/v2\/types\/page"}],"author":[{"embeddable":true,"href":"https:\/\/turbovac.nl\/fr\/wp-json\/wp\/v2\/users\/6"}],"replies":[{"embeddable":true,"href":"https:\/\/turbovac.nl\/fr\/wp-json\/wp\/v2\/comments?post=8666"}],"version-history":[{"count":0,"href":"https:\/\/turbovac.nl\/fr\/wp-json\/wp\/v2\/pages\/8666\/revisions"}],"up":[{"embeddable":true,"href":"https:\/\/turbovac.nl\/fr\/wp-json\/wp\/v2\/pages\/8644"}],"wp:featuredmedia":[{"embeddable":true,"href":"https:\/\/turbovac.nl\/fr\/wp-json\/wp\/v2\/media\/3902"}],"wp:attachment":[{"href":"https:\/\/turbovac.nl\/fr\/wp-json\/wp\/v2\/media?parent=8666"}],"curies":[{"name":"wp","href":"https:\/\/api.w.org\/{rel}","templated":true}]}}