{"id":8697,"date":"2019-11-10T11:55:25","date_gmt":"2019-11-10T10:55:25","guid":{"rendered":"https:\/\/turbovac.nl\/about-turbovac\/"},"modified":"2020-03-31T09:54:00","modified_gmt":"2020-03-31T08:54:00","slug":"a-propos-de-turbovac","status":"publish","type":"page","link":"https:\/\/turbovac.nl\/fr\/a-propos-de-turbovac\/","title":{"rendered":"A propos de Turbovac"},"content":{"rendered":"<p>[vc_row type=\u00a0\u00bbfull_width_content\u00a0\u00bb bg_image=\u00a0\u00bb2610&Prime; top_padding=\u00a0\u00bb0&Prime;][vc_column width=\u00a0\u00bb1\/2&Prime; background_image=\u00a0\u00bb5048&Prime;][vc_column_text]<br \/>\n[\/vc_column_text][\/vc_column][vc_column width=\u00a0\u00bb1\/2&Prime; column_padding=\u00a0\u00bb4%\u00a0\u00bb background_color=\u00a0\u00bb#f2f2f2&Prime; css=\u00a0\u00bb.vc_custom_1570452007389{background-color: #f8f8f8 !important;}\u00a0\u00bb][vc_empty_space height=\u00a0\u00bb100&Prime;][vc_custom_heading text=\u00a0\u00bbNOUS SOMMES RAVIS DE VOUS RENCONTRER\u00a0\u00bb font_container=\u00a0\u00bbtag:h1|font_size:48px|text_align:left|color:%23444444|line_height:56px\u00a0\u00bb google_fonts=\u00a0\u00bbfont_family:Open%20Sans%3A300%2C300italic%2Cregular%2Citalic%2C600%2C600italic%2C700%2C700italic%2C800%2C800italic|font_style:700%20bold%20regular%3A700%3Anormal\u00a0\u00bb][vc_custom_heading text=\u00a0\u00bbNOUS SOMMES TURBOVAC INTERNATIONAL !\u00a0\u00bb font_container=\u00a0\u00bbtag:h2|font_size:34px|text_align:left|color:%23444444|line_height:44px\u00a0\u00bb google_fonts=\u00a0\u00bbfont_family:Raleway%3A100%2C200%2C300%2Cregular%2C500%2C600%2C700%2C800%2C900|font_style:300%20light%20regular%3A300%3Anormal\u00a0\u00bb][vc_empty_space][vc_column_text]L\u2019entreprise Turbovac est bas\u00e9e aux Pays-Bas et elle est l\u2019un des inventeurs de la machine d\u2019emballage sous vide. Turbovac combine pr\u00e8s de 70 ann\u00e9es d\u2019exp\u00e9rience avec le savoir-faire, la conception de pointe et la technologie de fabrication. Toutes les machines Turbovac sont innovantes et fiables, tout en respectant les normes de qualit\u00e9 les plus strictes.[\/vc_column_text][vc_empty_space height=\u00a0\u00bb100&Prime;][\/vc_column][\/vc_row][vc_row type=\u00a0\u00bbfull_width_content\u00a0\u00bb bg_image=\u00a0\u00bb2610&Prime;][vc_column width=\u00a0\u00bb1\/2&Prime; background_color=\u00a0\u00bb#f8f8f8&Prime; css=\u00a0\u00bb.vc_custom_1570451273977{background-color: #f8f8f8 !important;}\u00a0\u00bb][vc_row_inner][vc_column_inner width=\u00a0\u00bb1\/3&Prime;][\/vc_column_inner][vc_column_inner width=\u00a0\u00bb2\/3&Prime;][vc_empty_space height=\u00a0\u00bb200&Prime;][list icon=\u00a0\u00bbsteadysets-icon-checkmark\u00a0\u00bb][list_item title=\u00a0\u00bbCOMPL\u00c9TER LA GAMME\u00a0\u00bb][list_item title=\u00a0\u00bbFIABLE\u00a0\u00bb][list_item title=\u00a0\u00bbFACILE \u00c0 NETTOYER ET FACILE \u00c0 UTILISER\u00a0\u00bb][list_item title=\u00a0\u00bbFACILE \u00c0 PROGRAMMER ET FACILE \u00c0 ENTRETENIR\u00a0\u00bb][list_item title=\u00a0\u00bbUNIT\u00c9 DE COMMANDE NUM\u00c9RIQUE AVEC LCD\u00a0\u00bb][list_item title=\u00a0\u00bbDE NOMBREUSES OPTIONS POSSIBLES\u00a0\u00bb][\/list][vc_empty_space height=\u00a0\u00bb350&Prime;][\/vc_column_inner][\/vc_row_inner][\/vc_column][vc_column width=\u00a0\u00bb1\/2&Prime; background_image=\u00a0\u00bb5061&Prime;][vc_column_text]<br \/>\n[\/vc_column_text][\/vc_column][\/vc_row][vc_row type=\u00a0\u00bbfull_width_content\u00a0\u00bb bg_image=\u00a0\u00bb2610&Prime; top_padding=\u00a0\u00bb0&Prime;][vc_column width=\u00a0\u00bb1\/2&Prime; centered_cont=\u00a0\u00bbtrue\u00a0\u00bb background_image=\u00a0\u00bb3902&Prime;][vc_column_text]<br \/>\n[\/vc_column_text][\/vc_column][vc_column width=\u00a0\u00bb1\/2&Prime; column_padding=\u00a0\u00bb4%\u00a0\u00bb background_color=\u00a0\u00bb#f8f8f8&Prime; css=\u00a0\u00bb.vc_custom_1429527138109{background-color: #f8f8f8 !important;}\u00a0\u00bb][vc_empty_space height=\u00a0\u00bb100&Prime;][vc_custom_heading text=\u00a0\u00bbMarque leader\u00a0\u00bb][vc_empty_space][vc_column_text]Les machines Turbovac sont distribu\u00e9es dans plus de 80 pays et Turbovac est l\u2019une des plus grandes marques de machines d\u2019emballage sous vide au monde. La pr\u00e9sence locale d\u2019un r\u00e9seau de revendeurs Turbovac garantit un service rapide, la disponibilit\u00e9 des pi\u00e8ces de rechange et des conseils sur mesure.[\/vc_column_text][vc_custom_heading text=\u00a0\u00bbRapport qualit\u00e9 prix\u00a0\u00bb][vc_empty_space][vc_column_text]Turbovac vise toujours \u00e0 fournir les meilleures machines de sa cat\u00e9gorie \u00e0 des prix tr\u00e8s comp\u00e9titifs. Nous utilisons uniquement des mat\u00e9riaux de qualit\u00e9 pour construire des machines robustes, fiables et qui durent. Le travail est effectu\u00e9 par une \u00e9quipe d\u00e9di\u00e9e, ce qui garantit \u00e0 nos clients la qualit\u00e9 et un bon rapport qualit\u00e9-prix.<\/p>\n<p>[\/vc_column_text][vc_empty_space height=\u00a0\u00bb100&Prime;][\/vc_column][\/vc_row][vc_row type=\u00a0\u00bbfull_width_content\u00a0\u00bb bg_image=\u00a0\u00bb2610&Prime;][vc_column width=\u00a0\u00bb1\/2&Prime; background_color=\u00a0\u00bb#f8f8f8&Prime; css=\u00a0\u00bb.vc_custom_1570451273977{background-color: #f8f8f8 !important;}\u00a0\u00bb][vc_row_inner][vc_column_inner width=\u00a0\u00bb1\/3&Prime;][\/vc_column_inner][vc_column_inner width=\u00a0\u00bb2\/3&Prime;][vc_empty_space height=\u00a0\u00bb200&Prime;][vc_column_text]<\/p>\n<h4>Turbovac International<\/h4>\n<p>Het Sterrenbeeld 36<br \/>\n5215 ML &lsquo;s-Hertogenbosch<br \/>\nLes Pays-Bas<\/p>\n<p>CONTACT DIRECT<\/p>\n<div class=\"contact-options\"><span class=\"contact-options__item\"><strong>+31 73 627 12 71<\/strong><br \/>\n<\/span><span class=\"contact-options__item\"><strong><a class=\"link--animate\" href=\"mailto:info@Turbovac.nl\">info@turbovac.nl<\/a><\/strong><\/span><\/div>\n<p>[\/vc_column_text][vc_empty_space height=\u00a0\u00bb350&Prime;][\/vc_column_inner][\/vc_row_inner][\/vc_column][vc_column width=\u00a0\u00bb1\/2&Prime;][vc_column_text]<iframe loading=\"lazy\" style=\"border: 0;\" src=\"https:\/\/www.google.com\/maps\/embed?pb=!1m18!1m12!1m3!1d2473.413083851438!2d5.353495651391238!3d51.68888537956565!2m3!1f0!2f0!3f0!3m2!1i1024!2i768!4f13.1!3m3!1m2!1s0x47c6ef9e061e4f59%3A0x18e49b129367fb63!2sHenkovac!5e0!3m2!1sen!2snl!4v1582122208646!5m2!1sen!2snl\" width=\"850\" height=\"850\" frameborder=\"0\" allowfullscreen=\"allowfullscreen\"><\/iframe>[\/vc_column_text][\/vc_column][\/vc_row][vc_row][vc_column width=\u00a0\u00bb1\/3&Prime; background_color=\u00a0\u00bb#eb6f2e\u00a0\u00bb el_class=\u00a0\u00bbkolomOver2&Prime; css=\u00a0\u00bb.vc_custom_1581949052078{padding-top: 50px !important;padding-bottom: 50px !important;background-position: center !important;background-repeat: no-repeat !important;background-size: cover !important;}\u00a0\u00bb][vc_custom_heading text=\u00a0\u00bbCONTACTEZ<br \/>\nNOUS\u00a0\u00bb font_container=\u00a0\u00bbtag:h1|font_size:24|text_align:center|color:%23ffffff\u00a0\u00bb use_theme_fonts=\u00a0\u00bbyes\u00a0\u00bb css_animation=\u00a0\u00bbnone\u00a0\u00bb link=\u00a0\u00bburl:%2Ffr%2Fservice-des-vente%2F|title:Sales%20department||\u00a0\u00bb][\/vc_column][vc_column width=\u00a0\u00bb1\/3&Prime; background_color=\u00a0\u00bb#d20037&Prime; el_class=\u00a0\u00bbkolomOver2&Prime; css=\u00a0\u00bb.vc_custom_1581949129587{padding-top: 50px !important;padding-bottom: 50px !important;}\u00a0\u00bb][vc_custom_heading text=\u00a0\u00bbDEMANDEZ UNE<br \/>\nCOTATION PERSONNELLE\u00a0\u00bb font_container=\u00a0\u00bbtag:h1|font_size:24|text_align:center|color:%23ffffff\u00a0\u00bb use_theme_fonts=\u00a0\u00bbyes\u00a0\u00bb link=\u00a0\u00bburl:%2Ffr%2Fdemandez-une-cotation-personnelle%2F|title:Request%20Quotation||\u00a0\u00bb][\/vc_column][vc_column width=\u00a0\u00bb1\/3&Prime; background_color=\u00a0\u00bb#9e2142&Prime; el_class=\u00a0\u00bbkolomOver2&Prime; css=\u00a0\u00bb.vc_custom_1581949206465{padding-top: 50px !important;padding-bottom: 50px !important;}\u00a0\u00bb][vc_custom_heading text=\u00a0\u00bbDEVENEZ<br \/>\nDISTRIBUTEUR\u00a0\u00bb font_container=\u00a0\u00bbtag:h1|font_size:24|text_align:center|color:%23ffffff\u00a0\u00bb use_theme_fonts=\u00a0\u00bbyes\u00a0\u00bb link=\u00a0\u00bburl:%2Ffr%2Fdevenez-distributeur%2F|title:Become%20a%20distributor||\u00a0\u00bb][\/vc_column][\/vc_row][vc_row type=\u00a0\u00bbfull_width_background\u00a0\u00bb class=\u00a0\u00bbkolomOver\u00a0\u00bb][vc_column width=\u00a0\u00bb1\/3&Prime; el_class=\u00a0\u00bbkolomOver\u00a0\u00bb][services_medium title=\u00a0\u00bbINDUSTRIE DE LA VIANDE\u00a0\u00bb style=\u00a0\u00bbstyle_3&Prime; icon=\u00a0\u00bbsteadysets-icon-bones\u00a0\u00bb icon_color=\u00a0\u00bb#d20037&Prime; border_color=\u00a0\u00bb#d20037&Prime; dynamic_content_link=\u00a0\u00bb\/fr\/les-marches-de-turbovac\/la-transformation-de-la-viande\/\u00a0\u00bb]Des emballages de haute qualit\u00e9 pour am\u00e9liorer le processus d\u2019emballage de vos clients.[\/services_medium][\/vc_column][vc_column width=\u00a0\u00bb1\/3&Prime; el_class=\u00a0\u00bbkolomOver\u00a0\u00bb][services_medium title=\u00a0\u00bbTRANSFORMATION ALIMENTAIRE\u00a0\u00bb style=\u00a0\u00bbstyle_3&Prime; icon=\u00a0\u00bblinecon-icon-food\u00a0\u00bb icon_color=\u00a0\u00bb#d20037&Prime; border_color=\u00a0\u00bb#d20037&Prime; dynamic_content_link=\u00a0\u00bb\/fr\/les-marches-de-turbovac\/industrie-de-la-transformation-alimentaire\/\u00a0\u00bb]Optimisation et flexibilit\u00e9 dans tous les types de transformation alimentaire.[\/services_medium][\/vc_column][vc_column width=\u00a0\u00bb1\/3&Prime; el_class=\u00a0\u00bbkolomOver\u00a0\u00bb][services_medium title=\u00a0\u00bbINDUSTRIE NON ALIMENTAIRE\u00a0\u00bb style=\u00a0\u00bbstyle_3&Prime; icon=\u00a0\u00bbsteadysets-icon-lab\u00a0\u00bb icon_color=\u00a0\u00bb#d20037&Prime; border_color=\u00a0\u00bb#d20037&Prime; dynamic_content_link=\u00a0\u00bb\/fr\/les-marches-de-turbovac\/industrie-non-alimentaire\/\u00a0\u00bb]Protection optimale contre la salet\u00e9, la poussi\u00e8re et l&rsquo;humidit\u00e9.[\/services_medium][\/vc_column][\/vc_row][vc_row type=\u00a0\u00bbfull_width_content\u00a0\u00bb][vc_column background_color=\u00a0\u00bb#75001f\u00a0\u00bb][vc_empty_space][vc_custom_heading text=\u00a0\u00bbCAPTURE QUALITY\u00a0\u00bb font_container=\u00a0\u00bbtag:h2|font_size:35|text_align:center|color:%23ffffff|line_height:1.25&Prime; use_theme_fonts=\u00a0\u00bbyes\u00a0\u00bb][vc_empty_space][\/vc_column][\/vc_row]<\/p>\n","protected":false},"excerpt":{"rendered":"<p>[vc_row type=\u00a0\u00bbfull_width_content\u00a0\u00bb bg_image=\u00a0\u00bb2610&Prime; top_padding=\u00a0\u00bb0&Prime;][vc_column width=\u00a0\u00bb1\/2&Prime; background_image=\u00a0\u00bb5048&Prime;][vc_column_text] [\/vc_column_text][\/vc_column][vc_column width=\u00a0\u00bb1\/2&Prime; column_padding=\u00a0\u00bb4%\u00a0\u00bb background_color=\u00a0\u00bb#f2f2f2&Prime; css=\u00a0\u00bb.vc_custom_1570452007389{background-color: #f8f8f8 !important;}\u00a0\u00bb][vc_empty_space height=\u00a0\u00bb100&Prime;][vc_custom_heading text=\u00a0\u00bbNOUS SOMMES RAVIS DE VOUS RENCONTRER\u00a0\u00bb font_container=\u00a0\u00bbtag:h1|font_size:48px|text_align:left|color:%23444444|line_height:56px\u00a0\u00bb google_fonts=\u00a0\u00bbfont_family:Open%20Sans%3A300%2C300italic%2Cregular%2Citalic%2C600%2C600italic%2C700%2C700italic%2C800%2C800italic|font_style:700%20bold%20regular%3A700%3Anormal\u00a0\u00bb][vc_custom_heading text=\u00a0\u00bbNOUS SOMMES TURBOVAC INTERNATIONAL !\u00a0\u00bb font_container=\u00a0\u00bbtag:h2|font_size:34px|text_align:left|color:%23444444|line_height:44px\u00a0\u00bb google_fonts=\u00a0\u00bbfont_family:Raleway%3A100%2C200%2C300%2Cregular%2C500%2C600%2C700%2C800%2C900|font_style:300%20light%20regular%3A300%3Anormal\u00a0\u00bb][vc_empty_space][vc_column_text]L\u2019entreprise Turbovac est bas\u00e9e aux Pays-Bas et elle est l\u2019un des inventeurs de la machine d\u2019emballage sous vide. Turbovac combine pr\u00e8s de 70 ann\u00e9es d\u2019exp\u00e9rience avec le [&hellip;]<\/p>\n","protected":false},"author":6,"featured_media":3902,"parent":0,"menu_order":0,"comment_status":"closed","ping_status":"closed","template":"","meta":{"_monsterinsights_skip_tracking":false,"_monsterinsights_sitenote_active":false,"_monsterinsights_sitenote_note":"","_monsterinsights_sitenote_category":0,"footnotes":""},"class_list":["post-8697","page","type-page","status-publish","has-post-thumbnail","hentry"],"yoast_head":"<!-- This site is optimized with the Yoast SEO plugin v22.7 - https:\/\/yoast.com\/wordpress\/plugins\/seo\/ -->\n<title>A propos de Turbovac | Turbovac - Capture Quality<\/title>\n<meta name=\"description\" content=\"Turbovac est l&#039;un des inventeurs et fabricants de machines professionnelles d&#039;emballage sous vide, distribu\u00e9es dans plus de 80 pays, bas\u00e9 aux Pays-Bas\" \/>\n<meta name=\"robots\" content=\"index, follow, max-snippet:-1, max-image-preview:large, max-video-preview:-1\" \/>\n<link rel=\"canonical\" href=\"https:\/\/turbovac.nl\/fr\/a-propos-de-turbovac\/\" \/>\n<meta property=\"og:locale\" content=\"fr_FR\" \/>\n<meta property=\"og:type\" content=\"article\" \/>\n<meta property=\"og:title\" content=\"A propos de Turbovac | Turbovac - Capture Quality\" \/>\n<meta property=\"og:description\" content=\"Turbovac est l&#039;un des inventeurs et fabricants de machines professionnelles d&#039;emballage sous vide, distribu\u00e9es dans plus de 80 pays, bas\u00e9 aux Pays-Bas\" \/>\n<meta property=\"og:url\" content=\"https:\/\/turbovac.nl\/fr\/a-propos-de-turbovac\/\" \/>\n<meta property=\"og:site_name\" content=\"TURBOVAC\" \/>\n<meta property=\"article:modified_time\" content=\"2020-03-31T08:54:00+00:00\" \/>\n<meta property=\"og:image\" content=\"https:\/\/turbovac.nl\/wp-content\/uploads\/2019\/10\/TT-zoom3940-1.jpg\" \/>\n\t<meta property=\"og:image:width\" content=\"1000\" \/>\n\t<meta property=\"og:image:height\" content=\"1064\" \/>\n\t<meta property=\"og:image:type\" content=\"image\/jpeg\" \/>\n<meta name=\"twitter:card\" content=\"summary_large_image\" \/>\n<meta name=\"twitter:label1\" content=\"Dur\u00e9e de lecture estim\u00e9e\" \/>\n\t<meta name=\"twitter:data1\" content=\"5 minutes\" \/>\n<script type=\"application\/ld+json\" class=\"yoast-schema-graph\">{\"@context\":\"https:\/\/schema.org\",\"@graph\":[{\"@type\":\"WebPage\",\"@id\":\"https:\/\/turbovac.nl\/fr\/a-propos-de-turbovac\/\",\"url\":\"https:\/\/turbovac.nl\/fr\/a-propos-de-turbovac\/\",\"name\":\"A propos de Turbovac | Turbovac - Capture Quality\",\"isPartOf\":{\"@id\":\"https:\/\/turbovac.nl\/#website\"},\"primaryImageOfPage\":{\"@id\":\"https:\/\/turbovac.nl\/fr\/a-propos-de-turbovac\/#primaryimage\"},\"image\":{\"@id\":\"https:\/\/turbovac.nl\/fr\/a-propos-de-turbovac\/#primaryimage\"},\"thumbnailUrl\":\"https:\/\/turbovac.nl\/wp-content\/uploads\/2019\/10\/TT-zoom3940-1.jpg\",\"datePublished\":\"2019-11-10T10:55:25+00:00\",\"dateModified\":\"2020-03-31T08:54:00+00:00\",\"description\":\"Turbovac est l'un des inventeurs et fabricants de machines professionnelles d'emballage sous vide, distribu\u00e9es dans plus de 80 pays, bas\u00e9 aux Pays-Bas\",\"breadcrumb\":{\"@id\":\"https:\/\/turbovac.nl\/fr\/a-propos-de-turbovac\/#breadcrumb\"},\"inLanguage\":\"fr-FR\",\"potentialAction\":[{\"@type\":\"ReadAction\",\"target\":[\"https:\/\/turbovac.nl\/fr\/a-propos-de-turbovac\/\"]}]},{\"@type\":\"ImageObject\",\"inLanguage\":\"fr-FR\",\"@id\":\"https:\/\/turbovac.nl\/fr\/a-propos-de-turbovac\/#primaryimage\",\"url\":\"https:\/\/turbovac.nl\/wp-content\/uploads\/2019\/10\/TT-zoom3940-1.jpg\",\"contentUrl\":\"https:\/\/turbovac.nl\/wp-content\/uploads\/2019\/10\/TT-zoom3940-1.jpg\",\"width\":1000,\"height\":1064,\"caption\":\"Tabletop detail Gastronomy\"},{\"@type\":\"BreadcrumbList\",\"@id\":\"https:\/\/turbovac.nl\/fr\/a-propos-de-turbovac\/#breadcrumb\",\"itemListElement\":[{\"@type\":\"ListItem\",\"position\":1,\"name\":\"Home\",\"item\":\"https:\/\/turbovac.nl\/fr\/\"},{\"@type\":\"ListItem\",\"position\":2,\"name\":\"A propos de Turbovac\"}]},{\"@type\":\"WebSite\",\"@id\":\"https:\/\/turbovac.nl\/#website\",\"url\":\"https:\/\/turbovac.nl\/\",\"name\":\"TURBOVAC\",\"description\":\"Vacuum Packaging Machines\",\"potentialAction\":[{\"@type\":\"SearchAction\",\"target\":{\"@type\":\"EntryPoint\",\"urlTemplate\":\"https:\/\/turbovac.nl\/?s={search_term_string}\"},\"query-input\":\"required name=search_term_string\"}],\"inLanguage\":\"fr-FR\"}]}<\/script>\n<!-- \/ Yoast SEO plugin. -->","yoast_head_json":{"title":"A propos de Turbovac | Turbovac - Capture Quality","description":"Turbovac est l'un des inventeurs et fabricants de machines professionnelles d'emballage sous vide, distribu\u00e9es dans plus de 80 pays, bas\u00e9 aux Pays-Bas","robots":{"index":"index","follow":"follow","max-snippet":"max-snippet:-1","max-image-preview":"max-image-preview:large","max-video-preview":"max-video-preview:-1"},"canonical":"https:\/\/turbovac.nl\/fr\/a-propos-de-turbovac\/","og_locale":"fr_FR","og_type":"article","og_title":"A propos de Turbovac | Turbovac - Capture Quality","og_description":"Turbovac est l'un des inventeurs et fabricants de machines professionnelles d'emballage sous vide, distribu\u00e9es dans plus de 80 pays, bas\u00e9 aux Pays-Bas","og_url":"https:\/\/turbovac.nl\/fr\/a-propos-de-turbovac\/","og_site_name":"TURBOVAC","article_modified_time":"2020-03-31T08:54:00+00:00","og_image":[{"width":1000,"height":1064,"url":"https:\/\/turbovac.nl\/wp-content\/uploads\/2019\/10\/TT-zoom3940-1.jpg","type":"image\/jpeg"}],"twitter_card":"summary_large_image","twitter_misc":{"Dur\u00e9e de lecture estim\u00e9e":"5 minutes"},"schema":{"@context":"https:\/\/schema.org","@graph":[{"@type":"WebPage","@id":"https:\/\/turbovac.nl\/fr\/a-propos-de-turbovac\/","url":"https:\/\/turbovac.nl\/fr\/a-propos-de-turbovac\/","name":"A propos de Turbovac | Turbovac - Capture Quality","isPartOf":{"@id":"https:\/\/turbovac.nl\/#website"},"primaryImageOfPage":{"@id":"https:\/\/turbovac.nl\/fr\/a-propos-de-turbovac\/#primaryimage"},"image":{"@id":"https:\/\/turbovac.nl\/fr\/a-propos-de-turbovac\/#primaryimage"},"thumbnailUrl":"https:\/\/turbovac.nl\/wp-content\/uploads\/2019\/10\/TT-zoom3940-1.jpg","datePublished":"2019-11-10T10:55:25+00:00","dateModified":"2020-03-31T08:54:00+00:00","description":"Turbovac est l'un des inventeurs et fabricants de machines professionnelles d'emballage sous vide, distribu\u00e9es dans plus de 80 pays, bas\u00e9 aux Pays-Bas","breadcrumb":{"@id":"https:\/\/turbovac.nl\/fr\/a-propos-de-turbovac\/#breadcrumb"},"inLanguage":"fr-FR","potentialAction":[{"@type":"ReadAction","target":["https:\/\/turbovac.nl\/fr\/a-propos-de-turbovac\/"]}]},{"@type":"ImageObject","inLanguage":"fr-FR","@id":"https:\/\/turbovac.nl\/fr\/a-propos-de-turbovac\/#primaryimage","url":"https:\/\/turbovac.nl\/wp-content\/uploads\/2019\/10\/TT-zoom3940-1.jpg","contentUrl":"https:\/\/turbovac.nl\/wp-content\/uploads\/2019\/10\/TT-zoom3940-1.jpg","width":1000,"height":1064,"caption":"Tabletop detail Gastronomy"},{"@type":"BreadcrumbList","@id":"https:\/\/turbovac.nl\/fr\/a-propos-de-turbovac\/#breadcrumb","itemListElement":[{"@type":"ListItem","position":1,"name":"Home","item":"https:\/\/turbovac.nl\/fr\/"},{"@type":"ListItem","position":2,"name":"A propos de Turbovac"}]},{"@type":"WebSite","@id":"https:\/\/turbovac.nl\/#website","url":"https:\/\/turbovac.nl\/","name":"TURBOVAC","description":"Vacuum Packaging Machines","potentialAction":[{"@type":"SearchAction","target":{"@type":"EntryPoint","urlTemplate":"https:\/\/turbovac.nl\/?s={search_term_string}"},"query-input":"required name=search_term_string"}],"inLanguage":"fr-FR"}]}},"_links":{"self":[{"href":"https:\/\/turbovac.nl\/fr\/wp-json\/wp\/v2\/pages\/8697","targetHints":{"allow":["GET"]}}],"collection":[{"href":"https:\/\/turbovac.nl\/fr\/wp-json\/wp\/v2\/pages"}],"about":[{"href":"https:\/\/turbovac.nl\/fr\/wp-json\/wp\/v2\/types\/page"}],"author":[{"embeddable":true,"href":"https:\/\/turbovac.nl\/fr\/wp-json\/wp\/v2\/users\/6"}],"replies":[{"embeddable":true,"href":"https:\/\/turbovac.nl\/fr\/wp-json\/wp\/v2\/comments?post=8697"}],"version-history":[{"count":0,"href":"https:\/\/turbovac.nl\/fr\/wp-json\/wp\/v2\/pages\/8697\/revisions"}],"wp:featuredmedia":[{"embeddable":true,"href":"https:\/\/turbovac.nl\/fr\/wp-json\/wp\/v2\/media\/3902"}],"wp:attachment":[{"href":"https:\/\/turbovac.nl\/fr\/wp-json\/wp\/v2\/media?parent=8697"}],"curies":[{"name":"wp","href":"https:\/\/api.w.org\/{rel}","templated":true}]}}