{"id":8702,"date":"2019-10-01T14:01:17","date_gmt":"2019-10-01T13:01:17","guid":{"rendered":"https:\/\/turbovac.nl\/sales\/"},"modified":"2022-03-08T10:40:41","modified_gmt":"2022-03-08T09:40:41","slug":"service-des-vente","status":"publish","type":"page","link":"https:\/\/turbovac.nl\/fr\/service-des-vente\/","title":{"rendered":"Service des vente"},"content":{"rendered":"<p>[vc_row type=\u00a0\u00bbfull_width_background\u00a0\u00bb bg_image=\u00a0\u00bb5048&Prime; parallax_bg=\u00a0\u00bbtrue\u00a0\u00bb bg_color=\u00a0\u00bb#f6f6f6&Prime; overlay=\u00a0\u00bbtrue\u00a0\u00bb overlay_color=\u00a0\u00bbrgba(255,255,255,0.86)\u00a0\u00bb top_padding=\u00a0\u00bb80&Prime; bottom_padding=\u00a0\u00bb80&Prime;][vc_column width=\u00a0\u00bb1\/6&Prime;][\/vc_column][vc_column width=\u00a0\u00bb2\/3&Prime;][vc_custom_heading text=\u00a0\u00bbNotre \u00e9quipe commerciale est \u00e0 votre disposition.\u00a0\u00bb font_container=\u00a0\u00bbtag:h2|font_size:45px|text_align:center|line_height:54px\u00a0\u00bb use_theme_fonts=\u00a0\u00bbyes\u00a0\u00bb][vc_empty_space][vc_custom_heading text=\u00a0\u00bbSi vous avez besoin de conseils sur une machine \u00e0 vide, une option sp\u00e9ciale ou le statut d&rsquo;exp\u00e9dition, veuillez nous contacter par courriel ou par t\u00e9l\u00e9phone.\u00a0\u00bb font_container=\u00a0\u00bbtag:h2|font_size:25px|text_align:center|line_height:35px\u00a0\u00bb use_theme_fonts=\u00a0\u00bbyes\u00a0\u00bb][\/vc_column][vc_column width=\u00a0\u00bb1\/6&Prime;][\/vc_column][\/vc_row][vc_row type=\u00a0\u00bbfull_width_background\u00a0\u00bb bg_color=\u00a0\u00bb#fcfcfc\u00a0\u00bb][vc_column width=\u00a0\u00bb1\/4&Prime; background_color=\u00a0\u00bb#f9f9f9&Prime; css=\u00a0\u00bb.vc_custom_1572099072089{border-top-width: 1px !important;border-right-width: 1px !important;border-bottom-width: 1px !important;border-left-width: 1px !important;border-left-color: #e0e0e0 !important;border-left-style: solid !important;border-right-color: #e0e0e0 !important;border-right-style: solid !important;border-top-color: #e0e0e0 !important;border-top-style: solid !important;border-bottom-color: #e0e0e0 !important;border-bottom-style: solid !important;}\u00a0\u00bb][vc_empty_space height=\u00a0\u00bb20px\u00a0\u00bb][vc_single_image image=\u00a0\u00bb6584&Prime; img_size=\u00a0\u00bblarge\u00a0\u00bb alignment=\u00a0\u00bbcenter\u00a0\u00bb][vc_row_inner][vc_column_inner][vc_empty_space height=\u00a0\u00bb20px\u00a0\u00bb][vc_custom_heading text=\u00a0\u00bbRaimond van Bommel\u00a0\u00bb font_container=\u00a0\u00bbtag:h1|font_size:18|text_align:center\u00a0\u00bb use_theme_fonts=\u00a0\u00bbyes\u00a0\u00bb][vc_column_text]<\/p>\n<h5 style=\"text-align: center;\"><span style=\"color: #b20000; font-family: neosans-light; font-size: 10pt;\">Responsable des ventes internationales<\/span><\/h5>\n<p>[\/vc_column_text][\/vc_column_inner][\/vc_row_inner][vc_icon icon_fontawesome=\u00a0\u00bbfa fa-envelope-o\u00a0\u00bb color=\u00a0\u00bbcustom\u00a0\u00bb background_style=\u00a0\u00bbrounded-outline\u00a0\u00bb size=\u00a0\u00bbsm\u00a0\u00bb align=\u00a0\u00bbcenter\u00a0\u00bb link=\u00a0\u00bburl:mailto%3Araimond%40turbovac.nl|||\u00a0\u00bb custom_color=\u00a0\u00bb#3a3a3a\u00a0\u00bb css=\u00a0\u00bb.vc_custom_1582122914708{padding-top: -20px !important;padding-bottom: -20px !important;}\u00a0\u00bb][vc_column_text]<\/p>\n<div class=\"views-field views-field-field-telefoonnummer\">\n<div class=\"field-content\" style=\"text-align: center;\"><strong>+31 (0)6 54 35 25 89<\/strong><\/div>\n<\/div>\n<p>[\/vc_column_text][vc_empty_space height=\u00a0\u00bb2px\u00a0\u00bb][\/vc_column][vc_column width=\u00a0\u00bb1\/4&Prime; background_color=\u00a0\u00bb#f9f9f9&Prime; css=\u00a0\u00bb.vc_custom_1572099146562{border-top-width: 1px !important;border-right-width: 1px !important;border-bottom-width: 1px !important;border-left-width: 1px !important;border-left-color: #e0e0e0 !important;border-left-style: solid !important;border-right-color: #e0e0e0 !important;border-right-style: solid !important;border-top-color: #e0e0e0 !important;border-top-style: solid !important;border-bottom-color: #e0e0e0 !important;border-bottom-style: solid !important;}\u00a0\u00bb][vc_empty_space height=\u00a0\u00bb20px\u00a0\u00bb][vc_single_image image=\u00a0\u00bb4597&Prime; img_size=\u00a0\u00bblarge\u00a0\u00bb alignment=\u00a0\u00bbcenter\u00a0\u00bb][vc_row_inner][vc_column_inner][vc_empty_space height=\u00a0\u00bb20px\u00a0\u00bb][vc_custom_heading text=\u00a0\u00bbIngeborg Pluim\u00a0\u00bb font_container=\u00a0\u00bbtag:h1|font_size:18|text_align:center\u00a0\u00bb use_theme_fonts=\u00a0\u00bbyes\u00a0\u00bb][vc_column_text]<\/p>\n<h5 style=\"text-align: center;\"><span style=\"color: #b20000; font-family: neosans-light; font-size: 10pt;\">Responsable des ventes internationales<\/span><\/h5>\n<p>[\/vc_column_text][\/vc_column_inner][\/vc_row_inner][vc_icon icon_fontawesome=\u00a0\u00bbfa fa-envelope-o\u00a0\u00bb color=\u00a0\u00bbcustom\u00a0\u00bb background_style=\u00a0\u00bbrounded-outline\u00a0\u00bb size=\u00a0\u00bbsm\u00a0\u00bb align=\u00a0\u00bbcenter\u00a0\u00bb link=\u00a0\u00bburl:mailto%3Aingeborg%40turbovac.nl|||\u00a0\u00bb custom_color=\u00a0\u00bb#3a3a3a\u00a0\u00bb css=\u00a0\u00bb.vc_custom_1582122925726{padding-top: -20px !important;padding-bottom: -20px !important;}\u00a0\u00bb][vc_column_text]<\/p>\n<div class=\"views-field views-field-field-telefoonnummer\">\n<div class=\"field-content\" style=\"text-align: center;\">\n<div class=\"views-field views-field-field-telefoonnummer\">\n<div class=\"field-content\"><strong>+31 (0)6 51 44 18 18<\/strong><\/div>\n<\/div>\n<\/div>\n<\/div>\n<p>[\/vc_column_text][vc_empty_space height=\u00a0\u00bb2px\u00a0\u00bb][\/vc_column][vc_column width=\u00a0\u00bb1\/4&Prime; background_color=\u00a0\u00bb#f9f9f9&Prime; css=\u00a0\u00bb.vc_custom_1572099165496{border-top-width: 1px !important;border-right-width: 1px !important;border-bottom-width: 1px !important;border-left-width: 1px !important;border-left-color: #e0e0e0 !important;border-left-style: solid !important;border-right-color: #e0e0e0 !important;border-right-style: solid !important;border-top-color: #e0e0e0 !important;border-top-style: solid !important;border-bottom-color: #e0e0e0 !important;border-bottom-style: solid !important;}\u00a0\u00bb][vc_empty_space height=\u00a0\u00bb20px\u00a0\u00bb][vc_single_image image=\u00a0\u00bb4634&Prime; img_size=\u00a0\u00bblarge\u00a0\u00bb alignment=\u00a0\u00bbcenter\u00a0\u00bb][vc_row_inner][vc_column_inner][vc_empty_space height=\u00a0\u00bb20px\u00a0\u00bb][vc_custom_heading text=\u00a0\u00bbPetra Verduijn\u00a0\u00bb font_container=\u00a0\u00bbtag:h1|font_size:18|text_align:center\u00a0\u00bb use_theme_fonts=\u00a0\u00bbyes\u00a0\u00bb][vc_column_text]<\/p>\n<h5 style=\"text-align: center;\"><span style=\"color: #b20000; font-family: neosans-light; font-size: 10pt;\">Service commercial et exp\u00e9dition<\/span><\/h5>\n<p>[\/vc_column_text][\/vc_column_inner][\/vc_row_inner][vc_icon icon_fontawesome=\u00a0\u00bbfar fa-envelope\u00a0\u00bb color=\u00a0\u00bbcustom\u00a0\u00bb background_style=\u00a0\u00bbrounded-outline\u00a0\u00bb size=\u00a0\u00bbsm\u00a0\u00bb align=\u00a0\u00bbcenter\u00a0\u00bb link=\u00a0\u00bburl:mailto%3Acs%40turbovac.nl\u00a0\u00bb custom_color=\u00a0\u00bb#3a3a3a\u00a0\u00bb css=\u00a0\u00bb.vc_custom_1646732436890{padding-top: -20px !important;padding-bottom: -20px !important;}\u00a0\u00bb][vc_column_text]<\/p>\n<div class=\"views-field views-field-field-telefoonnummer\">\n<div class=\"field-content\" style=\"text-align: center;\"><strong>+31 (0)73 6 271 201<br \/>\n<\/strong><\/div>\n<\/div>\n<p>[\/vc_column_text][vc_empty_space height=\u00a0\u00bb2px\u00a0\u00bb][\/vc_column][vc_column width=\u00a0\u00bb1\/4&Prime; background_color=\u00a0\u00bb#efefef\u00a0\u00bb offset=\u00a0\u00bbvc_hidden-sm vc_hidden-xs\u00a0\u00bb][vc_empty_space height=\u00a0\u00bb500&Prime;][\/vc_column][\/vc_row][vc_row][vc_column width=\u00a0\u00bb1\/3&Prime; background_color=\u00a0\u00bb#b20000&Prime; el_class=\u00a0\u00bbkolomOver2&Prime; css=\u00a0\u00bb.vc_custom_1582472513286{padding-top: 50px !important;padding-bottom: 50px !important;background-position: center !important;background-repeat: no-repeat !important;background-size: cover !important;}\u00a0\u00bb][vc_custom_heading text=\u00a0\u00bbPOSER UNE<br \/>\nQUESTION G\u00c9N\u00c9RALE\u00a0\u00bb font_container=\u00a0\u00bbtag:h1|font_size:24|text_align:center|color:%23ffffff\u00a0\u00bb use_theme_fonts=\u00a0\u00bbyes\u00a0\u00bb css_animation=\u00a0\u00bbnone\u00a0\u00bb link=\u00a0\u00bburl:%2Ffr%2Fcontact-form%2F|title:Contact%20form||\u00a0\u00bb][\/vc_column][vc_column width=\u00a0\u00bb1\/3&Prime; background_color=\u00a0\u00bb#848484&Prime; el_class=\u00a0\u00bbkolomOver2&Prime; css=\u00a0\u00bb.vc_custom_1582472028668{padding-top: 50px !important;padding-bottom: 50px !important;}\u00a0\u00bb][vc_custom_heading text=\u00a0\u00bbPOSER UNE<br \/>\nQUESTION G\u00c9N\u00c9RALE\u00a0\u00bb font_container=\u00a0\u00bbtag:h1|font_size:24|text_align:center|color:%23ffffff\u00a0\u00bb use_theme_fonts=\u00a0\u00bbyes\u00a0\u00bb link=\u00a0\u00bburl:%2Ffr%2Fcontact-form%2F|title:Shipping%20Status%20Machines||\u00a0\u00bb][\/vc_column][vc_column width=\u00a0\u00bb1\/3&Prime; background_color=\u00a0\u00bb#686868&Prime; el_class=\u00a0\u00bbkolomOver2&Prime; css=\u00a0\u00bb.vc_custom_1582472042070{padding-top: 50px !important;padding-bottom: 50px !important;}\u00a0\u00bb][vc_custom_heading text=\u00a0\u00bbSTATUT DE<br \/>\nL&rsquo;EXP\u00c9DITION &lsquo;PARTIES'\u00a0\u00bb font_container=\u00a0\u00bbtag:h1|font_size:24|text_align:center|color:%23ffffff\u00a0\u00bb use_theme_fonts=\u00a0\u00bbyes\u00a0\u00bb link=\u00a0\u00bburl:https%3A%2F%2Fturbovac.nl%2Ffr%2Fstatut-de-lexpedition-parties%2F|title:Shipping%20Status%20Parts||\u00a0\u00bb][\/vc_column][\/vc_row][vc_row type=\u00a0\u00bbfull_width_background\u00a0\u00bb bg_color=\u00a0\u00bb#eaeaea\u00a0\u00bb][vc_column width=\u00a0\u00bb1\/6&Prime;][\/vc_column][vc_column width=\u00a0\u00bb2\/3&Prime; el_class=\u00a0\u00bbFAQsales\u00a0\u00bb][vc_text_separator title=\u00a0\u00bbQuestions les plus courantes sur les services et les pi\u00e8ces de rechange\u00a0\u00bb color=\u00a0\u00bbcustom\u00a0\u00bb accent_color=\u00a0\u00bb#6b6b6b\u00a0\u00bb][vc_empty_space][faq][\/vc_column][vc_column width=\u00a0\u00bb1\/6&Prime;][\/vc_column][\/vc_row][vc_row type=\u00a0\u00bbfull_width_content\u00a0\u00bb][vc_column background_color=\u00a0\u00bb#75001f\u00a0\u00bb][vc_empty_space][vc_custom_heading text=\u00a0\u00bbCAPTURE QUALITY\u00a0\u00bb font_container=\u00a0\u00bbtag:h2|font_size:35|text_align:center|color:%23ffffff|line_height:1.25&Prime; use_theme_fonts=\u00a0\u00bbyes\u00a0\u00bb][vc_empty_space][\/vc_column][\/vc_row]<\/p>\n","protected":false},"excerpt":{"rendered":"<p>[vc_row type=\u00a0\u00bbfull_width_background\u00a0\u00bb bg_image=\u00a0\u00bb5048&Prime; parallax_bg=\u00a0\u00bbtrue\u00a0\u00bb bg_color=\u00a0\u00bb#f6f6f6&Prime; overlay=\u00a0\u00bbtrue\u00a0\u00bb overlay_color=\u00a0\u00bbrgba(255,255,255,0.86)\u00a0\u00bb top_padding=\u00a0\u00bb80&Prime; bottom_padding=\u00a0\u00bb80&Prime;][vc_column width=\u00a0\u00bb1\/6&Prime;][\/vc_column][vc_column width=\u00a0\u00bb2\/3&Prime;][vc_custom_heading text=\u00a0\u00bbNotre \u00e9quipe commerciale est \u00e0 votre disposition.\u00a0\u00bb font_container=\u00a0\u00bbtag:h2|font_size:45px|text_align:center|line_height:54px\u00a0\u00bb use_theme_fonts=\u00a0\u00bbyes\u00a0\u00bb][vc_empty_space][vc_custom_heading text=\u00a0\u00bbSi vous avez besoin de conseils sur une machine \u00e0 vide, une option sp\u00e9ciale ou le statut d&rsquo;exp\u00e9dition, veuillez nous contacter par courriel ou par t\u00e9l\u00e9phone.\u00a0\u00bb font_container=\u00a0\u00bbtag:h2|font_size:25px|text_align:center|line_height:35px\u00a0\u00bb use_theme_fonts=\u00a0\u00bbyes\u00a0\u00bb][\/vc_column][vc_column width=\u00a0\u00bb1\/6&Prime;][\/vc_column][\/vc_row][vc_row type=\u00a0\u00bbfull_width_background\u00a0\u00bb bg_color=\u00a0\u00bb#fcfcfc\u00a0\u00bb][vc_column width=\u00a0\u00bb1\/4&Prime; background_color=\u00a0\u00bb#f9f9f9&Prime; css=\u00a0\u00bb.vc_custom_1572099072089{border-top-width: 1px [&hellip;]<\/p>\n","protected":false},"author":6,"featured_media":3902,"parent":0,"menu_order":0,"comment_status":"closed","ping_status":"closed","template":"","meta":{"_monsterinsights_skip_tracking":false,"_monsterinsights_sitenote_active":false,"_monsterinsights_sitenote_note":"","_monsterinsights_sitenote_category":0,"footnotes":""},"class_list":["post-8702","page","type-page","status-publish","has-post-thumbnail","hentry"],"yoast_head":"<!-- This site is optimized with the Yoast SEO plugin v22.7 - https:\/\/yoast.com\/wordpress\/plugins\/seo\/ -->\n<title>Service des vente Contact | Turbovac - first choice for professionals<\/title>\n<meta name=\"description\" content=\"Service des vente Contact. Si vous avez besoin de conseils sur une machine \u00e0 vide, une option sp\u00e9ciale ou le statut d&#039;exp\u00e9dition, veuillez nous contacter.\" \/>\n<meta name=\"robots\" content=\"index, follow, max-snippet:-1, max-image-preview:large, max-video-preview:-1\" \/>\n<link rel=\"canonical\" href=\"https:\/\/turbovac.nl\/fr\/service-des-vente\/\" \/>\n<meta property=\"og:locale\" content=\"fr_FR\" \/>\n<meta property=\"og:type\" content=\"article\" \/>\n<meta property=\"og:title\" content=\"Service des vente Contact | Turbovac - first choice for professionals\" \/>\n<meta property=\"og:description\" content=\"Service des vente Contact. Si vous avez besoin de conseils sur une machine \u00e0 vide, une option sp\u00e9ciale ou le statut d&#039;exp\u00e9dition, veuillez nous contacter.\" \/>\n<meta property=\"og:url\" content=\"https:\/\/turbovac.nl\/fr\/service-des-vente\/\" \/>\n<meta property=\"og:site_name\" content=\"TURBOVAC\" \/>\n<meta property=\"article:modified_time\" content=\"2022-03-08T09:40:41+00:00\" \/>\n<meta property=\"og:image\" content=\"https:\/\/turbovac.nl\/wp-content\/uploads\/2019\/10\/TT-zoom3940-1.jpg\" \/>\n\t<meta property=\"og:image:width\" content=\"1000\" \/>\n\t<meta property=\"og:image:height\" content=\"1064\" \/>\n\t<meta property=\"og:image:type\" content=\"image\/jpeg\" \/>\n<meta name=\"twitter:card\" content=\"summary_large_image\" \/>\n<meta name=\"twitter:label1\" content=\"Dur\u00e9e de lecture estim\u00e9e\" \/>\n\t<meta name=\"twitter:data1\" content=\"2 minutes\" \/>\n<script type=\"application\/ld+json\" class=\"yoast-schema-graph\">{\"@context\":\"https:\/\/schema.org\",\"@graph\":[{\"@type\":\"WebPage\",\"@id\":\"https:\/\/turbovac.nl\/fr\/service-des-vente\/\",\"url\":\"https:\/\/turbovac.nl\/fr\/service-des-vente\/\",\"name\":\"Service des vente Contact | Turbovac - first choice for professionals\",\"isPartOf\":{\"@id\":\"https:\/\/turbovac.nl\/#website\"},\"primaryImageOfPage\":{\"@id\":\"https:\/\/turbovac.nl\/fr\/service-des-vente\/#primaryimage\"},\"image\":{\"@id\":\"https:\/\/turbovac.nl\/fr\/service-des-vente\/#primaryimage\"},\"thumbnailUrl\":\"https:\/\/turbovac.nl\/wp-content\/uploads\/2019\/10\/TT-zoom3940-1.jpg\",\"datePublished\":\"2019-10-01T13:01:17+00:00\",\"dateModified\":\"2022-03-08T09:40:41+00:00\",\"description\":\"Service des vente Contact. Si vous avez besoin de conseils sur une machine \u00e0 vide, une option sp\u00e9ciale ou le statut d'exp\u00e9dition, veuillez nous contacter.\",\"breadcrumb\":{\"@id\":\"https:\/\/turbovac.nl\/fr\/service-des-vente\/#breadcrumb\"},\"inLanguage\":\"fr-FR\",\"potentialAction\":[{\"@type\":\"ReadAction\",\"target\":[\"https:\/\/turbovac.nl\/fr\/service-des-vente\/\"]}]},{\"@type\":\"ImageObject\",\"inLanguage\":\"fr-FR\",\"@id\":\"https:\/\/turbovac.nl\/fr\/service-des-vente\/#primaryimage\",\"url\":\"https:\/\/turbovac.nl\/wp-content\/uploads\/2019\/10\/TT-zoom3940-1.jpg\",\"contentUrl\":\"https:\/\/turbovac.nl\/wp-content\/uploads\/2019\/10\/TT-zoom3940-1.jpg\",\"width\":1000,\"height\":1064,\"caption\":\"Tabletop detail Gastronomy\"},{\"@type\":\"BreadcrumbList\",\"@id\":\"https:\/\/turbovac.nl\/fr\/service-des-vente\/#breadcrumb\",\"itemListElement\":[{\"@type\":\"ListItem\",\"position\":1,\"name\":\"Home\",\"item\":\"https:\/\/turbovac.nl\/fr\/\"},{\"@type\":\"ListItem\",\"position\":2,\"name\":\"Service des vente\"}]},{\"@type\":\"WebSite\",\"@id\":\"https:\/\/turbovac.nl\/#website\",\"url\":\"https:\/\/turbovac.nl\/\",\"name\":\"TURBOVAC\",\"description\":\"Vacuum Packaging Machines\",\"potentialAction\":[{\"@type\":\"SearchAction\",\"target\":{\"@type\":\"EntryPoint\",\"urlTemplate\":\"https:\/\/turbovac.nl\/?s={search_term_string}\"},\"query-input\":\"required name=search_term_string\"}],\"inLanguage\":\"fr-FR\"}]}<\/script>\n<!-- \/ Yoast SEO plugin. -->","yoast_head_json":{"title":"Service des vente Contact | Turbovac - first choice for professionals","description":"Service des vente Contact. Si vous avez besoin de conseils sur une machine \u00e0 vide, une option sp\u00e9ciale ou le statut d'exp\u00e9dition, veuillez nous contacter.","robots":{"index":"index","follow":"follow","max-snippet":"max-snippet:-1","max-image-preview":"max-image-preview:large","max-video-preview":"max-video-preview:-1"},"canonical":"https:\/\/turbovac.nl\/fr\/service-des-vente\/","og_locale":"fr_FR","og_type":"article","og_title":"Service des vente Contact | Turbovac - first choice for professionals","og_description":"Service des vente Contact. Si vous avez besoin de conseils sur une machine \u00e0 vide, une option sp\u00e9ciale ou le statut d'exp\u00e9dition, veuillez nous contacter.","og_url":"https:\/\/turbovac.nl\/fr\/service-des-vente\/","og_site_name":"TURBOVAC","article_modified_time":"2022-03-08T09:40:41+00:00","og_image":[{"width":1000,"height":1064,"url":"https:\/\/turbovac.nl\/wp-content\/uploads\/2019\/10\/TT-zoom3940-1.jpg","type":"image\/jpeg"}],"twitter_card":"summary_large_image","twitter_misc":{"Dur\u00e9e de lecture estim\u00e9e":"2 minutes"},"schema":{"@context":"https:\/\/schema.org","@graph":[{"@type":"WebPage","@id":"https:\/\/turbovac.nl\/fr\/service-des-vente\/","url":"https:\/\/turbovac.nl\/fr\/service-des-vente\/","name":"Service des vente Contact | Turbovac - first choice for professionals","isPartOf":{"@id":"https:\/\/turbovac.nl\/#website"},"primaryImageOfPage":{"@id":"https:\/\/turbovac.nl\/fr\/service-des-vente\/#primaryimage"},"image":{"@id":"https:\/\/turbovac.nl\/fr\/service-des-vente\/#primaryimage"},"thumbnailUrl":"https:\/\/turbovac.nl\/wp-content\/uploads\/2019\/10\/TT-zoom3940-1.jpg","datePublished":"2019-10-01T13:01:17+00:00","dateModified":"2022-03-08T09:40:41+00:00","description":"Service des vente Contact. Si vous avez besoin de conseils sur une machine \u00e0 vide, une option sp\u00e9ciale ou le statut d'exp\u00e9dition, veuillez nous contacter.","breadcrumb":{"@id":"https:\/\/turbovac.nl\/fr\/service-des-vente\/#breadcrumb"},"inLanguage":"fr-FR","potentialAction":[{"@type":"ReadAction","target":["https:\/\/turbovac.nl\/fr\/service-des-vente\/"]}]},{"@type":"ImageObject","inLanguage":"fr-FR","@id":"https:\/\/turbovac.nl\/fr\/service-des-vente\/#primaryimage","url":"https:\/\/turbovac.nl\/wp-content\/uploads\/2019\/10\/TT-zoom3940-1.jpg","contentUrl":"https:\/\/turbovac.nl\/wp-content\/uploads\/2019\/10\/TT-zoom3940-1.jpg","width":1000,"height":1064,"caption":"Tabletop detail Gastronomy"},{"@type":"BreadcrumbList","@id":"https:\/\/turbovac.nl\/fr\/service-des-vente\/#breadcrumb","itemListElement":[{"@type":"ListItem","position":1,"name":"Home","item":"https:\/\/turbovac.nl\/fr\/"},{"@type":"ListItem","position":2,"name":"Service des vente"}]},{"@type":"WebSite","@id":"https:\/\/turbovac.nl\/#website","url":"https:\/\/turbovac.nl\/","name":"TURBOVAC","description":"Vacuum Packaging Machines","potentialAction":[{"@type":"SearchAction","target":{"@type":"EntryPoint","urlTemplate":"https:\/\/turbovac.nl\/?s={search_term_string}"},"query-input":"required name=search_term_string"}],"inLanguage":"fr-FR"}]}},"_links":{"self":[{"href":"https:\/\/turbovac.nl\/fr\/wp-json\/wp\/v2\/pages\/8702","targetHints":{"allow":["GET"]}}],"collection":[{"href":"https:\/\/turbovac.nl\/fr\/wp-json\/wp\/v2\/pages"}],"about":[{"href":"https:\/\/turbovac.nl\/fr\/wp-json\/wp\/v2\/types\/page"}],"author":[{"embeddable":true,"href":"https:\/\/turbovac.nl\/fr\/wp-json\/wp\/v2\/users\/6"}],"replies":[{"embeddable":true,"href":"https:\/\/turbovac.nl\/fr\/wp-json\/wp\/v2\/comments?post=8702"}],"version-history":[{"count":5,"href":"https:\/\/turbovac.nl\/fr\/wp-json\/wp\/v2\/pages\/8702\/revisions"}],"predecessor-version":[{"id":11876,"href":"https:\/\/turbovac.nl\/fr\/wp-json\/wp\/v2\/pages\/8702\/revisions\/11876"}],"wp:featuredmedia":[{"embeddable":true,"href":"https:\/\/turbovac.nl\/fr\/wp-json\/wp\/v2\/media\/3902"}],"wp:attachment":[{"href":"https:\/\/turbovac.nl\/fr\/wp-json\/wp\/v2\/media?parent=8702"}],"curies":[{"name":"wp","href":"https:\/\/api.w.org\/{rel}","templated":true}]}}