{"id":8737,"date":"2019-11-14T18:05:38","date_gmt":"2019-11-14T17:05:38","guid":{"rendered":"https:\/\/turbovac.nl\/conversion-table-old-new\/"},"modified":"2020-03-31T10:14:04","modified_gmt":"2020-03-31T09:14:04","slug":"tableau-de-conversion","status":"publish","type":"page","link":"https:\/\/turbovac.nl\/fr\/tableau-de-conversion\/","title":{"rendered":"Tableau de conversion"},"content":{"rendered":"<p>[vc_row type=\u00a0\u00bbfull_width_background\u00a0\u00bb bg_color=\u00a0\u00bb#f7f7f7&Prime;][vc_column width=\u00a0\u00bb1\/4&Prime;][\/vc_column][vc_column width=\u00a0\u00bb3\/4&Prime;][vc_custom_heading text=\u00a0\u00bbTableau de conversion<br \/>\nAncien &amp; Nouveau\u00a0\u00bb font_container=\u00a0\u00bbtag:h1|font_size:48px|text_align:left|color:%23444444|line_height:56px\u00a0\u00bb google_fonts=\u00a0\u00bbfont_family:Open%20Sans%3A300%2C300italic%2Cregular%2Citalic%2C600%2C600italic%2C700%2C700italic%2C800%2C800italic|font_style:700%20bold%20regular%3A700%3Anormal\u00a0\u00bb][vc_column_text]<strong>Tableau de conversion Ancien (2013 et avant) &amp; Nouveau (introduit en 2014)<\/strong><\/p>\n<p>Les noms des machines ont \u00e9t\u00e9 simplifi\u00e9s et vous constaterez que les machines ont \u00e9t\u00e9 techniquement am\u00e9lior\u00e9es. La gamme de produits est plus claire et il sera plus facile et plus rapide de faire le bon, et le meilleur, choix.[\/vc_column_text][vc_column_text]<\/p>\n<table style=\"height: 798px;\" border=\"1\" width=\"617\" cellspacing=\"0\" cellpadding=\"0\">\n<tbody>\n<tr>\n<td style=\"text-align: center;\" colspan=\"3\">TABLEAU DE CONVERSION ANCIEN &amp; NOUVEAU<\/td>\n<\/tr>\n<tr>\n<td><\/td>\n<td>\u00a0TURBOVAC <strong>NOUVEAU<\/strong><\/td>\n<td>\u00a0TURBOVAC <strong>ANCIEN<\/strong><\/td>\n<\/tr>\n<tr>\n<td style=\"text-align: center;\" colspan=\"3\"><strong>COUVERCLE TRANSPARENT ET CHAMBRE EN ACIER INOXYDABLE<\/strong><\/td>\n<\/tr>\n<tr>\n<td>\u00a0MACHINES DE TABLE<\/td>\n<td><strong>\u00a0S20<\/strong><\/td>\n<td>\u00a0120STE ECO 140STE ECO<\/td>\n<\/tr>\n<tr>\n<td>\u00a0MACHINES DE TABLE<\/td>\n<td><strong>\u00a0S30<\/strong><\/td>\n<td>\u00a0160STE 320ST<\/td>\n<\/tr>\n<tr>\n<td>\u00a0MACHINES DE TABLE<\/td>\n<td><strong>\u00a0S40<\/strong><\/td>\n<td>\u00a018ST (440ST) 420ST 430STE<\/td>\n<\/tr>\n<tr>\n<td>\u00a0MACHINES DE TABLE<\/td>\n<td><strong>\u00a0S50<\/strong><\/td>\n<td>\u00a0450STE<\/td>\n<\/tr>\n<tr>\n<td><\/td>\n<td><\/td>\n<td><\/td>\n<\/tr>\n<tr>\n<td style=\"text-align: center;\" colspan=\"3\"><strong>COUVERCLE TRANSPARENT ET CHAMBRE EN ACIER INOXYDABLE<\/strong><\/td>\n<\/tr>\n<tr>\n<td>\u00a0SIMPLE CLOCHE<\/td>\n<td><strong>\u00a0M10<\/strong><\/td>\n<td>\u00a0470ST 530STE<\/td>\n<\/tr>\n<tr>\n<td>\u00a0SIMPLE CLOCHE<\/td>\n<td><strong>\u00a0M20<\/strong><\/td>\n<td>\u00a0520ST 590STE<\/td>\n<\/tr>\n<tr>\n<td>\u00a0SIMPLE CLOCHE<\/td>\n<td><strong>\u00a0M30<\/strong><\/td>\n<td>\u00a0450STE MOBILE VERSION<\/td>\n<\/tr>\n<tr>\n<td style=\"text-align: center;\" colspan=\"3\"><strong>\u00a0COUVERCLE ET CHAMBRE EN ALUMINIUM<\/strong><\/td>\n<\/tr>\n<tr>\n<td>\u00a0SIMPLE CLOCHE<\/td>\n<td><strong>\u00a0M40<\/strong><\/td>\n<td>\u00a0580STE<\/td>\n<\/tr>\n<tr>\n<td>\u00a0SIMPLE CLOCHE<\/td>\n<td><strong>\u00a0M50<\/strong><\/td>\n<td>\u00a0880STE<\/td>\n<\/tr>\n<tr>\n<td>\u00a0SIMPLE CLOCHE<\/td>\n<td><strong>\u00a0M60<\/strong><\/td>\n<td>\u00a0880STE XL<\/td>\n<\/tr>\n<tr>\n<td>\u00a0SIMPLE CLOCHE<\/td>\n<td><strong>\u00a0M70<\/strong><\/td>\n<td>\u00a0SB 520<\/td>\n<\/tr>\n<tr>\n<td>\u00a0SIMPLE CLOCHE<\/td>\n<td><strong>\u00a0M80<\/strong><\/td>\n<td>\u00a0SB 820<\/td>\n<\/tr>\n<tr>\n<td>\u00a0DOUBLE CLOCHE<\/td>\n<td><strong>\u00a0L10<\/strong><\/td>\n<td>\u00a0700STE XL<\/td>\n<\/tr>\n<tr>\n<td>\u00a0DOUBLE CLOCHE<\/td>\n<td><strong>\u00a0L30<\/strong><\/td>\n<td>\u00a0900STE XL 950STE XLE<\/td>\n<\/tr>\n<tr>\n<td>\u00a0DOUBLE CLOCHE<\/td>\n<td><strong>\u00a0L40<\/strong><\/td>\n<td>\u00a01000STE XL<\/td>\n<\/tr>\n<tr>\n<td>\u00a0DOUBLE CLOCHE<\/td>\n<td><strong>\u00a0L60<\/strong><\/td>\n<td>\u00a0SB 620<\/td>\n<\/tr>\n<tr>\n<td>\u00a0LIGNE AUTOMATIQUE<\/td>\n<td><em>\u00a0No changes<\/em><\/td>\n<td>\u00a0A5000<\/td>\n<\/tr>\n<tr>\n<td>\u00a0BACS DE R\u00c9TRACTION<\/td>\n<td><em>\u00a0No changes<\/em><\/td>\n<td>\u00a0HV 50\/75<\/td>\n<\/tr>\n<tr>\n<td>\u00a0BACS DE R\u00c9TRACTION<\/td>\n<td><em>\u00a0No changes<\/em><\/td>\n<td>\u00a0HV 40\/60<\/td>\n<\/tr>\n<tr>\n<td>\u00a0OPERCULEUSE<\/td>\n<td><em>\u00a0No changes<\/em><\/td>\n<td>\u00a0TPS Mini<\/td>\n<\/tr>\n<tr>\n<td>\u00a0OPERCULEUSE<\/td>\n<td><em>\u00a0No changes<\/em><\/td>\n<td>\u00a0TPS XL<\/td>\n<\/tr>\n<tr>\n<td>\u00a0OPERCULEUSE<\/td>\n<td><em>\u00a0No changes<\/em><\/td>\n<td>\u00a0TPS 1000<\/td>\n<\/tr>\n<tr>\n<td>\u00a0OPERCULEUSE<\/td>\n<td><em>\u00a0No changes<\/em><\/td>\n<td>\u00a0TPS 2000<\/td>\n<\/tr>\n<tr>\n<td>\u00a0THERMOFORMEUSES<\/td>\n<td><em>\u00a0No changes<\/em><\/td>\n<td>\u00a0TH FLEX<\/td>\n<\/tr>\n<tr>\n<td>\u00a0THERMOFORMEUSES<\/td>\n<td><em>\u00a0No changes<\/em><\/td>\n<td>\u00a0TH RIGID<\/td>\n<\/tr>\n<\/tbody>\n<\/table>\n<p>[\/vc_column_text][vc_btn title=\u00a0\u00bbT\u00e9l\u00e9charger l&rsquo;aper\u00e7u en PDF\u00a0\u00bb style=\u00a0\u00bbflat\u00a0\u00bb shape=\u00a0\u00bbsquare\u00a0\u00bb color=\u00a0\u00bbturquoise\u00a0\u00bb align=\u00a0\u00bbleft\u00a0\u00bb i_align=\u00a0\u00bbright\u00a0\u00bb i_type=\u00a0\u00bbopeniconic\u00a0\u00bb i_icon_openiconic=\u00a0\u00bbvc-oi vc-oi-down-circle\u00a0\u00bb add_icon=\u00a0\u00bbtrue\u00a0\u00bb link=\u00a0\u00bburl:https%3A%2F%2Fturbovac.nl%2Fwp-content%2Fuploads%2F2020%2F03%2FTV_conversion-table.pdf||target:%20_blank|\u00a0\u00bb][\/vc_column][\/vc_row][vc_row][vc_column width=\u00a0\u00bb1\/3&Prime; background_color=\u00a0\u00bb#eb6f2e\u00a0\u00bb el_class=\u00a0\u00bbkolomOver2&Prime; css=\u00a0\u00bb.vc_custom_1581949052078{padding-top: 50px !important;padding-bottom: 50px !important;background-position: center !important;background-repeat: no-repeat !important;background-size: cover !important;}\u00a0\u00bb][vc_custom_heading text=\u00a0\u00bbCONTACTEZ<br \/>\nNOUS\u00a0\u00bb font_container=\u00a0\u00bbtag:h1|font_size:24|text_align:center|color:%23ffffff\u00a0\u00bb use_theme_fonts=\u00a0\u00bbyes\u00a0\u00bb css_animation=\u00a0\u00bbnone\u00a0\u00bb link=\u00a0\u00bburl:%2Ffr%2Fservice-des-vente%2F|title:Sales%20department||\u00a0\u00bb][\/vc_column][vc_column width=\u00a0\u00bb1\/3&Prime; background_color=\u00a0\u00bb#d20037&Prime; el_class=\u00a0\u00bbkolomOver2&Prime; css=\u00a0\u00bb.vc_custom_1581949129587{padding-top: 50px !important;padding-bottom: 50px !important;}\u00a0\u00bb][vc_custom_heading text=\u00a0\u00bbDEMANDEZ UNE<br \/>\nCOTATION PERSONNELLE\u00a0\u00bb font_container=\u00a0\u00bbtag:h1|font_size:24|text_align:center|color:%23ffffff\u00a0\u00bb use_theme_fonts=\u00a0\u00bbyes\u00a0\u00bb link=\u00a0\u00bburl:%2Ffr%2Fdemandez-une-cotation-personnelle%2F|title:Request%20Quotation||\u00a0\u00bb][\/vc_column][vc_column width=\u00a0\u00bb1\/3&Prime; background_color=\u00a0\u00bb#9e2142&Prime; el_class=\u00a0\u00bbkolomOver2&Prime; css=\u00a0\u00bb.vc_custom_1581949206465{padding-top: 50px !important;padding-bottom: 50px !important;}\u00a0\u00bb][vc_custom_heading text=\u00a0\u00bbDEVENEZ<br \/>\nDISTRIBUTEUR\u00a0\u00bb font_container=\u00a0\u00bbtag:h1|font_size:24|text_align:center|color:%23ffffff\u00a0\u00bb use_theme_fonts=\u00a0\u00bbyes\u00a0\u00bb link=\u00a0\u00bburl:%2Ffr%2Fdevenez-distributeur%2F|title:Become%20a%20distributor||\u00a0\u00bb][\/vc_column][\/vc_row][vc_row type=\u00a0\u00bbfull_width_background\u00a0\u00bb class=\u00a0\u00bbkolomOver\u00a0\u00bb][vc_column width=\u00a0\u00bb1\/3&Prime; el_class=\u00a0\u00bbkolomOver\u00a0\u00bb][services_medium title=\u00a0\u00bbINDUSTRIE DE LA VIANDE\u00a0\u00bb style=\u00a0\u00bbstyle_3&Prime; icon=\u00a0\u00bbsteadysets-icon-bones\u00a0\u00bb icon_color=\u00a0\u00bb#d20037&Prime; border_color=\u00a0\u00bb#d20037&Prime; dynamic_content_link=\u00a0\u00bb\/fr\/les-marches-de-turbovac\/la-transformation-de-la-viande\/\u00a0\u00bb]Des emballages de haute qualit\u00e9 pour am\u00e9liorer le processus d\u2019emballage de vos clients.[\/services_medium][\/vc_column][vc_column width=\u00a0\u00bb1\/3&Prime; el_class=\u00a0\u00bbkolomOver\u00a0\u00bb][services_medium title=\u00a0\u00bbTRANSFORMATION ALIMENTAIRE\u00a0\u00bb style=\u00a0\u00bbstyle_3&Prime; icon=\u00a0\u00bblinecon-icon-food\u00a0\u00bb icon_color=\u00a0\u00bb#d20037&Prime; border_color=\u00a0\u00bb#d20037&Prime; dynamic_content_link=\u00a0\u00bb\/fr\/les-marches-de-turbovac\/industrie-de-la-transformation-alimentaire\/\u00a0\u00bb]Optimisation et flexibilit\u00e9 dans tous les types de transformation alimentaire.[\/services_medium][\/vc_column][vc_column width=\u00a0\u00bb1\/3&Prime; el_class=\u00a0\u00bbkolomOver\u00a0\u00bb][services_medium title=\u00a0\u00bbINDUSTRIE NON ALIMENTAIRE\u00a0\u00bb style=\u00a0\u00bbstyle_3&Prime; icon=\u00a0\u00bbsteadysets-icon-lab\u00a0\u00bb icon_color=\u00a0\u00bb#d20037&Prime; border_color=\u00a0\u00bb#d20037&Prime; dynamic_content_link=\u00a0\u00bb\/fr\/les-marches-de-turbovac\/industrie-non-alimentaire\/\u00a0\u00bb]Protection optimale contre la salet\u00e9, la poussi\u00e8re et l&rsquo;humidit\u00e9.[\/services_medium][\/vc_column][\/vc_row][vc_row type=\u00a0\u00bbfull_width_content\u00a0\u00bb][vc_column background_color=\u00a0\u00bb#75001f\u00a0\u00bb][vc_empty_space][vc_custom_heading text=\u00a0\u00bbCAPTURE QUALITY\u00a0\u00bb font_container=\u00a0\u00bbtag:h2|font_size:35|text_align:center|color:%23ffffff|line_height:1.25&Prime; use_theme_fonts=\u00a0\u00bbyes\u00a0\u00bb][vc_empty_space][\/vc_column][\/vc_row]<\/p>\n","protected":false},"excerpt":{"rendered":"<p>[vc_row type=\u00a0\u00bbfull_width_background\u00a0\u00bb bg_color=\u00a0\u00bb#f7f7f7&Prime;][vc_column width=\u00a0\u00bb1\/4&Prime;][\/vc_column][vc_column width=\u00a0\u00bb3\/4&Prime;][vc_custom_heading text=\u00a0\u00bbTableau de conversion Ancien &amp; Nouveau\u00a0\u00bb font_container=\u00a0\u00bbtag:h1|font_size:48px|text_align:left|color:%23444444|line_height:56px\u00a0\u00bb google_fonts=\u00a0\u00bbfont_family:Open%20Sans%3A300%2C300italic%2Cregular%2Citalic%2C600%2C600italic%2C700%2C700italic%2C800%2C800italic|font_style:700%20bold%20regular%3A700%3Anormal\u00a0\u00bb][vc_column_text]Tableau de conversion Ancien (2013 et avant) &amp; Nouveau (introduit en 2014) Les noms des machines ont \u00e9t\u00e9 simplifi\u00e9s et vous constaterez que les machines ont \u00e9t\u00e9 techniquement am\u00e9lior\u00e9es. La gamme de produits est plus claire et il sera plus facile et plus [&hellip;]<\/p>\n","protected":false},"author":6,"featured_media":3902,"parent":0,"menu_order":0,"comment_status":"closed","ping_status":"closed","template":"","meta":{"_monsterinsights_skip_tracking":false,"_monsterinsights_sitenote_active":false,"_monsterinsights_sitenote_note":"","_monsterinsights_sitenote_category":0,"footnotes":""},"class_list":["post-8737","page","type-page","status-publish","has-post-thumbnail","hentry"],"yoast_head":"<!-- This site is optimized with the Yoast SEO plugin v22.7 - https:\/\/yoast.com\/wordpress\/plugins\/seo\/ -->\n<title>Tableau de conversion Ancien &amp; Nouveau | Turbovac - Capture Quality<\/title>\n<meta name=\"description\" content=\"Tableau de conversion Ancien (2013 et avant) &amp; Nouveau (introduit en 2014). Les noms ont \u00e9t\u00e9 simplifi\u00e9s et ont fait l&#039;objet d&#039;am\u00e9liorations techniques.\" \/>\n<meta name=\"robots\" content=\"index, follow, max-snippet:-1, max-image-preview:large, max-video-preview:-1\" \/>\n<link rel=\"canonical\" href=\"https:\/\/turbovac.nl\/fr\/tableau-de-conversion\/\" \/>\n<meta property=\"og:locale\" content=\"fr_FR\" \/>\n<meta property=\"og:type\" content=\"article\" \/>\n<meta property=\"og:title\" content=\"Tableau de conversion Ancien &amp; Nouveau | Turbovac - Capture Quality\" \/>\n<meta property=\"og:description\" content=\"Tableau de conversion Ancien (2013 et avant) &amp; Nouveau (introduit en 2014). Les noms ont \u00e9t\u00e9 simplifi\u00e9s et ont fait l&#039;objet d&#039;am\u00e9liorations techniques.\" \/>\n<meta property=\"og:url\" content=\"https:\/\/turbovac.nl\/fr\/tableau-de-conversion\/\" \/>\n<meta property=\"og:site_name\" content=\"TURBOVAC\" \/>\n<meta property=\"article:modified_time\" content=\"2020-03-31T09:14:04+00:00\" \/>\n<meta property=\"og:image\" content=\"https:\/\/turbovac.nl\/wp-content\/uploads\/2019\/10\/TT-zoom3940-1.jpg\" \/>\n\t<meta property=\"og:image:width\" content=\"1000\" \/>\n\t<meta property=\"og:image:height\" content=\"1064\" \/>\n\t<meta property=\"og:image:type\" content=\"image\/jpeg\" \/>\n<meta name=\"twitter:card\" content=\"summary_large_image\" \/>\n<meta name=\"twitter:label1\" content=\"Dur\u00e9e de lecture estim\u00e9e\" \/>\n\t<meta name=\"twitter:data1\" content=\"4 minutes\" \/>\n<script type=\"application\/ld+json\" class=\"yoast-schema-graph\">{\"@context\":\"https:\/\/schema.org\",\"@graph\":[{\"@type\":\"WebPage\",\"@id\":\"https:\/\/turbovac.nl\/fr\/tableau-de-conversion\/\",\"url\":\"https:\/\/turbovac.nl\/fr\/tableau-de-conversion\/\",\"name\":\"Tableau de conversion Ancien & Nouveau | Turbovac - Capture Quality\",\"isPartOf\":{\"@id\":\"https:\/\/turbovac.nl\/#website\"},\"primaryImageOfPage\":{\"@id\":\"https:\/\/turbovac.nl\/fr\/tableau-de-conversion\/#primaryimage\"},\"image\":{\"@id\":\"https:\/\/turbovac.nl\/fr\/tableau-de-conversion\/#primaryimage\"},\"thumbnailUrl\":\"https:\/\/turbovac.nl\/wp-content\/uploads\/2019\/10\/TT-zoom3940-1.jpg\",\"datePublished\":\"2019-11-14T17:05:38+00:00\",\"dateModified\":\"2020-03-31T09:14:04+00:00\",\"description\":\"Tableau de conversion Ancien (2013 et avant) & Nouveau (introduit en 2014). Les noms ont \u00e9t\u00e9 simplifi\u00e9s et ont fait l'objet d'am\u00e9liorations techniques.\",\"breadcrumb\":{\"@id\":\"https:\/\/turbovac.nl\/fr\/tableau-de-conversion\/#breadcrumb\"},\"inLanguage\":\"fr-FR\",\"potentialAction\":[{\"@type\":\"ReadAction\",\"target\":[\"https:\/\/turbovac.nl\/fr\/tableau-de-conversion\/\"]}]},{\"@type\":\"ImageObject\",\"inLanguage\":\"fr-FR\",\"@id\":\"https:\/\/turbovac.nl\/fr\/tableau-de-conversion\/#primaryimage\",\"url\":\"https:\/\/turbovac.nl\/wp-content\/uploads\/2019\/10\/TT-zoom3940-1.jpg\",\"contentUrl\":\"https:\/\/turbovac.nl\/wp-content\/uploads\/2019\/10\/TT-zoom3940-1.jpg\",\"width\":1000,\"height\":1064,\"caption\":\"Tabletop detail Gastronomy\"},{\"@type\":\"BreadcrumbList\",\"@id\":\"https:\/\/turbovac.nl\/fr\/tableau-de-conversion\/#breadcrumb\",\"itemListElement\":[{\"@type\":\"ListItem\",\"position\":1,\"name\":\"Home\",\"item\":\"https:\/\/turbovac.nl\/fr\/\"},{\"@type\":\"ListItem\",\"position\":2,\"name\":\"Tableau de conversion\"}]},{\"@type\":\"WebSite\",\"@id\":\"https:\/\/turbovac.nl\/#website\",\"url\":\"https:\/\/turbovac.nl\/\",\"name\":\"TURBOVAC\",\"description\":\"Vacuum Packaging Machines\",\"potentialAction\":[{\"@type\":\"SearchAction\",\"target\":{\"@type\":\"EntryPoint\",\"urlTemplate\":\"https:\/\/turbovac.nl\/?s={search_term_string}\"},\"query-input\":\"required name=search_term_string\"}],\"inLanguage\":\"fr-FR\"}]}<\/script>\n<!-- \/ Yoast SEO plugin. -->","yoast_head_json":{"title":"Tableau de conversion Ancien & Nouveau | Turbovac - Capture Quality","description":"Tableau de conversion Ancien (2013 et avant) & Nouveau (introduit en 2014). Les noms ont \u00e9t\u00e9 simplifi\u00e9s et ont fait l'objet d'am\u00e9liorations techniques.","robots":{"index":"index","follow":"follow","max-snippet":"max-snippet:-1","max-image-preview":"max-image-preview:large","max-video-preview":"max-video-preview:-1"},"canonical":"https:\/\/turbovac.nl\/fr\/tableau-de-conversion\/","og_locale":"fr_FR","og_type":"article","og_title":"Tableau de conversion Ancien & Nouveau | Turbovac - Capture Quality","og_description":"Tableau de conversion Ancien (2013 et avant) & Nouveau (introduit en 2014). Les noms ont \u00e9t\u00e9 simplifi\u00e9s et ont fait l'objet d'am\u00e9liorations techniques.","og_url":"https:\/\/turbovac.nl\/fr\/tableau-de-conversion\/","og_site_name":"TURBOVAC","article_modified_time":"2020-03-31T09:14:04+00:00","og_image":[{"width":1000,"height":1064,"url":"https:\/\/turbovac.nl\/wp-content\/uploads\/2019\/10\/TT-zoom3940-1.jpg","type":"image\/jpeg"}],"twitter_card":"summary_large_image","twitter_misc":{"Dur\u00e9e de lecture estim\u00e9e":"4 minutes"},"schema":{"@context":"https:\/\/schema.org","@graph":[{"@type":"WebPage","@id":"https:\/\/turbovac.nl\/fr\/tableau-de-conversion\/","url":"https:\/\/turbovac.nl\/fr\/tableau-de-conversion\/","name":"Tableau de conversion Ancien & Nouveau | Turbovac - Capture Quality","isPartOf":{"@id":"https:\/\/turbovac.nl\/#website"},"primaryImageOfPage":{"@id":"https:\/\/turbovac.nl\/fr\/tableau-de-conversion\/#primaryimage"},"image":{"@id":"https:\/\/turbovac.nl\/fr\/tableau-de-conversion\/#primaryimage"},"thumbnailUrl":"https:\/\/turbovac.nl\/wp-content\/uploads\/2019\/10\/TT-zoom3940-1.jpg","datePublished":"2019-11-14T17:05:38+00:00","dateModified":"2020-03-31T09:14:04+00:00","description":"Tableau de conversion Ancien (2013 et avant) & Nouveau (introduit en 2014). Les noms ont \u00e9t\u00e9 simplifi\u00e9s et ont fait l'objet d'am\u00e9liorations techniques.","breadcrumb":{"@id":"https:\/\/turbovac.nl\/fr\/tableau-de-conversion\/#breadcrumb"},"inLanguage":"fr-FR","potentialAction":[{"@type":"ReadAction","target":["https:\/\/turbovac.nl\/fr\/tableau-de-conversion\/"]}]},{"@type":"ImageObject","inLanguage":"fr-FR","@id":"https:\/\/turbovac.nl\/fr\/tableau-de-conversion\/#primaryimage","url":"https:\/\/turbovac.nl\/wp-content\/uploads\/2019\/10\/TT-zoom3940-1.jpg","contentUrl":"https:\/\/turbovac.nl\/wp-content\/uploads\/2019\/10\/TT-zoom3940-1.jpg","width":1000,"height":1064,"caption":"Tabletop detail Gastronomy"},{"@type":"BreadcrumbList","@id":"https:\/\/turbovac.nl\/fr\/tableau-de-conversion\/#breadcrumb","itemListElement":[{"@type":"ListItem","position":1,"name":"Home","item":"https:\/\/turbovac.nl\/fr\/"},{"@type":"ListItem","position":2,"name":"Tableau de conversion"}]},{"@type":"WebSite","@id":"https:\/\/turbovac.nl\/#website","url":"https:\/\/turbovac.nl\/","name":"TURBOVAC","description":"Vacuum Packaging Machines","potentialAction":[{"@type":"SearchAction","target":{"@type":"EntryPoint","urlTemplate":"https:\/\/turbovac.nl\/?s={search_term_string}"},"query-input":"required name=search_term_string"}],"inLanguage":"fr-FR"}]}},"_links":{"self":[{"href":"https:\/\/turbovac.nl\/fr\/wp-json\/wp\/v2\/pages\/8737","targetHints":{"allow":["GET"]}}],"collection":[{"href":"https:\/\/turbovac.nl\/fr\/wp-json\/wp\/v2\/pages"}],"about":[{"href":"https:\/\/turbovac.nl\/fr\/wp-json\/wp\/v2\/types\/page"}],"author":[{"embeddable":true,"href":"https:\/\/turbovac.nl\/fr\/wp-json\/wp\/v2\/users\/6"}],"replies":[{"embeddable":true,"href":"https:\/\/turbovac.nl\/fr\/wp-json\/wp\/v2\/comments?post=8737"}],"version-history":[{"count":0,"href":"https:\/\/turbovac.nl\/fr\/wp-json\/wp\/v2\/pages\/8737\/revisions"}],"wp:featuredmedia":[{"embeddable":true,"href":"https:\/\/turbovac.nl\/fr\/wp-json\/wp\/v2\/media\/3902"}],"wp:attachment":[{"href":"https:\/\/turbovac.nl\/fr\/wp-json\/wp\/v2\/media?parent=8737"}],"curies":[{"name":"wp","href":"https:\/\/api.w.org\/{rel}","templated":true}]}}