{"id":8787,"date":"2019-12-02T22:17:01","date_gmt":"2019-12-02T21:17:01","guid":{"rendered":"https:\/\/turbovac.nl\/frequently-asked-questions\/"},"modified":"2020-03-29T17:17:14","modified_gmt":"2020-03-29T16:17:14","slug":"foire-aux-questions","status":"publish","type":"page","link":"https:\/\/turbovac.nl\/fr\/foire-aux-questions\/","title":{"rendered":"FAQ"},"content":{"rendered":"<p>[vc_row type=\u00a0\u00bbfull_width_background\u00a0\u00bb bg_color=\u00a0\u00bb#f7f7f7&Prime;][vc_column width=\u00a0\u00bb1\/4&Prime;][\/vc_column][vc_column width=\u00a0\u00bb3\/4&Prime;][vc_custom_heading text=\u00a0\u00bbFoire aux questions\u00a0\u00bb font_container=\u00a0\u00bbtag:h1|font_size:48px|text_align:left|color:%23444444|line_height:56px\u00a0\u00bb google_fonts=\u00a0\u00bbfont_family:Open%20Sans%3A300%2C300italic%2Cregular%2Citalic%2C600%2C600italic%2C700%2C700italic%2C800%2C800italic|font_style:700%20bold%20regular%3A700%3Anormal\u00a0\u00bb][vc_column_text]Sur cette page, vous trouverez quelques questions r\u00e9guli\u00e8res. Vous ne trouvez pas votre r\u00e9ponse ? Contactez notre <a href=\"https:\/\/turbovac.nl\/service-des-vente\/?lang=fr\"><strong>service commercial<\/strong><\/a> pour plus d&rsquo;informations sur nos machines d&#8217;emballage sous vide ou sur les options sp\u00e9ciales. Cliquez ici si vous avez besoin de <a href=\"https:\/\/turbovac.nl\/service-et-pieces-de-rechange\/?lang=fr\"><strong>pi\u00e8ces de rechange, de service ou de support technique<\/strong><\/a>.[\/vc_column_text][faq style=\u00a0\u00bbstyle_3&Prime;][\/vc_column][\/vc_row][vc_row][vc_column width=\u00a0\u00bb1\/3&Prime; background_color=\u00a0\u00bb#eb6f2e\u00a0\u00bb el_class=\u00a0\u00bbkolomOver2&Prime; css=\u00a0\u00bb.vc_custom_1581949052078{padding-top: 50px !important;padding-bottom: 50px !important;background-position: center !important;background-repeat: no-repeat !important;background-size: cover !important;}\u00a0\u00bb][vc_custom_heading text=\u00a0\u00bbCONTACTEZ<br \/>\nNOUS\u00a0\u00bb font_container=\u00a0\u00bbtag:h1|font_size:24|text_align:center|color:%23ffffff\u00a0\u00bb use_theme_fonts=\u00a0\u00bbyes\u00a0\u00bb css_animation=\u00a0\u00bbnone\u00a0\u00bb link=\u00a0\u00bburl:%2Ffr%2Fservice-des-vente%2F|title:Sales%20department||\u00a0\u00bb][\/vc_column][vc_column width=\u00a0\u00bb1\/3&Prime; background_color=\u00a0\u00bb#d20037&Prime; el_class=\u00a0\u00bbkolomOver2&Prime; css=\u00a0\u00bb.vc_custom_1581949129587{padding-top: 50px !important;padding-bottom: 50px !important;}\u00a0\u00bb][vc_custom_heading text=\u00a0\u00bbDEMANDEZ UNE<br \/>\nCOTATION PERSONNELLE\u00a0\u00bb font_container=\u00a0\u00bbtag:h1|font_size:24|text_align:center|color:%23ffffff\u00a0\u00bb use_theme_fonts=\u00a0\u00bbyes\u00a0\u00bb link=\u00a0\u00bburl:%2Ffr%2Fdemandez-une-cotation-personnelle%2F|title:Request%20Quotation||\u00a0\u00bb][\/vc_column][vc_column width=\u00a0\u00bb1\/3&Prime; background_color=\u00a0\u00bb#9e2142&Prime; el_class=\u00a0\u00bbkolomOver2&Prime; css=\u00a0\u00bb.vc_custom_1581949206465{padding-top: 50px !important;padding-bottom: 50px !important;}\u00a0\u00bb][vc_custom_heading text=\u00a0\u00bbDEVENEZ<br \/>\nDISTRIBUTEUR\u00a0\u00bb font_container=\u00a0\u00bbtag:h1|font_size:24|text_align:center|color:%23ffffff\u00a0\u00bb use_theme_fonts=\u00a0\u00bbyes\u00a0\u00bb link=\u00a0\u00bburl:%2Ffr%2Fdevenez-distributeur%2F|title:Become%20a%20distributor||\u00a0\u00bb][\/vc_column][\/vc_row][vc_row type=\u00a0\u00bbfull_width_background\u00a0\u00bb class=\u00a0\u00bbkolomOver\u00a0\u00bb][vc_column width=\u00a0\u00bb1\/3&Prime; el_class=\u00a0\u00bbkolomOver\u00a0\u00bb][services_medium title=\u00a0\u00bbINDUSTRIE DE LA VIANDE\u00a0\u00bb style=\u00a0\u00bbstyle_3&Prime; icon=\u00a0\u00bbsteadysets-icon-bones\u00a0\u00bb icon_color=\u00a0\u00bb#d20037&Prime; border_color=\u00a0\u00bb#d20037&Prime; dynamic_content_link=\u00a0\u00bb\/fr\/les-marches-de-henkovac\/la-transformation-de-la-viande\/\u00a0\u00bb]Des emballages de haute qualit\u00e9 pour am\u00e9liorer le processus d\u2019emballage de vos clients.[\/services_medium][\/vc_column][vc_column width=\u00a0\u00bb1\/3&Prime; el_class=\u00a0\u00bbkolomOver\u00a0\u00bb][services_medium title=\u00a0\u00bbTRANSFORMATION ALIMENTAIRE\u00a0\u00bb style=\u00a0\u00bbstyle_3&Prime; icon=\u00a0\u00bblinecon-icon-food\u00a0\u00bb icon_color=\u00a0\u00bb#d20037&Prime; border_color=\u00a0\u00bb#d20037&Prime; dynamic_content_link=\u00a0\u00bb\/fr\/les-marches-de-henkovac\/industrie-de-la-transformation-alimentaire\/\u00a0\u00bb]Optimisation et flexibilit\u00e9 dans tous les types de transformation alimentaire.[\/services_medium][\/vc_column][vc_column width=\u00a0\u00bb1\/3&Prime; el_class=\u00a0\u00bbkolomOver\u00a0\u00bb][services_medium title=\u00a0\u00bbINDUSTRIE NON ALIMENTAIRE\u00a0\u00bb style=\u00a0\u00bbstyle_3&Prime; icon=\u00a0\u00bbsteadysets-icon-lab\u00a0\u00bb icon_color=\u00a0\u00bb#d20037&Prime; border_color=\u00a0\u00bb#d20037&Prime; dynamic_content_link=\u00a0\u00bb\/fr\/les-marches-de-henkovac\/industrie-non-alimentaire\/\u00a0\u00bb]Protection optimale contre la salet\u00e9, la poussi\u00e8re et l&rsquo;humidit\u00e9.[\/services_medium][\/vc_column][\/vc_row][vc_row type=\u00a0\u00bbfull_width_content\u00a0\u00bb][vc_column background_color=\u00a0\u00bb#75001f\u00a0\u00bb][vc_empty_space][vc_custom_heading text=\u00a0\u00bbCAPTURE QUALITY\u00a0\u00bb font_container=\u00a0\u00bbtag:h2|font_size:35|text_align:center|color:%23ffffff|line_height:1.25&Prime; use_theme_fonts=\u00a0\u00bbyes\u00a0\u00bb][vc_empty_space][\/vc_column][\/vc_row]<\/p>\n","protected":false},"excerpt":{"rendered":"<p>[vc_row type=\u00a0\u00bbfull_width_background\u00a0\u00bb bg_color=\u00a0\u00bb#f7f7f7&Prime;][vc_column width=\u00a0\u00bb1\/4&Prime;][\/vc_column][vc_column width=\u00a0\u00bb3\/4&Prime;][vc_custom_heading text=\u00a0\u00bbFoire aux questions\u00a0\u00bb font_container=\u00a0\u00bbtag:h1|font_size:48px|text_align:left|color:%23444444|line_height:56px\u00a0\u00bb google_fonts=\u00a0\u00bbfont_family:Open%20Sans%3A300%2C300italic%2Cregular%2Citalic%2C600%2C600italic%2C700%2C700italic%2C800%2C800italic|font_style:700%20bold%20regular%3A700%3Anormal\u00a0\u00bb][vc_column_text]Sur cette page, vous trouverez quelques questions r\u00e9guli\u00e8res. Vous ne trouvez pas votre r\u00e9ponse ? Contactez notre service commercial pour plus d&rsquo;informations sur nos machines d&#8217;emballage sous vide ou sur les options sp\u00e9ciales. Cliquez ici si vous avez besoin de pi\u00e8ces de rechange, de service ou [&hellip;]<\/p>\n","protected":false},"author":6,"featured_media":3902,"parent":0,"menu_order":0,"comment_status":"closed","ping_status":"closed","template":"","meta":{"_monsterinsights_skip_tracking":false,"_monsterinsights_sitenote_active":false,"_monsterinsights_sitenote_note":"","_monsterinsights_sitenote_category":0,"footnotes":""},"class_list":["post-8787","page","type-page","status-publish","has-post-thumbnail","hentry"],"yoast_head":"<!-- This site is optimized with the Yoast SEO plugin v22.7 - https:\/\/yoast.com\/wordpress\/plugins\/seo\/ -->\n<title>Foire aux questions - FAQ | Turbovac - first choice for professionals<\/title>\n<meta name=\"description\" content=\"Foire aux questions - FAQ - Turbovac est l&#039;un des leaders dans le domaine des machines d&#039;emballage sous vide en termes de technologie et d&#039;innovation.\" \/>\n<meta name=\"robots\" content=\"index, follow, max-snippet:-1, max-image-preview:large, max-video-preview:-1\" \/>\n<link rel=\"canonical\" href=\"https:\/\/turbovac.nl\/fr\/foire-aux-questions\/\" \/>\n<meta property=\"og:locale\" content=\"fr_FR\" \/>\n<meta property=\"og:type\" content=\"article\" \/>\n<meta property=\"og:title\" content=\"Foire aux questions - FAQ | Turbovac - first choice for professionals\" \/>\n<meta property=\"og:description\" content=\"Foire aux questions - FAQ - Turbovac est l&#039;un des leaders dans le domaine des machines d&#039;emballage sous vide en termes de technologie et d&#039;innovation.\" \/>\n<meta property=\"og:url\" content=\"https:\/\/turbovac.nl\/fr\/foire-aux-questions\/\" \/>\n<meta property=\"og:site_name\" content=\"TURBOVAC\" \/>\n<meta property=\"article:modified_time\" content=\"2020-03-29T16:17:14+00:00\" \/>\n<meta property=\"og:image\" content=\"https:\/\/turbovac.nl\/wp-content\/uploads\/2019\/10\/TT-zoom3940-1.jpg\" \/>\n\t<meta property=\"og:image:width\" content=\"1000\" \/>\n\t<meta property=\"og:image:height\" content=\"1064\" \/>\n\t<meta property=\"og:image:type\" content=\"image\/jpeg\" \/>\n<meta name=\"twitter:card\" content=\"summary_large_image\" \/>\n<meta name=\"twitter:label1\" content=\"Dur\u00e9e de lecture estim\u00e9e\" \/>\n\t<meta name=\"twitter:data1\" content=\"2 minutes\" \/>\n<script type=\"application\/ld+json\" class=\"yoast-schema-graph\">{\"@context\":\"https:\/\/schema.org\",\"@graph\":[{\"@type\":\"WebPage\",\"@id\":\"https:\/\/turbovac.nl\/fr\/foire-aux-questions\/\",\"url\":\"https:\/\/turbovac.nl\/fr\/foire-aux-questions\/\",\"name\":\"Foire aux questions - FAQ | Turbovac - first choice for professionals\",\"isPartOf\":{\"@id\":\"https:\/\/turbovac.nl\/#website\"},\"primaryImageOfPage\":{\"@id\":\"https:\/\/turbovac.nl\/fr\/foire-aux-questions\/#primaryimage\"},\"image\":{\"@id\":\"https:\/\/turbovac.nl\/fr\/foire-aux-questions\/#primaryimage\"},\"thumbnailUrl\":\"https:\/\/turbovac.nl\/wp-content\/uploads\/2019\/10\/TT-zoom3940-1.jpg\",\"datePublished\":\"2019-12-02T21:17:01+00:00\",\"dateModified\":\"2020-03-29T16:17:14+00:00\",\"description\":\"Foire aux questions - FAQ - Turbovac est l'un des leaders dans le domaine des machines d'emballage sous vide en termes de technologie et d'innovation.\",\"breadcrumb\":{\"@id\":\"https:\/\/turbovac.nl\/fr\/foire-aux-questions\/#breadcrumb\"},\"inLanguage\":\"fr-FR\",\"potentialAction\":[{\"@type\":\"ReadAction\",\"target\":[\"https:\/\/turbovac.nl\/fr\/foire-aux-questions\/\"]}]},{\"@type\":\"ImageObject\",\"inLanguage\":\"fr-FR\",\"@id\":\"https:\/\/turbovac.nl\/fr\/foire-aux-questions\/#primaryimage\",\"url\":\"https:\/\/turbovac.nl\/wp-content\/uploads\/2019\/10\/TT-zoom3940-1.jpg\",\"contentUrl\":\"https:\/\/turbovac.nl\/wp-content\/uploads\/2019\/10\/TT-zoom3940-1.jpg\",\"width\":1000,\"height\":1064,\"caption\":\"Tabletop detail Gastronomy\"},{\"@type\":\"BreadcrumbList\",\"@id\":\"https:\/\/turbovac.nl\/fr\/foire-aux-questions\/#breadcrumb\",\"itemListElement\":[{\"@type\":\"ListItem\",\"position\":1,\"name\":\"Home\",\"item\":\"https:\/\/turbovac.nl\/fr\/\"},{\"@type\":\"ListItem\",\"position\":2,\"name\":\"FAQ\"}]},{\"@type\":\"WebSite\",\"@id\":\"https:\/\/turbovac.nl\/#website\",\"url\":\"https:\/\/turbovac.nl\/\",\"name\":\"TURBOVAC\",\"description\":\"Vacuum Packaging Machines\",\"potentialAction\":[{\"@type\":\"SearchAction\",\"target\":{\"@type\":\"EntryPoint\",\"urlTemplate\":\"https:\/\/turbovac.nl\/?s={search_term_string}\"},\"query-input\":\"required name=search_term_string\"}],\"inLanguage\":\"fr-FR\"}]}<\/script>\n<!-- \/ Yoast SEO plugin. -->","yoast_head_json":{"title":"Foire aux questions - FAQ | Turbovac - first choice for professionals","description":"Foire aux questions - FAQ - Turbovac est l'un des leaders dans le domaine des machines d'emballage sous vide en termes de technologie et d'innovation.","robots":{"index":"index","follow":"follow","max-snippet":"max-snippet:-1","max-image-preview":"max-image-preview:large","max-video-preview":"max-video-preview:-1"},"canonical":"https:\/\/turbovac.nl\/fr\/foire-aux-questions\/","og_locale":"fr_FR","og_type":"article","og_title":"Foire aux questions - FAQ | Turbovac - first choice for professionals","og_description":"Foire aux questions - FAQ - Turbovac est l'un des leaders dans le domaine des machines d'emballage sous vide en termes de technologie et d'innovation.","og_url":"https:\/\/turbovac.nl\/fr\/foire-aux-questions\/","og_site_name":"TURBOVAC","article_modified_time":"2020-03-29T16:17:14+00:00","og_image":[{"width":1000,"height":1064,"url":"https:\/\/turbovac.nl\/wp-content\/uploads\/2019\/10\/TT-zoom3940-1.jpg","type":"image\/jpeg"}],"twitter_card":"summary_large_image","twitter_misc":{"Dur\u00e9e de lecture estim\u00e9e":"2 minutes"},"schema":{"@context":"https:\/\/schema.org","@graph":[{"@type":"WebPage","@id":"https:\/\/turbovac.nl\/fr\/foire-aux-questions\/","url":"https:\/\/turbovac.nl\/fr\/foire-aux-questions\/","name":"Foire aux questions - FAQ | Turbovac - first choice for professionals","isPartOf":{"@id":"https:\/\/turbovac.nl\/#website"},"primaryImageOfPage":{"@id":"https:\/\/turbovac.nl\/fr\/foire-aux-questions\/#primaryimage"},"image":{"@id":"https:\/\/turbovac.nl\/fr\/foire-aux-questions\/#primaryimage"},"thumbnailUrl":"https:\/\/turbovac.nl\/wp-content\/uploads\/2019\/10\/TT-zoom3940-1.jpg","datePublished":"2019-12-02T21:17:01+00:00","dateModified":"2020-03-29T16:17:14+00:00","description":"Foire aux questions - FAQ - Turbovac est l'un des leaders dans le domaine des machines d'emballage sous vide en termes de technologie et d'innovation.","breadcrumb":{"@id":"https:\/\/turbovac.nl\/fr\/foire-aux-questions\/#breadcrumb"},"inLanguage":"fr-FR","potentialAction":[{"@type":"ReadAction","target":["https:\/\/turbovac.nl\/fr\/foire-aux-questions\/"]}]},{"@type":"ImageObject","inLanguage":"fr-FR","@id":"https:\/\/turbovac.nl\/fr\/foire-aux-questions\/#primaryimage","url":"https:\/\/turbovac.nl\/wp-content\/uploads\/2019\/10\/TT-zoom3940-1.jpg","contentUrl":"https:\/\/turbovac.nl\/wp-content\/uploads\/2019\/10\/TT-zoom3940-1.jpg","width":1000,"height":1064,"caption":"Tabletop detail Gastronomy"},{"@type":"BreadcrumbList","@id":"https:\/\/turbovac.nl\/fr\/foire-aux-questions\/#breadcrumb","itemListElement":[{"@type":"ListItem","position":1,"name":"Home","item":"https:\/\/turbovac.nl\/fr\/"},{"@type":"ListItem","position":2,"name":"FAQ"}]},{"@type":"WebSite","@id":"https:\/\/turbovac.nl\/#website","url":"https:\/\/turbovac.nl\/","name":"TURBOVAC","description":"Vacuum Packaging Machines","potentialAction":[{"@type":"SearchAction","target":{"@type":"EntryPoint","urlTemplate":"https:\/\/turbovac.nl\/?s={search_term_string}"},"query-input":"required name=search_term_string"}],"inLanguage":"fr-FR"}]}},"_links":{"self":[{"href":"https:\/\/turbovac.nl\/fr\/wp-json\/wp\/v2\/pages\/8787","targetHints":{"allow":["GET"]}}],"collection":[{"href":"https:\/\/turbovac.nl\/fr\/wp-json\/wp\/v2\/pages"}],"about":[{"href":"https:\/\/turbovac.nl\/fr\/wp-json\/wp\/v2\/types\/page"}],"author":[{"embeddable":true,"href":"https:\/\/turbovac.nl\/fr\/wp-json\/wp\/v2\/users\/6"}],"replies":[{"embeddable":true,"href":"https:\/\/turbovac.nl\/fr\/wp-json\/wp\/v2\/comments?post=8787"}],"version-history":[{"count":0,"href":"https:\/\/turbovac.nl\/fr\/wp-json\/wp\/v2\/pages\/8787\/revisions"}],"wp:featuredmedia":[{"embeddable":true,"href":"https:\/\/turbovac.nl\/fr\/wp-json\/wp\/v2\/media\/3902"}],"wp:attachment":[{"href":"https:\/\/turbovac.nl\/fr\/wp-json\/wp\/v2\/media?parent=8787"}],"curies":[{"name":"wp","href":"https:\/\/api.w.org\/{rel}","templated":true}]}}