{"id":8796,"date":"2019-09-10T14:12:00","date_gmt":"2019-09-10T13:12:00","guid":{"rendered":"https:\/\/turbovac.nl\/machines-a-vide\/gamme-modeles-de-table\/tabletop-s20\/"},"modified":"2020-03-31T10:52:18","modified_gmt":"2020-03-31T09:52:18","slug":"machines-de-table-s20","status":"publish","type":"page","link":"https:\/\/turbovac.nl\/fr\/machines-a-vide\/gamme-modeles-de-table\/machines-de-table-s20\/","title":{"rendered":"Machines de Table S20"},"content":{"rendered":"<p>[vc_row type=\u00a0\u00bbfull_width_background\u00a0\u00bb bg_color=\u00a0\u00bb#f3f5f4&Prime; full_width=\u00a0\u00bb\u00a0\u00bb parallax=\u00a0\u00bb\u00a0\u00bb parallax_image=\u00a0\u00bb\u00a0\u00bb][vc_column width=\u00a0\u00bb1\/4&Prime;][vc_custom_heading text=\u00a0\u00bbMachines de Table S20&Prime; font_container=\u00a0\u00bbtag:h1|font_size:32|text_align:left\u00a0\u00bb google_fonts=\u00a0\u00bbfont_family:Roboto%3A100%2C100italic%2C300%2C300italic%2Cregular%2Citalic%2C500%2C500italic%2C700%2C700italic%2C900%2C900italic|font_style:700%20bold%20regular%3A700%3Anormal\u00a0\u00bb][vc_empty_space][vc_column_text]<strong>Dimensions de la chambre :<\/strong><br \/>\n371 x 500 x 340 mm<\/p>\n<p><strong>Longueur du sceau :<\/strong><br \/>\n270 mm<\/p>\n<p><strong>Pompe \u00e0 vide :<\/strong><br \/>\n4 m\u00b3\/h<\/p>\n<p><strong>Poids :<\/strong><br \/>\n27 kg<\/p>\n<p><strong>Alimentation \u00e9lectrique :<\/strong><br \/>\n220-240 &#8211; 1 &#8211; 50\/60 Hz<br \/>\n(Tensions sp\u00e9ciales sur demande)[\/vc_column_text][vc_empty_space height=\u00a0\u00bb5&Prime;][\/vc_column][vc_column width=\u00a0\u00bb1\/2&Prime; css=\u00a0\u00bb.vc_custom_1568117544972{margin-top: -30px !important;}\u00a0\u00bb][vc_row_inner][vc_column_inner][vc_single_image image=\u00a0\u00bb7420&Prime; img_size=\u00a0\u00bblarge\u00a0\u00bb alignment=\u00a0\u00bbcenter\u00a0\u00bb][\/vc_column_inner][\/vc_row_inner][vc_btn title=\u00a0\u00bbSP\u00c9CIFICATIONS TECHNIQUES\u00a0\u00bb style=\u00a0\u00bbflat\u00a0\u00bb shape=\u00a0\u00bbsquare\u00a0\u00bb color=\u00a0\u00bbjuicy-pink\u00a0\u00bb align=\u00a0\u00bbcenter\u00a0\u00bb i_align=\u00a0\u00bbright\u00a0\u00bb i_type=\u00a0\u00bbopeniconic\u00a0\u00bb i_icon_openiconic=\u00a0\u00bbvc-oi vc-oi-down-circle\u00a0\u00bb button_block=\u00a0\u00bbtrue\u00a0\u00bb add_icon=\u00a0\u00bbtrue\u00a0\u00bb link=\u00a0\u00bburl:https%3A%2F%2Fturbovac.nl%2Fwp-content%2Fuploads%2F2020%2F02%2F190719-Leaflet-TV-TableTop-Series-FR.pdf||target:%20_blank|\u00a0\u00bb][vc_btn title=\u00a0\u00bbT\u00c9L\u00c9CHARGER LA BROCHURE\u00a0\u00bb style=\u00a0\u00bbflat\u00a0\u00bb shape=\u00a0\u00bbsquare\u00a0\u00bb align=\u00a0\u00bbcenter\u00a0\u00bb i_align=\u00a0\u00bbright\u00a0\u00bb i_type=\u00a0\u00bbopeniconic\u00a0\u00bb i_icon_openiconic=\u00a0\u00bbvc-oi vc-oi-down-circle\u00a0\u00bb button_block=\u00a0\u00bbtrue\u00a0\u00bb add_icon=\u00a0\u00bbtrue\u00a0\u00bb link=\u00a0\u00bburl:https%3A%2F%2Fturbovac.nl%2Fwp-content%2Fuploads%2F2020%2F03%2F140519-TV-Corporate-Brochure-FR.pdf||target:%20_blank|\u00a0\u00bb][\/vc_column][vc_column width=\u00a0\u00bb1\/4&Prime; css=\u00a0\u00bb.vc_custom_1568200366461{border-left-width: 1px !important;border-left-color: #d6d8d7 !important;border-left-style: solid !important;}\u00a0\u00bb][vc_column_text]<strong>Caract\u00e9ristiques principales :<\/strong>[\/vc_column_text][list icon=\u00a0\u00bbsteadysets-icon-star\u00a0\u00bb][list_item title=\u00a0\u00bbPompe \u00e0 vide Busch de haute qualit\u00e9\u00a0\u00bb][list_item title=\u00a0\u00bbChambre \u00e0 vide emboutie\u00a0\u00bb][list_item title=\u00a0\u00bbConstruction facile \u00e0 entretenir\u00a0\u00bb][list_item title=\u00a0\u00bbConstruction de barres de soudure sans c\u00e2ble\u00a0\u00bb][list_item title=\u00a0\u00bbFacultatif : Kit de d\u00e9marrage avec consommables (bande t\u00e9flon, fil de soudure)\u00a0\u00bb][\/list][vc_column_text]\n<div\n\tclass=\"yith-ywraq-add-to-quote add-to-quote-3633\" >\n\t\t<div class=\"yith-ywraq-add-button show\" style=\"display:block\"  data-product_id=\"3633\">\n\t\t\n<a href=\"#\" class=\"add-request-quote-button button\" data-product_id=\"3633\" data-wp_nonce=\"d5b4c61482\" >\n\t\t\t\tAjouter \u00e0 la citation\t<\/a>\n\t<\/div>\n\t<div\n\t\tclass=\"yith_ywraq_add_item_product-response-3633 yith_ywraq_add_item_product_message hide hide-when-removed\"\n\t\tstyle=\"display:none\" data-product_id=\"3633\"><\/div>\n\t<div\n\t\tclass=\"yith_ywraq_add_item_response-3633 yith_ywraq_add_item_response_message hide hide-when-removed\"\n\t\tdata-product_id=\"3633\"\n\t\tstyle=\"display:none\">This product is in your quote list already.<\/div>\n\t<div\n\t\tclass=\"yith_ywraq_add_item_browse-list-3633 yith_ywraq_add_item_browse_message  hide hide-when-removed\"\n\t\tstyle=\"display:none\"\n\t\tdata-product_id=\"3633\"><a\n\t\t\thref=\"https:\/\/turbovac.nl\/wishlist\/\">Voir la liste<\/a><\/div>\n\n<\/div>\n\n<div class=\"clear\"><\/div>\n[\/vc_column_text][\/vc_column][\/vc_row][vc_row][vc_column][vc_text_separator title=\u00a0\u00bbVid\u00e9os d&rsquo;instruction sur Machines de Table\u00a0\u00bb][vc_empty_space][vc_row_inner][vc_column_inner width=\u00a0\u00bb1\/3&Prime;][vc_video link=\u00a0\u00bbhttps:\/\/youtu.be\/o00KRKV8YUM\u00a0\u00bb align=\u00a0\u00bbcenter\u00a0\u00bb][vc_column_text]<\/p>\n<p style=\"text-align: left;\">Vid\u00e9o d\u2019instruction du programme Machines de Table 10<\/p>\n<p>[\/vc_column_text][\/vc_column_inner][vc_column_inner width=\u00a0\u00bb1\/3&Prime;][vc_video link=\u00a0\u00bbhttps:\/\/youtu.be\/K27mZwxMReM\u00a0\u00bb align=\u00a0\u00bbcenter\u00a0\u00bb][vc_column_text]<\/p>\n<p style=\"text-align: left;\">Instructions de nettoyage Machines de Table<\/p>\n<p>[\/vc_column_text][\/vc_column_inner][vc_column_inner width=\u00a0\u00bb1\/3&Prime;][vc_video link=\u00a0\u00bbhttps:\/\/youtu.be\/&#8211;hXNWQzsqA\u00a0\u00bb align=\u00a0\u00bbcenter\u00a0\u00bb][vc_column_text]<\/p>\n<p style=\"text-align: left;\">Instructions pour le SoftAir de Machines de Table<\/p>\n<p>[\/vc_column_text][\/vc_column_inner][\/vc_row_inner][vc_row_inner][vc_column_inner width=\u00a0\u00bb1\/3&Prime;][\/vc_column_inner][vc_column_inner width=\u00a0\u00bb1\/3&Prime;][vc_video link=\u00a0\u00bbhttps:\/\/youtu.be\/T4wwSLrP0is\u00a0\u00bb align=\u00a0\u00bbcenter\u00a0\u00bb][vc_column_text]<\/p>\n<p style=\"text-align: left;\">Instructions du programme H2O de Machines de Table<\/p>\n<p>[\/vc_column_text][\/vc_column_inner][vc_column_inner width=\u00a0\u00bb1\/3&Prime;][\/vc_column_inner][\/vc_row_inner][\/vc_column][\/vc_row][vc_row type=\u00a0\u00bbfull_width_content\u00a0\u00bb bg_image=\u00a0\u00bb3295&Prime; bg_position=\u00a0\u00bbcenter center\u00a0\u00bb parallax_bg=\u00a0\u00bbtrue\u00a0\u00bb top_padding=\u00a0\u00bb140&Prime; bottom_padding=\u00a0\u00bb140&Prime;][vc_column][\/vc_column][\/vc_row][vc_row type=\u00a0\u00bbfull_width_background\u00a0\u00bb class=\u00a0\u00bbkolomOver\u00a0\u00bb][vc_column width=\u00a0\u00bb1\/3&Prime; el_class=\u00a0\u00bbkolomOver\u00a0\u00bb][services_medium title=\u00a0\u00bbINDUSTRIE DE LA VIANDE\u00a0\u00bb style=\u00a0\u00bbstyle_3&Prime; icon=\u00a0\u00bbsteadysets-icon-bones\u00a0\u00bb icon_color=\u00a0\u00bb#d20037&Prime; border_color=\u00a0\u00bb#d20037&Prime; dynamic_content_link=\u00a0\u00bb\/fr\/les-marches-de-turbovac\/la-transformation-de-la-viande\/\u00a0\u00bb]Des emballages de haute qualit\u00e9 pour am\u00e9liorer le processus d\u2019emballage de vos clients.[\/services_medium][\/vc_column][vc_column width=\u00a0\u00bb1\/3&Prime; el_class=\u00a0\u00bbkolomOver\u00a0\u00bb][services_medium title=\u00a0\u00bbTRANSFORMATION ALIMENTAIRE\u00a0\u00bb style=\u00a0\u00bbstyle_3&Prime; icon=\u00a0\u00bblinecon-icon-food\u00a0\u00bb icon_color=\u00a0\u00bb#d20037&Prime; border_color=\u00a0\u00bb#d20037&Prime; dynamic_content_link=\u00a0\u00bb\/fr\/les-marches-de-turbovac\/industrie-de-la-transformation-alimentaire\/\u00a0\u00bb]Optimisation et flexibilit\u00e9 dans tous les types de transformation alimentaire.[\/services_medium][\/vc_column][vc_column width=\u00a0\u00bb1\/3&Prime; el_class=\u00a0\u00bbkolomOver\u00a0\u00bb][services_medium title=\u00a0\u00bbINDUSTRIE NON ALIMENTAIRE\u00a0\u00bb style=\u00a0\u00bbstyle_3&Prime; icon=\u00a0\u00bbsteadysets-icon-lab\u00a0\u00bb icon_color=\u00a0\u00bb#d20037&Prime; border_color=\u00a0\u00bb#d20037&Prime; dynamic_content_link=\u00a0\u00bb\/fr\/les-marches-de-turbovac\/industrie-non-alimentaire\/\u00a0\u00bb]Protection optimale contre la salet\u00e9, la poussi\u00e8re et l&rsquo;humidit\u00e9.[\/services_medium][\/vc_column][\/vc_row][vc_row type=\u00a0\u00bbfull_width_content\u00a0\u00bb][vc_column background_color=\u00a0\u00bb#75001f\u00a0\u00bb][vc_empty_space][vc_custom_heading text=\u00a0\u00bbCAPTURE QUALITY\u00a0\u00bb font_container=\u00a0\u00bbtag:h2|font_size:35|text_align:center|color:%23ffffff|line_height:1.25&Prime; use_theme_fonts=\u00a0\u00bbyes\u00a0\u00bb][vc_empty_space][\/vc_column][\/vc_row]<\/p>\n","protected":false},"excerpt":{"rendered":"<p>[vc_row type=\u00a0\u00bbfull_width_background\u00a0\u00bb bg_color=\u00a0\u00bb#f3f5f4&Prime; full_width=\u00a0\u00bb\u00a0\u00bb parallax=\u00a0\u00bb\u00a0\u00bb parallax_image=\u00a0\u00bb\u00a0\u00bb][vc_column width=\u00a0\u00bb1\/4&Prime;][vc_custom_heading text=\u00a0\u00bbMachines de Table S20&Prime; font_container=\u00a0\u00bbtag:h1|font_size:32|text_align:left\u00a0\u00bb google_fonts=\u00a0\u00bbfont_family:Roboto%3A100%2C100italic%2C300%2C300italic%2Cregular%2Citalic%2C500%2C500italic%2C700%2C700italic%2C900%2C900italic|font_style:700%20bold%20regular%3A700%3Anormal\u00a0\u00bb][vc_empty_space][vc_column_text]Dimensions de la chambre : 371 x 500 x 340 mm Longueur du sceau : 270 mm Pompe \u00e0 vide : 4 m\u00b3\/h Poids : 27 kg Alimentation \u00e9lectrique : 220-240 &#8211; 1 &#8211; 50\/60 Hz (Tensions sp\u00e9ciales sur demande)[\/vc_column_text][vc_empty_space height=\u00a0\u00bb5&Prime;][\/vc_column][vc_column width=\u00a0\u00bb1\/2&Prime; css=\u00a0\u00bb.vc_custom_1568117544972{margin-top: [&hellip;]<\/p>\n","protected":false},"author":6,"featured_media":3902,"parent":8589,"menu_order":0,"comment_status":"closed","ping_status":"closed","template":"","meta":{"_monsterinsights_skip_tracking":false,"_monsterinsights_sitenote_active":false,"_monsterinsights_sitenote_note":"","_monsterinsights_sitenote_category":0,"footnotes":""},"class_list":["post-8796","page","type-page","status-publish","has-post-thumbnail","hentry"],"yoast_head":"<!-- This site is optimized with the Yoast SEO plugin v22.7 - https:\/\/yoast.com\/wordpress\/plugins\/seo\/ -->\n<title>Machines de Table S20 | Turbovac - 1st choice for professionals<\/title>\n<meta name=\"description\" content=\"Machines de Table S20 r\u00e9pond aux besoins d&#039;emballage sous vide des petites et moyennes entreprises de transformation et de pr\u00e9paration des aliments.\" \/>\n<meta name=\"robots\" content=\"index, follow, max-snippet:-1, max-image-preview:large, max-video-preview:-1\" \/>\n<link rel=\"canonical\" href=\"https:\/\/turbovac.nl\/fr\/machines-a-vide\/gamme-modeles-de-table\/machines-de-table-s20\/\" \/>\n<meta property=\"og:locale\" content=\"fr_FR\" \/>\n<meta property=\"og:type\" content=\"article\" \/>\n<meta property=\"og:title\" content=\"Machines de Table S20 | Turbovac - 1st choice for professionals\" \/>\n<meta property=\"og:description\" content=\"Machines de Table S20 r\u00e9pond aux besoins d&#039;emballage sous vide des petites et moyennes entreprises de transformation et de pr\u00e9paration des aliments.\" \/>\n<meta property=\"og:url\" content=\"https:\/\/turbovac.nl\/fr\/machines-a-vide\/gamme-modeles-de-table\/machines-de-table-s20\/\" \/>\n<meta property=\"og:site_name\" content=\"TURBOVAC\" \/>\n<meta property=\"article:modified_time\" content=\"2020-03-31T09:52:18+00:00\" \/>\n<meta property=\"og:image\" content=\"https:\/\/turbovac.nl\/wp-content\/uploads\/2019\/10\/TT-zoom3940-1.jpg\" \/>\n\t<meta property=\"og:image:width\" content=\"1000\" \/>\n\t<meta property=\"og:image:height\" content=\"1064\" \/>\n\t<meta property=\"og:image:type\" content=\"image\/jpeg\" \/>\n<meta name=\"twitter:card\" content=\"summary_large_image\" \/>\n<meta name=\"twitter:label1\" content=\"Dur\u00e9e de lecture estim\u00e9e\" \/>\n\t<meta name=\"twitter:data1\" content=\"4 minutes\" \/>\n<script type=\"application\/ld+json\" class=\"yoast-schema-graph\">{\"@context\":\"https:\/\/schema.org\",\"@graph\":[{\"@type\":\"WebPage\",\"@id\":\"https:\/\/turbovac.nl\/fr\/machines-a-vide\/gamme-modeles-de-table\/machines-de-table-s20\/\",\"url\":\"https:\/\/turbovac.nl\/fr\/machines-a-vide\/gamme-modeles-de-table\/machines-de-table-s20\/\",\"name\":\"Machines de Table S20 | Turbovac - 1st choice for professionals\",\"isPartOf\":{\"@id\":\"https:\/\/turbovac.nl\/#website\"},\"primaryImageOfPage\":{\"@id\":\"https:\/\/turbovac.nl\/fr\/machines-a-vide\/gamme-modeles-de-table\/machines-de-table-s20\/#primaryimage\"},\"image\":{\"@id\":\"https:\/\/turbovac.nl\/fr\/machines-a-vide\/gamme-modeles-de-table\/machines-de-table-s20\/#primaryimage\"},\"thumbnailUrl\":\"https:\/\/turbovac.nl\/wp-content\/uploads\/2019\/10\/TT-zoom3940-1.jpg\",\"datePublished\":\"2019-09-10T13:12:00+00:00\",\"dateModified\":\"2020-03-31T09:52:18+00:00\",\"description\":\"Machines de Table S20 r\u00e9pond aux besoins d'emballage sous vide des petites et moyennes entreprises de transformation et de pr\u00e9paration des aliments.\",\"breadcrumb\":{\"@id\":\"https:\/\/turbovac.nl\/fr\/machines-a-vide\/gamme-modeles-de-table\/machines-de-table-s20\/#breadcrumb\"},\"inLanguage\":\"fr-FR\",\"potentialAction\":[{\"@type\":\"ReadAction\",\"target\":[\"https:\/\/turbovac.nl\/fr\/machines-a-vide\/gamme-modeles-de-table\/machines-de-table-s20\/\"]}]},{\"@type\":\"ImageObject\",\"inLanguage\":\"fr-FR\",\"@id\":\"https:\/\/turbovac.nl\/fr\/machines-a-vide\/gamme-modeles-de-table\/machines-de-table-s20\/#primaryimage\",\"url\":\"https:\/\/turbovac.nl\/wp-content\/uploads\/2019\/10\/TT-zoom3940-1.jpg\",\"contentUrl\":\"https:\/\/turbovac.nl\/wp-content\/uploads\/2019\/10\/TT-zoom3940-1.jpg\",\"width\":1000,\"height\":1064,\"caption\":\"Tabletop detail Gastronomy\"},{\"@type\":\"BreadcrumbList\",\"@id\":\"https:\/\/turbovac.nl\/fr\/machines-a-vide\/gamme-modeles-de-table\/machines-de-table-s20\/#breadcrumb\",\"itemListElement\":[{\"@type\":\"ListItem\",\"position\":1,\"name\":\"Home\",\"item\":\"https:\/\/turbovac.nl\/fr\/\"},{\"@type\":\"ListItem\",\"position\":2,\"name\":\"Machines \u00e0 vide\",\"item\":\"https:\/\/turbovac.nl\/fr\/machines-a-vide\/\"},{\"@type\":\"ListItem\",\"position\":3,\"name\":\"Gamme mod\u00e8les de table\",\"item\":\"https:\/\/turbovac.nl\/fr\/machines-a-vide\/gamme-modeles-de-table\/\"},{\"@type\":\"ListItem\",\"position\":4,\"name\":\"Machines de Table S20\"}]},{\"@type\":\"WebSite\",\"@id\":\"https:\/\/turbovac.nl\/#website\",\"url\":\"https:\/\/turbovac.nl\/\",\"name\":\"TURBOVAC\",\"description\":\"Vacuum Packaging Machines\",\"potentialAction\":[{\"@type\":\"SearchAction\",\"target\":{\"@type\":\"EntryPoint\",\"urlTemplate\":\"https:\/\/turbovac.nl\/?s={search_term_string}\"},\"query-input\":\"required name=search_term_string\"}],\"inLanguage\":\"fr-FR\"}]}<\/script>\n<!-- \/ Yoast SEO plugin. -->","yoast_head_json":{"title":"Machines de Table S20 | Turbovac - 1st choice for professionals","description":"Machines de Table S20 r\u00e9pond aux besoins d'emballage sous vide des petites et moyennes entreprises de transformation et de pr\u00e9paration des aliments.","robots":{"index":"index","follow":"follow","max-snippet":"max-snippet:-1","max-image-preview":"max-image-preview:large","max-video-preview":"max-video-preview:-1"},"canonical":"https:\/\/turbovac.nl\/fr\/machines-a-vide\/gamme-modeles-de-table\/machines-de-table-s20\/","og_locale":"fr_FR","og_type":"article","og_title":"Machines de Table S20 | Turbovac - 1st choice for professionals","og_description":"Machines de Table S20 r\u00e9pond aux besoins d'emballage sous vide des petites et moyennes entreprises de transformation et de pr\u00e9paration des aliments.","og_url":"https:\/\/turbovac.nl\/fr\/machines-a-vide\/gamme-modeles-de-table\/machines-de-table-s20\/","og_site_name":"TURBOVAC","article_modified_time":"2020-03-31T09:52:18+00:00","og_image":[{"width":1000,"height":1064,"url":"https:\/\/turbovac.nl\/wp-content\/uploads\/2019\/10\/TT-zoom3940-1.jpg","type":"image\/jpeg"}],"twitter_card":"summary_large_image","twitter_misc":{"Dur\u00e9e de lecture estim\u00e9e":"4 minutes"},"schema":{"@context":"https:\/\/schema.org","@graph":[{"@type":"WebPage","@id":"https:\/\/turbovac.nl\/fr\/machines-a-vide\/gamme-modeles-de-table\/machines-de-table-s20\/","url":"https:\/\/turbovac.nl\/fr\/machines-a-vide\/gamme-modeles-de-table\/machines-de-table-s20\/","name":"Machines de Table S20 | Turbovac - 1st choice for professionals","isPartOf":{"@id":"https:\/\/turbovac.nl\/#website"},"primaryImageOfPage":{"@id":"https:\/\/turbovac.nl\/fr\/machines-a-vide\/gamme-modeles-de-table\/machines-de-table-s20\/#primaryimage"},"image":{"@id":"https:\/\/turbovac.nl\/fr\/machines-a-vide\/gamme-modeles-de-table\/machines-de-table-s20\/#primaryimage"},"thumbnailUrl":"https:\/\/turbovac.nl\/wp-content\/uploads\/2019\/10\/TT-zoom3940-1.jpg","datePublished":"2019-09-10T13:12:00+00:00","dateModified":"2020-03-31T09:52:18+00:00","description":"Machines de Table S20 r\u00e9pond aux besoins d'emballage sous vide des petites et moyennes entreprises de transformation et de pr\u00e9paration des aliments.","breadcrumb":{"@id":"https:\/\/turbovac.nl\/fr\/machines-a-vide\/gamme-modeles-de-table\/machines-de-table-s20\/#breadcrumb"},"inLanguage":"fr-FR","potentialAction":[{"@type":"ReadAction","target":["https:\/\/turbovac.nl\/fr\/machines-a-vide\/gamme-modeles-de-table\/machines-de-table-s20\/"]}]},{"@type":"ImageObject","inLanguage":"fr-FR","@id":"https:\/\/turbovac.nl\/fr\/machines-a-vide\/gamme-modeles-de-table\/machines-de-table-s20\/#primaryimage","url":"https:\/\/turbovac.nl\/wp-content\/uploads\/2019\/10\/TT-zoom3940-1.jpg","contentUrl":"https:\/\/turbovac.nl\/wp-content\/uploads\/2019\/10\/TT-zoom3940-1.jpg","width":1000,"height":1064,"caption":"Tabletop detail Gastronomy"},{"@type":"BreadcrumbList","@id":"https:\/\/turbovac.nl\/fr\/machines-a-vide\/gamme-modeles-de-table\/machines-de-table-s20\/#breadcrumb","itemListElement":[{"@type":"ListItem","position":1,"name":"Home","item":"https:\/\/turbovac.nl\/fr\/"},{"@type":"ListItem","position":2,"name":"Machines \u00e0 vide","item":"https:\/\/turbovac.nl\/fr\/machines-a-vide\/"},{"@type":"ListItem","position":3,"name":"Gamme mod\u00e8les de table","item":"https:\/\/turbovac.nl\/fr\/machines-a-vide\/gamme-modeles-de-table\/"},{"@type":"ListItem","position":4,"name":"Machines de Table S20"}]},{"@type":"WebSite","@id":"https:\/\/turbovac.nl\/#website","url":"https:\/\/turbovac.nl\/","name":"TURBOVAC","description":"Vacuum Packaging Machines","potentialAction":[{"@type":"SearchAction","target":{"@type":"EntryPoint","urlTemplate":"https:\/\/turbovac.nl\/?s={search_term_string}"},"query-input":"required name=search_term_string"}],"inLanguage":"fr-FR"}]}},"_links":{"self":[{"href":"https:\/\/turbovac.nl\/fr\/wp-json\/wp\/v2\/pages\/8796","targetHints":{"allow":["GET"]}}],"collection":[{"href":"https:\/\/turbovac.nl\/fr\/wp-json\/wp\/v2\/pages"}],"about":[{"href":"https:\/\/turbovac.nl\/fr\/wp-json\/wp\/v2\/types\/page"}],"author":[{"embeddable":true,"href":"https:\/\/turbovac.nl\/fr\/wp-json\/wp\/v2\/users\/6"}],"replies":[{"embeddable":true,"href":"https:\/\/turbovac.nl\/fr\/wp-json\/wp\/v2\/comments?post=8796"}],"version-history":[{"count":0,"href":"https:\/\/turbovac.nl\/fr\/wp-json\/wp\/v2\/pages\/8796\/revisions"}],"up":[{"embeddable":true,"href":"https:\/\/turbovac.nl\/fr\/wp-json\/wp\/v2\/pages\/8589"}],"wp:featuredmedia":[{"embeddable":true,"href":"https:\/\/turbovac.nl\/fr\/wp-json\/wp\/v2\/media\/3902"}],"wp:attachment":[{"href":"https:\/\/turbovac.nl\/fr\/wp-json\/wp\/v2\/media?parent=8796"}],"curies":[{"name":"wp","href":"https:\/\/api.w.org\/{rel}","templated":true}]}}