{"id":8962,"date":"2019-11-06T18:20:38","date_gmt":"2019-11-06T17:20:38","guid":{"rendered":"https:\/\/turbovac.nl\/solutions-demballage\/operculeuse-a-barquettes\/tray-sealer-tps-mini\/"},"modified":"2020-03-31T11:03:07","modified_gmt":"2020-03-31T10:03:07","slug":"operculeuse-a-barquettes-tps-mini","status":"publish","type":"page","link":"https:\/\/turbovac.nl\/fr\/solutions-demballage\/operculeuse-a-barquettes\/operculeuse-a-barquettes-tps-mini\/","title":{"rendered":"Operculeuse A Barquettes TPS Mini"},"content":{"rendered":"<p>[vc_row type=\u00a0\u00bbfull_width_background\u00a0\u00bb bg_color=\u00a0\u00bb#f3f5f4&Prime; full_width=\u00a0\u00bb\u00a0\u00bb parallax=\u00a0\u00bb\u00a0\u00bb parallax_image=\u00a0\u00bb\u00a0\u00bb][vc_column width=\u00a0\u00bb1\/4&Prime;][vc_custom_heading text=\u00a0\u00bbOPERCULEUSE A BARQUETTES TPS MINI\u00a0\u00bb font_container=\u00a0\u00bbtag:h1|font_size:32|text_align:left|line_height:1.2&Prime; google_fonts=\u00a0\u00bbfont_family:Roboto%3A100%2C100italic%2C300%2C300italic%2Cregular%2Citalic%2C500%2C500italic%2C700%2C700italic%2C900%2C900italic|font_style:700%20bold%20regular%3A700%3Anormal\u00a0\u00bb][vc_empty_space][vc_column_text]<strong>Dimensions de la chambre :<\/strong><br \/>\n380 x 640 x 670 mm<\/p>\n<p><strong>Longueur du sceau :<\/strong><br \/>\n260 x 180 mm<\/p>\n<p><strong>Pompe \u00e0 vide :<\/strong><br \/>\n8 m\u00b3\/h<\/p>\n<p><strong>Poids :<\/strong><br \/>\n50 kg<\/p>\n<p><strong>Alimentation \u00e9lectrique :<\/strong><br \/>\n400V-3-50 Hz[\/vc_column_text][vc_empty_space height=\u00a0\u00bb5&Prime;][\/vc_column][vc_column width=\u00a0\u00bb1\/2&Prime; css=\u00a0\u00bb.vc_custom_1568117544972{margin-top: -30px !important;}\u00a0\u00bb][vc_row_inner][vc_column_inner][vc_single_image image=\u00a0\u00bb4721&Prime; img_size=\u00a0\u00bblarge\u00a0\u00bb alignment=\u00a0\u00bbcenter\u00a0\u00bb][\/vc_column_inner][\/vc_row_inner][vc_btn title=\u00a0\u00bbSP\u00c9CIFICATIONS TECHNIQUES\u00a0\u00bb style=\u00a0\u00bbflat\u00a0\u00bb shape=\u00a0\u00bbsquare\u00a0\u00bb color=\u00a0\u00bbjuicy-pink\u00a0\u00bb align=\u00a0\u00bbcenter\u00a0\u00bb i_align=\u00a0\u00bbright\u00a0\u00bb i_type=\u00a0\u00bbopeniconic\u00a0\u00bb i_icon_openiconic=\u00a0\u00bbvc-oi vc-oi-down-circle\u00a0\u00bb button_block=\u00a0\u00bbtrue\u00a0\u00bb add_icon=\u00a0\u00bbtrue\u00a0\u00bb link=\u00a0\u00bburl:https%3A%2F%2Fturbovac.nl%2Fwp-content%2Fuploads%2F2020%2F03%2F08-Turbovac-Prospectus-Operculeuse-a-Barquettes-TPS-XL-Mini-Micro.pdf||target:%20_blank|\u00a0\u00bb][vc_btn title=\u00a0\u00bbT\u00c9L\u00c9CHARGER LA BROCHURE\u00a0\u00bb style=\u00a0\u00bbflat\u00a0\u00bb shape=\u00a0\u00bbsquare\u00a0\u00bb align=\u00a0\u00bbcenter\u00a0\u00bb i_align=\u00a0\u00bbright\u00a0\u00bb i_type=\u00a0\u00bbopeniconic\u00a0\u00bb i_icon_openiconic=\u00a0\u00bbvc-oi vc-oi-down-circle\u00a0\u00bb button_block=\u00a0\u00bbtrue\u00a0\u00bb add_icon=\u00a0\u00bbtrue\u00a0\u00bb link=\u00a0\u00bburl:https%3A%2F%2Fturbovac.nl%2Fwp-content%2Fuploads%2F2020%2F03%2F140519-TV-Corporate-Brochure-FR.pdf||target:%20_blank|\u00a0\u00bb][\/vc_column][vc_column width=\u00a0\u00bb1\/4&Prime; css=\u00a0\u00bb.vc_custom_1568200366461{border-left-width: 1px !important;border-left-color: #d6d8d7 !important;border-left-style: solid !important;}\u00a0\u00bb][vc_column_text]<strong>Caract\u00e9ristiques principales :<\/strong>[\/vc_column_text][list icon=\u00a0\u00bbsteadysets-icon-star\u00a0\u00bb][list_item title=\u00a0\u00bbFaibles investissements\u00a0\u00bb][list_item title=\u00a0\u00bbUne programmation facile\u00a0\u00bb][list_item title=\u00a0\u00bbChangement de moule facile et rapide\u00a0\u00bb][list_item title=\u00a0\u00bbFacile d&rsquo;acc\u00e8s, facile \u00e0 nettoyer\u00a0\u00bb][list_item title=\u00a0\u00bbMachine parfait pour les restaurants, l\u2019industrie h\u00f4teli\u00e8re, des commer\u00e7ants et traiteurs.\u00a0\u00bb][\/list][vc_column_text]\n<div\n\tclass=\"yith-ywraq-add-to-quote add-to-quote-4761\" >\n\t\t<div class=\"yith-ywraq-add-button show\" style=\"display:block\"  data-product_id=\"4761\">\n\t\t\n<a href=\"#\" class=\"add-request-quote-button button\" data-product_id=\"4761\" data-wp_nonce=\"f9b6f5d67b\" >\n\t\t\t\tAjouter \u00e0 la citation\t<\/a>\n\t<\/div>\n\t<div\n\t\tclass=\"yith_ywraq_add_item_product-response-4761 yith_ywraq_add_item_product_message hide hide-when-removed\"\n\t\tstyle=\"display:none\" data-product_id=\"4761\"><\/div>\n\t<div\n\t\tclass=\"yith_ywraq_add_item_response-4761 yith_ywraq_add_item_response_message hide hide-when-removed\"\n\t\tdata-product_id=\"4761\"\n\t\tstyle=\"display:none\">This product is in your quote list already.<\/div>\n\t<div\n\t\tclass=\"yith_ywraq_add_item_browse-list-4761 yith_ywraq_add_item_browse_message  hide hide-when-removed\"\n\t\tstyle=\"display:none\"\n\t\tdata-product_id=\"4761\"><a\n\t\t\thref=\"https:\/\/turbovac.nl\/wishlist\/\">Voir la liste<\/a><\/div>\n\n<\/div>\n\n<div class=\"clear\"><\/div>\n[\/vc_column_text][\/vc_column][\/vc_row][vc_row type=\u00a0\u00bbfull_width_background\u00a0\u00bb class=\u00a0\u00bbkolomOver\u00a0\u00bb][vc_column width=\u00a0\u00bb1\/3&Prime; el_class=\u00a0\u00bbkolomOver\u00a0\u00bb][services_medium title=\u00a0\u00bbINDUSTRIE DE LA VIANDE\u00a0\u00bb style=\u00a0\u00bbstyle_3&Prime; icon=\u00a0\u00bbsteadysets-icon-bones\u00a0\u00bb icon_color=\u00a0\u00bb#d20037&Prime; border_color=\u00a0\u00bb#d20037&Prime; dynamic_content_link=\u00a0\u00bb\/fr\/les-marches-de-turbovac\/la-transformation-de-la-viande\/\u00a0\u00bb]Des emballages de haute qualit\u00e9 pour am\u00e9liorer le processus d\u2019emballage de vos clients.[\/services_medium][\/vc_column][vc_column width=\u00a0\u00bb1\/3&Prime; el_class=\u00a0\u00bbkolomOver\u00a0\u00bb][services_medium title=\u00a0\u00bbTRANSFORMATION ALIMENTAIRE\u00a0\u00bb style=\u00a0\u00bbstyle_3&Prime; icon=\u00a0\u00bblinecon-icon-food\u00a0\u00bb icon_color=\u00a0\u00bb#d20037&Prime; border_color=\u00a0\u00bb#d20037&Prime; dynamic_content_link=\u00a0\u00bb\/fr\/les-marches-de-turbovac\/industrie-de-la-transformation-alimentaire\/\u00a0\u00bb]Optimisation et flexibilit\u00e9 dans tous les types de transformation alimentaire.[\/services_medium][\/vc_column][vc_column width=\u00a0\u00bb1\/3&Prime; el_class=\u00a0\u00bbkolomOver\u00a0\u00bb][services_medium title=\u00a0\u00bbINDUSTRIE NON ALIMENTAIRE\u00a0\u00bb style=\u00a0\u00bbstyle_3&Prime; icon=\u00a0\u00bbsteadysets-icon-lab\u00a0\u00bb icon_color=\u00a0\u00bb#d20037&Prime; border_color=\u00a0\u00bb#d20037&Prime; dynamic_content_link=\u00a0\u00bb\/fr\/les-marches-de-turbovac\/industrie-non-alimentaire\/\u00a0\u00bb]Protection optimale contre la salet\u00e9, la poussi\u00e8re et l&rsquo;humidit\u00e9.[\/services_medium][\/vc_column][\/vc_row][vc_row type=\u00a0\u00bbfull_width_content\u00a0\u00bb bg_image=\u00a0\u00bb4774&Prime; bg_position=\u00a0\u00bbcenter center\u00a0\u00bb parallax_bg=\u00a0\u00bbtrue\u00a0\u00bb top_padding=\u00a0\u00bb140&Prime; bottom_padding=\u00a0\u00bb140&Prime;][vc_column][\/vc_column][\/vc_row][vc_row type=\u00a0\u00bbfull_width_content\u00a0\u00bb][vc_column background_color=\u00a0\u00bb#75001f\u00a0\u00bb][vc_empty_space][vc_custom_heading text=\u00a0\u00bbCAPTURE QUALITY\u00a0\u00bb font_container=\u00a0\u00bbtag:h2|font_size:35|text_align:center|color:%23ffffff|line_height:1.25&Prime; use_theme_fonts=\u00a0\u00bbyes\u00a0\u00bb][vc_empty_space][\/vc_column][\/vc_row]<\/p>\n","protected":false},"excerpt":{"rendered":"<p>[vc_row type=\u00a0\u00bbfull_width_background\u00a0\u00bb bg_color=\u00a0\u00bb#f3f5f4&Prime; full_width=\u00a0\u00bb\u00a0\u00bb parallax=\u00a0\u00bb\u00a0\u00bb parallax_image=\u00a0\u00bb\u00a0\u00bb][vc_column width=\u00a0\u00bb1\/4&Prime;][vc_custom_heading text=\u00a0\u00bbOPERCULEUSE A BARQUETTES TPS MINI\u00a0\u00bb font_container=\u00a0\u00bbtag:h1|font_size:32|text_align:left|line_height:1.2&Prime; google_fonts=\u00a0\u00bbfont_family:Roboto%3A100%2C100italic%2C300%2C300italic%2Cregular%2Citalic%2C500%2C500italic%2C700%2C700italic%2C900%2C900italic|font_style:700%20bold%20regular%3A700%3Anormal\u00a0\u00bb][vc_empty_space][vc_column_text]Dimensions de la chambre : 380 x 640 x 670 mm Longueur du sceau : 260 x 180 mm Pompe \u00e0 vide : 8 m\u00b3\/h Poids : 50 kg Alimentation \u00e9lectrique : 400V-3-50 Hz[\/vc_column_text][vc_empty_space height=\u00a0\u00bb5&Prime;][\/vc_column][vc_column width=\u00a0\u00bb1\/2&Prime; css=\u00a0\u00bb.vc_custom_1568117544972{margin-top: -30px !important;}\u00a0\u00bb][vc_row_inner][vc_column_inner][vc_single_image image=\u00a0\u00bb4721&Prime; img_size=\u00a0\u00bblarge\u00a0\u00bb alignment=\u00a0\u00bbcenter\u00a0\u00bb][\/vc_column_inner][\/vc_row_inner][vc_btn [&hellip;]<\/p>\n","protected":false},"author":6,"featured_media":3902,"parent":8649,"menu_order":0,"comment_status":"closed","ping_status":"closed","template":"","meta":{"_monsterinsights_skip_tracking":false,"_monsterinsights_sitenote_active":false,"_monsterinsights_sitenote_note":"","_monsterinsights_sitenote_category":0,"footnotes":""},"class_list":["post-8962","page","type-page","status-publish","has-post-thumbnail","hentry"],"yoast_head":"<!-- This site is optimized with the Yoast SEO plugin v22.7 - https:\/\/yoast.com\/wordpress\/plugins\/seo\/ -->\n<title>Operculeuse A Barquettes TPS Mini | Turbovac - Capture Quality<\/title>\n<meta name=\"description\" content=\"Operculeuse A Barquettes TPS Mini est con\u00e7u pour le conditionnement de produits alimentaires sous atmosph\u00e8re protectrice (MAP).\" \/>\n<meta name=\"robots\" content=\"index, follow, max-snippet:-1, max-image-preview:large, max-video-preview:-1\" \/>\n<link rel=\"canonical\" href=\"https:\/\/turbovac.nl\/fr\/solutions-demballage\/operculeuse-a-barquettes\/operculeuse-a-barquettes-tps-mini\/\" \/>\n<meta property=\"og:locale\" content=\"fr_FR\" \/>\n<meta property=\"og:type\" content=\"article\" \/>\n<meta property=\"og:title\" content=\"Operculeuse A Barquettes TPS Mini | Turbovac - Capture Quality\" \/>\n<meta property=\"og:description\" content=\"Operculeuse A Barquettes TPS Mini est con\u00e7u pour le conditionnement de produits alimentaires sous atmosph\u00e8re protectrice (MAP).\" \/>\n<meta property=\"og:url\" content=\"https:\/\/turbovac.nl\/fr\/solutions-demballage\/operculeuse-a-barquettes\/operculeuse-a-barquettes-tps-mini\/\" \/>\n<meta property=\"og:site_name\" content=\"TURBOVAC\" \/>\n<meta property=\"article:modified_time\" content=\"2020-03-31T10:03:07+00:00\" \/>\n<meta property=\"og:image\" content=\"https:\/\/turbovac.nl\/wp-content\/uploads\/2019\/10\/TT-zoom3940-1.jpg\" \/>\n\t<meta property=\"og:image:width\" content=\"1000\" \/>\n\t<meta property=\"og:image:height\" content=\"1064\" \/>\n\t<meta property=\"og:image:type\" content=\"image\/jpeg\" \/>\n<meta name=\"twitter:card\" content=\"summary_large_image\" \/>\n<meta name=\"twitter:label1\" content=\"Dur\u00e9e de lecture estim\u00e9e\" \/>\n\t<meta name=\"twitter:data1\" content=\"3 minutes\" \/>\n<script type=\"application\/ld+json\" class=\"yoast-schema-graph\">{\"@context\":\"https:\/\/schema.org\",\"@graph\":[{\"@type\":\"WebPage\",\"@id\":\"https:\/\/turbovac.nl\/fr\/solutions-demballage\/operculeuse-a-barquettes\/operculeuse-a-barquettes-tps-mini\/\",\"url\":\"https:\/\/turbovac.nl\/fr\/solutions-demballage\/operculeuse-a-barquettes\/operculeuse-a-barquettes-tps-mini\/\",\"name\":\"Operculeuse A Barquettes TPS Mini | Turbovac - Capture Quality\",\"isPartOf\":{\"@id\":\"https:\/\/turbovac.nl\/#website\"},\"primaryImageOfPage\":{\"@id\":\"https:\/\/turbovac.nl\/fr\/solutions-demballage\/operculeuse-a-barquettes\/operculeuse-a-barquettes-tps-mini\/#primaryimage\"},\"image\":{\"@id\":\"https:\/\/turbovac.nl\/fr\/solutions-demballage\/operculeuse-a-barquettes\/operculeuse-a-barquettes-tps-mini\/#primaryimage\"},\"thumbnailUrl\":\"https:\/\/turbovac.nl\/wp-content\/uploads\/2019\/10\/TT-zoom3940-1.jpg\",\"datePublished\":\"2019-11-06T17:20:38+00:00\",\"dateModified\":\"2020-03-31T10:03:07+00:00\",\"description\":\"Operculeuse A Barquettes TPS Mini est con\u00e7u pour le conditionnement de produits alimentaires sous atmosph\u00e8re protectrice (MAP).\",\"breadcrumb\":{\"@id\":\"https:\/\/turbovac.nl\/fr\/solutions-demballage\/operculeuse-a-barquettes\/operculeuse-a-barquettes-tps-mini\/#breadcrumb\"},\"inLanguage\":\"fr-FR\",\"potentialAction\":[{\"@type\":\"ReadAction\",\"target\":[\"https:\/\/turbovac.nl\/fr\/solutions-demballage\/operculeuse-a-barquettes\/operculeuse-a-barquettes-tps-mini\/\"]}]},{\"@type\":\"ImageObject\",\"inLanguage\":\"fr-FR\",\"@id\":\"https:\/\/turbovac.nl\/fr\/solutions-demballage\/operculeuse-a-barquettes\/operculeuse-a-barquettes-tps-mini\/#primaryimage\",\"url\":\"https:\/\/turbovac.nl\/wp-content\/uploads\/2019\/10\/TT-zoom3940-1.jpg\",\"contentUrl\":\"https:\/\/turbovac.nl\/wp-content\/uploads\/2019\/10\/TT-zoom3940-1.jpg\",\"width\":1000,\"height\":1064,\"caption\":\"Tabletop detail Gastronomy\"},{\"@type\":\"BreadcrumbList\",\"@id\":\"https:\/\/turbovac.nl\/fr\/solutions-demballage\/operculeuse-a-barquettes\/operculeuse-a-barquettes-tps-mini\/#breadcrumb\",\"itemListElement\":[{\"@type\":\"ListItem\",\"position\":1,\"name\":\"Home\",\"item\":\"https:\/\/turbovac.nl\/fr\/\"},{\"@type\":\"ListItem\",\"position\":2,\"name\":\"Solutions d&#8217;emballage\",\"item\":\"https:\/\/turbovac.nl\/fr\/solutions-demballage\/\"},{\"@type\":\"ListItem\",\"position\":3,\"name\":\"Operculeuse A Barquettes\",\"item\":\"https:\/\/turbovac.nl\/fr\/solutions-demballage\/operculeuse-a-barquettes\/\"},{\"@type\":\"ListItem\",\"position\":4,\"name\":\"Operculeuse A Barquettes TPS Mini\"}]},{\"@type\":\"WebSite\",\"@id\":\"https:\/\/turbovac.nl\/#website\",\"url\":\"https:\/\/turbovac.nl\/\",\"name\":\"TURBOVAC\",\"description\":\"Vacuum Packaging Machines\",\"potentialAction\":[{\"@type\":\"SearchAction\",\"target\":{\"@type\":\"EntryPoint\",\"urlTemplate\":\"https:\/\/turbovac.nl\/?s={search_term_string}\"},\"query-input\":\"required name=search_term_string\"}],\"inLanguage\":\"fr-FR\"}]}<\/script>\n<!-- \/ Yoast SEO plugin. -->","yoast_head_json":{"title":"Operculeuse A Barquettes TPS Mini | Turbovac - Capture Quality","description":"Operculeuse A Barquettes TPS Mini est con\u00e7u pour le conditionnement de produits alimentaires sous atmosph\u00e8re protectrice (MAP).","robots":{"index":"index","follow":"follow","max-snippet":"max-snippet:-1","max-image-preview":"max-image-preview:large","max-video-preview":"max-video-preview:-1"},"canonical":"https:\/\/turbovac.nl\/fr\/solutions-demballage\/operculeuse-a-barquettes\/operculeuse-a-barquettes-tps-mini\/","og_locale":"fr_FR","og_type":"article","og_title":"Operculeuse A Barquettes TPS Mini | Turbovac - Capture Quality","og_description":"Operculeuse A Barquettes TPS Mini est con\u00e7u pour le conditionnement de produits alimentaires sous atmosph\u00e8re protectrice (MAP).","og_url":"https:\/\/turbovac.nl\/fr\/solutions-demballage\/operculeuse-a-barquettes\/operculeuse-a-barquettes-tps-mini\/","og_site_name":"TURBOVAC","article_modified_time":"2020-03-31T10:03:07+00:00","og_image":[{"width":1000,"height":1064,"url":"https:\/\/turbovac.nl\/wp-content\/uploads\/2019\/10\/TT-zoom3940-1.jpg","type":"image\/jpeg"}],"twitter_card":"summary_large_image","twitter_misc":{"Dur\u00e9e de lecture estim\u00e9e":"3 minutes"},"schema":{"@context":"https:\/\/schema.org","@graph":[{"@type":"WebPage","@id":"https:\/\/turbovac.nl\/fr\/solutions-demballage\/operculeuse-a-barquettes\/operculeuse-a-barquettes-tps-mini\/","url":"https:\/\/turbovac.nl\/fr\/solutions-demballage\/operculeuse-a-barquettes\/operculeuse-a-barquettes-tps-mini\/","name":"Operculeuse A Barquettes TPS Mini | Turbovac - Capture Quality","isPartOf":{"@id":"https:\/\/turbovac.nl\/#website"},"primaryImageOfPage":{"@id":"https:\/\/turbovac.nl\/fr\/solutions-demballage\/operculeuse-a-barquettes\/operculeuse-a-barquettes-tps-mini\/#primaryimage"},"image":{"@id":"https:\/\/turbovac.nl\/fr\/solutions-demballage\/operculeuse-a-barquettes\/operculeuse-a-barquettes-tps-mini\/#primaryimage"},"thumbnailUrl":"https:\/\/turbovac.nl\/wp-content\/uploads\/2019\/10\/TT-zoom3940-1.jpg","datePublished":"2019-11-06T17:20:38+00:00","dateModified":"2020-03-31T10:03:07+00:00","description":"Operculeuse A Barquettes TPS Mini est con\u00e7u pour le conditionnement de produits alimentaires sous atmosph\u00e8re protectrice (MAP).","breadcrumb":{"@id":"https:\/\/turbovac.nl\/fr\/solutions-demballage\/operculeuse-a-barquettes\/operculeuse-a-barquettes-tps-mini\/#breadcrumb"},"inLanguage":"fr-FR","potentialAction":[{"@type":"ReadAction","target":["https:\/\/turbovac.nl\/fr\/solutions-demballage\/operculeuse-a-barquettes\/operculeuse-a-barquettes-tps-mini\/"]}]},{"@type":"ImageObject","inLanguage":"fr-FR","@id":"https:\/\/turbovac.nl\/fr\/solutions-demballage\/operculeuse-a-barquettes\/operculeuse-a-barquettes-tps-mini\/#primaryimage","url":"https:\/\/turbovac.nl\/wp-content\/uploads\/2019\/10\/TT-zoom3940-1.jpg","contentUrl":"https:\/\/turbovac.nl\/wp-content\/uploads\/2019\/10\/TT-zoom3940-1.jpg","width":1000,"height":1064,"caption":"Tabletop detail Gastronomy"},{"@type":"BreadcrumbList","@id":"https:\/\/turbovac.nl\/fr\/solutions-demballage\/operculeuse-a-barquettes\/operculeuse-a-barquettes-tps-mini\/#breadcrumb","itemListElement":[{"@type":"ListItem","position":1,"name":"Home","item":"https:\/\/turbovac.nl\/fr\/"},{"@type":"ListItem","position":2,"name":"Solutions d&#8217;emballage","item":"https:\/\/turbovac.nl\/fr\/solutions-demballage\/"},{"@type":"ListItem","position":3,"name":"Operculeuse A Barquettes","item":"https:\/\/turbovac.nl\/fr\/solutions-demballage\/operculeuse-a-barquettes\/"},{"@type":"ListItem","position":4,"name":"Operculeuse A Barquettes TPS Mini"}]},{"@type":"WebSite","@id":"https:\/\/turbovac.nl\/#website","url":"https:\/\/turbovac.nl\/","name":"TURBOVAC","description":"Vacuum Packaging Machines","potentialAction":[{"@type":"SearchAction","target":{"@type":"EntryPoint","urlTemplate":"https:\/\/turbovac.nl\/?s={search_term_string}"},"query-input":"required name=search_term_string"}],"inLanguage":"fr-FR"}]}},"_links":{"self":[{"href":"https:\/\/turbovac.nl\/fr\/wp-json\/wp\/v2\/pages\/8962","targetHints":{"allow":["GET"]}}],"collection":[{"href":"https:\/\/turbovac.nl\/fr\/wp-json\/wp\/v2\/pages"}],"about":[{"href":"https:\/\/turbovac.nl\/fr\/wp-json\/wp\/v2\/types\/page"}],"author":[{"embeddable":true,"href":"https:\/\/turbovac.nl\/fr\/wp-json\/wp\/v2\/users\/6"}],"replies":[{"embeddable":true,"href":"https:\/\/turbovac.nl\/fr\/wp-json\/wp\/v2\/comments?post=8962"}],"version-history":[{"count":0,"href":"https:\/\/turbovac.nl\/fr\/wp-json\/wp\/v2\/pages\/8962\/revisions"}],"up":[{"embeddable":true,"href":"https:\/\/turbovac.nl\/fr\/wp-json\/wp\/v2\/pages\/8649"}],"wp:featuredmedia":[{"embeddable":true,"href":"https:\/\/turbovac.nl\/fr\/wp-json\/wp\/v2\/media\/3902"}],"wp:attachment":[{"href":"https:\/\/turbovac.nl\/fr\/wp-json\/wp\/v2\/media?parent=8962"}],"curies":[{"name":"wp","href":"https:\/\/api.w.org\/{rel}","templated":true}]}}