{"id":9163,"date":"2019-11-20T19:25:49","date_gmt":"2019-11-20T18:25:49","guid":{"rendered":"https:\/\/turbovac.nl\/thermoformer-machine-configurator\/"},"modified":"2020-03-31T09:41:48","modified_gmt":"2020-03-31T08:41:48","slug":"thermoformer-machine-configurator","status":"publish","type":"page","link":"https:\/\/turbovac.nl\/fr\/thermoformer-machine-configurator\/","title":{"rendered":"THERMOFORMER MACHINE CONFIGURATOR"},"content":{"rendered":"<p>[vc_row type=\u00a0\u00bbfull_width_background\u00a0\u00bb bg_color=\u00a0\u00bb#f6f6f6&Prime; top_padding=\u00a0\u00bb80&Prime; bottom_padding=\u00a0\u00bb80&Prime;][vc_column width=\u00a0\u00bb1\/6&Prime;][\/vc_column][vc_column width=\u00a0\u00bb5\/6&Prime;][vc_custom_heading text=\u00a0\u00bbCONFIGURATEUR DE MACHINE \u00c0 THERMOFORMEUSES\u00a0\u00bb font_container=\u00a0\u00bbtag:h2|font_size:45px|text_align:left|line_height:54px\u00a0\u00bb use_theme_fonts=\u00a0\u00bbyes\u00a0\u00bb][vc_empty_space]\n<div class=\"wpcf7 no-js\" id=\"wpcf7-f9093-o1\" lang=\"en-US\" dir=\"ltr\">\n<div class=\"screen-reader-response\"><p role=\"status\" aria-live=\"polite\" aria-atomic=\"true\"><\/p> <ul><\/ul><\/div>\n<form action=\"\/fr\/wp-json\/wp\/v2\/pages\/9163#wpcf7-f9093-o1\" method=\"post\" class=\"wpcf7-form init\" aria-label=\"Contact form\" novalidate=\"novalidate\" data-status=\"init\">\n<div style=\"display: none;\">\n<input type=\"hidden\" name=\"_wpcf7\" value=\"9093\" \/>\n<input type=\"hidden\" name=\"_wpcf7_version\" value=\"5.9.5\" \/>\n<input type=\"hidden\" name=\"_wpcf7_locale\" value=\"en_US\" \/>\n<input type=\"hidden\" name=\"_wpcf7_unit_tag\" value=\"wpcf7-f9093-o1\" \/>\n<input type=\"hidden\" name=\"_wpcf7_container_post\" value=\"0\" \/>\n<input type=\"hidden\" name=\"_wpcf7_posted_data_hash\" value=\"\" \/>\n<input type=\"hidden\" name=\"_wpcf7_recaptcha_response\" value=\"\" \/>\n<\/div>\n<h2>LES SP\u00c9CIFICATIONS DU PRODUIT\n<\/h2>\n<div class=\"contact-form-style-2\">\n\t<h4>LE TYPE DE PRODUIT \u00c0 EMBALLER :\n\t<\/h4>\n\t<p class=\"cf-style2-text\"><span class=\"wpcf7-form-control-wrap\" data-name=\"TYPEOFPRODUCT\"><input size=\"40\" class=\"wpcf7-form-control wpcf7-text wpcf7-validates-as-required\" aria-required=\"true\" aria-invalid=\"false\" placeholder=\"Type de produit (Viande, viande froide, jambon, fromage, poisson, fruits secs et noix, etc.)\" value=\"\" type=\"text\" name=\"TYPEOFPRODUCT\" \/><\/span>\n\t<\/p>\n\t<h4>\u00c9TAT DU PRODUIT :\n\t<\/h4>\n\t<p class=\"cf-style2-adress\"><span class=\"wpcf7-form-control-wrap\" data-name=\"productstate\"><select class=\"wpcf7-form-control wpcf7-select wpcf7-validates-as-required gem-combobox\" aria-required=\"true\" aria-invalid=\"false\" name=\"productstate\"><option value=\"Faites votre choix\">Faites votre choix<\/option><option value=\"Dry\">Dry<\/option><option value=\"Wet\">Wet<\/option><option value=\"Hot\">Hot<\/option><option value=\"Cold\">Cold<\/option><\/select><\/span>\n\t<\/p>\n\t<h4>DIMENSIONS DE CHAQUE TYPE DE PRODUIT (longueur, largeur, hauteur en mm)\n\t<\/h4>\n\t<p class=\"cf-style2-text\"><span class=\"wpcf7-form-control-wrap\" data-name=\"dimensionproduct\"><input size=\"40\" class=\"wpcf7-form-control wpcf7-text wpcf7-validates-as-required\" aria-required=\"true\" aria-invalid=\"false\" placeholder=\"longueur, largeur, hauteur*\" value=\"\" type=\"text\" name=\"dimensionproduct\" \/><\/span>\n\t<\/p>\n\t<h4>DIMENSIONS DE CHAQUE EMBALLAGE PR\u00c9F\u00c9R\u00c9 (longueur, largeur, hauteur en mm)\n\t<\/h4>\n\t<p class=\"cf-style2-text\"><span class=\"wpcf7-form-control-wrap\" data-name=\"dimensionpackage\"><input size=\"40\" class=\"wpcf7-form-control wpcf7-text wpcf7-validates-as-required\" aria-required=\"true\" aria-invalid=\"false\" placeholder=\"longueur, largeur, hauteur*\" value=\"\" type=\"text\" name=\"dimensionpackage\" \/><\/span>\n\t<\/p>\n\t<h4>POIDS APPROXIMATIF DANS CHAQUE PLATEAU (kg)\n\t<\/h4>\n\t<p class=\"cf-style2-text\"><span class=\"wpcf7-form-control-wrap\" data-name=\"weight\"><input size=\"40\" class=\"wpcf7-form-control wpcf7-text wpcf7-validates-as-required\" aria-required=\"true\" aria-invalid=\"false\" placeholder=\"poids*\" value=\"\" type=\"text\" name=\"weight\" \/><\/span>\n\t<\/p>\n\t<h2>VOLUME DE PRODUCTION\n\t<\/h2>\n\t<h4>NOMBRE DE PLATEAUX PAR HEURE\n\t<\/h4>\n\t<p class=\"cf-style2-text\"><span class=\"wpcf7-form-control-wrap\" data-name=\"number\"><input size=\"40\" class=\"wpcf7-form-control wpcf7-text wpcf7-validates-as-required\" aria-required=\"true\" aria-invalid=\"false\" placeholder=\"Nombre de plateaux par heure\" value=\"\" type=\"text\" name=\"number\" \/><\/span>\n\t<\/p>\n\t<h2>EMBALLAGE\n\t<\/h2>\n\t<div class=\"contact-form-style-2\">\n\t\t<h4>EUROSLOT:\n\t\t<\/h4>\n\t\t<p class=\"cf-style2-adress\"><span class=\"wpcf7-form-control-wrap\" data-name=\"euroslothang\"><select class=\"wpcf7-form-control wpcf7-select wpcf7-validates-as-required gem-combobox\" aria-required=\"true\" aria-invalid=\"false\" name=\"euroslothang\"><option value=\"Pr\u00e9cisez la position\">Pr\u00e9cisez la position<\/option><option value=\"Simple hook\">Simple hook<\/option><option value=\"Dual hook\">Dual hook<\/option><option value=\"NO\">NO<\/option><\/select><\/span>\n\t\t<\/p>\n\t\t<p class=\"cf-style2-text\"><span class=\"wpcf7-form-control-wrap\" data-name=\"specifyposition\"><input size=\"40\" class=\"wpcf7-form-control wpcf7-text wpcf7-validates-as-required\" aria-required=\"true\" aria-invalid=\"false\" placeholder=\"Pr\u00e9cisez la position\" value=\"\" type=\"text\" name=\"specifyposition\" \/><\/span>\n\t\t<\/p>\n\t\t<h4>SYST\u00c8ME D'EMBALLAGE :\n\t\t<\/h4>\n\t\t<p class=\"cf-style2-adress\"><span class=\"wpcf7-form-control-wrap\" data-name=\"packagingsystem\"><select class=\"wpcf7-form-control wpcf7-select wpcf7-validates-as-required gem-combobox\" aria-required=\"true\" aria-invalid=\"false\" name=\"packagingsystem\"><option value=\"Faites votre choix\">Faites votre choix<\/option><option value=\"Vacuum\">Vacuum<\/option><option value=\"vacuum + MAP (gas)\">vacuum + MAP (gas)<\/option><option value=\"skin\">skin<\/option><option value=\"shrink\">shrink<\/option><option value=\"only sealing\">only sealing<\/option><option value=\"only forming\">only forming<\/option><\/select><\/span>\n\t\t<\/p>\n\t\t<p\n\n<h4>TYPE DE GAZ :\n\t\t<\/p>\n\t\t<p class=\"cf-style2-adress\"><span class=\"wpcf7-form-control-wrap\" data-name=\"typeofgas\"><select class=\"wpcf7-form-control wpcf7-select wpcf7-validates-as-required gem-combobox\" aria-required=\"true\" aria-invalid=\"false\" name=\"typeofgas\"><option value=\"Faites votre choix\">Faites votre choix<\/option><option value=\"Oxygen &lt;21%\">Oxygen &lt;21%<\/option><option value=\"Oxygen &gt;21%\">Oxygen &gt;21%<\/option><option value=\"N\/A\">N\/A<\/option><\/select><\/span>\n\t\t<\/p>\n\t\t<p\n<h4>TYPE DE FILM INF\u00c9RIEUR :\n\t\t<\/p>\n\t\t<p class=\"cf-style2-adress\"><span class=\"wpcf7-form-control-wrap\" data-name=\"typeofbottom\"><select class=\"wpcf7-form-control wpcf7-select wpcf7-validates-as-required gem-combobox\" aria-required=\"true\" aria-invalid=\"false\" name=\"typeofbottom\"><option value=\"Faites votre choix\">Faites votre choix<\/option><option value=\"Flexible ca &lt;400 micron\">Flexible ca &lt;400 micron<\/option><option value=\"Rigid ca &gt;400 micron\">Rigid ca &gt;400 micron<\/option><\/select><\/span>\n\t\t<\/p>\n\t\t<p\n<h4>TYPE DE FILM SUP\u00c9RIEUR & LARGEUR (mm) :\n\t\t<\/p>\n\t\t<p class=\"cf-style2-text\"><span class=\"wpcf7-form-control-wrap\" data-name=\"typeoffilm\"><input size=\"40\" class=\"wpcf7-form-control wpcf7-text wpcf7-validates-as-required\" aria-required=\"true\" aria-invalid=\"false\" placeholder=\"type de film sup\u00e9rieur &amp; largeur (mm) :\" value=\"\" type=\"text\" name=\"typeoffilm\" \/><\/span>\n\t\t<\/p>\n\t\t<h2>CONFIGURATION DE LA MACHINE\n\t\t<\/h2>\n\t\t<h4>LONGUEUR APPROXIMATIVE DE LA MACHINE (m\u00e8tre)\n\t\t<\/h4>\n\t\t<p class=\"cf-style2-text\"><span class=\"wpcf7-form-control-wrap\" data-name=\"machinelength\"><input size=\"40\" class=\"wpcf7-form-control wpcf7-text wpcf7-validates-as-required\" aria-required=\"true\" aria-invalid=\"false\" placeholder=\"Longueur approximative de la machine ; limites d&#039;espace\" value=\"\" type=\"text\" name=\"machinelength\" \/><\/span>\n\t\t<\/p>\n\t\t<h4>NOMBRE DE ZONES DE CHARGEMENT GRATUITS\n\t\t<\/h4>\n\t\t<p class=\"cf-style2-text\"><span class=\"wpcf7-form-control-wrap\" data-name=\"freeloading\"><input size=\"40\" class=\"wpcf7-form-control wpcf7-text wpcf7-validates-as-required\" aria-required=\"true\" aria-invalid=\"false\" placeholder=\"Nombre de positions de chargement\" value=\"\" type=\"text\" name=\"freeloading\" \/><\/span>\n\t\t<\/p>\n\t\t<p>D\u00c9CHARGE DE PRODUITS\n\t\t<\/p>\n\t\t<p class=\"cf-style2-adress\"><span class=\"wpcf7-form-control-wrap\" data-name=\"productdischarge\"><select class=\"wpcf7-form-control wpcf7-select wpcf7-validates-as-required gem-combobox\" aria-required=\"true\" aria-invalid=\"false\" name=\"productdischarge\"><option value=\"Faites votre choix\">Faites votre choix<\/option><option value=\"Exit ramp (not powered)\">Exit ramp (not powered)<\/option><option value=\"Standard belt\">Standard belt<\/option><option value=\"conveyor belt (powered)\">conveyor belt (powered)<\/option><\/select><\/span>\n\t\t<\/p>\n\t\t<p class=\"cf-style2-text\"><span class=\"wpcf7-form-control-wrap\" data-name=\"beltlenght\"><input size=\"40\" class=\"wpcf7-form-control wpcf7-text wpcf7-validates-as-required\" aria-required=\"true\" aria-invalid=\"false\" placeholder=\"longueur (mm)\" value=\"\" type=\"text\" name=\"beltlenght\" \/><\/span>\n\t\t<\/p>\n\t\t<p>FILM SUP\u00c9RIEUR IMPRIM\u00c9\n\t\t<\/p>\n\t\t<p class=\"cf-style2-adress\"><span class=\"wpcf7-form-control-wrap\" data-name=\"photocell\"><select class=\"wpcf7-form-control wpcf7-select wpcf7-validates-as-required gem-combobox\" aria-required=\"true\" aria-invalid=\"false\" name=\"photocell\"><option value=\"Faites votre choix\">Faites votre choix<\/option><option value=\"QUI\">QUI<\/option><option value=\"NON\">NON<\/option><\/select><\/span>\n\t\t<\/p>\n\t\t<h4>IMPRIMEURS\/\u00c9TIQUETEURS\n\t\t<\/h4>\n\t\t<p class=\"cf-style2-adress\"><span class=\"wpcf7-form-control-wrap\" data-name=\"printerslabelers\"><select class=\"wpcf7-form-control wpcf7-select wpcf7-validates-as-required gem-combobox\" aria-required=\"true\" aria-invalid=\"false\" name=\"printerslabelers\"><option value=\"Faites votre choix\">Faites votre choix<\/option><option value=\"Inkjet printing topfilm\">Inkjet printing topfilm<\/option><option value=\"Inkjet printing bottom film\">Inkjet printing bottom film<\/option><option value=\"Thermal transfer printing topfilm\">Thermal transfer printing topfilm<\/option><option value=\"Thermal transfer printing bottom film\">Thermal transfer printing bottom film<\/option><\/select><\/span>\n\t\t<\/p>\n\t\t<h4>AUTO-LUBRIFICATION DE LA CHA\u00ceNE\n\t\t<\/h4>\n\t\t<p class=\"cf-style2-adress\"><span class=\"wpcf7-form-control-wrap\" data-name=\"lubrication\"><select class=\"wpcf7-form-control wpcf7-select wpcf7-validates-as-required gem-combobox\" aria-required=\"true\" aria-invalid=\"false\" name=\"lubrication\"><option value=\"Faites votre choix\">Faites votre choix<\/option><option value=\"QUI\">QUI<\/option><option value=\"NON\">NON<\/option><\/select><\/span>\n\t\t<\/p>\n\t\t<h2>OPTIONS SUPPL\u00c9MENTAIRES\n\t\t<\/h2>\n\t\t<h4>CIRCUIT DE REFROIDISSEMENT : CHILLER\n\t\t<\/h4>\n\t\t<p class=\"cf-style2-adress\"><span class=\"wpcf7-form-control-wrap\" data-name=\"coolingcircuit\"><select class=\"wpcf7-form-control wpcf7-select wpcf7-validates-as-required gem-combobox\" aria-required=\"true\" aria-invalid=\"false\" name=\"coolingcircuit\"><option value=\"Faites votre choix\">Faites votre choix<\/option><option value=\"QUI\">QUI<\/option><option value=\"NON\">NON<\/option><\/select><\/span>\n\t\t<\/p>\n\t\t<h4>CONTR\u00d4LE \u00c0 DISTANCE VIA INTERNET\n\t\t<\/h4>\n\t\t<p class=\"cf-style2-adress\"><span class=\"wpcf7-form-control-wrap\" data-name=\"remotecontrol\"><select class=\"wpcf7-form-control wpcf7-select wpcf7-validates-as-required gem-combobox\" aria-required=\"true\" aria-invalid=\"false\" name=\"remotecontrol\"><option value=\"Faites votre choix\">Faites votre choix<\/option><option value=\"QUI\">QUI<\/option><option value=\"NON\">NON<\/option><\/select><\/span>\n\t\t<\/p>\n\t\t<h2>TYPE OF MOULDS\n\t\t<\/h2>\n\t\t<p><img decoding=\"async\" src=\"https:\/\/henkovac.com\/wp-content\/uploads\/2019\/11\/MOLD-THERMOFORMER.jpg\" \/>\n\t\t<\/p>\n\t\t<h4>Preferred type of mould\n\t\t<\/h4>\n\t\t<p class=\"cf-style2-adress\"><span class=\"wpcf7-form-control-wrap\" data-name=\"typeofmolds\"><select class=\"wpcf7-form-control wpcf7-select wpcf7-validates-as-required gem-combobox\" aria-required=\"true\" aria-invalid=\"false\" name=\"typeofmolds\"><option value=\"Faites votre choix\">Faites votre choix<\/option><option value=\"1x1\">1x1<\/option><option value=\"1x2\">1x2<\/option><option value=\"1x3\">1x3<\/option><option value=\"2x1\">2x1<\/option><option value=\"2x2\">2x2<\/option><option value=\"2x3\">2x3<\/option><option value=\"3x1\">3x1<\/option><option value=\"3x2\">3x2<\/option><option value=\"3x3\">3x3<\/option><option value=\"4x1\">4x1<\/option><option value=\"5x2\">5x2<\/option><option value=\"5x3\">5x3<\/option><option value=\"6x1\">6x1<\/option><option value=\"6x2\">6x2<\/option><option value=\"6x3\">6x3<\/option><\/select><\/span>\n\t\t<\/p>\n\t\t<p class=\"cf-style2-textarea\"><span class=\"wpcf7-form-control-wrap\" data-name=\"Remark\"><textarea cols=\"40\" rows=\"10\" class=\"wpcf7-form-control wpcf7-textarea wpcf7-validates-as-required\" aria-required=\"true\" aria-invalid=\"false\" placeholder=\"DEMANDES SUPPL\u00c9MENTAIRES, INFORMATIONS ET SP\u00c9CIFICATIONS\" name=\"Remark\"><\/textarea><\/span>\n\t\t<\/p>\n\t\t<h2>VOS INFORMATIONS PERSONNELLES\n\t\t<\/h2>\n\t\t<p class=\"cf-style2-text\"><span class=\"wpcf7-form-control-wrap\" data-name=\"Name\"><input size=\"40\" class=\"wpcf7-form-control wpcf7-text wpcf7-validates-as-required\" aria-required=\"true\" aria-invalid=\"false\" placeholder=\"Nom*\" value=\"\" type=\"text\" name=\"Name\" \/><\/span>\n\t\t<\/p>\n\t\t<p class=\"cf-style2-text\"><span class=\"wpcf7-form-control-wrap\" data-name=\"Company\"><input size=\"40\" class=\"wpcf7-form-control wpcf7-text wpcf7-validates-as-required\" aria-required=\"true\" aria-invalid=\"false\" placeholder=\"Nom de la soci\u00e9t\u00e9*\" value=\"\" type=\"text\" name=\"Company\" \/><\/span>\n\t\t<\/p>\n\t\t<p class=\"cf-style2-phone\"><span class=\"wpcf7-form-control-wrap\" data-name=\"mobiel\"><input size=\"40\" class=\"wpcf7-form-control wpcf7-tel wpcf7-validates-as-required wpcf7-text wpcf7-validates-as-tel\" aria-required=\"true\" aria-invalid=\"false\" placeholder=\"T\u00e9l\u00e9phone*\" value=\"\" type=\"tel\" name=\"mobiel\" \/><\/span>\n\t\t<\/p>\n\t\t<p class=\"cf-style2-email\"><span class=\"wpcf7-form-control-wrap\" data-name=\"email\"><input size=\"40\" class=\"wpcf7-form-control wpcf7-email wpcf7-validates-as-required wpcf7-text wpcf7-validates-as-email\" aria-required=\"true\" aria-invalid=\"false\" placeholder=\"Email*\" value=\"\" type=\"email\" name=\"email\" \/><\/span>\n\t\t<\/p>\n\t\t<p><span class=\"wpcf7-form-control-wrap\" data-name=\"AVG\"><span class=\"wpcf7-form-control wpcf7-acceptance\"><span class=\"wpcf7-list-item\"><label><input type=\"checkbox\" name=\"AVG\" value=\"1\" aria-invalid=\"false\" \/><span class=\"wpcf7-list-item-label\">Je suis d'accord avec <B><U><a href=\"https:\/\/turbovac.nl\/privacy-and-cookie-policy\/\">la politique de confidentialit\u00e9 et de cookies de Turbovac.<\/a><\/B><\/U><\/span><\/label><\/span><\/span><\/span>\n\t\t<\/p>\n\t\t<p><input class=\"wpcf7-form-control wpcf7-submit has-spinner\" type=\"submit\" value=\"Envoyer\" \/>\n\t\t<\/p>\n\t<\/div>\n<\/div><div class=\"wpcf7-response-output\" aria-hidden=\"true\"><\/div>\n<\/form>\n<\/div>\n[\/vc_column][vc_column][vc_empty_space height=\u00a0\u00bb150&Prime;][\/vc_column][\/vc_row][vc_row type=\u00a0\u00bbfull_width_content\u00a0\u00bb][vc_column background_color=\u00a0\u00bb#75001f\u00a0\u00bb][vc_empty_space][vc_custom_heading text=\u00a0\u00bbCAPTURE QUALITY\u00a0\u00bb font_container=\u00a0\u00bbtag:h2|font_size:35|text_align:center|color:%23ffffff|line_height:1.25&Prime; use_theme_fonts=\u00a0\u00bbyes\u00a0\u00bb][vc_empty_space][\/vc_column][\/vc_row]<\/p>\n","protected":false},"excerpt":{"rendered":"<p>[vc_row type=\u00a0\u00bbfull_width_background\u00a0\u00bb bg_color=\u00a0\u00bb#f6f6f6&Prime; top_padding=\u00a0\u00bb80&Prime; bottom_padding=\u00a0\u00bb80&Prime;][vc_column width=\u00a0\u00bb1\/6&Prime;][\/vc_column][vc_column width=\u00a0\u00bb5\/6&Prime;][vc_custom_heading text=\u00a0\u00bbCONFIGURATEUR DE MACHINE \u00c0 THERMOFORMEUSES\u00a0\u00bb font_container=\u00a0\u00bbtag:h2|font_size:45px|text_align:left|line_height:54px\u00a0\u00bb use_theme_fonts=\u00a0\u00bbyes\u00a0\u00bb][vc_empty_space][\/vc_column][vc_column][vc_empty_space height=\u00a0\u00bb150&Prime;][\/vc_column][\/vc_row][vc_row type=\u00a0\u00bbfull_width_content\u00a0\u00bb][vc_column background_color=\u00a0\u00bb#75001f\u00a0\u00bb][vc_empty_space][vc_custom_heading text=\u00a0\u00bbCAPTURE QUALITY\u00a0\u00bb font_container=\u00a0\u00bbtag:h2|font_size:35|text_align:center|color:%23ffffff|line_height:1.25&Prime; use_theme_fonts=\u00a0\u00bbyes\u00a0\u00bb][vc_empty_space][\/vc_column][\/vc_row]<\/p>\n","protected":false},"author":6,"featured_media":3902,"parent":0,"menu_order":0,"comment_status":"closed","ping_status":"closed","template":"","meta":{"_monsterinsights_skip_tracking":false,"_monsterinsights_sitenote_active":false,"_monsterinsights_sitenote_note":"","_monsterinsights_sitenote_category":0,"footnotes":""},"class_list":["post-9163","page","type-page","status-publish","has-post-thumbnail","hentry"],"yoast_head":"<!-- This site is optimized with the Yoast SEO plugin v22.7 - https:\/\/yoast.com\/wordpress\/plugins\/seo\/ -->\n<title>Configurateur de machine \u00e0 Thermoformeuses | Turbovac<\/title>\n<meta name=\"description\" content=\"Avec le configurateur de Thermoformeuses, vous pouvez envoyer \u00e0 Turbovac des informations sp\u00e9cifiques sur votre choix de configuration de thermoformeuse.\" \/>\n<meta name=\"robots\" content=\"index, follow, max-snippet:-1, max-image-preview:large, max-video-preview:-1\" \/>\n<link rel=\"canonical\" href=\"https:\/\/turbovac.nl\/fr\/thermoformer-machine-configurator\/\" \/>\n<meta property=\"og:locale\" content=\"fr_FR\" \/>\n<meta property=\"og:type\" content=\"article\" \/>\n<meta property=\"og:title\" content=\"Configurateur de machine \u00e0 Thermoformeuses | Turbovac\" \/>\n<meta property=\"og:description\" content=\"Avec le configurateur de Thermoformeuses, vous pouvez envoyer \u00e0 Turbovac des informations sp\u00e9cifiques sur votre choix de configuration de thermoformeuse.\" \/>\n<meta property=\"og:url\" content=\"https:\/\/turbovac.nl\/fr\/thermoformer-machine-configurator\/\" \/>\n<meta property=\"og:site_name\" content=\"TURBOVAC\" \/>\n<meta property=\"article:modified_time\" content=\"2020-03-31T08:41:48+00:00\" \/>\n<meta property=\"og:image\" content=\"https:\/\/turbovac.nl\/wp-content\/uploads\/2019\/10\/TT-zoom3940-1.jpg\" \/>\n\t<meta property=\"og:image:width\" content=\"1000\" \/>\n\t<meta property=\"og:image:height\" content=\"1064\" \/>\n\t<meta property=\"og:image:type\" content=\"image\/jpeg\" \/>\n<meta name=\"twitter:card\" content=\"summary_large_image\" \/>\n<meta name=\"twitter:label1\" content=\"Dur\u00e9e de lecture estim\u00e9e\" \/>\n\t<meta name=\"twitter:data1\" content=\"1 minute\" \/>\n<script type=\"application\/ld+json\" class=\"yoast-schema-graph\">{\"@context\":\"https:\/\/schema.org\",\"@graph\":[{\"@type\":\"WebPage\",\"@id\":\"https:\/\/turbovac.nl\/fr\/thermoformer-machine-configurator\/\",\"url\":\"https:\/\/turbovac.nl\/fr\/thermoformer-machine-configurator\/\",\"name\":\"Configurateur de machine \u00e0 Thermoformeuses | Turbovac\",\"isPartOf\":{\"@id\":\"https:\/\/turbovac.nl\/#website\"},\"primaryImageOfPage\":{\"@id\":\"https:\/\/turbovac.nl\/fr\/thermoformer-machine-configurator\/#primaryimage\"},\"image\":{\"@id\":\"https:\/\/turbovac.nl\/fr\/thermoformer-machine-configurator\/#primaryimage\"},\"thumbnailUrl\":\"https:\/\/turbovac.nl\/wp-content\/uploads\/2019\/10\/TT-zoom3940-1.jpg\",\"datePublished\":\"2019-11-20T18:25:49+00:00\",\"dateModified\":\"2020-03-31T08:41:48+00:00\",\"description\":\"Avec le configurateur de Thermoformeuses, vous pouvez envoyer \u00e0 Turbovac des informations sp\u00e9cifiques sur votre choix de configuration de thermoformeuse.\",\"breadcrumb\":{\"@id\":\"https:\/\/turbovac.nl\/fr\/thermoformer-machine-configurator\/#breadcrumb\"},\"inLanguage\":\"fr-FR\",\"potentialAction\":[{\"@type\":\"ReadAction\",\"target\":[\"https:\/\/turbovac.nl\/fr\/thermoformer-machine-configurator\/\"]}]},{\"@type\":\"ImageObject\",\"inLanguage\":\"fr-FR\",\"@id\":\"https:\/\/turbovac.nl\/fr\/thermoformer-machine-configurator\/#primaryimage\",\"url\":\"https:\/\/turbovac.nl\/wp-content\/uploads\/2019\/10\/TT-zoom3940-1.jpg\",\"contentUrl\":\"https:\/\/turbovac.nl\/wp-content\/uploads\/2019\/10\/TT-zoom3940-1.jpg\",\"width\":1000,\"height\":1064,\"caption\":\"Tabletop detail Gastronomy\"},{\"@type\":\"BreadcrumbList\",\"@id\":\"https:\/\/turbovac.nl\/fr\/thermoformer-machine-configurator\/#breadcrumb\",\"itemListElement\":[{\"@type\":\"ListItem\",\"position\":1,\"name\":\"Home\",\"item\":\"https:\/\/turbovac.nl\/fr\/\"},{\"@type\":\"ListItem\",\"position\":2,\"name\":\"THERMOFORMER MACHINE CONFIGURATOR\"}]},{\"@type\":\"WebSite\",\"@id\":\"https:\/\/turbovac.nl\/#website\",\"url\":\"https:\/\/turbovac.nl\/\",\"name\":\"TURBOVAC\",\"description\":\"Vacuum Packaging Machines\",\"potentialAction\":[{\"@type\":\"SearchAction\",\"target\":{\"@type\":\"EntryPoint\",\"urlTemplate\":\"https:\/\/turbovac.nl\/?s={search_term_string}\"},\"query-input\":\"required name=search_term_string\"}],\"inLanguage\":\"fr-FR\"}]}<\/script>\n<!-- \/ Yoast SEO plugin. -->","yoast_head_json":{"title":"Configurateur de machine \u00e0 Thermoformeuses | Turbovac","description":"Avec le configurateur de Thermoformeuses, vous pouvez envoyer \u00e0 Turbovac des informations sp\u00e9cifiques sur votre choix de configuration de thermoformeuse.","robots":{"index":"index","follow":"follow","max-snippet":"max-snippet:-1","max-image-preview":"max-image-preview:large","max-video-preview":"max-video-preview:-1"},"canonical":"https:\/\/turbovac.nl\/fr\/thermoformer-machine-configurator\/","og_locale":"fr_FR","og_type":"article","og_title":"Configurateur de machine \u00e0 Thermoformeuses | Turbovac","og_description":"Avec le configurateur de Thermoformeuses, vous pouvez envoyer \u00e0 Turbovac des informations sp\u00e9cifiques sur votre choix de configuration de thermoformeuse.","og_url":"https:\/\/turbovac.nl\/fr\/thermoformer-machine-configurator\/","og_site_name":"TURBOVAC","article_modified_time":"2020-03-31T08:41:48+00:00","og_image":[{"width":1000,"height":1064,"url":"https:\/\/turbovac.nl\/wp-content\/uploads\/2019\/10\/TT-zoom3940-1.jpg","type":"image\/jpeg"}],"twitter_card":"summary_large_image","twitter_misc":{"Dur\u00e9e de lecture estim\u00e9e":"1 minute"},"schema":{"@context":"https:\/\/schema.org","@graph":[{"@type":"WebPage","@id":"https:\/\/turbovac.nl\/fr\/thermoformer-machine-configurator\/","url":"https:\/\/turbovac.nl\/fr\/thermoformer-machine-configurator\/","name":"Configurateur de machine \u00e0 Thermoformeuses | Turbovac","isPartOf":{"@id":"https:\/\/turbovac.nl\/#website"},"primaryImageOfPage":{"@id":"https:\/\/turbovac.nl\/fr\/thermoformer-machine-configurator\/#primaryimage"},"image":{"@id":"https:\/\/turbovac.nl\/fr\/thermoformer-machine-configurator\/#primaryimage"},"thumbnailUrl":"https:\/\/turbovac.nl\/wp-content\/uploads\/2019\/10\/TT-zoom3940-1.jpg","datePublished":"2019-11-20T18:25:49+00:00","dateModified":"2020-03-31T08:41:48+00:00","description":"Avec le configurateur de Thermoformeuses, vous pouvez envoyer \u00e0 Turbovac des informations sp\u00e9cifiques sur votre choix de configuration de thermoformeuse.","breadcrumb":{"@id":"https:\/\/turbovac.nl\/fr\/thermoformer-machine-configurator\/#breadcrumb"},"inLanguage":"fr-FR","potentialAction":[{"@type":"ReadAction","target":["https:\/\/turbovac.nl\/fr\/thermoformer-machine-configurator\/"]}]},{"@type":"ImageObject","inLanguage":"fr-FR","@id":"https:\/\/turbovac.nl\/fr\/thermoformer-machine-configurator\/#primaryimage","url":"https:\/\/turbovac.nl\/wp-content\/uploads\/2019\/10\/TT-zoom3940-1.jpg","contentUrl":"https:\/\/turbovac.nl\/wp-content\/uploads\/2019\/10\/TT-zoom3940-1.jpg","width":1000,"height":1064,"caption":"Tabletop detail Gastronomy"},{"@type":"BreadcrumbList","@id":"https:\/\/turbovac.nl\/fr\/thermoformer-machine-configurator\/#breadcrumb","itemListElement":[{"@type":"ListItem","position":1,"name":"Home","item":"https:\/\/turbovac.nl\/fr\/"},{"@type":"ListItem","position":2,"name":"THERMOFORMER MACHINE CONFIGURATOR"}]},{"@type":"WebSite","@id":"https:\/\/turbovac.nl\/#website","url":"https:\/\/turbovac.nl\/","name":"TURBOVAC","description":"Vacuum Packaging Machines","potentialAction":[{"@type":"SearchAction","target":{"@type":"EntryPoint","urlTemplate":"https:\/\/turbovac.nl\/?s={search_term_string}"},"query-input":"required name=search_term_string"}],"inLanguage":"fr-FR"}]}},"_links":{"self":[{"href":"https:\/\/turbovac.nl\/fr\/wp-json\/wp\/v2\/pages\/9163","targetHints":{"allow":["GET"]}}],"collection":[{"href":"https:\/\/turbovac.nl\/fr\/wp-json\/wp\/v2\/pages"}],"about":[{"href":"https:\/\/turbovac.nl\/fr\/wp-json\/wp\/v2\/types\/page"}],"author":[{"embeddable":true,"href":"https:\/\/turbovac.nl\/fr\/wp-json\/wp\/v2\/users\/6"}],"replies":[{"embeddable":true,"href":"https:\/\/turbovac.nl\/fr\/wp-json\/wp\/v2\/comments?post=9163"}],"version-history":[{"count":0,"href":"https:\/\/turbovac.nl\/fr\/wp-json\/wp\/v2\/pages\/9163\/revisions"}],"wp:featuredmedia":[{"embeddable":true,"href":"https:\/\/turbovac.nl\/fr\/wp-json\/wp\/v2\/media\/3902"}],"wp:attachment":[{"href":"https:\/\/turbovac.nl\/fr\/wp-json\/wp\/v2\/media?parent=9163"}],"curies":[{"name":"wp","href":"https:\/\/api.w.org\/{rel}","templated":true}]}}