{"id":11156,"date":"2019-06-04T15:19:16","date_gmt":"2019-06-04T14:19:16","guid":{"rendered":"https:\/\/turbovac.nl\/tabletop-range\/"},"modified":"2020-08-10T16:16:15","modified_gmt":"2020-08-10T15:16:15","slug":"tabletop-range","status":"publish","type":"page","link":"https:\/\/turbovac.nl\/nl\/vacuummachines\/tabletop-range\/","title":{"rendered":"Tabletop Range"},"content":{"rendered":"<p>[vc_row type=&#8221;full_width_background&#8221; bg_color=&#8221;#f9f9f9&#8243;][vc_column][vc_row_inner][vc_column_inner width=&#8221;1\/6&#8243;][\/vc_column_inner][vc_column_inner width=&#8221;2\/3&#8243;][vc_custom_heading text=&#8221;Modellen voor basisverpakkingen&#8221; font_container=&#8221;tag:h2|font_size:16|text_align:center|color:%236b6b6b|line_height:1.2&#8243; use_theme_fonts=&#8221;yes&#8221;][vc_empty_space height=&#8221;20&#8243;][vc_custom_heading text=&#8221;TURBOVAC TABLETOP RANGE&#8221; font_container=&#8221;tag:h1|font_size:40|text_align:center|color:%23494949&#8243; use_theme_fonts=&#8221;yes&#8221;][vc_empty_space height=&#8221;20&#8243;][\/vc_column_inner][vc_column_inner width=&#8221;1\/6&#8243;][\/vc_column_inner][\/vc_row_inner][vc_column_text]<\/p>\n<p style=\"text-align: center;\">Professionals in 80 landen wereldwijd kiezen Turbovac als hun nummer 1 voor Tabletop vacu\u00fcmverpakkingsmachines. Turbovac biedt een complete productlijn die voldoet aan de vacu\u00fcmverpakkingsbehoeften van kleine tot middelgrote voedselverwerkende en voedselbereidingsbedrijven in vele industrie\u00ebn.<\/p>\n<p>[\/vc_column_text][vc_empty_space height=&#8221;35px&#8221;][vc_row_inner el_class=&#8221;kolomOver&#8221;][vc_column_inner width=&#8221;1\/5&#8243; background_color=&#8221;#ffffff&#8221; el_class=&#8221;kolomOver&#8221;][vc_single_image image=&#8221;7419&#8243; img_size=&#8221;full&#8221; alignment=&#8221;center&#8221; onclick=&#8221;custom_link&#8221; link=&#8221;https:\/\/turbovac.nl\/nl\/tabletop-s20\/&#8221;][vc_custom_heading text=&#8221;TABLETOP S20&#8243; font_container=&#8221;tag:h2|font_size:24|text_align:center|line_height:1&#8243; use_theme_fonts=&#8221;yes&#8221; link=&#8221;|||&#8221;][vc_column_text]<\/p>\n<p style=\"text-align: center;\">Seal lengte 270 mm<\/p>\n<p>[\/vc_column_text][\/vc_column_inner][vc_column_inner width=&#8221;1\/5&#8243; el_class=&#8221;kolomOver&#8221;][vc_single_image image=&#8221;7424&#8243; img_size=&#8221;full&#8221; alignment=&#8221;center&#8221; onclick=&#8221;custom_link&#8221; link=&#8221;https:\/\/turbovac.nl\/nl\/tabletop-s30\/&#8221;][vc_custom_heading text=&#8221;TABLETOP S30&#8243; font_container=&#8221;tag:h2|font_size:24|text_align:center|line_height:1&#8243; use_theme_fonts=&#8221;yes&#8221;][vc_column_text]<\/p>\n<p style=\"text-align: center;\">Seal lengte 320 mm<\/p>\n<p>[\/vc_column_text][\/vc_column_inner][vc_column_inner width=&#8221;1\/5&#8243; el_class=&#8221;kolomOver&#8221;][vc_single_image image=&#8221;7429&#8243; img_size=&#8221;full&#8221; alignment=&#8221;center&#8221; onclick=&#8221;custom_link&#8221; link=&#8221;https:\/\/turbovac.nl\/nl\/tabletop-s40\/&#8221;][vc_custom_heading text=&#8221;TABLETOP S40&#8243; font_container=&#8221;tag:h2|font_size:24|text_align:center|line_height:1&#8243; use_theme_fonts=&#8221;yes&#8221;][vc_column_text]<\/p>\n<p style=\"text-align: center;\">Seal lengte 420 mm<\/p>\n<p>[\/vc_column_text][\/vc_column_inner][vc_column_inner width=&#8221;1\/5&#8243;][vc_single_image image=&#8221;7434&#8243; img_size=&#8221;full&#8221; alignment=&#8221;center&#8221; onclick=&#8221;custom_link&#8221; link=&#8221;https:\/\/turbovac.nl\/nl\/tabletop-s50\/&#8221;][vc_custom_heading text=&#8221;TABLETOP S50&#8243; font_container=&#8221;tag:h2|font_size:24|text_align:center|line_height:1&#8243; use_theme_fonts=&#8221;yes&#8221;][vc_column_text]<\/p>\n<p style=\"text-align: center;\">Seal lengte 270 mm<\/p>\n<p>[\/vc_column_text][\/vc_column_inner][vc_column_inner width=&#8221;1\/5&#8243;][vc_single_image image=&#8221;7439&#8243; img_size=&#8221;full&#8221; alignment=&#8221;center&#8221; onclick=&#8221;custom_link&#8221; link=&#8221;https:\/\/turbovac.nl\/nl\/tabletop-s60\/&#8221;][vc_custom_heading text=&#8221;TABLETOP S60&#8243; font_container=&#8221;tag:h2|font_size:24|text_align:center|line_height:1&#8243; use_theme_fonts=&#8221;yes&#8221;][vc_column_text]<\/p>\n<p style=\"text-align: center;\">Seal lengte 420 mm<\/p>\n<p>[\/vc_column_text][\/vc_column_inner][\/vc_row_inner][\/vc_column][\/vc_row][vc_row full_width=&#8221;&#8221; parallax=&#8221;&#8221; parallax_image=&#8221;&#8221;][vc_column width=&#8221;1\/2&#8243;][vc_empty_space][vc_custom_heading text=&#8221;Tabletops voordelen&#8221; font_container=&#8221;tag:h4|font_size:18|text_align:left|color:%23a5a5a5&#8243; use_theme_fonts=&#8221;yes&#8221;][vc_empty_space][vc_custom_heading text=&#8221;Eerste keus&#8217; voor restaurants, horeca, voedselverkopers en cateraars.&#8221; font_container=&#8221;tag:h2|font_size:22|text_align:left&#8221; google_fonts=&#8221;font_family:Raleway%3A100%2C200%2C300%2Cregular%2C500%2C600%2C700%2C800%2C900|font_style:700%20bold%20regular%3A700%3Anormal&#8221;][vc_empty_space height=&#8221;15&#8243;][vc_column_text]Onze plug-and-play tafelmachines zijn voorzien van alle kwaliteitstechniek.[\/vc_column_text][list icon=&#8221;steadysets-icon-star&#8221;][list_item title=&#8221;Standaard 1 tot 10 programma&#8217;s&#8221;][list_item title=&#8221;Sensor \/ H2O&#8221;][list_item title=&#8221;Opties: Afsnijding en Brede Seal&#8221;][\/list][vc_empty_space][\/vc_column][vc_column width=&#8221;1\/2&#8243; css=&#8221;.vc_custom_1568117544972{margin-top: -30px !important;}&#8221;][vc_single_image image=&#8221;8594&#8243; img_size=&#8221;large&#8221; alignment=&#8221;center&#8221;][\/vc_column][\/vc_row][vc_row full_width=&#8221;&#8221; parallax=&#8221;&#8221; parallax_image=&#8221;&#8221;][vc_column width=&#8221;1\/3&#8243; css=&#8221;.vc_custom_1568118419395{border-top-width: 1px !important;border-top-color: #d1d1d1 !important;border-top-style: solid !important;}&#8221;][vc_empty_space][vc_custom_heading text=&#8221;CE en ETL gecertificeerd&#8221; font_container=&#8221;tag:h2|font_size:22|text_align:left&#8221; use_theme_fonts=&#8221;yes&#8221;][vc_empty_space height=&#8221;15&#8243;][vc_column_text]<\/p>\n<div class=\"col-lg-4\">\n<div class=\"media\">\n<div class=\"media__content\">\n<p class=\"media__text\">Turbovac-apparatuur is ETL-gecertificeerd en voldoet aan de UL-, NSF- en CE-normen.<\/p>\n<\/div>\n<\/div>\n<\/div>\n<p>[\/vc_column_text][\/vc_column][vc_column width=&#8221;1\/3&#8243; css=&#8221;.vc_custom_1568118428707{border-top-width: 1px !important;border-top-color: #d8d8d8 !important;border-top-style: solid !important;}&#8221;][vc_empty_space][vc_custom_heading text=&#8221;Busch Pump&#8221; font_container=&#8221;tag:h2|font_size:22|text_align:left|color:%234c4c4c&#8221; use_theme_fonts=&#8221;yes&#8221;][vc_empty_space height=&#8221;15&#8243;][vc_column_text]<\/p>\n<div class=\"col-lg-4\">\n<div class=\"media\">\n<div class=\"media__content\">\n<p class=\"media__text\">Alle Turbovac-machines zijn uitgerust met een Busch-vacu\u00fcmpomp.<\/p>\n<\/div>\n<\/div>\n<\/div>\n<p>[\/vc_column_text][\/vc_column][vc_column width=&#8221;1\/3&#8243; css=&#8221;.vc_custom_1568118438842{border-top-width: 1px !important;border-top-color: #dddddd !important;border-top-style: solid !important;}&#8221;][vc_empty_space][vc_custom_heading text=&#8221;Opties&#8221; font_container=&#8221;tag:h2|font_size:22|text_align:left|color:%234c4c4c&#8221; use_theme_fonts=&#8221;yes&#8221;][vc_empty_space height=&#8221;15&#8243;][vc_column_text]<\/p>\n<div class=\"col-lg-4\">\n<div class=\"media\">\n<div class=\"media__content\">\n<p class=\"media__text\">Alle Turbovac-machines zijn verkrijgbaar met verschillende opties<\/p>\n<\/div>\n<\/div>\n<\/div>\n<p>[\/vc_column_text][\/vc_column][\/vc_row][vc_row type=&#8221;full_width_background&#8221; bg_color=&#8221;#b20000&#8243; text_color=&#8221;light&#8221; top_padding=&#8221;35&#8243; bottom_padding=&#8221;35&#8243;][vc_column][textbar button_title=&#8221;NEEM DAN CONTACT OP MET ONZE SPECIALIST&#8221; button_link=&#8221;https:\/\/turbovac.nl\/nl\/contact-form\/&#8221; icon=&#8221;steadysets-icon-type&#8221;]<\/p>\n<p style=\"text-align: left;\">Heeft u vragen over onze Tabletop Range?<\/p>\n<p>[\/textbar][\/vc_column][\/vc_row][vc_row type=&#8221;full_width_content&#8221; bg_image=&#8221;2610&#8243; bg_color=&#8221;#6d6d6d&#8221; top_padding=&#8221;0&#8243;][vc_column width=&#8221;1\/2&#8243; centered_cont=&#8221;true&#8221; background_image=&#8221;3457&#8243;][vc_column_text]<br \/>\n[\/vc_column_text][\/vc_column][vc_column width=&#8221;1\/2&#8243; column_padding=&#8221;4%&#8221; css=&#8221;.vc_custom_1581958267609{background-color: #333333 !important;}&#8221;][vc_empty_space height=&#8221;45&#8243;][vc_custom_heading text=&#8221;&#8220;Onze vacu\u00fcmmachine is een perfecte machine om alles vers en langdurig te bewaren&#8220;&#8221; font_container=&#8221;tag:h2|font_size:40|text_align:left|color:%23ffffff|line_height:1.2&#8243; google_fonts=&#8221;font_family:Merriweather%3A300%2C300italic%2Cregular%2Citalic%2C700%2C700italic%2C900%2C900italic|font_style:300%20light%20italic%3A300%3Aitalic&#8221;][vc_empty_space height=&#8221;100&#8243;][\/vc_column][\/vc_row][vc_row type=&#8221;full_width_background&#8221; class=&#8221;kolomOver&#8221;][vc_column width=&#8221;1\/3&#8243; el_class=&#8221;kolomOver&#8221;][services_medium title=&#8221;VLEESVERWERKENDE INDUSTRIE&#8221; style=&#8221;style_3&#8243; icon=&#8221;steadysets-icon-bones&#8221; icon_color=&#8221;#d20037&#8243; border_color=&#8221;#d20037&#8243; dynamic_content_link=&#8221;https:\/\/turbovac.nl\/nl\/markets\/meat-processing-industry\/&#8221;]Hoogwaardige verpakkingen om uw klanten te verbeteren.[\/services_medium][\/vc_column][vc_column width=&#8221;1\/3&#8243; el_class=&#8221;kolomOver&#8221;][services_medium title=&#8221;VOEDSELVERWERKENDE INDUSTRIE&#8221; style=&#8221;style_3&#8243; icon=&#8221;linecon-icon-food&#8221; icon_color=&#8221;#d20037&#8243; border_color=&#8221;#d20037&#8243; dynamic_content_link=&#8221;https:\/\/turbovac.nl\/nl\/markets\/food-processing-industry\/&#8221;]Optimalisatie en flexibiliteit in alle soorten van voedselverwerking.[\/services_medium][\/vc_column][vc_column width=&#8221;1\/3&#8243; el_class=&#8221;kolomOver&#8221;][services_medium title=&#8221;NIET-LEVENSMIDDELEN INDUSTRIE&#8221; style=&#8221;style_3&#8243; icon=&#8221;steadysets-icon-lab&#8221; icon_color=&#8221;#d20037&#8243; border_color=&#8221;#d20037&#8243; dynamic_content_link=&#8221;https:\/\/turbovac.nl\/nl\/markets\/non-food-industry\/&#8221;]Optimale bescherming tegen vuil, stof en vocht.[\/services_medium][\/vc_column][\/vc_row][vc_row type=&#8221;full_width_content&#8221;][vc_column background_color=&#8221;#3a3a3a&#8221; background_color_opacity=&#8221;0.75&#8243;][vc_empty_space][vc_custom_heading text=&#8221;1E KEUS VOOR PROFESSIONALS&#8221; font_container=&#8221;tag:h2|font_size:35|text_align:center|color:%23ffffff|line_height:1.25&#8243; use_theme_fonts=&#8221;yes&#8221;][vc_empty_space][\/vc_column][\/vc_row]<\/p>\n","protected":false},"excerpt":{"rendered":"<p>[vc_row type=&#8221;full_width_background&#8221; bg_color=&#8221;#f9f9f9&#8243;][vc_column][vc_row_inner][vc_column_inner width=&#8221;1\/6&#8243;][\/vc_column_inner][vc_column_inner width=&#8221;2\/3&#8243;][vc_custom_heading text=&#8221;Modellen voor basisverpakkingen&#8221; font_container=&#8221;tag:h2|font_size:16|text_align:center|color:%236b6b6b|line_height:1.2&#8243; use_theme_fonts=&#8221;yes&#8221;][vc_empty_space height=&#8221;20&#8243;][vc_custom_heading text=&#8221;TURBOVAC TABLETOP RANGE&#8221; font_container=&#8221;tag:h1|font_size:40|text_align:center|color:%23494949&#8243; use_theme_fonts=&#8221;yes&#8221;][vc_empty_space height=&#8221;20&#8243;][\/vc_column_inner][vc_column_inner width=&#8221;1\/6&#8243;][\/vc_column_inner][\/vc_row_inner][vc_column_text] Professionals in 80 landen wereldwijd kiezen Turbovac als hun nummer 1 voor Tabletop vacu\u00fcmverpakkingsmachines. Turbovac biedt een complete productlijn die voldoet aan de vacu\u00fcmverpakkingsbehoeften van kleine tot middelgrote voedselverwerkende en voedselbereidingsbedrijven in vele industrie\u00ebn. [\/vc_column_text][vc_empty_space height=&#8221;35px&#8221;][vc_row_inner el_class=&#8221;kolomOver&#8221;][vc_column_inner [&hellip;]<\/p>\n","protected":false},"author":6,"featured_media":3902,"parent":11219,"menu_order":0,"comment_status":"open","ping_status":"closed","template":"","meta":{"_monsterinsights_skip_tracking":false,"_monsterinsights_sitenote_active":false,"_monsterinsights_sitenote_note":"","_monsterinsights_sitenote_category":0,"footnotes":""},"class_list":["post-11156","page","type-page","status-publish","has-post-thumbnail","hentry"],"yoast_head":"<!-- This site is optimized with the Yoast SEO plugin v22.7 - https:\/\/yoast.com\/wordpress\/plugins\/seo\/ -->\n<title>Tabletop Vacu\u00fcmverpakking | Turbovac - first choice for professionals<\/title>\n<meta name=\"description\" content=\"Tabletop vacu\u00fcmmachines voor kleine tot middelgrote voedselverwerkende en voedselbereidingsbedrijven in vele industrie\u00ebn.\" \/>\n<meta name=\"robots\" content=\"index, follow, max-snippet:-1, max-image-preview:large, max-video-preview:-1\" \/>\n<link rel=\"canonical\" href=\"https:\/\/turbovac.nl\/nl\/vacuummachines\/tabletop-range\/\" \/>\n<meta property=\"og:locale\" content=\"nl_NL\" \/>\n<meta property=\"og:type\" content=\"article\" \/>\n<meta property=\"og:title\" content=\"Tabletop Vacu\u00fcmverpakking | Turbovac - first choice for professionals\" \/>\n<meta property=\"og:description\" content=\"Tabletop vacu\u00fcmmachines voor kleine tot middelgrote voedselverwerkende en voedselbereidingsbedrijven in vele industrie\u00ebn.\" \/>\n<meta property=\"og:url\" content=\"https:\/\/turbovac.nl\/nl\/vacuummachines\/tabletop-range\/\" \/>\n<meta property=\"og:site_name\" content=\"TURBOVAC\" \/>\n<meta property=\"article:modified_time\" content=\"2020-08-10T15:16:15+00:00\" \/>\n<meta property=\"og:image\" content=\"https:\/\/turbovac.nl\/wp-content\/uploads\/2019\/10\/TT-zoom3940-1.jpg\" \/>\n\t<meta property=\"og:image:width\" content=\"1000\" \/>\n\t<meta property=\"og:image:height\" content=\"1064\" \/>\n\t<meta property=\"og:image:type\" content=\"image\/jpeg\" \/>\n<meta name=\"twitter:card\" content=\"summary_large_image\" \/>\n<meta name=\"twitter:label1\" content=\"Geschatte leestijd\" \/>\n\t<meta name=\"twitter:data1\" content=\"6 minuten\" \/>\n<script type=\"application\/ld+json\" class=\"yoast-schema-graph\">{\"@context\":\"https:\/\/schema.org\",\"@graph\":[{\"@type\":\"WebPage\",\"@id\":\"https:\/\/turbovac.nl\/nl\/vacuummachines\/tabletop-range\/\",\"url\":\"https:\/\/turbovac.nl\/nl\/vacuummachines\/tabletop-range\/\",\"name\":\"Tabletop Vacu\u00fcmverpakking | Turbovac - first choice for professionals\",\"isPartOf\":{\"@id\":\"https:\/\/turbovac.nl\/#website\"},\"primaryImageOfPage\":{\"@id\":\"https:\/\/turbovac.nl\/nl\/vacuummachines\/tabletop-range\/#primaryimage\"},\"image\":{\"@id\":\"https:\/\/turbovac.nl\/nl\/vacuummachines\/tabletop-range\/#primaryimage\"},\"thumbnailUrl\":\"https:\/\/turbovac.nl\/wp-content\/uploads\/2019\/10\/TT-zoom3940-1.jpg\",\"datePublished\":\"2019-06-04T14:19:16+00:00\",\"dateModified\":\"2020-08-10T15:16:15+00:00\",\"description\":\"Tabletop vacu\u00fcmmachines voor kleine tot middelgrote voedselverwerkende en voedselbereidingsbedrijven in vele industrie\u00ebn.\",\"breadcrumb\":{\"@id\":\"https:\/\/turbovac.nl\/nl\/vacuummachines\/tabletop-range\/#breadcrumb\"},\"inLanguage\":\"nl-NL\",\"potentialAction\":[{\"@type\":\"ReadAction\",\"target\":[\"https:\/\/turbovac.nl\/nl\/vacuummachines\/tabletop-range\/\"]}]},{\"@type\":\"ImageObject\",\"inLanguage\":\"nl-NL\",\"@id\":\"https:\/\/turbovac.nl\/nl\/vacuummachines\/tabletop-range\/#primaryimage\",\"url\":\"https:\/\/turbovac.nl\/wp-content\/uploads\/2019\/10\/TT-zoom3940-1.jpg\",\"contentUrl\":\"https:\/\/turbovac.nl\/wp-content\/uploads\/2019\/10\/TT-zoom3940-1.jpg\",\"width\":1000,\"height\":1064,\"caption\":\"Tabletop detail Food processing industry\"},{\"@type\":\"BreadcrumbList\",\"@id\":\"https:\/\/turbovac.nl\/nl\/vacuummachines\/tabletop-range\/#breadcrumb\",\"itemListElement\":[{\"@type\":\"ListItem\",\"position\":1,\"name\":\"Home\",\"item\":\"https:\/\/turbovac.nl\/nl\/\"},{\"@type\":\"ListItem\",\"position\":2,\"name\":\"Vacuummachines\",\"item\":\"https:\/\/turbovac.nl\/nl\/vacuummachines\/\"},{\"@type\":\"ListItem\",\"position\":3,\"name\":\"Tabletop Range\"}]},{\"@type\":\"WebSite\",\"@id\":\"https:\/\/turbovac.nl\/#website\",\"url\":\"https:\/\/turbovac.nl\/\",\"name\":\"TURBOVAC\",\"description\":\"Vacuum Packaging Machines\",\"potentialAction\":[{\"@type\":\"SearchAction\",\"target\":{\"@type\":\"EntryPoint\",\"urlTemplate\":\"https:\/\/turbovac.nl\/?s={search_term_string}\"},\"query-input\":\"required name=search_term_string\"}],\"inLanguage\":\"nl-NL\"}]}<\/script>\n<!-- \/ Yoast SEO plugin. -->","yoast_head_json":{"title":"Tabletop Vacu\u00fcmverpakking | Turbovac - first choice for professionals","description":"Tabletop vacu\u00fcmmachines voor kleine tot middelgrote voedselverwerkende en voedselbereidingsbedrijven in vele industrie\u00ebn.","robots":{"index":"index","follow":"follow","max-snippet":"max-snippet:-1","max-image-preview":"max-image-preview:large","max-video-preview":"max-video-preview:-1"},"canonical":"https:\/\/turbovac.nl\/nl\/vacuummachines\/tabletop-range\/","og_locale":"nl_NL","og_type":"article","og_title":"Tabletop Vacu\u00fcmverpakking | Turbovac - first choice for professionals","og_description":"Tabletop vacu\u00fcmmachines voor kleine tot middelgrote voedselverwerkende en voedselbereidingsbedrijven in vele industrie\u00ebn.","og_url":"https:\/\/turbovac.nl\/nl\/vacuummachines\/tabletop-range\/","og_site_name":"TURBOVAC","article_modified_time":"2020-08-10T15:16:15+00:00","og_image":[{"width":1000,"height":1064,"url":"https:\/\/turbovac.nl\/wp-content\/uploads\/2019\/10\/TT-zoom3940-1.jpg","type":"image\/jpeg"}],"twitter_card":"summary_large_image","twitter_misc":{"Geschatte leestijd":"6 minuten"},"schema":{"@context":"https:\/\/schema.org","@graph":[{"@type":"WebPage","@id":"https:\/\/turbovac.nl\/nl\/vacuummachines\/tabletop-range\/","url":"https:\/\/turbovac.nl\/nl\/vacuummachines\/tabletop-range\/","name":"Tabletop Vacu\u00fcmverpakking | Turbovac - first choice for professionals","isPartOf":{"@id":"https:\/\/turbovac.nl\/#website"},"primaryImageOfPage":{"@id":"https:\/\/turbovac.nl\/nl\/vacuummachines\/tabletop-range\/#primaryimage"},"image":{"@id":"https:\/\/turbovac.nl\/nl\/vacuummachines\/tabletop-range\/#primaryimage"},"thumbnailUrl":"https:\/\/turbovac.nl\/wp-content\/uploads\/2019\/10\/TT-zoom3940-1.jpg","datePublished":"2019-06-04T14:19:16+00:00","dateModified":"2020-08-10T15:16:15+00:00","description":"Tabletop vacu\u00fcmmachines voor kleine tot middelgrote voedselverwerkende en voedselbereidingsbedrijven in vele industrie\u00ebn.","breadcrumb":{"@id":"https:\/\/turbovac.nl\/nl\/vacuummachines\/tabletop-range\/#breadcrumb"},"inLanguage":"nl-NL","potentialAction":[{"@type":"ReadAction","target":["https:\/\/turbovac.nl\/nl\/vacuummachines\/tabletop-range\/"]}]},{"@type":"ImageObject","inLanguage":"nl-NL","@id":"https:\/\/turbovac.nl\/nl\/vacuummachines\/tabletop-range\/#primaryimage","url":"https:\/\/turbovac.nl\/wp-content\/uploads\/2019\/10\/TT-zoom3940-1.jpg","contentUrl":"https:\/\/turbovac.nl\/wp-content\/uploads\/2019\/10\/TT-zoom3940-1.jpg","width":1000,"height":1064,"caption":"Tabletop detail Food processing industry"},{"@type":"BreadcrumbList","@id":"https:\/\/turbovac.nl\/nl\/vacuummachines\/tabletop-range\/#breadcrumb","itemListElement":[{"@type":"ListItem","position":1,"name":"Home","item":"https:\/\/turbovac.nl\/nl\/"},{"@type":"ListItem","position":2,"name":"Vacuummachines","item":"https:\/\/turbovac.nl\/nl\/vacuummachines\/"},{"@type":"ListItem","position":3,"name":"Tabletop Range"}]},{"@type":"WebSite","@id":"https:\/\/turbovac.nl\/#website","url":"https:\/\/turbovac.nl\/","name":"TURBOVAC","description":"Vacuum Packaging Machines","potentialAction":[{"@type":"SearchAction","target":{"@type":"EntryPoint","urlTemplate":"https:\/\/turbovac.nl\/?s={search_term_string}"},"query-input":"required name=search_term_string"}],"inLanguage":"nl-NL"}]}},"_links":{"self":[{"href":"https:\/\/turbovac.nl\/nl\/wp-json\/wp\/v2\/pages\/11156","targetHints":{"allow":["GET"]}}],"collection":[{"href":"https:\/\/turbovac.nl\/nl\/wp-json\/wp\/v2\/pages"}],"about":[{"href":"https:\/\/turbovac.nl\/nl\/wp-json\/wp\/v2\/types\/page"}],"author":[{"embeddable":true,"href":"https:\/\/turbovac.nl\/nl\/wp-json\/wp\/v2\/users\/6"}],"replies":[{"embeddable":true,"href":"https:\/\/turbovac.nl\/nl\/wp-json\/wp\/v2\/comments?post=11156"}],"version-history":[{"count":4,"href":"https:\/\/turbovac.nl\/nl\/wp-json\/wp\/v2\/pages\/11156\/revisions"}],"predecessor-version":[{"id":11304,"href":"https:\/\/turbovac.nl\/nl\/wp-json\/wp\/v2\/pages\/11156\/revisions\/11304"}],"up":[{"embeddable":true,"href":"https:\/\/turbovac.nl\/nl\/wp-json\/wp\/v2\/pages\/11219"}],"wp:featuredmedia":[{"embeddable":true,"href":"https:\/\/turbovac.nl\/nl\/wp-json\/wp\/v2\/media\/3902"}],"wp:attachment":[{"href":"https:\/\/turbovac.nl\/nl\/wp-json\/wp\/v2\/media?parent=11156"}],"curies":[{"name":"wp","href":"https:\/\/api.w.org\/{rel}","templated":true}]}}