{"id":11198,"date":"2019-10-07T12:58:00","date_gmt":"2019-10-07T11:58:00","guid":{"rendered":"https:\/\/turbovac.nl\/markets\/meat-processing-industry\/"},"modified":"2020-08-19T09:52:39","modified_gmt":"2020-08-19T08:52:39","slug":"meat-processing-industry","status":"publish","type":"page","link":"https:\/\/turbovac.nl\/nl\/markets\/meat-processing-industry\/","title":{"rendered":"Vleesverwerkende industrie"},"content":{"rendered":"<p>[vc_row type=&#8221;full_width_content&#8221; bg_image=&#8221;2610&#8243; top_padding=&#8221;0&#8243;][vc_column width=&#8221;1\/2&#8243; background_image=&#8221;3693&#8243;][vc_column_text]<br \/>\n[\/vc_column_text][\/vc_column][vc_column width=&#8221;1\/2&#8243; column_padding=&#8221;4%&#8221; background_color=&#8221;#f2f2f2&#8243; css=&#8221;.vc_custom_1570452007389{background-color: #f8f8f8 !important;}&#8221;][vc_empty_space height=&#8221;100&#8243;][vc_custom_heading text=&#8221;Vleesverwerkende industrie&#8221; font_container=&#8221;tag:h1|font_size:48px|text_align:left|color:%23444444|line_height:56px&#8221; google_fonts=&#8221;font_family:Open%20Sans%3A300%2C300italic%2Cregular%2Citalic%2C600%2C600italic%2C700%2C700italic%2C800%2C800italic|font_style:700%20bold%20regular%3A700%3Anormal&#8221;][vc_custom_heading text=&#8221;Henkovac herdefinieert de benchmark.&#8221; font_container=&#8221;tag:h2|font_size:34px|text_align:left|color:%23444444|line_height:44px&#8221; google_fonts=&#8221;font_family:Raleway%3A100%2C200%2C300%2Cregular%2C500%2C600%2C700%2C800%2C900|font_style:300%20light%20regular%3A300%3Anormal&#8221;][vc_empty_space][vc_column_text]Turbovac biedt voor de vleesverwerkende industrie een volledig assortiment van heavy duty vacu\u00fcmverpakkingsmachines, betrouwbaar, duurzaam, eenvoudig te reinigen en te onderhouden. Henkovac heeft zijn complete assortiment vacu\u00fcmverpakkingsmachines opnieuw ontworpen om het gebruik en onderhoud van de machines te vergemakkelijken. Het volledige assortiment machines en de beschikbare opties maken het eenvoudig om de beste oplossing voor uw verpakkingsbehoeften te selecteren.[\/vc_column_text][vc_empty_space height=&#8221;100&#8243;][\/vc_column][\/vc_row][vc_row type=&#8221;full_width_content&#8221; bg_image=&#8221;2610&#8243;][vc_column width=&#8221;1\/2&#8243; background_color=&#8221;#f8f8f8&#8243; css=&#8221;.vc_custom_1570451273977{background-color: #f8f8f8 !important;}&#8221;][vc_row_inner][vc_column_inner width=&#8221;1\/3&#8243;][\/vc_column_inner][vc_column_inner width=&#8221;2\/3&#8243;][vc_empty_space height=&#8221;250&#8243;][list icon=&#8221;steadysets-icon-checkmark&#8221;][list_item title=&#8221;De kamers zijn gemakkelijk te reinigen, voorzien van ronde hoeken&#8221;][list_item title=&#8221;Intu\u00eftieve digitale besturingseenheid&#8221;][list_item title=&#8221;Gemakkelijk afneembare sealbalken en siliconenstaven&#8221;][list_item title=&#8221;Transparant productassortiment voor de juiste keuze&#8221;][\/list][vc_empty_space height=&#8221;400&#8243;][\/vc_column_inner][\/vc_row_inner][\/vc_column][vc_column width=&#8221;1\/2&#8243; background_image=&#8221;3884&#8243; offset=&#8221;vc_hidden-sm vc_hidden-xs&#8221;][vc_column_text]<br \/>\n[\/vc_column_text][\/vc_column][\/vc_row][vc_row type=&#8221;full_width_content&#8221; bg_image=&#8221;2610&#8243; top_padding=&#8221;0&#8243;][vc_column width=&#8221;1\/2&#8243; centered_cont=&#8221;true&#8221; background_image=&#8221;3882&#8243;][vc_column_text]<br \/>\n[\/vc_column_text][\/vc_column][vc_column width=&#8221;1\/2&#8243; column_padding=&#8221;4%&#8221; background_color=&#8221;#f8f8f8&#8243; css=&#8221;.vc_custom_1429527138109{background-color: #f8f8f8 !important;}&#8221;][vc_empty_space height=&#8221;100&#8243;][vc_custom_heading text=&#8221;Hygi\u00ebnische, eenvoudig te reinigen vacu\u00fcmkamers voor de vleesverwerkende industrie&#8221;][vc_empty_space][vc_column_text]Alle modellen voor de vleesverwerkende industrie hebben hygi\u00ebnische, eenvoudig te reinigen vacu\u00fcmkamers, gemakkelijk afneembare sealbalken en siliconenstaven voor een eenvoudige reiniging. Intu\u00eftieve digitale besturingseenheid, detecteert automatisch het optimale vacu\u00fcmniveau voor producten met een hoog vochtgehalte, waardoor wordt voorkomen dat vocht uit het product verdampt.<\/p>\n<p>Met een ingenieus herontwerp gericht op onderhoudsgemak zet Turbovac opnieuw de nieuwe maatstaf voor kwaliteit en design in de industrie.[\/vc_column_text][vc_empty_space height=&#8221;100&#8243;][\/vc_column][\/vc_row][vc_row type=&#8221;full_width_background&#8221; bg_color=&#8221;#f9f9f9&#8243;][vc_column][vc_column_text]<\/p>\n<h2 style=\"text-align: center;\">Gerelateerde producten<\/h2>\n<p>[\/vc_column_text][vc_empty_space][vc_row_inner el_class=&#8221;kolomOver&#8221;][vc_column_inner width=&#8221;1\/4&#8243; el_class=&#8221;kolomOver&#8221;][vc_single_image image=&#8221;7424&#8243; img_size=&#8221;full&#8221; alignment=&#8221;center&#8221; onclick=&#8221;custom_link&#8221; link=&#8221;https:\/\/turbovac.nl\/nl\/tabletop-range\/&#8221;][vc_custom_heading text=&#8221;TABLETOP RANGE&#8221; font_container=&#8221;tag:h2|font_size:14|text_align:center|line_height:1&#8243; use_theme_fonts=&#8221;yes&#8221; link=&#8221;|||&#8221;][vc_column_text]<\/p>\n<p style=\"text-align: center;\"><span style=\"color: #b20000;\"><a style=\"color: #b20000;\" href=\"https:\/\/turbovac.nl\/nl\/vacuummachines\/tabletop-range\/tabletop-s20\/\">S20<\/a> &#8211; <a style=\"color: #b20000;\" href=\"https:\/\/turbovac.nl\/nl\/vacuummachines\/tabletop-range\/tabletop-s30\/\">S30<\/a> &#8211;<a style=\"color: #b20000;\" href=\"https:\/\/turbovac.nl\/nl\/vacuummachines\/tabletop-range\/tabletop-s40\/\">S40<\/a> &#8211; <a style=\"color: #b20000;\" href=\"https:\/\/turbovac.nl\/nl\/vacuummachines\/tabletop-range\/tabletop-s50\/\">S50<\/a> &#8211; <a style=\"color: #b20000;\" href=\"https:\/\/turbovac.nl\/nl\/vacuummachines\/tabletop-range\/tabletop-s60\/\">S60<\/a><\/span><\/p>\n<p>[\/vc_column_text][\/vc_column_inner][vc_column_inner width=&#8221;1\/4&#8243; el_class=&#8221;kolomOver&#8221;][vc_single_image image=&#8221;7460&#8243; img_size=&#8221;full&#8221; alignment=&#8221;center&#8221; onclick=&#8221;custom_link&#8221; link=&#8221;https:\/\/turbovac.nl\/nl\/mobile-range&#8221;][vc_custom_heading text=&#8221;MOBILE RANGE&#8221; font_container=&#8221;tag:h2|font_size:14|text_align:center|line_height:1&#8243; use_theme_fonts=&#8221;yes&#8221;][vc_column_text]<\/p>\n<p style=\"text-align: center;\"><span style=\"color: #b20000;\"><a style=\"color: #b20000;\" href=\"https:\/\/turbovac.nl\/nl\/vacuummachines\/mobile-range\/mobile-m40\/\">M4<\/a>0 &#8211; <a style=\"color: #b20000;\" href=\"https:\/\/turbovac.nl\/nl\/vacuummachines\/mobile-range\/mobile-m50\/\">M50<\/a> &#8211; <a style=\"color: #b20000;\" href=\"https:\/\/turbovac.nl\/nl\/vacuummachines\/mobile-range\/mobile-m60\/\">M60<\/a> &#8211; <a style=\"color: #b20000;\" href=\"https:\/\/turbovac.nl\/nl\/vacuummachines\/mobile-range\/mobile-m70\/\">M70<\/a> &#8211; <a style=\"color: #b20000;\" href=\"https:\/\/turbovac.nl\/nl\/vacuummachines\/mobile-range\/mobile-m80\/\">M80<\/a><\/span><\/p>\n<p>[\/vc_column_text][\/vc_column_inner][vc_column_inner width=&#8221;1\/4&#8243; background_color=&#8221;#ffffff&#8221; el_class=&#8221;kolomOver&#8221;][vc_single_image image=&#8221;7486&#8243; img_size=&#8221;full&#8221; alignment=&#8221;center&#8221; onclick=&#8221;custom_link&#8221; link=&#8221;https:\/\/turbovac.nl\/nl\/double-chamber-range\/&#8221;][vc_custom_heading text=&#8221;DUBBELKAMER RANGE&#8221; font_container=&#8221;tag:h2|font_size:14|text_align:center|line_height:1&#8243; use_theme_fonts=&#8221;yes&#8221; link=&#8221;|||&#8221;][vc_column_text]<\/p>\n<p style=\"text-align: center;\"><span style=\"color: #b20000;\"><a style=\"color: #b20000;\" href=\"https:\/\/turbovac.nl\/nl\/vacuummachines\/double-chamber-range\/double-chamber-l10\/\">L10<\/a> &#8211; <a style=\"color: #b20000;\" href=\"https:\/\/turbovac.nl\/nl\/vacuummachines\/double-chamber-range\/double-chamber-l30\/\">L30<\/a> &#8211; <a style=\"color: #b20000;\" href=\"https:\/\/turbovac.nl\/nl\/vacuummachines\/double-chamber-range\/double-chamber-l40\/\">L40<\/a> &#8211; <a style=\"color: #b20000;\" href=\"https:\/\/turbovac.nl\/nl\/vacuummachines\/double-chamber-range\/double-chamber-l60\/\">L60<\/a>\u00a0<\/span><\/p>\n<p>[\/vc_column_text][\/vc_column_inner][vc_column_inner width=&#8221;1\/4&#8243;][vc_single_image image=&#8221;11529&#8243; img_size=&#8221;full&#8221; alignment=&#8221;center&#8221; onclick=&#8221;custom_link&#8221; link=&#8221;https:\/\/turbovac.nl\/nl\/tray-sealers\/&#8221;][vc_custom_heading text=&#8221;TRAYSEALERS&#8221; font_container=&#8221;tag:h2|font_size:14|text_align:center|line_height:1&#8243; use_theme_fonts=&#8221;yes&#8221;][vc_column_text]<\/p>\n<p style=\"text-align: center;\"><span style=\"color: #b20000;\"><a style=\"color: #b20000;\" href=\"https:\/\/turbovac.nl\/nl\/packaging-solutions\/traysealers\/tray-sealer-tps-xl\/\">TPS XL<\/a> &#8211; <a style=\"color: #b20000;\" href=\"https:\/\/turbovac.nl\/nl\/packaging-solutions\/traysealers\/tray-sealer-tps-1000-2000\/\">TPS 1000\/2000<\/a>\u00a0<\/span><\/p>\n<p>[\/vc_column_text][\/vc_column_inner][\/vc_row_inner][vc_empty_space][vc_row_inner el_class=&#8221;kolomOver&#8221;][vc_column_inner width=&#8221;1\/4&#8243; el_class=&#8221;kolomOver&#8221;][vc_single_image image=&#8221;4860&#8243; img_size=&#8221;full&#8221; alignment=&#8221;center&#8221; onclick=&#8221;custom_link&#8221; link=&#8221;https:\/\/turbovac.nl\/nl\/immersion-tanks&#8221;][vc_custom_heading text=&#8221;DIPTANKS&#8221; font_container=&#8221;tag:h2|font_size:14|text_align:center|line_height:1&#8243; use_theme_fonts=&#8221;yes&#8221;][vc_column_text]<\/p>\n<p style=\"text-align: center;\"><span style=\"color: #b20000;\"><a style=\"color: #b20000;\" href=\"https:\/\/turbovac.nl\/nl\/packaging-solutions\/immersion-tanks\/40-60\/\">TV 40-60<\/a> | <a style=\"color: #b20000;\" href=\"https:\/\/turbovac.nl\/nl\/packaging-solutions\/immersion-tanks\/55-75\/\">TV 55-75<\/a> | <a style=\"color: #b20000;\" href=\"https:\/\/turbovac.nl\/nl\/packaging-solutions\/immersion-tanks\/adt-60-80-automatic-control\/\">ADT TV 60-80<\/a><\/span><\/p>\n<p>[\/vc_column_text][\/vc_column_inner][vc_column_inner width=&#8221;1\/4&#8243; el_class=&#8221;kolomOver&#8221;][vc_single_image image=&#8221;11501&#8243; img_size=&#8221;full&#8221; alignment=&#8221;center&#8221; onclick=&#8221;custom_link&#8221; link=&#8221;https:\/\/turbovac.nl\/nl\/thermoformers&#8221;][vc_custom_heading text=&#8221;THERMOFORMERS&#8221; font_container=&#8221;tag:h2|font_size:14|text_align:center|line_height:1&#8243; use_theme_fonts=&#8221;yes&#8221;][vc_column_text]<\/p>\n<p style=\"text-align: center;\"><span style=\"color: #b20000;\"><a style=\"color: #b20000;\" href=\"https:\/\/turbovac.nl\/nl\/packaging-solutions\/thermoformers\/\">Custom made\u00a0<\/a><\/span><\/p>\n<p>[\/vc_column_text][\/vc_column_inner][vc_column_inner width=&#8221;1\/4&#8243; background_color=&#8221;#ffffff&#8221; el_class=&#8221;kolomOver&#8221;][vc_single_image image=&#8221;4708&#8243; img_size=&#8221;full&#8221; alignment=&#8221;center&#8221; onclick=&#8221;custom_link&#8221; link=&#8221;https:\/\/turbovac.nl\/nl\/automatic-packaging-line\/&#8221;][vc_custom_heading text=&#8221;AUTOMATISCHE VERPAKKINGSLIJN&#8221; font_container=&#8221;tag:h2|font_size:14|text_align:center|line_height:1&#8243; use_theme_fonts=&#8221;yes&#8221;][vc_column_text]<\/p>\n<p style=\"text-align: center;\"><span style=\"color: #b20000;\"><a style=\"color: #b20000;\" href=\"https:\/\/turbovac.nl\/nl\/packaging-solutions\/automatic-packaging-line\/\">A5000<\/a><\/span><\/p>\n<p>[\/vc_column_text][\/vc_column_inner][vc_column_inner width=&#8221;1\/4&#8243;][\/vc_column_inner][\/vc_row_inner][\/vc_column][\/vc_row][vc_row type=&#8221;full_width_background&#8221; class=&#8221;kolomOver&#8221;][vc_column width=&#8221;1\/3&#8243; el_class=&#8221;kolomOver&#8221;][services_medium title=&#8221;VLEESVERWERKENDE INDUSTRIE&#8221; style=&#8221;style_3&#8243; icon=&#8221;steadysets-icon-bones&#8221; icon_color=&#8221;#d20037&#8243; border_color=&#8221;#d20037&#8243; dynamic_content_link=&#8221;https:\/\/turbovac.nl\/nl\/markets\/meat-processing-industry\/&#8221;]Hoogwaardige verpakkingen om uw klanten te verbeteren.[\/services_medium][\/vc_column][vc_column width=&#8221;1\/3&#8243; el_class=&#8221;kolomOver&#8221;][services_medium title=&#8221;VOEDSELVERWERKENDE INDUSTRIE&#8221; style=&#8221;style_3&#8243; icon=&#8221;linecon-icon-food&#8221; icon_color=&#8221;#d20037&#8243; border_color=&#8221;#d20037&#8243; dynamic_content_link=&#8221;https:\/\/turbovac.nl\/nl\/markets\/food-processing-industry\/&#8221;]Optimalisatie en flexibiliteit in alle soorten van voedselverwerking.[\/services_medium][\/vc_column][vc_column width=&#8221;1\/3&#8243; el_class=&#8221;kolomOver&#8221;][services_medium title=&#8221;NIET-LEVENSMIDDELEN INDUSTRIE&#8221; style=&#8221;style_3&#8243; icon=&#8221;steadysets-icon-lab&#8221; icon_color=&#8221;#d20037&#8243; border_color=&#8221;#d20037&#8243; dynamic_content_link=&#8221;https:\/\/turbovac.nl\/nl\/markets\/non-food-industry\/&#8221;]Optimale bescherming tegen vuil, stof en vocht.[\/services_medium][\/vc_column][\/vc_row][vc_row type=&#8221;full_width_content&#8221;][vc_column background_color=&#8221;#3a3a3a&#8221; background_color_opacity=&#8221;0.75&#8243;][vc_empty_space][vc_custom_heading text=&#8221;1E KEUS VOOR PROFESSIONALS&#8221; font_container=&#8221;tag:h2|font_size:35|text_align:center|color:%23ffffff|line_height:1.25&#8243; use_theme_fonts=&#8221;yes&#8221;][vc_empty_space][\/vc_column][\/vc_row]<\/p>\n","protected":false},"excerpt":{"rendered":"<p>[vc_row type=&#8221;full_width_content&#8221; bg_image=&#8221;2610&#8243; top_padding=&#8221;0&#8243;][vc_column width=&#8221;1\/2&#8243; background_image=&#8221;3693&#8243;][vc_column_text] [\/vc_column_text][\/vc_column][vc_column width=&#8221;1\/2&#8243; column_padding=&#8221;4%&#8221; background_color=&#8221;#f2f2f2&#8243; css=&#8221;.vc_custom_1570452007389{background-color: #f8f8f8 !important;}&#8221;][vc_empty_space height=&#8221;100&#8243;][vc_custom_heading text=&#8221;Vleesverwerkende industrie&#8221; font_container=&#8221;tag:h1|font_size:48px|text_align:left|color:%23444444|line_height:56px&#8221; google_fonts=&#8221;font_family:Open%20Sans%3A300%2C300italic%2Cregular%2Citalic%2C600%2C600italic%2C700%2C700italic%2C800%2C800italic|font_style:700%20bold%20regular%3A700%3Anormal&#8221;][vc_custom_heading text=&#8221;Henkovac herdefinieert de benchmark.&#8221; font_container=&#8221;tag:h2|font_size:34px|text_align:left|color:%23444444|line_height:44px&#8221; google_fonts=&#8221;font_family:Raleway%3A100%2C200%2C300%2Cregular%2C500%2C600%2C700%2C800%2C900|font_style:300%20light%20regular%3A300%3Anormal&#8221;][vc_empty_space][vc_column_text]Turbovac biedt voor de vleesverwerkende industrie een volledig assortiment van heavy duty vacu\u00fcmverpakkingsmachines, betrouwbaar, duurzaam, eenvoudig te reinigen en te onderhouden. Henkovac heeft zijn complete assortiment vacu\u00fcmverpakkingsmachines opnieuw ontworpen om het gebruik [&hellip;]<\/p>\n","protected":false},"author":6,"featured_media":3902,"parent":11192,"menu_order":0,"comment_status":"closed","ping_status":"closed","template":"","meta":{"_monsterinsights_skip_tracking":false,"_monsterinsights_sitenote_active":false,"_monsterinsights_sitenote_note":"","_monsterinsights_sitenote_category":0,"footnotes":""},"class_list":["post-11198","page","type-page","status-publish","has-post-thumbnail","hentry"],"yoast_head":"<!-- This site is optimized with the Yoast SEO plugin v22.7 - https:\/\/yoast.com\/wordpress\/plugins\/seo\/ -->\n<title>Vleesverwerkende industrie | Turbovac - 1st choice for professionals<\/title>\n<meta name=\"description\" content=\"Heavy duty vacu\u00fcmverpakkingsmachines voor de Vleesverwerkende Industrie, betrouwbaar, duurzaam, eenvoudig te reinigen en te onderhouden.\" \/>\n<meta name=\"robots\" content=\"index, follow, max-snippet:-1, max-image-preview:large, max-video-preview:-1\" \/>\n<link rel=\"canonical\" href=\"https:\/\/turbovac.nl\/nl\/markets\/meat-processing-industry\/\" \/>\n<meta property=\"og:locale\" content=\"nl_NL\" \/>\n<meta property=\"og:type\" content=\"article\" \/>\n<meta property=\"og:title\" content=\"Vleesverwerkende industrie | Turbovac - 1st choice for professionals\" \/>\n<meta property=\"og:description\" content=\"Heavy duty vacu\u00fcmverpakkingsmachines voor de Vleesverwerkende Industrie, betrouwbaar, duurzaam, eenvoudig te reinigen en te onderhouden.\" \/>\n<meta property=\"og:url\" content=\"https:\/\/turbovac.nl\/nl\/markets\/meat-processing-industry\/\" \/>\n<meta property=\"og:site_name\" content=\"TURBOVAC\" \/>\n<meta property=\"article:modified_time\" content=\"2020-08-19T08:52:39+00:00\" \/>\n<meta property=\"og:image\" content=\"https:\/\/turbovac.nl\/wp-content\/uploads\/2019\/10\/TT-zoom3940-1.jpg\" \/>\n\t<meta property=\"og:image:width\" content=\"1000\" \/>\n\t<meta property=\"og:image:height\" content=\"1064\" \/>\n\t<meta property=\"og:image:type\" content=\"image\/jpeg\" \/>\n<meta name=\"twitter:card\" content=\"summary_large_image\" \/>\n<meta name=\"twitter:label1\" content=\"Geschatte leestijd\" \/>\n\t<meta name=\"twitter:data1\" content=\"6 minuten\" \/>\n<script type=\"application\/ld+json\" class=\"yoast-schema-graph\">{\"@context\":\"https:\/\/schema.org\",\"@graph\":[{\"@type\":\"WebPage\",\"@id\":\"https:\/\/turbovac.nl\/nl\/markets\/meat-processing-industry\/\",\"url\":\"https:\/\/turbovac.nl\/nl\/markets\/meat-processing-industry\/\",\"name\":\"Vleesverwerkende industrie | Turbovac - 1st choice for professionals\",\"isPartOf\":{\"@id\":\"https:\/\/turbovac.nl\/#website\"},\"primaryImageOfPage\":{\"@id\":\"https:\/\/turbovac.nl\/nl\/markets\/meat-processing-industry\/#primaryimage\"},\"image\":{\"@id\":\"https:\/\/turbovac.nl\/nl\/markets\/meat-processing-industry\/#primaryimage\"},\"thumbnailUrl\":\"https:\/\/turbovac.nl\/wp-content\/uploads\/2019\/10\/TT-zoom3940-1.jpg\",\"datePublished\":\"2019-10-07T11:58:00+00:00\",\"dateModified\":\"2020-08-19T08:52:39+00:00\",\"description\":\"Heavy duty vacu\u00fcmverpakkingsmachines voor de Vleesverwerkende Industrie, betrouwbaar, duurzaam, eenvoudig te reinigen en te onderhouden.\",\"breadcrumb\":{\"@id\":\"https:\/\/turbovac.nl\/nl\/markets\/meat-processing-industry\/#breadcrumb\"},\"inLanguage\":\"nl-NL\",\"potentialAction\":[{\"@type\":\"ReadAction\",\"target\":[\"https:\/\/turbovac.nl\/nl\/markets\/meat-processing-industry\/\"]}]},{\"@type\":\"ImageObject\",\"inLanguage\":\"nl-NL\",\"@id\":\"https:\/\/turbovac.nl\/nl\/markets\/meat-processing-industry\/#primaryimage\",\"url\":\"https:\/\/turbovac.nl\/wp-content\/uploads\/2019\/10\/TT-zoom3940-1.jpg\",\"contentUrl\":\"https:\/\/turbovac.nl\/wp-content\/uploads\/2019\/10\/TT-zoom3940-1.jpg\",\"width\":1000,\"height\":1064,\"caption\":\"Tabletop detail Food processing industry\"},{\"@type\":\"BreadcrumbList\",\"@id\":\"https:\/\/turbovac.nl\/nl\/markets\/meat-processing-industry\/#breadcrumb\",\"itemListElement\":[{\"@type\":\"ListItem\",\"position\":1,\"name\":\"Home\",\"item\":\"https:\/\/turbovac.nl\/nl\/\"},{\"@type\":\"ListItem\",\"position\":2,\"name\":\"Markten\",\"item\":\"https:\/\/turbovac.nl\/nl\/markets\/\"},{\"@type\":\"ListItem\",\"position\":3,\"name\":\"Vleesverwerkende industrie\"}]},{\"@type\":\"WebSite\",\"@id\":\"https:\/\/turbovac.nl\/#website\",\"url\":\"https:\/\/turbovac.nl\/\",\"name\":\"TURBOVAC\",\"description\":\"Vacuum Packaging Machines\",\"potentialAction\":[{\"@type\":\"SearchAction\",\"target\":{\"@type\":\"EntryPoint\",\"urlTemplate\":\"https:\/\/turbovac.nl\/?s={search_term_string}\"},\"query-input\":\"required name=search_term_string\"}],\"inLanguage\":\"nl-NL\"}]}<\/script>\n<!-- \/ Yoast SEO plugin. -->","yoast_head_json":{"title":"Vleesverwerkende industrie | Turbovac - 1st choice for professionals","description":"Heavy duty vacu\u00fcmverpakkingsmachines voor de Vleesverwerkende Industrie, betrouwbaar, duurzaam, eenvoudig te reinigen en te onderhouden.","robots":{"index":"index","follow":"follow","max-snippet":"max-snippet:-1","max-image-preview":"max-image-preview:large","max-video-preview":"max-video-preview:-1"},"canonical":"https:\/\/turbovac.nl\/nl\/markets\/meat-processing-industry\/","og_locale":"nl_NL","og_type":"article","og_title":"Vleesverwerkende industrie | Turbovac - 1st choice for professionals","og_description":"Heavy duty vacu\u00fcmverpakkingsmachines voor de Vleesverwerkende Industrie, betrouwbaar, duurzaam, eenvoudig te reinigen en te onderhouden.","og_url":"https:\/\/turbovac.nl\/nl\/markets\/meat-processing-industry\/","og_site_name":"TURBOVAC","article_modified_time":"2020-08-19T08:52:39+00:00","og_image":[{"width":1000,"height":1064,"url":"https:\/\/turbovac.nl\/wp-content\/uploads\/2019\/10\/TT-zoom3940-1.jpg","type":"image\/jpeg"}],"twitter_card":"summary_large_image","twitter_misc":{"Geschatte leestijd":"6 minuten"},"schema":{"@context":"https:\/\/schema.org","@graph":[{"@type":"WebPage","@id":"https:\/\/turbovac.nl\/nl\/markets\/meat-processing-industry\/","url":"https:\/\/turbovac.nl\/nl\/markets\/meat-processing-industry\/","name":"Vleesverwerkende industrie | Turbovac - 1st choice for professionals","isPartOf":{"@id":"https:\/\/turbovac.nl\/#website"},"primaryImageOfPage":{"@id":"https:\/\/turbovac.nl\/nl\/markets\/meat-processing-industry\/#primaryimage"},"image":{"@id":"https:\/\/turbovac.nl\/nl\/markets\/meat-processing-industry\/#primaryimage"},"thumbnailUrl":"https:\/\/turbovac.nl\/wp-content\/uploads\/2019\/10\/TT-zoom3940-1.jpg","datePublished":"2019-10-07T11:58:00+00:00","dateModified":"2020-08-19T08:52:39+00:00","description":"Heavy duty vacu\u00fcmverpakkingsmachines voor de Vleesverwerkende Industrie, betrouwbaar, duurzaam, eenvoudig te reinigen en te onderhouden.","breadcrumb":{"@id":"https:\/\/turbovac.nl\/nl\/markets\/meat-processing-industry\/#breadcrumb"},"inLanguage":"nl-NL","potentialAction":[{"@type":"ReadAction","target":["https:\/\/turbovac.nl\/nl\/markets\/meat-processing-industry\/"]}]},{"@type":"ImageObject","inLanguage":"nl-NL","@id":"https:\/\/turbovac.nl\/nl\/markets\/meat-processing-industry\/#primaryimage","url":"https:\/\/turbovac.nl\/wp-content\/uploads\/2019\/10\/TT-zoom3940-1.jpg","contentUrl":"https:\/\/turbovac.nl\/wp-content\/uploads\/2019\/10\/TT-zoom3940-1.jpg","width":1000,"height":1064,"caption":"Tabletop detail Food processing industry"},{"@type":"BreadcrumbList","@id":"https:\/\/turbovac.nl\/nl\/markets\/meat-processing-industry\/#breadcrumb","itemListElement":[{"@type":"ListItem","position":1,"name":"Home","item":"https:\/\/turbovac.nl\/nl\/"},{"@type":"ListItem","position":2,"name":"Markten","item":"https:\/\/turbovac.nl\/nl\/markets\/"},{"@type":"ListItem","position":3,"name":"Vleesverwerkende industrie"}]},{"@type":"WebSite","@id":"https:\/\/turbovac.nl\/#website","url":"https:\/\/turbovac.nl\/","name":"TURBOVAC","description":"Vacuum Packaging Machines","potentialAction":[{"@type":"SearchAction","target":{"@type":"EntryPoint","urlTemplate":"https:\/\/turbovac.nl\/?s={search_term_string}"},"query-input":"required name=search_term_string"}],"inLanguage":"nl-NL"}]}},"_links":{"self":[{"href":"https:\/\/turbovac.nl\/nl\/wp-json\/wp\/v2\/pages\/11198","targetHints":{"allow":["GET"]}}],"collection":[{"href":"https:\/\/turbovac.nl\/nl\/wp-json\/wp\/v2\/pages"}],"about":[{"href":"https:\/\/turbovac.nl\/nl\/wp-json\/wp\/v2\/types\/page"}],"author":[{"embeddable":true,"href":"https:\/\/turbovac.nl\/nl\/wp-json\/wp\/v2\/users\/6"}],"replies":[{"embeddable":true,"href":"https:\/\/turbovac.nl\/nl\/wp-json\/wp\/v2\/comments?post=11198"}],"version-history":[{"count":5,"href":"https:\/\/turbovac.nl\/nl\/wp-json\/wp\/v2\/pages\/11198\/revisions"}],"predecessor-version":[{"id":11539,"href":"https:\/\/turbovac.nl\/nl\/wp-json\/wp\/v2\/pages\/11198\/revisions\/11539"}],"up":[{"embeddable":true,"href":"https:\/\/turbovac.nl\/nl\/wp-json\/wp\/v2\/pages\/11192"}],"wp:featuredmedia":[{"embeddable":true,"href":"https:\/\/turbovac.nl\/nl\/wp-json\/wp\/v2\/media\/3902"}],"wp:attachment":[{"href":"https:\/\/turbovac.nl\/nl\/wp-json\/wp\/v2\/media?parent=11198"}],"curies":[{"name":"wp","href":"https:\/\/api.w.org\/{rel}","templated":true}]}}