{"id":11255,"date":"2019-11-14T16:57:26","date_gmt":"2019-11-14T15:57:26","guid":{"rendered":"https:\/\/turbovac.nl\/shelf-life-table\/"},"modified":"2020-08-19T15:34:52","modified_gmt":"2020-08-19T14:34:52","slug":"shelf-life-table","status":"publish","type":"page","link":"https:\/\/turbovac.nl\/nl\/shelf-life-table\/","title":{"rendered":"Houdbaarheidstabel"},"content":{"rendered":"<p>[vc_row type=&#8221;full_width_content&#8221; bg_image=&#8221;2610&#8243; top_padding=&#8221;0&#8243;][vc_column width=&#8221;1\/2&#8243; background_image=&#8221;5227&#8243;][vc_column_text]<br \/>\n[\/vc_column_text][\/vc_column][vc_column width=&#8221;1\/2&#8243; column_padding=&#8221;4%&#8221; background_color=&#8221;#f2f2f2&#8243; css=&#8221;.vc_custom_1570452007389{background-color: #f8f8f8 !important;}&#8221;][vc_empty_space height=&#8221;100&#8243;][vc_custom_heading text=&#8221;Bederfelijke levensmiddelen: Indicatie verlenging van de houdbaarheid&#8221; font_container=&#8221;tag:h1|font_size:48px|text_align:left|color:%23444444|line_height:56px&#8221; google_fonts=&#8221;font_family:Open%20Sans%3A300%2C300italic%2Cregular%2Citalic%2C600%2C600italic%2C700%2C700italic%2C800%2C800italic|font_style:700%20bold%20regular%3A700%3Anormal&#8221;][vc_custom_heading text=&#8221;Indicatie van de verbetering van de houdbaarheid van vacu\u00fcmverpakkingen&#8221; font_container=&#8221;tag:h2|font_size:34px|text_align:left|color:%23444444|line_height:44px&#8221; google_fonts=&#8221;font_family:Raleway%3A100%2C200%2C300%2Cregular%2C500%2C600%2C700%2C800%2C900|font_style:300%20light%20regular%3A300%3Anormal&#8221;][vc_empty_space][vc_column_text]De houdbaarheid van bederfelijke voedingsmiddelen kan worden verlengd door deze onder vacu\u00fcm te verpakken in een speciale vacu\u00fcmzak.<\/p>\n<ol>\n<li>Verwijdering van zuurstof en het voorkomen van zuurstof om in contact te komen met het product<\/li>\n<li>Hygi\u00ebne: Geen besmetting tijdens transport en opslag, hygi\u00ebnisch transport en opslag<\/li>\n<li>Hygi\u00ebne: Geen verontreiniging tijdens de behandeling van het verpakte product<\/li>\n<li>Aroma&#8217;s worden beter bewaard in het voedsel<\/li>\n<li>Voorkomen van bevriezing, uitdroging en verschrompeling van de &#8220;huid&#8221; van het product<\/li>\n<li>Geen productverlies door het afsnijden van verkleurde of uitgedroogde delen<\/li>\n<li>Producten kunnen in grotere hoeveelheden worden gekocht, langer worden bewaard, zullen er beter uitzien en er hoeven minder producten te worden weggegooid.<\/li>\n<li>Het natuurlijke vochtgehalte blijft behouden<\/li>\n<li>Geen gewichtsverlies van de producten<\/li>\n<li>Geen vocht wordt uit de lucht geabsorbeerd, geen verkleuring<\/li>\n<\/ol>\n<p>[\/vc_column_text][vc_empty_space height=&#8221;100&#8243;][\/vc_column][\/vc_row][vc_row type=&#8221;full_width_content&#8221; bg_image=&#8221;2610&#8243;][vc_column width=&#8221;1\/2&#8243; background_color=&#8221;#f8f8f8&#8243; css=&#8221;.vc_custom_1570451273977{background-color: #f8f8f8 !important;}&#8221;][vc_row_inner][vc_column_inner][vc_empty_space height=&#8221;200&#8243;][vc_custom_heading text=&#8221;De houdbaarheid hangt sterk af van de versheid en zuiverheid van het product en de verwerkingsomstandigheden!&#8221; font_container=&#8221;tag:h1|font_size:48px|text_align:left|color:%23444444|line_height:56px&#8221; google_fonts=&#8221;font_family:Open%20Sans%3A300%2C300italic%2Cregular%2Citalic%2C600%2C600italic%2C700%2C700italic%2C800%2C800italic|font_style:700%20bold%20regular%3A700%3Anormal&#8221;][vc_column_text]De verlenging van de houdbaarheid is slechts een indicatie.[\/vc_column_text][vc_empty_space][vc_column_text]<\/p>\n<ol>\n<li>Voedingsmiddelen zijn natuurlijke producten en zijn nooit precies hetzelfde.<\/li>\n<li>De mate van bederf is sterk afhankelijk van het aantal a\u00ebrobe, ana\u00ebrobe bacteri\u00ebn en schimmels in eerste instantie op het product onder de hygi\u00ebnische omstandigheden en temperatuur bij het verpakken van de producten.<\/li>\n<li>Hoe sneller, schoner en hygi\u00ebnischer de omstandigheden waaronder de producten worden verpakt, hoe beter.<\/li>\n<li>Werken met schone messen, snijplanken en machines is essentieel.<\/li>\n<li>De mate van bederf hangt ook af van de omstandigheden, de temperatuur, het licht, tijdens de opslag.<\/li>\n<li>Een goede kwaliteit vacu\u00fcmzak is nodig om het vacu\u00fcm over een langere periode te handhaven.<\/li>\n<\/ol>\n<p>[\/vc_column_text][vc_empty_space height=&#8221;350&#8243;][\/vc_column_inner][\/vc_row_inner][\/vc_column][vc_column width=&#8221;1\/2&#8243; background_image=&#8221;5206&#8243;][vc_column_text]<br \/>\n[\/vc_column_text][\/vc_column][\/vc_row][vc_row type=&#8221;full_width_content&#8221; bg_image=&#8221;2610&#8243; bg_color=&#8221;#efefef&#8221; top_padding=&#8221;0&#8243;][vc_column width=&#8221;1\/2&#8243;][vc_row_inner][vc_column_inner width=&#8221;2\/3&#8243;][vc_empty_space height=&#8221;50&#8243;][vc_column_text]<\/p>\n<ul>\n<li><strong><strong>TIPS<\/strong><\/strong><\/li>\n<li>Groenten, zeer goed te reinigen onder water.<\/li>\n<li>Komkommers en courgettes bevatten veel vocht en kunnen niet vacu\u00fcm worden verpakt.<\/li>\n<li>Kruiden met een hoog oliegehalte zoals tijm, munt of rozemarijn kunnen het best vacu\u00fcm worden verpakt in gedroogde toestand.<\/li>\n<li>Kruiden zoals basilicum, dragon, dille, peterselie en bieslook kunnen het best eerst worden ingevroren en gedroogd om verlies van aromatische smaken te voorkomen.<\/li>\n<li>Zachte paddenstoelen zullen papperig worden. Paddenstoelen kunnen beter worden gewassen, gesneden, gedroogd en ingevroren voordat ze vacu\u00fcm worden verpakt. Ontdooi de champignons niet tijdens de bereiding, maar gebruik ze direct in het kookproces.<\/li>\n<\/ul>\n<p>[\/vc_column_text][\/vc_column_inner][vc_column_inner width=&#8221;1\/3&#8243;][\/vc_column_inner][\/vc_row_inner][\/vc_column][vc_column width=&#8221;1\/2&#8243;][vc_empty_space height=&#8221;50&#8243;][vc_column_text]<\/p>\n<table style=\"height: 1180px;\" border=\"1\" width=\"602\" cellspacing=\"0\" cellpadding=\"1\">\n<tbody>\n<tr>\n<td><strong> In een koelkast bewaard<\/strong><\/td>\n<td><strong>\u00a0Normaal<\/strong><\/td>\n<td><strong>\u00a0vacuum verpakt<\/strong><\/td>\n<\/tr>\n<tr>\n<td>\u00a0Gekookt voedsel<\/td>\n<td>\u00a02 dagen<\/td>\n<td>\u00a010 dagen<\/td>\n<\/tr>\n<tr>\n<td>\u00a0Vers vlees<\/td>\n<td>\u00a02 dagen<\/td>\n<td>\u00a06 dagen<\/td>\n<\/tr>\n<tr>\n<td>\u00a0Kip<\/td>\n<td>\u00a02 dagen<\/td>\n<td>\u00a06 dagen<\/td>\n<\/tr>\n<tr>\n<td>\u00a0Gekookt vlees<\/td>\n<td>\u00a04-5 dagen<\/td>\n<td>\u00a08-10 dagen<\/td>\n<\/tr>\n<tr>\n<td>\u00a0Verse vis<\/td>\n<td>\u00a02 dagen<\/td>\n<td>\u00a04-5 dagen<\/td>\n<\/tr>\n<tr>\n<td>\u00a0Gesneden vlees, sandwich<\/td>\n<td>\u00a03 dagen<\/td>\n<td>\u00a06-8 dagen<\/td>\n<\/tr>\n<tr>\n<td>\u00a0Gerookt vlees-sausage<\/td>\n<td>\u00a090 dagen<\/td>\n<td>\u00a0365 dagen<\/td>\n<\/tr>\n<tr>\n<td>\u00a0Nederlandse kaas<\/td>\n<td>\u00a012-15 dagen<\/td>\n<td>\u00a050-55 dagen<\/td>\n<\/tr>\n<tr>\n<td>\u00a0Franse kaas<\/td>\n<td>\u00a05-7 dagen<\/td>\n<td>\u00a013-15 dagen<\/td>\n<\/tr>\n<tr>\n<td>\u00a0Verse groente<\/td>\n<td>\u00a05 dagen<\/td>\n<td>\u00a018-20 dagen<\/td>\n<\/tr>\n<tr>\n<td>\u00a0Verse kruiden<\/td>\n<td>\u00a02-3 dagen<\/td>\n<td>\u00a07-14 dagen<\/td>\n<\/tr>\n<tr>\n<td>\u00a0Sla<\/td>\n<td>\u00a03 dagen<\/td>\n<td>\u00a06-8 dagen<\/td>\n<\/tr>\n<tr>\n<td>\u00a0Vers fruit<\/td>\n<td>\u00a03-7 dagen<\/td>\n<td>\u00a08-20 dagen<\/td>\n<\/tr>\n<tr>\n<td>\u00a0Desserts<\/td>\n<td>\u00a05 dagen<\/td>\n<td>\u00a010-15 dagen<\/td>\n<\/tr>\n<tr>\n<td><\/td>\n<td><\/td>\n<td><\/td>\n<\/tr>\n<tr>\n<td><strong>\u00a0Op kamertemperatuur gehouden<\/strong><\/td>\n<td><strong>\u00a0Normaal<\/strong><\/td>\n<td><strong>\u00a0vacuum verpakt<\/strong><\/td>\n<\/tr>\n<tr>\n<td>\u00a0Brood, broodjes<\/td>\n<td>\u00a02-3 dagen<\/td>\n<td>\u00a07-8 dagen<\/td>\n<\/tr>\n<tr>\n<td>\u00a0Cookies<\/td>\n<td>\u00a0120 dagen<\/td>\n<td>\u00a0300 dagen<\/td>\n<\/tr>\n<tr>\n<td>\u00a0Gedroogd voedsel<\/td>\n<td>\u00a010-30 dagen<\/td>\n<td>\u00a030-90 dagen<\/td>\n<\/tr>\n<tr>\n<td>\u00a0Niet gekookte noedels<\/td>\n<td>\u00a0180 dagen<\/td>\n<td>\u00a0365 dagen<\/td>\n<\/tr>\n<tr>\n<td>\u00a0Koffie, thee<\/td>\n<td>\u00a030-60 dagen<\/td>\n<td>\u00a0365 dagen<\/td>\n<\/tr>\n<tr>\n<td>\u00a0Wijn<\/td>\n<td>\u00a02-3 dagen<\/td>\n<td>\u00a020-25 dagen<\/td>\n<\/tr>\n<tr>\n<td>\u00a0Niet-alcoholisch na opening<\/td>\n<td>\u00a02-3 dagen<\/td>\n<td>\u00a07-10 dagen<\/td>\n<\/tr>\n<tr>\n<td>\u00a0Gebakken producten<\/td>\n<td>\u00a02-3 dagen<\/td>\n<td>\u00a07-10 dagen<\/td>\n<\/tr>\n<tr>\n<td>\u00a0Noten<\/td>\n<td>\u00a030-60 dagen<\/td>\n<td>\u00a0120-180 dagen<\/td>\n<\/tr>\n<tr>\n<td>\u00a0Chips, snacks<\/td>\n<td>\u00a05-10 dagen<\/td>\n<td>\u00a020-30 dagen<\/td>\n<\/tr>\n<tr>\n<td><\/td>\n<td><\/td>\n<td><\/td>\n<\/tr>\n<tr>\n<td><strong>\u00a0Bewaard in diepvriezer (-18C)<\/strong><\/td>\n<td><strong>\u00a0Normaal<\/strong><\/td>\n<td><strong>\u00a0Onder vucuum<\/strong><\/td>\n<\/tr>\n<tr>\n<td>\u00a0Vers vlees<\/td>\n<td>\u00a06 maanden<\/td>\n<td>\u00a018 maanden<\/td>\n<\/tr>\n<tr>\n<td>\u00a0Gehakt<\/td>\n<td>\u00a04 maanden<\/td>\n<td>\u00a012 maanden<\/td>\n<\/tr>\n<tr>\n<td>\u00a0Kip<\/td>\n<td>\u00a06 maanden<\/td>\n<td>\u00a018 maanden<\/td>\n<\/tr>\n<tr>\n<td>\u00a0Verse vis<\/td>\n<td>\u00a06 maanden<\/td>\n<td>\u00a018 maanden<\/td>\n<\/tr>\n<tr>\n<td>\u00a0Verse groente<\/td>\n<td>\u00a08 maanden<\/td>\n<td>\u00a024 maanden<\/td>\n<\/tr>\n<tr>\n<td>\u00a0Champignons<\/td>\n<td>\u00a08 maanden<\/td>\n<td>\u00a024 maanden<\/td>\n<\/tr>\n<tr>\n<td>\u00a0Kruiden<\/td>\n<td>\u00a06-10 maanden<\/td>\n<td>\u00a018-30 maanden<\/td>\n<\/tr>\n<tr>\n<td>\u00a0Fruit<\/td>\n<td>\u00a06-10 maanden<\/td>\n<td>\u00a018-30 maanden<\/td>\n<\/tr>\n<tr>\n<td>\u00a0Gesneden vlees, sandwich<\/td>\n<td>\u00a02 maanden<\/td>\n<td>\u00a04-6 maanden<\/td>\n<\/tr>\n<tr>\n<td>\u00a0Gebakken producten<\/td>\n<td>\u00a06-12 maanden<\/td>\n<td>\u00a018 maanden<\/td>\n<\/tr>\n<tr>\n<td>\u00a0Koffie bonen<\/td>\n<td>\u00a06-9 maanden<\/td>\n<td>\u00a018-27 maanden<\/td>\n<\/tr>\n<tr>\n<td>\u00a0Gemalen koffie<\/td>\n<td>\u00a06 maanden<\/td>\n<td>\u00a012-34 maanden<\/td>\n<\/tr>\n<tr>\n<td>\u00a0Brood, broodjes<\/td>\n<td>\u00a06-12 maanden<\/td>\n<td>\u00a018-36 maanden<\/td>\n<\/tr>\n<\/tbody>\n<\/table>\n<p>[\/vc_column_text][vc_column_text]<br \/>\n[\/vc_column_text][vc_row_inner][vc_column_inner width=&#8221;5\/6&#8243;][vc_column_text]<em>Alle waarden zijn slechts een indicatie voor mogelijke verlenging van de houdbaarheid. Vanwege de vele variabelen van de voedingsstoffen en de verwerkingsvoorwaarden kunnen aan deze informatie geen rechten of claims worden ontleend.<\/em>[\/vc_column_text][\/vc_column_inner][vc_column_inner width=&#8221;1\/6&#8243;][\/vc_column_inner][\/vc_row_inner][vc_empty_space][\/vc_column][\/vc_row][vc_row][vc_column width=&#8221;1\/3&#8243; background_color=&#8221;#eb6f2e&#8221; el_class=&#8221;kolomOver2&#8243; css=&#8221;.vc_custom_1581949052078{padding-top: 50px !important;padding-bottom: 50px !important;background-position: center !important;background-repeat: no-repeat !important;background-size: cover !important;}&#8221;][vc_custom_heading text=&#8221;CONTACT ONS&#8221; font_container=&#8221;tag:h1|font_size:24|text_align:center|color:%23ffffff&#8221; use_theme_fonts=&#8221;yes&#8221; css_animation=&#8221;none&#8221; link=&#8221;url:https%3A%2F%2Fturbovac.nl%2Fnl%2Fsales%2F|title:Sales%20department||&#8221;][\/vc_column][vc_column width=&#8221;1\/3&#8243; background_color=&#8221;#d20037&#8243; el_class=&#8221;kolomOver2&#8243; css=&#8221;.vc_custom_1581949129587{padding-top: 50px !important;padding-bottom: 50px !important;}&#8221;][vc_custom_heading text=&#8221;OFFERTE OP MAAT&#8221; font_container=&#8221;tag:h1|font_size:24|text_align:center|color:%23ffffff&#8221; use_theme_fonts=&#8221;yes&#8221; link=&#8221;url:https%3A%2F%2Fturbovac.nl%2Fnl%2Frequest-quotation%2F|title:Request%20Quotation||&#8221;][\/vc_column][vc_column width=&#8221;1\/3&#8243; background_color=&#8221;#9e2142&#8243; el_class=&#8221;kolomOver2&#8243; css=&#8221;.vc_custom_1581949206465{padding-top: 50px !important;padding-bottom: 50px !important;}&#8221;][vc_custom_heading text=&#8221;DISTRIBUTEUR WORDEN&#8221; font_container=&#8221;tag:h1|font_size:24|text_align:center|color:%23ffffff&#8221; use_theme_fonts=&#8221;yes&#8221; link=&#8221;url:https%3A%2F%2Fturbovac.nl%2Fnl%2Fbecome-a-distributor%2F|title:Become%20a%20distributor||&#8221;][\/vc_column][\/vc_row][vc_row type=&#8221;full_width_background&#8221; class=&#8221;kolomOver&#8221;][vc_column width=&#8221;1\/3&#8243; el_class=&#8221;kolomOver&#8221;][services_medium title=&#8221;VLEESVERWERKENDE INDUSTRIE&#8221; style=&#8221;style_3&#8243; icon=&#8221;steadysets-icon-bones&#8221; icon_color=&#8221;#d20037&#8243; border_color=&#8221;#d20037&#8243; dynamic_content_link=&#8221;https:\/\/turbovac.nl\/nl\/markets\/meat-processing-industry\/&#8221;]Hoogwaardige verpakkingen om uw klanten te verbeteren.[\/services_medium][\/vc_column][vc_column width=&#8221;1\/3&#8243; el_class=&#8221;kolomOver&#8221;][services_medium title=&#8221;VOEDSELVERWERKENDE INDUSTRIE&#8221; style=&#8221;style_3&#8243; icon=&#8221;linecon-icon-food&#8221; icon_color=&#8221;#d20037&#8243; border_color=&#8221;#d20037&#8243; dynamic_content_link=&#8221;https:\/\/turbovac.nl\/nl\/markets\/food-processing-industry\/&#8221;]Optimalisatie en flexibiliteit in alle soorten van voedselverwerking.[\/services_medium][\/vc_column][vc_column width=&#8221;1\/3&#8243; el_class=&#8221;kolomOver&#8221;][services_medium title=&#8221;NIET-LEVENSMIDDELEN INDUSTRIE&#8221; style=&#8221;style_3&#8243; icon=&#8221;steadysets-icon-lab&#8221; icon_color=&#8221;#d20037&#8243; border_color=&#8221;#d20037&#8243; dynamic_content_link=&#8221;https:\/\/turbovac.nl\/nl\/markets\/non-food-industry\/&#8221;]Optimale bescherming tegen vuil, stof en vocht.[\/services_medium][\/vc_column][\/vc_row][vc_row type=&#8221;full_width_content&#8221;][vc_column background_color=&#8221;#3a3a3a&#8221; background_color_opacity=&#8221;0.75&#8243;][vc_empty_space][vc_custom_heading text=&#8221;1E KEUS VOOR PROFESSIONALS&#8221; font_container=&#8221;tag:h2|font_size:35|text_align:center|color:%23ffffff|line_height:1.25&#8243; use_theme_fonts=&#8221;yes&#8221;][vc_empty_space][\/vc_column][\/vc_row]<\/p>\n","protected":false},"excerpt":{"rendered":"<p>[vc_row type=&#8221;full_width_content&#8221; bg_image=&#8221;2610&#8243; top_padding=&#8221;0&#8243;][vc_column width=&#8221;1\/2&#8243; background_image=&#8221;5227&#8243;][vc_column_text] [\/vc_column_text][\/vc_column][vc_column width=&#8221;1\/2&#8243; column_padding=&#8221;4%&#8221; background_color=&#8221;#f2f2f2&#8243; css=&#8221;.vc_custom_1570452007389{background-color: #f8f8f8 !important;}&#8221;][vc_empty_space height=&#8221;100&#8243;][vc_custom_heading text=&#8221;Bederfelijke levensmiddelen: Indicatie verlenging van de houdbaarheid&#8221; font_container=&#8221;tag:h1|font_size:48px|text_align:left|color:%23444444|line_height:56px&#8221; google_fonts=&#8221;font_family:Open%20Sans%3A300%2C300italic%2Cregular%2Citalic%2C600%2C600italic%2C700%2C700italic%2C800%2C800italic|font_style:700%20bold%20regular%3A700%3Anormal&#8221;][vc_custom_heading text=&#8221;Indicatie van de verbetering van de houdbaarheid van vacu\u00fcmverpakkingen&#8221; font_container=&#8221;tag:h2|font_size:34px|text_align:left|color:%23444444|line_height:44px&#8221; google_fonts=&#8221;font_family:Raleway%3A100%2C200%2C300%2Cregular%2C500%2C600%2C700%2C800%2C900|font_style:300%20light%20regular%3A300%3Anormal&#8221;][vc_empty_space][vc_column_text]De houdbaarheid van bederfelijke voedingsmiddelen kan worden verlengd door deze onder vacu\u00fcm te verpakken in een speciale vacu\u00fcmzak. Verwijdering van zuurstof en [&hellip;]<\/p>\n","protected":false},"author":6,"featured_media":3902,"parent":0,"menu_order":0,"comment_status":"closed","ping_status":"closed","template":"","meta":{"_monsterinsights_skip_tracking":false,"_monsterinsights_sitenote_active":false,"_monsterinsights_sitenote_note":"","_monsterinsights_sitenote_category":0,"footnotes":""},"class_list":["post-11255","page","type-page","status-publish","has-post-thumbnail","hentry"],"yoast_head":"<!-- This site is optimized with the Yoast SEO plugin v22.7 - https:\/\/yoast.com\/wordpress\/plugins\/seo\/ -->\n<title>Houdbaarheidstabel | Turbovac - first choice for professionals<\/title>\n<meta name=\"description\" content=\"De houdbaarheid van bederfelijke voedingsmiddelen kan worden verlengd door deze onder vacu\u00fcm te verpakken. Onze houdbaarheidstafel geeft u een indicatie.\" \/>\n<meta name=\"robots\" content=\"index, follow, max-snippet:-1, max-image-preview:large, max-video-preview:-1\" \/>\n<link rel=\"canonical\" href=\"https:\/\/turbovac.nl\/nl\/shelf-life-table\/\" \/>\n<meta property=\"og:locale\" content=\"nl_NL\" \/>\n<meta property=\"og:type\" content=\"article\" \/>\n<meta property=\"og:title\" content=\"Houdbaarheidstabel | Turbovac - first choice for professionals\" \/>\n<meta property=\"og:description\" content=\"De houdbaarheid van bederfelijke voedingsmiddelen kan worden verlengd door deze onder vacu\u00fcm te verpakken. Onze houdbaarheidstafel geeft u een indicatie.\" \/>\n<meta property=\"og:url\" content=\"https:\/\/turbovac.nl\/nl\/shelf-life-table\/\" \/>\n<meta property=\"og:site_name\" content=\"TURBOVAC\" \/>\n<meta property=\"article:modified_time\" content=\"2020-08-19T14:34:52+00:00\" \/>\n<meta property=\"og:image\" content=\"https:\/\/turbovac.nl\/wp-content\/uploads\/2019\/10\/TT-zoom3940-1.jpg\" \/>\n\t<meta property=\"og:image:width\" content=\"1000\" \/>\n\t<meta property=\"og:image:height\" content=\"1064\" \/>\n\t<meta property=\"og:image:type\" content=\"image\/jpeg\" \/>\n<meta name=\"twitter:card\" content=\"summary_large_image\" \/>\n<meta name=\"twitter:label1\" content=\"Geschatte leestijd\" \/>\n\t<meta name=\"twitter:data1\" content=\"7 minuten\" \/>\n<script type=\"application\/ld+json\" class=\"yoast-schema-graph\">{\"@context\":\"https:\/\/schema.org\",\"@graph\":[{\"@type\":\"WebPage\",\"@id\":\"https:\/\/turbovac.nl\/nl\/shelf-life-table\/\",\"url\":\"https:\/\/turbovac.nl\/nl\/shelf-life-table\/\",\"name\":\"Houdbaarheidstabel | Turbovac - first choice for professionals\",\"isPartOf\":{\"@id\":\"https:\/\/turbovac.nl\/#website\"},\"primaryImageOfPage\":{\"@id\":\"https:\/\/turbovac.nl\/nl\/shelf-life-table\/#primaryimage\"},\"image\":{\"@id\":\"https:\/\/turbovac.nl\/nl\/shelf-life-table\/#primaryimage\"},\"thumbnailUrl\":\"https:\/\/turbovac.nl\/wp-content\/uploads\/2019\/10\/TT-zoom3940-1.jpg\",\"datePublished\":\"2019-11-14T15:57:26+00:00\",\"dateModified\":\"2020-08-19T14:34:52+00:00\",\"description\":\"De houdbaarheid van bederfelijke voedingsmiddelen kan worden verlengd door deze onder vacu\u00fcm te verpakken. Onze houdbaarheidstafel geeft u een indicatie.\",\"breadcrumb\":{\"@id\":\"https:\/\/turbovac.nl\/nl\/shelf-life-table\/#breadcrumb\"},\"inLanguage\":\"nl-NL\",\"potentialAction\":[{\"@type\":\"ReadAction\",\"target\":[\"https:\/\/turbovac.nl\/nl\/shelf-life-table\/\"]}]},{\"@type\":\"ImageObject\",\"inLanguage\":\"nl-NL\",\"@id\":\"https:\/\/turbovac.nl\/nl\/shelf-life-table\/#primaryimage\",\"url\":\"https:\/\/turbovac.nl\/wp-content\/uploads\/2019\/10\/TT-zoom3940-1.jpg\",\"contentUrl\":\"https:\/\/turbovac.nl\/wp-content\/uploads\/2019\/10\/TT-zoom3940-1.jpg\",\"width\":1000,\"height\":1064,\"caption\":\"Tabletop detail Food processing industry\"},{\"@type\":\"BreadcrumbList\",\"@id\":\"https:\/\/turbovac.nl\/nl\/shelf-life-table\/#breadcrumb\",\"itemListElement\":[{\"@type\":\"ListItem\",\"position\":1,\"name\":\"Home\",\"item\":\"https:\/\/turbovac.nl\/nl\/\"},{\"@type\":\"ListItem\",\"position\":2,\"name\":\"Houdbaarheidstabel\"}]},{\"@type\":\"WebSite\",\"@id\":\"https:\/\/turbovac.nl\/#website\",\"url\":\"https:\/\/turbovac.nl\/\",\"name\":\"TURBOVAC\",\"description\":\"Vacuum Packaging Machines\",\"potentialAction\":[{\"@type\":\"SearchAction\",\"target\":{\"@type\":\"EntryPoint\",\"urlTemplate\":\"https:\/\/turbovac.nl\/?s={search_term_string}\"},\"query-input\":\"required name=search_term_string\"}],\"inLanguage\":\"nl-NL\"}]}<\/script>\n<!-- \/ Yoast SEO plugin. -->","yoast_head_json":{"title":"Houdbaarheidstabel | Turbovac - first choice for professionals","description":"De houdbaarheid van bederfelijke voedingsmiddelen kan worden verlengd door deze onder vacu\u00fcm te verpakken. Onze houdbaarheidstafel geeft u een indicatie.","robots":{"index":"index","follow":"follow","max-snippet":"max-snippet:-1","max-image-preview":"max-image-preview:large","max-video-preview":"max-video-preview:-1"},"canonical":"https:\/\/turbovac.nl\/nl\/shelf-life-table\/","og_locale":"nl_NL","og_type":"article","og_title":"Houdbaarheidstabel | Turbovac - first choice for professionals","og_description":"De houdbaarheid van bederfelijke voedingsmiddelen kan worden verlengd door deze onder vacu\u00fcm te verpakken. Onze houdbaarheidstafel geeft u een indicatie.","og_url":"https:\/\/turbovac.nl\/nl\/shelf-life-table\/","og_site_name":"TURBOVAC","article_modified_time":"2020-08-19T14:34:52+00:00","og_image":[{"width":1000,"height":1064,"url":"https:\/\/turbovac.nl\/wp-content\/uploads\/2019\/10\/TT-zoom3940-1.jpg","type":"image\/jpeg"}],"twitter_card":"summary_large_image","twitter_misc":{"Geschatte leestijd":"7 minuten"},"schema":{"@context":"https:\/\/schema.org","@graph":[{"@type":"WebPage","@id":"https:\/\/turbovac.nl\/nl\/shelf-life-table\/","url":"https:\/\/turbovac.nl\/nl\/shelf-life-table\/","name":"Houdbaarheidstabel | Turbovac - first choice for professionals","isPartOf":{"@id":"https:\/\/turbovac.nl\/#website"},"primaryImageOfPage":{"@id":"https:\/\/turbovac.nl\/nl\/shelf-life-table\/#primaryimage"},"image":{"@id":"https:\/\/turbovac.nl\/nl\/shelf-life-table\/#primaryimage"},"thumbnailUrl":"https:\/\/turbovac.nl\/wp-content\/uploads\/2019\/10\/TT-zoom3940-1.jpg","datePublished":"2019-11-14T15:57:26+00:00","dateModified":"2020-08-19T14:34:52+00:00","description":"De houdbaarheid van bederfelijke voedingsmiddelen kan worden verlengd door deze onder vacu\u00fcm te verpakken. Onze houdbaarheidstafel geeft u een indicatie.","breadcrumb":{"@id":"https:\/\/turbovac.nl\/nl\/shelf-life-table\/#breadcrumb"},"inLanguage":"nl-NL","potentialAction":[{"@type":"ReadAction","target":["https:\/\/turbovac.nl\/nl\/shelf-life-table\/"]}]},{"@type":"ImageObject","inLanguage":"nl-NL","@id":"https:\/\/turbovac.nl\/nl\/shelf-life-table\/#primaryimage","url":"https:\/\/turbovac.nl\/wp-content\/uploads\/2019\/10\/TT-zoom3940-1.jpg","contentUrl":"https:\/\/turbovac.nl\/wp-content\/uploads\/2019\/10\/TT-zoom3940-1.jpg","width":1000,"height":1064,"caption":"Tabletop detail Food processing industry"},{"@type":"BreadcrumbList","@id":"https:\/\/turbovac.nl\/nl\/shelf-life-table\/#breadcrumb","itemListElement":[{"@type":"ListItem","position":1,"name":"Home","item":"https:\/\/turbovac.nl\/nl\/"},{"@type":"ListItem","position":2,"name":"Houdbaarheidstabel"}]},{"@type":"WebSite","@id":"https:\/\/turbovac.nl\/#website","url":"https:\/\/turbovac.nl\/","name":"TURBOVAC","description":"Vacuum Packaging Machines","potentialAction":[{"@type":"SearchAction","target":{"@type":"EntryPoint","urlTemplate":"https:\/\/turbovac.nl\/?s={search_term_string}"},"query-input":"required name=search_term_string"}],"inLanguage":"nl-NL"}]}},"_links":{"self":[{"href":"https:\/\/turbovac.nl\/nl\/wp-json\/wp\/v2\/pages\/11255","targetHints":{"allow":["GET"]}}],"collection":[{"href":"https:\/\/turbovac.nl\/nl\/wp-json\/wp\/v2\/pages"}],"about":[{"href":"https:\/\/turbovac.nl\/nl\/wp-json\/wp\/v2\/types\/page"}],"author":[{"embeddable":true,"href":"https:\/\/turbovac.nl\/nl\/wp-json\/wp\/v2\/users\/6"}],"replies":[{"embeddable":true,"href":"https:\/\/turbovac.nl\/nl\/wp-json\/wp\/v2\/comments?post=11255"}],"version-history":[{"count":3,"href":"https:\/\/turbovac.nl\/nl\/wp-json\/wp\/v2\/pages\/11255\/revisions"}],"predecessor-version":[{"id":11606,"href":"https:\/\/turbovac.nl\/nl\/wp-json\/wp\/v2\/pages\/11255\/revisions\/11606"}],"wp:featuredmedia":[{"embeddable":true,"href":"https:\/\/turbovac.nl\/nl\/wp-json\/wp\/v2\/media\/3902"}],"wp:attachment":[{"href":"https:\/\/turbovac.nl\/nl\/wp-json\/wp\/v2\/media?parent=11255"}],"curies":[{"name":"wp","href":"https:\/\/api.w.org\/{rel}","templated":true}]}}